{"id":2484,"date":"2015-01-02T20:05:51","date_gmt":"2015-01-02T20:05:51","guid":{"rendered":"https:\/\/globalallianceregister.com\/?page_id=2484"},"modified":"2015-12-16T12:55:41","modified_gmt":"2015-12-16T12:55:41","slug":"turkce-py-02-hata-turleri-ve-etkileri-analizi-fmea-2-gun","status":"publish","type":"page","link":"https:\/\/globalallianceregister.com\/tr\/services\/egitim\/turkce-performans-yonetimi-egitim-programi\/turkce-py-02-hata-turleri-ve-etkileri-analizi-fmea-2-gun\/","title":{"rendered":"PY 02\u00a0 Hata T\u00fcrleri ve Etkileri Analizi (FMEA) \u2013 2 g\u00fcn"},"content":{"rendered":"<p>\u00a0 <strong>Kat\u0131l\u0131mc\u0131 Profili<\/strong><\/p>\n<ul>\n<li>\u00dcr\u00fcn ve\/veya proses tasar\u0131m\u0131 a\u015famalar\u0131nda rol oynayabilecek t\u00fcm firma personeli olabilmektedir.<\/li>\n<\/ul>\n<p>\u00a0 <strong>Hedeflenen Sonu\u00e7<\/strong><\/p>\n<ul>\n<li>Hem \u00fcr\u00fcn tasar\u0131m\u0131 hem de proses tasar\u0131m\u0131 a\u015famalar\u0131nda ger\u00e7ekle\u015ftirilebilen FMEA \u00e7al\u0131\u015fmalar\u0131, \u00f6zellikle \u00fcretim sekt\u00f6r\u00fcnde, tasar\u0131mlanan \u00fcr\u00fcn veya proseslerle ilgili olas\u0131 problemleri tespit etmek ve sebeplerini ortadan kald\u0131rmak i\u00e7in kullan\u0131lan en etkili \u00f6nleyici ara\u00e7t\u0131r. Sistematik bir fonksiyonlar aras\u0131 ekip faaliyeti olan FMEA \u00e7al\u0131\u015fmalar\u0131n\u0131n y\u00f6ntemlerini uygulamalarla destekli olarak aktararak edinilen bilgileri i\u015flevsel k\u0131lmak, bu e\u011fitim program\u0131n\u0131n hedefidir.<\/li>\n<\/ul>\n<p>\u00a0 <strong>E\u011fitim \u0130\u00e7eri\u011fi<\/strong><\/p>\n<ul>\n<li>FMEA nedir, hangi konularda, kimler kullanmal\u0131d\u0131r<\/li>\n<li>FMEA \u00e7al\u0131\u015fma tak\u0131m\u0131n\u0131n olu\u015fturulmas\u0131<\/li>\n<li>Deneyim ve firma k\u00fclt\u00fcr\u00fcn\u00fcn \u00e7al\u0131\u015fmaya kat\u0131lmas\u0131<\/li>\n<li>\u00dcr\u00fcn, proses g\u00f6zlem teknikleri<\/li>\n<li>FMEA \u00e7al\u0131\u015fmas\u0131 sistemati\u011finin anlat\u0131lmas\u0131<\/li>\n<li>\u00d6rnek FMEA sayfas\u0131 unsurlar\u0131n\u0131n a\u00e7\u0131klanmas\u0131<\/li>\n<li>FMEA puanlama tekniklerinin anla\u015f\u0131lmas\u0131<\/li>\n<li>M\u00fc\u015fteri isteklerinin \u00e7al\u0131\u015fmaya kat\u0131lmas\u0131<\/li>\n<li>FMEA girdi ve \u00e7\u0131kt\u0131lar\u0131n\u0131n belirlenmesi<\/li>\n<li>FMEA \u00e7al\u0131\u015fmas\u0131n\u0131n t\u00fcm sistem i\u00e7indeki yeri ve konumunun alg\u0131lanmas\u0131<\/li>\n<li>FMEA g\u00fcncelleme gerekliliklerinin izah edilmesi<\/li>\n<li>\u00d6rnek uygulamalar yap\u0131lmas\u0131<\/li>\n<\/ul>\n<p>\u00a0 <strong>Sertifika<\/strong><\/p>\n<ul>\n<li>E\u011fitimi tamamlayan t\u00fcm kat\u0131l\u0131mc\u0131lara GLOBAL ALLIANCE ACADEMY taraf\u0131ndan, &#8221; Hata T\u00fcrleri ve Etkileri Analizi (FMEA) E\u011fitimi Kat\u0131l\u0131m Sertifikas\u0131&#8221; verilecektir.<\/li>\n<\/ul>","protected":false},"excerpt":{"rendered":"<p>\u00a0 Kat\u0131l\u0131mc\u0131 Profili \u00dcr\u00fcn ve\/veya proses tasar\u0131m\u0131 a\u015famalar\u0131nda rol oynayabilecek t\u00fcm firma personeli olabilmektedir. \u00a0 Hedeflenen Sonu\u00e7 Hem \u00fcr\u00fcn tasar\u0131m\u0131 hem de proses tasar\u0131m\u0131 a\u015famalar\u0131nda ger\u00e7ekle\u015ftirilebilen FMEA \u00e7al\u0131\u015fmalar\u0131, \u00f6zellikle \u00fcretim&#8230; <\/p>\n","protected":false},"author":10,"featured_media":5171,"parent":2172,"menu_order":2,"comment_status":"closed","ping_status":"closed","template":"page-full.php","meta":{"_acf_changed":false,"om_disable_all_campaigns":false,"footnotes":""},"class_list":["post-2484","page","type-page","status-publish","has-post-thumbnail","hentry"],"acf":[],"yoast_head":"<!-- This site is optimized with the Yoast SEO plugin v27.4 - https:\/\/yoast.com\/product\/yoast-seo-wordpress\/ -->\n<title>PY 02\u00a0 Hata T\u00fcrleri ve Etkileri Analizi (FMEA) \u2013 2 g\u00fcn - Global Alliance Register<\/title>\n<meta name=\"robots\" content=\"index, follow, max-snippet:-1, max-image-preview:large, max-video-preview:-1\" \/>\n<link rel=\"canonical\" href=\"https:\/\/globalallianceregister.com\/tr\/services\/egitim\/turkce-performans-yonetimi-egitim-programi\/turkce-py-02-hata-turleri-ve-etkileri-analizi-fmea-2-gun\/\" \/>\n<meta property=\"og:locale\" content=\"tr_TR\" \/>\n<meta property=\"og:type\" content=\"article\" \/>\n<meta property=\"og:title\" content=\"PY 02\u00a0 Hata T\u00fcrleri ve Etkileri Analizi (FMEA) \u2013 2 g\u00fcn - Global Alliance Register\" \/>\n<meta property=\"og:description\" content=\"\u00a0 Kat\u0131l\u0131mc\u0131 Profili \u00dcr\u00fcn ve\/veya proses tasar\u0131m\u0131 a\u015famalar\u0131nda rol oynayabilecek t\u00fcm firma personeli olabilmektedir. \u00a0 Hedeflenen Sonu\u00e7 Hem \u00fcr\u00fcn tasar\u0131m\u0131 hem de proses tasar\u0131m\u0131 a\u015famalar\u0131nda ger\u00e7ekle\u015ftirilebilen FMEA \u00e7al\u0131\u015fmalar\u0131, \u00f6zellikle \u00fcretim...\" \/>\n<meta property=\"og:url\" content=\"https:\/\/globalallianceregister.com\/tr\/services\/egitim\/turkce-performans-yonetimi-egitim-programi\/turkce-py-02-hata-turleri-ve-etkileri-analizi-fmea-2-gun\/\" \/>\n<meta property=\"og:site_name\" content=\"Global Alliance Register\" \/>\n<meta property=\"article:modified_time\" content=\"2015-12-16T12:55:41+00:00\" \/>\n<meta property=\"og:image\" content=\"https:\/\/globalallianceregister.com\/wp-content\/uploads\/2015\/08\/Training-Inner-Page.jpg\" \/>\n\t<meta property=\"og:image:width\" content=\"614\" \/>\n\t<meta property=\"og:image:height\" content=\"200\" \/>\n\t<meta property=\"og:image:type\" content=\"image\/jpeg\" \/>\n<meta name=\"twitter:label1\" content=\"Tahmini okuma s\u00fcresi\" \/>\n\t<meta name=\"twitter:data1\" content=\"1 dakika\" \/>\n<script type=\"application\/ld+json\" class=\"yoast-schema-graph\">{\"@context\":\"https:\\\/\\\/schema.org\",\"@graph\":[{\"@type\":\"WebPage\",\"@id\":\"https:\\\/\\\/globalallianceregister.com\\\/tr\\\/services\\\/egitim\\\/turkce-performans-yonetimi-egitim-programi\\\/turkce-py-02-hata-turleri-ve-etkileri-analizi-fmea-2-gun\\\/\",\"url\":\"https:\\\/\\\/globalallianceregister.com\\\/tr\\\/services\\\/egitim\\\/turkce-performans-yonetimi-egitim-programi\\\/turkce-py-02-hata-turleri-ve-etkileri-analizi-fmea-2-gun\\\/\",\"name\":\"PY 02\u00a0 Hata T\u00fcrleri ve Etkileri Analizi (FMEA) \u2013 2 g\u00fcn - Global Alliance Register\",\"isPartOf\":{\"@id\":\"https:\\\/\\\/globalallianceregister.com\\\/tr\\\/#website\"},\"primaryImageOfPage\":{\"@id\":\"https:\\\/\\\/globalallianceregister.com\\\/tr\\\/services\\\/egitim\\\/turkce-performans-yonetimi-egitim-programi\\\/turkce-py-02-hata-turleri-ve-etkileri-analizi-fmea-2-gun\\\/#primaryimage\"},\"image\":{\"@id\":\"https:\\\/\\\/globalallianceregister.com\\\/tr\\\/services\\\/egitim\\\/turkce-performans-yonetimi-egitim-programi\\\/turkce-py-02-hata-turleri-ve-etkileri-analizi-fmea-2-gun\\\/#primaryimage\"},\"thumbnailUrl\":\"https:\\\/\\\/globalallianceregister.com\\\/wp-content\\\/uploads\\\/2015\\\/08\\\/Training-Inner-Page.jpg\",\"datePublished\":\"2015-01-02T20:05:51+00:00\",\"dateModified\":\"2015-12-16T12:55:41+00:00\",\"breadcrumb\":{\"@id\":\"https:\\\/\\\/globalallianceregister.com\\\/tr\\\/services\\\/egitim\\\/turkce-performans-yonetimi-egitim-programi\\\/turkce-py-02-hata-turleri-ve-etkileri-analizi-fmea-2-gun\\\/#breadcrumb\"},\"inLanguage\":\"tr\",\"potentialAction\":[{\"@type\":\"ReadAction\",\"target\":[[\"https:\\\/\\\/globalallianceregister.com\\\/tr\\\/services\\\/egitim\\\/turkce-performans-yonetimi-egitim-programi\\\/turkce-py-02-hata-turleri-ve-etkileri-analizi-fmea-2-gun\\\/\"]]}]},{\"@type\":\"ImageObject\",\"inLanguage\":\"tr\",\"@id\":\"https:\\\/\\\/globalallianceregister.com\\\/tr\\\/services\\\/egitim\\\/turkce-performans-yonetimi-egitim-programi\\\/turkce-py-02-hata-turleri-ve-etkileri-analizi-fmea-2-gun\\\/#primaryimage\",\"url\":\"https:\\\/\\\/globalallianceregister.com\\\/wp-content\\\/uploads\\\/2015\\\/08\\\/Training-Inner-Page.jpg\",\"contentUrl\":\"https:\\\/\\\/globalallianceregister.com\\\/wp-content\\\/uploads\\\/2015\\\/08\\\/Training-Inner-Page.jpg\",\"width\":614,\"height\":200},{\"@type\":\"BreadcrumbList\",\"@id\":\"https:\\\/\\\/globalallianceregister.com\\\/tr\\\/services\\\/egitim\\\/turkce-performans-yonetimi-egitim-programi\\\/turkce-py-02-hata-turleri-ve-etkileri-analizi-fmea-2-gun\\\/#breadcrumb\",\"itemListElement\":[{\"@type\":\"ListItem\",\"position\":1,\"name\":\"Anasayfa\",\"item\":\"https:\\\/\\\/globalallianceregister.com\\\/tr\\\/\"},{\"@type\":\"ListItem\",\"position\":2,\"name\":\"PY 02\u00a0 Hata T\u00fcrleri ve Etkileri Analizi (FMEA) \u2013 2 g\u00fcn\"}]},{\"@type\":\"WebSite\",\"@id\":\"https:\\\/\\\/globalallianceregister.com\\\/tr\\\/#website\",\"url\":\"https:\\\/\\\/globalallianceregister.com\\\/tr\\\/\",\"name\":\"Global Alliance Register\",\"description\":\"(EN) Together for Excellence\",\"potentialAction\":[{\"@type\":\"SearchAction\",\"target\":{\"@type\":\"EntryPoint\",\"urlTemplate\":\"https:\\\/\\\/globalallianceregister.com\\\/tr\\\/?s={search_term_string}\"},\"query-input\":{\"@type\":\"PropertyValueSpecification\",\"valueRequired\":true,\"valueName\":\"search_term_string\"}}],\"inLanguage\":\"tr\"}]}<\/script>\n<!-- \/ Yoast SEO plugin. -->","yoast_head_json":{"title":"PY 02\u00a0 Hata T\u00fcrleri ve Etkileri Analizi (FMEA) \u2013 2 g\u00fcn - Global Alliance Register","robots":{"index":"index","follow":"follow","max-snippet":"max-snippet:-1","max-image-preview":"max-image-preview:large","max-video-preview":"max-video-preview:-1"},"canonical":"https:\/\/globalallianceregister.com\/tr\/services\/egitim\/turkce-performans-yonetimi-egitim-programi\/turkce-py-02-hata-turleri-ve-etkileri-analizi-fmea-2-gun\/","og_locale":"tr_TR","og_type":"article","og_title":"PY 02\u00a0 Hata T\u00fcrleri ve Etkileri Analizi (FMEA) \u2013 2 g\u00fcn - Global Alliance Register","og_description":"\u00a0 Kat\u0131l\u0131mc\u0131 Profili \u00dcr\u00fcn ve\/veya proses tasar\u0131m\u0131 a\u015famalar\u0131nda rol oynayabilecek t\u00fcm firma personeli olabilmektedir. \u00a0 Hedeflenen Sonu\u00e7 Hem \u00fcr\u00fcn tasar\u0131m\u0131 hem de proses tasar\u0131m\u0131 a\u015famalar\u0131nda ger\u00e7ekle\u015ftirilebilen FMEA \u00e7al\u0131\u015fmalar\u0131, \u00f6zellikle \u00fcretim...","og_url":"https:\/\/globalallianceregister.com\/tr\/services\/egitim\/turkce-performans-yonetimi-egitim-programi\/turkce-py-02-hata-turleri-ve-etkileri-analizi-fmea-2-gun\/","og_site_name":"Global Alliance Register","article_modified_time":"2015-12-16T12:55:41+00:00","og_image":[{"width":614,"height":200,"url":"https:\/\/globalallianceregister.com\/wp-content\/uploads\/2015\/08\/Training-Inner-Page.jpg","type":"image\/jpeg"}],"twitter_misc":{"Tahmini okuma s\u00fcresi":"1 dakika"},"schema":{"@context":"https:\/\/schema.org","@graph":[{"@type":"WebPage","@id":"https:\/\/globalallianceregister.com\/tr\/services\/egitim\/turkce-performans-yonetimi-egitim-programi\/turkce-py-02-hata-turleri-ve-etkileri-analizi-fmea-2-gun\/","url":"https:\/\/globalallianceregister.com\/tr\/services\/egitim\/turkce-performans-yonetimi-egitim-programi\/turkce-py-02-hata-turleri-ve-etkileri-analizi-fmea-2-gun\/","name":"PY 02\u00a0 Hata T\u00fcrleri ve Etkileri Analizi (FMEA) \u2013 2 g\u00fcn - Global Alliance Register","isPartOf":{"@id":"https:\/\/globalallianceregister.com\/tr\/#website"},"primaryImageOfPage":{"@id":"https:\/\/globalallianceregister.com\/tr\/services\/egitim\/turkce-performans-yonetimi-egitim-programi\/turkce-py-02-hata-turleri-ve-etkileri-analizi-fmea-2-gun\/#primaryimage"},"image":{"@id":"https:\/\/globalallianceregister.com\/tr\/services\/egitim\/turkce-performans-yonetimi-egitim-programi\/turkce-py-02-hata-turleri-ve-etkileri-analizi-fmea-2-gun\/#primaryimage"},"thumbnailUrl":"https:\/\/globalallianceregister.com\/wp-content\/uploads\/2015\/08\/Training-Inner-Page.jpg","datePublished":"2015-01-02T20:05:51+00:00","dateModified":"2015-12-16T12:55:41+00:00","breadcrumb":{"@id":"https:\/\/globalallianceregister.com\/tr\/services\/egitim\/turkce-performans-yonetimi-egitim-programi\/turkce-py-02-hata-turleri-ve-etkileri-analizi-fmea-2-gun\/#breadcrumb"},"inLanguage":"tr","potentialAction":[{"@type":"ReadAction","target":[["https:\/\/globalallianceregister.com\/tr\/services\/egitim\/turkce-performans-yonetimi-egitim-programi\/turkce-py-02-hata-turleri-ve-etkileri-analizi-fmea-2-gun\/"]]}]},{"@type":"ImageObject","inLanguage":"tr","@id":"https:\/\/globalallianceregister.com\/tr\/services\/egitim\/turkce-performans-yonetimi-egitim-programi\/turkce-py-02-hata-turleri-ve-etkileri-analizi-fmea-2-gun\/#primaryimage","url":"https:\/\/globalallianceregister.com\/wp-content\/uploads\/2015\/08\/Training-Inner-Page.jpg","contentUrl":"https:\/\/globalallianceregister.com\/wp-content\/uploads\/2015\/08\/Training-Inner-Page.jpg","width":614,"height":200},{"@type":"BreadcrumbList","@id":"https:\/\/globalallianceregister.com\/tr\/services\/egitim\/turkce-performans-yonetimi-egitim-programi\/turkce-py-02-hata-turleri-ve-etkileri-analizi-fmea-2-gun\/#breadcrumb","itemListElement":[{"@type":"ListItem","position":1,"name":"Anasayfa","item":"https:\/\/globalallianceregister.com\/tr\/"},{"@type":"ListItem","position":2,"name":"PY 02\u00a0 Hata T\u00fcrleri ve Etkileri Analizi (FMEA) \u2013 2 g\u00fcn"}]},{"@type":"WebSite","@id":"https:\/\/globalallianceregister.com\/tr\/#website","url":"https:\/\/globalallianceregister.com\/tr\/","name":"Global Alliance Register","description":"(EN) Together for Excellence","potentialAction":[{"@type":"SearchAction","target":{"@type":"EntryPoint","urlTemplate":"https:\/\/globalallianceregister.com\/tr\/?s={search_term_string}"},"query-input":{"@type":"PropertyValueSpecification","valueRequired":true,"valueName":"search_term_string"}}],"inLanguage":"tr"}]}},"_links":{"self":[{"href":"https:\/\/globalallianceregister.com\/tr\/wp-json\/wp\/v2\/pages\/2484","targetHints":{"allow":["GET"]}}],"collection":[{"href":"https:\/\/globalallianceregister.com\/tr\/wp-json\/wp\/v2\/pages"}],"about":[{"href":"https:\/\/globalallianceregister.com\/tr\/wp-json\/wp\/v2\/types\/page"}],"author":[{"embeddable":true,"href":"https:\/\/globalallianceregister.com\/tr\/wp-json\/wp\/v2\/users\/10"}],"replies":[{"embeddable":true,"href":"https:\/\/globalallianceregister.com\/tr\/wp-json\/wp\/v2\/comments?post=2484"}],"version-history":[{"count":0,"href":"https:\/\/globalallianceregister.com\/tr\/wp-json\/wp\/v2\/pages\/2484\/revisions"}],"up":[{"embeddable":true,"href":"https:\/\/globalallianceregister.com\/tr\/wp-json\/wp\/v2\/pages\/2172"}],"wp:featuredmedia":[{"embeddable":true,"href":"https:\/\/globalallianceregister.com\/tr\/wp-json\/wp\/v2\/media\/5171"}],"wp:attachment":[{"href":"https:\/\/globalallianceregister.com\/tr\/wp-json\/wp\/v2\/media?parent=2484"}],"curies":[{"name":"wp","href":"https:\/\/api.w.org\/{rel}","templated":true}]}}