{"id":2490,"date":"2015-01-02T20:10:15","date_gmt":"2015-01-02T20:10:15","guid":{"rendered":"https:\/\/globalallianceregister.com\/?page_id=2490"},"modified":"2015-12-16T12:57:43","modified_gmt":"2015-12-16T12:57:43","slug":"turkce-py-05-surec-yonetimi-egitimi-1-gun","status":"publish","type":"page","link":"https:\/\/globalallianceregister.com\/tr\/services\/egitim\/turkce-performans-yonetimi-egitim-programi\/turkce-py-05-surec-yonetimi-egitimi-1-gun\/","title":{"rendered":"PY 05\u00a0 S\u00fcre\u00e7 Y\u00f6netimi E\u011fitimi \u2013 1 g\u00fcn"},"content":{"rendered":"<p>\u00a0 <strong>Kat\u0131l\u0131mc\u0131 Profili<\/strong><\/p>\n<ul>\n<li>S\u00fcre\u00e7 y\u00f6netim sisteminin\u00a0 kurulmas\u0131, geli\u015ftirilmesi veya i\u015fletilmesi ile ilgili \u00e7al\u0131\u015fmalarda g\u00f6rev alacak \u00e7al\u0131\u015fanlar ile konu hakk\u0131nda bilgi sahibi olmas\u0131 gerekli g\u00f6r\u00fclen \u00e7al\u0131\u015fanlar ve y\u00f6neticiler bu e\u011fitimden yarar sa\u011flayabilecektir.<\/li>\n<\/ul>\n<p>\u00a0 <strong>Hedeflenen Sonu\u00e7<\/strong><\/p>\n<ul>\n<li>ISO 9001:2000 Standard\u0131n\u0131n yay\u0131nlanmas\u0131 ile \u00f6nemi artan, kurulu\u015flar\u0131n sistemlerini y\u00f6netmek i\u00e7in, sistemlerini olu\u015fturan s\u00fcre\u00e7lerini kontroll\u00fc olarak y\u00f6netmelerini ve bu sayede sistemlerinde \u201cs\u00fcrekli iyile\u015ftirme\u201d sa\u011flamay\u0131 ama\u00e7layan S\u00fcre\u00e7 Y\u00f6netimi ile ilgili temel bilgilerin verilmesi ama\u00e7lanmaktad\u0131r.<\/li>\n<li>E\u011fitim interaktif olarak ger\u00e7ekle\u015ftirilmekte ve anlay\u0131\u015f\u0131n peki\u015ftirilmesi i\u00e7in\u00a0 genel \u00f6rnekler verilmekte, ya\u015fanm\u0131\u015f olaylardan edinilen tecr\u00fcbeler tart\u0131\u015f\u0131lmaktad\u0131r.<\/li>\n<li>E\u011fitim sonunda, kat\u0131l\u0131mc\u0131lar, s\u00fcre\u00e7 y\u00f6netimi kavram\u0131 konusunda bilgi edinecekler, sistemin kurulmas\u0131 ve geli\u015ftirilmesi konusunda tecr\u00fcbe sahibi olacaklard\u0131r.<\/li>\n<\/ul>\n<p>\u00a0 <strong>E\u011fitim \u0130\u00e7eri\u011fi<\/strong><\/p>\n<ul>\n<li>Tan\u0131mlar ve Kavramlar<\/li>\n<li>S\u00fcre\u00e7 t\u00fcrleri<\/li>\n<li>ISO N544 k\u0131lavuzu<\/li>\n<li>S\u00fcre\u00e7 \u00d6\u011feleri<\/li>\n<li>S\u00fcre\u00e7lerin tan\u0131mlanmas\u0131<\/li>\n<li>S\u00fcre\u00e7lerin dok\u00fcmantasyonu<\/li>\n<li>Dok\u00fcmantasyon metotlar\u0131n\u0131n se\u00e7imi<\/li>\n<li>\u0130\u015f ak\u0131\u015f \u015femalar\u0131<\/li>\n<li>S\u00fcre\u00e7 yakla\u015f\u0131m\u0131 kavram\u0131<\/li>\n<li>S\u00fcre\u00e7 iyile\u015ftirme metotlar\u0131<\/li>\n<li>S\u00fcre\u00e7 iyile\u015ftirme prensipleri<\/li>\n<li>Kritik s\u00fcre\u00e7 kavram\u0131<\/li>\n<li>Sekt\u00f6rel ba\u015far\u0131 fakt\u00f6rleri<\/li>\n<li>Kritik s\u00fcre\u00e7lerin belirlenmesi<\/li>\n<li>S\u00fcre\u00e7 iyile\u015ftirme ekiplerinin olu\u015fturulmas\u0131<\/li>\n<li>S\u00fcre\u00e7 iyile\u015ftirme projelerinin y\u00f6netimi<\/li>\n<li>Uygulamada dikkat edilmesi gereken noktalar<\/li>\n<li><\/li>\n<\/ul>\n<p><strong>Sertifika<\/strong><\/p>\n<ul>\n<li>E\u011fitimi tamamlayan t\u00fcm kat\u0131l\u0131mc\u0131lara GLOBAL ALLIANCE ACADEMY taraf\u0131ndan, &#8220;S\u00fcre\u00e7 Y\u00f6netimi E\u011fitimi Kat\u0131l\u0131m Sertifikas\u0131&#8221; verilecektir.<\/li>\n<\/ul>","protected":false},"excerpt":{"rendered":"<p>\u00a0 Kat\u0131l\u0131mc\u0131 Profili S\u00fcre\u00e7 y\u00f6netim sisteminin\u00a0 kurulmas\u0131, geli\u015ftirilmesi veya i\u015fletilmesi ile ilgili \u00e7al\u0131\u015fmalarda g\u00f6rev alacak \u00e7al\u0131\u015fanlar ile konu hakk\u0131nda bilgi sahibi olmas\u0131 gerekli g\u00f6r\u00fclen \u00e7al\u0131\u015fanlar ve y\u00f6neticiler bu e\u011fitimden yarar&#8230; <\/p>\n","protected":false},"author":10,"featured_media":5171,"parent":2172,"menu_order":5,"comment_status":"closed","ping_status":"closed","template":"page-full.php","meta":{"_acf_changed":false,"om_disable_all_campaigns":false,"footnotes":""},"class_list":["post-2490","page","type-page","status-publish","has-post-thumbnail","hentry"],"acf":[],"yoast_head":"<!-- This site is optimized with the Yoast SEO plugin v27.4 - https:\/\/yoast.com\/product\/yoast-seo-wordpress\/ -->\n<title>PY 05\u00a0 S\u00fcre\u00e7 Y\u00f6netimi E\u011fitimi \u2013 1 g\u00fcn - Global Alliance Register<\/title>\n<meta name=\"robots\" content=\"index, follow, max-snippet:-1, max-image-preview:large, max-video-preview:-1\" \/>\n<link rel=\"canonical\" href=\"https:\/\/globalallianceregister.com\/tr\/services\/egitim\/turkce-performans-yonetimi-egitim-programi\/turkce-py-05-surec-yonetimi-egitimi-1-gun\/\" \/>\n<meta property=\"og:locale\" content=\"tr_TR\" \/>\n<meta property=\"og:type\" content=\"article\" \/>\n<meta property=\"og:title\" content=\"PY 05\u00a0 S\u00fcre\u00e7 Y\u00f6netimi E\u011fitimi \u2013 1 g\u00fcn - Global Alliance Register\" \/>\n<meta property=\"og:description\" content=\"\u00a0 Kat\u0131l\u0131mc\u0131 Profili S\u00fcre\u00e7 y\u00f6netim sisteminin\u00a0 kurulmas\u0131, geli\u015ftirilmesi veya i\u015fletilmesi ile ilgili \u00e7al\u0131\u015fmalarda g\u00f6rev alacak \u00e7al\u0131\u015fanlar ile konu hakk\u0131nda bilgi sahibi olmas\u0131 gerekli g\u00f6r\u00fclen \u00e7al\u0131\u015fanlar ve y\u00f6neticiler bu e\u011fitimden yarar...\" \/>\n<meta property=\"og:url\" content=\"https:\/\/globalallianceregister.com\/tr\/services\/egitim\/turkce-performans-yonetimi-egitim-programi\/turkce-py-05-surec-yonetimi-egitimi-1-gun\/\" \/>\n<meta property=\"og:site_name\" content=\"Global Alliance Register\" \/>\n<meta property=\"article:modified_time\" content=\"2015-12-16T12:57:43+00:00\" \/>\n<meta property=\"og:image\" content=\"https:\/\/globalallianceregister.com\/wp-content\/uploads\/2015\/08\/Training-Inner-Page.jpg\" \/>\n\t<meta property=\"og:image:width\" content=\"614\" \/>\n\t<meta property=\"og:image:height\" content=\"200\" \/>\n\t<meta property=\"og:image:type\" content=\"image\/jpeg\" \/>\n<meta name=\"twitter:label1\" content=\"Tahmini okuma s\u00fcresi\" \/>\n\t<meta name=\"twitter:data1\" content=\"1 dakika\" \/>\n<script type=\"application\/ld+json\" class=\"yoast-schema-graph\">{\"@context\":\"https:\\\/\\\/schema.org\",\"@graph\":[{\"@type\":\"WebPage\",\"@id\":\"https:\\\/\\\/globalallianceregister.com\\\/tr\\\/services\\\/egitim\\\/turkce-performans-yonetimi-egitim-programi\\\/turkce-py-05-surec-yonetimi-egitimi-1-gun\\\/\",\"url\":\"https:\\\/\\\/globalallianceregister.com\\\/tr\\\/services\\\/egitim\\\/turkce-performans-yonetimi-egitim-programi\\\/turkce-py-05-surec-yonetimi-egitimi-1-gun\\\/\",\"name\":\"PY 05\u00a0 S\u00fcre\u00e7 Y\u00f6netimi E\u011fitimi \u2013 1 g\u00fcn - Global Alliance Register\",\"isPartOf\":{\"@id\":\"https:\\\/\\\/globalallianceregister.com\\\/tr\\\/#website\"},\"primaryImageOfPage\":{\"@id\":\"https:\\\/\\\/globalallianceregister.com\\\/tr\\\/services\\\/egitim\\\/turkce-performans-yonetimi-egitim-programi\\\/turkce-py-05-surec-yonetimi-egitimi-1-gun\\\/#primaryimage\"},\"image\":{\"@id\":\"https:\\\/\\\/globalallianceregister.com\\\/tr\\\/services\\\/egitim\\\/turkce-performans-yonetimi-egitim-programi\\\/turkce-py-05-surec-yonetimi-egitimi-1-gun\\\/#primaryimage\"},\"thumbnailUrl\":\"https:\\\/\\\/globalallianceregister.com\\\/wp-content\\\/uploads\\\/2015\\\/08\\\/Training-Inner-Page.jpg\",\"datePublished\":\"2015-01-02T20:10:15+00:00\",\"dateModified\":\"2015-12-16T12:57:43+00:00\",\"breadcrumb\":{\"@id\":\"https:\\\/\\\/globalallianceregister.com\\\/tr\\\/services\\\/egitim\\\/turkce-performans-yonetimi-egitim-programi\\\/turkce-py-05-surec-yonetimi-egitimi-1-gun\\\/#breadcrumb\"},\"inLanguage\":\"tr\",\"potentialAction\":[{\"@type\":\"ReadAction\",\"target\":[[\"https:\\\/\\\/globalallianceregister.com\\\/tr\\\/services\\\/egitim\\\/turkce-performans-yonetimi-egitim-programi\\\/turkce-py-05-surec-yonetimi-egitimi-1-gun\\\/\"]]}]},{\"@type\":\"ImageObject\",\"inLanguage\":\"tr\",\"@id\":\"https:\\\/\\\/globalallianceregister.com\\\/tr\\\/services\\\/egitim\\\/turkce-performans-yonetimi-egitim-programi\\\/turkce-py-05-surec-yonetimi-egitimi-1-gun\\\/#primaryimage\",\"url\":\"https:\\\/\\\/globalallianceregister.com\\\/wp-content\\\/uploads\\\/2015\\\/08\\\/Training-Inner-Page.jpg\",\"contentUrl\":\"https:\\\/\\\/globalallianceregister.com\\\/wp-content\\\/uploads\\\/2015\\\/08\\\/Training-Inner-Page.jpg\",\"width\":614,\"height\":200},{\"@type\":\"BreadcrumbList\",\"@id\":\"https:\\\/\\\/globalallianceregister.com\\\/tr\\\/services\\\/egitim\\\/turkce-performans-yonetimi-egitim-programi\\\/turkce-py-05-surec-yonetimi-egitimi-1-gun\\\/#breadcrumb\",\"itemListElement\":[{\"@type\":\"ListItem\",\"position\":1,\"name\":\"Anasayfa\",\"item\":\"https:\\\/\\\/globalallianceregister.com\\\/tr\\\/\"},{\"@type\":\"ListItem\",\"position\":2,\"name\":\"PY 05\u00a0 S\u00fcre\u00e7 Y\u00f6netimi E\u011fitimi \u2013 1 g\u00fcn\"}]},{\"@type\":\"WebSite\",\"@id\":\"https:\\\/\\\/globalallianceregister.com\\\/tr\\\/#website\",\"url\":\"https:\\\/\\\/globalallianceregister.com\\\/tr\\\/\",\"name\":\"Global Alliance Register\",\"description\":\"(EN) Together for Excellence\",\"potentialAction\":[{\"@type\":\"SearchAction\",\"target\":{\"@type\":\"EntryPoint\",\"urlTemplate\":\"https:\\\/\\\/globalallianceregister.com\\\/tr\\\/?s={search_term_string}\"},\"query-input\":{\"@type\":\"PropertyValueSpecification\",\"valueRequired\":true,\"valueName\":\"search_term_string\"}}],\"inLanguage\":\"tr\"}]}<\/script>\n<!-- \/ Yoast SEO plugin. -->","yoast_head_json":{"title":"PY 05\u00a0 S\u00fcre\u00e7 Y\u00f6netimi E\u011fitimi \u2013 1 g\u00fcn - Global Alliance Register","robots":{"index":"index","follow":"follow","max-snippet":"max-snippet:-1","max-image-preview":"max-image-preview:large","max-video-preview":"max-video-preview:-1"},"canonical":"https:\/\/globalallianceregister.com\/tr\/services\/egitim\/turkce-performans-yonetimi-egitim-programi\/turkce-py-05-surec-yonetimi-egitimi-1-gun\/","og_locale":"tr_TR","og_type":"article","og_title":"PY 05\u00a0 S\u00fcre\u00e7 Y\u00f6netimi E\u011fitimi \u2013 1 g\u00fcn - Global Alliance Register","og_description":"\u00a0 Kat\u0131l\u0131mc\u0131 Profili S\u00fcre\u00e7 y\u00f6netim sisteminin\u00a0 kurulmas\u0131, geli\u015ftirilmesi veya i\u015fletilmesi ile ilgili \u00e7al\u0131\u015fmalarda g\u00f6rev alacak \u00e7al\u0131\u015fanlar ile konu hakk\u0131nda bilgi sahibi olmas\u0131 gerekli g\u00f6r\u00fclen \u00e7al\u0131\u015fanlar ve y\u00f6neticiler bu e\u011fitimden yarar...","og_url":"https:\/\/globalallianceregister.com\/tr\/services\/egitim\/turkce-performans-yonetimi-egitim-programi\/turkce-py-05-surec-yonetimi-egitimi-1-gun\/","og_site_name":"Global Alliance Register","article_modified_time":"2015-12-16T12:57:43+00:00","og_image":[{"width":614,"height":200,"url":"https:\/\/globalallianceregister.com\/wp-content\/uploads\/2015\/08\/Training-Inner-Page.jpg","type":"image\/jpeg"}],"twitter_misc":{"Tahmini okuma s\u00fcresi":"1 dakika"},"schema":{"@context":"https:\/\/schema.org","@graph":[{"@type":"WebPage","@id":"https:\/\/globalallianceregister.com\/tr\/services\/egitim\/turkce-performans-yonetimi-egitim-programi\/turkce-py-05-surec-yonetimi-egitimi-1-gun\/","url":"https:\/\/globalallianceregister.com\/tr\/services\/egitim\/turkce-performans-yonetimi-egitim-programi\/turkce-py-05-surec-yonetimi-egitimi-1-gun\/","name":"PY 05\u00a0 S\u00fcre\u00e7 Y\u00f6netimi E\u011fitimi \u2013 1 g\u00fcn - Global Alliance Register","isPartOf":{"@id":"https:\/\/globalallianceregister.com\/tr\/#website"},"primaryImageOfPage":{"@id":"https:\/\/globalallianceregister.com\/tr\/services\/egitim\/turkce-performans-yonetimi-egitim-programi\/turkce-py-05-surec-yonetimi-egitimi-1-gun\/#primaryimage"},"image":{"@id":"https:\/\/globalallianceregister.com\/tr\/services\/egitim\/turkce-performans-yonetimi-egitim-programi\/turkce-py-05-surec-yonetimi-egitimi-1-gun\/#primaryimage"},"thumbnailUrl":"https:\/\/globalallianceregister.com\/wp-content\/uploads\/2015\/08\/Training-Inner-Page.jpg","datePublished":"2015-01-02T20:10:15+00:00","dateModified":"2015-12-16T12:57:43+00:00","breadcrumb":{"@id":"https:\/\/globalallianceregister.com\/tr\/services\/egitim\/turkce-performans-yonetimi-egitim-programi\/turkce-py-05-surec-yonetimi-egitimi-1-gun\/#breadcrumb"},"inLanguage":"tr","potentialAction":[{"@type":"ReadAction","target":[["https:\/\/globalallianceregister.com\/tr\/services\/egitim\/turkce-performans-yonetimi-egitim-programi\/turkce-py-05-surec-yonetimi-egitimi-1-gun\/"]]}]},{"@type":"ImageObject","inLanguage":"tr","@id":"https:\/\/globalallianceregister.com\/tr\/services\/egitim\/turkce-performans-yonetimi-egitim-programi\/turkce-py-05-surec-yonetimi-egitimi-1-gun\/#primaryimage","url":"https:\/\/globalallianceregister.com\/wp-content\/uploads\/2015\/08\/Training-Inner-Page.jpg","contentUrl":"https:\/\/globalallianceregister.com\/wp-content\/uploads\/2015\/08\/Training-Inner-Page.jpg","width":614,"height":200},{"@type":"BreadcrumbList","@id":"https:\/\/globalallianceregister.com\/tr\/services\/egitim\/turkce-performans-yonetimi-egitim-programi\/turkce-py-05-surec-yonetimi-egitimi-1-gun\/#breadcrumb","itemListElement":[{"@type":"ListItem","position":1,"name":"Anasayfa","item":"https:\/\/globalallianceregister.com\/tr\/"},{"@type":"ListItem","position":2,"name":"PY 05\u00a0 S\u00fcre\u00e7 Y\u00f6netimi E\u011fitimi \u2013 1 g\u00fcn"}]},{"@type":"WebSite","@id":"https:\/\/globalallianceregister.com\/tr\/#website","url":"https:\/\/globalallianceregister.com\/tr\/","name":"Global Alliance Register","description":"(EN) Together for Excellence","potentialAction":[{"@type":"SearchAction","target":{"@type":"EntryPoint","urlTemplate":"https:\/\/globalallianceregister.com\/tr\/?s={search_term_string}"},"query-input":{"@type":"PropertyValueSpecification","valueRequired":true,"valueName":"search_term_string"}}],"inLanguage":"tr"}]}},"_links":{"self":[{"href":"https:\/\/globalallianceregister.com\/tr\/wp-json\/wp\/v2\/pages\/2490","targetHints":{"allow":["GET"]}}],"collection":[{"href":"https:\/\/globalallianceregister.com\/tr\/wp-json\/wp\/v2\/pages"}],"about":[{"href":"https:\/\/globalallianceregister.com\/tr\/wp-json\/wp\/v2\/types\/page"}],"author":[{"embeddable":true,"href":"https:\/\/globalallianceregister.com\/tr\/wp-json\/wp\/v2\/users\/10"}],"replies":[{"embeddable":true,"href":"https:\/\/globalallianceregister.com\/tr\/wp-json\/wp\/v2\/comments?post=2490"}],"version-history":[{"count":0,"href":"https:\/\/globalallianceregister.com\/tr\/wp-json\/wp\/v2\/pages\/2490\/revisions"}],"up":[{"embeddable":true,"href":"https:\/\/globalallianceregister.com\/tr\/wp-json\/wp\/v2\/pages\/2172"}],"wp:featuredmedia":[{"embeddable":true,"href":"https:\/\/globalallianceregister.com\/tr\/wp-json\/wp\/v2\/media\/5171"}],"wp:attachment":[{"href":"https:\/\/globalallianceregister.com\/tr\/wp-json\/wp\/v2\/media?parent=2490"}],"curies":[{"name":"wp","href":"https:\/\/api.w.org\/{rel}","templated":true}]}}