{"id":2492,"date":"2015-01-02T20:11:42","date_gmt":"2015-01-02T20:11:42","guid":{"rendered":"https:\/\/globalallianceregister.com\/?page_id=2492"},"modified":"2015-12-16T12:59:04","modified_gmt":"2015-12-16T12:59:04","slug":"turkce-py-06-six-sigmaya-giris-egitimi-1-gun","status":"publish","type":"page","link":"https:\/\/globalallianceregister.com\/tr\/services\/egitim\/turkce-performans-yonetimi-egitim-programi\/turkce-py-06-six-sigmaya-giris-egitimi-1-gun\/","title":{"rendered":"PY 06\u00a0 SIX SIGMA\u2019ya Giri\u015f E\u011fitimi \u2013 1 g\u00fcn"},"content":{"rendered":"<p>\u00a0 <strong>Kat\u0131l\u0131mc\u0131 Profili<\/strong><\/p>\n<ul>\n<li>6 SIGMA projesi uygulama plan\u0131 i\u00e7erisinde olan organizasyonlarda g\u00f6rev yapan y\u00f6neticiler ve m\u00fchendisler,<\/li>\n<li>6 SIGMA modelini tan\u0131may\u0131 arzu eden dan\u0131\u015fmanlar ve di\u011fer kat\u0131l\u0131mc\u0131lar,<\/li>\n<\/ul>\n<p>\u00a0 <strong>Hedeflenen Sonu\u00e7<\/strong><\/p>\n<ul>\n<li>Stratejik \u00f6nceliklerin belirlenmesinde, problemlerin proje haline d\u00f6n\u00fc\u015fmesinde, proje liderlerine ihtiya\u00e7 duyduklar\u0131 kaynaklar\u0131n sa\u011flanmas\u0131 ve ba\u015far\u0131 i\u00e7in ihtiya\u00e7 duyulan zeminin haz\u0131rlanmas\u0131, projenin sonu\u00e7lar\u0131n\u0131n izlenerek kazan\u00e7lar\u0131n \u00f6l\u00e7\u00fcmlenmesi, kazan\u00e7lar\u0131n\u0131z\u0131n harcad\u0131klar\u0131ndan en az 5 kat daha fazla olabilece\u011fi bir yap\u0131n\u0131n olu\u015fturulmas\u0131nda 6 SIGMA\u2019n\u0131n rol\u00fcn\u00fcn ne oldu\u011fu hakk\u0131nda fikir sahibi olabilmek,<\/li>\n<\/ul>\n<p>\u00a0 <strong>E\u011fitim \u0130\u00e7eri\u011fi<\/strong><\/p>\n<ul>\n<li>6 SIGMA Nedir?<\/li>\n<li>Six SIGMA Temel Kavramlar\u0131,<\/li>\n<li>Six SIGMA\u2019da Seviyeler ve Roller,<\/li>\n<li>Program\u0131n b\u00fct\u00fcn\u00fcn ne i\u00e7erdi\u011fi,<\/li>\n<li>S\u00fcre\u00e7ler,<\/li>\n<li>Organizasyon i\u00e7inde var olan problemlerin te\u015fhisi, tan\u0131mlama ve \u00f6nceliklendirme,<\/li>\n<\/ul>\n<p>\u00a0 <strong>Sertifika<\/strong><\/p>\n<ul>\n<li>E\u011fitimi tamamlayan t\u00fcm kat\u0131l\u0131mc\u0131lara GLOBAL ALLIANCE ACADEMY taraf\u0131ndan, &#8220;6 SIGMA Giri\u015f E\u011fitimi Kat\u0131l\u0131m Sertifikas\u0131&#8221; verilecektir.<\/li>\n<\/ul>","protected":false},"excerpt":{"rendered":"<p>\u00a0 Kat\u0131l\u0131mc\u0131 Profili 6 SIGMA projesi uygulama plan\u0131 i\u00e7erisinde olan organizasyonlarda g\u00f6rev yapan y\u00f6neticiler ve m\u00fchendisler, 6 SIGMA modelini tan\u0131may\u0131 arzu eden dan\u0131\u015fmanlar ve di\u011fer kat\u0131l\u0131mc\u0131lar, \u00a0 Hedeflenen Sonu\u00e7 Stratejik&#8230; <\/p>\n","protected":false},"author":10,"featured_media":5171,"parent":2172,"menu_order":6,"comment_status":"closed","ping_status":"closed","template":"page-full.php","meta":{"_acf_changed":false,"om_disable_all_campaigns":false,"footnotes":""},"class_list":["post-2492","page","type-page","status-publish","has-post-thumbnail","hentry"],"acf":[],"yoast_head":"<!-- This site is optimized with the Yoast SEO plugin v27.4 - https:\/\/yoast.com\/product\/yoast-seo-wordpress\/ -->\n<title>PY 06\u00a0 SIX SIGMA\u2019ya Giri\u015f E\u011fitimi \u2013 1 g\u00fcn - Global Alliance Register<\/title>\n<meta name=\"robots\" content=\"index, follow, max-snippet:-1, max-image-preview:large, max-video-preview:-1\" \/>\n<link rel=\"canonical\" href=\"https:\/\/globalallianceregister.com\/tr\/services\/egitim\/turkce-performans-yonetimi-egitim-programi\/turkce-py-06-six-sigmaya-giris-egitimi-1-gun\/\" \/>\n<meta property=\"og:locale\" content=\"tr_TR\" \/>\n<meta property=\"og:type\" content=\"article\" \/>\n<meta property=\"og:title\" content=\"PY 06\u00a0 SIX SIGMA\u2019ya Giri\u015f E\u011fitimi \u2013 1 g\u00fcn - Global Alliance Register\" \/>\n<meta property=\"og:description\" content=\"\u00a0 Kat\u0131l\u0131mc\u0131 Profili 6 SIGMA projesi uygulama plan\u0131 i\u00e7erisinde olan organizasyonlarda g\u00f6rev yapan y\u00f6neticiler ve m\u00fchendisler, 6 SIGMA modelini tan\u0131may\u0131 arzu eden dan\u0131\u015fmanlar ve di\u011fer kat\u0131l\u0131mc\u0131lar, \u00a0 Hedeflenen Sonu\u00e7 Stratejik...\" \/>\n<meta property=\"og:url\" content=\"https:\/\/globalallianceregister.com\/tr\/services\/egitim\/turkce-performans-yonetimi-egitim-programi\/turkce-py-06-six-sigmaya-giris-egitimi-1-gun\/\" \/>\n<meta property=\"og:site_name\" content=\"Global Alliance Register\" \/>\n<meta property=\"article:modified_time\" content=\"2015-12-16T12:59:04+00:00\" \/>\n<meta property=\"og:image\" content=\"https:\/\/globalallianceregister.com\/wp-content\/uploads\/2015\/08\/Training-Inner-Page.jpg\" \/>\n\t<meta property=\"og:image:width\" content=\"614\" \/>\n\t<meta property=\"og:image:height\" content=\"200\" \/>\n\t<meta property=\"og:image:type\" content=\"image\/jpeg\" \/>\n<meta name=\"twitter:label1\" content=\"Tahmini okuma s\u00fcresi\" \/>\n\t<meta name=\"twitter:data1\" content=\"1 dakika\" \/>\n<script type=\"application\/ld+json\" class=\"yoast-schema-graph\">{\"@context\":\"https:\\\/\\\/schema.org\",\"@graph\":[{\"@type\":\"WebPage\",\"@id\":\"https:\\\/\\\/globalallianceregister.com\\\/tr\\\/services\\\/egitim\\\/turkce-performans-yonetimi-egitim-programi\\\/turkce-py-06-six-sigmaya-giris-egitimi-1-gun\\\/\",\"url\":\"https:\\\/\\\/globalallianceregister.com\\\/tr\\\/services\\\/egitim\\\/turkce-performans-yonetimi-egitim-programi\\\/turkce-py-06-six-sigmaya-giris-egitimi-1-gun\\\/\",\"name\":\"PY 06\u00a0 SIX SIGMA\u2019ya Giri\u015f E\u011fitimi \u2013 1 g\u00fcn - Global Alliance Register\",\"isPartOf\":{\"@id\":\"https:\\\/\\\/globalallianceregister.com\\\/tr\\\/#website\"},\"primaryImageOfPage\":{\"@id\":\"https:\\\/\\\/globalallianceregister.com\\\/tr\\\/services\\\/egitim\\\/turkce-performans-yonetimi-egitim-programi\\\/turkce-py-06-six-sigmaya-giris-egitimi-1-gun\\\/#primaryimage\"},\"image\":{\"@id\":\"https:\\\/\\\/globalallianceregister.com\\\/tr\\\/services\\\/egitim\\\/turkce-performans-yonetimi-egitim-programi\\\/turkce-py-06-six-sigmaya-giris-egitimi-1-gun\\\/#primaryimage\"},\"thumbnailUrl\":\"https:\\\/\\\/globalallianceregister.com\\\/wp-content\\\/uploads\\\/2015\\\/08\\\/Training-Inner-Page.jpg\",\"datePublished\":\"2015-01-02T20:11:42+00:00\",\"dateModified\":\"2015-12-16T12:59:04+00:00\",\"breadcrumb\":{\"@id\":\"https:\\\/\\\/globalallianceregister.com\\\/tr\\\/services\\\/egitim\\\/turkce-performans-yonetimi-egitim-programi\\\/turkce-py-06-six-sigmaya-giris-egitimi-1-gun\\\/#breadcrumb\"},\"inLanguage\":\"tr\",\"potentialAction\":[{\"@type\":\"ReadAction\",\"target\":[[\"https:\\\/\\\/globalallianceregister.com\\\/tr\\\/services\\\/egitim\\\/turkce-performans-yonetimi-egitim-programi\\\/turkce-py-06-six-sigmaya-giris-egitimi-1-gun\\\/\"]]}]},{\"@type\":\"ImageObject\",\"inLanguage\":\"tr\",\"@id\":\"https:\\\/\\\/globalallianceregister.com\\\/tr\\\/services\\\/egitim\\\/turkce-performans-yonetimi-egitim-programi\\\/turkce-py-06-six-sigmaya-giris-egitimi-1-gun\\\/#primaryimage\",\"url\":\"https:\\\/\\\/globalallianceregister.com\\\/wp-content\\\/uploads\\\/2015\\\/08\\\/Training-Inner-Page.jpg\",\"contentUrl\":\"https:\\\/\\\/globalallianceregister.com\\\/wp-content\\\/uploads\\\/2015\\\/08\\\/Training-Inner-Page.jpg\",\"width\":614,\"height\":200},{\"@type\":\"BreadcrumbList\",\"@id\":\"https:\\\/\\\/globalallianceregister.com\\\/tr\\\/services\\\/egitim\\\/turkce-performans-yonetimi-egitim-programi\\\/turkce-py-06-six-sigmaya-giris-egitimi-1-gun\\\/#breadcrumb\",\"itemListElement\":[{\"@type\":\"ListItem\",\"position\":1,\"name\":\"Anasayfa\",\"item\":\"https:\\\/\\\/globalallianceregister.com\\\/tr\\\/\"},{\"@type\":\"ListItem\",\"position\":2,\"name\":\"PY 06\u00a0 SIX SIGMA\u2019ya Giri\u015f E\u011fitimi \u2013 1 g\u00fcn\"}]},{\"@type\":\"WebSite\",\"@id\":\"https:\\\/\\\/globalallianceregister.com\\\/tr\\\/#website\",\"url\":\"https:\\\/\\\/globalallianceregister.com\\\/tr\\\/\",\"name\":\"Global Alliance Register\",\"description\":\"(EN) Together for Excellence\",\"potentialAction\":[{\"@type\":\"SearchAction\",\"target\":{\"@type\":\"EntryPoint\",\"urlTemplate\":\"https:\\\/\\\/globalallianceregister.com\\\/tr\\\/?s={search_term_string}\"},\"query-input\":{\"@type\":\"PropertyValueSpecification\",\"valueRequired\":true,\"valueName\":\"search_term_string\"}}],\"inLanguage\":\"tr\"}]}<\/script>\n<!-- \/ Yoast SEO plugin. -->","yoast_head_json":{"title":"PY 06\u00a0 SIX SIGMA\u2019ya Giri\u015f E\u011fitimi \u2013 1 g\u00fcn - Global Alliance Register","robots":{"index":"index","follow":"follow","max-snippet":"max-snippet:-1","max-image-preview":"max-image-preview:large","max-video-preview":"max-video-preview:-1"},"canonical":"https:\/\/globalallianceregister.com\/tr\/services\/egitim\/turkce-performans-yonetimi-egitim-programi\/turkce-py-06-six-sigmaya-giris-egitimi-1-gun\/","og_locale":"tr_TR","og_type":"article","og_title":"PY 06\u00a0 SIX SIGMA\u2019ya Giri\u015f E\u011fitimi \u2013 1 g\u00fcn - Global Alliance Register","og_description":"\u00a0 Kat\u0131l\u0131mc\u0131 Profili 6 SIGMA projesi uygulama plan\u0131 i\u00e7erisinde olan organizasyonlarda g\u00f6rev yapan y\u00f6neticiler ve m\u00fchendisler, 6 SIGMA modelini tan\u0131may\u0131 arzu eden dan\u0131\u015fmanlar ve di\u011fer kat\u0131l\u0131mc\u0131lar, \u00a0 Hedeflenen Sonu\u00e7 Stratejik...","og_url":"https:\/\/globalallianceregister.com\/tr\/services\/egitim\/turkce-performans-yonetimi-egitim-programi\/turkce-py-06-six-sigmaya-giris-egitimi-1-gun\/","og_site_name":"Global Alliance Register","article_modified_time":"2015-12-16T12:59:04+00:00","og_image":[{"width":614,"height":200,"url":"https:\/\/globalallianceregister.com\/wp-content\/uploads\/2015\/08\/Training-Inner-Page.jpg","type":"image\/jpeg"}],"twitter_misc":{"Tahmini okuma s\u00fcresi":"1 dakika"},"schema":{"@context":"https:\/\/schema.org","@graph":[{"@type":"WebPage","@id":"https:\/\/globalallianceregister.com\/tr\/services\/egitim\/turkce-performans-yonetimi-egitim-programi\/turkce-py-06-six-sigmaya-giris-egitimi-1-gun\/","url":"https:\/\/globalallianceregister.com\/tr\/services\/egitim\/turkce-performans-yonetimi-egitim-programi\/turkce-py-06-six-sigmaya-giris-egitimi-1-gun\/","name":"PY 06\u00a0 SIX SIGMA\u2019ya Giri\u015f E\u011fitimi \u2013 1 g\u00fcn - Global Alliance Register","isPartOf":{"@id":"https:\/\/globalallianceregister.com\/tr\/#website"},"primaryImageOfPage":{"@id":"https:\/\/globalallianceregister.com\/tr\/services\/egitim\/turkce-performans-yonetimi-egitim-programi\/turkce-py-06-six-sigmaya-giris-egitimi-1-gun\/#primaryimage"},"image":{"@id":"https:\/\/globalallianceregister.com\/tr\/services\/egitim\/turkce-performans-yonetimi-egitim-programi\/turkce-py-06-six-sigmaya-giris-egitimi-1-gun\/#primaryimage"},"thumbnailUrl":"https:\/\/globalallianceregister.com\/wp-content\/uploads\/2015\/08\/Training-Inner-Page.jpg","datePublished":"2015-01-02T20:11:42+00:00","dateModified":"2015-12-16T12:59:04+00:00","breadcrumb":{"@id":"https:\/\/globalallianceregister.com\/tr\/services\/egitim\/turkce-performans-yonetimi-egitim-programi\/turkce-py-06-six-sigmaya-giris-egitimi-1-gun\/#breadcrumb"},"inLanguage":"tr","potentialAction":[{"@type":"ReadAction","target":[["https:\/\/globalallianceregister.com\/tr\/services\/egitim\/turkce-performans-yonetimi-egitim-programi\/turkce-py-06-six-sigmaya-giris-egitimi-1-gun\/"]]}]},{"@type":"ImageObject","inLanguage":"tr","@id":"https:\/\/globalallianceregister.com\/tr\/services\/egitim\/turkce-performans-yonetimi-egitim-programi\/turkce-py-06-six-sigmaya-giris-egitimi-1-gun\/#primaryimage","url":"https:\/\/globalallianceregister.com\/wp-content\/uploads\/2015\/08\/Training-Inner-Page.jpg","contentUrl":"https:\/\/globalallianceregister.com\/wp-content\/uploads\/2015\/08\/Training-Inner-Page.jpg","width":614,"height":200},{"@type":"BreadcrumbList","@id":"https:\/\/globalallianceregister.com\/tr\/services\/egitim\/turkce-performans-yonetimi-egitim-programi\/turkce-py-06-six-sigmaya-giris-egitimi-1-gun\/#breadcrumb","itemListElement":[{"@type":"ListItem","position":1,"name":"Anasayfa","item":"https:\/\/globalallianceregister.com\/tr\/"},{"@type":"ListItem","position":2,"name":"PY 06\u00a0 SIX SIGMA\u2019ya Giri\u015f E\u011fitimi \u2013 1 g\u00fcn"}]},{"@type":"WebSite","@id":"https:\/\/globalallianceregister.com\/tr\/#website","url":"https:\/\/globalallianceregister.com\/tr\/","name":"Global Alliance Register","description":"(EN) Together for Excellence","potentialAction":[{"@type":"SearchAction","target":{"@type":"EntryPoint","urlTemplate":"https:\/\/globalallianceregister.com\/tr\/?s={search_term_string}"},"query-input":{"@type":"PropertyValueSpecification","valueRequired":true,"valueName":"search_term_string"}}],"inLanguage":"tr"}]}},"_links":{"self":[{"href":"https:\/\/globalallianceregister.com\/tr\/wp-json\/wp\/v2\/pages\/2492","targetHints":{"allow":["GET"]}}],"collection":[{"href":"https:\/\/globalallianceregister.com\/tr\/wp-json\/wp\/v2\/pages"}],"about":[{"href":"https:\/\/globalallianceregister.com\/tr\/wp-json\/wp\/v2\/types\/page"}],"author":[{"embeddable":true,"href":"https:\/\/globalallianceregister.com\/tr\/wp-json\/wp\/v2\/users\/10"}],"replies":[{"embeddable":true,"href":"https:\/\/globalallianceregister.com\/tr\/wp-json\/wp\/v2\/comments?post=2492"}],"version-history":[{"count":0,"href":"https:\/\/globalallianceregister.com\/tr\/wp-json\/wp\/v2\/pages\/2492\/revisions"}],"up":[{"embeddable":true,"href":"https:\/\/globalallianceregister.com\/tr\/wp-json\/wp\/v2\/pages\/2172"}],"wp:featuredmedia":[{"embeddable":true,"href":"https:\/\/globalallianceregister.com\/tr\/wp-json\/wp\/v2\/media\/5171"}],"wp:attachment":[{"href":"https:\/\/globalallianceregister.com\/tr\/wp-json\/wp\/v2\/media?parent=2492"}],"curies":[{"name":"wp","href":"https:\/\/api.w.org\/{rel}","templated":true}]}}