{"id":2494,"date":"2015-01-02T20:13:58","date_gmt":"2015-01-02T20:13:58","guid":{"rendered":"https:\/\/globalallianceregister.com\/?page_id=2494"},"modified":"2015-12-16T12:59:45","modified_gmt":"2015-12-16T12:59:45","slug":"turkce-py-07-global-8d-ve-etkin-problem-cozme-yontemleri-1-gun","status":"publish","type":"page","link":"https:\/\/globalallianceregister.com\/tr\/services\/egitim\/turkce-performans-yonetimi-egitim-programi\/turkce-py-07-global-8d-ve-etkin-problem-cozme-yontemleri-1-gun\/","title":{"rendered":"PY 07\u00a0 Global 8D ve Etkin Problem \u00c7\u00f6zme Y\u00f6ntemleri \u2013 1 g\u00fcn"},"content":{"rendered":"<p>\u00a0 <strong>Kat\u0131l\u0131mc\u0131 Profili<\/strong><\/p>\n<ul>\n<li>\u00dcretim- Bak\u0131m- Lojistik- Kalite- M\u00fchendislik- Tedarik Zinciri y\u00f6netimi faaliyetlerinde bulunan her seviyede \u00e7al\u0131\u015fan\u0131n kat\u0131l\u0131m\u0131 m\u00fcmk\u00fcnd\u00fcr. Gerekli g\u00f6r\u00fcld\u00fc\u011f\u00fcnde mavi ve beyaz yaka personele bir arada olabilece\u011fi gibi ayr\u0131 ayr\u0131 olarak da d\u00fczenlenebilir<\/li>\n<\/ul>\n<p>\u00a0 <strong>Hedeflenen Sonu\u00e7<\/strong><\/p>\n<ul>\n<li>Kat\u0131l\u0131mc\u0131lar\u0131n end\u00fcstriyel s\u00fcre\u00e7lerde problem tespiti konusunda fark\u0131ndal\u0131k ve konsantrasyon seviyelerini y\u00fckseltmek, problemin tan\u0131mlanmas\u0131ndan, \u00e7\u00f6z\u00fcmlerin uygulanmas\u0131 a\u015famas\u0131na kadar problem \u00e7\u00f6zme i\u015flemini tan\u0131ml\u0131 bir sistematik i\u00e7inde ger\u00e7ekle\u015ftirmelerini sa\u011flamak.<\/li>\n<\/ul>\n<p>\u00a0 <strong>E\u011fitim \u0130\u00e7eri\u011fi<\/strong><\/p>\n<ul>\n<li>End\u00fcstriyel ortamlarda problem kavram\u0131n\u0131n kar\u015f\u0131l\u0131\u011f\u0131n\u0131n anla\u015f\u0131lmas\u0131<\/li>\n<li>Problem te\u015fhis y\u00f6ntemleri<\/li>\n<li>Problemin boyutlar\u0131n\u0131n \u00f6l\u00e7\u00fclmesi teknikleri<\/li>\n<li>K\u00f6k neden analizinin yap\u0131lmas\u0131<\/li>\n<li>Ekip \u00e7al\u0131\u015fmas\u0131 teknikleri<\/li>\n<li>Problemi yeniden olu\u015fturabilme teknikleri<\/li>\n<li>\u00c7\u00f6z\u00fcmler geli\u015ftirme ve en etkin \u00e7\u00f6z\u00fcm\u00fc se\u00e7me \u00e7al\u0131\u015fmalar\u0131<\/li>\n<li>\u00d6nerilen \u00e7\u00f6z\u00fcm\u00fcn do\u011frulanmas\u0131<\/li>\n<li>Otomotiv sekt\u00f6r\u00fcnde \u00f6zel uygulamalar<\/li>\n<li>Global 8D a\u015famalar\u0131n tan\u0131t\u0131m\u0131 ve incelenmesi<\/li>\n<li>Hata veri tabanlar\u0131n\u0131n olu\u015fturulmas\u0131<\/li>\n<li>Bulunan ve \u00e7\u00f6z\u00fclen hatalar\u0131n sistem dok\u00fcmantasyonunda yayg\u0131nla\u015ft\u0131r\u0131lmas\u0131<\/li>\n<\/ul>\n<p>\u00a0 <strong>Sertifika<\/strong><\/p>\n<ul>\n<li>E\u011fitimi tamamlayan t\u00fcm kat\u0131l\u0131mc\u0131lara GLOBAL ALLIANCE ACADEMY taraf\u0131ndan \u201c Global 8D ve Problem \u00c7\u00f6zme Teknikleri Kat\u0131l\u0131m Sertifikas\u0131\u201d d\u00fczenlenecektir.<\/li>\n<\/ul>\n<p><strong>\u00a0<\/strong><\/p>","protected":false},"excerpt":{"rendered":"<p>\u00a0 Kat\u0131l\u0131mc\u0131 Profili \u00dcretim- Bak\u0131m- Lojistik- Kalite- M\u00fchendislik- Tedarik Zinciri y\u00f6netimi faaliyetlerinde bulunan her seviyede \u00e7al\u0131\u015fan\u0131n kat\u0131l\u0131m\u0131 m\u00fcmk\u00fcnd\u00fcr. Gerekli g\u00f6r\u00fcld\u00fc\u011f\u00fcnde mavi ve beyaz yaka personele bir arada olabilece\u011fi gibi ayr\u0131&#8230; <\/p>\n","protected":false},"author":10,"featured_media":5171,"parent":2172,"menu_order":7,"comment_status":"closed","ping_status":"closed","template":"page-full.php","meta":{"_acf_changed":false,"om_disable_all_campaigns":false,"footnotes":""},"class_list":["post-2494","page","type-page","status-publish","has-post-thumbnail","hentry"],"acf":[],"yoast_head":"<!-- This site is optimized with the Yoast SEO plugin v27.4 - https:\/\/yoast.com\/product\/yoast-seo-wordpress\/ -->\n<title>PY 07\u00a0 Global 8D ve Etkin Problem \u00c7\u00f6zme Y\u00f6ntemleri \u2013 1 g\u00fcn - Global Alliance Register<\/title>\n<meta name=\"robots\" content=\"index, follow, max-snippet:-1, max-image-preview:large, max-video-preview:-1\" \/>\n<link rel=\"canonical\" href=\"https:\/\/globalallianceregister.com\/tr\/services\/egitim\/turkce-performans-yonetimi-egitim-programi\/turkce-py-07-global-8d-ve-etkin-problem-cozme-yontemleri-1-gun\/\" \/>\n<meta property=\"og:locale\" content=\"tr_TR\" \/>\n<meta property=\"og:type\" content=\"article\" \/>\n<meta property=\"og:title\" content=\"PY 07\u00a0 Global 8D ve Etkin Problem \u00c7\u00f6zme Y\u00f6ntemleri \u2013 1 g\u00fcn - Global Alliance Register\" \/>\n<meta property=\"og:description\" content=\"\u00a0 Kat\u0131l\u0131mc\u0131 Profili \u00dcretim- Bak\u0131m- Lojistik- Kalite- M\u00fchendislik- Tedarik Zinciri y\u00f6netimi faaliyetlerinde bulunan her seviyede \u00e7al\u0131\u015fan\u0131n kat\u0131l\u0131m\u0131 m\u00fcmk\u00fcnd\u00fcr. Gerekli g\u00f6r\u00fcld\u00fc\u011f\u00fcnde mavi ve beyaz yaka personele bir arada olabilece\u011fi gibi ayr\u0131...\" \/>\n<meta property=\"og:url\" content=\"https:\/\/globalallianceregister.com\/tr\/services\/egitim\/turkce-performans-yonetimi-egitim-programi\/turkce-py-07-global-8d-ve-etkin-problem-cozme-yontemleri-1-gun\/\" \/>\n<meta property=\"og:site_name\" content=\"Global Alliance Register\" \/>\n<meta property=\"article:modified_time\" content=\"2015-12-16T12:59:45+00:00\" \/>\n<meta property=\"og:image\" content=\"https:\/\/globalallianceregister.com\/wp-content\/uploads\/2015\/08\/Training-Inner-Page.jpg\" \/>\n\t<meta property=\"og:image:width\" content=\"614\" \/>\n\t<meta property=\"og:image:height\" content=\"200\" \/>\n\t<meta property=\"og:image:type\" content=\"image\/jpeg\" \/>\n<meta name=\"twitter:label1\" content=\"Tahmini okuma s\u00fcresi\" \/>\n\t<meta name=\"twitter:data1\" content=\"1 dakika\" \/>\n<script type=\"application\/ld+json\" class=\"yoast-schema-graph\">{\"@context\":\"https:\\\/\\\/schema.org\",\"@graph\":[{\"@type\":\"WebPage\",\"@id\":\"https:\\\/\\\/globalallianceregister.com\\\/tr\\\/services\\\/egitim\\\/turkce-performans-yonetimi-egitim-programi\\\/turkce-py-07-global-8d-ve-etkin-problem-cozme-yontemleri-1-gun\\\/\",\"url\":\"https:\\\/\\\/globalallianceregister.com\\\/tr\\\/services\\\/egitim\\\/turkce-performans-yonetimi-egitim-programi\\\/turkce-py-07-global-8d-ve-etkin-problem-cozme-yontemleri-1-gun\\\/\",\"name\":\"PY 07\u00a0 Global 8D ve Etkin Problem \u00c7\u00f6zme Y\u00f6ntemleri \u2013 1 g\u00fcn - Global Alliance Register\",\"isPartOf\":{\"@id\":\"https:\\\/\\\/globalallianceregister.com\\\/tr\\\/#website\"},\"primaryImageOfPage\":{\"@id\":\"https:\\\/\\\/globalallianceregister.com\\\/tr\\\/services\\\/egitim\\\/turkce-performans-yonetimi-egitim-programi\\\/turkce-py-07-global-8d-ve-etkin-problem-cozme-yontemleri-1-gun\\\/#primaryimage\"},\"image\":{\"@id\":\"https:\\\/\\\/globalallianceregister.com\\\/tr\\\/services\\\/egitim\\\/turkce-performans-yonetimi-egitim-programi\\\/turkce-py-07-global-8d-ve-etkin-problem-cozme-yontemleri-1-gun\\\/#primaryimage\"},\"thumbnailUrl\":\"https:\\\/\\\/globalallianceregister.com\\\/wp-content\\\/uploads\\\/2015\\\/08\\\/Training-Inner-Page.jpg\",\"datePublished\":\"2015-01-02T20:13:58+00:00\",\"dateModified\":\"2015-12-16T12:59:45+00:00\",\"breadcrumb\":{\"@id\":\"https:\\\/\\\/globalallianceregister.com\\\/tr\\\/services\\\/egitim\\\/turkce-performans-yonetimi-egitim-programi\\\/turkce-py-07-global-8d-ve-etkin-problem-cozme-yontemleri-1-gun\\\/#breadcrumb\"},\"inLanguage\":\"tr\",\"potentialAction\":[{\"@type\":\"ReadAction\",\"target\":[[\"https:\\\/\\\/globalallianceregister.com\\\/tr\\\/services\\\/egitim\\\/turkce-performans-yonetimi-egitim-programi\\\/turkce-py-07-global-8d-ve-etkin-problem-cozme-yontemleri-1-gun\\\/\"]]}]},{\"@type\":\"ImageObject\",\"inLanguage\":\"tr\",\"@id\":\"https:\\\/\\\/globalallianceregister.com\\\/tr\\\/services\\\/egitim\\\/turkce-performans-yonetimi-egitim-programi\\\/turkce-py-07-global-8d-ve-etkin-problem-cozme-yontemleri-1-gun\\\/#primaryimage\",\"url\":\"https:\\\/\\\/globalallianceregister.com\\\/wp-content\\\/uploads\\\/2015\\\/08\\\/Training-Inner-Page.jpg\",\"contentUrl\":\"https:\\\/\\\/globalallianceregister.com\\\/wp-content\\\/uploads\\\/2015\\\/08\\\/Training-Inner-Page.jpg\",\"width\":614,\"height\":200},{\"@type\":\"BreadcrumbList\",\"@id\":\"https:\\\/\\\/globalallianceregister.com\\\/tr\\\/services\\\/egitim\\\/turkce-performans-yonetimi-egitim-programi\\\/turkce-py-07-global-8d-ve-etkin-problem-cozme-yontemleri-1-gun\\\/#breadcrumb\",\"itemListElement\":[{\"@type\":\"ListItem\",\"position\":1,\"name\":\"Anasayfa\",\"item\":\"https:\\\/\\\/globalallianceregister.com\\\/tr\\\/\"},{\"@type\":\"ListItem\",\"position\":2,\"name\":\"PY 07\u00a0 Global 8D ve Etkin Problem \u00c7\u00f6zme Y\u00f6ntemleri \u2013 1 g\u00fcn\"}]},{\"@type\":\"WebSite\",\"@id\":\"https:\\\/\\\/globalallianceregister.com\\\/tr\\\/#website\",\"url\":\"https:\\\/\\\/globalallianceregister.com\\\/tr\\\/\",\"name\":\"Global Alliance Register\",\"description\":\"(EN) Together for Excellence\",\"potentialAction\":[{\"@type\":\"SearchAction\",\"target\":{\"@type\":\"EntryPoint\",\"urlTemplate\":\"https:\\\/\\\/globalallianceregister.com\\\/tr\\\/?s={search_term_string}\"},\"query-input\":{\"@type\":\"PropertyValueSpecification\",\"valueRequired\":true,\"valueName\":\"search_term_string\"}}],\"inLanguage\":\"tr\"}]}<\/script>\n<!-- \/ Yoast SEO plugin. -->","yoast_head_json":{"title":"PY 07\u00a0 Global 8D ve Etkin Problem \u00c7\u00f6zme Y\u00f6ntemleri \u2013 1 g\u00fcn - Global Alliance Register","robots":{"index":"index","follow":"follow","max-snippet":"max-snippet:-1","max-image-preview":"max-image-preview:large","max-video-preview":"max-video-preview:-1"},"canonical":"https:\/\/globalallianceregister.com\/tr\/services\/egitim\/turkce-performans-yonetimi-egitim-programi\/turkce-py-07-global-8d-ve-etkin-problem-cozme-yontemleri-1-gun\/","og_locale":"tr_TR","og_type":"article","og_title":"PY 07\u00a0 Global 8D ve Etkin Problem \u00c7\u00f6zme Y\u00f6ntemleri \u2013 1 g\u00fcn - Global Alliance Register","og_description":"\u00a0 Kat\u0131l\u0131mc\u0131 Profili \u00dcretim- Bak\u0131m- Lojistik- Kalite- M\u00fchendislik- Tedarik Zinciri y\u00f6netimi faaliyetlerinde bulunan her seviyede \u00e7al\u0131\u015fan\u0131n kat\u0131l\u0131m\u0131 m\u00fcmk\u00fcnd\u00fcr. Gerekli g\u00f6r\u00fcld\u00fc\u011f\u00fcnde mavi ve beyaz yaka personele bir arada olabilece\u011fi gibi ayr\u0131...","og_url":"https:\/\/globalallianceregister.com\/tr\/services\/egitim\/turkce-performans-yonetimi-egitim-programi\/turkce-py-07-global-8d-ve-etkin-problem-cozme-yontemleri-1-gun\/","og_site_name":"Global Alliance Register","article_modified_time":"2015-12-16T12:59:45+00:00","og_image":[{"width":614,"height":200,"url":"https:\/\/globalallianceregister.com\/wp-content\/uploads\/2015\/08\/Training-Inner-Page.jpg","type":"image\/jpeg"}],"twitter_misc":{"Tahmini okuma s\u00fcresi":"1 dakika"},"schema":{"@context":"https:\/\/schema.org","@graph":[{"@type":"WebPage","@id":"https:\/\/globalallianceregister.com\/tr\/services\/egitim\/turkce-performans-yonetimi-egitim-programi\/turkce-py-07-global-8d-ve-etkin-problem-cozme-yontemleri-1-gun\/","url":"https:\/\/globalallianceregister.com\/tr\/services\/egitim\/turkce-performans-yonetimi-egitim-programi\/turkce-py-07-global-8d-ve-etkin-problem-cozme-yontemleri-1-gun\/","name":"PY 07\u00a0 Global 8D ve Etkin Problem \u00c7\u00f6zme Y\u00f6ntemleri \u2013 1 g\u00fcn - Global Alliance Register","isPartOf":{"@id":"https:\/\/globalallianceregister.com\/tr\/#website"},"primaryImageOfPage":{"@id":"https:\/\/globalallianceregister.com\/tr\/services\/egitim\/turkce-performans-yonetimi-egitim-programi\/turkce-py-07-global-8d-ve-etkin-problem-cozme-yontemleri-1-gun\/#primaryimage"},"image":{"@id":"https:\/\/globalallianceregister.com\/tr\/services\/egitim\/turkce-performans-yonetimi-egitim-programi\/turkce-py-07-global-8d-ve-etkin-problem-cozme-yontemleri-1-gun\/#primaryimage"},"thumbnailUrl":"https:\/\/globalallianceregister.com\/wp-content\/uploads\/2015\/08\/Training-Inner-Page.jpg","datePublished":"2015-01-02T20:13:58+00:00","dateModified":"2015-12-16T12:59:45+00:00","breadcrumb":{"@id":"https:\/\/globalallianceregister.com\/tr\/services\/egitim\/turkce-performans-yonetimi-egitim-programi\/turkce-py-07-global-8d-ve-etkin-problem-cozme-yontemleri-1-gun\/#breadcrumb"},"inLanguage":"tr","potentialAction":[{"@type":"ReadAction","target":[["https:\/\/globalallianceregister.com\/tr\/services\/egitim\/turkce-performans-yonetimi-egitim-programi\/turkce-py-07-global-8d-ve-etkin-problem-cozme-yontemleri-1-gun\/"]]}]},{"@type":"ImageObject","inLanguage":"tr","@id":"https:\/\/globalallianceregister.com\/tr\/services\/egitim\/turkce-performans-yonetimi-egitim-programi\/turkce-py-07-global-8d-ve-etkin-problem-cozme-yontemleri-1-gun\/#primaryimage","url":"https:\/\/globalallianceregister.com\/wp-content\/uploads\/2015\/08\/Training-Inner-Page.jpg","contentUrl":"https:\/\/globalallianceregister.com\/wp-content\/uploads\/2015\/08\/Training-Inner-Page.jpg","width":614,"height":200},{"@type":"BreadcrumbList","@id":"https:\/\/globalallianceregister.com\/tr\/services\/egitim\/turkce-performans-yonetimi-egitim-programi\/turkce-py-07-global-8d-ve-etkin-problem-cozme-yontemleri-1-gun\/#breadcrumb","itemListElement":[{"@type":"ListItem","position":1,"name":"Anasayfa","item":"https:\/\/globalallianceregister.com\/tr\/"},{"@type":"ListItem","position":2,"name":"PY 07\u00a0 Global 8D ve Etkin Problem \u00c7\u00f6zme Y\u00f6ntemleri \u2013 1 g\u00fcn"}]},{"@type":"WebSite","@id":"https:\/\/globalallianceregister.com\/tr\/#website","url":"https:\/\/globalallianceregister.com\/tr\/","name":"Global Alliance Register","description":"(EN) Together for Excellence","potentialAction":[{"@type":"SearchAction","target":{"@type":"EntryPoint","urlTemplate":"https:\/\/globalallianceregister.com\/tr\/?s={search_term_string}"},"query-input":{"@type":"PropertyValueSpecification","valueRequired":true,"valueName":"search_term_string"}}],"inLanguage":"tr"}]}},"_links":{"self":[{"href":"https:\/\/globalallianceregister.com\/tr\/wp-json\/wp\/v2\/pages\/2494","targetHints":{"allow":["GET"]}}],"collection":[{"href":"https:\/\/globalallianceregister.com\/tr\/wp-json\/wp\/v2\/pages"}],"about":[{"href":"https:\/\/globalallianceregister.com\/tr\/wp-json\/wp\/v2\/types\/page"}],"author":[{"embeddable":true,"href":"https:\/\/globalallianceregister.com\/tr\/wp-json\/wp\/v2\/users\/10"}],"replies":[{"embeddable":true,"href":"https:\/\/globalallianceregister.com\/tr\/wp-json\/wp\/v2\/comments?post=2494"}],"version-history":[{"count":0,"href":"https:\/\/globalallianceregister.com\/tr\/wp-json\/wp\/v2\/pages\/2494\/revisions"}],"up":[{"embeddable":true,"href":"https:\/\/globalallianceregister.com\/tr\/wp-json\/wp\/v2\/pages\/2172"}],"wp:featuredmedia":[{"embeddable":true,"href":"https:\/\/globalallianceregister.com\/tr\/wp-json\/wp\/v2\/media\/5171"}],"wp:attachment":[{"href":"https:\/\/globalallianceregister.com\/tr\/wp-json\/wp\/v2\/media?parent=2494"}],"curies":[{"name":"wp","href":"https:\/\/api.w.org\/{rel}","templated":true}]}}