{"id":2498,"date":"2015-01-02T20:20:03","date_gmt":"2015-01-02T20:20:03","guid":{"rendered":"https:\/\/globalallianceregister.com\/?page_id=2498"},"modified":"2016-02-04T12:10:44","modified_gmt":"2016-02-04T12:10:44","slug":"turkce-te-02-kaynakci-egitimi-sertifikasyonu-2-gun","status":"publish","type":"page","link":"https:\/\/globalallianceregister.com\/tr\/services\/egitim\/turkce-kaynakteknoljileriegitimi\/turkce-te-02-kaynakci-egitimi-sertifikasyonu-2-gun\/","title":{"rendered":"Kaynak\u00e7\u0131 E\u011fitimi &#038; Sert\u0130fikasyonu \u2013 2 g\u00fcn  \u00a0"},"content":{"rendered":"<p>\u00a0 <strong>Kat\u0131l\u0131mc\u0131 Profili<\/strong><\/p>\n<ul>\n<li>Kaynakl\u0131 imalatlarda \u00e7al\u0131\u015fan kaynak\u00e7\u0131lar\u0131n EN 287\u2019ye g\u00f6re e\u011fitimi ve sertifikaland\u0131r\u0131lmas\u0131,<\/li>\n<\/ul>\n<p>\u00a0 <strong>Hedeflenen Sonu\u00e7<\/strong><\/p>\n<ul>\n<li>Kaynak\u00e7\u0131 e\u011fitimleri bilgi ve becerileri geli\u015ftirmeye y\u00f6nelik, teorik ve pratik bilgilerin aktar\u0131ld\u0131\u011f\u0131 ve birbirlerini takip eden e\u011fitim basamaklar\u0131 olarak s\u0131n\u0131fland\u0131r\u0131lm\u0131\u015flard\u0131r. Bu e\u011fitimleri takip eden ve EN 287&#8217;ye g\u00f6re yap\u0131lan kaynak\u00e7\u0131 s\u0131navlar\u0131 sayesinde kalifiye edilmesi,<\/li>\n<\/ul>\n<p>\u00a0 <strong>E\u011fitim \u0130\u00e7eri\u011fi<\/strong><\/p>\n<ul>\n<li>EWF y\u00f6nergeleri ve EN 287 Normlar\u0131na g\u00f6re Gaz Kaynak\u00e7\u0131s\u0131, Elle Ark Kaynak\u00e7\u0131s\u0131, MIG\/MAG Kaynak\u00e7\u0131s\u0131, TIG Kaynak\u00e7\u0131s\u0131 gibi alanlarda yeti\u015ftirmek \u00fczere verilecek olan temel vas\u0131fland\u0131rma e\u011fitim basama\u011f\u0131, metallerin i\u015flendi\u011fi mesleklerde \u00e7al\u0131\u015fanlar\u0131n kaynak tekni\u011fi temel bilgilerini kapsamaktad\u0131r. Daha sonraki e\u011fitim basamaklar\u0131nda teorik ve pratik bilgilerin geli\u015ftirilmesi, el becerilerinin artt\u0131r\u0131lmas\u0131 m\u00fcmk\u00fcn olabilmektedir. Teorik e\u011fitimde;\n<ul>\n<li>Temel elektrik bilgisi<\/li>\n<li>Kaynak y\u00f6ntemi ve cihazlar\u0131<\/li>\n<li>Kaynak dolgu malzemeleri<\/li>\n<li>Malzemelerin kaynaklanabilirlikleri<\/li>\n<li>Kaynak parametreleri ve ayarlar\u0131<\/li>\n<li>Kaynak diki\u015fi hatalar\u0131 ve \u00f6nlemleri<\/li>\n<li>\u0130\u015f g\u00fcvenli\u011fi ve kazalardan korunma konular\u0131 ele al\u0131nmaktad\u0131r.<\/li>\n<\/ul>\n<\/li>\n<li>Kurs yaz\u0131l\u0131 ve uygulamal\u0131 s\u0131navla bitmektedir.<\/li>\n<\/ul>\n<p>\u00a0 <strong>Sertifika<\/strong><\/p>\n<ul>\n<li>E\u011fitimi tamamlayan t\u00fcm kat\u0131l\u0131mc\u0131lara GLOBAL ALLIANCE ACADEMY taraf\u0131ndan kat\u0131l\u0131m sertifikas\u0131 verilecektir.<\/li>\n<li>Kat\u0131l\u0131mc\u0131lardan teorik ve uygulamal\u0131 s\u0131nav\u0131 ge\u00e7enler GLOBAL ALLIANCE ACADEMY taraf\u0131ndan verilecek ba\u015far\u0131 sertifikas\u0131 alacaklard\u0131r.<\/li>\n<\/ul>","protected":false},"excerpt":{"rendered":"<p>\u00a0 Kat\u0131l\u0131mc\u0131 Profili Kaynakl\u0131 imalatlarda \u00e7al\u0131\u015fan kaynak\u00e7\u0131lar\u0131n EN 287\u2019ye g\u00f6re e\u011fitimi ve sertifikaland\u0131r\u0131lmas\u0131, \u00a0 Hedeflenen Sonu\u00e7 Kaynak\u00e7\u0131 e\u011fitimleri bilgi ve becerileri geli\u015ftirmeye y\u00f6nelik, teorik ve pratik bilgilerin aktar\u0131ld\u0131\u011f\u0131 ve birbirlerini&#8230; <\/p>\n","protected":false},"author":10,"featured_media":5171,"parent":2174,"menu_order":2,"comment_status":"closed","ping_status":"closed","template":"page-full.php","meta":{"_acf_changed":false,"om_disable_all_campaigns":false,"footnotes":""},"class_list":["post-2498","page","type-page","status-publish","has-post-thumbnail","hentry"],"acf":[],"yoast_head":"<!-- This site is optimized with the Yoast SEO plugin v27.4 - https:\/\/yoast.com\/product\/yoast-seo-wordpress\/ -->\n<title>Kaynak\u00e7\u0131 E\u011fitimi &amp; Sert\u0130fikasyonu \u2013 2 g\u00fcn \u00a0 - Global Alliance Register<\/title>\n<meta name=\"robots\" content=\"index, follow, max-snippet:-1, max-image-preview:large, max-video-preview:-1\" \/>\n<link rel=\"canonical\" href=\"https:\/\/globalallianceregister.com\/tr\/services\/egitim\/turkce-kaynakteknoljileriegitimi\/turkce-te-02-kaynakci-egitimi-sertifikasyonu-2-gun\/\" \/>\n<meta property=\"og:locale\" content=\"tr_TR\" \/>\n<meta property=\"og:type\" content=\"article\" \/>\n<meta property=\"og:title\" content=\"Kaynak\u00e7\u0131 E\u011fitimi &amp; Sert\u0130fikasyonu \u2013 2 g\u00fcn \u00a0 - Global Alliance Register\" \/>\n<meta property=\"og:description\" content=\"\u00a0 Kat\u0131l\u0131mc\u0131 Profili Kaynakl\u0131 imalatlarda \u00e7al\u0131\u015fan kaynak\u00e7\u0131lar\u0131n EN 287\u2019ye g\u00f6re e\u011fitimi ve sertifikaland\u0131r\u0131lmas\u0131, \u00a0 Hedeflenen Sonu\u00e7 Kaynak\u00e7\u0131 e\u011fitimleri bilgi ve becerileri geli\u015ftirmeye y\u00f6nelik, teorik ve pratik bilgilerin aktar\u0131ld\u0131\u011f\u0131 ve birbirlerini...\" \/>\n<meta property=\"og:url\" content=\"https:\/\/globalallianceregister.com\/tr\/services\/egitim\/turkce-kaynakteknoljileriegitimi\/turkce-te-02-kaynakci-egitimi-sertifikasyonu-2-gun\/\" \/>\n<meta property=\"og:site_name\" content=\"Global Alliance Register\" \/>\n<meta property=\"article:modified_time\" content=\"2016-02-04T12:10:44+00:00\" \/>\n<meta property=\"og:image\" content=\"https:\/\/globalallianceregister.com\/wp-content\/uploads\/2015\/08\/Training-Inner-Page.jpg\" \/>\n\t<meta property=\"og:image:width\" content=\"614\" \/>\n\t<meta property=\"og:image:height\" content=\"200\" \/>\n\t<meta property=\"og:image:type\" content=\"image\/jpeg\" \/>\n<meta name=\"twitter:label1\" content=\"Tahmini okuma s\u00fcresi\" \/>\n\t<meta name=\"twitter:data1\" content=\"1 dakika\" \/>\n<script type=\"application\/ld+json\" class=\"yoast-schema-graph\">{\"@context\":\"https:\\\/\\\/schema.org\",\"@graph\":[{\"@type\":\"WebPage\",\"@id\":\"https:\\\/\\\/globalallianceregister.com\\\/tr\\\/services\\\/egitim\\\/turkce-kaynakteknoljileriegitimi\\\/turkce-te-02-kaynakci-egitimi-sertifikasyonu-2-gun\\\/\",\"url\":\"https:\\\/\\\/globalallianceregister.com\\\/tr\\\/services\\\/egitim\\\/turkce-kaynakteknoljileriegitimi\\\/turkce-te-02-kaynakci-egitimi-sertifikasyonu-2-gun\\\/\",\"name\":\"Kaynak\u00e7\u0131 E\u011fitimi & Sert\u0130fikasyonu \u2013 2 g\u00fcn \u00a0 - Global Alliance Register\",\"isPartOf\":{\"@id\":\"https:\\\/\\\/globalallianceregister.com\\\/tr\\\/#website\"},\"primaryImageOfPage\":{\"@id\":\"https:\\\/\\\/globalallianceregister.com\\\/tr\\\/services\\\/egitim\\\/turkce-kaynakteknoljileriegitimi\\\/turkce-te-02-kaynakci-egitimi-sertifikasyonu-2-gun\\\/#primaryimage\"},\"image\":{\"@id\":\"https:\\\/\\\/globalallianceregister.com\\\/tr\\\/services\\\/egitim\\\/turkce-kaynakteknoljileriegitimi\\\/turkce-te-02-kaynakci-egitimi-sertifikasyonu-2-gun\\\/#primaryimage\"},\"thumbnailUrl\":\"https:\\\/\\\/globalallianceregister.com\\\/wp-content\\\/uploads\\\/2015\\\/08\\\/Training-Inner-Page.jpg\",\"datePublished\":\"2015-01-02T20:20:03+00:00\",\"dateModified\":\"2016-02-04T12:10:44+00:00\",\"breadcrumb\":{\"@id\":\"https:\\\/\\\/globalallianceregister.com\\\/tr\\\/services\\\/egitim\\\/turkce-kaynakteknoljileriegitimi\\\/turkce-te-02-kaynakci-egitimi-sertifikasyonu-2-gun\\\/#breadcrumb\"},\"inLanguage\":\"tr\",\"potentialAction\":[{\"@type\":\"ReadAction\",\"target\":[[\"https:\\\/\\\/globalallianceregister.com\\\/tr\\\/services\\\/egitim\\\/turkce-kaynakteknoljileriegitimi\\\/turkce-te-02-kaynakci-egitimi-sertifikasyonu-2-gun\\\/\"]]}]},{\"@type\":\"ImageObject\",\"inLanguage\":\"tr\",\"@id\":\"https:\\\/\\\/globalallianceregister.com\\\/tr\\\/services\\\/egitim\\\/turkce-kaynakteknoljileriegitimi\\\/turkce-te-02-kaynakci-egitimi-sertifikasyonu-2-gun\\\/#primaryimage\",\"url\":\"https:\\\/\\\/globalallianceregister.com\\\/wp-content\\\/uploads\\\/2015\\\/08\\\/Training-Inner-Page.jpg\",\"contentUrl\":\"https:\\\/\\\/globalallianceregister.com\\\/wp-content\\\/uploads\\\/2015\\\/08\\\/Training-Inner-Page.jpg\",\"width\":614,\"height\":200},{\"@type\":\"BreadcrumbList\",\"@id\":\"https:\\\/\\\/globalallianceregister.com\\\/tr\\\/services\\\/egitim\\\/turkce-kaynakteknoljileriegitimi\\\/turkce-te-02-kaynakci-egitimi-sertifikasyonu-2-gun\\\/#breadcrumb\",\"itemListElement\":[{\"@type\":\"ListItem\",\"position\":1,\"name\":\"Anasayfa\",\"item\":\"https:\\\/\\\/globalallianceregister.com\\\/tr\\\/\"},{\"@type\":\"ListItem\",\"position\":2,\"name\":\"Kaynak\u00e7\u0131 E\u011fitimi &#038; Sert\u0130fikasyonu \u2013 2 g\u00fcn \u00a0\"}]},{\"@type\":\"WebSite\",\"@id\":\"https:\\\/\\\/globalallianceregister.com\\\/tr\\\/#website\",\"url\":\"https:\\\/\\\/globalallianceregister.com\\\/tr\\\/\",\"name\":\"Global Alliance Register\",\"description\":\"(EN) Together for Excellence\",\"potentialAction\":[{\"@type\":\"SearchAction\",\"target\":{\"@type\":\"EntryPoint\",\"urlTemplate\":\"https:\\\/\\\/globalallianceregister.com\\\/tr\\\/?s={search_term_string}\"},\"query-input\":{\"@type\":\"PropertyValueSpecification\",\"valueRequired\":true,\"valueName\":\"search_term_string\"}}],\"inLanguage\":\"tr\"}]}<\/script>\n<!-- \/ Yoast SEO plugin. -->","yoast_head_json":{"title":"Kaynak\u00e7\u0131 E\u011fitimi & Sert\u0130fikasyonu \u2013 2 g\u00fcn \u00a0 - Global Alliance Register","robots":{"index":"index","follow":"follow","max-snippet":"max-snippet:-1","max-image-preview":"max-image-preview:large","max-video-preview":"max-video-preview:-1"},"canonical":"https:\/\/globalallianceregister.com\/tr\/services\/egitim\/turkce-kaynakteknoljileriegitimi\/turkce-te-02-kaynakci-egitimi-sertifikasyonu-2-gun\/","og_locale":"tr_TR","og_type":"article","og_title":"Kaynak\u00e7\u0131 E\u011fitimi & Sert\u0130fikasyonu \u2013 2 g\u00fcn \u00a0 - Global Alliance Register","og_description":"\u00a0 Kat\u0131l\u0131mc\u0131 Profili Kaynakl\u0131 imalatlarda \u00e7al\u0131\u015fan kaynak\u00e7\u0131lar\u0131n EN 287\u2019ye g\u00f6re e\u011fitimi ve sertifikaland\u0131r\u0131lmas\u0131, \u00a0 Hedeflenen Sonu\u00e7 Kaynak\u00e7\u0131 e\u011fitimleri bilgi ve becerileri geli\u015ftirmeye y\u00f6nelik, teorik ve pratik bilgilerin aktar\u0131ld\u0131\u011f\u0131 ve birbirlerini...","og_url":"https:\/\/globalallianceregister.com\/tr\/services\/egitim\/turkce-kaynakteknoljileriegitimi\/turkce-te-02-kaynakci-egitimi-sertifikasyonu-2-gun\/","og_site_name":"Global Alliance Register","article_modified_time":"2016-02-04T12:10:44+00:00","og_image":[{"width":614,"height":200,"url":"https:\/\/globalallianceregister.com\/wp-content\/uploads\/2015\/08\/Training-Inner-Page.jpg","type":"image\/jpeg"}],"twitter_misc":{"Tahmini okuma s\u00fcresi":"1 dakika"},"schema":{"@context":"https:\/\/schema.org","@graph":[{"@type":"WebPage","@id":"https:\/\/globalallianceregister.com\/tr\/services\/egitim\/turkce-kaynakteknoljileriegitimi\/turkce-te-02-kaynakci-egitimi-sertifikasyonu-2-gun\/","url":"https:\/\/globalallianceregister.com\/tr\/services\/egitim\/turkce-kaynakteknoljileriegitimi\/turkce-te-02-kaynakci-egitimi-sertifikasyonu-2-gun\/","name":"Kaynak\u00e7\u0131 E\u011fitimi & Sert\u0130fikasyonu \u2013 2 g\u00fcn \u00a0 - Global Alliance Register","isPartOf":{"@id":"https:\/\/globalallianceregister.com\/tr\/#website"},"primaryImageOfPage":{"@id":"https:\/\/globalallianceregister.com\/tr\/services\/egitim\/turkce-kaynakteknoljileriegitimi\/turkce-te-02-kaynakci-egitimi-sertifikasyonu-2-gun\/#primaryimage"},"image":{"@id":"https:\/\/globalallianceregister.com\/tr\/services\/egitim\/turkce-kaynakteknoljileriegitimi\/turkce-te-02-kaynakci-egitimi-sertifikasyonu-2-gun\/#primaryimage"},"thumbnailUrl":"https:\/\/globalallianceregister.com\/wp-content\/uploads\/2015\/08\/Training-Inner-Page.jpg","datePublished":"2015-01-02T20:20:03+00:00","dateModified":"2016-02-04T12:10:44+00:00","breadcrumb":{"@id":"https:\/\/globalallianceregister.com\/tr\/services\/egitim\/turkce-kaynakteknoljileriegitimi\/turkce-te-02-kaynakci-egitimi-sertifikasyonu-2-gun\/#breadcrumb"},"inLanguage":"tr","potentialAction":[{"@type":"ReadAction","target":[["https:\/\/globalallianceregister.com\/tr\/services\/egitim\/turkce-kaynakteknoljileriegitimi\/turkce-te-02-kaynakci-egitimi-sertifikasyonu-2-gun\/"]]}]},{"@type":"ImageObject","inLanguage":"tr","@id":"https:\/\/globalallianceregister.com\/tr\/services\/egitim\/turkce-kaynakteknoljileriegitimi\/turkce-te-02-kaynakci-egitimi-sertifikasyonu-2-gun\/#primaryimage","url":"https:\/\/globalallianceregister.com\/wp-content\/uploads\/2015\/08\/Training-Inner-Page.jpg","contentUrl":"https:\/\/globalallianceregister.com\/wp-content\/uploads\/2015\/08\/Training-Inner-Page.jpg","width":614,"height":200},{"@type":"BreadcrumbList","@id":"https:\/\/globalallianceregister.com\/tr\/services\/egitim\/turkce-kaynakteknoljileriegitimi\/turkce-te-02-kaynakci-egitimi-sertifikasyonu-2-gun\/#breadcrumb","itemListElement":[{"@type":"ListItem","position":1,"name":"Anasayfa","item":"https:\/\/globalallianceregister.com\/tr\/"},{"@type":"ListItem","position":2,"name":"Kaynak\u00e7\u0131 E\u011fitimi &#038; Sert\u0130fikasyonu \u2013 2 g\u00fcn \u00a0"}]},{"@type":"WebSite","@id":"https:\/\/globalallianceregister.com\/tr\/#website","url":"https:\/\/globalallianceregister.com\/tr\/","name":"Global Alliance Register","description":"(EN) Together for Excellence","potentialAction":[{"@type":"SearchAction","target":{"@type":"EntryPoint","urlTemplate":"https:\/\/globalallianceregister.com\/tr\/?s={search_term_string}"},"query-input":{"@type":"PropertyValueSpecification","valueRequired":true,"valueName":"search_term_string"}}],"inLanguage":"tr"}]}},"_links":{"self":[{"href":"https:\/\/globalallianceregister.com\/tr\/wp-json\/wp\/v2\/pages\/2498","targetHints":{"allow":["GET"]}}],"collection":[{"href":"https:\/\/globalallianceregister.com\/tr\/wp-json\/wp\/v2\/pages"}],"about":[{"href":"https:\/\/globalallianceregister.com\/tr\/wp-json\/wp\/v2\/types\/page"}],"author":[{"embeddable":true,"href":"https:\/\/globalallianceregister.com\/tr\/wp-json\/wp\/v2\/users\/10"}],"replies":[{"embeddable":true,"href":"https:\/\/globalallianceregister.com\/tr\/wp-json\/wp\/v2\/comments?post=2498"}],"version-history":[{"count":0,"href":"https:\/\/globalallianceregister.com\/tr\/wp-json\/wp\/v2\/pages\/2498\/revisions"}],"up":[{"embeddable":true,"href":"https:\/\/globalallianceregister.com\/tr\/wp-json\/wp\/v2\/pages\/2174"}],"wp:featuredmedia":[{"embeddable":true,"href":"https:\/\/globalallianceregister.com\/tr\/wp-json\/wp\/v2\/media\/5171"}],"wp:attachment":[{"href":"https:\/\/globalallianceregister.com\/tr\/wp-json\/wp\/v2\/media?parent=2498"}],"curies":[{"name":"wp","href":"https:\/\/api.w.org\/{rel}","templated":true}]}}