{"id":2505,"date":"2015-01-02T20:33:53","date_gmt":"2015-01-02T20:33:53","guid":{"rendered":"https:\/\/globalallianceregister.com\/?page_id=2505"},"modified":"2015-12-16T12:48:58","modified_gmt":"2015-12-16T12:48:58","slug":"turkce-02-temel-yelkencilik-egitimi-uygulamali-teorik-egitim","status":"publish","type":"page","link":"https:\/\/globalallianceregister.com\/tr\/services\/egitim\/motivation-programs\/turkce-motivasyon-egitimleri\/turkce-02-temel-yelkencilik-egitimi-uygulamali-teorik-egitim\/","title":{"rendered":"ME 02\u00a0 TEMEL YELKENC\u0130L\u0130K E\u011e\u0130T\u0130M\u0130 Uygulamal\u0131 + Teorik E\u011fitim"},"content":{"rendered":"<p>\u00a0 <strong>E\u011fitim S\u00fcresi:<\/strong> Toplam 25 Saat<\/p>\n<ul>\n<li>(9 saat teorik + 16 saat denizde pratik)<\/li>\n<li>Pratik E\u011fitim S\u00fcresi: 16 Saat (4 saat x 4 G\u00fcn)<\/li>\n<li>Teorik E\u011fitim S\u00fcresi: 9 Saat (3 saat x 3 G\u00fcn)<\/li>\n<li>Teorik E\u011fitim: Hafta i\u00e7i Per\u015fembe G\u00fcn\u00fc (19:30 &#8211; 22:30)<\/li>\n<li>Pratik E\u011fitim: Hafta sonu Cumartesi veya Pazar<\/li>\n<\/ul>\n<p>\u00a0 <strong>Kat\u0131l\u0131mc\u0131 Profili<\/strong><\/p>\n<ul>\n<li>\u00dcst D\u00fczey Y\u00f6netim,Yelken Sporuna \u0130lgi Duyan Di\u011fer Y\u00f6neticiler\/ Y\u00f6netici Adaylar\u0131n maksimum 5 ki\u015filik gruplar ile ve grup \u00fcst limiti olmadan e\u011fitime kat\u0131labilecektir.<\/li>\n<\/ul>\n<p>\u00a0 <strong>Hedeflenen Sonu\u00e7<\/strong><\/p>\n<ul>\n<li>Kat\u0131l\u0131mc\u0131lara yelken sporu ve denizcili\u011fin sevdirilmesi,<\/li>\n<li>Etkin spor yaparak yelkencili\u011fi do\u011fru anlamda istekle keyifle \u00f6\u011frenmeye ba\u015flayabilmek,<\/li>\n<li>Program\u0131 tamamlayanlar\u0131n temel yelkencilik bilgileriyle, tekne \u00fczerindeki donan\u0131mlar ve i\u015fleyi\u015flerini kullanarak,her seyirde tekne hakimiyetini kazanmalar\u0131n\u0131 sa\u011flamakt\u0131r.<\/li>\n<\/ul>\n<p>\u00a0 <strong>E\u011fitim \u0130\u00e7eri\u011fi<\/strong><\/p>\n<ul>\n<li>Temel E\u011fitim Uygulama Dersleri\n<ul>\n<li>\u00c7\u0131k\u0131\u015f 1\n<ul>\n<li>D\u00fcmen ve \u0131skota hakimiyeti<\/li>\n<li>Manevralar<\/li>\n<li>Tramola<\/li>\n<li>Fa\u00e7a Flok<\/li>\n<\/ul>\n<\/li>\n<li>\u00c7\u0131k\u0131\u015f 2\n<ul>\n<li>Yelken trimi<\/li>\n<li>T\u00fcyler<\/li>\n<li>Tekne s\u00fcr\u00fc\u015f\u00fc<\/li>\n<li>Manevralar<\/li>\n<li>Tramola<\/li>\n<li>Fa\u00e7a Flok<\/li>\n<\/ul>\n<\/li>\n<li>\u00c7\u0131k\u0131\u015f 3\n<ul>\n<li>Orsa<\/li>\n<li>Pupa<\/li>\n<li>Kavan\u00e7a<\/li>\n<li>Tramola<\/li>\n<li>Fa\u00e7a Flok<\/li>\n<\/ul>\n<\/li>\n<li>\u00c7\u0131k\u0131\u015f 4\n<ul>\n<li>Orsa<\/li>\n<li>Pupa<\/li>\n<li>Manevra sonras\u0131 rota belirleme<\/li>\n<\/ul>\n<\/li>\n<\/ul>\n<\/li>\n<li>Temel E\u011fitim Teorik Dersleri\n<ul>\n<li>Ders 1\n<ul>\n<li>Tekne k\u0131s\u0131m ve par\u00e7alar\u0131<\/li>\n<li>Yelkenin k\u0131s\u0131mlar\u0131<\/li>\n<li>Ana yelken basma \u2013 indirme<\/li>\n<li>Yelken \u00e7al\u0131\u015fma prensipleri<\/li>\n<li>Seyirler<\/li>\n<li>Manevra y\u00f6ntemleri<\/li>\n<li>Yol hakk\u0131 kurallar\u0131<\/li>\n<\/ul>\n<\/li>\n<li>Ders 2\n<ul>\n<li>Seyir teknikleri<\/li>\n<li>Orsa seyri ve tramola teknikleri<\/li>\n<li>Apaz pupa seyir teknikleri<\/li>\n<li>Kontroll\u00fc kavan\u00e7a teknikleri<\/li>\n<li>Ay\u0131 baca\u011f\u0131 seyir teknikleri<\/li>\n<li>Rotaya gitme \u2013 s\u00fcr\u00fc\u015f teknikleri<\/li>\n<li>Halat \u00e7al\u0131\u015fmalar\u0131<\/li>\n<\/ul>\n<\/li>\n<li>Ders 3\n<ul>\n<li>Deniz harita bilgisi<\/li>\n<li>Harita okuma<\/li>\n<li>Temel navigasyona giri\u015f<\/li>\n<li>Mevki tayin etme<\/li>\n<li>Rota \u00e7izme<\/li>\n<li>Mesafe \/ Log belirleme<\/li>\n<\/ul>\n<\/li>\n<\/ul>\n<\/li>\n<\/ul>\n<p>\u00a0 <strong>Sertifika<\/strong><\/p>\n<ul>\n<li>E\u011fitimi tamamlayan t\u00fcm kat\u0131l\u0131mc\u0131lara GLOBAL ALLIANCE ACADEMY taraf\u0131ndan kat\u0131l\u0131m sertifikas\u0131 verilecektir.<\/li>\n<li>Kat\u0131l\u0131mc\u0131lardan uygulamal\u0131 de\u011ferlendirmelerde ba\u015far\u0131 g\u00f6sterenlere GLOBAL ALLIANCE ACADEMY taraf\u0131ndan \u201cTemel Yelkencilik Ba\u015far\u0131 Sertifikas\u0131\u201d verilecektir.<\/li>\n<\/ul>","protected":false},"excerpt":{"rendered":"<p>\u00a0 E\u011fitim S\u00fcresi: Toplam 25 Saat (9 saat teorik + 16 saat denizde pratik) Pratik E\u011fitim S\u00fcresi: 16 Saat (4 saat x 4 G\u00fcn) Teorik E\u011fitim S\u00fcresi: 9 Saat (3&#8230; <\/p>\n","protected":false},"author":10,"featured_media":5171,"parent":2176,"menu_order":2,"comment_status":"closed","ping_status":"closed","template":"page-full.php","meta":{"_acf_changed":false,"om_disable_all_campaigns":false,"footnotes":""},"class_list":["post-2505","page","type-page","status-publish","has-post-thumbnail","hentry"],"acf":[],"yoast_head":"<!-- This site is optimized with the Yoast SEO plugin v27.4 - https:\/\/yoast.com\/product\/yoast-seo-wordpress\/ -->\n<title>ME 02\u00a0 TEMEL YELKENC\u0130L\u0130K E\u011e\u0130T\u0130M\u0130 Uygulamal\u0131 + Teorik E\u011fitim - Global Alliance Register<\/title>\n<meta name=\"robots\" content=\"index, follow, max-snippet:-1, max-image-preview:large, max-video-preview:-1\" \/>\n<link rel=\"canonical\" href=\"https:\/\/globalallianceregister.com\/tr\/services\/egitim\/motivation-programs\/turkce-motivasyon-egitimleri\/turkce-02-temel-yelkencilik-egitimi-uygulamali-teorik-egitim\/\" \/>\n<meta property=\"og:locale\" content=\"tr_TR\" \/>\n<meta property=\"og:type\" content=\"article\" \/>\n<meta property=\"og:title\" content=\"ME 02\u00a0 TEMEL YELKENC\u0130L\u0130K E\u011e\u0130T\u0130M\u0130 Uygulamal\u0131 + Teorik E\u011fitim - Global Alliance Register\" \/>\n<meta property=\"og:description\" content=\"\u00a0 E\u011fitim S\u00fcresi: Toplam 25 Saat (9 saat teorik + 16 saat denizde pratik) Pratik E\u011fitim S\u00fcresi: 16 Saat (4 saat x 4 G\u00fcn) Teorik E\u011fitim S\u00fcresi: 9 Saat (3...\" \/>\n<meta property=\"og:url\" content=\"https:\/\/globalallianceregister.com\/tr\/services\/egitim\/motivation-programs\/turkce-motivasyon-egitimleri\/turkce-02-temel-yelkencilik-egitimi-uygulamali-teorik-egitim\/\" \/>\n<meta property=\"og:site_name\" content=\"Global Alliance Register\" \/>\n<meta property=\"article:modified_time\" content=\"2015-12-16T12:48:58+00:00\" \/>\n<meta property=\"og:image\" content=\"https:\/\/globalallianceregister.com\/wp-content\/uploads\/2015\/08\/Training-Inner-Page.jpg\" \/>\n\t<meta property=\"og:image:width\" content=\"614\" \/>\n\t<meta property=\"og:image:height\" content=\"200\" \/>\n\t<meta property=\"og:image:type\" content=\"image\/jpeg\" \/>\n<meta name=\"twitter:label1\" content=\"Tahmini okuma s\u00fcresi\" \/>\n\t<meta name=\"twitter:data1\" content=\"1 dakika\" \/>\n<script type=\"application\/ld+json\" class=\"yoast-schema-graph\">{\"@context\":\"https:\\\/\\\/schema.org\",\"@graph\":[{\"@type\":\"WebPage\",\"@id\":\"https:\\\/\\\/globalallianceregister.com\\\/tr\\\/services\\\/egitim\\\/motivation-programs\\\/turkce-motivasyon-egitimleri\\\/turkce-02-temel-yelkencilik-egitimi-uygulamali-teorik-egitim\\\/\",\"url\":\"https:\\\/\\\/globalallianceregister.com\\\/tr\\\/services\\\/egitim\\\/motivation-programs\\\/turkce-motivasyon-egitimleri\\\/turkce-02-temel-yelkencilik-egitimi-uygulamali-teorik-egitim\\\/\",\"name\":\"ME 02\u00a0 TEMEL YELKENC\u0130L\u0130K E\u011e\u0130T\u0130M\u0130 Uygulamal\u0131 + Teorik E\u011fitim - Global Alliance Register\",\"isPartOf\":{\"@id\":\"https:\\\/\\\/globalallianceregister.com\\\/tr\\\/#website\"},\"primaryImageOfPage\":{\"@id\":\"https:\\\/\\\/globalallianceregister.com\\\/tr\\\/services\\\/egitim\\\/motivation-programs\\\/turkce-motivasyon-egitimleri\\\/turkce-02-temel-yelkencilik-egitimi-uygulamali-teorik-egitim\\\/#primaryimage\"},\"image\":{\"@id\":\"https:\\\/\\\/globalallianceregister.com\\\/tr\\\/services\\\/egitim\\\/motivation-programs\\\/turkce-motivasyon-egitimleri\\\/turkce-02-temel-yelkencilik-egitimi-uygulamali-teorik-egitim\\\/#primaryimage\"},\"thumbnailUrl\":\"https:\\\/\\\/globalallianceregister.com\\\/wp-content\\\/uploads\\\/2015\\\/08\\\/Training-Inner-Page.jpg\",\"datePublished\":\"2015-01-02T20:33:53+00:00\",\"dateModified\":\"2015-12-16T12:48:58+00:00\",\"breadcrumb\":{\"@id\":\"https:\\\/\\\/globalallianceregister.com\\\/tr\\\/services\\\/egitim\\\/motivation-programs\\\/turkce-motivasyon-egitimleri\\\/turkce-02-temel-yelkencilik-egitimi-uygulamali-teorik-egitim\\\/#breadcrumb\"},\"inLanguage\":\"tr\",\"potentialAction\":[{\"@type\":\"ReadAction\",\"target\":[[\"https:\\\/\\\/globalallianceregister.com\\\/tr\\\/services\\\/egitim\\\/motivation-programs\\\/turkce-motivasyon-egitimleri\\\/turkce-02-temel-yelkencilik-egitimi-uygulamali-teorik-egitim\\\/\"]]}]},{\"@type\":\"ImageObject\",\"inLanguage\":\"tr\",\"@id\":\"https:\\\/\\\/globalallianceregister.com\\\/tr\\\/services\\\/egitim\\\/motivation-programs\\\/turkce-motivasyon-egitimleri\\\/turkce-02-temel-yelkencilik-egitimi-uygulamali-teorik-egitim\\\/#primaryimage\",\"url\":\"https:\\\/\\\/globalallianceregister.com\\\/wp-content\\\/uploads\\\/2015\\\/08\\\/Training-Inner-Page.jpg\",\"contentUrl\":\"https:\\\/\\\/globalallianceregister.com\\\/wp-content\\\/uploads\\\/2015\\\/08\\\/Training-Inner-Page.jpg\",\"width\":614,\"height\":200},{\"@type\":\"BreadcrumbList\",\"@id\":\"https:\\\/\\\/globalallianceregister.com\\\/tr\\\/services\\\/egitim\\\/motivation-programs\\\/turkce-motivasyon-egitimleri\\\/turkce-02-temel-yelkencilik-egitimi-uygulamali-teorik-egitim\\\/#breadcrumb\",\"itemListElement\":[{\"@type\":\"ListItem\",\"position\":1,\"name\":\"Anasayfa\",\"item\":\"https:\\\/\\\/globalallianceregister.com\\\/tr\\\/\"},{\"@type\":\"ListItem\",\"position\":2,\"name\":\"ME 02\u00a0 TEMEL YELKENC\u0130L\u0130K E\u011e\u0130T\u0130M\u0130 Uygulamal\u0131 + Teorik E\u011fitim\"}]},{\"@type\":\"WebSite\",\"@id\":\"https:\\\/\\\/globalallianceregister.com\\\/tr\\\/#website\",\"url\":\"https:\\\/\\\/globalallianceregister.com\\\/tr\\\/\",\"name\":\"Global Alliance Register\",\"description\":\"(EN) Together for Excellence\",\"potentialAction\":[{\"@type\":\"SearchAction\",\"target\":{\"@type\":\"EntryPoint\",\"urlTemplate\":\"https:\\\/\\\/globalallianceregister.com\\\/tr\\\/?s={search_term_string}\"},\"query-input\":{\"@type\":\"PropertyValueSpecification\",\"valueRequired\":true,\"valueName\":\"search_term_string\"}}],\"inLanguage\":\"tr\"}]}<\/script>\n<!-- \/ Yoast SEO plugin. -->","yoast_head_json":{"title":"ME 02\u00a0 TEMEL YELKENC\u0130L\u0130K E\u011e\u0130T\u0130M\u0130 Uygulamal\u0131 + Teorik E\u011fitim - Global Alliance Register","robots":{"index":"index","follow":"follow","max-snippet":"max-snippet:-1","max-image-preview":"max-image-preview:large","max-video-preview":"max-video-preview:-1"},"canonical":"https:\/\/globalallianceregister.com\/tr\/services\/egitim\/motivation-programs\/turkce-motivasyon-egitimleri\/turkce-02-temel-yelkencilik-egitimi-uygulamali-teorik-egitim\/","og_locale":"tr_TR","og_type":"article","og_title":"ME 02\u00a0 TEMEL YELKENC\u0130L\u0130K E\u011e\u0130T\u0130M\u0130 Uygulamal\u0131 + Teorik E\u011fitim - Global Alliance Register","og_description":"\u00a0 E\u011fitim S\u00fcresi: Toplam 25 Saat (9 saat teorik + 16 saat denizde pratik) Pratik E\u011fitim S\u00fcresi: 16 Saat (4 saat x 4 G\u00fcn) Teorik E\u011fitim S\u00fcresi: 9 Saat (3...","og_url":"https:\/\/globalallianceregister.com\/tr\/services\/egitim\/motivation-programs\/turkce-motivasyon-egitimleri\/turkce-02-temel-yelkencilik-egitimi-uygulamali-teorik-egitim\/","og_site_name":"Global Alliance Register","article_modified_time":"2015-12-16T12:48:58+00:00","og_image":[{"width":614,"height":200,"url":"https:\/\/globalallianceregister.com\/wp-content\/uploads\/2015\/08\/Training-Inner-Page.jpg","type":"image\/jpeg"}],"twitter_misc":{"Tahmini okuma s\u00fcresi":"1 dakika"},"schema":{"@context":"https:\/\/schema.org","@graph":[{"@type":"WebPage","@id":"https:\/\/globalallianceregister.com\/tr\/services\/egitim\/motivation-programs\/turkce-motivasyon-egitimleri\/turkce-02-temel-yelkencilik-egitimi-uygulamali-teorik-egitim\/","url":"https:\/\/globalallianceregister.com\/tr\/services\/egitim\/motivation-programs\/turkce-motivasyon-egitimleri\/turkce-02-temel-yelkencilik-egitimi-uygulamali-teorik-egitim\/","name":"ME 02\u00a0 TEMEL YELKENC\u0130L\u0130K E\u011e\u0130T\u0130M\u0130 Uygulamal\u0131 + Teorik E\u011fitim - Global Alliance Register","isPartOf":{"@id":"https:\/\/globalallianceregister.com\/tr\/#website"},"primaryImageOfPage":{"@id":"https:\/\/globalallianceregister.com\/tr\/services\/egitim\/motivation-programs\/turkce-motivasyon-egitimleri\/turkce-02-temel-yelkencilik-egitimi-uygulamali-teorik-egitim\/#primaryimage"},"image":{"@id":"https:\/\/globalallianceregister.com\/tr\/services\/egitim\/motivation-programs\/turkce-motivasyon-egitimleri\/turkce-02-temel-yelkencilik-egitimi-uygulamali-teorik-egitim\/#primaryimage"},"thumbnailUrl":"https:\/\/globalallianceregister.com\/wp-content\/uploads\/2015\/08\/Training-Inner-Page.jpg","datePublished":"2015-01-02T20:33:53+00:00","dateModified":"2015-12-16T12:48:58+00:00","breadcrumb":{"@id":"https:\/\/globalallianceregister.com\/tr\/services\/egitim\/motivation-programs\/turkce-motivasyon-egitimleri\/turkce-02-temel-yelkencilik-egitimi-uygulamali-teorik-egitim\/#breadcrumb"},"inLanguage":"tr","potentialAction":[{"@type":"ReadAction","target":[["https:\/\/globalallianceregister.com\/tr\/services\/egitim\/motivation-programs\/turkce-motivasyon-egitimleri\/turkce-02-temel-yelkencilik-egitimi-uygulamali-teorik-egitim\/"]]}]},{"@type":"ImageObject","inLanguage":"tr","@id":"https:\/\/globalallianceregister.com\/tr\/services\/egitim\/motivation-programs\/turkce-motivasyon-egitimleri\/turkce-02-temel-yelkencilik-egitimi-uygulamali-teorik-egitim\/#primaryimage","url":"https:\/\/globalallianceregister.com\/wp-content\/uploads\/2015\/08\/Training-Inner-Page.jpg","contentUrl":"https:\/\/globalallianceregister.com\/wp-content\/uploads\/2015\/08\/Training-Inner-Page.jpg","width":614,"height":200},{"@type":"BreadcrumbList","@id":"https:\/\/globalallianceregister.com\/tr\/services\/egitim\/motivation-programs\/turkce-motivasyon-egitimleri\/turkce-02-temel-yelkencilik-egitimi-uygulamali-teorik-egitim\/#breadcrumb","itemListElement":[{"@type":"ListItem","position":1,"name":"Anasayfa","item":"https:\/\/globalallianceregister.com\/tr\/"},{"@type":"ListItem","position":2,"name":"ME 02\u00a0 TEMEL YELKENC\u0130L\u0130K E\u011e\u0130T\u0130M\u0130 Uygulamal\u0131 + Teorik E\u011fitim"}]},{"@type":"WebSite","@id":"https:\/\/globalallianceregister.com\/tr\/#website","url":"https:\/\/globalallianceregister.com\/tr\/","name":"Global Alliance Register","description":"(EN) Together for Excellence","potentialAction":[{"@type":"SearchAction","target":{"@type":"EntryPoint","urlTemplate":"https:\/\/globalallianceregister.com\/tr\/?s={search_term_string}"},"query-input":{"@type":"PropertyValueSpecification","valueRequired":true,"valueName":"search_term_string"}}],"inLanguage":"tr"}]}},"_links":{"self":[{"href":"https:\/\/globalallianceregister.com\/tr\/wp-json\/wp\/v2\/pages\/2505","targetHints":{"allow":["GET"]}}],"collection":[{"href":"https:\/\/globalallianceregister.com\/tr\/wp-json\/wp\/v2\/pages"}],"about":[{"href":"https:\/\/globalallianceregister.com\/tr\/wp-json\/wp\/v2\/types\/page"}],"author":[{"embeddable":true,"href":"https:\/\/globalallianceregister.com\/tr\/wp-json\/wp\/v2\/users\/10"}],"replies":[{"embeddable":true,"href":"https:\/\/globalallianceregister.com\/tr\/wp-json\/wp\/v2\/comments?post=2505"}],"version-history":[{"count":0,"href":"https:\/\/globalallianceregister.com\/tr\/wp-json\/wp\/v2\/pages\/2505\/revisions"}],"up":[{"embeddable":true,"href":"https:\/\/globalallianceregister.com\/tr\/wp-json\/wp\/v2\/pages\/2176"}],"wp:featuredmedia":[{"embeddable":true,"href":"https:\/\/globalallianceregister.com\/tr\/wp-json\/wp\/v2\/media\/5171"}],"wp:attachment":[{"href":"https:\/\/globalallianceregister.com\/tr\/wp-json\/wp\/v2\/media?parent=2505"}],"curies":[{"name":"wp","href":"https:\/\/api.w.org\/{rel}","templated":true}]}}