{"id":255,"date":"2010-12-29T13:55:56","date_gmt":"2010-12-29T13:55:56","guid":{"rendered":"https:\/\/globalallianceregister.com\/?page_id=255"},"modified":"2016-02-04T14:33:44","modified_gmt":"2016-02-04T14:33:44","slug":"motivation-programs","status":"publish","type":"page","link":"https:\/\/globalallianceregister.com\/tr\/services\/egitim\/motivation-programs\/","title":{"rendered":"Motivasyon Programlar\u0131"},"content":{"rendered":"<p><strong>Global Alliance Academy<\/strong>; e\u011fitim, konferans, seminer ve \u00e7al\u0131\u015ftaylar arac\u0131l\u0131\u011f\u0131 ile Ulusal &amp; Uluslararas\u0131 Standartlar, Reg\u00fclasyonlar, Yerel Mevzuat, Kurumsal &amp; Bireysel Geli\u015fim \u0130nsan Kaynaklar\u0131, Finans ve Motivasyon konular\u0131 \u00fczerine m\u00fc\u015fterilerine nitelikli e\u011fitimler sunan konusunda lider bir organizasyondur.<\/p>\n<p><strong>Global Alliance Academy taraf\u0131ndan gelenesel olarak sunulmakta olan Motivasyon Program\u0131 &amp; E\u011fitimleri \u015fu \u015fekildedir:<\/strong><\/p>\n<ul>\n<li><strong>Y\u00fcksek Performans Liderlik<\/strong>\n<ul>\n<li>Lider Karakteristikleri,<\/li>\n<li>Etkin Liderlik Stili,<\/li>\n<li>Liderlik De\u011ferlendirme Ara\u00e7lar\u0131,<\/li>\n<\/ul>\n<\/li>\n<li><strong>Bireysel Geli\u015fim &amp; Ki\u015fisel Ba\u015far\u0131,<\/strong>\n<ul>\n<li>Pozitif D\u00fc\u015f\u00fcnme,<\/li>\n<li>Bireysel Geli\u015fim \u00d6nerileri,<\/li>\n<li>\u00c7ekim Yasas\u0131,<\/li>\n<li>Bireysel Geli\u015fim Kaynaklar\u0131- S\u0131nama &amp; Egzersizler<\/li>\n<\/ul>\n<\/li>\n<li><strong>\u0130li\u015fki &amp; Etkileme,<\/strong>\n<ul>\n<li>\u0130\u015fyerinde G\u00fc\u00e7l\u00fc \u0130li\u015fkiler Kurmak,<\/li>\n<li>\u0130\u015fyerinde \u0130leti\u015fimi Geli\u015ftirme,<\/li>\n<li>Zor Ki\u015filiklerle Ba\u015fa \u00c7\u0131kma,<\/li>\n<li>\u0130li\u015fki S\u0131namalar\u0131,<\/li>\n<\/ul>\n<\/li>\n<li><strong>Y\u00fcksek Performans K\u00fclt\u00fcr\u00fcn\u00fc Olu\u015fturma<\/strong>\n<ul>\n<li>Organizasyon Tasar\u0131m\u0131 &amp; De\u011ferler,<\/li>\n<li>\u0130\u015fyerinde Motivasyonun G\u00fc\u00e7lendirilmesi,<\/li>\n<li>De\u011fi\u015fim Y\u00f6netimi,<\/li>\n<li>Organizasyon \u00c7al\u0131\u015fma \u0130klimi S\u00f6rveyleri,<\/li>\n<\/ul>\n<\/li>\n<li><strong>Yat\u00e7\u0131l\u0131k<\/strong>\n<ul>\n<li>Yat\u00e7\u0131l\u0131\u011f\u0131n Temel Prensipleri,<\/li>\n<li>Ekip Yetkinlik E\u011fitimi,<\/li>\n<li>G\u00fcnl\u00fck Seyir Kaptanl\u0131\u011f\u0131 \u2013Temel E\u011fitim<\/li>\n<li>K\u0131y\u0131 Kaptanl\u0131\u011f\u0131- \u0130leri E\u011fitim<\/li>\n<\/ul>\n<\/li>\n<\/ul>\n<p><strong>Kurumunuz i\u00e7in planlad\u0131\u011f\u0131n\u0131z veya Global Alliance Academy taraf\u0131ndan sunulmakta olan e\u011fitimler ve programlar hakk\u0131nda l\u00fctfen taraf\u0131m\u0131zla temas kurunuz\u2026<\/strong><\/p>","protected":false},"excerpt":{"rendered":"<p>Global Alliance Academy; e\u011fitim, konferans, seminer ve \u00e7al\u0131\u015ftaylar arac\u0131l\u0131\u011f\u0131 ile Ulusal &amp; Uluslararas\u0131 Standartlar, Reg\u00fclasyonlar, Yerel Mevzuat, Kurumsal &amp; Bireysel Geli\u015fim \u0130nsan Kaynaklar\u0131, Finans ve Motivasyon konular\u0131 \u00fczerine m\u00fc\u015fterilerine nitelikli&#8230; <\/p>\n","protected":false},"author":10,"featured_media":0,"parent":103,"menu_order":12,"comment_status":"closed","ping_status":"closed","template":"page-full.php","meta":{"_acf_changed":false,"om_disable_all_campaigns":false,"footnotes":""},"class_list":["post-255","page","type-page","status-publish","hentry"],"acf":[],"yoast_head":"<!-- This site is optimized with the Yoast SEO plugin v27.4 - https:\/\/yoast.com\/product\/yoast-seo-wordpress\/ -->\n<title>Motivasyon Programlar\u0131 - Global Alliance Register<\/title>\n<meta name=\"robots\" content=\"index, follow, max-snippet:-1, max-image-preview:large, max-video-preview:-1\" \/>\n<link rel=\"canonical\" href=\"https:\/\/globalallianceregister.com\/tr\/services\/egitim\/motivation-programs\/\" \/>\n<meta property=\"og:locale\" content=\"tr_TR\" \/>\n<meta property=\"og:type\" content=\"article\" \/>\n<meta property=\"og:title\" content=\"Motivasyon Programlar\u0131 - Global Alliance Register\" \/>\n<meta property=\"og:description\" content=\"Global Alliance Academy; e\u011fitim, konferans, seminer ve \u00e7al\u0131\u015ftaylar arac\u0131l\u0131\u011f\u0131 ile Ulusal &amp; Uluslararas\u0131 Standartlar, Reg\u00fclasyonlar, Yerel Mevzuat, Kurumsal &amp; Bireysel Geli\u015fim \u0130nsan Kaynaklar\u0131, Finans ve Motivasyon konular\u0131 \u00fczerine m\u00fc\u015fterilerine nitelikli...\" \/>\n<meta property=\"og:url\" content=\"https:\/\/globalallianceregister.com\/tr\/services\/egitim\/motivation-programs\/\" \/>\n<meta property=\"og:site_name\" content=\"Global Alliance Register\" \/>\n<meta property=\"article:modified_time\" content=\"2016-02-04T14:33:44+00:00\" \/>\n<meta name=\"twitter:label1\" content=\"Tahmini okuma s\u00fcresi\" \/>\n\t<meta name=\"twitter:data1\" content=\"2 dakika\" \/>\n<script type=\"application\/ld+json\" class=\"yoast-schema-graph\">{\"@context\":\"https:\\\/\\\/schema.org\",\"@graph\":[{\"@type\":\"WebPage\",\"@id\":\"https:\\\/\\\/globalallianceregister.com\\\/tr\\\/services\\\/egitim\\\/motivation-programs\\\/\",\"url\":\"https:\\\/\\\/globalallianceregister.com\\\/tr\\\/services\\\/egitim\\\/motivation-programs\\\/\",\"name\":\"Motivasyon Programlar\u0131 - Global Alliance Register\",\"isPartOf\":{\"@id\":\"https:\\\/\\\/globalallianceregister.com\\\/tr\\\/#website\"},\"datePublished\":\"2010-12-29T13:55:56+00:00\",\"dateModified\":\"2016-02-04T14:33:44+00:00\",\"breadcrumb\":{\"@id\":\"https:\\\/\\\/globalallianceregister.com\\\/tr\\\/services\\\/egitim\\\/motivation-programs\\\/#breadcrumb\"},\"inLanguage\":\"tr\",\"potentialAction\":[{\"@type\":\"ReadAction\",\"target\":[[\"https:\\\/\\\/globalallianceregister.com\\\/tr\\\/services\\\/egitim\\\/motivation-programs\\\/\"]]}]},{\"@type\":\"BreadcrumbList\",\"@id\":\"https:\\\/\\\/globalallianceregister.com\\\/tr\\\/services\\\/egitim\\\/motivation-programs\\\/#breadcrumb\",\"itemListElement\":[{\"@type\":\"ListItem\",\"position\":1,\"name\":\"Anasayfa\",\"item\":\"https:\\\/\\\/globalallianceregister.com\\\/tr\\\/\"},{\"@type\":\"ListItem\",\"position\":2,\"name\":\"Hizmetler\",\"item\":\"https:\\\/\\\/globalallianceregister.com\\\/tr\\\/services\\\/\"},{\"@type\":\"ListItem\",\"position\":3,\"name\":\"E\u011fitim\",\"item\":\"https:\\\/\\\/globalallianceregister.com\\\/tr\\\/services\\\/egitim\\\/\"},{\"@type\":\"ListItem\",\"position\":4,\"name\":\"Motivation Programs\"}]},{\"@type\":\"WebSite\",\"@id\":\"https:\\\/\\\/globalallianceregister.com\\\/tr\\\/#website\",\"url\":\"https:\\\/\\\/globalallianceregister.com\\\/tr\\\/\",\"name\":\"Global Alliance Register\",\"description\":\"(EN) Together for Excellence\",\"potentialAction\":[{\"@type\":\"SearchAction\",\"target\":{\"@type\":\"EntryPoint\",\"urlTemplate\":\"https:\\\/\\\/globalallianceregister.com\\\/tr\\\/?s={search_term_string}\"},\"query-input\":{\"@type\":\"PropertyValueSpecification\",\"valueRequired\":true,\"valueName\":\"search_term_string\"}}],\"inLanguage\":\"tr\"}]}<\/script>\n<!-- \/ Yoast SEO plugin. -->","yoast_head_json":{"title":"Motivasyon Programlar\u0131 - Global Alliance Register","robots":{"index":"index","follow":"follow","max-snippet":"max-snippet:-1","max-image-preview":"max-image-preview:large","max-video-preview":"max-video-preview:-1"},"canonical":"https:\/\/globalallianceregister.com\/tr\/services\/egitim\/motivation-programs\/","og_locale":"tr_TR","og_type":"article","og_title":"Motivasyon Programlar\u0131 - Global Alliance Register","og_description":"Global Alliance Academy; e\u011fitim, konferans, seminer ve \u00e7al\u0131\u015ftaylar arac\u0131l\u0131\u011f\u0131 ile Ulusal &amp; Uluslararas\u0131 Standartlar, Reg\u00fclasyonlar, Yerel Mevzuat, Kurumsal &amp; Bireysel Geli\u015fim \u0130nsan Kaynaklar\u0131, Finans ve Motivasyon konular\u0131 \u00fczerine m\u00fc\u015fterilerine nitelikli...","og_url":"https:\/\/globalallianceregister.com\/tr\/services\/egitim\/motivation-programs\/","og_site_name":"Global Alliance Register","article_modified_time":"2016-02-04T14:33:44+00:00","twitter_misc":{"Tahmini okuma s\u00fcresi":"2 dakika"},"schema":{"@context":"https:\/\/schema.org","@graph":[{"@type":"WebPage","@id":"https:\/\/globalallianceregister.com\/tr\/services\/egitim\/motivation-programs\/","url":"https:\/\/globalallianceregister.com\/tr\/services\/egitim\/motivation-programs\/","name":"Motivasyon Programlar\u0131 - Global Alliance Register","isPartOf":{"@id":"https:\/\/globalallianceregister.com\/tr\/#website"},"datePublished":"2010-12-29T13:55:56+00:00","dateModified":"2016-02-04T14:33:44+00:00","breadcrumb":{"@id":"https:\/\/globalallianceregister.com\/tr\/services\/egitim\/motivation-programs\/#breadcrumb"},"inLanguage":"tr","potentialAction":[{"@type":"ReadAction","target":[["https:\/\/globalallianceregister.com\/tr\/services\/egitim\/motivation-programs\/"]]}]},{"@type":"BreadcrumbList","@id":"https:\/\/globalallianceregister.com\/tr\/services\/egitim\/motivation-programs\/#breadcrumb","itemListElement":[{"@type":"ListItem","position":1,"name":"Anasayfa","item":"https:\/\/globalallianceregister.com\/tr\/"},{"@type":"ListItem","position":2,"name":"Hizmetler","item":"https:\/\/globalallianceregister.com\/tr\/services\/"},{"@type":"ListItem","position":3,"name":"E\u011fitim","item":"https:\/\/globalallianceregister.com\/tr\/services\/egitim\/"},{"@type":"ListItem","position":4,"name":"Motivation Programs"}]},{"@type":"WebSite","@id":"https:\/\/globalallianceregister.com\/tr\/#website","url":"https:\/\/globalallianceregister.com\/tr\/","name":"Global Alliance Register","description":"(EN) Together for Excellence","potentialAction":[{"@type":"SearchAction","target":{"@type":"EntryPoint","urlTemplate":"https:\/\/globalallianceregister.com\/tr\/?s={search_term_string}"},"query-input":{"@type":"PropertyValueSpecification","valueRequired":true,"valueName":"search_term_string"}}],"inLanguage":"tr"}]}},"_links":{"self":[{"href":"https:\/\/globalallianceregister.com\/tr\/wp-json\/wp\/v2\/pages\/255","targetHints":{"allow":["GET"]}}],"collection":[{"href":"https:\/\/globalallianceregister.com\/tr\/wp-json\/wp\/v2\/pages"}],"about":[{"href":"https:\/\/globalallianceregister.com\/tr\/wp-json\/wp\/v2\/types\/page"}],"author":[{"embeddable":true,"href":"https:\/\/globalallianceregister.com\/tr\/wp-json\/wp\/v2\/users\/10"}],"replies":[{"embeddable":true,"href":"https:\/\/globalallianceregister.com\/tr\/wp-json\/wp\/v2\/comments?post=255"}],"version-history":[{"count":0,"href":"https:\/\/globalallianceregister.com\/tr\/wp-json\/wp\/v2\/pages\/255\/revisions"}],"up":[{"embeddable":true,"href":"https:\/\/globalallianceregister.com\/tr\/wp-json\/wp\/v2\/pages\/103"}],"wp:attachment":[{"href":"https:\/\/globalallianceregister.com\/tr\/wp-json\/wp\/v2\/media?parent=255"}],"curies":[{"name":"wp","href":"https:\/\/api.w.org\/{rel}","templated":true}]}}