{"id":258,"date":"2010-12-29T13:57:51","date_gmt":"2010-12-29T13:57:51","guid":{"rendered":"https:\/\/globalallianceregister.com\/?page_id=258"},"modified":"2016-01-08T18:23:33","modified_gmt":"2016-01-08T18:23:33","slug":"land-development-consultancy","status":"publish","type":"page","link":"https:\/\/globalallianceregister.com\/tr\/services\/project-management\/land-development-consultancy\/","title":{"rendered":"Arsa \u00dcretimi Dan\u0131\u015fmanl\u0131\u011f\u0131"},"content":{"rendered":"<p><strong>Global Alliance Register<\/strong>, in\u015faat sekt\u00f6r\u00fcnde proje y\u00f6netimi alan\u0131nda lider bir kurulu\u015f olarak, t\u00fcm m\u00fchendislik disiplinlerini kapsayan \u00fcst\u00fcn deneyimlere sahip ve b\u00fcy\u00fck bir kadroyla; projeler \u00fczerindeki \u00f6nemli etkisini ve \u00f6neminin fark\u0131nda olarak yerel ve uluslararas\u0131 m\u00fc\u015fterileri i\u00e7in <strong>\u201cArsa \u00dcretimi Dan\u0131\u015fmanl\u0131\u011f\u0131 Hizmetleri\u201d<\/strong> sunmaktad\u0131r. \u00a0<\/p>\n<p><strong>Arsa Geli\u015ftirme Dan\u0131\u015fmanl\u0131k Hizmetleri<\/strong> ile birlikte <strong>Global Alliance Register<\/strong> taraf\u0131ndan sunulan \u00e7\u00f6z\u00fcmler; \u00a0karma\u015f\u0131k arsa \u00fcretimi projelerinde kritik \u00f6neme sahip olan mimariden m\u00fchendisli\u011fe t\u00fcm \u00e7evresel, ekonomik, fiziki ve politik boyutlar\u0131 da kapsayacak \u015fekilde geni\u015f bir yelpazeye sahiptir.<\/p>\n<p><strong>Global Alliance Uzmanlar\u0131<\/strong> birbiriyle ili\u015fkili olan bir dizi aktivite verimli ve zaman\u0131nda tamamlayacak \u015fekilde koordine etmek konusunda olduk\u00e7a deneyimlidir. <strong>Global Alliance Register Ekibi:<\/strong> proje tasar\u0131m\u0131n\u0131 yapan mimar m\u00fchendisler, in\u015faat m\u00fchendisleri, elektrik m\u00fchendisleri, jeologlar, jeodezi m\u00fchendisleri, makina m\u00fchendisleri ve \u015fantiye planlamac\u0131lar\u0131; projeye ili\u015fkin b\u00fct\u00e7esel tahminleri yapan dan\u0131\u015fmanlar, b\u00fct\u00e7e ve planlama m\u00fchendislerinden; ilgili idarelerle ve payda\u015flarla s\u00f6zle\u015fme ve protokolleri haz\u0131rlayan konusunda uzman avukatlardan; saha fiziki s\u0131n\u0131rland\u0131rmalar\u0131n\u0131 ve \u00e7evresel etkileri analiz eden jeologlar ve \u00e7evre m\u00fchendislerinden; yap\u0131n\u0131n yasal \u00e7er\u00e7evede in\u015fa edildi\u011fini kontrol eden enspekt\u00f6rlerden;\u00a0 ve proje finansman\u0131 konusunda kons\u00fcltasyon yapan finans dan\u0131\u015fmanlar\u0131ndan olu\u015fmaktad\u0131r.<\/p>\n<p>Global Alliance Register kesin bilgi ve zaman\u0131nda tavsiye verilmesinin mant\u0131kl\u0131 karar alma s\u00fcrecinde \u00f6nemine g\u00fc\u00e7l\u00fc \u015fekilde inanmaktad\u0131r. Zaman\u0131nda ve optimum maliyetle sonu\u00e7lara ula\u015f\u0131lmas\u0131n\u0131 sa\u011flayacak do\u011fru dan\u0131\u015fman i\u015f orta\u011f\u0131n\u0131n belirlenmesi bu ihtiya\u00e7lar\u0131n tatmin edilmesinde olduk\u00e7a \u00f6nemlidir.<\/p>\n<p>Global Alliance Register ekibi her tip ve \u00f6l\u00e7ekte end\u00fcstriyel tesis, i\u015f merkezi, konut projelerinde arsa \u00fcretimi konusunda olduk\u00e7a \u00f6nemli seviyede deneyime sahiptir. Yerel ve uluslararas\u0131 arenada edindi\u011fimiz deneyimleri her bir m\u00fc\u015fterimize \u00f6zel olarak tasarlanm\u0131\u015f \u00fcst d\u00fczey dan\u0131\u015fmanl\u0131k \u00e7\u00f6z\u00fcmleri sunulmas\u0131nda de\u011ferlendirmekteyiz.<\/p>\n<p>GAR Arsa \u00dcretimi Ekibi; in\u015faat projesi \u00f6ncesi planlama a\u015famas\u0131ndan in\u015faat faaliyetleri ve takip eden a\u015famalar da d\u00e2hil arsa \u00fcretiminin t\u00fcm ya\u015fam d\u00f6ng\u00fcs\u00fc i\u00e7inde bulunan s\u00fcre\u00e7leri kapsay\u0131c\u0131 dan\u0131\u015fmanl\u0131k \u00e7\u00f6z\u00fcmleri sunmaktad\u0131r. Global Alliance olarak m\u00fc\u015fterilerimiz ad\u0131na mevcut ili\u015fkilerimizi, edindi\u011fimiz deneyimleri ve bilgi birikimimizi kullanarak; proje sahiplerine, kullan\u0131c\u0131lara ve topluma yararl\u0131 olacak arsa geli\u015ftirme projelerine destek verme konusunda olduk\u00e7a kararl\u0131y\u0131z.<\/p>\n<p>Global Alliance Register\u2019\u0131n taahh\u00fctt\u00fc m\u00fc\u015fterilerinin hedeflerine ula\u015f\u0131lmas\u0131d\u0131r. Her nas\u0131l olursa olsun, bir arsa \u00fcretimi projesinin ba\u015far\u0131l\u0131 bir \u015fekilde sonuca ula\u015fmas\u0131 tamam\u0131yla m\u00fc\u015fterinin beklentilerinin, projenin ve kapsam\u0131n\u0131n do\u011fru anla\u015f\u0131lmas\u0131na ba\u011fl\u0131d\u0131r. Bu nedenle Global Alliance Register her zaman bir ekip ruhu ile g\u00f6revini y\u00fcr\u00fct\u00fcr ve projeyi faydalar\u0131 ve riskleri ile birlikte analiz eder. Global Alliance Register kadrolar\u0131 beklentilerinizin \u00fcst\u00fcnde yarat\u0131c\u0131 \u00e7\u00f6z\u00fcmler sunacak seviyede olduk\u00e7a kalifiye ve deneyimli uzmanlardan olu\u015fmaktad\u0131r.<\/p>\n<p><strong>Global Alliance Register<\/strong> taraf\u0131ndan sa\u011flanan katma-de\u011fer firma-i\u00e7i uzmanl\u0131k, uluslararas\u0131 bilgi birikimi ve in\u015faat sekt\u00f6r\u00fcnde kazan\u0131lm\u0131\u015f sekt\u00f6rel ili\u015fkiler a\u011f\u0131yla sa\u011flanmaktad\u0131r.<\/p>\n<p><strong>Arsa \u00dcretimi Dan\u0131\u015fmanl\u0131k Hizmetleri<\/strong> ve daha fazlas\u0131 i\u00e7in en k\u0131sa s\u00fcre i\u00e7inde taraf\u0131m\u0131zla temas kurunuz\u2026<\/p>\n<h1>\u00a0<\/h1>\n<h1>\u0130lgili Sekt\u00f6rler<\/h1>\n<table>\n<tbody>\n<tr>\n<td style=\"width: 350px; border-color: #ffffff; height: 30px; text-align: left; vertical-align: middle; background-color: #f7f7f7;\" width=\"250\">\n<ul style=\"list-style-type: square;\">\n<li><a title=\"Denizcilik Sekt\u00f6r\u00fc\" href=\"https:\/\/globalallianceregister.com\/?page_id=9&amp;lang=tr\" target=\"_blank\">DEN\u0130ZC\u0130L\u0130K<\/a><\/li>\n<\/ul>\n<\/td>\n<td style=\"width: 350px; border-color: #ffffff; height: 30px; text-align: left; vertical-align: middle; background-color: #f7f7f7;\" width=\"250\">\n<ul style=\"list-style-type: square;\">\n<li><a title=\"\u0130n\u015faat Sekt\u00f6r\u00fc\" href=\"https:\/\/globalallianceregister.com\/?page_id=11&amp;lang=tr\" target=\"_blank\">\u0130N\u015eAAT<\/a><\/li>\n<\/ul>\n<\/td>\n<td style=\"width: 350px; border-color: #ffffff; height: 30px; text-align: left; vertical-align: middle; background-color: #f7f7f7;\" width=\"251\">\n<ul style=\"list-style-type: square;\">\n<li><a title=\"Petrol &amp; Gaz Sekt\u00f6r\u00fc\" href=\"https:\/\/globalallianceregister.com\/?page_id=13&amp;lang=tr\" target=\"_blank\">PETROL &amp; GAZ<\/a><\/li>\n<\/ul>\n<\/td>\n<\/tr>\n<tr>\n<td style=\"width: 350px; border-color: #ffffff; height: 30px; text-align: left; vertical-align: middle; background-color: #f7f7f7;\" width=\"250\">\n<ul style=\"list-style-type: square;\">\n<li><a title=\"Enerji &amp; Tesisler\" href=\"https:\/\/globalallianceregister.com\/?page_id=15&amp;lang=tr\" target=\"_blank\">ENERJ\u0130 &amp; TES\u0130SLER<\/a><\/li>\n<\/ul>\n<\/td>\n<td style=\"width: 350px; border-color: #ffffff; height: 30px; text-align: left; vertical-align: middle; background-color: #f7f7f7;\" width=\"250\">\n<ul style=\"list-style-type: square;\">\n<li><a title=\"\u0130malat Sekt\u00f6r\u00fc\" href=\"https:\/\/globalallianceregister.com\/?page_id=20&amp;lang=tr\" target=\"_blank\">\u0130MALAT<\/a><\/li>\n<\/ul>\n<\/td>\n<td style=\"width: 350px; border-color: #ffffff; height: 30px; text-align: left; vertical-align: middle; background-color: #f7f7f7;\" width=\"251\">\n<ul style=\"list-style-type: square;\">\n<li><a title=\"Ula\u015ft\u0131rma &amp; Lojistik Sekt\u00f6r\u00fc\" href=\"https:\/\/globalallianceregister.com\/?page_id=22&amp;lang=tr\" target=\"_blank\">ULA\u015eTIRMA &amp; LOJ\u0130ST\u0130K<\/a><\/li>\n<\/ul>\n<\/td>\n<\/tr>\n<tr>\n<td style=\"width: 350px; border-color: #ffffff; height: 30px; text-align: left; vertical-align: middle; background-color: #f7f7f7;\" width=\"250\">\n<ul style=\"list-style-type: square;\">\n<li><a title=\"Uzay &amp; Havac\u0131l\u0131k Sekt\u00f6r\u00fc\" href=\"https:\/\/globalallianceregister.com\/?page_id=24&amp;lang=tr\" target=\"_blank\">UZAY &amp; HAVACILIK<\/a><\/li>\n<\/ul>\n<\/td>\n<td style=\"width: 350px; border-color: #ffffff; height: 30px; text-align: left; vertical-align: middle; background-color: #f7f7f7;\" width=\"250\">\n<ul style=\"list-style-type: square;\">\n<li><a title=\"Tar\u0131m &amp; G\u0131da Sekt\u00f6r\u00fc\" href=\"https:\/\/globalallianceregister.com\/?page_id=27&amp;lang=tr\" target=\"_blank\">TARIM &amp; GIDA<\/a><\/li>\n<\/ul>\n<\/td>\n<td style=\"width: 350px; border-color: #ffffff; height: 30px; text-align: left; vertical-align: middle; background-color: #f7f7f7;\" width=\"251\">\n<ul style=\"list-style-type: square;\">\n<li><a title=\"Turizm &amp; Otelcilik Sekt\u00f6r\u00fc\" href=\"https:\/\/globalallianceregister.com\/?page_id=29&amp;lang=tr\" target=\"_blank\">TUR\u0130ZM &amp; OTELC\u0130L\u0130K<\/a><\/li>\n<\/ul>\n<\/td>\n<\/tr>\n<tr>\n<td style=\"width: 350px; border-color: #ffffff; height: 30px; text-align: left; vertical-align: middle; background-color: #f7f7f7;\" width=\"250\">\n<ul style=\"list-style-type: square;\">\n<li><a title=\"Finans &amp; Bankac\u0131l\u0131k Sekt\u00f6r\u00fc\" href=\"https:\/\/globalallianceregister.com\/?page_id=38&amp;lang=tr\" target=\"_blank\">F\u0130NANS<\/a><\/li>\n<\/ul>\n<\/td>\n<td style=\"width: 350px; border-color: #ffffff; height: 30px; text-align: left; vertical-align: middle; background-color: #f7f7f7;\" width=\"250\">\n<ul style=\"list-style-type: square;\">\n<li><a title=\"Sigorta Sekt\u00f6r\u00fc\" href=\"https:\/\/globalallianceregister.com\/?page_id=40&amp;lang=tr\" target=\"_blank\">S\u0130GORTA<\/a><\/li>\n<\/ul>\n<\/td>\n<td style=\"width: 350px; border-color: #ffffff; height: 30px; text-align: left; vertical-align: middle; background-color: #f7f7f7;\" width=\"251\">\n<ul style=\"list-style-type: square;\">\n<li><a title=\"Bilgi Teknolojileri Sekt\u00f6r\u00fc\" href=\"https:\/\/globalallianceregister.com\/?page_id=52&amp;lang=tr\" target=\"_blank\">B\u0130LG\u0130 TEKNOLOJ\u0130LER\u0130<\/a><\/li>\n<\/ul>\n<\/td>\n<\/tr>\n<tr>\n<td style=\"width: 350px; border-color: #ffffff; height: 30px; text-align: left; vertical-align: middle; background-color: #f7f7f7;\" width=\"250\">\n<ul style=\"list-style-type: square;\">\n<li><a title=\"Telekom\u00fcnikasyon Sekt\u00f6r\u00fc\" href=\"https:\/\/globalallianceregister.com\/?page_id=54&amp;lang=tr\" target=\"_blank\">TELEKOM\u00dcN\u0130KASYON<\/a><\/li>\n<\/ul>\n<\/td>\n<td style=\"width: 350px; border-color: #ffffff; height: 30px; text-align: left; vertical-align: middle; background-color: #f7f7f7;\" width=\"250\">\n<ul style=\"list-style-type: square;\">\n<li><a title=\"Sa\u011fl\u0131k &amp; T\u0131p Sekt\u00f6r\u00fc\" href=\"https:\/\/globalallianceregister.com\/?page_id=56&amp;lang=tr\" target=\"_blank\">SA\u011eLIK &amp; TIP<\/a><\/li>\n<\/ul>\n<\/td>\n<td style=\"width: 350px; border-color: #ffffff; height: 30px; text-align: left; vertical-align: middle; background-color: #f7f7f7;\" width=\"251\">\u00a0<\/td>\n<\/tr>\n<\/tbody>\n<\/table>","protected":false},"excerpt":{"rendered":"<p>Global Alliance Register, in\u015faat sekt\u00f6r\u00fcnde proje y\u00f6netimi alan\u0131nda lider bir kurulu\u015f olarak, t\u00fcm m\u00fchendislik disiplinlerini kapsayan \u00fcst\u00fcn deneyimlere sahip ve b\u00fcy\u00fck bir kadroyla; projeler \u00fczerindeki \u00f6nemli etkisini ve \u00f6neminin fark\u0131nda&#8230; <\/p>\n","protected":false},"author":10,"featured_media":5148,"parent":93,"menu_order":1,"comment_status":"closed","ping_status":"closed","template":"page-full.php","meta":{"_acf_changed":false,"om_disable_all_campaigns":false,"footnotes":""},"class_list":["post-258","page","type-page","status-publish","has-post-thumbnail","hentry"],"acf":[],"yoast_head":"<!-- This site is optimized with the Yoast SEO plugin v27.4 - https:\/\/yoast.com\/product\/yoast-seo-wordpress\/ -->\n<title>Arsa \u00dcretimi Dan\u0131\u015fmanl\u0131\u011f\u0131 - Global Alliance Register<\/title>\n<meta name=\"robots\" content=\"index, follow, max-snippet:-1, max-image-preview:large, max-video-preview:-1\" \/>\n<link rel=\"canonical\" href=\"https:\/\/globalallianceregister.com\/tr\/services\/project-management\/land-development-consultancy\/\" \/>\n<meta property=\"og:locale\" content=\"tr_TR\" \/>\n<meta property=\"og:type\" content=\"article\" \/>\n<meta property=\"og:title\" content=\"Arsa \u00dcretimi Dan\u0131\u015fmanl\u0131\u011f\u0131 - Global Alliance Register\" \/>\n<meta property=\"og:description\" content=\"Global Alliance Register, in\u015faat sekt\u00f6r\u00fcnde proje y\u00f6netimi alan\u0131nda lider bir kurulu\u015f olarak, t\u00fcm m\u00fchendislik disiplinlerini kapsayan \u00fcst\u00fcn deneyimlere sahip ve b\u00fcy\u00fck bir kadroyla; projeler \u00fczerindeki \u00f6nemli etkisini ve \u00f6neminin fark\u0131nda...\" \/>\n<meta property=\"og:url\" content=\"https:\/\/globalallianceregister.com\/tr\/services\/project-management\/land-development-consultancy\/\" \/>\n<meta property=\"og:site_name\" content=\"Global Alliance Register\" \/>\n<meta property=\"article:modified_time\" content=\"2016-01-08T18:23:33+00:00\" \/>\n<meta property=\"og:image\" content=\"https:\/\/globalallianceregister.com\/wp-content\/uploads\/2015\/08\/Construction-Inner-Page.jpg\" \/>\n\t<meta property=\"og:image:width\" content=\"614\" \/>\n\t<meta property=\"og:image:height\" content=\"200\" \/>\n\t<meta property=\"og:image:type\" content=\"image\/jpeg\" \/>\n<meta name=\"twitter:label1\" content=\"Tahmini okuma s\u00fcresi\" \/>\n\t<meta name=\"twitter:data1\" content=\"5 dakika\" \/>\n<script type=\"application\/ld+json\" class=\"yoast-schema-graph\">{\"@context\":\"https:\\\/\\\/schema.org\",\"@graph\":[{\"@type\":\"WebPage\",\"@id\":\"https:\\\/\\\/globalallianceregister.com\\\/tr\\\/services\\\/project-management\\\/land-development-consultancy\\\/\",\"url\":\"https:\\\/\\\/globalallianceregister.com\\\/tr\\\/services\\\/project-management\\\/land-development-consultancy\\\/\",\"name\":\"Arsa \u00dcretimi Dan\u0131\u015fmanl\u0131\u011f\u0131 - Global Alliance Register\",\"isPartOf\":{\"@id\":\"https:\\\/\\\/globalallianceregister.com\\\/tr\\\/#website\"},\"primaryImageOfPage\":{\"@id\":\"https:\\\/\\\/globalallianceregister.com\\\/tr\\\/services\\\/project-management\\\/land-development-consultancy\\\/#primaryimage\"},\"image\":{\"@id\":\"https:\\\/\\\/globalallianceregister.com\\\/tr\\\/services\\\/project-management\\\/land-development-consultancy\\\/#primaryimage\"},\"thumbnailUrl\":\"https:\\\/\\\/globalallianceregister.com\\\/wp-content\\\/uploads\\\/2015\\\/08\\\/Construction-Inner-Page.jpg\",\"datePublished\":\"2010-12-29T13:57:51+00:00\",\"dateModified\":\"2016-01-08T18:23:33+00:00\",\"breadcrumb\":{\"@id\":\"https:\\\/\\\/globalallianceregister.com\\\/tr\\\/services\\\/project-management\\\/land-development-consultancy\\\/#breadcrumb\"},\"inLanguage\":\"tr\",\"potentialAction\":[{\"@type\":\"ReadAction\",\"target\":[[\"https:\\\/\\\/globalallianceregister.com\\\/tr\\\/services\\\/project-management\\\/land-development-consultancy\\\/\"]]}]},{\"@type\":\"ImageObject\",\"inLanguage\":\"tr\",\"@id\":\"https:\\\/\\\/globalallianceregister.com\\\/tr\\\/services\\\/project-management\\\/land-development-consultancy\\\/#primaryimage\",\"url\":\"https:\\\/\\\/globalallianceregister.com\\\/wp-content\\\/uploads\\\/2015\\\/08\\\/Construction-Inner-Page.jpg\",\"contentUrl\":\"https:\\\/\\\/globalallianceregister.com\\\/wp-content\\\/uploads\\\/2015\\\/08\\\/Construction-Inner-Page.jpg\",\"width\":614,\"height\":200},{\"@type\":\"BreadcrumbList\",\"@id\":\"https:\\\/\\\/globalallianceregister.com\\\/tr\\\/services\\\/project-management\\\/land-development-consultancy\\\/#breadcrumb\",\"itemListElement\":[{\"@type\":\"ListItem\",\"position\":1,\"name\":\"Anasayfa\",\"item\":\"https:\\\/\\\/globalallianceregister.com\\\/tr\\\/\"},{\"@type\":\"ListItem\",\"position\":2,\"name\":\"Arsa \u00dcretimi Dan\u0131\u015fmanl\u0131\u011f\u0131\"}]},{\"@type\":\"WebSite\",\"@id\":\"https:\\\/\\\/globalallianceregister.com\\\/tr\\\/#website\",\"url\":\"https:\\\/\\\/globalallianceregister.com\\\/tr\\\/\",\"name\":\"Global Alliance Register\",\"description\":\"(EN) Together for Excellence\",\"potentialAction\":[{\"@type\":\"SearchAction\",\"target\":{\"@type\":\"EntryPoint\",\"urlTemplate\":\"https:\\\/\\\/globalallianceregister.com\\\/tr\\\/?s={search_term_string}\"},\"query-input\":{\"@type\":\"PropertyValueSpecification\",\"valueRequired\":true,\"valueName\":\"search_term_string\"}}],\"inLanguage\":\"tr\"}]}<\/script>\n<!-- \/ Yoast SEO plugin. -->","yoast_head_json":{"title":"Arsa \u00dcretimi Dan\u0131\u015fmanl\u0131\u011f\u0131 - Global Alliance Register","robots":{"index":"index","follow":"follow","max-snippet":"max-snippet:-1","max-image-preview":"max-image-preview:large","max-video-preview":"max-video-preview:-1"},"canonical":"https:\/\/globalallianceregister.com\/tr\/services\/project-management\/land-development-consultancy\/","og_locale":"tr_TR","og_type":"article","og_title":"Arsa \u00dcretimi Dan\u0131\u015fmanl\u0131\u011f\u0131 - Global Alliance Register","og_description":"Global Alliance Register, in\u015faat sekt\u00f6r\u00fcnde proje y\u00f6netimi alan\u0131nda lider bir kurulu\u015f olarak, t\u00fcm m\u00fchendislik disiplinlerini kapsayan \u00fcst\u00fcn deneyimlere sahip ve b\u00fcy\u00fck bir kadroyla; projeler \u00fczerindeki \u00f6nemli etkisini ve \u00f6neminin fark\u0131nda...","og_url":"https:\/\/globalallianceregister.com\/tr\/services\/project-management\/land-development-consultancy\/","og_site_name":"Global Alliance Register","article_modified_time":"2016-01-08T18:23:33+00:00","og_image":[{"width":614,"height":200,"url":"https:\/\/globalallianceregister.com\/wp-content\/uploads\/2015\/08\/Construction-Inner-Page.jpg","type":"image\/jpeg"}],"twitter_misc":{"Tahmini okuma s\u00fcresi":"5 dakika"},"schema":{"@context":"https:\/\/schema.org","@graph":[{"@type":"WebPage","@id":"https:\/\/globalallianceregister.com\/tr\/services\/project-management\/land-development-consultancy\/","url":"https:\/\/globalallianceregister.com\/tr\/services\/project-management\/land-development-consultancy\/","name":"Arsa \u00dcretimi Dan\u0131\u015fmanl\u0131\u011f\u0131 - Global Alliance Register","isPartOf":{"@id":"https:\/\/globalallianceregister.com\/tr\/#website"},"primaryImageOfPage":{"@id":"https:\/\/globalallianceregister.com\/tr\/services\/project-management\/land-development-consultancy\/#primaryimage"},"image":{"@id":"https:\/\/globalallianceregister.com\/tr\/services\/project-management\/land-development-consultancy\/#primaryimage"},"thumbnailUrl":"https:\/\/globalallianceregister.com\/wp-content\/uploads\/2015\/08\/Construction-Inner-Page.jpg","datePublished":"2010-12-29T13:57:51+00:00","dateModified":"2016-01-08T18:23:33+00:00","breadcrumb":{"@id":"https:\/\/globalallianceregister.com\/tr\/services\/project-management\/land-development-consultancy\/#breadcrumb"},"inLanguage":"tr","potentialAction":[{"@type":"ReadAction","target":[["https:\/\/globalallianceregister.com\/tr\/services\/project-management\/land-development-consultancy\/"]]}]},{"@type":"ImageObject","inLanguage":"tr","@id":"https:\/\/globalallianceregister.com\/tr\/services\/project-management\/land-development-consultancy\/#primaryimage","url":"https:\/\/globalallianceregister.com\/wp-content\/uploads\/2015\/08\/Construction-Inner-Page.jpg","contentUrl":"https:\/\/globalallianceregister.com\/wp-content\/uploads\/2015\/08\/Construction-Inner-Page.jpg","width":614,"height":200},{"@type":"BreadcrumbList","@id":"https:\/\/globalallianceregister.com\/tr\/services\/project-management\/land-development-consultancy\/#breadcrumb","itemListElement":[{"@type":"ListItem","position":1,"name":"Anasayfa","item":"https:\/\/globalallianceregister.com\/tr\/"},{"@type":"ListItem","position":2,"name":"Arsa \u00dcretimi Dan\u0131\u015fmanl\u0131\u011f\u0131"}]},{"@type":"WebSite","@id":"https:\/\/globalallianceregister.com\/tr\/#website","url":"https:\/\/globalallianceregister.com\/tr\/","name":"Global Alliance Register","description":"(EN) Together for Excellence","potentialAction":[{"@type":"SearchAction","target":{"@type":"EntryPoint","urlTemplate":"https:\/\/globalallianceregister.com\/tr\/?s={search_term_string}"},"query-input":{"@type":"PropertyValueSpecification","valueRequired":true,"valueName":"search_term_string"}}],"inLanguage":"tr"}]}},"_links":{"self":[{"href":"https:\/\/globalallianceregister.com\/tr\/wp-json\/wp\/v2\/pages\/258","targetHints":{"allow":["GET"]}}],"collection":[{"href":"https:\/\/globalallianceregister.com\/tr\/wp-json\/wp\/v2\/pages"}],"about":[{"href":"https:\/\/globalallianceregister.com\/tr\/wp-json\/wp\/v2\/types\/page"}],"author":[{"embeddable":true,"href":"https:\/\/globalallianceregister.com\/tr\/wp-json\/wp\/v2\/users\/10"}],"replies":[{"embeddable":true,"href":"https:\/\/globalallianceregister.com\/tr\/wp-json\/wp\/v2\/comments?post=258"}],"version-history":[{"count":0,"href":"https:\/\/globalallianceregister.com\/tr\/wp-json\/wp\/v2\/pages\/258\/revisions"}],"up":[{"embeddable":true,"href":"https:\/\/globalallianceregister.com\/tr\/wp-json\/wp\/v2\/pages\/93"}],"wp:featuredmedia":[{"embeddable":true,"href":"https:\/\/globalallianceregister.com\/tr\/wp-json\/wp\/v2\/media\/5148"}],"wp:attachment":[{"href":"https:\/\/globalallianceregister.com\/tr\/wp-json\/wp\/v2\/media?parent=258"}],"curies":[{"name":"wp","href":"https:\/\/api.w.org\/{rel}","templated":true}]}}