{"id":267,"date":"2010-12-29T14:02:52","date_gmt":"2010-12-29T14:02:52","guid":{"rendered":"https:\/\/globalallianceregister.com\/?page_id=267"},"modified":"2016-01-11T13:15:14","modified_gmt":"2016-01-11T13:15:14","slug":"design-engineering-coordination","status":"publish","type":"page","link":"https:\/\/globalallianceregister.com\/tr\/services\/project-management\/design-engineering-coordination\/","title":{"rendered":"Tasar\u0131m ve M\u00fchendislik Koordinasyonu"},"content":{"rendered":"<p><strong>Global Alliance Register (GAR)<\/strong> proje ya\u015fam d\u00f6ng\u00fcs\u00fcn\u00fcn t\u00fcm a\u015famalar\u0131n\u0131 kapsayacak \u015fekilde her tip proje i\u00e7in ba\u011f\u0131ms\u0131z dan\u0131\u015fmanl\u0131k hizmetlerinden saha teknik s\u00fcpervize faaliyetleri d\u00e2hil olduk\u00e7a geni\u015f bir kapsamda <strong>Proje Y\u00f6netimi<\/strong> <strong>Hizmetleri<\/strong> sunmaktad\u0131r.<\/p>\n<p><strong>Global Alliance Register Uzmanlar\u0131,<\/strong> uluslararas\u0131 ve yerel m\u00fchendislik kodlar\u0131n\u0131n ve uygulamalar\u0131na entegre bir vizyonla; firma-i\u00e7i veya di\u011fer m\u00fchendislik ofisleri ile ger\u00e7ekle\u015ftirdi\u011finiz tasar\u0131m ve m\u00fchendislik aktivitelerinin koordinasyonunda sizlere destek olarak; karar alma s\u00fcrecinde olas\u0131 gecikmeleri engeller, ilgili lisans\/ ruhsat ve izinlerin zaman\u0131nda al\u0131nmas\u0131n\u0131 sa\u011flar, in\u015faat faaliyetlerinin planlad\u0131\u011f\u0131 \u015fekilde ilerlemesine katk\u0131da bulunur.<\/p>\n<p><strong>Global Alliance Register<\/strong> in\u015faat sekt\u00f6r\u00fcnde m\u00fc\u015fterilerinin mevcut firma-i\u00e7i ve harici tasar\u0131m ekiplerini y\u00f6netme konusunda gerekli her t\u00fcrl\u00fc tasar\u0131m bilgi-birikimi ve deneyimine sahiptir.<\/p>\n<p><strong>Global Alliance Register<\/strong> \u00fcst\u00fcn vas\u0131flara sahip, tak\u0131m \u00e7al\u0131\u015fmas\u0131na yatk\u0131n mimar ve m\u00fchendislerden olu\u015fan deneyimli kadrosuyla m\u00fc\u015fterilerinin zorluk derecesi y\u00fcksek karma\u015f\u0131k projelerine y\u00fcksek katma-de\u011fer ve uzmanl\u0131k sa\u011flamaktad\u0131r.<\/p>\n<p>Global Alliance Register taraf\u0131ndan \u201c<strong>Tasar\u0131m ve M\u00fchendislik Koordinasyonu\u201d <\/strong>kapsam\u0131nda sunulan hizmetler genel hatlar\u0131yla \u015fu ba\u015fl\u0131klardan olu\u015fmaktad\u0131r:<\/p>\n<ul>\n<li>Mimar ve M\u00fchendislik Kaynaklar\u0131 i\u00e7in D\u0131\u015f Kaynak Tedarik Hizmetleri,<\/li>\n<li>Tasar\u0131m Koordinasyon ve \u0130zlemem Dan\u0131\u015fmanlar\u0131 Sa\u011flanmas\u0131,<\/li>\n<li>Proje \u0130lerleme Toplant\u0131lar\u0131n\u0131n Koordinasyonu,<\/li>\n<li>\u00c7izim ve \u015eartnamelerin G\u00f6zden Ge\u00e7irilmesi ve Do\u011frulanmas\u0131,<\/li>\n<li>Metot ve Maliyet D\u00fc\u015f\u00fcr\u00fcc\u00fc\/ Verimlilik Art\u0131r\u0131c\u0131 Tedbirlerin G\u00f6zden Ge\u00e7irilmesi Do\u011frulanmas\u0131,<\/li>\n<li>\u0130zin Dosyas\u0131 Gerekliliklerinin Do\u011frulanmas\u0131,<\/li>\n<\/ul>\n<p><strong>Tasar\u0131m ve M\u00fchendislik Koordinasyonu <\/strong>hakk\u0131nda sorular\u0131n\u0131z ve teklif talepleriniz i\u00e7in l\u00fctfen taraf\u0131m\u0131zla temas kurunuz\u2026<\/p>\n<h1>\u00a0<\/h1>\n<h1>\u0130lgili Sekt\u00f6rler<\/h1>\n<table>\n<tbody>\n<tr>\n<td style=\"width: 350px; border-color: #ffffff; height: 30px; text-align: left; vertical-align: middle; background-color: #f7f7f7;\" width=\"250\">\n<ul style=\"list-style-type: square;\">\n<li><a title=\"Denizcilik Sekt\u00f6r\u00fc\" href=\"https:\/\/globalallianceregister.com\/?page_id=9&amp;lang=tr\" target=\"_blank\">DEN\u0130ZC\u0130L\u0130K<\/a><\/li>\n<\/ul>\n<\/td>\n<td style=\"width: 350px; border-color: #ffffff; height: 30px; text-align: left; vertical-align: middle; background-color: #f7f7f7;\" width=\"250\">\n<ul style=\"list-style-type: square;\">\n<li><a title=\"\u0130n\u015faat Sekt\u00f6r\u00fc\" href=\"https:\/\/globalallianceregister.com\/?page_id=11&amp;lang=tr\" target=\"_blank\">\u0130N\u015eAAT<\/a><\/li>\n<\/ul>\n<\/td>\n<td style=\"width: 350px; border-color: #ffffff; height: 30px; text-align: left; vertical-align: middle; background-color: #f7f7f7;\" width=\"251\">\n<ul style=\"list-style-type: square;\">\n<li><a title=\"Petrol &amp; Gaz Sekt\u00f6r\u00fc\" href=\"https:\/\/globalallianceregister.com\/?page_id=13&amp;lang=tr\" target=\"_blank\">PETROL &amp; GAZ<\/a><\/li>\n<\/ul>\n<\/td>\n<\/tr>\n<tr>\n<td style=\"width: 350px; border-color: #ffffff; height: 30px; text-align: left; vertical-align: middle; background-color: #f7f7f7;\" width=\"250\">\n<ul style=\"list-style-type: square;\">\n<li><a title=\"Enerji &amp; Tesisler\" href=\"https:\/\/globalallianceregister.com\/?page_id=15&amp;lang=tr\" target=\"_blank\">ENERJ\u0130 &amp; TES\u0130SLER<\/a><\/li>\n<\/ul>\n<\/td>\n<td style=\"width: 350px; border-color: #ffffff; height: 30px; text-align: left; vertical-align: middle; background-color: #f7f7f7;\" width=\"250\">\n<ul style=\"list-style-type: square;\">\n<li><a title=\"\u0130malat Sekt\u00f6r\u00fc\" href=\"https:\/\/globalallianceregister.com\/?page_id=20&amp;lang=tr\" target=\"_blank\">\u0130MALAT<\/a><\/li>\n<\/ul>\n<\/td>\n<td style=\"width: 350px; border-color: #ffffff; height: 30px; text-align: left; vertical-align: middle; background-color: #f7f7f7;\" width=\"251\">\n<ul style=\"list-style-type: square;\">\n<li><a title=\"Ula\u015ft\u0131rma &amp; Lojistik Sekt\u00f6r\u00fc\" href=\"https:\/\/globalallianceregister.com\/?page_id=22&amp;lang=tr\" target=\"_blank\">ULA\u015eTIRMA &amp; LOJ\u0130ST\u0130K<\/a><\/li>\n<\/ul>\n<\/td>\n<\/tr>\n<tr>\n<td style=\"width: 350px; border-color: #ffffff; height: 30px; text-align: left; vertical-align: middle; background-color: #f7f7f7;\" width=\"250\">\n<ul style=\"list-style-type: square;\">\n<li><a title=\"Uzay &amp; Havac\u0131l\u0131k Sekt\u00f6r\u00fc\" href=\"https:\/\/globalallianceregister.com\/?page_id=24&amp;lang=tr\" target=\"_blank\">UZAY &amp; HAVACILIK<\/a><\/li>\n<\/ul>\n<\/td>\n<td style=\"width: 350px; border-color: #ffffff; height: 30px; text-align: left; vertical-align: middle; background-color: #f7f7f7;\" width=\"250\">\n<ul style=\"list-style-type: square;\">\n<li><a title=\"Tar\u0131m &amp; G\u0131da Sekt\u00f6r\u00fc\" href=\"https:\/\/globalallianceregister.com\/?page_id=27&amp;lang=tr\" target=\"_blank\">TARIM &amp; GIDA<\/a><\/li>\n<\/ul>\n<\/td>\n<td style=\"width: 350px; border-color: #ffffff; height: 30px; text-align: left; vertical-align: middle; background-color: #f7f7f7;\" width=\"251\">\n<ul style=\"list-style-type: square;\">\n<li><a title=\"Turizm &amp; Otelcilik Sekt\u00f6r\u00fc\" href=\"https:\/\/globalallianceregister.com\/?page_id=29&amp;lang=tr\" target=\"_blank\">TUR\u0130ZM &amp; OTELC\u0130L\u0130K<\/a><\/li>\n<\/ul>\n<\/td>\n<\/tr>\n<tr>\n<td style=\"width: 350px; border-color: #ffffff; height: 30px; text-align: left; vertical-align: middle; background-color: #f7f7f7;\" width=\"250\">\n<ul style=\"list-style-type: square;\">\n<li><a title=\"Finans &amp; Bankac\u0131l\u0131k Sekt\u00f6r\u00fc\" href=\"https:\/\/globalallianceregister.com\/?page_id=38&amp;lang=tr\" target=\"_blank\">F\u0130NANS<\/a><\/li>\n<\/ul>\n<\/td>\n<td style=\"width: 350px; border-color: #ffffff; height: 30px; text-align: left; vertical-align: middle; background-color: #f7f7f7;\" width=\"250\">\n<ul style=\"list-style-type: square;\">\n<li><a title=\"Sigorta Sekt\u00f6r\u00fc\" href=\"https:\/\/globalallianceregister.com\/?page_id=40&amp;lang=tr\" target=\"_blank\">S\u0130GORTA<\/a><\/li>\n<\/ul>\n<\/td>\n<td style=\"width: 350px; border-color: #ffffff; height: 30px; text-align: left; vertical-align: middle; background-color: #f7f7f7;\" width=\"251\">\n<ul style=\"list-style-type: square;\">\n<li><a title=\"Bilgi Teknolojileri Sekt\u00f6r\u00fc\" href=\"https:\/\/globalallianceregister.com\/?page_id=52&amp;lang=tr\" target=\"_blank\">B\u0130LG\u0130 TEKNOLOJ\u0130LER\u0130<\/a><\/li>\n<\/ul>\n<\/td>\n<\/tr>\n<tr>\n<td style=\"width: 350px; border-color: #ffffff; height: 30px; text-align: left; vertical-align: middle; background-color: #f7f7f7;\" width=\"250\">\n<ul style=\"list-style-type: square;\">\n<li><a title=\"Telekom\u00fcnikasyon Sekt\u00f6r\u00fc\" href=\"https:\/\/globalallianceregister.com\/?page_id=54&amp;lang=tr\" target=\"_blank\">TELEKOM\u00dcN\u0130KASYON<\/a><\/li>\n<\/ul>\n<\/td>\n<td style=\"width: 350px; border-color: #ffffff; height: 30px; text-align: left; vertical-align: middle; background-color: #f7f7f7;\" width=\"250\">\n<ul style=\"list-style-type: square;\">\n<li><a title=\"Sa\u011fl\u0131k &amp; T\u0131p Sekt\u00f6r\u00fc\" href=\"https:\/\/globalallianceregister.com\/?page_id=56&amp;lang=tr\" target=\"_blank\">SA\u011eLIK &amp; TIP<\/a><\/li>\n<\/ul>\n<\/td>\n<td style=\"width: 350px; border-color: #ffffff; height: 30px; text-align: left; vertical-align: middle; background-color: #f7f7f7;\" width=\"251\">\u00a0<\/td>\n<\/tr>\n<\/tbody>\n<\/table>","protected":false},"excerpt":{"rendered":"<p>Global Alliance Register (GAR) proje ya\u015fam d\u00f6ng\u00fcs\u00fcn\u00fcn t\u00fcm a\u015famalar\u0131n\u0131 kapsayacak \u015fekilde her tip proje i\u00e7in ba\u011f\u0131ms\u0131z dan\u0131\u015fmanl\u0131k hizmetlerinden saha teknik s\u00fcpervize faaliyetleri d\u00e2hil olduk\u00e7a geni\u015f bir kapsamda Proje Y\u00f6netimi Hizmetleri&#8230; <\/p>\n","protected":false},"author":10,"featured_media":5119,"parent":93,"menu_order":6,"comment_status":"closed","ping_status":"closed","template":"page-full.php","meta":{"_acf_changed":false,"om_disable_all_campaigns":false,"footnotes":""},"class_list":["post-267","page","type-page","status-publish","has-post-thumbnail","hentry"],"acf":[],"yoast_head":"<!-- This site is optimized with the Yoast SEO plugin v27.4 - https:\/\/yoast.com\/product\/yoast-seo-wordpress\/ -->\n<title>Tasar\u0131m ve M\u00fchendislik Koordinasyonu - Global Alliance Register<\/title>\n<meta name=\"robots\" content=\"index, follow, max-snippet:-1, max-image-preview:large, max-video-preview:-1\" \/>\n<link rel=\"canonical\" href=\"https:\/\/globalallianceregister.com\/tr\/services\/project-management\/design-engineering-coordination\/\" \/>\n<meta property=\"og:locale\" content=\"tr_TR\" \/>\n<meta property=\"og:type\" content=\"article\" \/>\n<meta property=\"og:title\" content=\"Tasar\u0131m ve M\u00fchendislik Koordinasyonu - Global Alliance Register\" \/>\n<meta property=\"og:description\" content=\"Global Alliance Register (GAR) proje ya\u015fam d\u00f6ng\u00fcs\u00fcn\u00fcn t\u00fcm a\u015famalar\u0131n\u0131 kapsayacak \u015fekilde her tip proje i\u00e7in ba\u011f\u0131ms\u0131z dan\u0131\u015fmanl\u0131k hizmetlerinden saha teknik s\u00fcpervize faaliyetleri d\u00e2hil olduk\u00e7a geni\u015f bir kapsamda Proje Y\u00f6netimi Hizmetleri...\" \/>\n<meta property=\"og:url\" content=\"https:\/\/globalallianceregister.com\/tr\/services\/project-management\/design-engineering-coordination\/\" \/>\n<meta property=\"og:site_name\" content=\"Global Alliance Register\" \/>\n<meta property=\"article:modified_time\" content=\"2016-01-11T13:15:14+00:00\" \/>\n<meta property=\"og:image\" content=\"https:\/\/globalallianceregister.com\/wp-content\/uploads\/2010\/12\/Project-Management-Inner-Page-3.jpg\" \/>\n\t<meta property=\"og:image:width\" content=\"614\" \/>\n\t<meta property=\"og:image:height\" content=\"200\" \/>\n\t<meta property=\"og:image:type\" content=\"image\/jpeg\" \/>\n<meta name=\"twitter:label1\" content=\"Tahmini okuma s\u00fcresi\" \/>\n\t<meta name=\"twitter:data1\" content=\"3 dakika\" \/>\n<script type=\"application\/ld+json\" class=\"yoast-schema-graph\">{\"@context\":\"https:\\\/\\\/schema.org\",\"@graph\":[{\"@type\":\"WebPage\",\"@id\":\"https:\\\/\\\/globalallianceregister.com\\\/tr\\\/services\\\/project-management\\\/design-engineering-coordination\\\/\",\"url\":\"https:\\\/\\\/globalallianceregister.com\\\/tr\\\/services\\\/project-management\\\/design-engineering-coordination\\\/\",\"name\":\"Tasar\u0131m ve M\u00fchendislik Koordinasyonu - Global Alliance Register\",\"isPartOf\":{\"@id\":\"https:\\\/\\\/globalallianceregister.com\\\/tr\\\/#website\"},\"primaryImageOfPage\":{\"@id\":\"https:\\\/\\\/globalallianceregister.com\\\/tr\\\/services\\\/project-management\\\/design-engineering-coordination\\\/#primaryimage\"},\"image\":{\"@id\":\"https:\\\/\\\/globalallianceregister.com\\\/tr\\\/services\\\/project-management\\\/design-engineering-coordination\\\/#primaryimage\"},\"thumbnailUrl\":\"https:\\\/\\\/globalallianceregister.com\\\/wp-content\\\/uploads\\\/2010\\\/12\\\/Project-Management-Inner-Page-3.jpg\",\"datePublished\":\"2010-12-29T14:02:52+00:00\",\"dateModified\":\"2016-01-11T13:15:14+00:00\",\"breadcrumb\":{\"@id\":\"https:\\\/\\\/globalallianceregister.com\\\/tr\\\/services\\\/project-management\\\/design-engineering-coordination\\\/#breadcrumb\"},\"inLanguage\":\"tr\",\"potentialAction\":[{\"@type\":\"ReadAction\",\"target\":[[\"https:\\\/\\\/globalallianceregister.com\\\/tr\\\/services\\\/project-management\\\/design-engineering-coordination\\\/\"]]}]},{\"@type\":\"ImageObject\",\"inLanguage\":\"tr\",\"@id\":\"https:\\\/\\\/globalallianceregister.com\\\/tr\\\/services\\\/project-management\\\/design-engineering-coordination\\\/#primaryimage\",\"url\":\"https:\\\/\\\/globalallianceregister.com\\\/wp-content\\\/uploads\\\/2010\\\/12\\\/Project-Management-Inner-Page-3.jpg\",\"contentUrl\":\"https:\\\/\\\/globalallianceregister.com\\\/wp-content\\\/uploads\\\/2010\\\/12\\\/Project-Management-Inner-Page-3.jpg\",\"width\":614,\"height\":200},{\"@type\":\"BreadcrumbList\",\"@id\":\"https:\\\/\\\/globalallianceregister.com\\\/tr\\\/services\\\/project-management\\\/design-engineering-coordination\\\/#breadcrumb\",\"itemListElement\":[{\"@type\":\"ListItem\",\"position\":1,\"name\":\"Anasayfa\",\"item\":\"https:\\\/\\\/globalallianceregister.com\\\/tr\\\/\"},{\"@type\":\"ListItem\",\"position\":2,\"name\":\"Tasar\u0131m ve M\u00fchendislik Koordinasyonu\"}]},{\"@type\":\"WebSite\",\"@id\":\"https:\\\/\\\/globalallianceregister.com\\\/tr\\\/#website\",\"url\":\"https:\\\/\\\/globalallianceregister.com\\\/tr\\\/\",\"name\":\"Global Alliance Register\",\"description\":\"(EN) Together for Excellence\",\"potentialAction\":[{\"@type\":\"SearchAction\",\"target\":{\"@type\":\"EntryPoint\",\"urlTemplate\":\"https:\\\/\\\/globalallianceregister.com\\\/tr\\\/?s={search_term_string}\"},\"query-input\":{\"@type\":\"PropertyValueSpecification\",\"valueRequired\":true,\"valueName\":\"search_term_string\"}}],\"inLanguage\":\"tr\"}]}<\/script>\n<!-- \/ Yoast SEO plugin. -->","yoast_head_json":{"title":"Tasar\u0131m ve M\u00fchendislik Koordinasyonu - Global Alliance Register","robots":{"index":"index","follow":"follow","max-snippet":"max-snippet:-1","max-image-preview":"max-image-preview:large","max-video-preview":"max-video-preview:-1"},"canonical":"https:\/\/globalallianceregister.com\/tr\/services\/project-management\/design-engineering-coordination\/","og_locale":"tr_TR","og_type":"article","og_title":"Tasar\u0131m ve M\u00fchendislik Koordinasyonu - Global Alliance Register","og_description":"Global Alliance Register (GAR) proje ya\u015fam d\u00f6ng\u00fcs\u00fcn\u00fcn t\u00fcm a\u015famalar\u0131n\u0131 kapsayacak \u015fekilde her tip proje i\u00e7in ba\u011f\u0131ms\u0131z dan\u0131\u015fmanl\u0131k hizmetlerinden saha teknik s\u00fcpervize faaliyetleri d\u00e2hil olduk\u00e7a geni\u015f bir kapsamda Proje Y\u00f6netimi Hizmetleri...","og_url":"https:\/\/globalallianceregister.com\/tr\/services\/project-management\/design-engineering-coordination\/","og_site_name":"Global Alliance Register","article_modified_time":"2016-01-11T13:15:14+00:00","og_image":[{"width":614,"height":200,"url":"https:\/\/globalallianceregister.com\/wp-content\/uploads\/2010\/12\/Project-Management-Inner-Page-3.jpg","type":"image\/jpeg"}],"twitter_misc":{"Tahmini okuma s\u00fcresi":"3 dakika"},"schema":{"@context":"https:\/\/schema.org","@graph":[{"@type":"WebPage","@id":"https:\/\/globalallianceregister.com\/tr\/services\/project-management\/design-engineering-coordination\/","url":"https:\/\/globalallianceregister.com\/tr\/services\/project-management\/design-engineering-coordination\/","name":"Tasar\u0131m ve M\u00fchendislik Koordinasyonu - Global Alliance Register","isPartOf":{"@id":"https:\/\/globalallianceregister.com\/tr\/#website"},"primaryImageOfPage":{"@id":"https:\/\/globalallianceregister.com\/tr\/services\/project-management\/design-engineering-coordination\/#primaryimage"},"image":{"@id":"https:\/\/globalallianceregister.com\/tr\/services\/project-management\/design-engineering-coordination\/#primaryimage"},"thumbnailUrl":"https:\/\/globalallianceregister.com\/wp-content\/uploads\/2010\/12\/Project-Management-Inner-Page-3.jpg","datePublished":"2010-12-29T14:02:52+00:00","dateModified":"2016-01-11T13:15:14+00:00","breadcrumb":{"@id":"https:\/\/globalallianceregister.com\/tr\/services\/project-management\/design-engineering-coordination\/#breadcrumb"},"inLanguage":"tr","potentialAction":[{"@type":"ReadAction","target":[["https:\/\/globalallianceregister.com\/tr\/services\/project-management\/design-engineering-coordination\/"]]}]},{"@type":"ImageObject","inLanguage":"tr","@id":"https:\/\/globalallianceregister.com\/tr\/services\/project-management\/design-engineering-coordination\/#primaryimage","url":"https:\/\/globalallianceregister.com\/wp-content\/uploads\/2010\/12\/Project-Management-Inner-Page-3.jpg","contentUrl":"https:\/\/globalallianceregister.com\/wp-content\/uploads\/2010\/12\/Project-Management-Inner-Page-3.jpg","width":614,"height":200},{"@type":"BreadcrumbList","@id":"https:\/\/globalallianceregister.com\/tr\/services\/project-management\/design-engineering-coordination\/#breadcrumb","itemListElement":[{"@type":"ListItem","position":1,"name":"Anasayfa","item":"https:\/\/globalallianceregister.com\/tr\/"},{"@type":"ListItem","position":2,"name":"Tasar\u0131m ve M\u00fchendislik Koordinasyonu"}]},{"@type":"WebSite","@id":"https:\/\/globalallianceregister.com\/tr\/#website","url":"https:\/\/globalallianceregister.com\/tr\/","name":"Global Alliance Register","description":"(EN) Together for Excellence","potentialAction":[{"@type":"SearchAction","target":{"@type":"EntryPoint","urlTemplate":"https:\/\/globalallianceregister.com\/tr\/?s={search_term_string}"},"query-input":{"@type":"PropertyValueSpecification","valueRequired":true,"valueName":"search_term_string"}}],"inLanguage":"tr"}]}},"_links":{"self":[{"href":"https:\/\/globalallianceregister.com\/tr\/wp-json\/wp\/v2\/pages\/267","targetHints":{"allow":["GET"]}}],"collection":[{"href":"https:\/\/globalallianceregister.com\/tr\/wp-json\/wp\/v2\/pages"}],"about":[{"href":"https:\/\/globalallianceregister.com\/tr\/wp-json\/wp\/v2\/types\/page"}],"author":[{"embeddable":true,"href":"https:\/\/globalallianceregister.com\/tr\/wp-json\/wp\/v2\/users\/10"}],"replies":[{"embeddable":true,"href":"https:\/\/globalallianceregister.com\/tr\/wp-json\/wp\/v2\/comments?post=267"}],"version-history":[{"count":0,"href":"https:\/\/globalallianceregister.com\/tr\/wp-json\/wp\/v2\/pages\/267\/revisions"}],"up":[{"embeddable":true,"href":"https:\/\/globalallianceregister.com\/tr\/wp-json\/wp\/v2\/pages\/93"}],"wp:featuredmedia":[{"embeddable":true,"href":"https:\/\/globalallianceregister.com\/tr\/wp-json\/wp\/v2\/media\/5119"}],"wp:attachment":[{"href":"https:\/\/globalallianceregister.com\/tr\/wp-json\/wp\/v2\/media?parent=267"}],"curies":[{"name":"wp","href":"https:\/\/api.w.org\/{rel}","templated":true}]}}