{"id":269,"date":"2010-12-29T14:04:20","date_gmt":"2010-12-29T14:04:20","guid":{"rendered":"https:\/\/globalallianceregister.com\/?page_id=269"},"modified":"2016-01-13T17:30:41","modified_gmt":"2016-01-13T17:30:41","slug":"shop-inspection-vendor","status":"publish","type":"page","link":"https:\/\/globalallianceregister.com\/tr\/services\/project-management\/shop-inspection-vendor\/","title":{"rendered":"Tedarik\u00e7i Mahalinde Uluslararas\u0131 Ba\u011f\u0131ms\u0131z G\u00f6zetim ve Termin Kontrol\u00fc Hizmetleri"},"content":{"rendered":"<p><strong>Global Alliance Register (GAR)<\/strong>\u00a0proje ya\u015fam d\u00f6ng\u00fcs\u00fcn\u00fcn t\u00fcm a\u015famalar\u0131n\u0131 kapsayacak \u015fekilde her tip proje i\u00e7in ba\u011f\u0131ms\u0131z dan\u0131\u015fmanl\u0131k hizmetlerinden saha teknik s\u00fcpervize faaliyetleri d\u00e2hil olduk\u00e7a geni\u015f bir kapsamda\u00a0<strong>Proje Y\u00f6netimi Hizmetleri<\/strong>\u00a0sunmaktad\u0131r.<\/p>\n<p>Materyal, ekipman ve \u00fcr\u00fcnler i\u00e7in t\u00fcm d\u00fcnyada 140\u2019dan fazla \u00fclkede sunmakta oldu\u011fumuz\u00a0<strong>Uluslararas\u0131 Ba\u011f\u0131ms\u0131z G\u00f6zetim ve Termin Kontrol\u00fc Hizmetleri<\/strong>\u00a0teknik \u015fartnameye, referans standartlara ve taraflar\u0131n mutab\u0131k kald\u0131\u011f\u0131 g\u00f6zetim ve test protokollerine ba\u011fl\u0131 olarak\u00a0<strong>Global Alliance Register Enspekt\u00f6rleri\u00a0<\/strong>taraf\u0131ndan \u00e7ok d\u00fc\u015f\u00fck maliyetlerle muayene edilerek raporland\u0131r\u0131lmaktad\u0131r.<\/p>\n<p>Yaln\u0131zca \u00fcr\u00fcnlerin kalite \u015fartlar\u0131na uygunlu\u011funu de\u011fil ayn\u0131 zamanda <strong>Termin Kontrol\u00fc Hizmetleri<\/strong>\u00a0ile; sipari\u015finizin imalat\u00e7\u0131 taraf\u0131ndan \u00fcretim planlamas\u0131na al\u0131n\u0131p al\u0131nmad\u0131\u011f\u0131n\u0131, \u00fcretim planlamas\u0131na uygun olarak \u00fcretim a\u015famalar\u0131n\u0131n planlamaya uygun olarak ilerleme g\u00f6sterip g\u00f6stermedi\u011fini, imalat\u0131n ne zaman tamamlanaca\u011f\u0131n\u0131 ve hangi terminlerde sevkiyat\u0131n\u0131n yap\u0131laca\u011f\u0131na dair imalat\u00e7\u0131 mahallinde gerekli kontrolleri m\u00fc\u015fterilerimiz ad\u0131na her biri konusunda uzman enspekt\u00f6rlerimiz arac\u0131l\u0131\u011f\u0131yla d\u00fcnyan\u0131n t\u00fcm lokasyonlar\u0131nda ger\u00e7ekle\u015ftirerek anl\u0131k olarak raporlama yapmaktay\u0131z.<\/p>\n<p><strong>Ba\u011f\u0131ms\u0131z G\u00f6zetim ve Termin Kontrol\u00fc Hizmetleri<\/strong>\u00a0ile ilgili talepleriniz ve\/ veya sorular\u0131n\u0131z i\u00e7in l\u00fctfen taraf\u0131m\u0131zla temas kurunuz\u2026<\/p>\n<p>&nbsp;<\/p>\n<h1>\u0130lgili Sekt\u00f6rler<\/h1>\n<table>\n<tbody>\n<tr>\n<td style=\"width: 350px; border-color: #ffffff; height: 30px; text-align: left; vertical-align: middle; background-color: #f7f7f7;\" width=\"250\">\n<ul style=\"list-style-type: square;\">\n<li><a title=\"Denizcilik Sekt\u00f6r\u00fc\" href=\"https:\/\/globalallianceregister.com\/?page_id=9&amp;lang=tr\" target=\"_blank\">DEN\u0130ZC\u0130L\u0130K<\/a><\/li>\n<\/ul>\n<\/td>\n<td style=\"width: 350px; border-color: #ffffff; height: 30px; text-align: left; vertical-align: middle; background-color: #f7f7f7;\" width=\"250\">\n<ul style=\"list-style-type: square;\">\n<li><a title=\"\u0130n\u015faat Sekt\u00f6r\u00fc\" href=\"https:\/\/globalallianceregister.com\/?page_id=11&amp;lang=tr\" target=\"_blank\">\u0130N\u015eAAT<\/a><\/li>\n<\/ul>\n<\/td>\n<td style=\"width: 350px; border-color: #ffffff; height: 30px; text-align: left; vertical-align: middle; background-color: #f7f7f7;\" width=\"251\">\n<ul style=\"list-style-type: square;\">\n<li><a title=\"Petrol &amp; Gaz Sekt\u00f6r\u00fc\" href=\"https:\/\/globalallianceregister.com\/?page_id=13&amp;lang=tr\" target=\"_blank\">PETROL &amp; GAZ<\/a><\/li>\n<\/ul>\n<\/td>\n<\/tr>\n<tr>\n<td style=\"width: 350px; border-color: #ffffff; height: 30px; text-align: left; vertical-align: middle; background-color: #f7f7f7;\" width=\"250\">\n<ul style=\"list-style-type: square;\">\n<li><a title=\"Enerji &amp; Tesisler\" href=\"https:\/\/globalallianceregister.com\/?page_id=15&amp;lang=tr\" target=\"_blank\">ENERJ\u0130 &amp; TES\u0130SLER<\/a><\/li>\n<\/ul>\n<\/td>\n<td style=\"width: 350px; border-color: #ffffff; height: 30px; text-align: left; vertical-align: middle; background-color: #f7f7f7;\" width=\"250\">\n<ul style=\"list-style-type: square;\">\n<li><a title=\"\u0130malat Sekt\u00f6r\u00fc\" href=\"https:\/\/globalallianceregister.com\/?page_id=20&amp;lang=tr\" target=\"_blank\">\u0130MALAT<\/a><\/li>\n<\/ul>\n<\/td>\n<td style=\"width: 350px; border-color: #ffffff; height: 30px; text-align: left; vertical-align: middle; background-color: #f7f7f7;\" width=\"251\">\n<ul style=\"list-style-type: square;\">\n<li><a title=\"Ula\u015ft\u0131rma &amp; Lojistik Sekt\u00f6r\u00fc\" href=\"https:\/\/globalallianceregister.com\/?page_id=22&amp;lang=tr\" target=\"_blank\">ULA\u015eTIRMA &amp; LOJ\u0130ST\u0130K<\/a><\/li>\n<\/ul>\n<\/td>\n<\/tr>\n<tr>\n<td style=\"width: 350px; border-color: #ffffff; height: 30px; text-align: left; vertical-align: middle; background-color: #f7f7f7;\" width=\"250\">\n<ul style=\"list-style-type: square;\">\n<li><a title=\"Uzay &amp; Havac\u0131l\u0131k Sekt\u00f6r\u00fc\" href=\"https:\/\/globalallianceregister.com\/?page_id=24&amp;lang=tr\" target=\"_blank\">UZAY &amp; HAVACILIK<\/a><\/li>\n<\/ul>\n<\/td>\n<td style=\"width: 350px; border-color: #ffffff; height: 30px; text-align: left; vertical-align: middle; background-color: #f7f7f7;\" width=\"250\">\n<ul style=\"list-style-type: square;\">\n<li><a title=\"Tar\u0131m &amp; G\u0131da Sekt\u00f6r\u00fc\" href=\"https:\/\/globalallianceregister.com\/?page_id=27&amp;lang=tr\" target=\"_blank\">TARIM &amp; GIDA<\/a><\/li>\n<\/ul>\n<\/td>\n<td style=\"width: 350px; border-color: #ffffff; height: 30px; text-align: left; vertical-align: middle; background-color: #f7f7f7;\" width=\"251\">\n<ul style=\"list-style-type: square;\">\n<li><a title=\"Turizm &amp; Otelcilik Sekt\u00f6r\u00fc\" href=\"https:\/\/globalallianceregister.com\/?page_id=29&amp;lang=tr\" target=\"_blank\">TUR\u0130ZM &amp; OTELC\u0130L\u0130K<\/a><\/li>\n<\/ul>\n<\/td>\n<\/tr>\n<tr>\n<td style=\"width: 350px; border-color: #ffffff; height: 30px; text-align: left; vertical-align: middle; background-color: #f7f7f7;\" width=\"250\">\n<ul style=\"list-style-type: square;\">\n<li><a title=\"Finans &amp; Bankac\u0131l\u0131k Sekt\u00f6r\u00fc\" href=\"https:\/\/globalallianceregister.com\/?page_id=38&amp;lang=tr\" target=\"_blank\">F\u0130NANS<\/a><\/li>\n<\/ul>\n<\/td>\n<td style=\"width: 350px; border-color: #ffffff; height: 30px; text-align: left; vertical-align: middle; background-color: #f7f7f7;\" width=\"250\">\n<ul style=\"list-style-type: square;\">\n<li><a title=\"Sigorta Sekt\u00f6r\u00fc\" href=\"https:\/\/globalallianceregister.com\/?page_id=40&amp;lang=tr\" target=\"_blank\">S\u0130GORTA<\/a><\/li>\n<\/ul>\n<\/td>\n<td style=\"width: 350px; border-color: #ffffff; height: 30px; text-align: left; vertical-align: middle; background-color: #f7f7f7;\" width=\"251\">\n<ul style=\"list-style-type: square;\">\n<li><a title=\"Bilgi Teknolojileri Sekt\u00f6r\u00fc\" href=\"https:\/\/globalallianceregister.com\/?page_id=52&amp;lang=tr\" target=\"_blank\">B\u0130LG\u0130 TEKNOLOJ\u0130LER\u0130<\/a><\/li>\n<\/ul>\n<\/td>\n<\/tr>\n<tr>\n<td style=\"width: 350px; border-color: #ffffff; height: 30px; text-align: left; vertical-align: middle; background-color: #f7f7f7;\" width=\"250\">\n<ul style=\"list-style-type: square;\">\n<li><a title=\"Telekom\u00fcnikasyon Sekt\u00f6r\u00fc\" href=\"https:\/\/globalallianceregister.com\/?page_id=54&amp;lang=tr\" target=\"_blank\">TELEKOM\u00dcN\u0130KASYON<\/a><\/li>\n<\/ul>\n<\/td>\n<td style=\"width: 350px; border-color: #ffffff; height: 30px; text-align: left; vertical-align: middle; background-color: #f7f7f7;\" width=\"250\">\n<ul style=\"list-style-type: square;\">\n<li><a title=\"Sa\u011fl\u0131k &amp; T\u0131p Sekt\u00f6r\u00fc\" href=\"https:\/\/globalallianceregister.com\/?page_id=56&amp;lang=tr\" target=\"_blank\">SA\u011eLIK &amp; TIP<\/a><\/li>\n<\/ul>\n<\/td>\n<td style=\"width: 350px; border-color: #ffffff; height: 30px; text-align: left; vertical-align: middle; background-color: #f7f7f7;\" width=\"251\">\u00a0<\/td>\n<\/tr>\n<\/tbody>\n<\/table>","protected":false},"excerpt":{"rendered":"<p>Global Alliance Register (GAR)\u00a0proje ya\u015fam d\u00f6ng\u00fcs\u00fcn\u00fcn t\u00fcm a\u015famalar\u0131n\u0131 kapsayacak \u015fekilde her tip proje i\u00e7in ba\u011f\u0131ms\u0131z dan\u0131\u015fmanl\u0131k hizmetlerinden saha teknik s\u00fcpervize faaliyetleri d\u00e2hil olduk\u00e7a geni\u015f bir kapsamda\u00a0Proje Y\u00f6netimi Hizmetleri\u00a0sunmaktad\u0131r. Materyal, ekipman&#8230; <\/p>\n","protected":false},"author":10,"featured_media":5119,"parent":93,"menu_order":7,"comment_status":"closed","ping_status":"closed","template":"page-full.php","meta":{"_acf_changed":false,"om_disable_all_campaigns":false,"footnotes":""},"class_list":["post-269","page","type-page","status-publish","has-post-thumbnail","hentry"],"acf":[],"yoast_head":"<!-- This site is optimized with the Yoast SEO plugin v27.4 - https:\/\/yoast.com\/product\/yoast-seo-wordpress\/ -->\n<title>Tedarik\u00e7i Mahalinde Uluslararas\u0131 Ba\u011f\u0131ms\u0131z G\u00f6zetim ve Termin Kontrol\u00fc Hizmetleri - Global Alliance Register<\/title>\n<meta name=\"robots\" content=\"index, follow, max-snippet:-1, max-image-preview:large, max-video-preview:-1\" \/>\n<link rel=\"canonical\" href=\"https:\/\/globalallianceregister.com\/tr\/services\/project-management\/shop-inspection-vendor\/\" \/>\n<meta property=\"og:locale\" content=\"tr_TR\" \/>\n<meta property=\"og:type\" content=\"article\" \/>\n<meta property=\"og:title\" content=\"Tedarik\u00e7i Mahalinde Uluslararas\u0131 Ba\u011f\u0131ms\u0131z G\u00f6zetim ve Termin Kontrol\u00fc Hizmetleri - Global Alliance Register\" \/>\n<meta property=\"og:description\" content=\"Global Alliance Register (GAR)\u00a0proje ya\u015fam d\u00f6ng\u00fcs\u00fcn\u00fcn t\u00fcm a\u015famalar\u0131n\u0131 kapsayacak \u015fekilde her tip proje i\u00e7in ba\u011f\u0131ms\u0131z dan\u0131\u015fmanl\u0131k hizmetlerinden saha teknik s\u00fcpervize faaliyetleri d\u00e2hil olduk\u00e7a geni\u015f bir kapsamda\u00a0Proje Y\u00f6netimi Hizmetleri\u00a0sunmaktad\u0131r. Materyal, ekipman...\" \/>\n<meta property=\"og:url\" content=\"https:\/\/globalallianceregister.com\/tr\/services\/project-management\/shop-inspection-vendor\/\" \/>\n<meta property=\"og:site_name\" content=\"Global Alliance Register\" \/>\n<meta property=\"article:modified_time\" content=\"2016-01-13T17:30:41+00:00\" \/>\n<meta property=\"og:image\" content=\"https:\/\/globalallianceregister.com\/wp-content\/uploads\/2010\/12\/Project-Management-Inner-Page-3.jpg\" \/>\n\t<meta property=\"og:image:width\" content=\"614\" \/>\n\t<meta property=\"og:image:height\" content=\"200\" \/>\n\t<meta property=\"og:image:type\" content=\"image\/jpeg\" \/>\n<meta name=\"twitter:label1\" content=\"Tahmini okuma s\u00fcresi\" \/>\n\t<meta name=\"twitter:data1\" content=\"2 dakika\" \/>\n<script type=\"application\/ld+json\" class=\"yoast-schema-graph\">{\"@context\":\"https:\\\/\\\/schema.org\",\"@graph\":[{\"@type\":\"WebPage\",\"@id\":\"https:\\\/\\\/globalallianceregister.com\\\/tr\\\/services\\\/project-management\\\/shop-inspection-vendor\\\/\",\"url\":\"https:\\\/\\\/globalallianceregister.com\\\/tr\\\/services\\\/project-management\\\/shop-inspection-vendor\\\/\",\"name\":\"Tedarik\u00e7i Mahalinde Uluslararas\u0131 Ba\u011f\u0131ms\u0131z G\u00f6zetim ve Termin Kontrol\u00fc Hizmetleri - Global Alliance Register\",\"isPartOf\":{\"@id\":\"https:\\\/\\\/globalallianceregister.com\\\/tr\\\/#website\"},\"primaryImageOfPage\":{\"@id\":\"https:\\\/\\\/globalallianceregister.com\\\/tr\\\/services\\\/project-management\\\/shop-inspection-vendor\\\/#primaryimage\"},\"image\":{\"@id\":\"https:\\\/\\\/globalallianceregister.com\\\/tr\\\/services\\\/project-management\\\/shop-inspection-vendor\\\/#primaryimage\"},\"thumbnailUrl\":\"https:\\\/\\\/globalallianceregister.com\\\/wp-content\\\/uploads\\\/2010\\\/12\\\/Project-Management-Inner-Page-3.jpg\",\"datePublished\":\"2010-12-29T14:04:20+00:00\",\"dateModified\":\"2016-01-13T17:30:41+00:00\",\"breadcrumb\":{\"@id\":\"https:\\\/\\\/globalallianceregister.com\\\/tr\\\/services\\\/project-management\\\/shop-inspection-vendor\\\/#breadcrumb\"},\"inLanguage\":\"tr\",\"potentialAction\":[{\"@type\":\"ReadAction\",\"target\":[[\"https:\\\/\\\/globalallianceregister.com\\\/tr\\\/services\\\/project-management\\\/shop-inspection-vendor\\\/\"]]}]},{\"@type\":\"ImageObject\",\"inLanguage\":\"tr\",\"@id\":\"https:\\\/\\\/globalallianceregister.com\\\/tr\\\/services\\\/project-management\\\/shop-inspection-vendor\\\/#primaryimage\",\"url\":\"https:\\\/\\\/globalallianceregister.com\\\/wp-content\\\/uploads\\\/2010\\\/12\\\/Project-Management-Inner-Page-3.jpg\",\"contentUrl\":\"https:\\\/\\\/globalallianceregister.com\\\/wp-content\\\/uploads\\\/2010\\\/12\\\/Project-Management-Inner-Page-3.jpg\",\"width\":614,\"height\":200},{\"@type\":\"BreadcrumbList\",\"@id\":\"https:\\\/\\\/globalallianceregister.com\\\/tr\\\/services\\\/project-management\\\/shop-inspection-vendor\\\/#breadcrumb\",\"itemListElement\":[{\"@type\":\"ListItem\",\"position\":1,\"name\":\"Anasayfa\",\"item\":\"https:\\\/\\\/globalallianceregister.com\\\/tr\\\/\"},{\"@type\":\"ListItem\",\"position\":2,\"name\":\"Tedarik\u00e7i Mahalinde Uluslararas\u0131 Ba\u011f\u0131ms\u0131z G\u00f6zetim ve Termin Kontrol\u00fc Hizmetleri\"}]},{\"@type\":\"WebSite\",\"@id\":\"https:\\\/\\\/globalallianceregister.com\\\/tr\\\/#website\",\"url\":\"https:\\\/\\\/globalallianceregister.com\\\/tr\\\/\",\"name\":\"Global Alliance Register\",\"description\":\"(EN) Together for Excellence\",\"potentialAction\":[{\"@type\":\"SearchAction\",\"target\":{\"@type\":\"EntryPoint\",\"urlTemplate\":\"https:\\\/\\\/globalallianceregister.com\\\/tr\\\/?s={search_term_string}\"},\"query-input\":{\"@type\":\"PropertyValueSpecification\",\"valueRequired\":true,\"valueName\":\"search_term_string\"}}],\"inLanguage\":\"tr\"}]}<\/script>\n<!-- \/ Yoast SEO plugin. -->","yoast_head_json":{"title":"Tedarik\u00e7i Mahalinde Uluslararas\u0131 Ba\u011f\u0131ms\u0131z G\u00f6zetim ve Termin Kontrol\u00fc Hizmetleri - Global Alliance Register","robots":{"index":"index","follow":"follow","max-snippet":"max-snippet:-1","max-image-preview":"max-image-preview:large","max-video-preview":"max-video-preview:-1"},"canonical":"https:\/\/globalallianceregister.com\/tr\/services\/project-management\/shop-inspection-vendor\/","og_locale":"tr_TR","og_type":"article","og_title":"Tedarik\u00e7i Mahalinde Uluslararas\u0131 Ba\u011f\u0131ms\u0131z G\u00f6zetim ve Termin Kontrol\u00fc Hizmetleri - Global Alliance Register","og_description":"Global Alliance Register (GAR)\u00a0proje ya\u015fam d\u00f6ng\u00fcs\u00fcn\u00fcn t\u00fcm a\u015famalar\u0131n\u0131 kapsayacak \u015fekilde her tip proje i\u00e7in ba\u011f\u0131ms\u0131z dan\u0131\u015fmanl\u0131k hizmetlerinden saha teknik s\u00fcpervize faaliyetleri d\u00e2hil olduk\u00e7a geni\u015f bir kapsamda\u00a0Proje Y\u00f6netimi Hizmetleri\u00a0sunmaktad\u0131r. Materyal, ekipman...","og_url":"https:\/\/globalallianceregister.com\/tr\/services\/project-management\/shop-inspection-vendor\/","og_site_name":"Global Alliance Register","article_modified_time":"2016-01-13T17:30:41+00:00","og_image":[{"width":614,"height":200,"url":"https:\/\/globalallianceregister.com\/wp-content\/uploads\/2010\/12\/Project-Management-Inner-Page-3.jpg","type":"image\/jpeg"}],"twitter_misc":{"Tahmini okuma s\u00fcresi":"2 dakika"},"schema":{"@context":"https:\/\/schema.org","@graph":[{"@type":"WebPage","@id":"https:\/\/globalallianceregister.com\/tr\/services\/project-management\/shop-inspection-vendor\/","url":"https:\/\/globalallianceregister.com\/tr\/services\/project-management\/shop-inspection-vendor\/","name":"Tedarik\u00e7i Mahalinde Uluslararas\u0131 Ba\u011f\u0131ms\u0131z G\u00f6zetim ve Termin Kontrol\u00fc Hizmetleri - Global Alliance Register","isPartOf":{"@id":"https:\/\/globalallianceregister.com\/tr\/#website"},"primaryImageOfPage":{"@id":"https:\/\/globalallianceregister.com\/tr\/services\/project-management\/shop-inspection-vendor\/#primaryimage"},"image":{"@id":"https:\/\/globalallianceregister.com\/tr\/services\/project-management\/shop-inspection-vendor\/#primaryimage"},"thumbnailUrl":"https:\/\/globalallianceregister.com\/wp-content\/uploads\/2010\/12\/Project-Management-Inner-Page-3.jpg","datePublished":"2010-12-29T14:04:20+00:00","dateModified":"2016-01-13T17:30:41+00:00","breadcrumb":{"@id":"https:\/\/globalallianceregister.com\/tr\/services\/project-management\/shop-inspection-vendor\/#breadcrumb"},"inLanguage":"tr","potentialAction":[{"@type":"ReadAction","target":[["https:\/\/globalallianceregister.com\/tr\/services\/project-management\/shop-inspection-vendor\/"]]}]},{"@type":"ImageObject","inLanguage":"tr","@id":"https:\/\/globalallianceregister.com\/tr\/services\/project-management\/shop-inspection-vendor\/#primaryimage","url":"https:\/\/globalallianceregister.com\/wp-content\/uploads\/2010\/12\/Project-Management-Inner-Page-3.jpg","contentUrl":"https:\/\/globalallianceregister.com\/wp-content\/uploads\/2010\/12\/Project-Management-Inner-Page-3.jpg","width":614,"height":200},{"@type":"BreadcrumbList","@id":"https:\/\/globalallianceregister.com\/tr\/services\/project-management\/shop-inspection-vendor\/#breadcrumb","itemListElement":[{"@type":"ListItem","position":1,"name":"Anasayfa","item":"https:\/\/globalallianceregister.com\/tr\/"},{"@type":"ListItem","position":2,"name":"Tedarik\u00e7i Mahalinde Uluslararas\u0131 Ba\u011f\u0131ms\u0131z G\u00f6zetim ve Termin Kontrol\u00fc Hizmetleri"}]},{"@type":"WebSite","@id":"https:\/\/globalallianceregister.com\/tr\/#website","url":"https:\/\/globalallianceregister.com\/tr\/","name":"Global Alliance Register","description":"(EN) Together for Excellence","potentialAction":[{"@type":"SearchAction","target":{"@type":"EntryPoint","urlTemplate":"https:\/\/globalallianceregister.com\/tr\/?s={search_term_string}"},"query-input":{"@type":"PropertyValueSpecification","valueRequired":true,"valueName":"search_term_string"}}],"inLanguage":"tr"}]}},"_links":{"self":[{"href":"https:\/\/globalallianceregister.com\/tr\/wp-json\/wp\/v2\/pages\/269","targetHints":{"allow":["GET"]}}],"collection":[{"href":"https:\/\/globalallianceregister.com\/tr\/wp-json\/wp\/v2\/pages"}],"about":[{"href":"https:\/\/globalallianceregister.com\/tr\/wp-json\/wp\/v2\/types\/page"}],"author":[{"embeddable":true,"href":"https:\/\/globalallianceregister.com\/tr\/wp-json\/wp\/v2\/users\/10"}],"replies":[{"embeddable":true,"href":"https:\/\/globalallianceregister.com\/tr\/wp-json\/wp\/v2\/comments?post=269"}],"version-history":[{"count":0,"href":"https:\/\/globalallianceregister.com\/tr\/wp-json\/wp\/v2\/pages\/269\/revisions"}],"up":[{"embeddable":true,"href":"https:\/\/globalallianceregister.com\/tr\/wp-json\/wp\/v2\/pages\/93"}],"wp:featuredmedia":[{"embeddable":true,"href":"https:\/\/globalallianceregister.com\/tr\/wp-json\/wp\/v2\/media\/5119"}],"wp:attachment":[{"href":"https:\/\/globalallianceregister.com\/tr\/wp-json\/wp\/v2\/media?parent=269"}],"curies":[{"name":"wp","href":"https:\/\/api.w.org\/{rel}","templated":true}]}}