{"id":27,"date":"2010-12-25T13:43:19","date_gmt":"2010-12-25T13:43:19","guid":{"rendered":"https:\/\/globalallianceregister.com\/?page_id=27"},"modified":"2016-02-11T10:11:42","modified_gmt":"2016-02-11T10:11:42","slug":"food","status":"publish","type":"page","link":"https:\/\/globalallianceregister.com\/tr\/sectors\/food\/","title":{"rendered":"Tar\u0131m &#038; G\u0131da"},"content":{"rendered":"<p><strong>Tar\u0131m &amp; G\u0131da alan\u0131nda m\u00fc\u015fterilerimizin de\u011ferini ve etkinli\u011fini geli\u015ftirmeye\u00a0g\u00fc\u00e7lendirici\u00a0\u00e7\u00f6z\u00fcmler sunuyoruz\u2026<\/strong><\/p>\n<p>Global Alliance Register taraf\u0131ndan Tar\u0131m &amp; G\u0131da alan\u0131nda sunulan hizmetler; ba\u011f\u0131ms\u0131z kurulu\u015f g\u00f6zetim ve denetim hizmetlerini, uluslararas\u0131 arenada Kabul g\u00f6ren profesyonel hijyen \u00e7\u00f6z\u00fcmlerini, uluslararas\u0131 stratejik i\u015f ortaklar\u0131 vas\u0131tas\u0131 ile sundu\u011fu mikrobiyoloji ve g\u0131da test laboratuvar\u0131 \u00e7\u00f6z\u00fcmlerini i\u00e7ermektedir.<\/p>\n<p>Temel amac\u0131 m\u00fc\u015fterilerimizin tamam\u0131yla g\u00fc\u00e7l\u00fc birliktelik sa\u011flayarak; kalite g\u00fcvence, hijyen sistemleri ve iyi \u00fcretim uygulamalar\u0131n\u0131 (GMP) sahip olduklar\u0131 g\u0131da \u00fcretim tesislerinde s\u00f6z konusu olan proseslerde hayata ge\u00e7irmek, bunun yan\u0131 s\u0131ra tar\u0131m teknikleri ve uygulamalar\u0131 konusunda teknik yard\u0131m sunmakt\u0131r.<\/p>\n<p>Global Alliance Register bu ama\u00e7la olduk\u00e7a geni\u015f bir hizmet portf\u00f6y\u00fc ile ba\u011f\u0131ms\u0131z denetim ve g\u00f6zetim, test hizmetleri, teknik dan\u0131\u015fmanl\u0131k, g\u0131da kimyas\u0131, deterjan ve kozmetik, g\u0131da \u00fcr\u00fcnlerinin ve kozmetik \u00fcr\u00fcnlerinin mikrobiyolojisi, g\u00f6zle muayene ve kontrol hizmetleri sunmaktad\u0131r. GAR Tar\u0131m &amp; G\u0131da Uzman M\u00fchendisleri taraf\u0131ndan sahada sunulan Teknik S\u00f6rvey (Hijyen Denetimleri), \u0130yi \u00dcretim Uygulamalar\u0131 (GMP) Denetimleri ve profesyonel dan\u0131\u015fmanl\u0131k \u00e7\u00f6z\u00fcmleri ile her zaman m\u00fc\u015fterilerimize katma de\u011fer sunma amac\u0131 ta\u015f\u0131maktad\u0131r..<\/p>\n<p>GAR Uzman Denetim ve Dan\u0131\u015fman Ekibi yerel ve uluslararas\u0131 kaynaklar\u0131n her bir projeye \u00f6zel m\u00fckemmel bir \u015fekilde harmanlanmas\u0131 ve uygun b\u00fct\u00e7eli \u00e7\u00f6z\u00fcmler sunan olduk\u00e7a g\u00fc\u00e7l\u00fc bir yap\u0131ya sahiptir. Bu benzersiz organizasyon yap\u0131s\u0131 y\u00fcksek profesyonellikte hizmetlerin yerel deneyim ve bilgi birikimi ile sunulmas\u0131n\u0131 kolayla\u015ft\u0131rmaktad\u0131r&#8230;<\/p>\n<h1>\u00c7\u00f6z\u00fcmler<\/h1>\n<table>\n<tbody>\n<tr>\n<td style=\"width: 350px; border-color: #ffffff; text-align: left; vertical-align: middle; background-color: #f7f7f7;\" width=\"250\">\n<ul>\n<li><a href=\"https:\/\/globalallianceregister.com\/tr\/hizmetler\/asistans-hizmetleri\/\" target=\"_blank\">AS\u0130STANS<\/a><\/li>\n<\/ul>\n<\/td>\n<td style=\"width: 350px; border-color: #ffffff; text-align: left; vertical-align: middle; background-color: #f7f7f7;\" width=\"250\">\n<ul style=\"list-style-type: square;\">\n<li><a href=\"https:\/\/globalallianceregister.com\/tr\/hizmetler\/gozetim-ve-termin-kontrolu-hizmetleri\/\" target=\"_blank\">G\u00d6ZET\u0130M<\/a><\/li>\n<\/ul>\n<\/td>\n<td style=\"width: 350px; border-color: #ffffff; text-align: left; vertical-align: middle; background-color: #f7f7f7;\" width=\"251\">\n<ul style=\"list-style-type: square;\">\n<li><a href=\"https:\/\/globalallianceregister.com\/tr\/hizmetler\/danismanlik\/\" target=\"_blank\">DANI\u015eMANLIK<\/a><\/li>\n<\/ul>\n<\/td>\n<\/tr>\n<tr>\n<td style=\"width: 350px; border-color: #ffffff; text-align: left; vertical-align: middle; background-color: #f7f7f7;\" width=\"250\">\n<ul style=\"list-style-type: square;\">\n<li><a href=\"https:\/\/globalallianceregister.com\/tr\/hizmetler\/certification\/\" target=\"_blank\">BELGELEND\u0130RME<\/a><\/li>\n<\/ul>\n<\/td>\n<td style=\"width: 350px; border-color: #ffffff; text-align: left; vertical-align: middle; background-color: #f7f7f7;\" width=\"250\">\n<ul style=\"list-style-type: square;\">\n<li><a href=\"https:\/\/globalallianceregister.com\/tr\/hizmetler\/egitim\/\" target=\"_blank\">E\u011e\u0130T\u0130M<\/a><\/li>\n<\/ul>\n<\/td>\n<td style=\"width: 350px; border-color: #ffffff; text-align: left; vertical-align: middle; background-color: #f7f7f7;\" width=\"251\">\n<ul style=\"list-style-type: square;\">\n<li><a href=\"https:\/\/globalallianceregister.com\/hizmetler\/insaat-proje-yonetimi-musavirlik-hizmetleri\/\" target=\"_blank\">\u0130N\u015eAAT PROJE Y\u00d6NET\u0130M\u0130<\/a><\/li>\n<\/ul>\n<\/td>\n<\/tr>\n<tr>\n<td style=\"width: 350px; border-color: #ffffff; text-align: left; vertical-align: middle; background-color: #f7f7f7;\" width=\"250\">\n<ul style=\"list-style-type: square;\">\n<li><a href=\"https:\/\/globalallianceregister.com\/tr\/hizmetler\/dis-kaynak-tedariki\/\" target=\"_blank\">DI\u015e KAYNAK TEDAR\u0130K\u0130<\/a><\/li>\n<\/ul>\n<\/td>\n<td style=\"width: 350px; border-color: #ffffff; text-align: left; vertical-align: middle; background-color: #f7f7f7;\" width=\"250\">\n<ul style=\"list-style-type: square;\">\n<li><a href=\"https:\/\/globalallianceregister.com\/hizmetler\/karbon-ve-enerji-yonetimi\/\" target=\"_blank\">KARBON VE ENERJ\u0130 Y\u00d6NET\u0130M\u0130<\/a><\/li>\n<\/ul>\n<\/td>\n<td style=\"width: 350px; border-color: #ffffff; text-align: left; vertical-align: middle; background-color: #f7f7f7;\" width=\"251\">\n<ul style=\"list-style-type: square;\">\n<li><a href=\"https:\/\/globalallianceregister.com\/tr\/hizmetler\/kurumsal-sosyal-sorumluluk\/\" target=\"_blank\">KURUMSAL SOSYAL SORULMLULUK<\/a><\/li>\n<\/ul>\n<\/td>\n<\/tr>\n<\/tbody>\n<\/table>","protected":false},"excerpt":{"rendered":"<p>Tar\u0131m &amp; G\u0131da alan\u0131nda m\u00fc\u015fterilerimizin de\u011ferini ve etkinli\u011fini geli\u015ftirmeye\u00a0g\u00fc\u00e7lendirici\u00a0\u00e7\u00f6z\u00fcmler sunuyoruz\u2026 Global Alliance Register taraf\u0131ndan Tar\u0131m &amp; G\u0131da alan\u0131nda sunulan hizmetler; ba\u011f\u0131ms\u0131z kurulu\u015f g\u00f6zetim ve denetim hizmetlerini, uluslararas\u0131 arenada Kabul g\u00f6ren&#8230; <\/p>\n","protected":false},"author":10,"featured_media":5135,"parent":4,"menu_order":8,"comment_status":"closed","ping_status":"closed","template":"page-full.php","meta":{"_acf_changed":false,"om_disable_all_campaigns":false,"footnotes":""},"class_list":["post-27","page","type-page","status-publish","has-post-thumbnail","hentry"],"acf":[],"yoast_head":"<!-- This site is optimized with the Yoast SEO plugin v27.4 - https:\/\/yoast.com\/product\/yoast-seo-wordpress\/ -->\n<title>Tar\u0131m &amp; G\u0131da - Global Alliance Register<\/title>\n<meta name=\"robots\" content=\"index, follow, max-snippet:-1, max-image-preview:large, max-video-preview:-1\" \/>\n<link rel=\"canonical\" href=\"https:\/\/globalallianceregister.com\/tr\/sectors\/food\/\" \/>\n<meta property=\"og:locale\" content=\"tr_TR\" \/>\n<meta property=\"og:type\" content=\"article\" \/>\n<meta property=\"og:title\" content=\"Tar\u0131m &amp; G\u0131da - Global Alliance Register\" \/>\n<meta property=\"og:description\" content=\"Tar\u0131m &amp; G\u0131da alan\u0131nda m\u00fc\u015fterilerimizin de\u011ferini ve etkinli\u011fini geli\u015ftirmeye\u00a0g\u00fc\u00e7lendirici\u00a0\u00e7\u00f6z\u00fcmler sunuyoruz\u2026 Global Alliance Register taraf\u0131ndan Tar\u0131m &amp; G\u0131da alan\u0131nda sunulan hizmetler; ba\u011f\u0131ms\u0131z kurulu\u015f g\u00f6zetim ve denetim hizmetlerini, uluslararas\u0131 arenada Kabul g\u00f6ren...\" \/>\n<meta property=\"og:url\" content=\"https:\/\/globalallianceregister.com\/tr\/sectors\/food\/\" \/>\n<meta property=\"og:site_name\" content=\"Global Alliance Register\" \/>\n<meta property=\"article:modified_time\" content=\"2016-02-11T10:11:42+00:00\" \/>\n<meta property=\"og:image\" content=\"https:\/\/globalallianceregister.com\/wp-content\/uploads\/2010\/12\/Agriculture-Inner-Page.jpg\" \/>\n\t<meta property=\"og:image:width\" content=\"614\" \/>\n\t<meta property=\"og:image:height\" content=\"200\" \/>\n\t<meta property=\"og:image:type\" content=\"image\/jpeg\" \/>\n<meta name=\"twitter:label1\" content=\"Tahmini okuma s\u00fcresi\" \/>\n\t<meta name=\"twitter:data1\" content=\"3 dakika\" \/>\n<script type=\"application\/ld+json\" class=\"yoast-schema-graph\">{\"@context\":\"https:\\\/\\\/schema.org\",\"@graph\":[{\"@type\":\"WebPage\",\"@id\":\"https:\\\/\\\/globalallianceregister.com\\\/tr\\\/sectors\\\/food\\\/\",\"url\":\"https:\\\/\\\/globalallianceregister.com\\\/tr\\\/sectors\\\/food\\\/\",\"name\":\"Tar\u0131m & G\u0131da - Global Alliance Register\",\"isPartOf\":{\"@id\":\"https:\\\/\\\/globalallianceregister.com\\\/tr\\\/#website\"},\"primaryImageOfPage\":{\"@id\":\"https:\\\/\\\/globalallianceregister.com\\\/tr\\\/sectors\\\/food\\\/#primaryimage\"},\"image\":{\"@id\":\"https:\\\/\\\/globalallianceregister.com\\\/sectors\\\/food\\\/#primaryimage\"},\"thumbnailUrl\":\"https:\\\/\\\/globalallianceregister.com\\\/wp-content\\\/uploads\\\/2010\\\/12\\\/Agriculture-Inner-Page.jpg\",\"datePublished\":\"2010-12-25T13:43:19+00:00\",\"dateModified\":\"2016-02-11T10:11:42+00:00\",\"breadcrumb\":{\"@id\":\"https:\\\/\\\/globalallianceregister.com\\\/tr\\\/sectors\\\/food\\\/#breadcrumb\"},\"inLanguage\":\"tr\",\"potentialAction\":[{\"@type\":\"ReadAction\",\"target\":[[\"https:\\\/\\\/globalallianceregister.com\\\/tr\\\/sectors\\\/food\\\/\"]]}]},{\"@type\":\"ImageObject\",\"inLanguage\":\"tr\",\"@id\":\"https:\\\/\\\/globalallianceregister.com\\\/tr\\\/sectors\\\/food\\\/#primaryimage\",\"url\":\"https:\\\/\\\/globalallianceregister.com\\\/wp-content\\\/uploads\\\/2010\\\/12\\\/Agriculture-Inner-Page.jpg\",\"contentUrl\":\"https:\\\/\\\/globalallianceregister.com\\\/wp-content\\\/uploads\\\/2010\\\/12\\\/Agriculture-Inner-Page.jpg\",\"width\":614,\"height\":200},{\"@type\":\"BreadcrumbList\",\"@id\":\"https:\\\/\\\/globalallianceregister.com\\\/tr\\\/sectors\\\/food\\\/#breadcrumb\",\"itemListElement\":[{\"@type\":\"ListItem\",\"position\":1,\"name\":\"Anasayfa\",\"item\":\"https:\\\/\\\/globalallianceregister.com\\\/tr\\\/\"},{\"@type\":\"ListItem\",\"position\":2,\"name\":\"Sekt\u00f6rler\",\"item\":\"https:\\\/\\\/globalallianceregister.com\\\/tr\\\/sectors\\\/\"},{\"@type\":\"ListItem\",\"position\":3,\"name\":\"Tar\u0131m &#038; G\u0131da\"}]},{\"@type\":\"WebSite\",\"@id\":\"https:\\\/\\\/globalallianceregister.com\\\/tr\\\/#website\",\"url\":\"https:\\\/\\\/globalallianceregister.com\\\/tr\\\/\",\"name\":\"Global Alliance Register\",\"description\":\"(EN) Together for Excellence\",\"potentialAction\":[{\"@type\":\"SearchAction\",\"target\":{\"@type\":\"EntryPoint\",\"urlTemplate\":\"https:\\\/\\\/globalallianceregister.com\\\/tr\\\/?s={search_term_string}\"},\"query-input\":{\"@type\":\"PropertyValueSpecification\",\"valueRequired\":true,\"valueName\":\"search_term_string\"}}],\"inLanguage\":\"tr\"}]}<\/script>\n<!-- \/ Yoast SEO plugin. -->","yoast_head_json":{"title":"Tar\u0131m & G\u0131da - Global Alliance Register","robots":{"index":"index","follow":"follow","max-snippet":"max-snippet:-1","max-image-preview":"max-image-preview:large","max-video-preview":"max-video-preview:-1"},"canonical":"https:\/\/globalallianceregister.com\/tr\/sectors\/food\/","og_locale":"tr_TR","og_type":"article","og_title":"Tar\u0131m & G\u0131da - Global Alliance Register","og_description":"Tar\u0131m &amp; G\u0131da alan\u0131nda m\u00fc\u015fterilerimizin de\u011ferini ve etkinli\u011fini geli\u015ftirmeye\u00a0g\u00fc\u00e7lendirici\u00a0\u00e7\u00f6z\u00fcmler sunuyoruz\u2026 Global Alliance Register taraf\u0131ndan Tar\u0131m &amp; G\u0131da alan\u0131nda sunulan hizmetler; ba\u011f\u0131ms\u0131z kurulu\u015f g\u00f6zetim ve denetim hizmetlerini, uluslararas\u0131 arenada Kabul g\u00f6ren...","og_url":"https:\/\/globalallianceregister.com\/tr\/sectors\/food\/","og_site_name":"Global Alliance Register","article_modified_time":"2016-02-11T10:11:42+00:00","og_image":[{"width":614,"height":200,"url":"https:\/\/globalallianceregister.com\/wp-content\/uploads\/2010\/12\/Agriculture-Inner-Page.jpg","type":"image\/jpeg"}],"twitter_misc":{"Tahmini okuma s\u00fcresi":"3 dakika"},"schema":{"@context":"https:\/\/schema.org","@graph":[{"@type":"WebPage","@id":"https:\/\/globalallianceregister.com\/tr\/sectors\/food\/","url":"https:\/\/globalallianceregister.com\/tr\/sectors\/food\/","name":"Tar\u0131m & G\u0131da - Global Alliance Register","isPartOf":{"@id":"https:\/\/globalallianceregister.com\/tr\/#website"},"primaryImageOfPage":{"@id":"https:\/\/globalallianceregister.com\/tr\/sectors\/food\/#primaryimage"},"image":{"@id":"https:\/\/globalallianceregister.com\/sectors\/food\/#primaryimage"},"thumbnailUrl":"https:\/\/globalallianceregister.com\/wp-content\/uploads\/2010\/12\/Agriculture-Inner-Page.jpg","datePublished":"2010-12-25T13:43:19+00:00","dateModified":"2016-02-11T10:11:42+00:00","breadcrumb":{"@id":"https:\/\/globalallianceregister.com\/tr\/sectors\/food\/#breadcrumb"},"inLanguage":"tr","potentialAction":[{"@type":"ReadAction","target":[["https:\/\/globalallianceregister.com\/tr\/sectors\/food\/"]]}]},{"@type":"ImageObject","inLanguage":"tr","@id":"https:\/\/globalallianceregister.com\/tr\/sectors\/food\/#primaryimage","url":"https:\/\/globalallianceregister.com\/wp-content\/uploads\/2010\/12\/Agriculture-Inner-Page.jpg","contentUrl":"https:\/\/globalallianceregister.com\/wp-content\/uploads\/2010\/12\/Agriculture-Inner-Page.jpg","width":614,"height":200},{"@type":"BreadcrumbList","@id":"https:\/\/globalallianceregister.com\/tr\/sectors\/food\/#breadcrumb","itemListElement":[{"@type":"ListItem","position":1,"name":"Anasayfa","item":"https:\/\/globalallianceregister.com\/tr\/"},{"@type":"ListItem","position":2,"name":"Sekt\u00f6rler","item":"https:\/\/globalallianceregister.com\/tr\/sectors\/"},{"@type":"ListItem","position":3,"name":"Tar\u0131m &#038; G\u0131da"}]},{"@type":"WebSite","@id":"https:\/\/globalallianceregister.com\/tr\/#website","url":"https:\/\/globalallianceregister.com\/tr\/","name":"Global Alliance Register","description":"(EN) Together for Excellence","potentialAction":[{"@type":"SearchAction","target":{"@type":"EntryPoint","urlTemplate":"https:\/\/globalallianceregister.com\/tr\/?s={search_term_string}"},"query-input":{"@type":"PropertyValueSpecification","valueRequired":true,"valueName":"search_term_string"}}],"inLanguage":"tr"}]}},"_links":{"self":[{"href":"https:\/\/globalallianceregister.com\/tr\/wp-json\/wp\/v2\/pages\/27","targetHints":{"allow":["GET"]}}],"collection":[{"href":"https:\/\/globalallianceregister.com\/tr\/wp-json\/wp\/v2\/pages"}],"about":[{"href":"https:\/\/globalallianceregister.com\/tr\/wp-json\/wp\/v2\/types\/page"}],"author":[{"embeddable":true,"href":"https:\/\/globalallianceregister.com\/tr\/wp-json\/wp\/v2\/users\/10"}],"replies":[{"embeddable":true,"href":"https:\/\/globalallianceregister.com\/tr\/wp-json\/wp\/v2\/comments?post=27"}],"version-history":[{"count":0,"href":"https:\/\/globalallianceregister.com\/tr\/wp-json\/wp\/v2\/pages\/27\/revisions"}],"up":[{"embeddable":true,"href":"https:\/\/globalallianceregister.com\/tr\/wp-json\/wp\/v2\/pages\/4"}],"wp:featuredmedia":[{"embeddable":true,"href":"https:\/\/globalallianceregister.com\/tr\/wp-json\/wp\/v2\/media\/5135"}],"wp:attachment":[{"href":"https:\/\/globalallianceregister.com\/tr\/wp-json\/wp\/v2\/media?parent=27"}],"curies":[{"name":"wp","href":"https:\/\/api.w.org\/{rel}","templated":true}]}}