{"id":284,"date":"2010-12-29T15:28:28","date_gmt":"2010-12-29T15:28:28","guid":{"rendered":"https:\/\/globalallianceregister.com\/?page_id=284"},"modified":"2019-07-30T17:40:05","modified_gmt":"2019-07-30T14:40:05","slug":"kyoto","status":"publish","type":"page","link":"https:\/\/globalallianceregister.com\/tr\/services\/kyoto\/","title":{"rendered":"Karbon ve Enerji Y\u00f6netimi"},"content":{"rendered":"<p>Yerel ve uluslararas\u0131 uzman dan\u0131\u015fman a\u011f\u0131yla; s\u00fcrd\u00fcr\u00fclebilirlik merkezli \u00e7\u00f6z\u00fcmlere kendini adam\u0131\u015f, m\u00fc\u015fterilerinin ve t\u00fcm payda\u015flar\u0131n\u0131n beklentilerini g\u00fcvenilir ve zaman\u0131nda kar\u015f\u0131layan <strong>Karbon ve Enerji Y\u00f6netimi<\/strong>\u2019nde uluslararas\u0131 bir dan\u0131\u015fmanl\u0131k kurulu\u015fuyuz&#8230;<\/p>\n<p><strong>Global Alliance Register,<\/strong> <strong>Karbon ve Enerji Y\u00f6netimi Dan\u0131\u015fmanl\u0131k Hizmetleri<\/strong> kapsam\u0131nda m\u00fc\u015fteri odakl\u0131 yakla\u015f\u0131m\u0131yla; m\u00fc\u015fterilerinin ger\u00e7ek \u00e7evre verileriyle gelirlerini art\u0131r\u0131r, maliyelerini d\u00fc\u015f\u00fcr\u00fcr, \u00a0enerji t\u00fcketim ve emisyon de\u011ferlerini daha iyi y\u00f6netmelerini sa\u011flar, bu s\u00fcrecin \u00e7evresel etkilerini ve olas\u0131 maliyetlerini ger\u00e7ek verilerle analiz etmelerine destek olur, t\u00fcm yasal d\u00fczenlemelere uygunlu\u011fu sa\u011flar ve bunun olas\u0131 maliyet etkisini azalt\u0131r, uluslararas\u0131 kabul g\u00f6rm\u00fc\u015f karbon dengeleme programlar\u0131 arac\u0131l\u0131\u011f\u0131yla ka\u00e7\u0131n\u0131lmaz olan emisyonlar\u0131 dengeler ve ilgili t\u00fcm taraflar i\u00e7in ekonomik de\u011fer olu\u015fturur.<\/p>\n<p><strong>Global Alliance Register<\/strong> yerel ve uluslararas\u0131 m\u00fc\u015fterilerinin <strong>s\u00fcrd\u00fcr\u00fclebilirlik projeleri <\/strong>i\u00e7in a\u015fa\u011f\u0131da belirtilen ba\u015fl\u0131klar alt\u0131nda \u00e7\u00f6z\u00fcmler sunmaktad\u0131r:<\/p>\n<ul>\n<li><a href=\"https:\/\/globalallianceregister.com\/hizmetler\/karbon-ve-enerji-yonetimi\/karbon-ayak-izi-olcumu-ve-karbon-yonetimi\/\" target=\"_blank\" rel=\"noopener noreferrer\">Karbon Ayak \u0130zi ve Y\u00f6netimi Dan\u0131\u015fmanl\u0131\u011f\u0131<\/a><\/li>\n<li><a href=\"https:\/\/globalallianceregister.com\/hizmetler\/karbon-ve-enerji-yonetimi\/enerji-yonetimi\/\" target=\"_blank\" rel=\"noopener noreferrer\">Enerji Y\u00f6netimi Dan\u0131\u015fmanl\u0131\u011f\u0131<\/a><\/li>\n<li><a href=\"https:\/\/globalallianceregister.com\/hizmetler\/karbon-ve-enerji-yonetimi\/karbon-projesi-gelistirme\/\" target=\"_blank\" rel=\"noopener noreferrer\">Karbon Projesi Geli\u015ftirme\u00a0Dan\u0131\u015fmanl\u0131\u011f\u0131<\/a><\/li>\n<li><a href=\"https:\/\/globalallianceregister.com\/hizmetler\/karbon-ve-enerji-yonetimi\/atik-yonetimi-danismanligi\/\" target=\"_blank\" rel=\"noopener noreferrer\">At\u0131k Y\u00f6netimi\u00a0Dan\u0131\u015fmanl\u0131\u011f\u0131<\/a><\/li>\n<li><a href=\"https:\/\/globalallianceregister.com\/hizmetler\/karbon-ve-enerji-yonetimi\/su-yonetimi-danismanligi\/\" target=\"_blank\" rel=\"noopener noreferrer\">Su Y\u00f6netimi\u00a0Dan\u0131\u015fmanl\u0131\u011f\u0131<\/a><\/li>\n<li><a href=\"https:\/\/globalallianceregister.com\/hizmetler\/karbon-ve-enerji-yonetimi\/surdurulebilir-is-yonetimi-danismanligi\/\" target=\"_blank\" rel=\"noopener noreferrer\">S\u00fcrd\u00fcr\u00fclebilirlik Dan\u0131\u015fmanl\u0131k Hizmetleri\u00a0Dan\u0131\u015fmanl\u0131\u011f\u0131<\/a><\/li>\n<li><a href=\"https:\/\/globalallianceregister.com\/hizmetler\/karbon-ve-enerji-yonetimi\/cevre-politikasi-stratejisi-gelistirme\/\" target=\"_blank\" rel=\"noopener noreferrer\">\u00c7evre Politikas\u0131 ve Strateji Geli\u015ftirme Dan\u0131\u015fmanl\u0131\u011f\u0131<\/a><\/li>\n<\/ul>\n<p><strong>Karbon ve Enerji Y\u00f6netimi<\/strong> kapsam\u0131nda projeleriniz ve sorular\u0131n\u0131z i\u00e7in taraf\u0131m\u0131zla temas kurunuz\u2026<\/p>\n<\/p>\n<h1>\u0130lgili Sekt\u00f6rler<\/h1>\n<table>\n<tbody>\n<tr>\n<td style=\"width: 350px; border-color: #ffffff; height: 30px; text-align: left; vertical-align: middle; background-color: #f7f7f7;\" width=\"250\">\n<ul style=\"list-style-type: square;\">\n<li><a title=\"Denizcilik Sekt\u00f6r\u00fc\" href=\"https:\/\/globalallianceregister.com\/?page_id=9&amp;lang=tr\" target=\"_blank\" rel=\"noopener noreferrer\">DEN\u0130ZC\u0130L\u0130K<\/a><\/li>\n<\/ul>\n<\/td>\n<td style=\"width: 350px; border-color: #ffffff; height: 30px; text-align: left; vertical-align: middle; background-color: #f7f7f7;\" width=\"250\">\n<ul style=\"list-style-type: square;\">\n<li><a title=\"\u0130n\u015faat Sekt\u00f6r\u00fc\" href=\"https:\/\/globalallianceregister.com\/?page_id=11&amp;lang=tr\" target=\"_blank\" rel=\"noopener noreferrer\">\u0130N\u015eAAT<\/a><\/li>\n<\/ul>\n<\/td>\n<td style=\"width: 350px; border-color: #ffffff; height: 30px; text-align: left; vertical-align: middle; background-color: #f7f7f7;\" width=\"251\">\n<ul style=\"list-style-type: square;\">\n<li><a title=\"Petrol &amp; Gaz Sekt\u00f6r\u00fc\" href=\"https:\/\/globalallianceregister.com\/?page_id=13&amp;lang=tr\" target=\"_blank\" rel=\"noopener noreferrer\">PETROL &amp; GAZ<\/a><\/li>\n<\/ul>\n<\/td>\n<\/tr>\n<tr>\n<td style=\"width: 350px; border-color: #ffffff; height: 30px; text-align: left; vertical-align: middle; background-color: #f7f7f7;\" width=\"250\">\n<ul style=\"list-style-type: square;\">\n<li><a title=\"Enerji &amp; Tesisler\" href=\"https:\/\/globalallianceregister.com\/?page_id=15&amp;lang=tr\" target=\"_blank\" rel=\"noopener noreferrer\">ENERJ\u0130 &amp; TES\u0130SLER<\/a><\/li>\n<\/ul>\n<\/td>\n<td style=\"width: 350px; border-color: #ffffff; height: 30px; text-align: left; vertical-align: middle; background-color: #f7f7f7;\" width=\"250\">\n<ul style=\"list-style-type: square;\">\n<li><a title=\"\u0130malat Sekt\u00f6r\u00fc\" href=\"https:\/\/globalallianceregister.com\/?page_id=20&amp;lang=tr\" target=\"_blank\" rel=\"noopener noreferrer\">\u0130MALAT<\/a><\/li>\n<\/ul>\n<\/td>\n<td style=\"width: 350px; border-color: #ffffff; height: 30px; text-align: left; vertical-align: middle; background-color: #f7f7f7;\" width=\"251\">\n<ul style=\"list-style-type: square;\">\n<li><a title=\"Ula\u015ft\u0131rma &amp; Lojistik Sekt\u00f6r\u00fc\" href=\"https:\/\/globalallianceregister.com\/?page_id=22&amp;lang=tr\" target=\"_blank\" rel=\"noopener noreferrer\">ULA\u015eTIRMA &amp; LOJ\u0130ST\u0130K<\/a><\/li>\n<\/ul>\n<\/td>\n<\/tr>\n<tr>\n<td style=\"width: 350px; border-color: #ffffff; height: 30px; text-align: left; vertical-align: middle; background-color: #f7f7f7;\" width=\"250\">\n<ul style=\"list-style-type: square;\">\n<li><a title=\"Uzay &amp; Havac\u0131l\u0131k Sekt\u00f6r\u00fc\" href=\"https:\/\/globalallianceregister.com\/?page_id=24&amp;lang=tr\" target=\"_blank\" rel=\"noopener noreferrer\">UZAY &amp; HAVACILIK<\/a><\/li>\n<\/ul>\n<\/td>\n<td style=\"width: 350px; border-color: #ffffff; height: 30px; text-align: left; vertical-align: middle; background-color: #f7f7f7;\" width=\"250\">\n<ul style=\"list-style-type: square;\">\n<li><a title=\"Tar\u0131m &amp; G\u0131da Sekt\u00f6r\u00fc\" href=\"https:\/\/globalallianceregister.com\/?page_id=27&amp;lang=tr\" target=\"_blank\" rel=\"noopener noreferrer\">TARIM &amp; GIDA<\/a><\/li>\n<\/ul>\n<\/td>\n<td style=\"width: 350px; border-color: #ffffff; height: 30px; text-align: left; vertical-align: middle; background-color: #f7f7f7;\" width=\"251\">\n<ul style=\"list-style-type: square;\">\n<li><a title=\"Turizm &amp; Otelcilik Sekt\u00f6r\u00fc\" href=\"https:\/\/globalallianceregister.com\/?page_id=29&amp;lang=tr\" target=\"_blank\" rel=\"noopener noreferrer\">TUR\u0130ZM &amp; OTELC\u0130L\u0130K<\/a><\/li>\n<\/ul>\n<\/td>\n<\/tr>\n<tr>\n<td style=\"width: 350px; border-color: #ffffff; height: 30px; text-align: left; vertical-align: middle; background-color: #f7f7f7;\" width=\"250\">\n<ul style=\"list-style-type: square;\">\n<li><a title=\"Finans &amp; Bankac\u0131l\u0131k Sekt\u00f6r\u00fc\" href=\"https:\/\/globalallianceregister.com\/?page_id=38&amp;lang=tr\" target=\"_blank\" rel=\"noopener noreferrer\">F\u0130NANS<\/a><\/li>\n<\/ul>\n<\/td>\n<td style=\"width: 350px; border-color: #ffffff; height: 30px; text-align: left; vertical-align: middle; background-color: #f7f7f7;\" width=\"250\">\n<ul style=\"list-style-type: square;\">\n<li><a title=\"Sigorta Sekt\u00f6r\u00fc\" href=\"https:\/\/globalallianceregister.com\/?page_id=40&amp;lang=tr\" target=\"_blank\" rel=\"noopener noreferrer\">S\u0130GORTA<\/a><\/li>\n<\/ul>\n<\/td>\n<td style=\"width: 350px; border-color: #ffffff; height: 30px; text-align: left; vertical-align: middle; background-color: #f7f7f7;\" width=\"251\">\n<ul style=\"list-style-type: square;\">\n<li><a title=\"Bilgi Teknolojileri Sekt\u00f6r\u00fc\" href=\"https:\/\/globalallianceregister.com\/?page_id=52&amp;lang=tr\" target=\"_blank\" rel=\"noopener noreferrer\">B\u0130LG\u0130 TEKNOLOJ\u0130LER\u0130<\/a><\/li>\n<\/ul>\n<\/td>\n<\/tr>\n<tr>\n<td style=\"width: 350px; border-color: #ffffff; height: 30px; text-align: left; vertical-align: middle; background-color: #f7f7f7;\" width=\"250\">\n<ul style=\"list-style-type: square;\">\n<li><a title=\"Telekom\u00fcnikasyon Sekt\u00f6r\u00fc\" href=\"https:\/\/globalallianceregister.com\/?page_id=54&amp;lang=tr\" target=\"_blank\" rel=\"noopener noreferrer\">TELEKOM\u00dcN\u0130KASYON<\/a><\/li>\n<\/ul>\n<\/td>\n<td style=\"width: 350px; border-color: #ffffff; height: 30px; text-align: left; vertical-align: middle; background-color: #f7f7f7;\" width=\"250\">\n<ul style=\"list-style-type: square;\">\n<li><a title=\"Sa\u011fl\u0131k &amp; T\u0131p Sekt\u00f6r\u00fc\" href=\"https:\/\/globalallianceregister.com\/?page_id=56&amp;lang=tr\" target=\"_blank\" rel=\"noopener noreferrer\">SA\u011eLIK &amp; TIP<\/a><\/li>\n<\/ul>\n<\/td>\n<td style=\"width: 350px; border-color: #ffffff; height: 30px; text-align: left; vertical-align: middle; background-color: #f7f7f7;\" width=\"251\"><\/td>\n<\/tr>\n<\/tbody>\n<\/table>","protected":false},"excerpt":{"rendered":"<p>Yerel ve uluslararas\u0131 uzman dan\u0131\u015fman a\u011f\u0131yla; s\u00fcrd\u00fcr\u00fclebilirlik merkezli \u00e7\u00f6z\u00fcmlere kendini adam\u0131\u015f, m\u00fc\u015fterilerinin ve t\u00fcm payda\u015flar\u0131n\u0131n beklentilerini g\u00fcvenilir ve zaman\u0131nda kar\u015f\u0131layan Karbon ve Enerji Y\u00f6netimi\u2019nde uluslararas\u0131 bir dan\u0131\u015fmanl\u0131k kurulu\u015fuyuz&#8230; Global Alliance&#8230; <\/p>\n","protected":false},"author":10,"featured_media":5122,"parent":7,"menu_order":8,"comment_status":"closed","ping_status":"closed","template":"page-full.php","meta":{"_acf_changed":false,"om_disable_all_campaigns":false,"footnotes":""},"class_list":["post-284","page","type-page","status-publish","has-post-thumbnail","hentry"],"acf":[],"yoast_head":"<!-- This site is optimized with the Yoast SEO plugin v27.4 - https:\/\/yoast.com\/product\/yoast-seo-wordpress\/ -->\n<title>Karbon ve Enerji Y\u00f6netimi - Global Alliance Register<\/title>\n<meta name=\"robots\" content=\"index, follow, max-snippet:-1, max-image-preview:large, max-video-preview:-1\" \/>\n<link rel=\"canonical\" href=\"https:\/\/globalallianceregister.com\/tr\/services\/kyoto\/\" \/>\n<meta property=\"og:locale\" content=\"tr_TR\" \/>\n<meta property=\"og:type\" content=\"article\" \/>\n<meta property=\"og:title\" content=\"Karbon ve Enerji Y\u00f6netimi - Global Alliance Register\" \/>\n<meta property=\"og:description\" content=\"Yerel ve uluslararas\u0131 uzman dan\u0131\u015fman a\u011f\u0131yla; s\u00fcrd\u00fcr\u00fclebilirlik merkezli \u00e7\u00f6z\u00fcmlere kendini adam\u0131\u015f, m\u00fc\u015fterilerinin ve t\u00fcm payda\u015flar\u0131n\u0131n beklentilerini g\u00fcvenilir ve zaman\u0131nda kar\u015f\u0131layan Karbon ve Enerji Y\u00f6netimi\u2019nde uluslararas\u0131 bir dan\u0131\u015fmanl\u0131k kurulu\u015fuyuz&#8230; Global Alliance...\" \/>\n<meta property=\"og:url\" content=\"https:\/\/globalallianceregister.com\/tr\/services\/kyoto\/\" \/>\n<meta property=\"og:site_name\" content=\"Global Alliance Register\" \/>\n<meta property=\"article:modified_time\" content=\"2019-07-30T14:40:05+00:00\" \/>\n<meta property=\"og:image\" content=\"https:\/\/globalallianceregister.com\/wp-content\/uploads\/2010\/12\/Carbon-Energy-Management-Inner-Page.jpg\" \/>\n\t<meta property=\"og:image:width\" content=\"614\" \/>\n\t<meta property=\"og:image:height\" content=\"200\" \/>\n\t<meta property=\"og:image:type\" content=\"image\/jpeg\" \/>\n<meta name=\"twitter:label1\" content=\"Tahmini okuma s\u00fcresi\" \/>\n\t<meta name=\"twitter:data1\" content=\"2 dakika\" \/>\n<script type=\"application\/ld+json\" class=\"yoast-schema-graph\">{\"@context\":\"https:\\\/\\\/schema.org\",\"@graph\":[{\"@type\":\"WebPage\",\"@id\":\"https:\\\/\\\/globalallianceregister.com\\\/tr\\\/services\\\/kyoto\\\/\",\"url\":\"https:\\\/\\\/globalallianceregister.com\\\/tr\\\/services\\\/kyoto\\\/\",\"name\":\"Karbon ve Enerji Y\u00f6netimi - Global Alliance Register\",\"isPartOf\":{\"@id\":\"https:\\\/\\\/globalallianceregister.com\\\/tr\\\/#website\"},\"primaryImageOfPage\":{\"@id\":\"https:\\\/\\\/globalallianceregister.com\\\/tr\\\/services\\\/kyoto\\\/#primaryimage\"},\"image\":{\"@id\":\"https:\\\/\\\/globalallianceregister.com\\\/services\\\/kyoto\\\/#primaryimage\"},\"thumbnailUrl\":\"https:\\\/\\\/globalallianceregister.com\\\/wp-content\\\/uploads\\\/2010\\\/12\\\/Carbon-Energy-Management-Inner-Page.jpg\",\"datePublished\":\"2010-12-29T15:28:28+00:00\",\"dateModified\":\"2019-07-30T14:40:05+00:00\",\"breadcrumb\":{\"@id\":\"https:\\\/\\\/globalallianceregister.com\\\/tr\\\/services\\\/kyoto\\\/#breadcrumb\"},\"inLanguage\":\"tr\",\"potentialAction\":[{\"@type\":\"ReadAction\",\"target\":[[\"https:\\\/\\\/globalallianceregister.com\\\/tr\\\/services\\\/kyoto\\\/\"]]}]},{\"@type\":\"ImageObject\",\"inLanguage\":\"tr\",\"@id\":\"https:\\\/\\\/globalallianceregister.com\\\/tr\\\/services\\\/kyoto\\\/#primaryimage\",\"url\":\"https:\\\/\\\/globalallianceregister.com\\\/wp-content\\\/uploads\\\/2010\\\/12\\\/Carbon-Energy-Management-Inner-Page.jpg\",\"contentUrl\":\"https:\\\/\\\/globalallianceregister.com\\\/wp-content\\\/uploads\\\/2010\\\/12\\\/Carbon-Energy-Management-Inner-Page.jpg\",\"width\":614,\"height\":200},{\"@type\":\"BreadcrumbList\",\"@id\":\"https:\\\/\\\/globalallianceregister.com\\\/tr\\\/services\\\/kyoto\\\/#breadcrumb\",\"itemListElement\":[{\"@type\":\"ListItem\",\"position\":1,\"name\":\"Anasayfa\",\"item\":\"https:\\\/\\\/globalallianceregister.com\\\/tr\\\/\"},{\"@type\":\"ListItem\",\"position\":2,\"name\":\"Hizmetler\",\"item\":\"https:\\\/\\\/globalallianceregister.com\\\/tr\\\/services\\\/\"},{\"@type\":\"ListItem\",\"position\":3,\"name\":\"Karbon ve Enerji Y\u00f6netimi\"}]},{\"@type\":\"WebSite\",\"@id\":\"https:\\\/\\\/globalallianceregister.com\\\/tr\\\/#website\",\"url\":\"https:\\\/\\\/globalallianceregister.com\\\/tr\\\/\",\"name\":\"Global Alliance Register\",\"description\":\"(EN) Together for Excellence\",\"potentialAction\":[{\"@type\":\"SearchAction\",\"target\":{\"@type\":\"EntryPoint\",\"urlTemplate\":\"https:\\\/\\\/globalallianceregister.com\\\/tr\\\/?s={search_term_string}\"},\"query-input\":{\"@type\":\"PropertyValueSpecification\",\"valueRequired\":true,\"valueName\":\"search_term_string\"}}],\"inLanguage\":\"tr\"}]}<\/script>\n<!-- \/ Yoast SEO plugin. -->","yoast_head_json":{"title":"Karbon ve Enerji Y\u00f6netimi - Global Alliance Register","robots":{"index":"index","follow":"follow","max-snippet":"max-snippet:-1","max-image-preview":"max-image-preview:large","max-video-preview":"max-video-preview:-1"},"canonical":"https:\/\/globalallianceregister.com\/tr\/services\/kyoto\/","og_locale":"tr_TR","og_type":"article","og_title":"Karbon ve Enerji Y\u00f6netimi - Global Alliance Register","og_description":"Yerel ve uluslararas\u0131 uzman dan\u0131\u015fman a\u011f\u0131yla; s\u00fcrd\u00fcr\u00fclebilirlik merkezli \u00e7\u00f6z\u00fcmlere kendini adam\u0131\u015f, m\u00fc\u015fterilerinin ve t\u00fcm payda\u015flar\u0131n\u0131n beklentilerini g\u00fcvenilir ve zaman\u0131nda kar\u015f\u0131layan Karbon ve Enerji Y\u00f6netimi\u2019nde uluslararas\u0131 bir dan\u0131\u015fmanl\u0131k kurulu\u015fuyuz&#8230; Global Alliance...","og_url":"https:\/\/globalallianceregister.com\/tr\/services\/kyoto\/","og_site_name":"Global Alliance Register","article_modified_time":"2019-07-30T14:40:05+00:00","og_image":[{"width":614,"height":200,"url":"https:\/\/globalallianceregister.com\/wp-content\/uploads\/2010\/12\/Carbon-Energy-Management-Inner-Page.jpg","type":"image\/jpeg"}],"twitter_misc":{"Tahmini okuma s\u00fcresi":"2 dakika"},"schema":{"@context":"https:\/\/schema.org","@graph":[{"@type":"WebPage","@id":"https:\/\/globalallianceregister.com\/tr\/services\/kyoto\/","url":"https:\/\/globalallianceregister.com\/tr\/services\/kyoto\/","name":"Karbon ve Enerji Y\u00f6netimi - Global Alliance Register","isPartOf":{"@id":"https:\/\/globalallianceregister.com\/tr\/#website"},"primaryImageOfPage":{"@id":"https:\/\/globalallianceregister.com\/tr\/services\/kyoto\/#primaryimage"},"image":{"@id":"https:\/\/globalallianceregister.com\/services\/kyoto\/#primaryimage"},"thumbnailUrl":"https:\/\/globalallianceregister.com\/wp-content\/uploads\/2010\/12\/Carbon-Energy-Management-Inner-Page.jpg","datePublished":"2010-12-29T15:28:28+00:00","dateModified":"2019-07-30T14:40:05+00:00","breadcrumb":{"@id":"https:\/\/globalallianceregister.com\/tr\/services\/kyoto\/#breadcrumb"},"inLanguage":"tr","potentialAction":[{"@type":"ReadAction","target":[["https:\/\/globalallianceregister.com\/tr\/services\/kyoto\/"]]}]},{"@type":"ImageObject","inLanguage":"tr","@id":"https:\/\/globalallianceregister.com\/tr\/services\/kyoto\/#primaryimage","url":"https:\/\/globalallianceregister.com\/wp-content\/uploads\/2010\/12\/Carbon-Energy-Management-Inner-Page.jpg","contentUrl":"https:\/\/globalallianceregister.com\/wp-content\/uploads\/2010\/12\/Carbon-Energy-Management-Inner-Page.jpg","width":614,"height":200},{"@type":"BreadcrumbList","@id":"https:\/\/globalallianceregister.com\/tr\/services\/kyoto\/#breadcrumb","itemListElement":[{"@type":"ListItem","position":1,"name":"Anasayfa","item":"https:\/\/globalallianceregister.com\/tr\/"},{"@type":"ListItem","position":2,"name":"Hizmetler","item":"https:\/\/globalallianceregister.com\/tr\/services\/"},{"@type":"ListItem","position":3,"name":"Karbon ve Enerji Y\u00f6netimi"}]},{"@type":"WebSite","@id":"https:\/\/globalallianceregister.com\/tr\/#website","url":"https:\/\/globalallianceregister.com\/tr\/","name":"Global Alliance Register","description":"(EN) Together for Excellence","potentialAction":[{"@type":"SearchAction","target":{"@type":"EntryPoint","urlTemplate":"https:\/\/globalallianceregister.com\/tr\/?s={search_term_string}"},"query-input":{"@type":"PropertyValueSpecification","valueRequired":true,"valueName":"search_term_string"}}],"inLanguage":"tr"}]}},"_links":{"self":[{"href":"https:\/\/globalallianceregister.com\/tr\/wp-json\/wp\/v2\/pages\/284","targetHints":{"allow":["GET"]}}],"collection":[{"href":"https:\/\/globalallianceregister.com\/tr\/wp-json\/wp\/v2\/pages"}],"about":[{"href":"https:\/\/globalallianceregister.com\/tr\/wp-json\/wp\/v2\/types\/page"}],"author":[{"embeddable":true,"href":"https:\/\/globalallianceregister.com\/tr\/wp-json\/wp\/v2\/users\/10"}],"replies":[{"embeddable":true,"href":"https:\/\/globalallianceregister.com\/tr\/wp-json\/wp\/v2\/comments?post=284"}],"version-history":[{"count":0,"href":"https:\/\/globalallianceregister.com\/tr\/wp-json\/wp\/v2\/pages\/284\/revisions"}],"up":[{"embeddable":true,"href":"https:\/\/globalallianceregister.com\/tr\/wp-json\/wp\/v2\/pages\/7"}],"wp:featuredmedia":[{"embeddable":true,"href":"https:\/\/globalallianceregister.com\/tr\/wp-json\/wp\/v2\/media\/5122"}],"wp:attachment":[{"href":"https:\/\/globalallianceregister.com\/tr\/wp-json\/wp\/v2\/media?parent=284"}],"curies":[{"name":"wp","href":"https:\/\/api.w.org\/{rel}","templated":true}]}}