{"id":318,"date":"2010-12-30T11:11:56","date_gmt":"2010-12-30T11:11:56","guid":{"rendered":"https:\/\/globalallianceregister.com\/?page_id=318"},"modified":"2016-02-05T15:00:59","modified_gmt":"2016-02-05T15:00:59","slug":"careers-2","status":"publish","type":"page","link":"https:\/\/globalallianceregister.com\/tr\/careers-2\/","title":{"rendered":"Kariyer"},"content":{"rendered":"<p><strong>GAR \u2013 Global Alliance Register <\/strong>uluslararas\u0131 arenada konusunda lider t\u00fcm pazar segmentlerinde faaliyet g\u00f6steren global bir oyuncu olarak; mevcut ve potansiyel projelerimizde istihdam edilmek \u00fczere y\u00fcksek vas\u0131fl\u0131 profesyonellere ihtiya\u00e7 duymaktad\u0131r.<\/p>\n<p><span style=\"text-decoration: underline;\"><strong>Faaliyet g\u00f6stermekte oldu\u011fumuz alanlar:<\/strong><\/span><\/p>\n<ul>\n<li>Denizcilik,<\/li>\n<li>\u0130n\u015faat,<\/li>\n<li>Petrol &amp; Gaz,<\/li>\n<li>Enerji &amp; Tesisler,<\/li>\n<li>\u0130malat,<\/li>\n<li>Ula\u015ft\u0131rma &amp; Lojistik,<\/li>\n<li>Uzay &amp; Havac\u0131l\u0131k,<\/li>\n<li>Tar\u0131m &amp; G\u0131da,<\/li>\n<li>Otelcilik &amp; Turizm,<\/li>\n<li>Finansal Kurulu\u015flar,<\/li>\n<li>Sigortac\u0131l\u0131k,<\/li>\n<li>Bilgi Teknolojileri,<\/li>\n<li>Telekom\u00fcnikasyon,<\/li>\n<li>Sa\u011fl\u0131k &amp; \u0130la\u00e7 Sekt\u00f6r\u00fc,<\/li>\n<\/ul>\n<p><span style=\"text-decoration: underline;\"><strong>S\u0131k\u00e7a ihtiya\u00e7 duydu\u011fumuz bran\u015f ve uzmanl\u0131k alanlar\u0131 \u015fu \u015fekildedir: <\/strong> <\/span><\/p>\n<ul>\n<li>Deneyimli Dizayn &amp; M\u00fchendislik Uzmanlar\u0131,<\/li>\n<li>Proje M\u00fcd\u00fcrleri,<\/li>\n<li>Arsa \u00dcretimi Dan\u0131\u015fmanlar\u0131,<\/li>\n<li>Yeni Yat\u0131r\u0131mlarda T\u00fcm Sekt\u00f6rler \u0130\u00e7in \u0130lgili Mevzuat Uzmanlar\u0131,<\/li>\n<li>Enspekt\u00f6r\/ G\u00f6zetim Personeli,<\/li>\n<li>Denet\u00e7iler,<\/li>\n<li>E\u011fitmenler,<\/li>\n<li>Kalite Kontrol\/ Kalite G\u00fcvence S\u00fcperviz\u00f6rleri,<\/li>\n<li>\u0130\u015f Sa\u011fl\u0131\u011f\u0131 &amp; G\u00fcvenli\u011fi ve \u00c7evre M\u00fchendisleri ve Saha S\u00fcperviz\u00f6rleri,<\/li>\n<li>\u015eantiye M\u00fchendisleri,<\/li>\n<li>API Enspekt\u00f6rleri,<\/li>\n<li>Boya Enspekt\u00f6rleri,<\/li>\n<li>Kaynak M\u00fchendisleri,<\/li>\n<li>NDT Tahribats\u0131z Muayene Enspekt\u00f6rleri,<\/li>\n<li>Teknisyenler,<\/li>\n<li>Karbon &amp; Enerji Y\u00f6netimi Dan\u0131\u015fmanlar\u0131,<\/li>\n<li>Yal\u0131n \u00fcretim Teknikleri Dan\u0131\u015fmanlar\u0131 &amp; Uzmanlar\u0131,<\/li>\n<\/ul>\n<p>Yukar\u0131da belirtili olan pozisyonlarda saha ve i\u015f deneyimine sahip oldu\u011funuzu d\u00fc\u015f\u00fcn\u00fcyorsan\u0131z l\u00fctfen detayl\u0131 \u0130ngilizce \u00d6zge\u00e7mi\u015finiz ile birlikte bir i\u015f deneyimlerinizi ve vas\u0131flar\u0131n\u0131z\u0131 \u00f6zetleyen k\u0131sa bir \u00f6n yaz\u0131 ile taraf\u0131m\u0131za elektronik posta ile g\u00f6nderiniz. T\u00fcm ba\u015fvurular taraf\u0131m\u0131zca incelenerek en k\u0131sa s\u00fcre i\u00e7erisinde cevapland\u0131r\u0131lacakt\u0131r.<\/p>\n<p><strong>e-posta adresi:<\/strong> info@globalallianceregister.com<\/p>","protected":false},"excerpt":{"rendered":"<p>GAR \u2013 Global Alliance Register uluslararas\u0131 arenada konusunda lider t\u00fcm pazar segmentlerinde faaliyet g\u00f6steren global bir oyuncu olarak; mevcut ve potansiyel projelerimizde istihdam edilmek \u00fczere y\u00fcksek vas\u0131fl\u0131 profesyonellere ihtiya\u00e7 duymaktad\u0131r&#8230;. <\/p>\n","protected":false},"author":10,"featured_media":5165,"parent":0,"menu_order":8,"comment_status":"closed","ping_status":"closed","template":"page-full.php","meta":{"_acf_changed":false,"om_disable_all_campaigns":false,"footnotes":""},"class_list":["post-318","page","type-page","status-publish","has-post-thumbnail","hentry"],"acf":[],"yoast_head":"<!-- This site is optimized with the Yoast SEO plugin v27.4 - https:\/\/yoast.com\/product\/yoast-seo-wordpress\/ -->\n<title>Kariyer - Global Alliance Register<\/title>\n<meta name=\"robots\" content=\"index, follow, max-snippet:-1, max-image-preview:large, max-video-preview:-1\" \/>\n<link rel=\"canonical\" href=\"https:\/\/globalallianceregister.com\/tr\/careers-2\/\" \/>\n<meta property=\"og:locale\" content=\"tr_TR\" \/>\n<meta property=\"og:type\" content=\"article\" \/>\n<meta property=\"og:title\" content=\"Kariyer - Global Alliance Register\" \/>\n<meta property=\"og:description\" content=\"GAR \u2013 Global Alliance Register uluslararas\u0131 arenada konusunda lider t\u00fcm pazar segmentlerinde faaliyet g\u00f6steren global bir oyuncu olarak; mevcut ve potansiyel projelerimizde istihdam edilmek \u00fczere y\u00fcksek vas\u0131fl\u0131 profesyonellere ihtiya\u00e7 duymaktad\u0131r....\" \/>\n<meta property=\"og:url\" content=\"https:\/\/globalallianceregister.com\/tr\/careers-2\/\" \/>\n<meta property=\"og:site_name\" content=\"Global Alliance Register\" \/>\n<meta property=\"article:modified_time\" content=\"2016-02-05T15:00:59+00:00\" \/>\n<meta property=\"og:image\" content=\"https:\/\/globalallianceregister.com\/wp-content\/uploads\/2010\/12\/Careers-Inner-Page-2.jpg\" \/>\n\t<meta property=\"og:image:width\" content=\"614\" \/>\n\t<meta property=\"og:image:height\" content=\"200\" \/>\n\t<meta property=\"og:image:type\" content=\"image\/jpeg\" \/>\n<meta name=\"twitter:label1\" content=\"Tahmini okuma s\u00fcresi\" \/>\n\t<meta name=\"twitter:data1\" content=\"2 dakika\" \/>\n<script type=\"application\/ld+json\" class=\"yoast-schema-graph\">{\"@context\":\"https:\\\/\\\/schema.org\",\"@graph\":[{\"@type\":\"WebPage\",\"@id\":\"https:\\\/\\\/globalallianceregister.com\\\/tr\\\/careers-2\\\/\",\"url\":\"https:\\\/\\\/globalallianceregister.com\\\/tr\\\/careers-2\\\/\",\"name\":\"Kariyer - Global Alliance Register\",\"isPartOf\":{\"@id\":\"https:\\\/\\\/globalallianceregister.com\\\/tr\\\/#website\"},\"primaryImageOfPage\":{\"@id\":\"https:\\\/\\\/globalallianceregister.com\\\/tr\\\/careers-2\\\/#primaryimage\"},\"image\":{\"@id\":\"https:\\\/\\\/globalallianceregister.com\\\/tr\\\/careers-2\\\/#primaryimage\"},\"thumbnailUrl\":\"https:\\\/\\\/globalallianceregister.com\\\/wp-content\\\/uploads\\\/2010\\\/12\\\/Careers-Inner-Page-2.jpg\",\"datePublished\":\"2010-12-30T11:11:56+00:00\",\"dateModified\":\"2016-02-05T15:00:59+00:00\",\"breadcrumb\":{\"@id\":\"https:\\\/\\\/globalallianceregister.com\\\/tr\\\/careers-2\\\/#breadcrumb\"},\"inLanguage\":\"tr\",\"potentialAction\":[{\"@type\":\"ReadAction\",\"target\":[[\"https:\\\/\\\/globalallianceregister.com\\\/tr\\\/careers-2\\\/\"]]}]},{\"@type\":\"ImageObject\",\"inLanguage\":\"tr\",\"@id\":\"https:\\\/\\\/globalallianceregister.com\\\/tr\\\/careers-2\\\/#primaryimage\",\"url\":\"https:\\\/\\\/globalallianceregister.com\\\/wp-content\\\/uploads\\\/2010\\\/12\\\/Careers-Inner-Page-2.jpg\",\"contentUrl\":\"https:\\\/\\\/globalallianceregister.com\\\/wp-content\\\/uploads\\\/2010\\\/12\\\/Careers-Inner-Page-2.jpg\",\"width\":614,\"height\":200},{\"@type\":\"BreadcrumbList\",\"@id\":\"https:\\\/\\\/globalallianceregister.com\\\/tr\\\/careers-2\\\/#breadcrumb\",\"itemListElement\":[{\"@type\":\"ListItem\",\"position\":1,\"name\":\"Anasayfa\",\"item\":\"https:\\\/\\\/globalallianceregister.com\\\/tr\\\/\"},{\"@type\":\"ListItem\",\"position\":2,\"name\":\"Kariyer\"}]},{\"@type\":\"WebSite\",\"@id\":\"https:\\\/\\\/globalallianceregister.com\\\/tr\\\/#website\",\"url\":\"https:\\\/\\\/globalallianceregister.com\\\/tr\\\/\",\"name\":\"Global Alliance Register\",\"description\":\"(EN) Together for Excellence\",\"potentialAction\":[{\"@type\":\"SearchAction\",\"target\":{\"@type\":\"EntryPoint\",\"urlTemplate\":\"https:\\\/\\\/globalallianceregister.com\\\/tr\\\/?s={search_term_string}\"},\"query-input\":{\"@type\":\"PropertyValueSpecification\",\"valueRequired\":true,\"valueName\":\"search_term_string\"}}],\"inLanguage\":\"tr\"}]}<\/script>\n<!-- \/ Yoast SEO plugin. -->","yoast_head_json":{"title":"Kariyer - Global Alliance Register","robots":{"index":"index","follow":"follow","max-snippet":"max-snippet:-1","max-image-preview":"max-image-preview:large","max-video-preview":"max-video-preview:-1"},"canonical":"https:\/\/globalallianceregister.com\/tr\/careers-2\/","og_locale":"tr_TR","og_type":"article","og_title":"Kariyer - Global Alliance Register","og_description":"GAR \u2013 Global Alliance Register uluslararas\u0131 arenada konusunda lider t\u00fcm pazar segmentlerinde faaliyet g\u00f6steren global bir oyuncu olarak; mevcut ve potansiyel projelerimizde istihdam edilmek \u00fczere y\u00fcksek vas\u0131fl\u0131 profesyonellere ihtiya\u00e7 duymaktad\u0131r....","og_url":"https:\/\/globalallianceregister.com\/tr\/careers-2\/","og_site_name":"Global Alliance Register","article_modified_time":"2016-02-05T15:00:59+00:00","og_image":[{"width":614,"height":200,"url":"https:\/\/globalallianceregister.com\/wp-content\/uploads\/2010\/12\/Careers-Inner-Page-2.jpg","type":"image\/jpeg"}],"twitter_misc":{"Tahmini okuma s\u00fcresi":"2 dakika"},"schema":{"@context":"https:\/\/schema.org","@graph":[{"@type":"WebPage","@id":"https:\/\/globalallianceregister.com\/tr\/careers-2\/","url":"https:\/\/globalallianceregister.com\/tr\/careers-2\/","name":"Kariyer - Global Alliance Register","isPartOf":{"@id":"https:\/\/globalallianceregister.com\/tr\/#website"},"primaryImageOfPage":{"@id":"https:\/\/globalallianceregister.com\/tr\/careers-2\/#primaryimage"},"image":{"@id":"https:\/\/globalallianceregister.com\/tr\/careers-2\/#primaryimage"},"thumbnailUrl":"https:\/\/globalallianceregister.com\/wp-content\/uploads\/2010\/12\/Careers-Inner-Page-2.jpg","datePublished":"2010-12-30T11:11:56+00:00","dateModified":"2016-02-05T15:00:59+00:00","breadcrumb":{"@id":"https:\/\/globalallianceregister.com\/tr\/careers-2\/#breadcrumb"},"inLanguage":"tr","potentialAction":[{"@type":"ReadAction","target":[["https:\/\/globalallianceregister.com\/tr\/careers-2\/"]]}]},{"@type":"ImageObject","inLanguage":"tr","@id":"https:\/\/globalallianceregister.com\/tr\/careers-2\/#primaryimage","url":"https:\/\/globalallianceregister.com\/wp-content\/uploads\/2010\/12\/Careers-Inner-Page-2.jpg","contentUrl":"https:\/\/globalallianceregister.com\/wp-content\/uploads\/2010\/12\/Careers-Inner-Page-2.jpg","width":614,"height":200},{"@type":"BreadcrumbList","@id":"https:\/\/globalallianceregister.com\/tr\/careers-2\/#breadcrumb","itemListElement":[{"@type":"ListItem","position":1,"name":"Anasayfa","item":"https:\/\/globalallianceregister.com\/tr\/"},{"@type":"ListItem","position":2,"name":"Kariyer"}]},{"@type":"WebSite","@id":"https:\/\/globalallianceregister.com\/tr\/#website","url":"https:\/\/globalallianceregister.com\/tr\/","name":"Global Alliance Register","description":"(EN) Together for Excellence","potentialAction":[{"@type":"SearchAction","target":{"@type":"EntryPoint","urlTemplate":"https:\/\/globalallianceregister.com\/tr\/?s={search_term_string}"},"query-input":{"@type":"PropertyValueSpecification","valueRequired":true,"valueName":"search_term_string"}}],"inLanguage":"tr"}]}},"_links":{"self":[{"href":"https:\/\/globalallianceregister.com\/tr\/wp-json\/wp\/v2\/pages\/318","targetHints":{"allow":["GET"]}}],"collection":[{"href":"https:\/\/globalallianceregister.com\/tr\/wp-json\/wp\/v2\/pages"}],"about":[{"href":"https:\/\/globalallianceregister.com\/tr\/wp-json\/wp\/v2\/types\/page"}],"author":[{"embeddable":true,"href":"https:\/\/globalallianceregister.com\/tr\/wp-json\/wp\/v2\/users\/10"}],"replies":[{"embeddable":true,"href":"https:\/\/globalallianceregister.com\/tr\/wp-json\/wp\/v2\/comments?post=318"}],"version-history":[{"count":0,"href":"https:\/\/globalallianceregister.com\/tr\/wp-json\/wp\/v2\/pages\/318\/revisions"}],"wp:featuredmedia":[{"embeddable":true,"href":"https:\/\/globalallianceregister.com\/tr\/wp-json\/wp\/v2\/media\/5165"}],"wp:attachment":[{"href":"https:\/\/globalallianceregister.com\/tr\/wp-json\/wp\/v2\/media?parent=318"}],"curies":[{"name":"wp","href":"https:\/\/api.w.org\/{rel}","templated":true}]}}