{"id":321,"date":"2010-12-30T11:13:21","date_gmt":"2010-12-30T11:13:21","guid":{"rendered":"https:\/\/globalallianceregister.com\/?page_id=321"},"modified":"2016-02-05T14:46:11","modified_gmt":"2016-02-05T14:46:11","slug":"case-studies","status":"publish","type":"page","link":"https:\/\/globalallianceregister.com\/tr\/case-studies\/","title":{"rendered":"Vaka \u00c7al\u0131\u015fmalar\u0131"},"content":{"rendered":"<p>Global Alliance Register Uzmanlar\u0131 bu b\u00f6l\u00fcmde ilginizi \u00e7ekece\u011fini d\u00fc\u015f\u00fcnd\u00fc\u011f\u00fcm\u00fcz vaka \u00e7al\u0131\u015fmalar\u0131 ile sizlerle birlikte olmay\u0131 ama\u00e7lamaktad\u0131r. \u0130lgili vaka \u00e7al\u0131\u015fmalar\u0131 farkl\u0131 pazar segmentleri i\u00e7in bu b\u00f6l\u00fcmde \u00e7ok yak\u0131nda ilginize sunulacakt\u0131r.<\/p>","protected":false},"excerpt":{"rendered":"<p>Global Alliance Register Uzmanlar\u0131 bu b\u00f6l\u00fcmde ilginizi \u00e7ekece\u011fini d\u00fc\u015f\u00fcnd\u00fc\u011f\u00fcm\u00fcz vaka \u00e7al\u0131\u015fmalar\u0131 ile sizlerle birlikte olmay\u0131 ama\u00e7lamaktad\u0131r. \u0130lgili vaka \u00e7al\u0131\u015fmalar\u0131 farkl\u0131 pazar segmentleri i\u00e7in bu b\u00f6l\u00fcmde \u00e7ok yak\u0131nda ilginize sunulacakt\u0131r.<\/p>\n","protected":false},"author":10,"featured_media":0,"parent":0,"menu_order":7,"comment_status":"closed","ping_status":"closed","template":"page-full.php","meta":{"_acf_changed":false,"om_disable_all_campaigns":false,"footnotes":""},"class_list":["post-321","page","type-page","status-publish","hentry"],"acf":[],"yoast_head":"<!-- This site is optimized with the Yoast SEO plugin v27.4 - https:\/\/yoast.com\/product\/yoast-seo-wordpress\/ -->\n<title>Vaka \u00c7al\u0131\u015fmalar\u0131 - Global Alliance Register<\/title>\n<meta name=\"robots\" content=\"index, follow, max-snippet:-1, max-image-preview:large, max-video-preview:-1\" \/>\n<link rel=\"canonical\" href=\"https:\/\/globalallianceregister.com\/tr\/case-studies\/\" \/>\n<meta property=\"og:locale\" content=\"tr_TR\" \/>\n<meta property=\"og:type\" content=\"article\" \/>\n<meta property=\"og:title\" content=\"Vaka \u00c7al\u0131\u015fmalar\u0131 - Global Alliance Register\" \/>\n<meta property=\"og:description\" content=\"Global Alliance Register Uzmanlar\u0131 bu b\u00f6l\u00fcmde ilginizi \u00e7ekece\u011fini d\u00fc\u015f\u00fcnd\u00fc\u011f\u00fcm\u00fcz vaka \u00e7al\u0131\u015fmalar\u0131 ile sizlerle birlikte olmay\u0131 ama\u00e7lamaktad\u0131r. \u0130lgili vaka \u00e7al\u0131\u015fmalar\u0131 farkl\u0131 pazar segmentleri i\u00e7in bu b\u00f6l\u00fcmde \u00e7ok yak\u0131nda ilginize sunulacakt\u0131r.\" \/>\n<meta property=\"og:url\" content=\"https:\/\/globalallianceregister.com\/tr\/case-studies\/\" \/>\n<meta property=\"og:site_name\" content=\"Global Alliance Register\" \/>\n<meta property=\"article:modified_time\" content=\"2016-02-05T14:46:11+00:00\" \/>\n<script type=\"application\/ld+json\" class=\"yoast-schema-graph\">{\"@context\":\"https:\\\/\\\/schema.org\",\"@graph\":[{\"@type\":\"WebPage\",\"@id\":\"https:\\\/\\\/globalallianceregister.com\\\/tr\\\/case-studies\\\/\",\"url\":\"https:\\\/\\\/globalallianceregister.com\\\/tr\\\/case-studies\\\/\",\"name\":\"Vaka \u00c7al\u0131\u015fmalar\u0131 - Global Alliance Register\",\"isPartOf\":{\"@id\":\"https:\\\/\\\/globalallianceregister.com\\\/tr\\\/#website\"},\"datePublished\":\"2010-12-30T11:13:21+00:00\",\"dateModified\":\"2016-02-05T14:46:11+00:00\",\"breadcrumb\":{\"@id\":\"https:\\\/\\\/globalallianceregister.com\\\/tr\\\/case-studies\\\/#breadcrumb\"},\"inLanguage\":\"tr\",\"potentialAction\":[{\"@type\":\"ReadAction\",\"target\":[[\"https:\\\/\\\/globalallianceregister.com\\\/tr\\\/case-studies\\\/\"]]}]},{\"@type\":\"BreadcrumbList\",\"@id\":\"https:\\\/\\\/globalallianceregister.com\\\/tr\\\/case-studies\\\/#breadcrumb\",\"itemListElement\":[{\"@type\":\"ListItem\",\"position\":1,\"name\":\"Anasayfa\",\"item\":\"https:\\\/\\\/globalallianceregister.com\\\/tr\\\/\"},{\"@type\":\"ListItem\",\"position\":2,\"name\":\"Vaka \u00c7al\u0131\u015fmalar\u0131\"}]},{\"@type\":\"WebSite\",\"@id\":\"https:\\\/\\\/globalallianceregister.com\\\/tr\\\/#website\",\"url\":\"https:\\\/\\\/globalallianceregister.com\\\/tr\\\/\",\"name\":\"Global Alliance Register\",\"description\":\"(EN) Together for Excellence\",\"potentialAction\":[{\"@type\":\"SearchAction\",\"target\":{\"@type\":\"EntryPoint\",\"urlTemplate\":\"https:\\\/\\\/globalallianceregister.com\\\/tr\\\/?s={search_term_string}\"},\"query-input\":{\"@type\":\"PropertyValueSpecification\",\"valueRequired\":true,\"valueName\":\"search_term_string\"}}],\"inLanguage\":\"tr\"}]}<\/script>\n<!-- \/ Yoast SEO plugin. -->","yoast_head_json":{"title":"Vaka \u00c7al\u0131\u015fmalar\u0131 - Global Alliance Register","robots":{"index":"index","follow":"follow","max-snippet":"max-snippet:-1","max-image-preview":"max-image-preview:large","max-video-preview":"max-video-preview:-1"},"canonical":"https:\/\/globalallianceregister.com\/tr\/case-studies\/","og_locale":"tr_TR","og_type":"article","og_title":"Vaka \u00c7al\u0131\u015fmalar\u0131 - Global Alliance Register","og_description":"Global Alliance Register Uzmanlar\u0131 bu b\u00f6l\u00fcmde ilginizi \u00e7ekece\u011fini d\u00fc\u015f\u00fcnd\u00fc\u011f\u00fcm\u00fcz vaka \u00e7al\u0131\u015fmalar\u0131 ile sizlerle birlikte olmay\u0131 ama\u00e7lamaktad\u0131r. \u0130lgili vaka \u00e7al\u0131\u015fmalar\u0131 farkl\u0131 pazar segmentleri i\u00e7in bu b\u00f6l\u00fcmde \u00e7ok yak\u0131nda ilginize sunulacakt\u0131r.","og_url":"https:\/\/globalallianceregister.com\/tr\/case-studies\/","og_site_name":"Global Alliance Register","article_modified_time":"2016-02-05T14:46:11+00:00","schema":{"@context":"https:\/\/schema.org","@graph":[{"@type":"WebPage","@id":"https:\/\/globalallianceregister.com\/tr\/case-studies\/","url":"https:\/\/globalallianceregister.com\/tr\/case-studies\/","name":"Vaka \u00c7al\u0131\u015fmalar\u0131 - Global Alliance Register","isPartOf":{"@id":"https:\/\/globalallianceregister.com\/tr\/#website"},"datePublished":"2010-12-30T11:13:21+00:00","dateModified":"2016-02-05T14:46:11+00:00","breadcrumb":{"@id":"https:\/\/globalallianceregister.com\/tr\/case-studies\/#breadcrumb"},"inLanguage":"tr","potentialAction":[{"@type":"ReadAction","target":[["https:\/\/globalallianceregister.com\/tr\/case-studies\/"]]}]},{"@type":"BreadcrumbList","@id":"https:\/\/globalallianceregister.com\/tr\/case-studies\/#breadcrumb","itemListElement":[{"@type":"ListItem","position":1,"name":"Anasayfa","item":"https:\/\/globalallianceregister.com\/tr\/"},{"@type":"ListItem","position":2,"name":"Vaka \u00c7al\u0131\u015fmalar\u0131"}]},{"@type":"WebSite","@id":"https:\/\/globalallianceregister.com\/tr\/#website","url":"https:\/\/globalallianceregister.com\/tr\/","name":"Global Alliance Register","description":"(EN) Together for Excellence","potentialAction":[{"@type":"SearchAction","target":{"@type":"EntryPoint","urlTemplate":"https:\/\/globalallianceregister.com\/tr\/?s={search_term_string}"},"query-input":{"@type":"PropertyValueSpecification","valueRequired":true,"valueName":"search_term_string"}}],"inLanguage":"tr"}]}},"_links":{"self":[{"href":"https:\/\/globalallianceregister.com\/tr\/wp-json\/wp\/v2\/pages\/321","targetHints":{"allow":["GET"]}}],"collection":[{"href":"https:\/\/globalallianceregister.com\/tr\/wp-json\/wp\/v2\/pages"}],"about":[{"href":"https:\/\/globalallianceregister.com\/tr\/wp-json\/wp\/v2\/types\/page"}],"author":[{"embeddable":true,"href":"https:\/\/globalallianceregister.com\/tr\/wp-json\/wp\/v2\/users\/10"}],"replies":[{"embeddable":true,"href":"https:\/\/globalallianceregister.com\/tr\/wp-json\/wp\/v2\/comments?post=321"}],"version-history":[{"count":0,"href":"https:\/\/globalallianceregister.com\/tr\/wp-json\/wp\/v2\/pages\/321\/revisions"}],"wp:attachment":[{"href":"https:\/\/globalallianceregister.com\/tr\/wp-json\/wp\/v2\/media?parent=321"}],"curies":[{"name":"wp","href":"https:\/\/api.w.org\/{rel}","templated":true}]}}