{"id":3289,"date":"2015-01-07T16:39:58","date_gmt":"2015-01-07T16:39:58","guid":{"rendered":"https:\/\/globalallianceregister.com\/?page_id=3289"},"modified":"2016-02-04T12:01:29","modified_gmt":"2016-02-04T12:01:29","slug":"api-653-ground-storage-tank-inspector-preparatory-course","status":"publish","type":"page","link":"https:\/\/globalallianceregister.com\/tr\/services\/egitim\/api-training-programs\/api-653-ground-storage-tank-inspector-preparatory-course\/","title":{"rendered":"API 653 Yer\u00fcs\u00fct\u00fc Depolama Tank\u0131 Enspekt\u00f6r\u00fc S\u0131nav Haz\u0131rl\u0131k E\u011fitimi"},"content":{"rendered":"<p>&nbsp;<\/p>\n<p><strong>HOW TO\u00a0BECOME API CERTIFIED INSPECTOR?\u00a0\u00a0<\/strong><\/p>\n<ul>\n<li>Basically in order to become certified as an API certified inspector, you will need to do is apply to API, meet their acceptance criteria as outlined below, and then pass the formal examinations (7 hours of exam for the main ICPs and 3 hours for the supplementary ones)<\/li>\n<li>In practice, unless you have full familiarity with the relevant codes, you are unlikely to pass the exam and will need to prepare for the examination by enrolling on a training The training course will provide you about the subject matter covered, test you using mock exams etc., and prepare you to take the API exam.<\/li>\n<\/ul>\n<p>&nbsp;<\/p>\n<p><strong>ENTRY REQUIREMENTS\u00a0\u00a0<\/strong><\/p>\n<ul>\n<li>API set minimum entry requirements for candidates who want to take the ICP exams. The general principle is that candidates must be \u2018employed by or under contract to an \u2018authorised inspection agency or owner\/user organization\u2019. In Turkey and other countries that do not have a formal system of legally authorised inspection organisations, this is interpreted slightly differently. Inspectors who work under contract (self-employed or any registered companies) are considered eligible, as long as they can demonstrate that they have been working in the inspection field.<\/li>\n<li>The above requirements serve to exclude mainly those people who are not involved in the inspection industry and who therefore would not be suitable for API certification. In practice, most people who have been working in the inspection industry in NDT, inspection, maintenance etc. do not have too much trouble in satisfying these entry requirements.<\/li>\n<\/ul>\n<p>&nbsp;<\/p>\n<p><strong>API\u00a0 Exam Entry Requirements<\/strong><\/p>\n<ul>\n<li>Below information\u00a0shows the API-published entry requirements. Note that it is only necessary to satisfy one of the entry requirements (i.e. A, B, C or D):\n<ul>\n<li><strong>Entry Level A<\/strong> requires a Degree (or higher) in engineering with 1 year experience in\u00a0the\u00a0supervision or performance of inspection activities of vessels\/pipes\/tanks as appropriate,<\/li>\n<li><strong>Entry Level B<\/strong> requires higher qualification or certificate in engineering or technology with\u00a02 years experience in\u00a0design, construction, repair, operation, or inspection vessels\/pipes\/tanks as appropriate, of which 1 year must be in supervision or performance of inspection activities.<\/li>\n<li><strong>Entry Level C<\/strong> requires basic engineering qualification with 3 years in\u00a0design, construction, repair, operation, or inspection vessels\/pipes\/tanks as appropriate, of which 1 year must be in supervision or performance of inspection activities.<\/li>\n<li><strong>Entry Level D<\/strong> does not require any qualifications but the applicant need 5 or more years experience\u00a0in\u00a0design, construction, repair, operation, or inspection vessels\/pipes\/tanks as appropriate, of which 1 year must be in supervision or performance of inspection activities.<\/li>\n<\/ul>\n<\/li>\n<li>Above requirements of course depend on whether you wish to sit for API 510,570 or 653 Examination.<\/li>\n<\/ul>\n<p>&nbsp;<\/p>\n<p><strong>Additional Entry Requirements for the Training Programme\u00a0<\/strong><\/p>\n<ul>\n<li>Global Alliance Academy accepts onto our API Exam Preparation Training Courses have a good chance of passing the examination. Therefore we process an application assessment procedure consisting of a CV assessment and, in marginal cases, a technical questionnaire.<\/li>\n<li>The purpose of this is to assess an applicant\u2019s initial knowledge of some of the technical subjects that will be covered in the course, and subsequently in the API examinations. This will give us an idea as to whether you will do sufficiently well on the course to give you a fair chance of passing the examinations<\/li>\n<\/ul>\n<p>&nbsp;<\/p>\n<p><strong>Training Outline<\/strong><\/p>\n<p><span style=\"text-decoration: underline;\">During the training \u00a0we will refer to the technical standards indicated below:<\/span><\/p>\n<ul>\n<li>API 575, Inspection of atmospheric and low-pressure storage tanks.<\/li>\n<li>API RP 571, Damage mechanisms affecting fixed equipment in the refining industry,<\/li>\n<li>API 650, Welded steel tanks for oil storage.<\/li>\n<li>API 651, Cathodic protection of above-ground storage tanks<\/li>\n<li>API 652, Lining of aboveground storage tanks<\/li>\n<li>API 653, Tank inspection, repair, alteration and reconstruction<\/li>\n<li>ASME V, Non-destructive Examination,<\/li>\n<li>ASME IX, Welding Qualifications<\/li>\n<\/ul>\n<p>&nbsp;<\/p>\n<p><strong>API 653\u00a0Training Syllabus Content:<\/strong><\/p>\n<p><span style=\"text-decoration: underline;\">Code calculations and inspection intervals for new and degraded storage tanks including consideration for:\u00a0<\/span><\/p>\n<ul>\n<li>Corrosion rates and allowances<\/li>\n<li>Remaining service life and inspection intervals<\/li>\n<li>Pitting assessment<\/li>\n<li>Corrosion protection of storage tanks<\/li>\n<li>Thickness calculations for tank shells and floors<\/li>\n<li>Tank settlement and distortion evaluation<\/li>\n<li>Hydraulic testing<\/li>\n<li>Impact test requirements and exemptions<\/li>\n<li>Minimum wall thickness and working pressure\/temperature requirements<\/li>\n<li>Tank repair procedures (patches, lap welds etc)<\/li>\n<li>Weld heat treatment requirements<\/li>\n<li>Weld WPS\/PQR evaluation (ASME IX basis): SMAW\/GTAW\/SAW\/GMAW<\/li>\n<li>General rules for welding (API and ASME basis)<\/li>\n<li>NDT requirements of ASME V: Visual\/RT\/DP\/MPI<\/li>\n<li>Techniques<\/li>\n<li>Calibration<\/li>\n<li>Examination<\/li>\n<li>Interpretation<\/li>\n<\/ul>\n<p>&nbsp;<\/p>","protected":false},"excerpt":{"rendered":"<p>&nbsp; HOW TO\u00a0BECOME API CERTIFIED INSPECTOR?\u00a0\u00a0 Basically in order to become certified as an API certified inspector, you will need to do is apply to API, meet their acceptance criteria&#8230; <\/p>\n","protected":false},"author":10,"featured_media":0,"parent":5304,"menu_order":0,"comment_status":"closed","ping_status":"closed","template":"page-full.php","meta":{"_acf_changed":false,"om_disable_all_campaigns":false,"footnotes":""},"class_list":["post-3289","page","type-page","status-publish","hentry"],"acf":[],"yoast_head":"<!-- This site is optimized with the Yoast SEO plugin v27.4 - https:\/\/yoast.com\/product\/yoast-seo-wordpress\/ -->\n<title>API 653 Yer\u00fcs\u00fct\u00fc Depolama Tank\u0131 Enspekt\u00f6r\u00fc S\u0131nav Haz\u0131rl\u0131k E\u011fitimi - Global Alliance Register<\/title>\n<meta name=\"robots\" content=\"index, follow, max-snippet:-1, max-image-preview:large, max-video-preview:-1\" \/>\n<link rel=\"canonical\" href=\"https:\/\/globalallianceregister.com\/tr\/services\/egitim\/api-training-programs\/api-653-ground-storage-tank-inspector-preparatory-course\/\" \/>\n<meta property=\"og:locale\" content=\"tr_TR\" \/>\n<meta property=\"og:type\" content=\"article\" \/>\n<meta property=\"og:title\" content=\"API 653 Yer\u00fcs\u00fct\u00fc Depolama Tank\u0131 Enspekt\u00f6r\u00fc S\u0131nav Haz\u0131rl\u0131k E\u011fitimi - Global Alliance Register\" \/>\n<meta property=\"og:description\" content=\"&nbsp; HOW TO\u00a0BECOME API CERTIFIED INSPECTOR?\u00a0\u00a0 Basically in order to become certified as an API certified inspector, you will need to do is apply to API, meet their acceptance criteria...\" \/>\n<meta property=\"og:url\" content=\"https:\/\/globalallianceregister.com\/tr\/services\/egitim\/api-training-programs\/api-653-ground-storage-tank-inspector-preparatory-course\/\" \/>\n<meta property=\"og:site_name\" content=\"Global Alliance Register\" \/>\n<meta property=\"article:modified_time\" content=\"2016-02-04T12:01:29+00:00\" \/>\n<meta name=\"twitter:label1\" content=\"Tahmini okuma s\u00fcresi\" \/>\n\t<meta name=\"twitter:data1\" content=\"7 dakika\" \/>\n<script type=\"application\/ld+json\" class=\"yoast-schema-graph\">{\"@context\":\"https:\\\/\\\/schema.org\",\"@graph\":[{\"@type\":\"WebPage\",\"@id\":\"https:\\\/\\\/globalallianceregister.com\\\/tr\\\/services\\\/egitim\\\/api-training-programs\\\/api-653-ground-storage-tank-inspector-preparatory-course\\\/\",\"url\":\"https:\\\/\\\/globalallianceregister.com\\\/tr\\\/services\\\/egitim\\\/api-training-programs\\\/api-653-ground-storage-tank-inspector-preparatory-course\\\/\",\"name\":\"API 653 Yer\u00fcs\u00fct\u00fc Depolama Tank\u0131 Enspekt\u00f6r\u00fc S\u0131nav Haz\u0131rl\u0131k E\u011fitimi - Global Alliance Register\",\"isPartOf\":{\"@id\":\"https:\\\/\\\/globalallianceregister.com\\\/tr\\\/#website\"},\"datePublished\":\"2015-01-07T16:39:58+00:00\",\"dateModified\":\"2016-02-04T12:01:29+00:00\",\"breadcrumb\":{\"@id\":\"https:\\\/\\\/globalallianceregister.com\\\/tr\\\/services\\\/egitim\\\/api-training-programs\\\/api-653-ground-storage-tank-inspector-preparatory-course\\\/#breadcrumb\"},\"inLanguage\":\"tr\",\"potentialAction\":[{\"@type\":\"ReadAction\",\"target\":[[\"https:\\\/\\\/globalallianceregister.com\\\/tr\\\/services\\\/egitim\\\/api-training-programs\\\/api-653-ground-storage-tank-inspector-preparatory-course\\\/\"]]}]},{\"@type\":\"BreadcrumbList\",\"@id\":\"https:\\\/\\\/globalallianceregister.com\\\/tr\\\/services\\\/egitim\\\/api-training-programs\\\/api-653-ground-storage-tank-inspector-preparatory-course\\\/#breadcrumb\",\"itemListElement\":[{\"@type\":\"ListItem\",\"position\":1,\"name\":\"Anasayfa\",\"item\":\"https:\\\/\\\/globalallianceregister.com\\\/tr\\\/\"},{\"@type\":\"ListItem\",\"position\":2,\"name\":\"Hizmetler\",\"item\":\"https:\\\/\\\/globalallianceregister.com\\\/tr\\\/services\\\/\"},{\"@type\":\"ListItem\",\"position\":3,\"name\":\"E\u011fitim\",\"item\":\"https:\\\/\\\/globalallianceregister.com\\\/tr\\\/services\\\/egitim\\\/\"},{\"@type\":\"ListItem\",\"position\":4,\"name\":\"API Training Programs\",\"item\":\"https:\\\/\\\/globalallianceregister.com\\\/tr\\\/services\\\/egitim\\\/api-training-programs\\\/\"},{\"@type\":\"ListItem\",\"position\":5,\"name\":\"API 653 Above Ground Storage Tank Inspector Examination Preparatory Course\"}]},{\"@type\":\"WebSite\",\"@id\":\"https:\\\/\\\/globalallianceregister.com\\\/tr\\\/#website\",\"url\":\"https:\\\/\\\/globalallianceregister.com\\\/tr\\\/\",\"name\":\"Global Alliance Register\",\"description\":\"(EN) Together for Excellence\",\"potentialAction\":[{\"@type\":\"SearchAction\",\"target\":{\"@type\":\"EntryPoint\",\"urlTemplate\":\"https:\\\/\\\/globalallianceregister.com\\\/tr\\\/?s={search_term_string}\"},\"query-input\":{\"@type\":\"PropertyValueSpecification\",\"valueRequired\":true,\"valueName\":\"search_term_string\"}}],\"inLanguage\":\"tr\"}]}<\/script>\n<!-- \/ Yoast SEO plugin. -->","yoast_head_json":{"title":"API 653 Yer\u00fcs\u00fct\u00fc Depolama Tank\u0131 Enspekt\u00f6r\u00fc S\u0131nav Haz\u0131rl\u0131k E\u011fitimi - Global Alliance Register","robots":{"index":"index","follow":"follow","max-snippet":"max-snippet:-1","max-image-preview":"max-image-preview:large","max-video-preview":"max-video-preview:-1"},"canonical":"https:\/\/globalallianceregister.com\/tr\/services\/egitim\/api-training-programs\/api-653-ground-storage-tank-inspector-preparatory-course\/","og_locale":"tr_TR","og_type":"article","og_title":"API 653 Yer\u00fcs\u00fct\u00fc Depolama Tank\u0131 Enspekt\u00f6r\u00fc S\u0131nav Haz\u0131rl\u0131k E\u011fitimi - Global Alliance Register","og_description":"&nbsp; HOW TO\u00a0BECOME API CERTIFIED INSPECTOR?\u00a0\u00a0 Basically in order to become certified as an API certified inspector, you will need to do is apply to API, meet their acceptance criteria...","og_url":"https:\/\/globalallianceregister.com\/tr\/services\/egitim\/api-training-programs\/api-653-ground-storage-tank-inspector-preparatory-course\/","og_site_name":"Global Alliance Register","article_modified_time":"2016-02-04T12:01:29+00:00","twitter_misc":{"Tahmini okuma s\u00fcresi":"7 dakika"},"schema":{"@context":"https:\/\/schema.org","@graph":[{"@type":"WebPage","@id":"https:\/\/globalallianceregister.com\/tr\/services\/egitim\/api-training-programs\/api-653-ground-storage-tank-inspector-preparatory-course\/","url":"https:\/\/globalallianceregister.com\/tr\/services\/egitim\/api-training-programs\/api-653-ground-storage-tank-inspector-preparatory-course\/","name":"API 653 Yer\u00fcs\u00fct\u00fc Depolama Tank\u0131 Enspekt\u00f6r\u00fc S\u0131nav Haz\u0131rl\u0131k E\u011fitimi - Global Alliance Register","isPartOf":{"@id":"https:\/\/globalallianceregister.com\/tr\/#website"},"datePublished":"2015-01-07T16:39:58+00:00","dateModified":"2016-02-04T12:01:29+00:00","breadcrumb":{"@id":"https:\/\/globalallianceregister.com\/tr\/services\/egitim\/api-training-programs\/api-653-ground-storage-tank-inspector-preparatory-course\/#breadcrumb"},"inLanguage":"tr","potentialAction":[{"@type":"ReadAction","target":[["https:\/\/globalallianceregister.com\/tr\/services\/egitim\/api-training-programs\/api-653-ground-storage-tank-inspector-preparatory-course\/"]]}]},{"@type":"BreadcrumbList","@id":"https:\/\/globalallianceregister.com\/tr\/services\/egitim\/api-training-programs\/api-653-ground-storage-tank-inspector-preparatory-course\/#breadcrumb","itemListElement":[{"@type":"ListItem","position":1,"name":"Anasayfa","item":"https:\/\/globalallianceregister.com\/tr\/"},{"@type":"ListItem","position":2,"name":"Hizmetler","item":"https:\/\/globalallianceregister.com\/tr\/services\/"},{"@type":"ListItem","position":3,"name":"E\u011fitim","item":"https:\/\/globalallianceregister.com\/tr\/services\/egitim\/"},{"@type":"ListItem","position":4,"name":"API Training Programs","item":"https:\/\/globalallianceregister.com\/tr\/services\/egitim\/api-training-programs\/"},{"@type":"ListItem","position":5,"name":"API 653 Above Ground Storage Tank Inspector Examination Preparatory Course"}]},{"@type":"WebSite","@id":"https:\/\/globalallianceregister.com\/tr\/#website","url":"https:\/\/globalallianceregister.com\/tr\/","name":"Global Alliance Register","description":"(EN) Together for Excellence","potentialAction":[{"@type":"SearchAction","target":{"@type":"EntryPoint","urlTemplate":"https:\/\/globalallianceregister.com\/tr\/?s={search_term_string}"},"query-input":{"@type":"PropertyValueSpecification","valueRequired":true,"valueName":"search_term_string"}}],"inLanguage":"tr"}]}},"_links":{"self":[{"href":"https:\/\/globalallianceregister.com\/tr\/wp-json\/wp\/v2\/pages\/3289","targetHints":{"allow":["GET"]}}],"collection":[{"href":"https:\/\/globalallianceregister.com\/tr\/wp-json\/wp\/v2\/pages"}],"about":[{"href":"https:\/\/globalallianceregister.com\/tr\/wp-json\/wp\/v2\/types\/page"}],"author":[{"embeddable":true,"href":"https:\/\/globalallianceregister.com\/tr\/wp-json\/wp\/v2\/users\/10"}],"replies":[{"embeddable":true,"href":"https:\/\/globalallianceregister.com\/tr\/wp-json\/wp\/v2\/comments?post=3289"}],"version-history":[{"count":0,"href":"https:\/\/globalallianceregister.com\/tr\/wp-json\/wp\/v2\/pages\/3289\/revisions"}],"up":[{"embeddable":true,"href":"https:\/\/globalallianceregister.com\/tr\/wp-json\/wp\/v2\/pages\/5304"}],"wp:attachment":[{"href":"https:\/\/globalallianceregister.com\/tr\/wp-json\/wp\/v2\/media?parent=3289"}],"curies":[{"name":"wp","href":"https:\/\/api.w.org\/{rel}","templated":true}]}}