{"id":359,"date":"2011-01-04T16:35:18","date_gmt":"2011-01-04T16:35:18","guid":{"rendered":"https:\/\/globalallianceregister.com\/?page_id=359"},"modified":"2016-02-11T13:07:31","modified_gmt":"2016-02-11T13:07:31","slug":"ce-marking-certification","status":"publish","type":"page","link":"https:\/\/globalallianceregister.com\/tr\/services\/certification\/product-certification\/ce-marking-certification\/","title":{"rendered":"CE Markalama Dan\u0131\u015fmanl\u0131k &#038; Belgelendirme Hizmetleri"},"content":{"rendered":"<p><strong>Global Alliance Register<\/strong>, uluslararas\u0131 ofis a\u011f\u0131yla, her bir sekt\u00f6rde uzman m\u00fchendis dan\u0131\u015fman ve enspekt\u00f6r kadrosuyla Avrupa Birli\u011fi Direktifleri kapsam\u0131nda AB taraf\u0131ndan yetkilendirilmi\u015f Onayl\u0131 Kurulu\u015flar ile stratejik i\u015f ortakl\u0131\u011f\u0131 i\u00e7inde; <strong>CE Markalama<\/strong> kapsam\u0131nda ihtiyac\u0131n\u0131z olan t\u00fcm<strong> teknik dan\u0131\u015fmanl\u0131k ve yetkili kurulu\u015f belgelendirme hizmetlerinde<\/strong> g\u00fcvenilir i\u015f orta\u011f\u0131n\u0131z\u2026<\/p>\n<p><strong>Avrupa Birli\u011fi Direktifleri<\/strong> uyar\u0131nca imal edilen \u00fcr\u00fcn niteli\u011fine ba\u011fl\u0131 olarak a\u015fa\u011f\u0131da bir listesi verilmi\u015f olan direktiflerde belirlenen risk kriterlerine tabi tutulmaktad\u0131r. Buna ba\u011fl\u0131 olarak <strong>Yetkili Kurulu\u015f Onay\u0131<\/strong>\u2019na veya <strong>\u0130malat\u00e7\u0131 Beyan\u0131<\/strong> ile belgelendirilmesi zorunludur.<\/p>\n<p><strong>Global Alliance Registe<\/strong>r taraf\u0131ndan <strong>CE Markalama Dan\u0131\u015fmanl\u0131\u011f\u0131 &amp; Belgelndirme Hizmetleri<\/strong> kapsam\u0131nda \u00fcr\u00fcn\u00fcn\u00fcz ile ilgili direktife uygun olarak sunulan temel hizmetler \u015fu \u015fekildedir:<\/p>\n<ul>\n<li>Teknik Dan\u0131\u015fmanl\u0131k,<\/li>\n<li>Tasar\u0131m G\u00f6zden Ge\u00e7irme ve Do\u011frulama,<\/li>\n<li>\u0130malat Kontrol\u00fc,<\/li>\n<li>Notified Body (Yetkili Kurulu\u015f) Hizmetleri \u0130\u00e7in Paket \u00c7\u00f6z\u00fcm ve \u0130malat\u00e7\u0131 Ad\u0131na T\u00fcm A\u015famalar\u0131n Koordinasyonu,<\/li>\n<li>Teknik Dosya Haz\u0131rlanmas\u0131,<\/li>\n<li>Kullan\u0131m K\u0131lavuzu Haz\u0131rlanmas\u0131,<\/li>\n<li>Teknik Terc\u00fcme Hizmetleri,<\/li>\n<\/ul>\n<p>Global Alliance Register olarak \u00e7\u00f6z\u00fcm sunmakta oldu\u011fumuz direktiflerin bir listesi a\u015fa\u011f\u0131da listelenmektedir:<\/p>\n<ul>\n<li>88\/378\/EEC Oyuncak Direktifi<\/li>\n<li>89\/106 \/EEC Yap\u0131 Malzemeleri Direktifi<\/li>\n<li>89\/686 \/ EEC Ki\u015fisel Koruyucu Ekipmanlar Direktifi<\/li>\n<li>90\/385 \/ EEC Aktif V\u00fccuda Yerle\u015ftirilebilir T\u0131bbi Cihazlar Direktifi<\/li>\n<li>92\/42 \/ EEC S\u0131cak Su Kazanlar\u0131 Direktifi<\/li>\n<li>93\/15 \/ EEC Sivil Kullan\u0131m \u0130\u00e7in Patlay\u0131c\u0131lar Direktifi<\/li>\n<li>93\/42 \/ EEC T\u0131bbi Cihazlar Direktifi<\/li>\n<li>94\/9 \/ EC Potansiyel Patlay\u0131c\u0131 Ortamlarda Kullan\u0131lmak \u00dczere Tasarlanm\u0131\u015f Ekipmanlar Ve Koruyucu Sistemler Direktifi<\/li>\n<li>94\/25 \/ EC Gezi Tekneleri Direktifi<\/li>\n<li>95\/16 \/ EC Asans\u00f6r Direktifi<\/li>\n<li>96\/98 \/ EC say\u0131l\u0131 Denizcilik Ekipmanlar\u0131 Direktifi<\/li>\n<li>97\/23 \/ AT Bas\u0131n\u00e7l\u0131 Ekipman Direktifi<\/li>\n<li>98\/79 \/ EC say\u0131l\u0131 In Vitro Diagnostik T\u0131bbi Cihazlar (V\u00fccut D\u0131\u015f\u0131nda Kullan\u0131lan T\u0131bbi Tan\u0131 Cihazlar\u0131) Direktifi<\/li>\n<li>99\/5 \/ EC Radyo Ve Telekom\u00fcnikasyon Terminal Ekipmanlar\u0131 Direktifi<\/li>\n<li>99\/36 \/ EC Ta\u015f\u0131nabilir Bas\u0131n\u00e7l\u0131 Ekipman Direktifi<\/li>\n<li>2000\/9 \/ EC \u0130nsan Ta\u015f\u0131mak \u00dczere Tasarlanm\u0131\u015f Teleferik Tesisleri Direktifi<\/li>\n<li>2000\/14 \/ EC A\u00e7\u0131k Alanda Kullan\u0131lan Te\u00e7hizat Taraf\u0131ndan Olu\u015fturulan \u00c7evresek G\u00fcr\u00fclt\u00fc Emisyonu Direktifi<\/li>\n<li>2004\/22 \/ EC \u00d6l\u00e7\u00fcm Cihazlar\u0131 Direktifi<\/li>\n<li>2004\/108 \/ EC Elektromanyetik Uyumluluk Direktifi<\/li>\n<li>2006\/42 \/ EC Makine Direktifi<\/li>\n<li>2006\/95 \/ EC (ex-73\/23 \/ EEC) Al\u00e7ak Gerilim Direktifi Direktifi<\/li>\n<li>2007\/23 \/ EC Piroteknik E\u015fyalar Direktifi<\/li>\n<li>2008\/57 \/ EC Topluluk i\u00e7inde Rayl\u0131 Sistemin \u00c7al\u0131\u015fabilirlik (De\u011fi\u015ftirilmi\u015f) Direktifi<\/li>\n<li>2009\/23 \/ EC (ex-90\/384 \/ EEC) Otomatik Olmayan Tart\u0131 Aletleri<\/li>\n<li>2009\/48 \/ EC Oyuncak G\u00fcvenlik Direktifi<\/li>\n<li>2009\/105 \/ EC (ex-87\/404 \/ EEC) Basit Bas\u0131n\u00e7l\u0131 Kaplar Direktifi<\/li>\n<li>2009\/142 \/ EC (ex-90\/396 \/ EEC) Gaz Yakan Cihazlar Direktifi<\/li>\n<li>2010\/35 \/ AB Ta\u015f\u0131nabilir Bas\u0131n\u00e7l\u0131 Ekipman Direktifi<\/li>\n<li>2009\/750 \/ EC (Uygulay\u0131c\u0131 Direktif 2004\/52 \/ EC) &#8211; Elektronik Yol \u00dccreti Toplama Sistemlerinin Birlikte \u0130\u015fletilebilirli\u011fi Direktifi<\/li>\n<\/ul>\n<p><strong>CE Markalama Dan\u0131\u015fmanl\u0131\u011f\u0131 ve Belgelendirme Hizmetleri<\/strong> hakk\u0131nda daha fazla bilgi almak veya teklif talepleriniz i\u00e7in l\u00fctfen bizimle irtibata ge\u00e7iniz &#8230;<\/p>\n<p>&nbsp;<\/p>\n<h1>\u0130lgili Sekt\u00f6rler<\/h1>\n<table>\n<tbody>\n<tr>\n<td style=\"width: 350px; border-color: #ffffff; height: 30px; text-align: left; vertical-align: middle; background-color: #f7f7f7;\" width=\"250\">\n<ul style=\"list-style-type: square;\">\n<li><a title=\"Denizcilik Sekt\u00f6r\u00fc\" href=\"https:\/\/globalallianceregister.com\/?page_id=9&amp;lang=tr\" target=\"_blank\">DEN\u0130ZC\u0130L\u0130K<\/a><\/li>\n<\/ul>\n<\/td>\n<td style=\"width: 350px; border-color: #ffffff; height: 30px; text-align: left; vertical-align: middle; background-color: #f7f7f7;\" width=\"250\">\n<ul style=\"list-style-type: square;\">\n<li><a title=\"\u0130n\u015faat Sekt\u00f6r\u00fc\" href=\"https:\/\/globalallianceregister.com\/?page_id=11&amp;lang=tr\" target=\"_blank\">\u0130N\u015eAAT<\/a><\/li>\n<\/ul>\n<\/td>\n<td style=\"width: 350px; border-color: #ffffff; height: 30px; text-align: left; vertical-align: middle; background-color: #f7f7f7;\" width=\"251\">\n<ul style=\"list-style-type: square;\">\n<li><a title=\"Petrol &amp; Gaz Sekt\u00f6r\u00fc\" href=\"https:\/\/globalallianceregister.com\/?page_id=13&amp;lang=tr\" target=\"_blank\">PETROL &amp; GAZ<\/a><\/li>\n<\/ul>\n<\/td>\n<\/tr>\n<tr>\n<td style=\"width: 350px; border-color: #ffffff; height: 30px; text-align: left; vertical-align: middle; background-color: #f7f7f7;\" width=\"250\">\n<ul style=\"list-style-type: square;\">\n<li><a title=\"Enerji &amp; Tesisler\" href=\"https:\/\/globalallianceregister.com\/?page_id=15&amp;lang=tr\" target=\"_blank\">ENERJ\u0130 &amp; TES\u0130SLER<\/a><\/li>\n<\/ul>\n<\/td>\n<td style=\"width: 350px; border-color: #ffffff; height: 30px; text-align: left; vertical-align: middle; background-color: #f7f7f7;\" width=\"250\">\n<ul style=\"list-style-type: square;\">\n<li><a title=\"\u0130malat Sekt\u00f6r\u00fc\" href=\"https:\/\/globalallianceregister.com\/?page_id=20&amp;lang=tr\" target=\"_blank\">\u0130MALAT<\/a><\/li>\n<\/ul>\n<\/td>\n<td style=\"width: 350px; border-color: #ffffff; height: 30px; text-align: left; vertical-align: middle; background-color: #f7f7f7;\" width=\"251\">\n<ul style=\"list-style-type: square;\">\n<li><a title=\"Ula\u015ft\u0131rma &amp; Lojistik Sekt\u00f6r\u00fc\" href=\"https:\/\/globalallianceregister.com\/?page_id=22&amp;lang=tr\" target=\"_blank\">ULA\u015eTIRMA &amp; LOJ\u0130ST\u0130K<\/a><\/li>\n<\/ul>\n<\/td>\n<\/tr>\n<tr>\n<td style=\"width: 350px; border-color: #ffffff; height: 30px; text-align: left; vertical-align: middle; background-color: #f7f7f7;\" width=\"250\">\n<ul style=\"list-style-type: square;\">\n<li><a title=\"Uzay &amp; Havac\u0131l\u0131k Sekt\u00f6r\u00fc\" href=\"https:\/\/globalallianceregister.com\/?page_id=24&amp;lang=tr\" target=\"_blank\">UZAY &amp; HAVACILIK<\/a><\/li>\n<\/ul>\n<\/td>\n<td style=\"width: 350px; border-color: #ffffff; height: 30px; text-align: left; vertical-align: middle; background-color: #f7f7f7;\" width=\"250\">\n<ul style=\"list-style-type: square;\">\n<li><a title=\"Tar\u0131m &amp; G\u0131da Sekt\u00f6r\u00fc\" href=\"https:\/\/globalallianceregister.com\/?page_id=27&amp;lang=tr\" target=\"_blank\">TARIM &amp; GIDA<\/a><\/li>\n<\/ul>\n<\/td>\n<td style=\"width: 350px; border-color: #ffffff; height: 30px; text-align: left; vertical-align: middle; background-color: #f7f7f7;\" width=\"251\">\n<ul style=\"list-style-type: square;\">\n<li><a title=\"Turizm &amp; Otelcilik Sekt\u00f6r\u00fc\" href=\"https:\/\/globalallianceregister.com\/?page_id=29&amp;lang=tr\" target=\"_blank\">TUR\u0130ZM &amp; OTELC\u0130L\u0130K<\/a><\/li>\n<\/ul>\n<\/td>\n<\/tr>\n<tr>\n<td style=\"width: 350px; border-color: #ffffff; height: 30px; text-align: left; vertical-align: middle; background-color: #f7f7f7;\" width=\"250\">\n<ul style=\"list-style-type: square;\">\n<li><a href=\"https:\/\/globalallianceregister.com\/tr\/sektorler\/bilgi-teknolojileri\/\" target=\"_blank\">B\u0130LG\u0130 TEKNOLOJ\u0130LER\u0130<\/a><\/li>\n<\/ul>\n<\/td>\n<td style=\"width: 350px; border-color: #ffffff; height: 30px; text-align: left; vertical-align: middle; background-color: #f7f7f7;\" width=\"250\">\n<ul style=\"list-style-type: square;\">\n<li><a href=\"https:\/\/globalallianceregister.com\/tr\/sektorler\/telekomunikasyon-sektoru\/\" target=\"_blank\">TELEKOM\u00dcN\u0130KASYON<\/a><\/li>\n<\/ul>\n<\/td>\n<td style=\"width: 350px; border-color: #ffffff; height: 30px; text-align: left; vertical-align: middle; background-color: #f7f7f7;\" width=\"251\">\n<ul style=\"list-style-type: square;\">\n<li><a href=\"https:\/\/globalallianceregister.com\/tr\/sektorler\/saglik-tip\/\" target=\"_blank\">SA\u011eLIK &amp; TIP<\/a><\/li>\n<\/ul>\n<\/td>\n<\/tr>\n<\/tbody>\n<\/table>","protected":false},"excerpt":{"rendered":"<p>Global Alliance Register, uluslararas\u0131 ofis a\u011f\u0131yla, her bir sekt\u00f6rde uzman m\u00fchendis dan\u0131\u015fman ve enspekt\u00f6r kadrosuyla Avrupa Birli\u011fi Direktifleri kapsam\u0131nda AB taraf\u0131ndan yetkilendirilmi\u015f Onayl\u0131 Kurulu\u015flar ile stratejik i\u015f ortakl\u0131\u011f\u0131 i\u00e7inde; CE&#8230; <\/p>\n","protected":false},"author":10,"featured_media":0,"parent":238,"menu_order":2,"comment_status":"closed","ping_status":"closed","template":"page-full.php","meta":{"_acf_changed":false,"om_disable_all_campaigns":false,"footnotes":""},"class_list":["post-359","page","type-page","status-publish","hentry"],"acf":[],"yoast_head":"<!-- This site is optimized with the Yoast SEO plugin v27.4 - https:\/\/yoast.com\/product\/yoast-seo-wordpress\/ -->\n<title>CE Markalama Dan\u0131\u015fmanl\u0131k &amp; Belgelendirme Hizmetleri - Global Alliance Register<\/title>\n<meta name=\"robots\" content=\"index, follow, max-snippet:-1, max-image-preview:large, max-video-preview:-1\" \/>\n<link rel=\"canonical\" href=\"https:\/\/globalallianceregister.com\/tr\/services\/certification\/product-certification\/ce-marking-certification\/\" \/>\n<meta property=\"og:locale\" content=\"tr_TR\" \/>\n<meta property=\"og:type\" content=\"article\" \/>\n<meta property=\"og:title\" content=\"CE Markalama Dan\u0131\u015fmanl\u0131k &amp; Belgelendirme Hizmetleri - Global Alliance Register\" \/>\n<meta property=\"og:description\" content=\"Global Alliance Register, uluslararas\u0131 ofis a\u011f\u0131yla, her bir sekt\u00f6rde uzman m\u00fchendis dan\u0131\u015fman ve enspekt\u00f6r kadrosuyla Avrupa Birli\u011fi Direktifleri kapsam\u0131nda AB taraf\u0131ndan yetkilendirilmi\u015f Onayl\u0131 Kurulu\u015flar ile stratejik i\u015f ortakl\u0131\u011f\u0131 i\u00e7inde; CE...\" \/>\n<meta property=\"og:url\" content=\"https:\/\/globalallianceregister.com\/tr\/services\/certification\/product-certification\/ce-marking-certification\/\" \/>\n<meta property=\"og:site_name\" content=\"Global Alliance Register\" \/>\n<meta property=\"article:modified_time\" content=\"2016-02-11T13:07:31+00:00\" \/>\n<meta name=\"twitter:label1\" content=\"Tahmini okuma s\u00fcresi\" \/>\n\t<meta name=\"twitter:data1\" content=\"4 dakika\" \/>\n<script type=\"application\/ld+json\" class=\"yoast-schema-graph\">{\"@context\":\"https:\\\/\\\/schema.org\",\"@graph\":[{\"@type\":\"WebPage\",\"@id\":\"https:\\\/\\\/globalallianceregister.com\\\/tr\\\/services\\\/certification\\\/product-certification\\\/ce-marking-certification\\\/\",\"url\":\"https:\\\/\\\/globalallianceregister.com\\\/tr\\\/services\\\/certification\\\/product-certification\\\/ce-marking-certification\\\/\",\"name\":\"CE Markalama Dan\u0131\u015fmanl\u0131k & Belgelendirme Hizmetleri - Global Alliance Register\",\"isPartOf\":{\"@id\":\"https:\\\/\\\/globalallianceregister.com\\\/tr\\\/#website\"},\"datePublished\":\"2011-01-04T16:35:18+00:00\",\"dateModified\":\"2016-02-11T13:07:31+00:00\",\"breadcrumb\":{\"@id\":\"https:\\\/\\\/globalallianceregister.com\\\/tr\\\/services\\\/certification\\\/product-certification\\\/ce-marking-certification\\\/#breadcrumb\"},\"inLanguage\":\"tr\",\"potentialAction\":[{\"@type\":\"ReadAction\",\"target\":[[\"https:\\\/\\\/globalallianceregister.com\\\/tr\\\/services\\\/certification\\\/product-certification\\\/ce-marking-certification\\\/\"]]}]},{\"@type\":\"BreadcrumbList\",\"@id\":\"https:\\\/\\\/globalallianceregister.com\\\/tr\\\/services\\\/certification\\\/product-certification\\\/ce-marking-certification\\\/#breadcrumb\",\"itemListElement\":[{\"@type\":\"ListItem\",\"position\":1,\"name\":\"Anasayfa\",\"item\":\"https:\\\/\\\/globalallianceregister.com\\\/tr\\\/\"},{\"@type\":\"ListItem\",\"position\":2,\"name\":\"CE Markalama Dan\u0131\u015fmanl\u0131k &#038; Belgelendirme Hizmetleri\"}]},{\"@type\":\"WebSite\",\"@id\":\"https:\\\/\\\/globalallianceregister.com\\\/tr\\\/#website\",\"url\":\"https:\\\/\\\/globalallianceregister.com\\\/tr\\\/\",\"name\":\"Global Alliance Register\",\"description\":\"(EN) Together for Excellence\",\"potentialAction\":[{\"@type\":\"SearchAction\",\"target\":{\"@type\":\"EntryPoint\",\"urlTemplate\":\"https:\\\/\\\/globalallianceregister.com\\\/tr\\\/?s={search_term_string}\"},\"query-input\":{\"@type\":\"PropertyValueSpecification\",\"valueRequired\":true,\"valueName\":\"search_term_string\"}}],\"inLanguage\":\"tr\"}]}<\/script>\n<!-- \/ Yoast SEO plugin. -->","yoast_head_json":{"title":"CE Markalama Dan\u0131\u015fmanl\u0131k & Belgelendirme Hizmetleri - Global Alliance Register","robots":{"index":"index","follow":"follow","max-snippet":"max-snippet:-1","max-image-preview":"max-image-preview:large","max-video-preview":"max-video-preview:-1"},"canonical":"https:\/\/globalallianceregister.com\/tr\/services\/certification\/product-certification\/ce-marking-certification\/","og_locale":"tr_TR","og_type":"article","og_title":"CE Markalama Dan\u0131\u015fmanl\u0131k & Belgelendirme Hizmetleri - Global Alliance Register","og_description":"Global Alliance Register, uluslararas\u0131 ofis a\u011f\u0131yla, her bir sekt\u00f6rde uzman m\u00fchendis dan\u0131\u015fman ve enspekt\u00f6r kadrosuyla Avrupa Birli\u011fi Direktifleri kapsam\u0131nda AB taraf\u0131ndan yetkilendirilmi\u015f Onayl\u0131 Kurulu\u015flar ile stratejik i\u015f ortakl\u0131\u011f\u0131 i\u00e7inde; CE...","og_url":"https:\/\/globalallianceregister.com\/tr\/services\/certification\/product-certification\/ce-marking-certification\/","og_site_name":"Global Alliance Register","article_modified_time":"2016-02-11T13:07:31+00:00","twitter_misc":{"Tahmini okuma s\u00fcresi":"4 dakika"},"schema":{"@context":"https:\/\/schema.org","@graph":[{"@type":"WebPage","@id":"https:\/\/globalallianceregister.com\/tr\/services\/certification\/product-certification\/ce-marking-certification\/","url":"https:\/\/globalallianceregister.com\/tr\/services\/certification\/product-certification\/ce-marking-certification\/","name":"CE Markalama Dan\u0131\u015fmanl\u0131k & Belgelendirme Hizmetleri - Global Alliance Register","isPartOf":{"@id":"https:\/\/globalallianceregister.com\/tr\/#website"},"datePublished":"2011-01-04T16:35:18+00:00","dateModified":"2016-02-11T13:07:31+00:00","breadcrumb":{"@id":"https:\/\/globalallianceregister.com\/tr\/services\/certification\/product-certification\/ce-marking-certification\/#breadcrumb"},"inLanguage":"tr","potentialAction":[{"@type":"ReadAction","target":[["https:\/\/globalallianceregister.com\/tr\/services\/certification\/product-certification\/ce-marking-certification\/"]]}]},{"@type":"BreadcrumbList","@id":"https:\/\/globalallianceregister.com\/tr\/services\/certification\/product-certification\/ce-marking-certification\/#breadcrumb","itemListElement":[{"@type":"ListItem","position":1,"name":"Anasayfa","item":"https:\/\/globalallianceregister.com\/tr\/"},{"@type":"ListItem","position":2,"name":"CE Markalama Dan\u0131\u015fmanl\u0131k &#038; Belgelendirme Hizmetleri"}]},{"@type":"WebSite","@id":"https:\/\/globalallianceregister.com\/tr\/#website","url":"https:\/\/globalallianceregister.com\/tr\/","name":"Global Alliance Register","description":"(EN) Together for Excellence","potentialAction":[{"@type":"SearchAction","target":{"@type":"EntryPoint","urlTemplate":"https:\/\/globalallianceregister.com\/tr\/?s={search_term_string}"},"query-input":{"@type":"PropertyValueSpecification","valueRequired":true,"valueName":"search_term_string"}}],"inLanguage":"tr"}]}},"_links":{"self":[{"href":"https:\/\/globalallianceregister.com\/tr\/wp-json\/wp\/v2\/pages\/359","targetHints":{"allow":["GET"]}}],"collection":[{"href":"https:\/\/globalallianceregister.com\/tr\/wp-json\/wp\/v2\/pages"}],"about":[{"href":"https:\/\/globalallianceregister.com\/tr\/wp-json\/wp\/v2\/types\/page"}],"author":[{"embeddable":true,"href":"https:\/\/globalallianceregister.com\/tr\/wp-json\/wp\/v2\/users\/10"}],"replies":[{"embeddable":true,"href":"https:\/\/globalallianceregister.com\/tr\/wp-json\/wp\/v2\/comments?post=359"}],"version-history":[{"count":0,"href":"https:\/\/globalallianceregister.com\/tr\/wp-json\/wp\/v2\/pages\/359\/revisions"}],"up":[{"embeddable":true,"href":"https:\/\/globalallianceregister.com\/tr\/wp-json\/wp\/v2\/pages\/238"}],"wp:attachment":[{"href":"https:\/\/globalallianceregister.com\/tr\/wp-json\/wp\/v2\/media?parent=359"}],"curies":[{"name":"wp","href":"https:\/\/api.w.org\/{rel}","templated":true}]}}