{"id":38,"date":"2010-12-25T13:49:30","date_gmt":"2010-12-25T13:49:30","guid":{"rendered":"https:\/\/globalallianceregister.com\/?page_id=38"},"modified":"2016-02-11T10:15:53","modified_gmt":"2016-02-11T10:15:53","slug":"finance","status":"publish","type":"page","link":"https:\/\/globalallianceregister.com\/tr\/sectors\/finance\/","title":{"rendered":"Finans Kurumlar\u0131 &#038; Bankac\u0131l\u0131k"},"content":{"rendered":"<p><strong>Global Allliance Register uluslararas\u0131 deneyime sahip uzman kadrosu ile Finans Kurumlar\u0131\u00a0&amp; Bankac\u0131l\u0131k Sekt\u00f6r\u00fc\u00a0i\u00e7in; g\u00f6zetim, ekspertiz hizmetleri, s\u00fcpervize, proje y\u00f6netimi gibi daha bir \u00e7ok konuda uluslararas\u0131 yetkinlikte katma-de\u011ferli \u00e7\u00f6z\u00fcmler sunuyor\u2026.<\/strong><\/p>\n<p>G\u00fcn\u00fcm\u00fcz karma\u015f\u0131k yat\u0131r\u0131m ve i\u015f d\u00fcnyas\u0131nda, proje finansman\u0131 ve kredi tahsisat\u0131nda \u00a0artan risk seviyesi nedeniyle ana m\u00fc\u015fteri gruplar\u0131m\u0131zdan biri olan banka ve finansman kurulu\u015flar\u0131 olmu\u015ftur.<\/p>\n<p>Risk tan\u0131m\u0131 ve de\u011ferlendirmesi ve tahsisat finans kurumlar\u0131 i\u00e7in proje finansman\u0131ndaki temel fakt\u00f6rlerdir. Projeler \u00f6zellikle geli\u015fmekte olan ve y\u00fckselen pazarlarda bir dizi teknik, \u00e7evresel, ekonomik ve politik riskler ta\u015f\u0131yabilir. Finans kurumlar\u0131 ve proje sponsorlar\u0131 yap\u0131lacak olan rsik de\u011ferlendirmesi sonras\u0131 projenin geli\u015ftirmesi ve operasyona al\u0131nmas\u0131n\u0131 kabul edilebilir bulmayabilir. Bu riskleri y\u00f6netebilmek i\u00e7in, t\u00fcm sekt\u00f6rlerden proje sahipleri Global Alliance Register taraf\u0131ndan sunulan hizmetlerden yararlanarak finansman\u0131n istenen ko\u015fullarda tesis edilmesini sa\u011flamaktad\u0131r.<\/p>\n<p>Global Alliance Register finans kurulu\u015flar\u0131 ad\u0131na y\u00fcr\u00fct\u00fclen Ba\u011f\u0131ms\u0131z Finans Kurulu\u015fu S\u00fcpervize Hizmetleri (lLenders Supervision) konudaki sahip oldu\u011fu uluslararas\u0131 deneyimle projelerinin finans kurulu\u015fu ve proje sahibi aras\u0131nda mutab\u0131k kal\u0131nan protokoller \u00e7er\u00e7evesinde ger\u00e7ekle\u015ftirilmesini g\u00fcvence alt\u0131na almaktad\u0131r.<\/p>\n<p>Finans Kurumlar\u0131 ve Bankalar i\u00e7in Global Alliance Register taraf\u0131ndan sunulan hizmetlerden baz\u0131lar\u0131 \u00a0ana ba\u015fl\u0131klar halinde \u015fu \u015fekilde \u00f6zetlenebilir:<\/p>\n<ul>\n<li>Proje Y\u00f6netimi<\/li>\n<li>\u0130zleme (Monitoring),<\/li>\n<li>Teknik De\u011ferlendirme (Due Diligence),<\/li>\n<li>G\u00f6zetim &amp; Denetim,<\/li>\n<li>Ekspertiz Hizmetleri,<\/li>\n<li>Kalan \u00d6m\u00fcr Tayini,<\/li>\n<li>Tesis Durum De\u011ferlendirmesi,<\/li>\n<li>Uzla\u015fma Y\u00f6netimi,<\/li>\n<li>Kurumsal Sosyal Sorumluluk Dan\u0131\u015fmanl\u0131k &amp; Denetim Hizmetleri,<\/li>\n<li>Kredi Destek Risk Y\u00f6netimi (Credit Support Risk Management),<\/li>\n<li>Koleteral Kontrol ve Y\u00f6netim \u00c7\u00f6z\u00fcmleri,<\/li>\n<li>Saha Depolar\u0131 &amp; Depolama,<\/li>\n<li>Denetim,<\/li>\n<li>Derecelendirme &amp; De\u011ferlendirme,<\/li>\n<li>Kurumsal &amp; Bireysel E\u011fitimler,<\/li>\n<\/ul>\n<h1>\u00c7\u00f6z\u00fcmler<\/h1>\n<table>\n<tbody>\n<tr>\n<td style=\"width: 350px; border-color: #ffffff; text-align: left; vertical-align: middle; background-color: #f7f7f7;\" width=\"250\">\n<ul>\n<li><a href=\"https:\/\/globalallianceregister.com\/tr\/hizmetler\/asistans-hizmetleri\/\" target=\"_blank\">AS\u0130STANS<\/a><\/li>\n<\/ul>\n<\/td>\n<td style=\"width: 350px; border-color: #ffffff; text-align: left; vertical-align: middle; background-color: #f7f7f7;\" width=\"250\">\n<ul style=\"list-style-type: square;\">\n<li><a href=\"https:\/\/globalallianceregister.com\/tr\/hizmetler\/gozetim-ve-termin-kontrolu-hizmetleri\/\" target=\"_blank\">G\u00d6ZET\u0130M<\/a><\/li>\n<\/ul>\n<\/td>\n<td style=\"width: 350px; border-color: #ffffff; text-align: left; vertical-align: middle; background-color: #f7f7f7;\" width=\"251\">\n<ul style=\"list-style-type: square;\">\n<li><a href=\"https:\/\/globalallianceregister.com\/tr\/hizmetler\/danismanlik\/\" target=\"_blank\">DANI\u015eMANLIK<\/a><\/li>\n<\/ul>\n<\/td>\n<\/tr>\n<tr>\n<td style=\"width: 350px; border-color: #ffffff; text-align: left; vertical-align: middle; background-color: #f7f7f7;\" width=\"250\">\n<ul style=\"list-style-type: square;\">\n<li><a href=\"https:\/\/globalallianceregister.com\/tr\/hizmetler\/certification\/\" target=\"_blank\">BELGELEND\u0130RME<\/a><\/li>\n<\/ul>\n<\/td>\n<td style=\"width: 350px; border-color: #ffffff; text-align: left; vertical-align: middle; background-color: #f7f7f7;\" width=\"250\">\n<ul style=\"list-style-type: square;\">\n<li><a href=\"https:\/\/globalallianceregister.com\/tr\/hizmetler\/egitim\/\" target=\"_blank\">E\u011e\u0130T\u0130M<\/a><\/li>\n<\/ul>\n<\/td>\n<td style=\"width: 350px; border-color: #ffffff; text-align: left; vertical-align: middle; background-color: #f7f7f7;\" width=\"251\">\n<ul style=\"list-style-type: square;\">\n<li><a href=\"https:\/\/globalallianceregister.com\/hizmetler\/insaat-proje-yonetimi-musavirlik-hizmetleri\/\" target=\"_blank\">\u0130N\u015eAAT PROJE Y\u00d6NET\u0130M\u0130<\/a><\/li>\n<\/ul>\n<\/td>\n<\/tr>\n<tr>\n<td style=\"width: 350px; border-color: #ffffff; text-align: left; vertical-align: middle; background-color: #f7f7f7;\" width=\"250\">\n<ul style=\"list-style-type: square;\">\n<li><a href=\"https:\/\/globalallianceregister.com\/tr\/hizmetler\/dis-kaynak-tedariki\/\" target=\"_blank\">DI\u015e KAYNAK TEDAR\u0130K\u0130<\/a><\/li>\n<\/ul>\n<\/td>\n<td style=\"width: 350px; border-color: #ffffff; text-align: left; vertical-align: middle; background-color: #f7f7f7;\" width=\"250\">\n<ul style=\"list-style-type: square;\">\n<li><a href=\"https:\/\/globalallianceregister.com\/hizmetler\/karbon-ve-enerji-yonetimi\/\" target=\"_blank\">KARBON VE ENERJ\u0130 Y\u00d6NET\u0130M\u0130<\/a><\/li>\n<\/ul>\n<\/td>\n<td style=\"width: 350px; border-color: #ffffff; text-align: left; vertical-align: middle; background-color: #f7f7f7;\" width=\"251\">\n<ul style=\"list-style-type: square;\">\n<li><a href=\"https:\/\/globalallianceregister.com\/tr\/hizmetler\/kurumsal-sosyal-sorumluluk\/\" target=\"_blank\">KURUMSAL SOSYAL SORULMLULUK<\/a><\/li>\n<\/ul>\n<\/td>\n<\/tr>\n<\/tbody>\n<\/table>","protected":false},"excerpt":{"rendered":"<p>Global Allliance Register uluslararas\u0131 deneyime sahip uzman kadrosu ile Finans Kurumlar\u0131\u00a0&amp; Bankac\u0131l\u0131k Sekt\u00f6r\u00fc\u00a0i\u00e7in; g\u00f6zetim, ekspertiz hizmetleri, s\u00fcpervize, proje y\u00f6netimi gibi daha bir \u00e7ok konuda uluslararas\u0131 yetkinlikte katma-de\u011ferli \u00e7\u00f6z\u00fcmler sunuyor\u2026. G\u00fcn\u00fcm\u00fcz&#8230; <\/p>\n","protected":false},"author":10,"featured_media":5141,"parent":4,"menu_order":10,"comment_status":"closed","ping_status":"closed","template":"page-full.php","meta":{"_acf_changed":false,"om_disable_all_campaigns":false,"footnotes":""},"class_list":["post-38","page","type-page","status-publish","has-post-thumbnail","hentry"],"acf":[],"yoast_head":"<!-- This site is optimized with the Yoast SEO plugin v27.4 - https:\/\/yoast.com\/product\/yoast-seo-wordpress\/ -->\n<title>Finans Kurumlar\u0131 &amp; Bankac\u0131l\u0131k - Global Alliance Register<\/title>\n<meta name=\"robots\" content=\"index, follow, max-snippet:-1, max-image-preview:large, max-video-preview:-1\" \/>\n<link rel=\"canonical\" href=\"https:\/\/globalallianceregister.com\/tr\/sectors\/finance\/\" \/>\n<meta property=\"og:locale\" content=\"tr_TR\" \/>\n<meta property=\"og:type\" content=\"article\" \/>\n<meta property=\"og:title\" content=\"Finans Kurumlar\u0131 &amp; Bankac\u0131l\u0131k - Global Alliance Register\" \/>\n<meta property=\"og:description\" content=\"Global Allliance Register uluslararas\u0131 deneyime sahip uzman kadrosu ile Finans Kurumlar\u0131\u00a0&amp; Bankac\u0131l\u0131k Sekt\u00f6r\u00fc\u00a0i\u00e7in; g\u00f6zetim, ekspertiz hizmetleri, s\u00fcpervize, proje y\u00f6netimi gibi daha bir \u00e7ok konuda uluslararas\u0131 yetkinlikte katma-de\u011ferli \u00e7\u00f6z\u00fcmler sunuyor\u2026. G\u00fcn\u00fcm\u00fcz...\" \/>\n<meta property=\"og:url\" content=\"https:\/\/globalallianceregister.com\/tr\/sectors\/finance\/\" \/>\n<meta property=\"og:site_name\" content=\"Global Alliance Register\" \/>\n<meta property=\"article:modified_time\" content=\"2016-02-11T10:15:53+00:00\" \/>\n<meta property=\"og:image\" content=\"https:\/\/globalallianceregister.com\/wp-content\/uploads\/2010\/12\/GAR-Financial-Insitutes-Inner-Page.jpg\" \/>\n\t<meta property=\"og:image:width\" content=\"614\" \/>\n\t<meta property=\"og:image:height\" content=\"200\" \/>\n\t<meta property=\"og:image:type\" content=\"image\/jpeg\" \/>\n<meta name=\"twitter:label1\" content=\"Tahmini okuma s\u00fcresi\" \/>\n\t<meta name=\"twitter:data1\" content=\"3 dakika\" \/>\n<script type=\"application\/ld+json\" class=\"yoast-schema-graph\">{\"@context\":\"https:\\\/\\\/schema.org\",\"@graph\":[{\"@type\":\"WebPage\",\"@id\":\"https:\\\/\\\/globalallianceregister.com\\\/tr\\\/sectors\\\/finance\\\/\",\"url\":\"https:\\\/\\\/globalallianceregister.com\\\/tr\\\/sectors\\\/finance\\\/\",\"name\":\"Finans Kurumlar\u0131 & Bankac\u0131l\u0131k - Global Alliance Register\",\"isPartOf\":{\"@id\":\"https:\\\/\\\/globalallianceregister.com\\\/tr\\\/#website\"},\"primaryImageOfPage\":{\"@id\":\"https:\\\/\\\/globalallianceregister.com\\\/tr\\\/sectors\\\/finance\\\/#primaryimage\"},\"image\":{\"@id\":\"https:\\\/\\\/globalallianceregister.com\\\/sectors\\\/finance\\\/#primaryimage\"},\"thumbnailUrl\":\"https:\\\/\\\/globalallianceregister.com\\\/wp-content\\\/uploads\\\/2010\\\/12\\\/GAR-Financial-Insitutes-Inner-Page.jpg\",\"datePublished\":\"2010-12-25T13:49:30+00:00\",\"dateModified\":\"2016-02-11T10:15:53+00:00\",\"breadcrumb\":{\"@id\":\"https:\\\/\\\/globalallianceregister.com\\\/tr\\\/sectors\\\/finance\\\/#breadcrumb\"},\"inLanguage\":\"tr\",\"potentialAction\":[{\"@type\":\"ReadAction\",\"target\":[[\"https:\\\/\\\/globalallianceregister.com\\\/tr\\\/sectors\\\/finance\\\/\"]]}]},{\"@type\":\"ImageObject\",\"inLanguage\":\"tr\",\"@id\":\"https:\\\/\\\/globalallianceregister.com\\\/tr\\\/sectors\\\/finance\\\/#primaryimage\",\"url\":\"https:\\\/\\\/globalallianceregister.com\\\/wp-content\\\/uploads\\\/2010\\\/12\\\/GAR-Financial-Insitutes-Inner-Page.jpg\",\"contentUrl\":\"https:\\\/\\\/globalallianceregister.com\\\/wp-content\\\/uploads\\\/2010\\\/12\\\/GAR-Financial-Insitutes-Inner-Page.jpg\",\"width\":614,\"height\":200},{\"@type\":\"BreadcrumbList\",\"@id\":\"https:\\\/\\\/globalallianceregister.com\\\/tr\\\/sectors\\\/finance\\\/#breadcrumb\",\"itemListElement\":[{\"@type\":\"ListItem\",\"position\":1,\"name\":\"Anasayfa\",\"item\":\"https:\\\/\\\/globalallianceregister.com\\\/tr\\\/\"},{\"@type\":\"ListItem\",\"position\":2,\"name\":\"Sekt\u00f6rler\",\"item\":\"https:\\\/\\\/globalallianceregister.com\\\/tr\\\/sectors\\\/\"},{\"@type\":\"ListItem\",\"position\":3,\"name\":\"Finans Kurumlar\u0131 &#038; Bankac\u0131l\u0131k\"}]},{\"@type\":\"WebSite\",\"@id\":\"https:\\\/\\\/globalallianceregister.com\\\/tr\\\/#website\",\"url\":\"https:\\\/\\\/globalallianceregister.com\\\/tr\\\/\",\"name\":\"Global Alliance Register\",\"description\":\"(EN) Together for Excellence\",\"potentialAction\":[{\"@type\":\"SearchAction\",\"target\":{\"@type\":\"EntryPoint\",\"urlTemplate\":\"https:\\\/\\\/globalallianceregister.com\\\/tr\\\/?s={search_term_string}\"},\"query-input\":{\"@type\":\"PropertyValueSpecification\",\"valueRequired\":true,\"valueName\":\"search_term_string\"}}],\"inLanguage\":\"tr\"}]}<\/script>\n<!-- \/ Yoast SEO plugin. -->","yoast_head_json":{"title":"Finans Kurumlar\u0131 & Bankac\u0131l\u0131k - Global Alliance Register","robots":{"index":"index","follow":"follow","max-snippet":"max-snippet:-1","max-image-preview":"max-image-preview:large","max-video-preview":"max-video-preview:-1"},"canonical":"https:\/\/globalallianceregister.com\/tr\/sectors\/finance\/","og_locale":"tr_TR","og_type":"article","og_title":"Finans Kurumlar\u0131 & Bankac\u0131l\u0131k - Global Alliance Register","og_description":"Global Allliance Register uluslararas\u0131 deneyime sahip uzman kadrosu ile Finans Kurumlar\u0131\u00a0&amp; Bankac\u0131l\u0131k Sekt\u00f6r\u00fc\u00a0i\u00e7in; g\u00f6zetim, ekspertiz hizmetleri, s\u00fcpervize, proje y\u00f6netimi gibi daha bir \u00e7ok konuda uluslararas\u0131 yetkinlikte katma-de\u011ferli \u00e7\u00f6z\u00fcmler sunuyor\u2026. G\u00fcn\u00fcm\u00fcz...","og_url":"https:\/\/globalallianceregister.com\/tr\/sectors\/finance\/","og_site_name":"Global Alliance Register","article_modified_time":"2016-02-11T10:15:53+00:00","og_image":[{"width":614,"height":200,"url":"https:\/\/globalallianceregister.com\/wp-content\/uploads\/2010\/12\/GAR-Financial-Insitutes-Inner-Page.jpg","type":"image\/jpeg"}],"twitter_misc":{"Tahmini okuma s\u00fcresi":"3 dakika"},"schema":{"@context":"https:\/\/schema.org","@graph":[{"@type":"WebPage","@id":"https:\/\/globalallianceregister.com\/tr\/sectors\/finance\/","url":"https:\/\/globalallianceregister.com\/tr\/sectors\/finance\/","name":"Finans Kurumlar\u0131 & Bankac\u0131l\u0131k - Global Alliance Register","isPartOf":{"@id":"https:\/\/globalallianceregister.com\/tr\/#website"},"primaryImageOfPage":{"@id":"https:\/\/globalallianceregister.com\/tr\/sectors\/finance\/#primaryimage"},"image":{"@id":"https:\/\/globalallianceregister.com\/sectors\/finance\/#primaryimage"},"thumbnailUrl":"https:\/\/globalallianceregister.com\/wp-content\/uploads\/2010\/12\/GAR-Financial-Insitutes-Inner-Page.jpg","datePublished":"2010-12-25T13:49:30+00:00","dateModified":"2016-02-11T10:15:53+00:00","breadcrumb":{"@id":"https:\/\/globalallianceregister.com\/tr\/sectors\/finance\/#breadcrumb"},"inLanguage":"tr","potentialAction":[{"@type":"ReadAction","target":[["https:\/\/globalallianceregister.com\/tr\/sectors\/finance\/"]]}]},{"@type":"ImageObject","inLanguage":"tr","@id":"https:\/\/globalallianceregister.com\/tr\/sectors\/finance\/#primaryimage","url":"https:\/\/globalallianceregister.com\/wp-content\/uploads\/2010\/12\/GAR-Financial-Insitutes-Inner-Page.jpg","contentUrl":"https:\/\/globalallianceregister.com\/wp-content\/uploads\/2010\/12\/GAR-Financial-Insitutes-Inner-Page.jpg","width":614,"height":200},{"@type":"BreadcrumbList","@id":"https:\/\/globalallianceregister.com\/tr\/sectors\/finance\/#breadcrumb","itemListElement":[{"@type":"ListItem","position":1,"name":"Anasayfa","item":"https:\/\/globalallianceregister.com\/tr\/"},{"@type":"ListItem","position":2,"name":"Sekt\u00f6rler","item":"https:\/\/globalallianceregister.com\/tr\/sectors\/"},{"@type":"ListItem","position":3,"name":"Finans Kurumlar\u0131 &#038; Bankac\u0131l\u0131k"}]},{"@type":"WebSite","@id":"https:\/\/globalallianceregister.com\/tr\/#website","url":"https:\/\/globalallianceregister.com\/tr\/","name":"Global Alliance Register","description":"(EN) Together for Excellence","potentialAction":[{"@type":"SearchAction","target":{"@type":"EntryPoint","urlTemplate":"https:\/\/globalallianceregister.com\/tr\/?s={search_term_string}"},"query-input":{"@type":"PropertyValueSpecification","valueRequired":true,"valueName":"search_term_string"}}],"inLanguage":"tr"}]}},"_links":{"self":[{"href":"https:\/\/globalallianceregister.com\/tr\/wp-json\/wp\/v2\/pages\/38","targetHints":{"allow":["GET"]}}],"collection":[{"href":"https:\/\/globalallianceregister.com\/tr\/wp-json\/wp\/v2\/pages"}],"about":[{"href":"https:\/\/globalallianceregister.com\/tr\/wp-json\/wp\/v2\/types\/page"}],"author":[{"embeddable":true,"href":"https:\/\/globalallianceregister.com\/tr\/wp-json\/wp\/v2\/users\/10"}],"replies":[{"embeddable":true,"href":"https:\/\/globalallianceregister.com\/tr\/wp-json\/wp\/v2\/comments?post=38"}],"version-history":[{"count":0,"href":"https:\/\/globalallianceregister.com\/tr\/wp-json\/wp\/v2\/pages\/38\/revisions"}],"up":[{"embeddable":true,"href":"https:\/\/globalallianceregister.com\/tr\/wp-json\/wp\/v2\/pages\/4"}],"wp:featuredmedia":[{"embeddable":true,"href":"https:\/\/globalallianceregister.com\/tr\/wp-json\/wp\/v2\/media\/5141"}],"wp:attachment":[{"href":"https:\/\/globalallianceregister.com\/tr\/wp-json\/wp\/v2\/media?parent=38"}],"curies":[{"name":"wp","href":"https:\/\/api.w.org\/{rel}","templated":true}]}}