{"id":382,"date":"2011-01-04T16:53:39","date_gmt":"2011-01-04T16:53:39","guid":{"rendered":"https:\/\/globalallianceregister.com\/?page_id=382"},"modified":"2016-02-04T12:21:41","modified_gmt":"2016-02-04T12:21:41","slug":"individual-development","status":"publish","type":"page","link":"https:\/\/globalallianceregister.com\/tr\/services\/egitim\/individual-development\/","title":{"rendered":"Bireysel Geli\u015fim Programlar\u0131"},"content":{"rendered":"<p><strong>Global Alliance Academy;<\/strong> e\u011fitim, konferans, seminer ve \u00e7al\u0131\u015ftaylar arac\u0131l\u0131\u011f\u0131 ile <strong>Ulusal &amp; Uluslararas\u0131 Standartlar, Reg\u00fclasyonlar, Yerel Mevzuat, Kurumsal &amp; Bireysel Geli\u015fim \u0130nsan Kaynaklar\u0131, Finans, ve Motivasyon<\/strong> konular\u0131 \u00fczerine m\u00fc\u015fterilerine nitelikli e\u011fitimler sunan konusunda lider bir organizasyondur. <strong>Global Alliance Academy E\u011fitimleri;<\/strong> <strong>kurumsalla\u015fma, bireysel geli\u015fim, s\u00fcre\u00e7 y\u00f6netimi ve insan kaynaklar\u0131n\u0131n uluslararas\u0131 ge\u00e7erlili\u011fe sahip e\u011fitim sertifikalar ile vas\u0131fland\u0131r\u0131lmas\u0131na<\/strong> <strong>\u00f6nemli katk\u0131 sa\u011flamaktad\u0131r.<\/strong> <strong>Global Alliance Academy<\/strong> taraf\u0131ndan geli\u015ftirilen <strong>e-LMS E\u011fitim Platformu<\/strong> ile m\u00fc\u015fterilerinin e\u011fitim ihtiya\u00e7lar\u0131na \u00e7a\u011fda\u015f \u00e7\u00f6z\u00fcmler sunarak her bir sekt\u00f6re \u00f6zg\u00fcn e\u011fitim ihtiya\u00e7lar\u0131n\u0131n kat\u0131l\u0131mc\u0131lar taraf\u0131ndan bilgisayar arac\u0131l\u0131\u011f\u0131 ile online olarak sa\u011flanmaktad\u0131r. <strong>e-LMS E\u011fitim Platformu;<\/strong> \u00f6zellikle yo\u011fun i\u015fletmelerde e\u011fitim ihtiya\u00e7lar\u0131n\u0131n giderilmesinde \u00e7a\u011fda\u015f bir model haline gelmi\u015ftir. Bu platform arac\u0131l\u0131\u011f\u0131yla \u00e7al\u0131\u015fma saatleri d\u0131\u015f\u0131nda ve \u00e7ok daha d\u00fc\u015f\u00fck e\u011fitim b\u00fct\u00e7eleri ile; kat\u0131l\u0131mc\u0131lar\u0131n Global Alliance Academy E\u011fitmenleri taraf\u0131ndan tasarlanm\u0131\u015f nitelik de\u011feri y\u00fcksek bu e\u011fitimleri alarak bilgi birikimlerini art\u0131rmaktalar ve\/ veya g\u00f6revini yerine getirmesi i\u00e7in zorunlu olan kalifikasyonlara i\u015fletme ko\u015fullar\u0131ndan tamam\u0131yla ba\u011f\u0131ms\u0131z bir \u015fekilde sahip olabilmektedirler. <strong>\u201cBireysel Geli\u015fim E\u011fitim Program\u0131\u201d kapsam\u0131nda Global Alliance Academy taraf\u0131ndan sunulmakta olan e\u011fitimler a\u015fa\u011f\u0131da belirtilmektedir:<\/strong><\/p>\n<ul>\n<li>E\u011fitimcinin E\u011fitimi<\/li>\n<li>Y\u00f6netim Becerilerini Geli\u015ftirme<\/li>\n<li>Etkin \u0130leti\u015fim Y\u00f6netimi<\/li>\n<li>V\u00fccut Dili<\/li>\n<li>Zaman Y\u00f6netimi<\/li>\n<li>Telefonda \u0130leti\u015fim Becerileri<\/li>\n<li>Etkin Toplant\u0131 Y\u00f6netimi<\/li>\n<li>Sunum Teknikleri<\/li>\n<li>K\u00fclt\u00fcrleraras\u0131 \u0130leti\u015fim Becerileri<\/li>\n<li>Liderlik<\/li>\n<li>Arabuluculuk<\/li>\n<li>Problem \u00c7\u00f6zme Teknikleri<\/li>\n<li>Stratejik D\u00fc\u015f\u00fcnme<\/li>\n<li>Trafikte Stres Y\u00f6netimi<\/li>\n<li>Etkin \u0130leti\u015fim &amp; Empati Becerileri<\/li>\n<li>Kad\u0131n Y\u00f6netici Olmak<\/li>\n<li>Proje Y\u00f6netimi E\u011fitim Program\u0131\n<ul>\n<li><em>CAPM S\u0131nav\u0131na Haz\u0131rl\u0131k<\/em><\/li>\n<li><em>PMP S\u0131nav\u0131na Haz\u0131rl\u0131k<\/em><\/li>\n<li><em>PgMP S\u0131nav\u0131na Haz\u0131rl\u0131k<\/em><\/li>\n<li><em>Proje Planlama<\/em><\/li>\n<li><em>Proje Risk Y\u00f6netim<\/em><\/li>\n<li><em>Proje Y\u00f6netimi: Ba\u015far\u0131 \u0130\u00e7in Gerekli Beceriler<\/em><\/li>\n<li><em>Proje B\u00fct\u00e7esi Haz\u0131rlama &amp; Tahmin Yapm<\/em><\/li>\n<li><em>Proje Tak\u0131m\u0131 Liderli\u011fi<\/em><\/li>\n<li><em>Proje M\u00fcd\u00fcrleri \u0130\u00e7in S\u00f6zle\u015fme Esaslar<\/em><\/li>\n<li><em>Stratejik Proje Y\u00f6netimi<\/em><\/li>\n<li><em>Proje Y\u00f6netim Ofisinin Olu\u015fturulmas<\/em><\/li>\n<li><em>Global Proje Y\u00f6netim<\/em><\/li>\n<li><em>Microsoft Project 2010 Detayl\u0131 E\u011fitim Paketi<\/em><\/li>\n<li><em>Microsoft Project 2007 Detayl\u0131 E\u011fitim Paket<\/em><\/li>\n<li><em>Microsoft Project Server 200<\/em><\/li>\n<li><em>Proje Y\u00f6netimi i\u00e7in \u201cSharepoint\u201d Uygulamalar\u0131 <\/em><\/li>\n<li><em>Primavera \u0130le Proje Y\u00f6netimi E\u011fitimi<\/em><\/li>\n<\/ul>\n<\/li>\n<li>Liderlik Becerileri: Tak\u0131m \u00c7al\u0131\u015fmas\u0131 \u0130le Ba\u015far\u0131y\u0131 Yakalamak<\/li>\n<li>Ba\u015far\u0131l\u0131 Orta Kademe Y\u00f6neticiler \u0130\u00e7in Liderlik Becerileri<\/li>\n<li>\u00c7al\u0131\u015fanlar\u0131n Potansiyeline Ba\u011fl\u0131 Ko\u00e7luk Yapma<\/li>\n<li>Duygusal Zeka: Liderlik Ba\u015far\u0131s\u0131n\u0131n Yakalanmas\u0131<\/li>\n<li>Liderlik\u00a0G\u00fcc\u00fcn\u00fcn Geli\u015ftirilmesi<\/li>\n<li>IT Stratejik Planlama<\/li>\n<li>Etkileme Becerileri<\/li>\n<li>Giri\u015fimcilik Becerileri<\/li>\n<li>\u00c7at\u0131\u015fmaya Tepki<\/li>\n<li>Kolayla\u015ft\u0131rma Becerileri<\/li>\n<li>\u0130\u015f Analizi Bilin\u00e7lendirme<\/li>\n<li>Etkin \u0130\u015f Vakalar\u0131n\u0131n Olu\u015fturulmas\u0131<\/li>\n<li>\u0130\u015f Analizi Plan\u0131 Olu\u015fturmak,<\/li>\n<li>\u0130\u015f Analizi Modellemesine Giri\u015f<\/li>\n<li>Stratejik Kurumsal Analiz<\/li>\n<li>\u0130\u015f S\u00fcre\u00e7 Y\u00f6netimi Geli\u015fimi Program\u0131n\u0131n Uygulanmas\u0131<\/li>\n<li>\u0130\u015f S\u00fcre\u00e7lerinin Yeniden Yap\u0131land\u0131r\u0131lmas\u0131<\/li>\n<li>Afet Kurtarma Planlamas\u0131<\/li>\n<li>Kurumsal Zeka: Giri\u015f<\/li>\n<li>\u0130\u015f \u0130statiksel verileri \u0130le Etkin Karar Alma Mekanizmas\u0131<\/li>\n<li>Microsoft Excel E\u011fitimi<\/li>\n<li>Microsoft Power Excel: Veri Analizi<\/li>\n<li>Microsoft Excel \u00c7al\u0131\u015fma Sayfalar\u0131<\/li>\n<li>Microsoft Excel Makrolar<\/li>\n<\/ul>\n<p><strong><em><strong><em>Yukar\u0131da belirtili olan e\u011fitim programlar\u0131 firma-i\u00e7i ve genel katl\u0131ma a\u00e7\u0131k olarak d\u00fczenlenmekte olup, daha fazla bilgi i\u00e7in taraf\u0131m\u0131zla temas kurunuz\u2026 <\/em><\/strong><\/em><\/strong> Global Alliance Academy E\u011fitim Programlar\u0131 t\u00fcm sekt\u00f6rlerde uzmanlar\u0131m\u0131z\u0131n sahip oldu\u011fu end\u00fcstriyel saha tecr\u00fcbeleri ile m\u00fc\u015fterilerimize y\u00fcksek katma-de\u011fer sa\u011flamaktad\u0131r.<\/p>\n<div id=\"content_applied_s\">\n<h1>\u0130lgili Sekt\u00f6rler<\/h1>\n<div id=\"content_applied_s_left\"><a title=\"Denizcilik Sekt\u00f6r\u00fc\" href=\"https:\/\/globalallianceregister.com\/?page_id=9&amp;lang=tr\">Denizcilik<\/a> <a title=\"\u0130n\u015faat Sekt\u00f6r\u00fc\" href=\"https:\/\/globalallianceregister.com\/?page_id=11&amp;lang=tr\">\u0130n\u015faat<\/a> <a title=\"Petrol &amp; Gaz Sekt\u00f6r\u00fc\" href=\"https:\/\/globalallianceregister.com\/?page_id=13&amp;lang=tr\">Petrol &amp; Gaz<\/a> <a title=\"Enerji &amp; Tesisler\" href=\"https:\/\/globalallianceregister.com\/?page_id=15&amp;lang=tr\">Enerji &amp; Tesisler<\/a> <a title=\"\u0130malat Sekt\u00f6r\u00fc\" href=\"https:\/\/globalallianceregister.com\/?page_id=20&amp;lang=tr\">\u0130malat<\/a> <a title=\"Ula\u015ft\u0131rma &amp; Lojistik Sekt\u00f6r\u00fc\" href=\"https:\/\/globalallianceregister.com\/?page_id=22&amp;lang=tr\">Ula\u015ft\u0131rma &amp; Lojistik<\/a> <a title=\"Uzay &amp; Havac\u0131l\u0131k Sekt\u00f6r\u00fc\" href=\"https:\/\/globalallianceregister.com\/?page_id=24&amp;lang=tr\">Uzay &amp; Havac\u0131l\u0131k<\/a><\/div>\n<div id=\"content_applied_s_right\"><a title=\"Tar\u0131m &amp; G\u0131da Sekt\u00f6r\u00fc\" href=\"https:\/\/globalallianceregister.com\/?page_id=27&amp;lang=tr\">Tar\u0131m &amp; G\u0131da<\/a> <a title=\"Turizm &amp; Otelcilik Sekt\u00f6r\u00fc\" href=\"https:\/\/globalallianceregister.com\/?page_id=29&amp;lang=tr\">Turizm &amp; Otelcilik<\/a> <a title=\"Finans &amp; Bankac\u0131l\u0131k Sekt\u00f6r\u00fc\" href=\"https:\/\/globalallianceregister.com\/?page_id=38&amp;lang=tr\">Finans<\/a> <a title=\"Sigorta Sekt\u00f6r\u00fc\" href=\"https:\/\/globalallianceregister.com\/?page_id=40&amp;lang=tr\">Sigorta<\/a> <a title=\"Bilgi Teknolojileri Sekt\u00f6r\u00fc\" href=\"https:\/\/globalallianceregister.com\/?page_id=52&amp;lang=tr\">Bilgi Teknolojileri<\/a> <a title=\"Telekom\u00fcnikasyon Sekt\u00f6r\u00fc\" href=\"https:\/\/globalallianceregister.com\/?page_id=54&amp;lang=tr\">Telekom\u00fcnikasyon<\/a> <a title=\"Sa\u011fl\u0131k &amp; T\u0131p Sekt\u00f6r\u00fc\" href=\"https:\/\/globalallianceregister.com\/?page_id=56&amp;lang=tr\">Sa\u011fl\u0131k &amp; T\u0131p<\/a><\/div>\n<\/div>","protected":false},"excerpt":{"rendered":"<p>Global Alliance Academy; e\u011fitim, konferans, seminer ve \u00e7al\u0131\u015ftaylar arac\u0131l\u0131\u011f\u0131 ile Ulusal &amp; Uluslararas\u0131 Standartlar, Reg\u00fclasyonlar, Yerel Mevzuat, Kurumsal &amp; Bireysel Geli\u015fim \u0130nsan Kaynaklar\u0131, Finans, ve Motivasyon konular\u0131 \u00fczerine m\u00fc\u015fterilerine nitelikli&#8230; <\/p>\n","protected":false},"author":10,"featured_media":0,"parent":103,"menu_order":3,"comment_status":"closed","ping_status":"closed","template":"page-full.php","meta":{"_acf_changed":false,"om_disable_all_campaigns":false,"footnotes":""},"class_list":["post-382","page","type-page","status-publish","hentry"],"acf":[],"yoast_head":"<!-- This site is optimized with the Yoast SEO plugin v27.4 - https:\/\/yoast.com\/product\/yoast-seo-wordpress\/ -->\n<title>Bireysel Geli\u015fim Programlar\u0131 - Global Alliance Register<\/title>\n<meta name=\"robots\" content=\"index, follow, max-snippet:-1, max-image-preview:large, max-video-preview:-1\" \/>\n<link rel=\"canonical\" href=\"https:\/\/globalallianceregister.com\/tr\/services\/egitim\/individual-development\/\" \/>\n<meta property=\"og:locale\" content=\"tr_TR\" \/>\n<meta property=\"og:type\" content=\"article\" \/>\n<meta property=\"og:title\" content=\"Bireysel Geli\u015fim Programlar\u0131 - Global Alliance Register\" \/>\n<meta property=\"og:description\" content=\"Global Alliance Academy; e\u011fitim, konferans, seminer ve \u00e7al\u0131\u015ftaylar arac\u0131l\u0131\u011f\u0131 ile Ulusal &amp; Uluslararas\u0131 Standartlar, Reg\u00fclasyonlar, Yerel Mevzuat, Kurumsal &amp; Bireysel Geli\u015fim \u0130nsan Kaynaklar\u0131, Finans, ve Motivasyon konular\u0131 \u00fczerine m\u00fc\u015fterilerine nitelikli...\" \/>\n<meta property=\"og:url\" content=\"https:\/\/globalallianceregister.com\/tr\/services\/egitim\/individual-development\/\" \/>\n<meta property=\"og:site_name\" content=\"Global Alliance Register\" \/>\n<meta property=\"article:modified_time\" content=\"2016-02-04T12:21:41+00:00\" \/>\n<meta name=\"twitter:label1\" content=\"Tahmini okuma s\u00fcresi\" \/>\n\t<meta name=\"twitter:data1\" content=\"5 dakika\" \/>\n<script type=\"application\/ld+json\" class=\"yoast-schema-graph\">{\"@context\":\"https:\\\/\\\/schema.org\",\"@graph\":[{\"@type\":\"WebPage\",\"@id\":\"https:\\\/\\\/globalallianceregister.com\\\/tr\\\/services\\\/egitim\\\/individual-development\\\/\",\"url\":\"https:\\\/\\\/globalallianceregister.com\\\/tr\\\/services\\\/egitim\\\/individual-development\\\/\",\"name\":\"Bireysel Geli\u015fim Programlar\u0131 - Global Alliance Register\",\"isPartOf\":{\"@id\":\"https:\\\/\\\/globalallianceregister.com\\\/tr\\\/#website\"},\"datePublished\":\"2011-01-04T16:53:39+00:00\",\"dateModified\":\"2016-02-04T12:21:41+00:00\",\"breadcrumb\":{\"@id\":\"https:\\\/\\\/globalallianceregister.com\\\/tr\\\/services\\\/egitim\\\/individual-development\\\/#breadcrumb\"},\"inLanguage\":\"tr\",\"potentialAction\":[{\"@type\":\"ReadAction\",\"target\":[[\"https:\\\/\\\/globalallianceregister.com\\\/tr\\\/services\\\/egitim\\\/individual-development\\\/\"]]}]},{\"@type\":\"BreadcrumbList\",\"@id\":\"https:\\\/\\\/globalallianceregister.com\\\/tr\\\/services\\\/egitim\\\/individual-development\\\/#breadcrumb\",\"itemListElement\":[{\"@type\":\"ListItem\",\"position\":1,\"name\":\"Anasayfa\",\"item\":\"https:\\\/\\\/globalallianceregister.com\\\/tr\\\/\"},{\"@type\":\"ListItem\",\"position\":2,\"name\":\"Hizmetler\",\"item\":\"https:\\\/\\\/globalallianceregister.com\\\/tr\\\/services\\\/\"},{\"@type\":\"ListItem\",\"position\":3,\"name\":\"E\u011fitim\",\"item\":\"https:\\\/\\\/globalallianceregister.com\\\/tr\\\/services\\\/egitim\\\/\"},{\"@type\":\"ListItem\",\"position\":4,\"name\":\"Individual Development Programs\"}]},{\"@type\":\"WebSite\",\"@id\":\"https:\\\/\\\/globalallianceregister.com\\\/tr\\\/#website\",\"url\":\"https:\\\/\\\/globalallianceregister.com\\\/tr\\\/\",\"name\":\"Global Alliance Register\",\"description\":\"(EN) Together for Excellence\",\"potentialAction\":[{\"@type\":\"SearchAction\",\"target\":{\"@type\":\"EntryPoint\",\"urlTemplate\":\"https:\\\/\\\/globalallianceregister.com\\\/tr\\\/?s={search_term_string}\"},\"query-input\":{\"@type\":\"PropertyValueSpecification\",\"valueRequired\":true,\"valueName\":\"search_term_string\"}}],\"inLanguage\":\"tr\"}]}<\/script>\n<!-- \/ Yoast SEO plugin. -->","yoast_head_json":{"title":"Bireysel Geli\u015fim Programlar\u0131 - Global Alliance Register","robots":{"index":"index","follow":"follow","max-snippet":"max-snippet:-1","max-image-preview":"max-image-preview:large","max-video-preview":"max-video-preview:-1"},"canonical":"https:\/\/globalallianceregister.com\/tr\/services\/egitim\/individual-development\/","og_locale":"tr_TR","og_type":"article","og_title":"Bireysel Geli\u015fim Programlar\u0131 - Global Alliance Register","og_description":"Global Alliance Academy; e\u011fitim, konferans, seminer ve \u00e7al\u0131\u015ftaylar arac\u0131l\u0131\u011f\u0131 ile Ulusal &amp; Uluslararas\u0131 Standartlar, Reg\u00fclasyonlar, Yerel Mevzuat, Kurumsal &amp; Bireysel Geli\u015fim \u0130nsan Kaynaklar\u0131, Finans, ve Motivasyon konular\u0131 \u00fczerine m\u00fc\u015fterilerine nitelikli...","og_url":"https:\/\/globalallianceregister.com\/tr\/services\/egitim\/individual-development\/","og_site_name":"Global Alliance Register","article_modified_time":"2016-02-04T12:21:41+00:00","twitter_misc":{"Tahmini okuma s\u00fcresi":"5 dakika"},"schema":{"@context":"https:\/\/schema.org","@graph":[{"@type":"WebPage","@id":"https:\/\/globalallianceregister.com\/tr\/services\/egitim\/individual-development\/","url":"https:\/\/globalallianceregister.com\/tr\/services\/egitim\/individual-development\/","name":"Bireysel Geli\u015fim Programlar\u0131 - Global Alliance Register","isPartOf":{"@id":"https:\/\/globalallianceregister.com\/tr\/#website"},"datePublished":"2011-01-04T16:53:39+00:00","dateModified":"2016-02-04T12:21:41+00:00","breadcrumb":{"@id":"https:\/\/globalallianceregister.com\/tr\/services\/egitim\/individual-development\/#breadcrumb"},"inLanguage":"tr","potentialAction":[{"@type":"ReadAction","target":[["https:\/\/globalallianceregister.com\/tr\/services\/egitim\/individual-development\/"]]}]},{"@type":"BreadcrumbList","@id":"https:\/\/globalallianceregister.com\/tr\/services\/egitim\/individual-development\/#breadcrumb","itemListElement":[{"@type":"ListItem","position":1,"name":"Anasayfa","item":"https:\/\/globalallianceregister.com\/tr\/"},{"@type":"ListItem","position":2,"name":"Hizmetler","item":"https:\/\/globalallianceregister.com\/tr\/services\/"},{"@type":"ListItem","position":3,"name":"E\u011fitim","item":"https:\/\/globalallianceregister.com\/tr\/services\/egitim\/"},{"@type":"ListItem","position":4,"name":"Individual Development Programs"}]},{"@type":"WebSite","@id":"https:\/\/globalallianceregister.com\/tr\/#website","url":"https:\/\/globalallianceregister.com\/tr\/","name":"Global Alliance Register","description":"(EN) Together for Excellence","potentialAction":[{"@type":"SearchAction","target":{"@type":"EntryPoint","urlTemplate":"https:\/\/globalallianceregister.com\/tr\/?s={search_term_string}"},"query-input":{"@type":"PropertyValueSpecification","valueRequired":true,"valueName":"search_term_string"}}],"inLanguage":"tr"}]}},"_links":{"self":[{"href":"https:\/\/globalallianceregister.com\/tr\/wp-json\/wp\/v2\/pages\/382","targetHints":{"allow":["GET"]}}],"collection":[{"href":"https:\/\/globalallianceregister.com\/tr\/wp-json\/wp\/v2\/pages"}],"about":[{"href":"https:\/\/globalallianceregister.com\/tr\/wp-json\/wp\/v2\/types\/page"}],"author":[{"embeddable":true,"href":"https:\/\/globalallianceregister.com\/tr\/wp-json\/wp\/v2\/users\/10"}],"replies":[{"embeddable":true,"href":"https:\/\/globalallianceregister.com\/tr\/wp-json\/wp\/v2\/comments?post=382"}],"version-history":[{"count":0,"href":"https:\/\/globalallianceregister.com\/tr\/wp-json\/wp\/v2\/pages\/382\/revisions"}],"up":[{"embeddable":true,"href":"https:\/\/globalallianceregister.com\/tr\/wp-json\/wp\/v2\/pages\/103"}],"wp:attachment":[{"href":"https:\/\/globalallianceregister.com\/tr\/wp-json\/wp\/v2\/media?parent=382"}],"curies":[{"name":"wp","href":"https:\/\/api.w.org\/{rel}","templated":true}]}}