{"id":40,"date":"2010-12-25T13:50:19","date_gmt":"2010-12-25T13:50:19","guid":{"rendered":"https:\/\/globalallianceregister.com\/?page_id=40"},"modified":"2016-02-11T10:16:59","modified_gmt":"2016-02-11T10:16:59","slug":"insurance","status":"publish","type":"page","link":"https:\/\/globalallianceregister.com\/tr\/sectors\/insurance\/","title":{"rendered":"Sigorta Sekt\u00f6r\u00fc"},"content":{"rendered":"<p><strong>T\u00fcm sekt\u00f6rlerdeki uluslararas\u0131 deneyimlerimiz ve uzman kadromuz ile Sigorta Sekt\u00f6r\u00fc \u2018n\u00fcn ta\u015f\u0131d\u0131\u011f\u0131 risklerin minimize edilmesine yard\u0131mc\u0131 oluyoruz\u2026<\/strong><\/p>\n<p>M\u00fchendislik formasyonu ve i\u015f k\u00fclt\u00fcr\u00fc ile Global Alliance Register Sigorta Sekt\u00f6r\u00fc \u2018ne geni\u015f bir alanda do\u011fru risk y\u00f6netimi ve kay\u0131p\/ hasar koruma programlar\u0131 \u00a0ile birlikte m\u00fckemmel modellenmi\u015f uzla\u015fma y\u00f6netimi \u00e7\u00f6z\u00fcmleri sunuyor.<\/p>\n<p>Global Alliance Register b\u00fct\u00e7eye uygun sigorta ve risk finansman\u0131 \u00e7\u00f6z\u00fcmleri m\u00fc\u015fterilerimiz taraf\u0131ndan sahip olunan de\u011fer ve varl\u0131klar\u0131n korunmas\u0131n\u0131 temel ilke olarak kabul etmektedir.<\/p>\n<p>GAR Y\u00f6netim &amp; Uzman Kadrosu konusunda geni\u015f deneyime sahip end\u00fcstri lideri insan kaynaklar\u0131ndan olu\u015fmaktad\u0131r.<\/p>\n<p><strong>Stratejik \u00e7\u00f6z\u00fcm orta\u011f\u0131n\u0131z olarak, Global Alliance Register Hizmet Portf\u00f6y\u00fc m\u00fc\u015fterilerimizin risk y\u00f6netimi hedeflerine ula\u015fmas\u0131nda a\u015fa\u011f\u0131da belirtili olan temel prensipleri uygulayarak sa\u011flamaktad\u0131r:<\/strong><\/p>\n<ul>\n<li>Her bir vakaya \u00f6zg\u00fc spesifik risklerin anla\u015f\u0131lmas\u0131,<\/li>\n<li>Kay\u0131p\/ Hasar Koruma Program\u0131\u2019n\u0131n vakaya \u00f6zel olarak modellenerek kay\u0131p ve hasarlara kar\u015f\u0131 koruman\u0131n g\u00fcvence alt\u0131na al\u0131nmas\u0131,<\/li>\n<li>Optimum b\u00fct\u00e7eli sigorta ve risk transferi \u00e7\u00f6z\u00fcmlerinin tasarlanmas\u0131,<\/li>\n<li>\u0130\u015flerin kesintiye u\u011frama riskini minimize edecek \u015fekilde hasar ve kay\u0131plar\u0131n azalt\u0131lmas\u0131na y\u00f6nelik s\u00fcrekli destek sunulmas\u0131,<\/li>\n<\/ul>\n<p><strong>Sigorta Sekt\u00f6r\u00fc \u2019ne \u00f6zel Global Alliance Register taraf\u0131ndan sunulan \u00e7\u00f6z\u00fcmlerden baz\u0131lar\u0131 \u015funlard\u0131r:<\/strong><\/p>\n<ul>\n<li>Risk De\u011ferlendirmesi &amp; Tan\u0131mlama,<\/li>\n<li>Kay\u0131p Koruma Programlar\u0131,<\/li>\n<li>Sigorta ve Risk Transfer \u00c7\u00f6z\u00fcmlerine Y\u00f6nelik Dan\u0131\u015fmanl\u0131k,<\/li>\n<li>Ekspertiz,<\/li>\n<li>Vaka \u0130nceleme,<\/li>\n<li>Hasar Y\u00f6netimi,<\/li>\n<li>Teknik De\u011ferlendirme,<\/li>\n<li>G\u00f6zetim,<\/li>\n<li>Denetim,<\/li>\n<li>S\u00f6rvey,<\/li>\n<li>Hasar Takip,<\/li>\n<li>Kontroll\u00fc Sevkiyat,<\/li>\n<li>Y\u00fckleme G\u00f6zetimi &amp; M\u00fch\u00fcrleme,<\/li>\n<li>Ve size \u00f6zel daha bir\u00e7ok \u00f6zel \u00e7\u00f6z\u00fcmler\u2026.<\/li>\n<\/ul>\n<h1>\u00c7\u00f6z\u00fcmler<\/h1>\n<table>\n<tbody>\n<tr>\n<td style=\"width: 350px; border-color: #ffffff; text-align: left; vertical-align: middle; background-color: #f7f7f7;\" width=\"250\">\n<ul>\n<li><a href=\"https:\/\/globalallianceregister.com\/tr\/hizmetler\/asistans-hizmetleri\/\" target=\"_blank\">AS\u0130STANS<\/a><\/li>\n<\/ul>\n<\/td>\n<td style=\"width: 350px; border-color: #ffffff; text-align: left; vertical-align: middle; background-color: #f7f7f7;\" width=\"250\">\n<ul style=\"list-style-type: square;\">\n<li><a href=\"https:\/\/globalallianceregister.com\/tr\/hizmetler\/gozetim-ve-termin-kontrolu-hizmetleri\/\" target=\"_blank\">G\u00d6ZET\u0130M<\/a><\/li>\n<\/ul>\n<\/td>\n<td style=\"width: 350px; border-color: #ffffff; text-align: left; vertical-align: middle; background-color: #f7f7f7;\" width=\"251\">\n<ul style=\"list-style-type: square;\">\n<li><a href=\"https:\/\/globalallianceregister.com\/tr\/hizmetler\/danismanlik\/\" target=\"_blank\">DANI\u015eMANLIK<\/a><\/li>\n<\/ul>\n<\/td>\n<\/tr>\n<tr>\n<td style=\"width: 350px; border-color: #ffffff; text-align: left; vertical-align: middle; background-color: #f7f7f7;\" width=\"250\">\n<ul style=\"list-style-type: square;\">\n<li><a href=\"https:\/\/globalallianceregister.com\/tr\/hizmetler\/certification\/\" target=\"_blank\">BELGELEND\u0130RME<\/a><\/li>\n<\/ul>\n<\/td>\n<td style=\"width: 350px; border-color: #ffffff; text-align: left; vertical-align: middle; background-color: #f7f7f7;\" width=\"250\">\n<ul style=\"list-style-type: square;\">\n<li><a href=\"https:\/\/globalallianceregister.com\/tr\/hizmetler\/egitim\/\" target=\"_blank\">E\u011e\u0130T\u0130M<\/a><\/li>\n<\/ul>\n<\/td>\n<td style=\"width: 350px; border-color: #ffffff; text-align: left; vertical-align: middle; background-color: #f7f7f7;\" width=\"251\">\n<ul style=\"list-style-type: square;\">\n<li><a href=\"https:\/\/globalallianceregister.com\/hizmetler\/insaat-proje-yonetimi-musavirlik-hizmetleri\/\" target=\"_blank\">\u0130N\u015eAAT PROJE Y\u00d6NET\u0130M\u0130<\/a><\/li>\n<\/ul>\n<\/td>\n<\/tr>\n<tr>\n<td style=\"width: 350px; border-color: #ffffff; text-align: left; vertical-align: middle; background-color: #f7f7f7;\" width=\"250\">\n<ul style=\"list-style-type: square;\">\n<li><a href=\"https:\/\/globalallianceregister.com\/tr\/hizmetler\/dis-kaynak-tedariki\/\" target=\"_blank\">DI\u015e KAYNAK TEDAR\u0130K\u0130<\/a><\/li>\n<\/ul>\n<\/td>\n<td style=\"width: 350px; border-color: #ffffff; text-align: left; vertical-align: middle; background-color: #f7f7f7;\" width=\"250\">\n<ul style=\"list-style-type: square;\">\n<li><a href=\"https:\/\/globalallianceregister.com\/hizmetler\/karbon-ve-enerji-yonetimi\/\" target=\"_blank\">KARBON VE ENERJ\u0130 Y\u00d6NET\u0130M\u0130<\/a><\/li>\n<\/ul>\n<\/td>\n<td style=\"width: 350px; border-color: #ffffff; text-align: left; vertical-align: middle; background-color: #f7f7f7;\" width=\"251\">\n<ul style=\"list-style-type: square;\">\n<li><a href=\"https:\/\/globalallianceregister.com\/tr\/hizmetler\/kurumsal-sosyal-sorumluluk\/\" target=\"_blank\">KURUMSAL SOSYAL SORULMLULUK<\/a><\/li>\n<\/ul>\n<\/td>\n<\/tr>\n<\/tbody>\n<\/table>","protected":false},"excerpt":{"rendered":"<p>T\u00fcm sekt\u00f6rlerdeki uluslararas\u0131 deneyimlerimiz ve uzman kadromuz ile Sigorta Sekt\u00f6r\u00fc \u2018n\u00fcn ta\u015f\u0131d\u0131\u011f\u0131 risklerin minimize edilmesine yard\u0131mc\u0131 oluyoruz\u2026 M\u00fchendislik formasyonu ve i\u015f k\u00fclt\u00fcr\u00fc ile Global Alliance Register Sigorta Sekt\u00f6r\u00fc \u2018ne geni\u015f&#8230; <\/p>\n","protected":false},"author":10,"featured_media":5142,"parent":4,"menu_order":11,"comment_status":"closed","ping_status":"closed","template":"page-full.php","meta":{"_acf_changed":false,"om_disable_all_campaigns":false,"footnotes":""},"class_list":["post-40","page","type-page","status-publish","has-post-thumbnail","hentry"],"acf":[],"yoast_head":"<!-- This site is optimized with the Yoast SEO plugin v27.4 - https:\/\/yoast.com\/product\/yoast-seo-wordpress\/ -->\n<title>Sigorta Sekt\u00f6r\u00fc - Global Alliance Register<\/title>\n<meta name=\"robots\" content=\"index, follow, max-snippet:-1, max-image-preview:large, max-video-preview:-1\" \/>\n<link rel=\"canonical\" href=\"https:\/\/globalallianceregister.com\/tr\/sectors\/insurance\/\" \/>\n<meta property=\"og:locale\" content=\"tr_TR\" \/>\n<meta property=\"og:type\" content=\"article\" \/>\n<meta property=\"og:title\" content=\"Sigorta Sekt\u00f6r\u00fc - Global Alliance Register\" \/>\n<meta property=\"og:description\" content=\"T\u00fcm sekt\u00f6rlerdeki uluslararas\u0131 deneyimlerimiz ve uzman kadromuz ile Sigorta Sekt\u00f6r\u00fc \u2018n\u00fcn ta\u015f\u0131d\u0131\u011f\u0131 risklerin minimize edilmesine yard\u0131mc\u0131 oluyoruz\u2026 M\u00fchendislik formasyonu ve i\u015f k\u00fclt\u00fcr\u00fc ile Global Alliance Register Sigorta Sekt\u00f6r\u00fc \u2018ne geni\u015f...\" \/>\n<meta property=\"og:url\" content=\"https:\/\/globalallianceregister.com\/tr\/sectors\/insurance\/\" \/>\n<meta property=\"og:site_name\" content=\"Global Alliance Register\" \/>\n<meta property=\"article:modified_time\" content=\"2016-02-11T10:16:59+00:00\" \/>\n<meta property=\"og:image\" content=\"https:\/\/globalallianceregister.com\/wp-content\/uploads\/2010\/12\/Insurance-Inner-Page.jpg\" \/>\n\t<meta property=\"og:image:width\" content=\"614\" \/>\n\t<meta property=\"og:image:height\" content=\"200\" \/>\n\t<meta property=\"og:image:type\" content=\"image\/jpeg\" \/>\n<meta name=\"twitter:label1\" content=\"Tahmini okuma s\u00fcresi\" \/>\n\t<meta name=\"twitter:data1\" content=\"3 dakika\" \/>\n<script type=\"application\/ld+json\" class=\"yoast-schema-graph\">{\"@context\":\"https:\\\/\\\/schema.org\",\"@graph\":[{\"@type\":\"WebPage\",\"@id\":\"https:\\\/\\\/globalallianceregister.com\\\/tr\\\/sectors\\\/insurance\\\/\",\"url\":\"https:\\\/\\\/globalallianceregister.com\\\/tr\\\/sectors\\\/insurance\\\/\",\"name\":\"Sigorta Sekt\u00f6r\u00fc - Global Alliance Register\",\"isPartOf\":{\"@id\":\"https:\\\/\\\/globalallianceregister.com\\\/tr\\\/#website\"},\"primaryImageOfPage\":{\"@id\":\"https:\\\/\\\/globalallianceregister.com\\\/tr\\\/sectors\\\/insurance\\\/#primaryimage\"},\"image\":{\"@id\":\"https:\\\/\\\/globalallianceregister.com\\\/sectors\\\/insurance\\\/#primaryimage\"},\"thumbnailUrl\":\"https:\\\/\\\/globalallianceregister.com\\\/wp-content\\\/uploads\\\/2010\\\/12\\\/Insurance-Inner-Page.jpg\",\"datePublished\":\"2010-12-25T13:50:19+00:00\",\"dateModified\":\"2016-02-11T10:16:59+00:00\",\"breadcrumb\":{\"@id\":\"https:\\\/\\\/globalallianceregister.com\\\/tr\\\/sectors\\\/insurance\\\/#breadcrumb\"},\"inLanguage\":\"tr\",\"potentialAction\":[{\"@type\":\"ReadAction\",\"target\":[[\"https:\\\/\\\/globalallianceregister.com\\\/tr\\\/sectors\\\/insurance\\\/\"]]}]},{\"@type\":\"ImageObject\",\"inLanguage\":\"tr\",\"@id\":\"https:\\\/\\\/globalallianceregister.com\\\/tr\\\/sectors\\\/insurance\\\/#primaryimage\",\"url\":\"https:\\\/\\\/globalallianceregister.com\\\/wp-content\\\/uploads\\\/2010\\\/12\\\/Insurance-Inner-Page.jpg\",\"contentUrl\":\"https:\\\/\\\/globalallianceregister.com\\\/wp-content\\\/uploads\\\/2010\\\/12\\\/Insurance-Inner-Page.jpg\",\"width\":614,\"height\":200},{\"@type\":\"BreadcrumbList\",\"@id\":\"https:\\\/\\\/globalallianceregister.com\\\/tr\\\/sectors\\\/insurance\\\/#breadcrumb\",\"itemListElement\":[{\"@type\":\"ListItem\",\"position\":1,\"name\":\"Anasayfa\",\"item\":\"https:\\\/\\\/globalallianceregister.com\\\/tr\\\/\"},{\"@type\":\"ListItem\",\"position\":2,\"name\":\"Sekt\u00f6rler\",\"item\":\"https:\\\/\\\/globalallianceregister.com\\\/tr\\\/sectors\\\/\"},{\"@type\":\"ListItem\",\"position\":3,\"name\":\"Sigorta Sekt\u00f6r\u00fc\"}]},{\"@type\":\"WebSite\",\"@id\":\"https:\\\/\\\/globalallianceregister.com\\\/tr\\\/#website\",\"url\":\"https:\\\/\\\/globalallianceregister.com\\\/tr\\\/\",\"name\":\"Global Alliance Register\",\"description\":\"(EN) Together for Excellence\",\"potentialAction\":[{\"@type\":\"SearchAction\",\"target\":{\"@type\":\"EntryPoint\",\"urlTemplate\":\"https:\\\/\\\/globalallianceregister.com\\\/tr\\\/?s={search_term_string}\"},\"query-input\":{\"@type\":\"PropertyValueSpecification\",\"valueRequired\":true,\"valueName\":\"search_term_string\"}}],\"inLanguage\":\"tr\"}]}<\/script>\n<!-- \/ Yoast SEO plugin. -->","yoast_head_json":{"title":"Sigorta Sekt\u00f6r\u00fc - Global Alliance Register","robots":{"index":"index","follow":"follow","max-snippet":"max-snippet:-1","max-image-preview":"max-image-preview:large","max-video-preview":"max-video-preview:-1"},"canonical":"https:\/\/globalallianceregister.com\/tr\/sectors\/insurance\/","og_locale":"tr_TR","og_type":"article","og_title":"Sigorta Sekt\u00f6r\u00fc - Global Alliance Register","og_description":"T\u00fcm sekt\u00f6rlerdeki uluslararas\u0131 deneyimlerimiz ve uzman kadromuz ile Sigorta Sekt\u00f6r\u00fc \u2018n\u00fcn ta\u015f\u0131d\u0131\u011f\u0131 risklerin minimize edilmesine yard\u0131mc\u0131 oluyoruz\u2026 M\u00fchendislik formasyonu ve i\u015f k\u00fclt\u00fcr\u00fc ile Global Alliance Register Sigorta Sekt\u00f6r\u00fc \u2018ne geni\u015f...","og_url":"https:\/\/globalallianceregister.com\/tr\/sectors\/insurance\/","og_site_name":"Global Alliance Register","article_modified_time":"2016-02-11T10:16:59+00:00","og_image":[{"width":614,"height":200,"url":"https:\/\/globalallianceregister.com\/wp-content\/uploads\/2010\/12\/Insurance-Inner-Page.jpg","type":"image\/jpeg"}],"twitter_misc":{"Tahmini okuma s\u00fcresi":"3 dakika"},"schema":{"@context":"https:\/\/schema.org","@graph":[{"@type":"WebPage","@id":"https:\/\/globalallianceregister.com\/tr\/sectors\/insurance\/","url":"https:\/\/globalallianceregister.com\/tr\/sectors\/insurance\/","name":"Sigorta Sekt\u00f6r\u00fc - Global Alliance Register","isPartOf":{"@id":"https:\/\/globalallianceregister.com\/tr\/#website"},"primaryImageOfPage":{"@id":"https:\/\/globalallianceregister.com\/tr\/sectors\/insurance\/#primaryimage"},"image":{"@id":"https:\/\/globalallianceregister.com\/sectors\/insurance\/#primaryimage"},"thumbnailUrl":"https:\/\/globalallianceregister.com\/wp-content\/uploads\/2010\/12\/Insurance-Inner-Page.jpg","datePublished":"2010-12-25T13:50:19+00:00","dateModified":"2016-02-11T10:16:59+00:00","breadcrumb":{"@id":"https:\/\/globalallianceregister.com\/tr\/sectors\/insurance\/#breadcrumb"},"inLanguage":"tr","potentialAction":[{"@type":"ReadAction","target":[["https:\/\/globalallianceregister.com\/tr\/sectors\/insurance\/"]]}]},{"@type":"ImageObject","inLanguage":"tr","@id":"https:\/\/globalallianceregister.com\/tr\/sectors\/insurance\/#primaryimage","url":"https:\/\/globalallianceregister.com\/wp-content\/uploads\/2010\/12\/Insurance-Inner-Page.jpg","contentUrl":"https:\/\/globalallianceregister.com\/wp-content\/uploads\/2010\/12\/Insurance-Inner-Page.jpg","width":614,"height":200},{"@type":"BreadcrumbList","@id":"https:\/\/globalallianceregister.com\/tr\/sectors\/insurance\/#breadcrumb","itemListElement":[{"@type":"ListItem","position":1,"name":"Anasayfa","item":"https:\/\/globalallianceregister.com\/tr\/"},{"@type":"ListItem","position":2,"name":"Sekt\u00f6rler","item":"https:\/\/globalallianceregister.com\/tr\/sectors\/"},{"@type":"ListItem","position":3,"name":"Sigorta Sekt\u00f6r\u00fc"}]},{"@type":"WebSite","@id":"https:\/\/globalallianceregister.com\/tr\/#website","url":"https:\/\/globalallianceregister.com\/tr\/","name":"Global Alliance Register","description":"(EN) Together for Excellence","potentialAction":[{"@type":"SearchAction","target":{"@type":"EntryPoint","urlTemplate":"https:\/\/globalallianceregister.com\/tr\/?s={search_term_string}"},"query-input":{"@type":"PropertyValueSpecification","valueRequired":true,"valueName":"search_term_string"}}],"inLanguage":"tr"}]}},"_links":{"self":[{"href":"https:\/\/globalallianceregister.com\/tr\/wp-json\/wp\/v2\/pages\/40","targetHints":{"allow":["GET"]}}],"collection":[{"href":"https:\/\/globalallianceregister.com\/tr\/wp-json\/wp\/v2\/pages"}],"about":[{"href":"https:\/\/globalallianceregister.com\/tr\/wp-json\/wp\/v2\/types\/page"}],"author":[{"embeddable":true,"href":"https:\/\/globalallianceregister.com\/tr\/wp-json\/wp\/v2\/users\/10"}],"replies":[{"embeddable":true,"href":"https:\/\/globalallianceregister.com\/tr\/wp-json\/wp\/v2\/comments?post=40"}],"version-history":[{"count":0,"href":"https:\/\/globalallianceregister.com\/tr\/wp-json\/wp\/v2\/pages\/40\/revisions"}],"up":[{"embeddable":true,"href":"https:\/\/globalallianceregister.com\/tr\/wp-json\/wp\/v2\/pages\/4"}],"wp:featuredmedia":[{"embeddable":true,"href":"https:\/\/globalallianceregister.com\/tr\/wp-json\/wp\/v2\/media\/5142"}],"wp:attachment":[{"href":"https:\/\/globalallianceregister.com\/tr\/wp-json\/wp\/v2\/media?parent=40"}],"curies":[{"name":"wp","href":"https:\/\/api.w.org\/{rel}","templated":true}]}}