{"id":5020,"date":"2015-08-05T17:25:50","date_gmt":"2015-08-05T17:25:50","guid":{"rendered":"https:\/\/globalallianceregister.com\/?page_id=5020"},"modified":"2016-02-05T11:51:03","modified_gmt":"2016-02-05T11:51:03","slug":"turkce-proje-yonetimi","status":"publish","type":"page","link":"https:\/\/globalallianceregister.com\/tr\/services\/egitim\/turkce-proje-yonetimi\/","title":{"rendered":"Proje Y\u00f6netimi E\u011fitimi"},"content":{"rendered":"<p>&nbsp;<\/p>\n<table width=\"794\">\n<tbody>\n<tr>\n<td width=\"180\">\n<p><strong>E\u011fitim Kodu<\/strong><\/p>\n<\/td>\n<td width=\"614\">\n<p><strong>E\u011fitim Konusu<\/strong><\/p>\n<\/td>\n<\/tr>\n<tr>\n<td width=\"180\">\n<p>GAA-PM-001<\/p>\n<\/td>\n<td width=\"614\">\n<p>Temel Proje Y\u00f6netimi\u00a0E\u011fitimi<\/p>\n<\/td>\n<\/tr>\n<tr>\n<td width=\"180\">\n<p>GAA-PM-002<\/p>\n<\/td>\n<td width=\"614\">\n<p>Proje Y\u00f6netiminin Esaslar\u0131 E\u011fitimi<\/p>\n<\/td>\n<\/tr>\n<tr>\n<td width=\"180\">\n<p>GAA-PM-003<\/p>\n<\/td>\n<td width=\"614\">\n<p>Proje Kapsam Y\u00f6netimi E\u011fitimi<\/p>\n<\/td>\n<\/tr>\n<tr>\n<td width=\"180\">\n<p>GAA-PM-004<\/p>\n<\/td>\n<td width=\"614\">\n<p>Ad\u0131m Ad\u0131m Proje Y\u00f6netimi E\u011fitimi<\/p>\n<\/td>\n<\/tr>\n<tr>\n<td width=\"180\">\n<p>GAA-PM-005<\/p>\n<\/td>\n<td width=\"614\">\n<p>Maliyet Planlama ve Kontrol E\u011fitimi<\/p>\n<\/td>\n<\/tr>\n<tr>\n<td width=\"180\">\n<p>GAA-PM-006<\/p>\n<\/td>\n<td width=\"614\">\n<p>Project Management Professional (PMP) Belgelendirme S\u0131nav\u0131\u2019na Haz\u0131rl\u0131k E\u011fitimi<\/p>\n<\/td>\n<\/tr>\n<tr>\n<td width=\"180\">\n<p>GAA-PM-007<\/p>\n<\/td>\n<td width=\"614\">\n<p>Y\u00f6neticiler \u0130\u00e7in Proje Y\u00f6netimi\u00a0E\u011fitimi<\/p>\n<\/td>\n<\/tr>\n<tr>\n<td width=\"180\">\n<p>GAA-PM-008<\/p>\n<\/td>\n<td width=\"614\">\n<p>Risk Y\u00f6netiminin Temelleri\u00a0E\u011fitimi<\/p>\n<\/td>\n<\/tr>\n<tr>\n<td width=\"180\">\n<p>GAA-PM-009<\/p>\n<\/td>\n<td width=\"614\">\n<p>Kalite \u2013 50 Problem \u00c7\u00f6zme Teknikleri<\/p>\n<\/td>\n<\/tr>\n<tr>\n<td width=\"180\">\n<p>GAA-PM-010<\/p>\n<\/td>\n<td width=\"614\">\n<p>M\u00fczakere Y\u00f6ntemleri\u00a0E\u011fitimi<\/p>\n<\/td>\n<\/tr>\n<tr>\n<td width=\"180\">\n<p>GAA-PM-011<\/p>\n<\/td>\n<td width=\"614\">\n<p>Sistem M\u00fchendisli\u011fi Y\u00f6netimi<\/p>\n<\/td>\n<\/tr>\n<tr>\n<td width=\"180\">\n<p>GAA-PM-012<\/p>\n<\/td>\n<td width=\"614\">\n<p>AB Proje Y\u00f6netimi (Proje D\u00f6ng\u00fcs\u00fc Y\u00f6netimi\u00a0E\u011fitimi<\/p>\n<\/td>\n<\/tr>\n<tr>\n<td width=\"180\">\n<p>GAA-PM-013<\/p>\n<\/td>\n<td width=\"614\">\n<p>De\u011fi\u015fim Y\u00f6netimi\u00a0E\u011fitimi<\/p>\n<\/td>\n<\/tr>\n<tr>\n<td width=\"180\">\n<p>GAA-PM-014<\/p>\n<\/td>\n<td width=\"614\">\n<p>Bilgi Y\u00f6netimi\u00a0E\u011fitimi<\/p>\n<\/td>\n<\/tr>\n<tr>\n<td width=\"180\">\n<p>GAA-PM-015<\/p>\n<\/td>\n<td width=\"614\">\n<p>Portf\u00f6y \u2013 Program Y\u00f6netimi\u00a0E\u011fitimi<\/p>\n<\/td>\n<\/tr>\n<\/tbody>\n<\/table>\n<p><strong>\u00a0<\/strong><\/p>","protected":false},"excerpt":{"rendered":"<p>&nbsp; E\u011fitim Kodu E\u011fitim Konusu GAA-PM-001 Temel Proje Y\u00f6netimi\u00a0E\u011fitimi GAA-PM-002 Proje Y\u00f6netiminin Esaslar\u0131 E\u011fitimi GAA-PM-003 Proje Kapsam Y\u00f6netimi E\u011fitimi GAA-PM-004 Ad\u0131m Ad\u0131m Proje Y\u00f6netimi E\u011fitimi GAA-PM-005 Maliyet Planlama ve Kontrol&#8230; <\/p>\n","protected":false},"author":10,"featured_media":5119,"parent":103,"menu_order":16,"comment_status":"closed","ping_status":"closed","template":"page-full.php","meta":{"_acf_changed":false,"om_disable_all_campaigns":false,"footnotes":""},"class_list":["post-5020","page","type-page","status-publish","has-post-thumbnail","hentry"],"acf":[],"yoast_head":"<!-- This site is optimized with the Yoast SEO plugin v27.4 - https:\/\/yoast.com\/product\/yoast-seo-wordpress\/ -->\n<title>Proje Y\u00f6netimi E\u011fitimi - Global Alliance Register<\/title>\n<meta name=\"robots\" content=\"index, follow, max-snippet:-1, max-image-preview:large, max-video-preview:-1\" \/>\n<link rel=\"canonical\" href=\"https:\/\/globalallianceregister.com\/tr\/services\/egitim\/turkce-proje-yonetimi\/\" \/>\n<meta property=\"og:locale\" content=\"tr_TR\" \/>\n<meta property=\"og:type\" content=\"article\" \/>\n<meta property=\"og:title\" content=\"Proje Y\u00f6netimi E\u011fitimi - Global Alliance Register\" \/>\n<meta property=\"og:description\" content=\"&nbsp; E\u011fitim Kodu E\u011fitim Konusu GAA-PM-001 Temel Proje Y\u00f6netimi\u00a0E\u011fitimi GAA-PM-002 Proje Y\u00f6netiminin Esaslar\u0131 E\u011fitimi GAA-PM-003 Proje Kapsam Y\u00f6netimi E\u011fitimi GAA-PM-004 Ad\u0131m Ad\u0131m Proje Y\u00f6netimi E\u011fitimi GAA-PM-005 Maliyet Planlama ve Kontrol...\" \/>\n<meta property=\"og:url\" content=\"https:\/\/globalallianceregister.com\/tr\/services\/egitim\/turkce-proje-yonetimi\/\" \/>\n<meta property=\"og:site_name\" content=\"Global Alliance Register\" \/>\n<meta property=\"article:modified_time\" content=\"2016-02-05T11:51:03+00:00\" \/>\n<meta property=\"og:image\" content=\"https:\/\/globalallianceregister.com\/wp-content\/uploads\/2010\/12\/Project-Management-Inner-Page-3.jpg\" \/>\n\t<meta property=\"og:image:width\" content=\"614\" \/>\n\t<meta property=\"og:image:height\" content=\"200\" \/>\n\t<meta property=\"og:image:type\" content=\"image\/jpeg\" \/>\n<meta name=\"twitter:label1\" content=\"Tahmini okuma s\u00fcresi\" \/>\n\t<meta name=\"twitter:data1\" content=\"1 dakika\" \/>\n<script type=\"application\/ld+json\" class=\"yoast-schema-graph\">{\"@context\":\"https:\\\/\\\/schema.org\",\"@graph\":[{\"@type\":\"WebPage\",\"@id\":\"https:\\\/\\\/globalallianceregister.com\\\/tr\\\/services\\\/egitim\\\/turkce-proje-yonetimi\\\/\",\"url\":\"https:\\\/\\\/globalallianceregister.com\\\/tr\\\/services\\\/egitim\\\/turkce-proje-yonetimi\\\/\",\"name\":\"Proje Y\u00f6netimi E\u011fitimi - Global Alliance Register\",\"isPartOf\":{\"@id\":\"https:\\\/\\\/globalallianceregister.com\\\/tr\\\/#website\"},\"primaryImageOfPage\":{\"@id\":\"https:\\\/\\\/globalallianceregister.com\\\/tr\\\/services\\\/egitim\\\/turkce-proje-yonetimi\\\/#primaryimage\"},\"image\":{\"@id\":\"https:\\\/\\\/globalallianceregister.com\\\/tr\\\/services\\\/egitim\\\/turkce-proje-yonetimi\\\/#primaryimage\"},\"thumbnailUrl\":\"https:\\\/\\\/globalallianceregister.com\\\/wp-content\\\/uploads\\\/2010\\\/12\\\/Project-Management-Inner-Page-3.jpg\",\"datePublished\":\"2015-08-05T17:25:50+00:00\",\"dateModified\":\"2016-02-05T11:51:03+00:00\",\"breadcrumb\":{\"@id\":\"https:\\\/\\\/globalallianceregister.com\\\/tr\\\/services\\\/egitim\\\/turkce-proje-yonetimi\\\/#breadcrumb\"},\"inLanguage\":\"tr\",\"potentialAction\":[{\"@type\":\"ReadAction\",\"target\":[[\"https:\\\/\\\/globalallianceregister.com\\\/tr\\\/services\\\/egitim\\\/turkce-proje-yonetimi\\\/\"]]}]},{\"@type\":\"ImageObject\",\"inLanguage\":\"tr\",\"@id\":\"https:\\\/\\\/globalallianceregister.com\\\/tr\\\/services\\\/egitim\\\/turkce-proje-yonetimi\\\/#primaryimage\",\"url\":\"https:\\\/\\\/globalallianceregister.com\\\/wp-content\\\/uploads\\\/2010\\\/12\\\/Project-Management-Inner-Page-3.jpg\",\"contentUrl\":\"https:\\\/\\\/globalallianceregister.com\\\/wp-content\\\/uploads\\\/2010\\\/12\\\/Project-Management-Inner-Page-3.jpg\",\"width\":614,\"height\":200},{\"@type\":\"BreadcrumbList\",\"@id\":\"https:\\\/\\\/globalallianceregister.com\\\/tr\\\/services\\\/egitim\\\/turkce-proje-yonetimi\\\/#breadcrumb\",\"itemListElement\":[{\"@type\":\"ListItem\",\"position\":1,\"name\":\"Anasayfa\",\"item\":\"https:\\\/\\\/globalallianceregister.com\\\/tr\\\/\"},{\"@type\":\"ListItem\",\"position\":2,\"name\":\"Proje Y\u00f6netimi E\u011fitimi\"}]},{\"@type\":\"WebSite\",\"@id\":\"https:\\\/\\\/globalallianceregister.com\\\/tr\\\/#website\",\"url\":\"https:\\\/\\\/globalallianceregister.com\\\/tr\\\/\",\"name\":\"Global Alliance Register\",\"description\":\"(EN) Together for Excellence\",\"potentialAction\":[{\"@type\":\"SearchAction\",\"target\":{\"@type\":\"EntryPoint\",\"urlTemplate\":\"https:\\\/\\\/globalallianceregister.com\\\/tr\\\/?s={search_term_string}\"},\"query-input\":{\"@type\":\"PropertyValueSpecification\",\"valueRequired\":true,\"valueName\":\"search_term_string\"}}],\"inLanguage\":\"tr\"}]}<\/script>\n<!-- \/ Yoast SEO plugin. -->","yoast_head_json":{"title":"Proje Y\u00f6netimi E\u011fitimi - Global Alliance Register","robots":{"index":"index","follow":"follow","max-snippet":"max-snippet:-1","max-image-preview":"max-image-preview:large","max-video-preview":"max-video-preview:-1"},"canonical":"https:\/\/globalallianceregister.com\/tr\/services\/egitim\/turkce-proje-yonetimi\/","og_locale":"tr_TR","og_type":"article","og_title":"Proje Y\u00f6netimi E\u011fitimi - Global Alliance Register","og_description":"&nbsp; E\u011fitim Kodu E\u011fitim Konusu GAA-PM-001 Temel Proje Y\u00f6netimi\u00a0E\u011fitimi GAA-PM-002 Proje Y\u00f6netiminin Esaslar\u0131 E\u011fitimi GAA-PM-003 Proje Kapsam Y\u00f6netimi E\u011fitimi GAA-PM-004 Ad\u0131m Ad\u0131m Proje Y\u00f6netimi E\u011fitimi GAA-PM-005 Maliyet Planlama ve Kontrol...","og_url":"https:\/\/globalallianceregister.com\/tr\/services\/egitim\/turkce-proje-yonetimi\/","og_site_name":"Global Alliance Register","article_modified_time":"2016-02-05T11:51:03+00:00","og_image":[{"width":614,"height":200,"url":"https:\/\/globalallianceregister.com\/wp-content\/uploads\/2010\/12\/Project-Management-Inner-Page-3.jpg","type":"image\/jpeg"}],"twitter_misc":{"Tahmini okuma s\u00fcresi":"1 dakika"},"schema":{"@context":"https:\/\/schema.org","@graph":[{"@type":"WebPage","@id":"https:\/\/globalallianceregister.com\/tr\/services\/egitim\/turkce-proje-yonetimi\/","url":"https:\/\/globalallianceregister.com\/tr\/services\/egitim\/turkce-proje-yonetimi\/","name":"Proje Y\u00f6netimi E\u011fitimi - Global Alliance Register","isPartOf":{"@id":"https:\/\/globalallianceregister.com\/tr\/#website"},"primaryImageOfPage":{"@id":"https:\/\/globalallianceregister.com\/tr\/services\/egitim\/turkce-proje-yonetimi\/#primaryimage"},"image":{"@id":"https:\/\/globalallianceregister.com\/tr\/services\/egitim\/turkce-proje-yonetimi\/#primaryimage"},"thumbnailUrl":"https:\/\/globalallianceregister.com\/wp-content\/uploads\/2010\/12\/Project-Management-Inner-Page-3.jpg","datePublished":"2015-08-05T17:25:50+00:00","dateModified":"2016-02-05T11:51:03+00:00","breadcrumb":{"@id":"https:\/\/globalallianceregister.com\/tr\/services\/egitim\/turkce-proje-yonetimi\/#breadcrumb"},"inLanguage":"tr","potentialAction":[{"@type":"ReadAction","target":[["https:\/\/globalallianceregister.com\/tr\/services\/egitim\/turkce-proje-yonetimi\/"]]}]},{"@type":"ImageObject","inLanguage":"tr","@id":"https:\/\/globalallianceregister.com\/tr\/services\/egitim\/turkce-proje-yonetimi\/#primaryimage","url":"https:\/\/globalallianceregister.com\/wp-content\/uploads\/2010\/12\/Project-Management-Inner-Page-3.jpg","contentUrl":"https:\/\/globalallianceregister.com\/wp-content\/uploads\/2010\/12\/Project-Management-Inner-Page-3.jpg","width":614,"height":200},{"@type":"BreadcrumbList","@id":"https:\/\/globalallianceregister.com\/tr\/services\/egitim\/turkce-proje-yonetimi\/#breadcrumb","itemListElement":[{"@type":"ListItem","position":1,"name":"Anasayfa","item":"https:\/\/globalallianceregister.com\/tr\/"},{"@type":"ListItem","position":2,"name":"Proje Y\u00f6netimi E\u011fitimi"}]},{"@type":"WebSite","@id":"https:\/\/globalallianceregister.com\/tr\/#website","url":"https:\/\/globalallianceregister.com\/tr\/","name":"Global Alliance Register","description":"(EN) Together for Excellence","potentialAction":[{"@type":"SearchAction","target":{"@type":"EntryPoint","urlTemplate":"https:\/\/globalallianceregister.com\/tr\/?s={search_term_string}"},"query-input":{"@type":"PropertyValueSpecification","valueRequired":true,"valueName":"search_term_string"}}],"inLanguage":"tr"}]}},"_links":{"self":[{"href":"https:\/\/globalallianceregister.com\/tr\/wp-json\/wp\/v2\/pages\/5020","targetHints":{"allow":["GET"]}}],"collection":[{"href":"https:\/\/globalallianceregister.com\/tr\/wp-json\/wp\/v2\/pages"}],"about":[{"href":"https:\/\/globalallianceregister.com\/tr\/wp-json\/wp\/v2\/types\/page"}],"author":[{"embeddable":true,"href":"https:\/\/globalallianceregister.com\/tr\/wp-json\/wp\/v2\/users\/10"}],"replies":[{"embeddable":true,"href":"https:\/\/globalallianceregister.com\/tr\/wp-json\/wp\/v2\/comments?post=5020"}],"version-history":[{"count":0,"href":"https:\/\/globalallianceregister.com\/tr\/wp-json\/wp\/v2\/pages\/5020\/revisions"}],"up":[{"embeddable":true,"href":"https:\/\/globalallianceregister.com\/tr\/wp-json\/wp\/v2\/pages\/103"}],"wp:featuredmedia":[{"embeddable":true,"href":"https:\/\/globalallianceregister.com\/tr\/wp-json\/wp\/v2\/media\/5119"}],"wp:attachment":[{"href":"https:\/\/globalallianceregister.com\/tr\/wp-json\/wp\/v2\/media?parent=5020"}],"curies":[{"name":"wp","href":"https:\/\/api.w.org\/{rel}","templated":true}]}}