{"id":511,"date":"2011-01-05T16:53:14","date_gmt":"2011-01-05T16:53:14","guid":{"rendered":"https:\/\/globalallianceregister.com\/?page_id=511"},"modified":"2016-02-01T18:24:41","modified_gmt":"2016-02-01T18:24:41","slug":"carbon-footprint-management","status":"publish","type":"page","link":"https:\/\/globalallianceregister.com\/tr\/services\/kyoto\/carbon-footprint-management\/","title":{"rendered":"Karbon Ayak \u0130zi \u00d6l\u00e7\u00fcm\u00fc ve Karbon Y\u00f6netimi"},"content":{"rendered":"<p><strong>Global Alliance Register<\/strong> yerel ve uluslararas\u0131 m\u00fc\u015fterilerine <strong>Karbon Ayak \u0130zi ve Y\u00f6netimi<\/strong> kapsam\u0131nda, sahip oldu\u011fu her biri konusunda deneyimli ve derin bilgi birikimine sahip uzman dan\u0131\u015fman kadrosuyla katma-de\u011ferli dan\u0131\u015fmanl\u0131k \u00e7\u00f6z\u00fcmleri sunuyor\u2026<\/p>\n<p><strong>Global Alliance Register Karbon Uzmanlar\u0131 <\/strong>t\u00fcm sekt\u00f6rlerde edinmi\u015f olduklar\u0131 deneyimlerle m\u00fc\u015fterilerinin karbon emisyonlar\u0131n\u0131 \u00f6l\u00e7me, y\u00f6netme ve emisyonlar\u0131n azalt\u0131lmas\u0131na y\u00f6nelik iyi uygulama \u00f6rnekleri ile m\u00fc\u015fterilerinin beklentilerini en \u00fcst d\u00fczeyde kar\u015f\u0131lamaktad\u0131r.<\/p>\n<p><strong>Karbon Ayak \u0130zi;<\/strong>, birim\u00a0karbondioksit\u00a0cinsinden \u00f6l\u00e7\u00fclen, \u00fcretilen sera gaz\u0131 miktar\u0131 a\u00e7\u0131s\u0131ndan insan faaliyetlerinin \u00e7evreye verdi\u011fi zarar\u0131n \u00f6l\u00e7\u00fcs\u00fcd\u00fcr ve iki temel\u00a0par\u00e7adan olu\u015fur:<\/p>\n<ul>\n<li><strong>Do\u011frudan\/ Birincil Karbon Ayak \u0130zi: <\/strong>Evsel enerji t\u00fcketimi ve ula\u015f\u0131m dahil olmak \u00fczere fosil yak\u0131tlar\u0131n\u0131n yanmas\u0131ndan ortaya \u00e7\u0131kan do\u011frudan CO<sub>2<\/sub>\u00a0emisyonlar\u0131n\u0131 kapsar.<\/li>\n<li><strong>Dolayl\u0131\/ \u0130kincil Karbon Ayak \u0130zi: <\/strong>Kullan\u0131lan \u00fcr\u00fcnlerin t\u00fcm ya\u015fam d\u00f6ng\u00fcs\u00fcnden bu \u00fcr\u00fcnlerin imalat\u0131 ve en sonunda bozulmalar\u0131yla ilgili olan dolayl\u0131 CO<sub>2<\/sub>\u00a0emisyonlar\u0131n\u0131n \u00f6l\u00e7\u00fcs\u00fcd\u00fcr.<\/li>\n<\/ul>\n<p><strong>Kyoto Protokol\u00fc <\/strong>kapsam\u0131nda de\u011ferlendirilen 6 ana sera gaz\u0131n\u0131n <strong>(CO2, CH4, N2O, PFc, HFc, SF6<\/strong>) ele al\u0131nd\u0131\u011f\u0131\u00a0 standartlar aras\u0131nda;\u00a0<strong>H\u00fck\u00fcmetler Aras\u0131\u00a0 \u0130klim\u00a0 De\u011fi\u015fikli\u011fi Paneli (IPCC) <\/strong>taraf\u0131ndan yay\u0131mlanan metodoljiler, <strong>GHG Protokol\u00fc<\/strong>, <strong>ISO 14064<\/strong>, <strong>CDP<\/strong>\u00a0ve\u00a0<strong>PAS 2050<\/strong> gelmektedir.<\/p>\n<p><strong>Karbon Ayak \u0130zi \u00d6l\u00e7\u00fcm\u00fc<\/strong> 4 a\u015famadan olu\u015fmaktad\u0131r. Bunlar ba\u015fl\u0131klar halinde<strong> i.<\/strong> amac\u0131n belirlenmesi, <strong>ii.<\/strong> \u00a0s\u0131n\u0131rlar\u0131n tespiti, <strong>iii.<\/strong> veri toplama ve emisyon fak\u00f6trlerinin uygulanmas\u0131,<strong> iv.<\/strong> sonu\u00e7lar\u0131n analizi ve raporlama<\/p>\n<p><strong>Global Alliance Register Karbon Y\u00f6netimi Metodolojisi<\/strong>\u00a0<strong>birinci\u00a0a\u015famas\u0131da;<\/strong> organizasyon modelinin, kapsam\u0131n, raporlama tiplerinin t\u00fcm payda\u015flar\u0131n tan\u0131mlanarak belirlenmesi esas\u0131na dayanmaktad\u0131r. Bu a\u015faman\u0131n tamamlanmas\u0131n\u0131 takiben; veri toplama ve karbon emisyonlar\u0131 hesaplama s\u00fcre\u00e7lerini tamamlayarak m\u00fc\u015fterilerimizin idari y\u00fck\u00fcn\u00fc hafifletmesine, daha \u00e7ok karbon emisyonu azaltma giri\u015fimlerine odaklan\u0131lmas\u0131na olanak sa\u011flan\u0131r.<\/p>\n<p>Global Alliance Register Karbon Uzmanlar\u0131 \u00f6nerilen karbon emisyonu azaltma projelerinin etkisine dair tahminleri raporlayarak belirlenmi\u015f olan zaman dilimlerinde hedeflerin neresinde olundu\u011funa dair bir i<strong>zleme ve de\u011ferlendirme s\u00fcrecini<\/strong> m\u00fc\u015fterileri ad\u0131na y\u00f6netirler.<\/p>\n<p>Bir sonraki a\u015fama ise; projenin karbon y\u00f6netim stratejisine uygun olarak GAR Karbon Uzmanlar\u0131n\u0131n s\u00fcrekli deste\u011fi ve dan\u0131\u015fmanl\u0131\u011f\u0131yla <strong>karbon ayak izi ve y\u00f6netimi projelerinin geli\u015ftirilmesi ve uygulamaya al\u0131nmas\u0131<\/strong> olacakt\u0131r.<\/p>\n<p><strong>Karbon Ayak \u0130zi \u00d6l\u00e7\u00fcm\u00fc ve Y\u00f6netimi <\/strong>kapsam\u0131nda t\u00fcm projeleriniz ve sorular\u0131n\u0131z i\u00e7in l\u00fctfen taraf\u0131m\u0131zla temas kurunuz\u2026<\/p>\n<p>&nbsp;<\/p>\n<h1>\u0130lgili Sekt\u00f6rler<\/h1>\n<table>\n<tbody>\n<tr>\n<td style=\"width: 350px; border-color: #ffffff; height: 30px; text-align: left; vertical-align: middle; background-color: #f7f7f7;\" width=\"250\">\n<ul style=\"list-style-type: square;\">\n<li><a title=\"Denizcilik Sekt\u00f6r\u00fc\" href=\"https:\/\/globalallianceregister.com\/?page_id=9&amp;lang=tr\" target=\"_blank\">DEN\u0130ZC\u0130L\u0130K<\/a><\/li>\n<\/ul>\n<\/td>\n<td style=\"width: 350px; border-color: #ffffff; height: 30px; text-align: left; vertical-align: middle; background-color: #f7f7f7;\" width=\"250\">\n<ul style=\"list-style-type: square;\">\n<li><a title=\"\u0130n\u015faat Sekt\u00f6r\u00fc\" href=\"https:\/\/globalallianceregister.com\/?page_id=11&amp;lang=tr\" target=\"_blank\">\u0130N\u015eAAT<\/a><\/li>\n<\/ul>\n<\/td>\n<td style=\"width: 350px; border-color: #ffffff; height: 30px; text-align: left; vertical-align: middle; background-color: #f7f7f7;\" width=\"251\">\n<ul style=\"list-style-type: square;\">\n<li><a title=\"Petrol &amp; Gaz Sekt\u00f6r\u00fc\" href=\"https:\/\/globalallianceregister.com\/?page_id=13&amp;lang=tr\" target=\"_blank\">PETROL &amp; GAZ<\/a><\/li>\n<\/ul>\n<\/td>\n<\/tr>\n<tr>\n<td style=\"width: 350px; border-color: #ffffff; height: 30px; text-align: left; vertical-align: middle; background-color: #f7f7f7;\" width=\"250\">\n<ul style=\"list-style-type: square;\">\n<li><a title=\"Enerji &amp; Tesisler\" href=\"https:\/\/globalallianceregister.com\/?page_id=15&amp;lang=tr\" target=\"_blank\">ENERJ\u0130 &amp; TES\u0130SLER<\/a><\/li>\n<\/ul>\n<\/td>\n<td style=\"width: 350px; border-color: #ffffff; height: 30px; text-align: left; vertical-align: middle; background-color: #f7f7f7;\" width=\"250\">\n<ul style=\"list-style-type: square;\">\n<li><a title=\"\u0130malat Sekt\u00f6r\u00fc\" href=\"https:\/\/globalallianceregister.com\/?page_id=20&amp;lang=tr\" target=\"_blank\">\u0130MALAT<\/a><\/li>\n<\/ul>\n<\/td>\n<td style=\"width: 350px; border-color: #ffffff; height: 30px; text-align: left; vertical-align: middle; background-color: #f7f7f7;\" width=\"251\">\n<ul style=\"list-style-type: square;\">\n<li><a title=\"Ula\u015ft\u0131rma &amp; Lojistik Sekt\u00f6r\u00fc\" href=\"https:\/\/globalallianceregister.com\/?page_id=22&amp;lang=tr\" target=\"_blank\">ULA\u015eTIRMA &amp; LOJ\u0130ST\u0130K<\/a><\/li>\n<\/ul>\n<\/td>\n<\/tr>\n<tr>\n<td style=\"width: 350px; border-color: #ffffff; height: 30px; text-align: left; vertical-align: middle; background-color: #f7f7f7;\" width=\"250\">\n<ul style=\"list-style-type: square;\">\n<li><a title=\"Uzay &amp; Havac\u0131l\u0131k Sekt\u00f6r\u00fc\" href=\"https:\/\/globalallianceregister.com\/?page_id=24&amp;lang=tr\" target=\"_blank\">UZAY &amp; HAVACILIK<\/a><\/li>\n<\/ul>\n<\/td>\n<td style=\"width: 350px; border-color: #ffffff; height: 30px; text-align: left; vertical-align: middle; background-color: #f7f7f7;\" width=\"250\">\n<ul style=\"list-style-type: square;\">\n<li><a title=\"Tar\u0131m &amp; G\u0131da Sekt\u00f6r\u00fc\" href=\"https:\/\/globalallianceregister.com\/?page_id=27&amp;lang=tr\" target=\"_blank\">TARIM &amp; GIDA<\/a><\/li>\n<\/ul>\n<\/td>\n<td style=\"width: 350px; border-color: #ffffff; height: 30px; text-align: left; vertical-align: middle; background-color: #f7f7f7;\" width=\"251\">\n<ul style=\"list-style-type: square;\">\n<li><a title=\"Turizm &amp; Otelcilik Sekt\u00f6r\u00fc\" href=\"https:\/\/globalallianceregister.com\/?page_id=29&amp;lang=tr\" target=\"_blank\">TUR\u0130ZM &amp; OTELC\u0130L\u0130K<\/a><\/li>\n<\/ul>\n<\/td>\n<\/tr>\n<tr>\n<td style=\"width: 350px; border-color: #ffffff; height: 30px; text-align: left; vertical-align: middle; background-color: #f7f7f7;\" width=\"250\">\n<ul style=\"list-style-type: square;\">\n<li><a title=\"Finans &amp; Bankac\u0131l\u0131k Sekt\u00f6r\u00fc\" href=\"https:\/\/globalallianceregister.com\/?page_id=38&amp;lang=tr\" target=\"_blank\">F\u0130NANS<\/a><\/li>\n<\/ul>\n<\/td>\n<td style=\"width: 350px; border-color: #ffffff; height: 30px; text-align: left; vertical-align: middle; background-color: #f7f7f7;\" width=\"250\">\n<ul style=\"list-style-type: square;\">\n<li><a title=\"Sigorta Sekt\u00f6r\u00fc\" href=\"https:\/\/globalallianceregister.com\/?page_id=40&amp;lang=tr\" target=\"_blank\">S\u0130GORTA<\/a><\/li>\n<\/ul>\n<\/td>\n<td style=\"width: 350px; border-color: #ffffff; height: 30px; text-align: left; vertical-align: middle; background-color: #f7f7f7;\" width=\"251\">\n<ul style=\"list-style-type: square;\">\n<li><a title=\"Bilgi Teknolojileri Sekt\u00f6r\u00fc\" href=\"https:\/\/globalallianceregister.com\/?page_id=52&amp;lang=tr\" target=\"_blank\">B\u0130LG\u0130 TEKNOLOJ\u0130LER\u0130<\/a><\/li>\n<\/ul>\n<\/td>\n<\/tr>\n<tr>\n<td style=\"width: 350px; border-color: #ffffff; height: 30px; text-align: left; vertical-align: middle; background-color: #f7f7f7;\" width=\"250\">\n<ul style=\"list-style-type: square;\">\n<li><a title=\"Telekom\u00fcnikasyon Sekt\u00f6r\u00fc\" href=\"https:\/\/globalallianceregister.com\/?page_id=54&amp;lang=tr\" target=\"_blank\">TELEKOM\u00dcN\u0130KASYON<\/a><\/li>\n<\/ul>\n<\/td>\n<td style=\"width: 350px; border-color: #ffffff; height: 30px; text-align: left; vertical-align: middle; background-color: #f7f7f7;\" width=\"250\">\n<ul style=\"list-style-type: square;\">\n<li><a title=\"Sa\u011fl\u0131k &amp; T\u0131p Sekt\u00f6r\u00fc\" href=\"https:\/\/globalallianceregister.com\/?page_id=56&amp;lang=tr\" target=\"_blank\">SA\u011eLIK &amp; TIP<\/a><\/li>\n<\/ul>\n<\/td>\n<td style=\"width: 350px; border-color: #ffffff; height: 30px; text-align: left; vertical-align: middle; background-color: #f7f7f7;\" width=\"251\">\u00a0<\/td>\n<\/tr>\n<\/tbody>\n<\/table>","protected":false},"excerpt":{"rendered":"<p>Global Alliance Register yerel ve uluslararas\u0131 m\u00fc\u015fterilerine Karbon Ayak \u0130zi ve Y\u00f6netimi kapsam\u0131nda, sahip oldu\u011fu her biri konusunda deneyimli ve derin bilgi birikimine sahip uzman dan\u0131\u015fman kadrosuyla katma-de\u011ferli dan\u0131\u015fmanl\u0131k \u00e7\u00f6z\u00fcmleri&#8230; <\/p>\n","protected":false},"author":10,"featured_media":5122,"parent":284,"menu_order":1,"comment_status":"closed","ping_status":"closed","template":"page-full.php","meta":{"_acf_changed":false,"om_disable_all_campaigns":false,"footnotes":""},"class_list":["post-511","page","type-page","status-publish","has-post-thumbnail","hentry"],"acf":[],"yoast_head":"<!-- This site is optimized with the Yoast SEO plugin v27.4 - https:\/\/yoast.com\/product\/yoast-seo-wordpress\/ -->\n<title>Karbon Ayak \u0130zi \u00d6l\u00e7\u00fcm\u00fc ve Karbon Y\u00f6netimi - Global Alliance Register<\/title>\n<meta name=\"robots\" content=\"index, follow, max-snippet:-1, max-image-preview:large, max-video-preview:-1\" \/>\n<link rel=\"canonical\" href=\"https:\/\/globalallianceregister.com\/tr\/services\/kyoto\/carbon-footprint-management\/\" \/>\n<meta property=\"og:locale\" content=\"tr_TR\" \/>\n<meta property=\"og:type\" content=\"article\" \/>\n<meta property=\"og:title\" content=\"Karbon Ayak \u0130zi \u00d6l\u00e7\u00fcm\u00fc ve Karbon Y\u00f6netimi - Global Alliance Register\" \/>\n<meta property=\"og:description\" content=\"Global Alliance Register yerel ve uluslararas\u0131 m\u00fc\u015fterilerine Karbon Ayak \u0130zi ve Y\u00f6netimi kapsam\u0131nda, sahip oldu\u011fu her biri konusunda deneyimli ve derin bilgi birikimine sahip uzman dan\u0131\u015fman kadrosuyla katma-de\u011ferli dan\u0131\u015fmanl\u0131k \u00e7\u00f6z\u00fcmleri...\" \/>\n<meta property=\"og:url\" content=\"https:\/\/globalallianceregister.com\/tr\/services\/kyoto\/carbon-footprint-management\/\" \/>\n<meta property=\"og:site_name\" content=\"Global Alliance Register\" \/>\n<meta property=\"article:modified_time\" content=\"2016-02-01T18:24:41+00:00\" \/>\n<meta property=\"og:image\" content=\"https:\/\/globalallianceregister.com\/wp-content\/uploads\/2010\/12\/Carbon-Energy-Management-Inner-Page.jpg\" \/>\n\t<meta property=\"og:image:width\" content=\"614\" \/>\n\t<meta property=\"og:image:height\" content=\"200\" \/>\n\t<meta property=\"og:image:type\" content=\"image\/jpeg\" \/>\n<meta name=\"twitter:label1\" content=\"Tahmini okuma s\u00fcresi\" \/>\n\t<meta name=\"twitter:data1\" content=\"3 dakika\" \/>\n<script type=\"application\/ld+json\" class=\"yoast-schema-graph\">{\"@context\":\"https:\\\/\\\/schema.org\",\"@graph\":[{\"@type\":\"WebPage\",\"@id\":\"https:\\\/\\\/globalallianceregister.com\\\/tr\\\/services\\\/kyoto\\\/carbon-footprint-management\\\/\",\"url\":\"https:\\\/\\\/globalallianceregister.com\\\/tr\\\/services\\\/kyoto\\\/carbon-footprint-management\\\/\",\"name\":\"Karbon Ayak \u0130zi \u00d6l\u00e7\u00fcm\u00fc ve Karbon Y\u00f6netimi - Global Alliance Register\",\"isPartOf\":{\"@id\":\"https:\\\/\\\/globalallianceregister.com\\\/tr\\\/#website\"},\"primaryImageOfPage\":{\"@id\":\"https:\\\/\\\/globalallianceregister.com\\\/tr\\\/services\\\/kyoto\\\/carbon-footprint-management\\\/#primaryimage\"},\"image\":{\"@id\":\"https:\\\/\\\/globalallianceregister.com\\\/tr\\\/services\\\/kyoto\\\/carbon-footprint-management\\\/#primaryimage\"},\"thumbnailUrl\":\"https:\\\/\\\/globalallianceregister.com\\\/wp-content\\\/uploads\\\/2010\\\/12\\\/Carbon-Energy-Management-Inner-Page.jpg\",\"datePublished\":\"2011-01-05T16:53:14+00:00\",\"dateModified\":\"2016-02-01T18:24:41+00:00\",\"breadcrumb\":{\"@id\":\"https:\\\/\\\/globalallianceregister.com\\\/tr\\\/services\\\/kyoto\\\/carbon-footprint-management\\\/#breadcrumb\"},\"inLanguage\":\"tr\",\"potentialAction\":[{\"@type\":\"ReadAction\",\"target\":[[\"https:\\\/\\\/globalallianceregister.com\\\/tr\\\/services\\\/kyoto\\\/carbon-footprint-management\\\/\"]]}]},{\"@type\":\"ImageObject\",\"inLanguage\":\"tr\",\"@id\":\"https:\\\/\\\/globalallianceregister.com\\\/tr\\\/services\\\/kyoto\\\/carbon-footprint-management\\\/#primaryimage\",\"url\":\"https:\\\/\\\/globalallianceregister.com\\\/wp-content\\\/uploads\\\/2010\\\/12\\\/Carbon-Energy-Management-Inner-Page.jpg\",\"contentUrl\":\"https:\\\/\\\/globalallianceregister.com\\\/wp-content\\\/uploads\\\/2010\\\/12\\\/Carbon-Energy-Management-Inner-Page.jpg\",\"width\":614,\"height\":200},{\"@type\":\"BreadcrumbList\",\"@id\":\"https:\\\/\\\/globalallianceregister.com\\\/tr\\\/services\\\/kyoto\\\/carbon-footprint-management\\\/#breadcrumb\",\"itemListElement\":[{\"@type\":\"ListItem\",\"position\":1,\"name\":\"Anasayfa\",\"item\":\"https:\\\/\\\/globalallianceregister.com\\\/tr\\\/\"},{\"@type\":\"ListItem\",\"position\":2,\"name\":\"Karbon Ayak \u0130zi \u00d6l\u00e7\u00fcm\u00fc ve Karbon Y\u00f6netimi\"}]},{\"@type\":\"WebSite\",\"@id\":\"https:\\\/\\\/globalallianceregister.com\\\/tr\\\/#website\",\"url\":\"https:\\\/\\\/globalallianceregister.com\\\/tr\\\/\",\"name\":\"Global Alliance Register\",\"description\":\"(EN) Together for Excellence\",\"potentialAction\":[{\"@type\":\"SearchAction\",\"target\":{\"@type\":\"EntryPoint\",\"urlTemplate\":\"https:\\\/\\\/globalallianceregister.com\\\/tr\\\/?s={search_term_string}\"},\"query-input\":{\"@type\":\"PropertyValueSpecification\",\"valueRequired\":true,\"valueName\":\"search_term_string\"}}],\"inLanguage\":\"tr\"}]}<\/script>\n<!-- \/ Yoast SEO plugin. -->","yoast_head_json":{"title":"Karbon Ayak \u0130zi \u00d6l\u00e7\u00fcm\u00fc ve Karbon Y\u00f6netimi - Global Alliance Register","robots":{"index":"index","follow":"follow","max-snippet":"max-snippet:-1","max-image-preview":"max-image-preview:large","max-video-preview":"max-video-preview:-1"},"canonical":"https:\/\/globalallianceregister.com\/tr\/services\/kyoto\/carbon-footprint-management\/","og_locale":"tr_TR","og_type":"article","og_title":"Karbon Ayak \u0130zi \u00d6l\u00e7\u00fcm\u00fc ve Karbon Y\u00f6netimi - Global Alliance Register","og_description":"Global Alliance Register yerel ve uluslararas\u0131 m\u00fc\u015fterilerine Karbon Ayak \u0130zi ve Y\u00f6netimi kapsam\u0131nda, sahip oldu\u011fu her biri konusunda deneyimli ve derin bilgi birikimine sahip uzman dan\u0131\u015fman kadrosuyla katma-de\u011ferli dan\u0131\u015fmanl\u0131k \u00e7\u00f6z\u00fcmleri...","og_url":"https:\/\/globalallianceregister.com\/tr\/services\/kyoto\/carbon-footprint-management\/","og_site_name":"Global Alliance Register","article_modified_time":"2016-02-01T18:24:41+00:00","og_image":[{"width":614,"height":200,"url":"https:\/\/globalallianceregister.com\/wp-content\/uploads\/2010\/12\/Carbon-Energy-Management-Inner-Page.jpg","type":"image\/jpeg"}],"twitter_misc":{"Tahmini okuma s\u00fcresi":"3 dakika"},"schema":{"@context":"https:\/\/schema.org","@graph":[{"@type":"WebPage","@id":"https:\/\/globalallianceregister.com\/tr\/services\/kyoto\/carbon-footprint-management\/","url":"https:\/\/globalallianceregister.com\/tr\/services\/kyoto\/carbon-footprint-management\/","name":"Karbon Ayak \u0130zi \u00d6l\u00e7\u00fcm\u00fc ve Karbon Y\u00f6netimi - Global Alliance Register","isPartOf":{"@id":"https:\/\/globalallianceregister.com\/tr\/#website"},"primaryImageOfPage":{"@id":"https:\/\/globalallianceregister.com\/tr\/services\/kyoto\/carbon-footprint-management\/#primaryimage"},"image":{"@id":"https:\/\/globalallianceregister.com\/tr\/services\/kyoto\/carbon-footprint-management\/#primaryimage"},"thumbnailUrl":"https:\/\/globalallianceregister.com\/wp-content\/uploads\/2010\/12\/Carbon-Energy-Management-Inner-Page.jpg","datePublished":"2011-01-05T16:53:14+00:00","dateModified":"2016-02-01T18:24:41+00:00","breadcrumb":{"@id":"https:\/\/globalallianceregister.com\/tr\/services\/kyoto\/carbon-footprint-management\/#breadcrumb"},"inLanguage":"tr","potentialAction":[{"@type":"ReadAction","target":[["https:\/\/globalallianceregister.com\/tr\/services\/kyoto\/carbon-footprint-management\/"]]}]},{"@type":"ImageObject","inLanguage":"tr","@id":"https:\/\/globalallianceregister.com\/tr\/services\/kyoto\/carbon-footprint-management\/#primaryimage","url":"https:\/\/globalallianceregister.com\/wp-content\/uploads\/2010\/12\/Carbon-Energy-Management-Inner-Page.jpg","contentUrl":"https:\/\/globalallianceregister.com\/wp-content\/uploads\/2010\/12\/Carbon-Energy-Management-Inner-Page.jpg","width":614,"height":200},{"@type":"BreadcrumbList","@id":"https:\/\/globalallianceregister.com\/tr\/services\/kyoto\/carbon-footprint-management\/#breadcrumb","itemListElement":[{"@type":"ListItem","position":1,"name":"Anasayfa","item":"https:\/\/globalallianceregister.com\/tr\/"},{"@type":"ListItem","position":2,"name":"Karbon Ayak \u0130zi \u00d6l\u00e7\u00fcm\u00fc ve Karbon Y\u00f6netimi"}]},{"@type":"WebSite","@id":"https:\/\/globalallianceregister.com\/tr\/#website","url":"https:\/\/globalallianceregister.com\/tr\/","name":"Global Alliance Register","description":"(EN) Together for Excellence","potentialAction":[{"@type":"SearchAction","target":{"@type":"EntryPoint","urlTemplate":"https:\/\/globalallianceregister.com\/tr\/?s={search_term_string}"},"query-input":{"@type":"PropertyValueSpecification","valueRequired":true,"valueName":"search_term_string"}}],"inLanguage":"tr"}]}},"_links":{"self":[{"href":"https:\/\/globalallianceregister.com\/tr\/wp-json\/wp\/v2\/pages\/511","targetHints":{"allow":["GET"]}}],"collection":[{"href":"https:\/\/globalallianceregister.com\/tr\/wp-json\/wp\/v2\/pages"}],"about":[{"href":"https:\/\/globalallianceregister.com\/tr\/wp-json\/wp\/v2\/types\/page"}],"author":[{"embeddable":true,"href":"https:\/\/globalallianceregister.com\/tr\/wp-json\/wp\/v2\/users\/10"}],"replies":[{"embeddable":true,"href":"https:\/\/globalallianceregister.com\/tr\/wp-json\/wp\/v2\/comments?post=511"}],"version-history":[{"count":0,"href":"https:\/\/globalallianceregister.com\/tr\/wp-json\/wp\/v2\/pages\/511\/revisions"}],"up":[{"embeddable":true,"href":"https:\/\/globalallianceregister.com\/tr\/wp-json\/wp\/v2\/pages\/284"}],"wp:featuredmedia":[{"embeddable":true,"href":"https:\/\/globalallianceregister.com\/tr\/wp-json\/wp\/v2\/media\/5122"}],"wp:attachment":[{"href":"https:\/\/globalallianceregister.com\/tr\/wp-json\/wp\/v2\/media?parent=511"}],"curies":[{"name":"wp","href":"https:\/\/api.w.org\/{rel}","templated":true}]}}