{"id":513,"date":"2011-01-05T17:03:39","date_gmt":"2011-01-05T17:03:39","guid":{"rendered":"https:\/\/globalallianceregister.com\/?page_id=513"},"modified":"2016-01-08T10:37:32","modified_gmt":"2016-01-08T10:37:32","slug":"energy-management","status":"publish","type":"page","link":"https:\/\/globalallianceregister.com\/tr\/services\/kyoto\/energy-management\/","title":{"rendered":"Enerji Y\u00f6netimi"},"content":{"rendered":"<p><strong>S\u00fcrd\u00fcr\u00fclebilirlik Hizmetleri<\/strong> kapsam\u0131nda, <strong>Global Alliance Register &#8220;Enerji Y\u00f6netimi Dan\u0131\u015fmanl\u0131k Hizmetleri&#8221;\u00a0<\/strong>sunarak; m\u00fc\u015fterilerinin sahip oldu\u011fu end\u00fcstriyel tesislerin ve organizasyonlar\u0131n sat\u0131n alma ve kullan\u0131m bi\u00e7imleri d\u00e2hil t\u00fcm boyutlar\u0131 dikkate alarak, s\u00fcre\u00e7leri daha etkin ve verimli bir \u015fekilde y\u00f6netmelerini sa\u011fl\u0131yor.<\/p>\n<p><strong>Global Alliance Register;<\/strong> enerji verimlili\u011fini art\u0131rma, maliyetleri d\u00fc\u015f\u00fcrme ve \u00e7evresel performans\u0131 art\u0131r\u0131c\u0131 teknik ve y\u00f6netim stratejileriyle organizasyonlar\u0131n y\u00f6netilebilmesi i\u00e7in <strong>enerji y\u00f6netimi dan\u0131\u015fmanl\u0131k hizmetleri<\/strong> sunmaktad\u0131r.<\/p>\n<p>Ulusal boyutta t\u00fcm ekonomik sekt\u00f6rleri kapsayan bir arenada <strong>GAR Uzman Enerji Y\u00f6netimi Dan\u0131\u015fmanlar\u0131 <\/strong>m\u00fc\u015fterilerinin enerji taleplerini etkin enerji y\u00f6netim sistemi uygulamalar\u0131yla y\u00f6netmelerini sa\u011flamaktad\u0131r.<\/p>\n<p><strong>Global Alliance Register<\/strong> <strong>\u201cEnerji Y\u00f6netimi Dan\u0131\u015fmanl\u0131k Hizmetleri\u201d<\/strong> arac\u0131l\u0131\u011f\u0131yla; \u015firketlere, tedarik zinciri ortakl\u0131klar\u0131na, tesislere, enerji sekt\u00f6r\u00fc hizmet \u015firketlerine ve di\u011fer ilgili taraflar i\u00e7in ba\u015far\u0131lar\u0131n\u0131 k\u0131yaslamak ve kendi tesislerindeki karbon emisyonlar\u0131n\u0131 ile enerji kullan\u0131m yo\u011funluklar\u0131n\u0131 azaltmalar\u0131n\u0131 sa\u011flayacak ara\u00e7lar sunar.<\/p>\n<p><strong>Global Alliance Register Enerji Y\u00f6netimi Hizmetleri <\/strong>ile m\u00fc\u015fterilerimizin sa\u011flam\u0131\u015f oldu\u011fu temel faydalardan baz\u0131lar\u0131 \u015fu \u015fekilde \u00f6zetlenebilir:<\/p>\n<ul>\n<li>Mevcut enerji t\u00fcketim varl\u0131klar\u0131n\u0131n daha etkin kullan\u0131m\u0131nda m\u00fc\u015fterilerimize k\u0131lavuzluk edilmesi,<\/li>\n<li>Katma de\u011ferli destek programlar\u0131n\u0131n sunulmas\u0131 ile k\u0131yaslama, \u00f6l\u00e7\u00fcm, dok\u00fcmantasyon, enerji kullan\u0131m yo\u011funluklar\u0131nda geli\u015fimin raporlanmas\u0131 ve sera gaz\u0131 emisyonlar\u0131n\u0131n azalt\u0131lmas\u0131nda \u00f6ng\u00f6r\u00fclen etkilerin raporlanmas\u0131,<\/li>\n<li>Enerji kaynaklar\u0131n\u0131n y\u00f6netiminde daha kolay ileti\u015fim ve sadelik sa\u011flan\u0131r,<\/li>\n<li>Enerji y\u00f6netimi \u00f6rnek uygulamalar\u0131n\u0131n cesaretlendirilmesi ve iyi enerji y\u00f6netimi davran\u0131\u015flar\u0131n\u0131n cesaretlendirilmesi,<\/li>\n<li>Yeni enerji verimli teknolojilerin uygulamas\u0131n\u0131n de\u011ferlendirilmesi ve \u00f6nceliklendirilmesinde tesislere uzman dan\u0131\u015fmanl\u0131k hizmetleri sunulmas\u0131,<\/li>\n<li>Enerji verimli programlar\u0131n t\u00fcm tedarik zincirine yay\u0131lmas\u0131nda do\u011fru yap\u0131land\u0131r\u0131lm\u0131\u015f bir sistem geli\u015ftirilmesi,<\/li>\n<li>Sera gaz\u0131 emisyonlar\u0131n\u0131n azalt\u0131lmas\u0131 projelerinin enerji y\u00f6netimi iyile\u015ftirmesi s\u00fcrecini kolayla\u015ft\u0131rmas\u0131,<\/li>\n<\/ul>\n<p>&nbsp;<\/p>\n<p><strong>Enerji Y\u00f6netimi Dan\u0131\u015fmanl\u0131k Hizmetleri<\/strong> hakk\u0131nda ve bu \u00e7er\u00e7evede geli\u015ftirmeyi d\u00fc\u015f\u00fcnd\u00fc\u011f\u00fcn\u00fcz t\u00fcm projeler i\u00e7in l\u00fctfen taraf\u0131m\u0131zla temas kurunuz\u2026<\/p>\n<p>&nbsp;<\/p>\n<h1>\u0130lgili Sekt\u00f6rler<\/h1>\n<table>\n<tbody>\n<tr>\n<td style=\"width: 350px; border-color: #ffffff; height: 30px; text-align: left; vertical-align: middle; background-color: #f7f7f7;\" width=\"250\">\n<ul style=\"list-style-type: square;\">\n<li><a title=\"Denizcilik Sekt\u00f6r\u00fc\" href=\"https:\/\/globalallianceregister.com\/?page_id=9&amp;lang=tr\" target=\"_blank\">DEN\u0130ZC\u0130L\u0130K<\/a><\/li>\n<\/ul>\n<\/td>\n<td style=\"width: 350px; border-color: #ffffff; height: 30px; text-align: left; vertical-align: middle; background-color: #f7f7f7;\" width=\"250\">\n<ul style=\"list-style-type: square;\">\n<li><a title=\"\u0130n\u015faat Sekt\u00f6r\u00fc\" href=\"https:\/\/globalallianceregister.com\/?page_id=11&amp;lang=tr\" target=\"_blank\">\u0130N\u015eAAT<\/a><\/li>\n<\/ul>\n<\/td>\n<td style=\"width: 350px; border-color: #ffffff; height: 30px; text-align: left; vertical-align: middle; background-color: #f7f7f7;\" width=\"251\">\n<ul style=\"list-style-type: square;\">\n<li><a title=\"Petrol &amp; Gaz Sekt\u00f6r\u00fc\" href=\"https:\/\/globalallianceregister.com\/?page_id=13&amp;lang=tr\" target=\"_blank\">PETROL &amp; GAZ<\/a><\/li>\n<\/ul>\n<\/td>\n<\/tr>\n<tr>\n<td style=\"width: 350px; border-color: #ffffff; height: 30px; text-align: left; vertical-align: middle; background-color: #f7f7f7;\" width=\"250\">\n<ul style=\"list-style-type: square;\">\n<li><a title=\"Enerji &amp; Tesisler\" href=\"https:\/\/globalallianceregister.com\/?page_id=15&amp;lang=tr\" target=\"_blank\">ENERJ\u0130 &amp; TES\u0130SLER<\/a><\/li>\n<\/ul>\n<\/td>\n<td style=\"width: 350px; border-color: #ffffff; height: 30px; text-align: left; vertical-align: middle; background-color: #f7f7f7;\" width=\"250\">\n<ul style=\"list-style-type: square;\">\n<li><a title=\"\u0130malat Sekt\u00f6r\u00fc\" href=\"https:\/\/globalallianceregister.com\/?page_id=20&amp;lang=tr\" target=\"_blank\">\u0130MALAT<\/a><\/li>\n<\/ul>\n<\/td>\n<td style=\"width: 350px; border-color: #ffffff; height: 30px; text-align: left; vertical-align: middle; background-color: #f7f7f7;\" width=\"251\">\n<ul style=\"list-style-type: square;\">\n<li><a title=\"Ula\u015ft\u0131rma &amp; Lojistik Sekt\u00f6r\u00fc\" href=\"https:\/\/globalallianceregister.com\/?page_id=22&amp;lang=tr\" target=\"_blank\">ULA\u015eTIRMA &amp; LOJ\u0130ST\u0130K<\/a><\/li>\n<\/ul>\n<\/td>\n<\/tr>\n<tr>\n<td style=\"width: 350px; border-color: #ffffff; height: 30px; text-align: left; vertical-align: middle; background-color: #f7f7f7;\" width=\"250\">\n<ul style=\"list-style-type: square;\">\n<li><a title=\"Uzay &amp; Havac\u0131l\u0131k Sekt\u00f6r\u00fc\" href=\"https:\/\/globalallianceregister.com\/?page_id=24&amp;lang=tr\" target=\"_blank\">UZAY &amp; HAVACILIK<\/a><\/li>\n<\/ul>\n<\/td>\n<td style=\"width: 350px; border-color: #ffffff; height: 30px; text-align: left; vertical-align: middle; background-color: #f7f7f7;\" width=\"250\">\n<ul style=\"list-style-type: square;\">\n<li><a title=\"Tar\u0131m &amp; G\u0131da Sekt\u00f6r\u00fc\" href=\"https:\/\/globalallianceregister.com\/?page_id=27&amp;lang=tr\" target=\"_blank\">TARIM &amp; GIDA<\/a><\/li>\n<\/ul>\n<\/td>\n<td style=\"width: 350px; border-color: #ffffff; height: 30px; text-align: left; vertical-align: middle; background-color: #f7f7f7;\" width=\"251\">\n<ul style=\"list-style-type: square;\">\n<li><a title=\"Turizm &amp; Otelcilik Sekt\u00f6r\u00fc\" href=\"https:\/\/globalallianceregister.com\/?page_id=29&amp;lang=tr\" target=\"_blank\">TUR\u0130ZM &amp; OTELC\u0130L\u0130K<\/a><\/li>\n<\/ul>\n<\/td>\n<\/tr>\n<tr>\n<td style=\"width: 350px; border-color: #ffffff; height: 30px; text-align: left; vertical-align: middle; background-color: #f7f7f7;\" width=\"250\">\n<ul style=\"list-style-type: square;\">\n<li><a title=\"Finans &amp; Bankac\u0131l\u0131k Sekt\u00f6r\u00fc\" href=\"https:\/\/globalallianceregister.com\/?page_id=38&amp;lang=tr\" target=\"_blank\">F\u0130NANS<\/a><\/li>\n<\/ul>\n<\/td>\n<td style=\"width: 350px; border-color: #ffffff; height: 30px; text-align: left; vertical-align: middle; background-color: #f7f7f7;\" width=\"250\">\n<ul style=\"list-style-type: square;\">\n<li><a title=\"Sigorta Sekt\u00f6r\u00fc\" href=\"https:\/\/globalallianceregister.com\/?page_id=40&amp;lang=tr\" target=\"_blank\">S\u0130GORTA<\/a><\/li>\n<\/ul>\n<\/td>\n<td style=\"width: 350px; border-color: #ffffff; height: 30px; text-align: left; vertical-align: middle; background-color: #f7f7f7;\" width=\"251\">\n<ul style=\"list-style-type: square;\">\n<li><a title=\"Bilgi Teknolojileri Sekt\u00f6r\u00fc\" href=\"https:\/\/globalallianceregister.com\/?page_id=52&amp;lang=tr\" target=\"_blank\">B\u0130LG\u0130 TEKNOLOJ\u0130LER\u0130<\/a><\/li>\n<\/ul>\n<\/td>\n<\/tr>\n<tr>\n<td style=\"width: 350px; border-color: #ffffff; height: 30px; text-align: left; vertical-align: middle; background-color: #f7f7f7;\" width=\"250\">\n<ul style=\"list-style-type: square;\">\n<li><a title=\"Telekom\u00fcnikasyon Sekt\u00f6r\u00fc\" href=\"https:\/\/globalallianceregister.com\/?page_id=54&amp;lang=tr\" target=\"_blank\">TELEKOM\u00dcN\u0130KASYON<\/a><\/li>\n<\/ul>\n<\/td>\n<td style=\"width: 350px; border-color: #ffffff; height: 30px; text-align: left; vertical-align: middle; background-color: #f7f7f7;\" width=\"250\">\n<ul style=\"list-style-type: square;\">\n<li><a title=\"Sa\u011fl\u0131k &amp; T\u0131p Sekt\u00f6r\u00fc\" href=\"https:\/\/globalallianceregister.com\/?page_id=56&amp;lang=tr\" target=\"_blank\">SA\u011eLIK &amp; TIP<\/a><\/li>\n<\/ul>\n<\/td>\n<td style=\"width: 350px; border-color: #ffffff; height: 30px; text-align: left; vertical-align: middle; background-color: #f7f7f7;\" width=\"251\">\u00a0<\/td>\n<\/tr>\n<\/tbody>\n<\/table>","protected":false},"excerpt":{"rendered":"<p>S\u00fcrd\u00fcr\u00fclebilirlik Hizmetleri kapsam\u0131nda, Global Alliance Register &#8220;Enerji Y\u00f6netimi Dan\u0131\u015fmanl\u0131k Hizmetleri&#8221;\u00a0sunarak; m\u00fc\u015fterilerinin sahip oldu\u011fu end\u00fcstriyel tesislerin ve organizasyonlar\u0131n sat\u0131n alma ve kullan\u0131m bi\u00e7imleri d\u00e2hil t\u00fcm boyutlar\u0131 dikkate alarak, s\u00fcre\u00e7leri daha etkin&#8230; <\/p>\n","protected":false},"author":10,"featured_media":5122,"parent":284,"menu_order":2,"comment_status":"closed","ping_status":"closed","template":"page-full.php","meta":{"_acf_changed":false,"om_disable_all_campaigns":false,"footnotes":""},"class_list":["post-513","page","type-page","status-publish","has-post-thumbnail","hentry"],"acf":[],"yoast_head":"<!-- This site is optimized with the Yoast SEO plugin v27.4 - https:\/\/yoast.com\/product\/yoast-seo-wordpress\/ -->\n<title>Enerji Y\u00f6netimi - Global Alliance Register<\/title>\n<meta name=\"robots\" content=\"index, follow, max-snippet:-1, max-image-preview:large, max-video-preview:-1\" \/>\n<link rel=\"canonical\" href=\"https:\/\/globalallianceregister.com\/tr\/services\/kyoto\/energy-management\/\" \/>\n<meta property=\"og:locale\" content=\"tr_TR\" \/>\n<meta property=\"og:type\" content=\"article\" \/>\n<meta property=\"og:title\" content=\"Enerji Y\u00f6netimi - Global Alliance Register\" \/>\n<meta property=\"og:description\" content=\"S\u00fcrd\u00fcr\u00fclebilirlik Hizmetleri kapsam\u0131nda, Global Alliance Register &#8220;Enerji Y\u00f6netimi Dan\u0131\u015fmanl\u0131k Hizmetleri&#8221;\u00a0sunarak; m\u00fc\u015fterilerinin sahip oldu\u011fu end\u00fcstriyel tesislerin ve organizasyonlar\u0131n sat\u0131n alma ve kullan\u0131m bi\u00e7imleri d\u00e2hil t\u00fcm boyutlar\u0131 dikkate alarak, s\u00fcre\u00e7leri daha etkin...\" \/>\n<meta property=\"og:url\" content=\"https:\/\/globalallianceregister.com\/tr\/services\/kyoto\/energy-management\/\" \/>\n<meta property=\"og:site_name\" content=\"Global Alliance Register\" \/>\n<meta property=\"article:modified_time\" content=\"2016-01-08T10:37:32+00:00\" \/>\n<meta property=\"og:image\" content=\"https:\/\/globalallianceregister.com\/wp-content\/uploads\/2010\/12\/Carbon-Energy-Management-Inner-Page.jpg\" \/>\n\t<meta property=\"og:image:width\" content=\"614\" \/>\n\t<meta property=\"og:image:height\" content=\"200\" \/>\n\t<meta property=\"og:image:type\" content=\"image\/jpeg\" \/>\n<meta name=\"twitter:label1\" content=\"Tahmini okuma s\u00fcresi\" \/>\n\t<meta name=\"twitter:data1\" content=\"3 dakika\" \/>\n<script type=\"application\/ld+json\" class=\"yoast-schema-graph\">{\"@context\":\"https:\\\/\\\/schema.org\",\"@graph\":[{\"@type\":\"WebPage\",\"@id\":\"https:\\\/\\\/globalallianceregister.com\\\/tr\\\/services\\\/kyoto\\\/energy-management\\\/\",\"url\":\"https:\\\/\\\/globalallianceregister.com\\\/tr\\\/services\\\/kyoto\\\/energy-management\\\/\",\"name\":\"Enerji Y\u00f6netimi - Global Alliance Register\",\"isPartOf\":{\"@id\":\"https:\\\/\\\/globalallianceregister.com\\\/tr\\\/#website\"},\"primaryImageOfPage\":{\"@id\":\"https:\\\/\\\/globalallianceregister.com\\\/tr\\\/services\\\/kyoto\\\/energy-management\\\/#primaryimage\"},\"image\":{\"@id\":\"https:\\\/\\\/globalallianceregister.com\\\/tr\\\/services\\\/kyoto\\\/energy-management\\\/#primaryimage\"},\"thumbnailUrl\":\"https:\\\/\\\/globalallianceregister.com\\\/wp-content\\\/uploads\\\/2010\\\/12\\\/Carbon-Energy-Management-Inner-Page.jpg\",\"datePublished\":\"2011-01-05T17:03:39+00:00\",\"dateModified\":\"2016-01-08T10:37:32+00:00\",\"breadcrumb\":{\"@id\":\"https:\\\/\\\/globalallianceregister.com\\\/tr\\\/services\\\/kyoto\\\/energy-management\\\/#breadcrumb\"},\"inLanguage\":\"tr\",\"potentialAction\":[{\"@type\":\"ReadAction\",\"target\":[[\"https:\\\/\\\/globalallianceregister.com\\\/tr\\\/services\\\/kyoto\\\/energy-management\\\/\"]]}]},{\"@type\":\"ImageObject\",\"inLanguage\":\"tr\",\"@id\":\"https:\\\/\\\/globalallianceregister.com\\\/tr\\\/services\\\/kyoto\\\/energy-management\\\/#primaryimage\",\"url\":\"https:\\\/\\\/globalallianceregister.com\\\/wp-content\\\/uploads\\\/2010\\\/12\\\/Carbon-Energy-Management-Inner-Page.jpg\",\"contentUrl\":\"https:\\\/\\\/globalallianceregister.com\\\/wp-content\\\/uploads\\\/2010\\\/12\\\/Carbon-Energy-Management-Inner-Page.jpg\",\"width\":614,\"height\":200},{\"@type\":\"BreadcrumbList\",\"@id\":\"https:\\\/\\\/globalallianceregister.com\\\/tr\\\/services\\\/kyoto\\\/energy-management\\\/#breadcrumb\",\"itemListElement\":[{\"@type\":\"ListItem\",\"position\":1,\"name\":\"Anasayfa\",\"item\":\"https:\\\/\\\/globalallianceregister.com\\\/tr\\\/\"},{\"@type\":\"ListItem\",\"position\":2,\"name\":\"Enerji Y\u00f6netimi\"}]},{\"@type\":\"WebSite\",\"@id\":\"https:\\\/\\\/globalallianceregister.com\\\/tr\\\/#website\",\"url\":\"https:\\\/\\\/globalallianceregister.com\\\/tr\\\/\",\"name\":\"Global Alliance Register\",\"description\":\"(EN) Together for Excellence\",\"potentialAction\":[{\"@type\":\"SearchAction\",\"target\":{\"@type\":\"EntryPoint\",\"urlTemplate\":\"https:\\\/\\\/globalallianceregister.com\\\/tr\\\/?s={search_term_string}\"},\"query-input\":{\"@type\":\"PropertyValueSpecification\",\"valueRequired\":true,\"valueName\":\"search_term_string\"}}],\"inLanguage\":\"tr\"}]}<\/script>\n<!-- \/ Yoast SEO plugin. -->","yoast_head_json":{"title":"Enerji Y\u00f6netimi - Global Alliance Register","robots":{"index":"index","follow":"follow","max-snippet":"max-snippet:-1","max-image-preview":"max-image-preview:large","max-video-preview":"max-video-preview:-1"},"canonical":"https:\/\/globalallianceregister.com\/tr\/services\/kyoto\/energy-management\/","og_locale":"tr_TR","og_type":"article","og_title":"Enerji Y\u00f6netimi - Global Alliance Register","og_description":"S\u00fcrd\u00fcr\u00fclebilirlik Hizmetleri kapsam\u0131nda, Global Alliance Register &#8220;Enerji Y\u00f6netimi Dan\u0131\u015fmanl\u0131k Hizmetleri&#8221;\u00a0sunarak; m\u00fc\u015fterilerinin sahip oldu\u011fu end\u00fcstriyel tesislerin ve organizasyonlar\u0131n sat\u0131n alma ve kullan\u0131m bi\u00e7imleri d\u00e2hil t\u00fcm boyutlar\u0131 dikkate alarak, s\u00fcre\u00e7leri daha etkin...","og_url":"https:\/\/globalallianceregister.com\/tr\/services\/kyoto\/energy-management\/","og_site_name":"Global Alliance Register","article_modified_time":"2016-01-08T10:37:32+00:00","og_image":[{"width":614,"height":200,"url":"https:\/\/globalallianceregister.com\/wp-content\/uploads\/2010\/12\/Carbon-Energy-Management-Inner-Page.jpg","type":"image\/jpeg"}],"twitter_misc":{"Tahmini okuma s\u00fcresi":"3 dakika"},"schema":{"@context":"https:\/\/schema.org","@graph":[{"@type":"WebPage","@id":"https:\/\/globalallianceregister.com\/tr\/services\/kyoto\/energy-management\/","url":"https:\/\/globalallianceregister.com\/tr\/services\/kyoto\/energy-management\/","name":"Enerji Y\u00f6netimi - Global Alliance Register","isPartOf":{"@id":"https:\/\/globalallianceregister.com\/tr\/#website"},"primaryImageOfPage":{"@id":"https:\/\/globalallianceregister.com\/tr\/services\/kyoto\/energy-management\/#primaryimage"},"image":{"@id":"https:\/\/globalallianceregister.com\/tr\/services\/kyoto\/energy-management\/#primaryimage"},"thumbnailUrl":"https:\/\/globalallianceregister.com\/wp-content\/uploads\/2010\/12\/Carbon-Energy-Management-Inner-Page.jpg","datePublished":"2011-01-05T17:03:39+00:00","dateModified":"2016-01-08T10:37:32+00:00","breadcrumb":{"@id":"https:\/\/globalallianceregister.com\/tr\/services\/kyoto\/energy-management\/#breadcrumb"},"inLanguage":"tr","potentialAction":[{"@type":"ReadAction","target":[["https:\/\/globalallianceregister.com\/tr\/services\/kyoto\/energy-management\/"]]}]},{"@type":"ImageObject","inLanguage":"tr","@id":"https:\/\/globalallianceregister.com\/tr\/services\/kyoto\/energy-management\/#primaryimage","url":"https:\/\/globalallianceregister.com\/wp-content\/uploads\/2010\/12\/Carbon-Energy-Management-Inner-Page.jpg","contentUrl":"https:\/\/globalallianceregister.com\/wp-content\/uploads\/2010\/12\/Carbon-Energy-Management-Inner-Page.jpg","width":614,"height":200},{"@type":"BreadcrumbList","@id":"https:\/\/globalallianceregister.com\/tr\/services\/kyoto\/energy-management\/#breadcrumb","itemListElement":[{"@type":"ListItem","position":1,"name":"Anasayfa","item":"https:\/\/globalallianceregister.com\/tr\/"},{"@type":"ListItem","position":2,"name":"Enerji Y\u00f6netimi"}]},{"@type":"WebSite","@id":"https:\/\/globalallianceregister.com\/tr\/#website","url":"https:\/\/globalallianceregister.com\/tr\/","name":"Global Alliance Register","description":"(EN) Together for Excellence","potentialAction":[{"@type":"SearchAction","target":{"@type":"EntryPoint","urlTemplate":"https:\/\/globalallianceregister.com\/tr\/?s={search_term_string}"},"query-input":{"@type":"PropertyValueSpecification","valueRequired":true,"valueName":"search_term_string"}}],"inLanguage":"tr"}]}},"_links":{"self":[{"href":"https:\/\/globalallianceregister.com\/tr\/wp-json\/wp\/v2\/pages\/513","targetHints":{"allow":["GET"]}}],"collection":[{"href":"https:\/\/globalallianceregister.com\/tr\/wp-json\/wp\/v2\/pages"}],"about":[{"href":"https:\/\/globalallianceregister.com\/tr\/wp-json\/wp\/v2\/types\/page"}],"author":[{"embeddable":true,"href":"https:\/\/globalallianceregister.com\/tr\/wp-json\/wp\/v2\/users\/10"}],"replies":[{"embeddable":true,"href":"https:\/\/globalallianceregister.com\/tr\/wp-json\/wp\/v2\/comments?post=513"}],"version-history":[{"count":0,"href":"https:\/\/globalallianceregister.com\/tr\/wp-json\/wp\/v2\/pages\/513\/revisions"}],"up":[{"embeddable":true,"href":"https:\/\/globalallianceregister.com\/tr\/wp-json\/wp\/v2\/pages\/284"}],"wp:featuredmedia":[{"embeddable":true,"href":"https:\/\/globalallianceregister.com\/tr\/wp-json\/wp\/v2\/media\/5122"}],"wp:attachment":[{"href":"https:\/\/globalallianceregister.com\/tr\/wp-json\/wp\/v2\/media?parent=513"}],"curies":[{"name":"wp","href":"https:\/\/api.w.org\/{rel}","templated":true}]}}