{"id":515,"date":"2011-01-05T17:04:32","date_gmt":"2011-01-05T17:04:32","guid":{"rendered":"https:\/\/globalallianceregister.com\/?page_id=515"},"modified":"2016-01-08T11:23:16","modified_gmt":"2016-01-08T11:23:16","slug":"carbon-project-development","status":"publish","type":"page","link":"https:\/\/globalallianceregister.com\/tr\/services\/kyoto\/carbon-project-development\/","title":{"rendered":"Karbon Projesi Geli\u015ftirme"},"content":{"rendered":"<p><strong>Global Alliance Register<\/strong> uluslararas\u0131 bir dan\u0131\u015fmanl\u0131k \u015firketi olarak m\u00fc\u015fterilerine ve t\u00fcm payda\u015flara g\u00fcvenilir ve zaman\u0131nda s\u00fcrd\u00fcr\u00fclebilirlik merkezli \u00e7\u00f6z\u00fcmler sunmaya adanm\u0131\u015f konusunda lider bir organizasyondur.<\/p>\n<p><strong>Karbon Projeleri<\/strong> \u00f6zellikle <strong>2005<\/strong>\u2019de <strong>Kyoto Protokol\u00fc Birinci Faz<\/strong> kapsam\u0131nda emisyon ticaretinin geli\u015fiyle artan bir \u00f6neme sahip oldu. Global Alliance Register Kyoto Protokol\u00fc \u00e7er\u00e7evesinde d\u00fc\u015f\u00fck ekonomik maliyetlerle belirlenen hedeflere ula\u015fan ba\u015far\u0131l\u0131 projelerin geli\u015ftirilmesine \u00f6nemli katk\u0131lar sa\u011flamaktad\u0131r.<\/p>\n<p>Global Alliance Register Uzman Dan\u0131\u015fman kadrosu ile a\u015fa\u011f\u0131da belirtilmi\u015f olan mekanizma ve standartlarda m\u00fc\u015fterilerine dan\u0131\u015fmanl\u0131k Hizmetleri sunmaktad\u0131r:<\/p>\n<ul>\n<li><strong>Temiz Kalk\u0131nma Mekanizmas\u0131 (CDM \u2013 Clean Development Mechanisim)<\/strong><\/li>\n<li><strong>Ortak Uygulama (JI &#8211; Joint Implementation)<\/strong><\/li>\n<li><strong>G\u00f6n\u00fcll\u00fc Karbon Standartlar\u0131 (VCS &#8211; Voluntary Carbon Standards)<\/strong><\/li>\n<li><strong>Alt\u0131n Standartlar (GS &#8211; Gold Standards)<\/strong><\/li>\n<\/ul>\n<p>Global Alliance Register proje ya\u015fam d\u00f6ng\u00fcs\u00fc i\u00e7inde; <strong>proje geli\u015ftirme, yap\u0131land\u0131rma <\/strong>ve <strong>proje kayd\u0131 <\/strong>a\u015famas\u0131nda referans standartlara uygun olarak proje sahibi organizasyonlara katma de\u011ferli dan\u0131\u015fmanl\u0131k hizmetleri sunmaktad\u0131r.<\/p>\n<p>Global Alliance Register Karbon Projesi Geli\u015ftirme Dan\u0131\u015fmanl\u0131k Hizmetleri \u00f6n de\u011ferlendirme ve fizibilite \u00e7al\u0131\u015fmalar\u0131ndan t\u00fcm proje dok\u00fcmantasyonun olu\u015fturulmas\u0131 ve onay a\u015famas\u0131na kadar ge\u00e7en t\u00fcm s\u00fcre\u00e7lerde k\u0131lavuzluk edilmesini kapsar.<\/p>\n<p><strong>Karbon Projesi Geli\u015ftirilmesi Dan\u0131\u015fmal\u0131k Hizmetleri<\/strong> kapsam\u0131 ile ilgili k\u0131sa bir \u00f6zet a\u015fa\u011f\u0131da sunulmaktad\u0131r:<\/p>\n<ul>\n<li><strong>Karbon Ticareti ve pazarlar\u0131 hakk\u0131nda e\u011fitim ve dan\u0131\u015fmanl\u0131k Hizmetleri,<\/strong><\/li>\n<li><strong>Proje Uygunluk De\u011ferlendirmesi,<\/strong><\/li>\n<li><strong>Uygun projeler i\u00e7in tam fizibilite \u00e7al\u0131\u015fmas\u0131n\u0131n haz\u0131rlanmas\u0131 ve sunumu,<\/strong><\/li>\n<li><strong>Proje Tasar\u0131m Dok\u00fcmantasyonu (PDD &#8211; Project Design Documentation) Haz\u0131rlanmas\u0131,<\/strong><\/li>\n<li><strong>Proje finansman\u0131, proje planlama, uygulama, izleme ve raporlama Hizmetleri,<\/strong><\/li>\n<li><strong>Uygun projeler i\u00e7in karbon kredilerinin kayd\u0131,<\/strong><\/li>\n<li><strong>Uygun projeler i\u00e7in karbon kredilerinin sat\u0131\u015f\u0131na arac\u0131l\u0131k yap\u0131lmas\u0131,<\/strong><\/li>\n<\/ul>\n<p><strong>Global Alliance Register Karbon Projesi Geli\u015ftirme Hizmetleri<\/strong> ayr\u0131ca zorunlu ve g\u00f6n\u00fcll\u00fc pazarlarda emisyon azalt\u0131m\u0131 projelerinde karbon kredilerinin ticareti ve proje finansman\u0131n\u0131n entegre olarak sunulmas\u0131n\u0131 da kapsamaktad\u0131r.<\/p>\n<p>Global Allliance Register Uzman Dan\u0131\u015fmanlar\u0131 karbon projesi geli\u015ftirme konusunda yenilenebilir enerji kaynaklar\u0131 (g\u00fcne\u015f, r\u00fczg\u00e2r, d\u00fc\u015f\u00fck etkili k\u00fc\u00e7\u00fck hidro, biok\u00fctle ve biyogaz gibi) alan\u0131nda da derin sekt\u00f6rel bilgi birikimi ve tecr\u00fcbeye sahiptir.<\/p>\n<p>Ayr\u0131ca Global Alliance Register; <strong>a\u011fa\u00e7land\u0131rma, yak\u0131t ge\u00e7i\u015fi, karbon tutma ve depolama, enerji verimlili\u011fi<\/strong> gibi di\u011fer emisyon azalt\u0131m\u0131 gibi projelerde olduk\u00e7a geni\u015f bir yelpazede proje geli\u015ftirme deste\u011fi dan\u0131\u015fmanl\u0131\u011f\u0131 tecr\u00fcbesine sahiptir.<\/p>\n<p><strong>Karbon Projesi Geli\u015ftirmesi Projeleri<\/strong> ve <strong>Dan\u0131\u015fmanl\u0131k Hizmetleri<\/strong> kapsam\u0131 hakk\u0131nda di\u011fer t\u00fcm detay ve sorular\u0131n\u0131z i\u00e7in l\u00fctfen taraf\u0131m\u0131zla temas kurunuz\u2026<\/p>\n<p>&nbsp;<\/p>\n<h1>\u0130lgili Sekt\u00f6rler<\/h1>\n<table>\n<tbody>\n<tr>\n<td style=\"width: 350px; border-color: #ffffff; height: 30px; text-align: left; vertical-align: middle; background-color: #f7f7f7;\" width=\"250\">\n<ul style=\"list-style-type: square;\">\n<li><a title=\"Denizcilik Sekt\u00f6r\u00fc\" href=\"https:\/\/globalallianceregister.com\/?page_id=9&amp;lang=tr\" target=\"_blank\">DEN\u0130ZC\u0130L\u0130K<\/a><\/li>\n<\/ul>\n<\/td>\n<td style=\"width: 350px; border-color: #ffffff; height: 30px; text-align: left; vertical-align: middle; background-color: #f7f7f7;\" width=\"250\">\n<ul style=\"list-style-type: square;\">\n<li><a title=\"\u0130n\u015faat Sekt\u00f6r\u00fc\" href=\"https:\/\/globalallianceregister.com\/?page_id=11&amp;lang=tr\" target=\"_blank\">\u0130N\u015eAAT<\/a><\/li>\n<\/ul>\n<\/td>\n<td style=\"width: 350px; border-color: #ffffff; height: 30px; text-align: left; vertical-align: middle; background-color: #f7f7f7;\" width=\"251\">\n<ul style=\"list-style-type: square;\">\n<li><a title=\"Petrol &amp; Gaz Sekt\u00f6r\u00fc\" href=\"https:\/\/globalallianceregister.com\/?page_id=13&amp;lang=tr\" target=\"_blank\">PETROL &amp; GAZ<\/a><\/li>\n<\/ul>\n<\/td>\n<\/tr>\n<tr>\n<td style=\"width: 350px; border-color: #ffffff; height: 30px; text-align: left; vertical-align: middle; background-color: #f7f7f7;\" width=\"250\">\n<ul style=\"list-style-type: square;\">\n<li><a title=\"Enerji &amp; Tesisler\" href=\"https:\/\/globalallianceregister.com\/?page_id=15&amp;lang=tr\" target=\"_blank\">ENERJ\u0130 &amp; TES\u0130SLER<\/a><\/li>\n<\/ul>\n<\/td>\n<td style=\"width: 350px; border-color: #ffffff; height: 30px; text-align: left; vertical-align: middle; background-color: #f7f7f7;\" width=\"250\">\n<ul style=\"list-style-type: square;\">\n<li><a title=\"\u0130malat Sekt\u00f6r\u00fc\" href=\"https:\/\/globalallianceregister.com\/?page_id=20&amp;lang=tr\" target=\"_blank\">\u0130MALAT<\/a><\/li>\n<\/ul>\n<\/td>\n<td style=\"width: 350px; border-color: #ffffff; height: 30px; text-align: left; vertical-align: middle; background-color: #f7f7f7;\" width=\"251\">\n<ul style=\"list-style-type: square;\">\n<li><a title=\"Ula\u015ft\u0131rma &amp; Lojistik Sekt\u00f6r\u00fc\" href=\"https:\/\/globalallianceregister.com\/?page_id=22&amp;lang=tr\" target=\"_blank\">ULA\u015eTIRMA &amp; LOJ\u0130ST\u0130K<\/a><\/li>\n<\/ul>\n<\/td>\n<\/tr>\n<tr>\n<td style=\"width: 350px; border-color: #ffffff; height: 30px; text-align: left; vertical-align: middle; background-color: #f7f7f7;\" width=\"250\">\n<ul style=\"list-style-type: square;\">\n<li><a title=\"Uzay &amp; Havac\u0131l\u0131k Sekt\u00f6r\u00fc\" href=\"https:\/\/globalallianceregister.com\/?page_id=24&amp;lang=tr\" target=\"_blank\">UZAY &amp; HAVACILIK<\/a><\/li>\n<\/ul>\n<\/td>\n<td style=\"width: 350px; border-color: #ffffff; height: 30px; text-align: left; vertical-align: middle; background-color: #f7f7f7;\" width=\"250\">\n<ul style=\"list-style-type: square;\">\n<li><a title=\"Tar\u0131m &amp; G\u0131da Sekt\u00f6r\u00fc\" href=\"https:\/\/globalallianceregister.com\/?page_id=27&amp;lang=tr\" target=\"_blank\">TARIM &amp; GIDA<\/a><\/li>\n<\/ul>\n<\/td>\n<td style=\"width: 350px; border-color: #ffffff; height: 30px; text-align: left; vertical-align: middle; background-color: #f7f7f7;\" width=\"251\">\n<ul style=\"list-style-type: square;\">\n<li><a title=\"Turizm &amp; Otelcilik Sekt\u00f6r\u00fc\" href=\"https:\/\/globalallianceregister.com\/?page_id=29&amp;lang=tr\" target=\"_blank\">TUR\u0130ZM &amp; OTELC\u0130L\u0130K<\/a><\/li>\n<\/ul>\n<\/td>\n<\/tr>\n<tr>\n<td style=\"width: 350px; border-color: #ffffff; height: 30px; text-align: left; vertical-align: middle; background-color: #f7f7f7;\" width=\"250\">\n<ul style=\"list-style-type: square;\">\n<li><a title=\"Finans &amp; Bankac\u0131l\u0131k Sekt\u00f6r\u00fc\" href=\"https:\/\/globalallianceregister.com\/?page_id=38&amp;lang=tr\" target=\"_blank\">F\u0130NANS<\/a><\/li>\n<\/ul>\n<\/td>\n<td style=\"width: 350px; border-color: #ffffff; height: 30px; text-align: left; vertical-align: middle; background-color: #f7f7f7;\" width=\"250\">\n<ul style=\"list-style-type: square;\">\n<li><a title=\"Sigorta Sekt\u00f6r\u00fc\" href=\"https:\/\/globalallianceregister.com\/?page_id=40&amp;lang=tr\" target=\"_blank\">S\u0130GORTA<\/a><\/li>\n<\/ul>\n<\/td>\n<td style=\"width: 350px; border-color: #ffffff; height: 30px; text-align: left; vertical-align: middle; background-color: #f7f7f7;\" width=\"251\">\n<ul style=\"list-style-type: square;\">\n<li><a title=\"Bilgi Teknolojileri Sekt\u00f6r\u00fc\" href=\"https:\/\/globalallianceregister.com\/?page_id=52&amp;lang=tr\" target=\"_blank\">B\u0130LG\u0130 TEKNOLOJ\u0130LER\u0130<\/a><\/li>\n<\/ul>\n<\/td>\n<\/tr>\n<tr>\n<td style=\"width: 350px; border-color: #ffffff; height: 30px; text-align: left; vertical-align: middle; background-color: #f7f7f7;\" width=\"250\">\n<ul style=\"list-style-type: square;\">\n<li><a title=\"Telekom\u00fcnikasyon Sekt\u00f6r\u00fc\" href=\"https:\/\/globalallianceregister.com\/?page_id=54&amp;lang=tr\" target=\"_blank\">TELEKOM\u00dcN\u0130KASYON<\/a><\/li>\n<\/ul>\n<\/td>\n<td style=\"width: 350px; border-color: #ffffff; height: 30px; text-align: left; vertical-align: middle; background-color: #f7f7f7;\" width=\"250\">\n<ul style=\"list-style-type: square;\">\n<li><a title=\"Sa\u011fl\u0131k &amp; T\u0131p Sekt\u00f6r\u00fc\" href=\"https:\/\/globalallianceregister.com\/?page_id=56&amp;lang=tr\" target=\"_blank\">SA\u011eLIK &amp; TIP<\/a><\/li>\n<\/ul>\n<\/td>\n<td style=\"width: 350px; border-color: #ffffff; height: 30px; text-align: left; vertical-align: middle; background-color: #f7f7f7;\" width=\"251\">\u00a0<\/td>\n<\/tr>\n<\/tbody>\n<\/table>","protected":false},"excerpt":{"rendered":"<p>Global Alliance Register uluslararas\u0131 bir dan\u0131\u015fmanl\u0131k \u015firketi olarak m\u00fc\u015fterilerine ve t\u00fcm payda\u015flara g\u00fcvenilir ve zaman\u0131nda s\u00fcrd\u00fcr\u00fclebilirlik merkezli \u00e7\u00f6z\u00fcmler sunmaya adanm\u0131\u015f konusunda lider bir organizasyondur. Karbon Projeleri \u00f6zellikle 2005\u2019de Kyoto Protokol\u00fc&#8230; <\/p>\n","protected":false},"author":10,"featured_media":5122,"parent":284,"menu_order":3,"comment_status":"closed","ping_status":"closed","template":"page-full.php","meta":{"_acf_changed":false,"om_disable_all_campaigns":false,"footnotes":""},"class_list":["post-515","page","type-page","status-publish","has-post-thumbnail","hentry"],"acf":[],"yoast_head":"<!-- This site is optimized with the Yoast SEO plugin v27.4 - https:\/\/yoast.com\/product\/yoast-seo-wordpress\/ -->\n<title>Karbon Projesi Geli\u015ftirme - Global Alliance Register<\/title>\n<meta name=\"robots\" content=\"index, follow, max-snippet:-1, max-image-preview:large, max-video-preview:-1\" \/>\n<link rel=\"canonical\" href=\"https:\/\/globalallianceregister.com\/tr\/services\/kyoto\/carbon-project-development\/\" \/>\n<meta property=\"og:locale\" content=\"tr_TR\" \/>\n<meta property=\"og:type\" content=\"article\" \/>\n<meta property=\"og:title\" content=\"Karbon Projesi Geli\u015ftirme - Global Alliance Register\" \/>\n<meta property=\"og:description\" content=\"Global Alliance Register uluslararas\u0131 bir dan\u0131\u015fmanl\u0131k \u015firketi olarak m\u00fc\u015fterilerine ve t\u00fcm payda\u015flara g\u00fcvenilir ve zaman\u0131nda s\u00fcrd\u00fcr\u00fclebilirlik merkezli \u00e7\u00f6z\u00fcmler sunmaya adanm\u0131\u015f konusunda lider bir organizasyondur. Karbon Projeleri \u00f6zellikle 2005\u2019de Kyoto Protokol\u00fc...\" \/>\n<meta property=\"og:url\" content=\"https:\/\/globalallianceregister.com\/tr\/services\/kyoto\/carbon-project-development\/\" \/>\n<meta property=\"og:site_name\" content=\"Global Alliance Register\" \/>\n<meta property=\"article:modified_time\" content=\"2016-01-08T11:23:16+00:00\" \/>\n<meta property=\"og:image\" content=\"https:\/\/globalallianceregister.com\/wp-content\/uploads\/2010\/12\/Carbon-Energy-Management-Inner-Page.jpg\" \/>\n\t<meta property=\"og:image:width\" content=\"614\" \/>\n\t<meta property=\"og:image:height\" content=\"200\" \/>\n\t<meta property=\"og:image:type\" content=\"image\/jpeg\" \/>\n<meta name=\"twitter:label1\" content=\"Tahmini okuma s\u00fcresi\" \/>\n\t<meta name=\"twitter:data1\" content=\"4 dakika\" \/>\n<script type=\"application\/ld+json\" class=\"yoast-schema-graph\">{\"@context\":\"https:\\\/\\\/schema.org\",\"@graph\":[{\"@type\":\"WebPage\",\"@id\":\"https:\\\/\\\/globalallianceregister.com\\\/tr\\\/services\\\/kyoto\\\/carbon-project-development\\\/\",\"url\":\"https:\\\/\\\/globalallianceregister.com\\\/tr\\\/services\\\/kyoto\\\/carbon-project-development\\\/\",\"name\":\"Karbon Projesi Geli\u015ftirme - Global Alliance Register\",\"isPartOf\":{\"@id\":\"https:\\\/\\\/globalallianceregister.com\\\/tr\\\/#website\"},\"primaryImageOfPage\":{\"@id\":\"https:\\\/\\\/globalallianceregister.com\\\/tr\\\/services\\\/kyoto\\\/carbon-project-development\\\/#primaryimage\"},\"image\":{\"@id\":\"https:\\\/\\\/globalallianceregister.com\\\/tr\\\/services\\\/kyoto\\\/carbon-project-development\\\/#primaryimage\"},\"thumbnailUrl\":\"https:\\\/\\\/globalallianceregister.com\\\/wp-content\\\/uploads\\\/2010\\\/12\\\/Carbon-Energy-Management-Inner-Page.jpg\",\"datePublished\":\"2011-01-05T17:04:32+00:00\",\"dateModified\":\"2016-01-08T11:23:16+00:00\",\"breadcrumb\":{\"@id\":\"https:\\\/\\\/globalallianceregister.com\\\/tr\\\/services\\\/kyoto\\\/carbon-project-development\\\/#breadcrumb\"},\"inLanguage\":\"tr\",\"potentialAction\":[{\"@type\":\"ReadAction\",\"target\":[[\"https:\\\/\\\/globalallianceregister.com\\\/tr\\\/services\\\/kyoto\\\/carbon-project-development\\\/\"]]}]},{\"@type\":\"ImageObject\",\"inLanguage\":\"tr\",\"@id\":\"https:\\\/\\\/globalallianceregister.com\\\/tr\\\/services\\\/kyoto\\\/carbon-project-development\\\/#primaryimage\",\"url\":\"https:\\\/\\\/globalallianceregister.com\\\/wp-content\\\/uploads\\\/2010\\\/12\\\/Carbon-Energy-Management-Inner-Page.jpg\",\"contentUrl\":\"https:\\\/\\\/globalallianceregister.com\\\/wp-content\\\/uploads\\\/2010\\\/12\\\/Carbon-Energy-Management-Inner-Page.jpg\",\"width\":614,\"height\":200},{\"@type\":\"BreadcrumbList\",\"@id\":\"https:\\\/\\\/globalallianceregister.com\\\/tr\\\/services\\\/kyoto\\\/carbon-project-development\\\/#breadcrumb\",\"itemListElement\":[{\"@type\":\"ListItem\",\"position\":1,\"name\":\"Anasayfa\",\"item\":\"https:\\\/\\\/globalallianceregister.com\\\/tr\\\/\"},{\"@type\":\"ListItem\",\"position\":2,\"name\":\"Karbon Projesi Geli\u015ftirme\"}]},{\"@type\":\"WebSite\",\"@id\":\"https:\\\/\\\/globalallianceregister.com\\\/tr\\\/#website\",\"url\":\"https:\\\/\\\/globalallianceregister.com\\\/tr\\\/\",\"name\":\"Global Alliance Register\",\"description\":\"(EN) Together for Excellence\",\"potentialAction\":[{\"@type\":\"SearchAction\",\"target\":{\"@type\":\"EntryPoint\",\"urlTemplate\":\"https:\\\/\\\/globalallianceregister.com\\\/tr\\\/?s={search_term_string}\"},\"query-input\":{\"@type\":\"PropertyValueSpecification\",\"valueRequired\":true,\"valueName\":\"search_term_string\"}}],\"inLanguage\":\"tr\"}]}<\/script>\n<!-- \/ Yoast SEO plugin. -->","yoast_head_json":{"title":"Karbon Projesi Geli\u015ftirme - Global Alliance Register","robots":{"index":"index","follow":"follow","max-snippet":"max-snippet:-1","max-image-preview":"max-image-preview:large","max-video-preview":"max-video-preview:-1"},"canonical":"https:\/\/globalallianceregister.com\/tr\/services\/kyoto\/carbon-project-development\/","og_locale":"tr_TR","og_type":"article","og_title":"Karbon Projesi Geli\u015ftirme - Global Alliance Register","og_description":"Global Alliance Register uluslararas\u0131 bir dan\u0131\u015fmanl\u0131k \u015firketi olarak m\u00fc\u015fterilerine ve t\u00fcm payda\u015flara g\u00fcvenilir ve zaman\u0131nda s\u00fcrd\u00fcr\u00fclebilirlik merkezli \u00e7\u00f6z\u00fcmler sunmaya adanm\u0131\u015f konusunda lider bir organizasyondur. Karbon Projeleri \u00f6zellikle 2005\u2019de Kyoto Protokol\u00fc...","og_url":"https:\/\/globalallianceregister.com\/tr\/services\/kyoto\/carbon-project-development\/","og_site_name":"Global Alliance Register","article_modified_time":"2016-01-08T11:23:16+00:00","og_image":[{"width":614,"height":200,"url":"https:\/\/globalallianceregister.com\/wp-content\/uploads\/2010\/12\/Carbon-Energy-Management-Inner-Page.jpg","type":"image\/jpeg"}],"twitter_misc":{"Tahmini okuma s\u00fcresi":"4 dakika"},"schema":{"@context":"https:\/\/schema.org","@graph":[{"@type":"WebPage","@id":"https:\/\/globalallianceregister.com\/tr\/services\/kyoto\/carbon-project-development\/","url":"https:\/\/globalallianceregister.com\/tr\/services\/kyoto\/carbon-project-development\/","name":"Karbon Projesi Geli\u015ftirme - Global Alliance Register","isPartOf":{"@id":"https:\/\/globalallianceregister.com\/tr\/#website"},"primaryImageOfPage":{"@id":"https:\/\/globalallianceregister.com\/tr\/services\/kyoto\/carbon-project-development\/#primaryimage"},"image":{"@id":"https:\/\/globalallianceregister.com\/tr\/services\/kyoto\/carbon-project-development\/#primaryimage"},"thumbnailUrl":"https:\/\/globalallianceregister.com\/wp-content\/uploads\/2010\/12\/Carbon-Energy-Management-Inner-Page.jpg","datePublished":"2011-01-05T17:04:32+00:00","dateModified":"2016-01-08T11:23:16+00:00","breadcrumb":{"@id":"https:\/\/globalallianceregister.com\/tr\/services\/kyoto\/carbon-project-development\/#breadcrumb"},"inLanguage":"tr","potentialAction":[{"@type":"ReadAction","target":[["https:\/\/globalallianceregister.com\/tr\/services\/kyoto\/carbon-project-development\/"]]}]},{"@type":"ImageObject","inLanguage":"tr","@id":"https:\/\/globalallianceregister.com\/tr\/services\/kyoto\/carbon-project-development\/#primaryimage","url":"https:\/\/globalallianceregister.com\/wp-content\/uploads\/2010\/12\/Carbon-Energy-Management-Inner-Page.jpg","contentUrl":"https:\/\/globalallianceregister.com\/wp-content\/uploads\/2010\/12\/Carbon-Energy-Management-Inner-Page.jpg","width":614,"height":200},{"@type":"BreadcrumbList","@id":"https:\/\/globalallianceregister.com\/tr\/services\/kyoto\/carbon-project-development\/#breadcrumb","itemListElement":[{"@type":"ListItem","position":1,"name":"Anasayfa","item":"https:\/\/globalallianceregister.com\/tr\/"},{"@type":"ListItem","position":2,"name":"Karbon Projesi Geli\u015ftirme"}]},{"@type":"WebSite","@id":"https:\/\/globalallianceregister.com\/tr\/#website","url":"https:\/\/globalallianceregister.com\/tr\/","name":"Global Alliance Register","description":"(EN) Together for Excellence","potentialAction":[{"@type":"SearchAction","target":{"@type":"EntryPoint","urlTemplate":"https:\/\/globalallianceregister.com\/tr\/?s={search_term_string}"},"query-input":{"@type":"PropertyValueSpecification","valueRequired":true,"valueName":"search_term_string"}}],"inLanguage":"tr"}]}},"_links":{"self":[{"href":"https:\/\/globalallianceregister.com\/tr\/wp-json\/wp\/v2\/pages\/515","targetHints":{"allow":["GET"]}}],"collection":[{"href":"https:\/\/globalallianceregister.com\/tr\/wp-json\/wp\/v2\/pages"}],"about":[{"href":"https:\/\/globalallianceregister.com\/tr\/wp-json\/wp\/v2\/types\/page"}],"author":[{"embeddable":true,"href":"https:\/\/globalallianceregister.com\/tr\/wp-json\/wp\/v2\/users\/10"}],"replies":[{"embeddable":true,"href":"https:\/\/globalallianceregister.com\/tr\/wp-json\/wp\/v2\/comments?post=515"}],"version-history":[{"count":0,"href":"https:\/\/globalallianceregister.com\/tr\/wp-json\/wp\/v2\/pages\/515\/revisions"}],"up":[{"embeddable":true,"href":"https:\/\/globalallianceregister.com\/tr\/wp-json\/wp\/v2\/pages\/284"}],"wp:featuredmedia":[{"embeddable":true,"href":"https:\/\/globalallianceregister.com\/tr\/wp-json\/wp\/v2\/media\/5122"}],"wp:attachment":[{"href":"https:\/\/globalallianceregister.com\/tr\/wp-json\/wp\/v2\/media?parent=515"}],"curies":[{"name":"wp","href":"https:\/\/api.w.org\/{rel}","templated":true}]}}