{"id":519,"date":"2011-01-05T17:06:01","date_gmt":"2011-01-05T17:06:01","guid":{"rendered":"https:\/\/globalallianceregister.com\/?page_id=519"},"modified":"2016-01-08T13:35:10","modified_gmt":"2016-01-08T13:35:10","slug":"water-management","status":"publish","type":"page","link":"https:\/\/globalallianceregister.com\/tr\/services\/kyoto\/water-management\/","title":{"rendered":"Su Y\u00f6netimi Dan\u0131\u015fmanl\u0131\u011f\u0131"},"content":{"rendered":"<p><strong>Global Alliance Register<\/strong>, su y\u00f6netimi programlar\u0131n\u0131n geli\u015ftirilmesi, y\u00f6netimi ve su kaynaklar\u0131n\u0131n \u00e7evresel koruma programlar\u0131 kapsam\u0131nda <strong>Su Y\u00f6netimi Dan\u0131\u015fmanl\u0131k Hizmetleri<\/strong> sunmakta olan konusunda uluslararas\u0131 lider bir kurulu\u015ftur.<\/p>\n<p><strong>Su Y\u00f6netimi Dan\u0131\u015fmanl\u0131k Hizmetleri<\/strong> arac\u0131l\u0131\u011f\u0131yla; ya\u015fam de\u011fer zincirinde vazge\u00e7ilmez olan eko sistemin s\u00fcrd\u00fcr\u00fclebilirli\u011fini risk alt\u0131na almadan nihai noktada arzu edilen ekonomik ve sosyal refah\u0131n adil bir \u015fekilde optimize edilmesiyle; su, toprak ve di\u011fer ilgili kaynaklar\u0131n y\u00f6netimiyle koordineli bir \u015fekilde sa\u011flanmaktad\u0131r.<\/p>\n<p><strong>Global Alliance Register Uzman Dan\u0131\u015fmanlar\u0131 <\/strong>taraf\u0131ndan takip edilen <strong>Su Y\u00f6netimi Sistemleri<\/strong> olduk\u00e7a g\u00fc\u00e7l\u00fc bir \u015fekilde a\u015fa\u011f\u0131da belirtili oldu\u011fu \u00e7er\u00e7evede <strong>Dublin Bildirgesi<\/strong>\u2019ni desteklemektedir:<\/p>\n<ul>\n<li>Temiz su s\u0131n\u0131rl\u0131 ve korunmaya muhta\u00e7t\u0131r, ya\u015fam s\u00fcrd\u00fcr\u00fclebilirli\u011fi, geli\u015fim ve \u00e7evre i\u00e7in temel gereksinimdir.<\/li>\n<li>Su kaynaklar\u0131n\u0131 geli\u015ftirme ve y\u00f6netimi programlar\u0131; her d\u00fczeydeki kullan\u0131c\u0131lar, planlamac\u0131lar ve politika yap\u0131c\u0131lar\u0131 i\u00e7eren kat\u0131l\u0131mc\u0131 bir yakla\u015f\u0131ma dayand\u0131r\u0131lmal\u0131d\u0131r.<\/li>\n<li>Kad\u0131nlar haz\u0131rl\u0131k, y\u00f6netim ve su koruma programlar\u0131nda merkezi bir rol oynar.<\/li>\n<li>Su t\u00fcm kullan\u0131m formlar\u0131nda ekonomik de\u011fere sahiptir, uygun fiyatta ve e\u015fitlik kriterleri dikkate al\u0131narak, ekonomik de\u011feri olan bir mal olarak kabul edilmelidir.<\/li>\n<\/ul>\n<p><strong>Global Alliance Register<\/strong> taraf\u0131ndan sunulan <strong>Su Y\u00f6netimi Dan\u0131\u015fmanl\u0131k Hizmetleri<\/strong> kapsam\u0131nda; <strong>planlama ve m\u00fchendislik, jeokimya ve jeoloji, say\u0131sal modelleme, hidrojeoloji ve hidroloji ile birlikte fizibilite su kaynaklar\u0131n\u0131n teknik \u00e7\u00f6z\u00fcmlerine ili\u015fkin fizibilte \u00e7al\u0131\u015fmalar\u0131 <\/strong>gibi hizmetler sunulmaktad\u0131r.<\/p>\n<p><strong>Global Alliance Register;<\/strong> <strong>sediment ta\u015f\u0131n\u0131m\u0131 analizi, kanal tasar\u0131m\u0131, yeralt\u0131 suyu de\u011ferlendirmesi, sulak arazi \u00e7al\u0131\u015fmalar\u0131, risk de\u011ferlendirmesi ve akifer dolumu in\u015faat hizmetleri<\/strong> konusunda da hizmet sunmaktad\u0131r.<\/p>\n<p><strong>Global Alliance Register<\/strong> taraf\u0131ndan m\u00fc\u015fterilerine sunulan di\u011fer tamamlay\u0131c\u0131 hizmetler aras\u0131nda; <strong>Veritaban\u0131 Y\u00f6netimi ve Co\u011frafi Bilgi Sistemleri, Kuyu Sahas\u0131 Operasyonlar\u0131 ve Optimizasyonu, DAM M\u00fchendisli\u011fi ve Rehabilitasyon Programlar\u0131, Ta\u015fk\u0131n Ak\u0131\u015f Analizi ve Kontrol\u00fc<\/strong> bulunmaktad\u0131r.<\/p>\n<p><strong>Su Y\u00f6netimi<\/strong> kapsam\u0131nda t\u00fcm sorular\u0131n\u0131z ve g\u00fcndemdeki projelerinize ili\u015fkin dan\u0131\u015fmanl\u0131k hizmeti talepleriniz i\u00e7in l\u00fctfen taraf\u0131m\u0131zla temas kurunuz\u2026<\/p>\n<p>&nbsp;<\/p>\n<h1>\u0130lgili Sekt\u00f6rler<\/h1>\n<table>\n<tbody>\n<tr>\n<td style=\"width: 350px; border-color: #ffffff; height: 30px; text-align: left; vertical-align: middle; background-color: #f7f7f7;\" width=\"250\">\n<ul style=\"list-style-type: square;\">\n<li><a title=\"Denizcilik Sekt\u00f6r\u00fc\" href=\"https:\/\/globalallianceregister.com\/?page_id=9&amp;lang=tr\" target=\"_blank\">DEN\u0130ZC\u0130L\u0130K<\/a><\/li>\n<\/ul>\n<\/td>\n<td style=\"width: 350px; border-color: #ffffff; height: 30px; text-align: left; vertical-align: middle; background-color: #f7f7f7;\" width=\"250\">\n<ul style=\"list-style-type: square;\">\n<li><a title=\"\u0130n\u015faat Sekt\u00f6r\u00fc\" href=\"https:\/\/globalallianceregister.com\/?page_id=11&amp;lang=tr\" target=\"_blank\">\u0130N\u015eAAT<\/a><\/li>\n<\/ul>\n<\/td>\n<td style=\"width: 350px; border-color: #ffffff; height: 30px; text-align: left; vertical-align: middle; background-color: #f7f7f7;\" width=\"251\">\n<ul style=\"list-style-type: square;\">\n<li><a title=\"Petrol &amp; Gaz Sekt\u00f6r\u00fc\" href=\"https:\/\/globalallianceregister.com\/?page_id=13&amp;lang=tr\" target=\"_blank\">PETROL &amp; GAZ<\/a><\/li>\n<\/ul>\n<\/td>\n<\/tr>\n<tr>\n<td style=\"width: 350px; border-color: #ffffff; height: 30px; text-align: left; vertical-align: middle; background-color: #f7f7f7;\" width=\"250\">\n<ul style=\"list-style-type: square;\">\n<li><a title=\"Enerji &amp; Tesisler\" href=\"https:\/\/globalallianceregister.com\/?page_id=15&amp;lang=tr\" target=\"_blank\">ENERJ\u0130 &amp; TES\u0130SLER<\/a><\/li>\n<\/ul>\n<\/td>\n<td style=\"width: 350px; border-color: #ffffff; height: 30px; text-align: left; vertical-align: middle; background-color: #f7f7f7;\" width=\"250\">\n<ul style=\"list-style-type: square;\">\n<li><a title=\"\u0130malat Sekt\u00f6r\u00fc\" href=\"https:\/\/globalallianceregister.com\/?page_id=20&amp;lang=tr\" target=\"_blank\">\u0130MALAT<\/a><\/li>\n<\/ul>\n<\/td>\n<td style=\"width: 350px; border-color: #ffffff; height: 30px; text-align: left; vertical-align: middle; background-color: #f7f7f7;\" width=\"251\">\n<ul style=\"list-style-type: square;\">\n<li><a title=\"Ula\u015ft\u0131rma &amp; Lojistik Sekt\u00f6r\u00fc\" href=\"https:\/\/globalallianceregister.com\/?page_id=22&amp;lang=tr\" target=\"_blank\">ULA\u015eTIRMA &amp; LOJ\u0130ST\u0130K<\/a><\/li>\n<\/ul>\n<\/td>\n<\/tr>\n<tr>\n<td style=\"width: 350px; border-color: #ffffff; height: 30px; text-align: left; vertical-align: middle; background-color: #f7f7f7;\" width=\"250\">\n<ul style=\"list-style-type: square;\">\n<li><a title=\"Uzay &amp; Havac\u0131l\u0131k Sekt\u00f6r\u00fc\" href=\"https:\/\/globalallianceregister.com\/?page_id=24&amp;lang=tr\" target=\"_blank\">UZAY &amp; HAVACILIK<\/a><\/li>\n<\/ul>\n<\/td>\n<td style=\"width: 350px; border-color: #ffffff; height: 30px; text-align: left; vertical-align: middle; background-color: #f7f7f7;\" width=\"250\">\n<ul style=\"list-style-type: square;\">\n<li><a title=\"Tar\u0131m &amp; G\u0131da Sekt\u00f6r\u00fc\" href=\"https:\/\/globalallianceregister.com\/?page_id=27&amp;lang=tr\" target=\"_blank\">TARIM &amp; GIDA<\/a><\/li>\n<\/ul>\n<\/td>\n<td style=\"width: 350px; border-color: #ffffff; height: 30px; text-align: left; vertical-align: middle; background-color: #f7f7f7;\" width=\"251\">\n<ul style=\"list-style-type: square;\">\n<li><a title=\"Turizm &amp; Otelcilik Sekt\u00f6r\u00fc\" href=\"https:\/\/globalallianceregister.com\/?page_id=29&amp;lang=tr\" target=\"_blank\">TUR\u0130ZM &amp; OTELC\u0130L\u0130K<\/a><\/li>\n<\/ul>\n<\/td>\n<\/tr>\n<tr>\n<td style=\"width: 350px; border-color: #ffffff; height: 30px; text-align: left; vertical-align: middle; background-color: #f7f7f7;\" width=\"250\">\n<ul style=\"list-style-type: square;\">\n<li><a title=\"Finans &amp; Bankac\u0131l\u0131k Sekt\u00f6r\u00fc\" href=\"https:\/\/globalallianceregister.com\/?page_id=38&amp;lang=tr\" target=\"_blank\">F\u0130NANS<\/a><\/li>\n<\/ul>\n<\/td>\n<td style=\"width: 350px; border-color: #ffffff; height: 30px; text-align: left; vertical-align: middle; background-color: #f7f7f7;\" width=\"250\">\n<ul style=\"list-style-type: square;\">\n<li><a title=\"Sigorta Sekt\u00f6r\u00fc\" href=\"https:\/\/globalallianceregister.com\/?page_id=40&amp;lang=tr\" target=\"_blank\">S\u0130GORTA<\/a><\/li>\n<\/ul>\n<\/td>\n<td style=\"width: 350px; border-color: #ffffff; height: 30px; text-align: left; vertical-align: middle; background-color: #f7f7f7;\" width=\"251\">\n<ul style=\"list-style-type: square;\">\n<li><a title=\"Bilgi Teknolojileri Sekt\u00f6r\u00fc\" href=\"https:\/\/globalallianceregister.com\/?page_id=52&amp;lang=tr\" target=\"_blank\">B\u0130LG\u0130 TEKNOLOJ\u0130LER\u0130<\/a><\/li>\n<\/ul>\n<\/td>\n<\/tr>\n<tr>\n<td style=\"width: 350px; border-color: #ffffff; height: 30px; text-align: left; vertical-align: middle; background-color: #f7f7f7;\" width=\"250\">\n<ul style=\"list-style-type: square;\">\n<li><a title=\"Telekom\u00fcnikasyon Sekt\u00f6r\u00fc\" href=\"https:\/\/globalallianceregister.com\/?page_id=54&amp;lang=tr\" target=\"_blank\">TELEKOM\u00dcN\u0130KASYON<\/a><\/li>\n<\/ul>\n<\/td>\n<td style=\"width: 350px; border-color: #ffffff; height: 30px; text-align: left; vertical-align: middle; background-color: #f7f7f7;\" width=\"250\">\n<ul style=\"list-style-type: square;\">\n<li><a title=\"Sa\u011fl\u0131k &amp; T\u0131p Sekt\u00f6r\u00fc\" href=\"https:\/\/globalallianceregister.com\/?page_id=56&amp;lang=tr\" target=\"_blank\">SA\u011eLIK &amp; TIP<\/a><\/li>\n<\/ul>\n<\/td>\n<td style=\"width: 350px; border-color: #ffffff; height: 30px; text-align: left; vertical-align: middle; background-color: #f7f7f7;\" width=\"251\">\u00a0<\/td>\n<\/tr>\n<\/tbody>\n<\/table>","protected":false},"excerpt":{"rendered":"<p>Global Alliance Register, su y\u00f6netimi programlar\u0131n\u0131n geli\u015ftirilmesi, y\u00f6netimi ve su kaynaklar\u0131n\u0131n \u00e7evresel koruma programlar\u0131 kapsam\u0131nda Su Y\u00f6netimi Dan\u0131\u015fmanl\u0131k Hizmetleri sunmakta olan konusunda uluslararas\u0131 lider bir kurulu\u015ftur. Su Y\u00f6netimi Dan\u0131\u015fmanl\u0131k Hizmetleri&#8230; <\/p>\n","protected":false},"author":10,"featured_media":5122,"parent":284,"menu_order":5,"comment_status":"closed","ping_status":"closed","template":"page-full.php","meta":{"_acf_changed":false,"om_disable_all_campaigns":false,"footnotes":""},"class_list":["post-519","page","type-page","status-publish","has-post-thumbnail","hentry"],"acf":[],"yoast_head":"<!-- This site is optimized with the Yoast SEO plugin v27.4 - https:\/\/yoast.com\/product\/yoast-seo-wordpress\/ -->\n<title>Su Y\u00f6netimi Dan\u0131\u015fmanl\u0131\u011f\u0131 - Global Alliance Register<\/title>\n<meta name=\"robots\" content=\"index, follow, max-snippet:-1, max-image-preview:large, max-video-preview:-1\" \/>\n<link rel=\"canonical\" href=\"https:\/\/globalallianceregister.com\/tr\/services\/kyoto\/water-management\/\" \/>\n<meta property=\"og:locale\" content=\"tr_TR\" \/>\n<meta property=\"og:type\" content=\"article\" \/>\n<meta property=\"og:title\" content=\"Su Y\u00f6netimi Dan\u0131\u015fmanl\u0131\u011f\u0131 - Global Alliance Register\" \/>\n<meta property=\"og:description\" content=\"Global Alliance Register, su y\u00f6netimi programlar\u0131n\u0131n geli\u015ftirilmesi, y\u00f6netimi ve su kaynaklar\u0131n\u0131n \u00e7evresel koruma programlar\u0131 kapsam\u0131nda Su Y\u00f6netimi Dan\u0131\u015fmanl\u0131k Hizmetleri sunmakta olan konusunda uluslararas\u0131 lider bir kurulu\u015ftur. Su Y\u00f6netimi Dan\u0131\u015fmanl\u0131k Hizmetleri...\" \/>\n<meta property=\"og:url\" content=\"https:\/\/globalallianceregister.com\/tr\/services\/kyoto\/water-management\/\" \/>\n<meta property=\"og:site_name\" content=\"Global Alliance Register\" \/>\n<meta property=\"article:modified_time\" content=\"2016-01-08T13:35:10+00:00\" \/>\n<meta property=\"og:image\" content=\"https:\/\/globalallianceregister.com\/wp-content\/uploads\/2010\/12\/Carbon-Energy-Management-Inner-Page.jpg\" \/>\n\t<meta property=\"og:image:width\" content=\"614\" \/>\n\t<meta property=\"og:image:height\" content=\"200\" \/>\n\t<meta property=\"og:image:type\" content=\"image\/jpeg\" \/>\n<meta name=\"twitter:label1\" content=\"Tahmini okuma s\u00fcresi\" \/>\n\t<meta name=\"twitter:data1\" content=\"3 dakika\" \/>\n<script type=\"application\/ld+json\" class=\"yoast-schema-graph\">{\"@context\":\"https:\\\/\\\/schema.org\",\"@graph\":[{\"@type\":\"WebPage\",\"@id\":\"https:\\\/\\\/globalallianceregister.com\\\/tr\\\/services\\\/kyoto\\\/water-management\\\/\",\"url\":\"https:\\\/\\\/globalallianceregister.com\\\/tr\\\/services\\\/kyoto\\\/water-management\\\/\",\"name\":\"Su Y\u00f6netimi Dan\u0131\u015fmanl\u0131\u011f\u0131 - Global Alliance Register\",\"isPartOf\":{\"@id\":\"https:\\\/\\\/globalallianceregister.com\\\/tr\\\/#website\"},\"primaryImageOfPage\":{\"@id\":\"https:\\\/\\\/globalallianceregister.com\\\/tr\\\/services\\\/kyoto\\\/water-management\\\/#primaryimage\"},\"image\":{\"@id\":\"https:\\\/\\\/globalallianceregister.com\\\/tr\\\/services\\\/kyoto\\\/water-management\\\/#primaryimage\"},\"thumbnailUrl\":\"https:\\\/\\\/globalallianceregister.com\\\/wp-content\\\/uploads\\\/2010\\\/12\\\/Carbon-Energy-Management-Inner-Page.jpg\",\"datePublished\":\"2011-01-05T17:06:01+00:00\",\"dateModified\":\"2016-01-08T13:35:10+00:00\",\"breadcrumb\":{\"@id\":\"https:\\\/\\\/globalallianceregister.com\\\/tr\\\/services\\\/kyoto\\\/water-management\\\/#breadcrumb\"},\"inLanguage\":\"tr\",\"potentialAction\":[{\"@type\":\"ReadAction\",\"target\":[[\"https:\\\/\\\/globalallianceregister.com\\\/tr\\\/services\\\/kyoto\\\/water-management\\\/\"]]}]},{\"@type\":\"ImageObject\",\"inLanguage\":\"tr\",\"@id\":\"https:\\\/\\\/globalallianceregister.com\\\/tr\\\/services\\\/kyoto\\\/water-management\\\/#primaryimage\",\"url\":\"https:\\\/\\\/globalallianceregister.com\\\/wp-content\\\/uploads\\\/2010\\\/12\\\/Carbon-Energy-Management-Inner-Page.jpg\",\"contentUrl\":\"https:\\\/\\\/globalallianceregister.com\\\/wp-content\\\/uploads\\\/2010\\\/12\\\/Carbon-Energy-Management-Inner-Page.jpg\",\"width\":614,\"height\":200},{\"@type\":\"BreadcrumbList\",\"@id\":\"https:\\\/\\\/globalallianceregister.com\\\/tr\\\/services\\\/kyoto\\\/water-management\\\/#breadcrumb\",\"itemListElement\":[{\"@type\":\"ListItem\",\"position\":1,\"name\":\"Anasayfa\",\"item\":\"https:\\\/\\\/globalallianceregister.com\\\/tr\\\/\"},{\"@type\":\"ListItem\",\"position\":2,\"name\":\"Su Y\u00f6netimi Dan\u0131\u015fmanl\u0131\u011f\u0131\"}]},{\"@type\":\"WebSite\",\"@id\":\"https:\\\/\\\/globalallianceregister.com\\\/tr\\\/#website\",\"url\":\"https:\\\/\\\/globalallianceregister.com\\\/tr\\\/\",\"name\":\"Global Alliance Register\",\"description\":\"(EN) Together for Excellence\",\"potentialAction\":[{\"@type\":\"SearchAction\",\"target\":{\"@type\":\"EntryPoint\",\"urlTemplate\":\"https:\\\/\\\/globalallianceregister.com\\\/tr\\\/?s={search_term_string}\"},\"query-input\":{\"@type\":\"PropertyValueSpecification\",\"valueRequired\":true,\"valueName\":\"search_term_string\"}}],\"inLanguage\":\"tr\"}]}<\/script>\n<!-- \/ Yoast SEO plugin. -->","yoast_head_json":{"title":"Su Y\u00f6netimi Dan\u0131\u015fmanl\u0131\u011f\u0131 - Global Alliance Register","robots":{"index":"index","follow":"follow","max-snippet":"max-snippet:-1","max-image-preview":"max-image-preview:large","max-video-preview":"max-video-preview:-1"},"canonical":"https:\/\/globalallianceregister.com\/tr\/services\/kyoto\/water-management\/","og_locale":"tr_TR","og_type":"article","og_title":"Su Y\u00f6netimi Dan\u0131\u015fmanl\u0131\u011f\u0131 - Global Alliance Register","og_description":"Global Alliance Register, su y\u00f6netimi programlar\u0131n\u0131n geli\u015ftirilmesi, y\u00f6netimi ve su kaynaklar\u0131n\u0131n \u00e7evresel koruma programlar\u0131 kapsam\u0131nda Su Y\u00f6netimi Dan\u0131\u015fmanl\u0131k Hizmetleri sunmakta olan konusunda uluslararas\u0131 lider bir kurulu\u015ftur. Su Y\u00f6netimi Dan\u0131\u015fmanl\u0131k Hizmetleri...","og_url":"https:\/\/globalallianceregister.com\/tr\/services\/kyoto\/water-management\/","og_site_name":"Global Alliance Register","article_modified_time":"2016-01-08T13:35:10+00:00","og_image":[{"width":614,"height":200,"url":"https:\/\/globalallianceregister.com\/wp-content\/uploads\/2010\/12\/Carbon-Energy-Management-Inner-Page.jpg","type":"image\/jpeg"}],"twitter_misc":{"Tahmini okuma s\u00fcresi":"3 dakika"},"schema":{"@context":"https:\/\/schema.org","@graph":[{"@type":"WebPage","@id":"https:\/\/globalallianceregister.com\/tr\/services\/kyoto\/water-management\/","url":"https:\/\/globalallianceregister.com\/tr\/services\/kyoto\/water-management\/","name":"Su Y\u00f6netimi Dan\u0131\u015fmanl\u0131\u011f\u0131 - Global Alliance Register","isPartOf":{"@id":"https:\/\/globalallianceregister.com\/tr\/#website"},"primaryImageOfPage":{"@id":"https:\/\/globalallianceregister.com\/tr\/services\/kyoto\/water-management\/#primaryimage"},"image":{"@id":"https:\/\/globalallianceregister.com\/tr\/services\/kyoto\/water-management\/#primaryimage"},"thumbnailUrl":"https:\/\/globalallianceregister.com\/wp-content\/uploads\/2010\/12\/Carbon-Energy-Management-Inner-Page.jpg","datePublished":"2011-01-05T17:06:01+00:00","dateModified":"2016-01-08T13:35:10+00:00","breadcrumb":{"@id":"https:\/\/globalallianceregister.com\/tr\/services\/kyoto\/water-management\/#breadcrumb"},"inLanguage":"tr","potentialAction":[{"@type":"ReadAction","target":[["https:\/\/globalallianceregister.com\/tr\/services\/kyoto\/water-management\/"]]}]},{"@type":"ImageObject","inLanguage":"tr","@id":"https:\/\/globalallianceregister.com\/tr\/services\/kyoto\/water-management\/#primaryimage","url":"https:\/\/globalallianceregister.com\/wp-content\/uploads\/2010\/12\/Carbon-Energy-Management-Inner-Page.jpg","contentUrl":"https:\/\/globalallianceregister.com\/wp-content\/uploads\/2010\/12\/Carbon-Energy-Management-Inner-Page.jpg","width":614,"height":200},{"@type":"BreadcrumbList","@id":"https:\/\/globalallianceregister.com\/tr\/services\/kyoto\/water-management\/#breadcrumb","itemListElement":[{"@type":"ListItem","position":1,"name":"Anasayfa","item":"https:\/\/globalallianceregister.com\/tr\/"},{"@type":"ListItem","position":2,"name":"Su Y\u00f6netimi Dan\u0131\u015fmanl\u0131\u011f\u0131"}]},{"@type":"WebSite","@id":"https:\/\/globalallianceregister.com\/tr\/#website","url":"https:\/\/globalallianceregister.com\/tr\/","name":"Global Alliance Register","description":"(EN) Together for Excellence","potentialAction":[{"@type":"SearchAction","target":{"@type":"EntryPoint","urlTemplate":"https:\/\/globalallianceregister.com\/tr\/?s={search_term_string}"},"query-input":{"@type":"PropertyValueSpecification","valueRequired":true,"valueName":"search_term_string"}}],"inLanguage":"tr"}]}},"_links":{"self":[{"href":"https:\/\/globalallianceregister.com\/tr\/wp-json\/wp\/v2\/pages\/519","targetHints":{"allow":["GET"]}}],"collection":[{"href":"https:\/\/globalallianceregister.com\/tr\/wp-json\/wp\/v2\/pages"}],"about":[{"href":"https:\/\/globalallianceregister.com\/tr\/wp-json\/wp\/v2\/types\/page"}],"author":[{"embeddable":true,"href":"https:\/\/globalallianceregister.com\/tr\/wp-json\/wp\/v2\/users\/10"}],"replies":[{"embeddable":true,"href":"https:\/\/globalallianceregister.com\/tr\/wp-json\/wp\/v2\/comments?post=519"}],"version-history":[{"count":0,"href":"https:\/\/globalallianceregister.com\/tr\/wp-json\/wp\/v2\/pages\/519\/revisions"}],"up":[{"embeddable":true,"href":"https:\/\/globalallianceregister.com\/tr\/wp-json\/wp\/v2\/pages\/284"}],"wp:featuredmedia":[{"embeddable":true,"href":"https:\/\/globalallianceregister.com\/tr\/wp-json\/wp\/v2\/media\/5122"}],"wp:attachment":[{"href":"https:\/\/globalallianceregister.com\/tr\/wp-json\/wp\/v2\/media?parent=519"}],"curies":[{"name":"wp","href":"https:\/\/api.w.org\/{rel}","templated":true}]}}