{"id":5333,"date":"2015-10-26T16:14:26","date_gmt":"2015-10-26T16:14:26","guid":{"rendered":"https:\/\/globalallianceregister.com\/?page_id=5333"},"modified":"2016-02-04T11:49:24","modified_gmt":"2016-02-04T11:49:24","slug":"turkce-en-719-kaynak-supervizoru-seviye-1-gozle-muayene-egitimi","status":"publish","type":"page","link":"https:\/\/globalallianceregister.com\/tr\/services\/egitim\/turkce-kaynakteknoljileriegitimi\/turkce-en-719-kaynak-supervizoru-seviye-1-gozle-muayene-egitimi\/","title":{"rendered":"EN 719 Kaynak S\u00fcperviz\u00f6r\u00fc \u2013 Seviye 1 &#8211; G\u00f6zle Muayene E\u011fitimi"},"content":{"rendered":"<p><strong>S\u00fcresi\u00a0<\/strong>24 saat<\/p>\n<p><strong>Kat\u0131l\u0131mc\u0131 Profili<\/strong><\/p>\n<ul>\n<li>Kaynak\u00e7\u0131lar, operat\u00f6rler, s\u00fcperviz\u00f6rler ve kaynakl\u0131 ba\u011flant\u0131lar\u0131n g\u00f6rsel muayenesi \u00fcstlenenler formenler, kaynakl\u0131 imalatlarla ilgili kalite kontrol personeli kaynakl\u0131 proseslerle ilgili temel e\u011fitim ihtiyac\u0131 olan t\u00fcm teknik personelin vas\u0131fland\u0131r\u0131lmas\u0131 i\u00e7in \u00f6nerilen bir e\u011fitimdir.<\/li>\n<\/ul>\n<p><strong>Hedeflenen Sonu\u00e7<\/strong><\/p>\n<ul>\n<li>Farkl\u0131 kaynak kusurlar\u0131n\u0131 do\u011fru olarak tespit etmek,<\/li>\n<li>G\u00f6zle muayene yolu ile kaynak tekni\u011fini muayene etmek,<\/li>\n<li>Kaynakl\u0131 imalatlar i\u00e7in dok\u00fcmantasyon gerekliliklerini anlamak,<\/li>\n<li>Kaynak ile ilgili kod ve standartlar hakk\u0131nda bilgi sahibi olunmas\u0131,<\/li>\n<li>Temel kaynak malzemeleri ve sarf malzemelerinin muayenesi hakk\u0131nda vas\u0131flanmak,<\/li>\n<li>G\u00f6zle muayenesi yap\u0131lacak olan kaynaklar\u0131n raporlanmas\u0131 ve belirtilen kabul kriterlerine uygunlu\u011fu hakk\u0131nda\u00a0 de\u011ferlendirme yapabilmek,<\/li>\n<li>EN 719 Kaynak S\u00fcperviz\u00f6r\u00fc \u2013 Seviye 1 G\u00f6zle Muayene E\u011fitimi sonras\u0131 yap\u0131lacak olan s\u0131navda ba\u015far\u0131l\u0131 olunmas\u0131 ve vas\u0131fland\u0131rma,<\/li>\n<\/ul>\n<p><strong>E\u011fitim \u0130\u00e7eri\u011fi<\/strong><\/p>\n<ul>\n<li>G\u00f6rsel Kaynak Muayene Personeli i\u00e7in muayene teknik ve esaslar\u0131<\/li>\n<li>G\u00f6zle muayene usulleri,<\/li>\n<li>Uygulama,<\/li>\n<li>Temel terimler ve tan\u0131mlar,<\/li>\n<li>Referans kod ve standartlar,<\/li>\n<li>Kaynak i\u015flemleri ve tipik kaynak kusurlar\u0131;<\/li>\n<li>Kaynak \u00f6l\u00e7\u00fcmleri;<\/li>\n<li>Tipik dok\u00fcmantasyon ve gereklilikler;<\/li>\n<li>Saha muayenesi<\/li>\n<li>Raporlama teknikleri,<\/li>\n<\/ul>\n<p><strong>Programa Kay\u0131t \u00d6ncesi Gerekli Evraklar<\/strong><\/p>\n<ul>\n<li>Ba\u015fvuru formunun tam ve eksiksiz olarak doldurulmas\u0131,<\/li>\n<li>Detay CV \/ Resume<\/li>\n<li>Diploma ve Kaynakl\u0131 Teknolojilerle ile ilgili kat\u0131ld\u0131\u011f\u0131 e\u011fitim ve vas\u0131fland\u0131rma programlar\u0131na ait mevcut sertifikalar\u0131n bir kopyas\u0131,<\/li>\n<li>Programa ba\u015fvuru aday\u0131n programa kat\u0131lmas\u0131 \u015fart\u0131n\u0131 sa\u011flamamaktad\u0131r. Kay\u0131t kabul komisyonu taraf\u0131ndan yap\u0131lacak olan de\u011ferlendirme sonras\u0131 adaylar\u0131n kesin kayd\u0131 Global Alliance Academy\u00a0taraf\u0131ndan teyit edilecektir.<\/li>\n<\/ul>\n<p><strong>Kay\u0131t Kabul Kriterleri<\/strong><\/p>\n<ul>\n<li>Programda ba\u015far\u0131l\u0131 olabilmek i\u00e7in min. 6 ayl\u0131k m\u00fchendislik ve\/ veya saha tecr\u00fcbesi tavsiye edilmektedir.<\/li>\n<\/ul>\n<p> <strong>Sertifika<\/strong><\/p>\n<ul>\n<li>E\u011fitimi ba\u015far\u0131 ile tamamlayan t\u00fcm kat\u0131l\u0131mc\u0131lara Global Alliance Academy\u00a0taraf\u0131ndan, &#8220;EN 719 Kaynak S\u00fcperviz\u00f6r\u00fc \u2013 Seviye 1 G\u00f6zle Muayene Personeli Ba\u015far\u0131 Sertifikas\u0131&#8221; verilecektir.<\/li>\n<\/ul>","protected":false},"excerpt":{"rendered":"<p>S\u00fcresi\u00a024 saat Kat\u0131l\u0131mc\u0131 Profili Kaynak\u00e7\u0131lar, operat\u00f6rler, s\u00fcperviz\u00f6rler ve kaynakl\u0131 ba\u011flant\u0131lar\u0131n g\u00f6rsel muayenesi \u00fcstlenenler formenler, kaynakl\u0131 imalatlarla ilgili kalite kontrol personeli kaynakl\u0131 proseslerle ilgili temel e\u011fitim ihtiyac\u0131 olan t\u00fcm teknik personelin&#8230; <\/p>\n","protected":false},"author":10,"featured_media":5171,"parent":2174,"menu_order":0,"comment_status":"closed","ping_status":"closed","template":"page-full.php","meta":{"_acf_changed":false,"om_disable_all_campaigns":false,"footnotes":""},"class_list":["post-5333","page","type-page","status-publish","has-post-thumbnail","hentry"],"acf":[],"yoast_head":"<!-- This site is optimized with the Yoast SEO plugin v27.4 - https:\/\/yoast.com\/product\/yoast-seo-wordpress\/ -->\n<title>EN 719 Kaynak S\u00fcperviz\u00f6r\u00fc \u2013 Seviye 1 - G\u00f6zle Muayene E\u011fitimi - Global Alliance Register<\/title>\n<meta name=\"robots\" content=\"index, follow, max-snippet:-1, max-image-preview:large, max-video-preview:-1\" \/>\n<link rel=\"canonical\" href=\"https:\/\/globalallianceregister.com\/tr\/services\/egitim\/turkce-kaynakteknoljileriegitimi\/turkce-en-719-kaynak-supervizoru-seviye-1-gozle-muayene-egitimi\/\" \/>\n<meta property=\"og:locale\" content=\"tr_TR\" \/>\n<meta property=\"og:type\" content=\"article\" \/>\n<meta property=\"og:title\" content=\"EN 719 Kaynak S\u00fcperviz\u00f6r\u00fc \u2013 Seviye 1 - G\u00f6zle Muayene E\u011fitimi - Global Alliance Register\" \/>\n<meta property=\"og:description\" content=\"S\u00fcresi\u00a024 saat Kat\u0131l\u0131mc\u0131 Profili Kaynak\u00e7\u0131lar, operat\u00f6rler, s\u00fcperviz\u00f6rler ve kaynakl\u0131 ba\u011flant\u0131lar\u0131n g\u00f6rsel muayenesi \u00fcstlenenler formenler, kaynakl\u0131 imalatlarla ilgili kalite kontrol personeli kaynakl\u0131 proseslerle ilgili temel e\u011fitim ihtiyac\u0131 olan t\u00fcm teknik personelin...\" \/>\n<meta property=\"og:url\" content=\"https:\/\/globalallianceregister.com\/tr\/services\/egitim\/turkce-kaynakteknoljileriegitimi\/turkce-en-719-kaynak-supervizoru-seviye-1-gozle-muayene-egitimi\/\" \/>\n<meta property=\"og:site_name\" content=\"Global Alliance Register\" \/>\n<meta property=\"article:modified_time\" content=\"2016-02-04T11:49:24+00:00\" \/>\n<meta property=\"og:image\" content=\"https:\/\/globalallianceregister.com\/wp-content\/uploads\/2015\/08\/Training-Inner-Page.jpg\" \/>\n\t<meta property=\"og:image:width\" content=\"614\" \/>\n\t<meta property=\"og:image:height\" content=\"200\" \/>\n\t<meta property=\"og:image:type\" content=\"image\/jpeg\" \/>\n<meta name=\"twitter:label1\" content=\"Tahmini okuma s\u00fcresi\" \/>\n\t<meta name=\"twitter:data1\" content=\"2 dakika\" \/>\n<script type=\"application\/ld+json\" class=\"yoast-schema-graph\">{\"@context\":\"https:\\\/\\\/schema.org\",\"@graph\":[{\"@type\":\"WebPage\",\"@id\":\"https:\\\/\\\/globalallianceregister.com\\\/tr\\\/services\\\/egitim\\\/turkce-kaynakteknoljileriegitimi\\\/turkce-en-719-kaynak-supervizoru-seviye-1-gozle-muayene-egitimi\\\/\",\"url\":\"https:\\\/\\\/globalallianceregister.com\\\/tr\\\/services\\\/egitim\\\/turkce-kaynakteknoljileriegitimi\\\/turkce-en-719-kaynak-supervizoru-seviye-1-gozle-muayene-egitimi\\\/\",\"name\":\"EN 719 Kaynak S\u00fcperviz\u00f6r\u00fc \u2013 Seviye 1 - G\u00f6zle Muayene E\u011fitimi - Global Alliance Register\",\"isPartOf\":{\"@id\":\"https:\\\/\\\/globalallianceregister.com\\\/tr\\\/#website\"},\"primaryImageOfPage\":{\"@id\":\"https:\\\/\\\/globalallianceregister.com\\\/tr\\\/services\\\/egitim\\\/turkce-kaynakteknoljileriegitimi\\\/turkce-en-719-kaynak-supervizoru-seviye-1-gozle-muayene-egitimi\\\/#primaryimage\"},\"image\":{\"@id\":\"https:\\\/\\\/globalallianceregister.com\\\/services\\\/egitim\\\/turkce-kaynakteknoljileriegitimi\\\/turkce-en-719-kaynak-supervizoru-seviye-1-gozle-muayene-egitimi\\\/#primaryimage\"},\"thumbnailUrl\":\"https:\\\/\\\/globalallianceregister.com\\\/wp-content\\\/uploads\\\/2015\\\/08\\\/Training-Inner-Page.jpg\",\"datePublished\":\"2015-10-26T16:14:26+00:00\",\"dateModified\":\"2016-02-04T11:49:24+00:00\",\"breadcrumb\":{\"@id\":\"https:\\\/\\\/globalallianceregister.com\\\/tr\\\/services\\\/egitim\\\/turkce-kaynakteknoljileriegitimi\\\/turkce-en-719-kaynak-supervizoru-seviye-1-gozle-muayene-egitimi\\\/#breadcrumb\"},\"inLanguage\":\"tr\",\"potentialAction\":[{\"@type\":\"ReadAction\",\"target\":[[\"https:\\\/\\\/globalallianceregister.com\\\/tr\\\/services\\\/egitim\\\/turkce-kaynakteknoljileriegitimi\\\/turkce-en-719-kaynak-supervizoru-seviye-1-gozle-muayene-egitimi\\\/\"]]}]},{\"@type\":\"ImageObject\",\"inLanguage\":\"tr\",\"@id\":\"https:\\\/\\\/globalallianceregister.com\\\/tr\\\/services\\\/egitim\\\/turkce-kaynakteknoljileriegitimi\\\/turkce-en-719-kaynak-supervizoru-seviye-1-gozle-muayene-egitimi\\\/#primaryimage\",\"url\":\"https:\\\/\\\/globalallianceregister.com\\\/wp-content\\\/uploads\\\/2015\\\/08\\\/Training-Inner-Page.jpg\",\"contentUrl\":\"https:\\\/\\\/globalallianceregister.com\\\/wp-content\\\/uploads\\\/2015\\\/08\\\/Training-Inner-Page.jpg\",\"width\":614,\"height\":200},{\"@type\":\"BreadcrumbList\",\"@id\":\"https:\\\/\\\/globalallianceregister.com\\\/tr\\\/services\\\/egitim\\\/turkce-kaynakteknoljileriegitimi\\\/turkce-en-719-kaynak-supervizoru-seviye-1-gozle-muayene-egitimi\\\/#breadcrumb\",\"itemListElement\":[{\"@type\":\"ListItem\",\"position\":1,\"name\":\"Anasayfa\",\"item\":\"https:\\\/\\\/globalallianceregister.com\\\/tr\\\/\"},{\"@type\":\"ListItem\",\"position\":2,\"name\":\"Hizmetler\",\"item\":\"https:\\\/\\\/globalallianceregister.com\\\/tr\\\/services\\\/\"},{\"@type\":\"ListItem\",\"position\":3,\"name\":\"E\u011fitim\",\"item\":\"https:\\\/\\\/globalallianceregister.com\\\/tr\\\/services\\\/egitim\\\/\"},{\"@type\":\"ListItem\",\"position\":4,\"name\":\"(TR) Kaynak Teknolojileri E\u011fitim Program\u0131\",\"item\":\"https:\\\/\\\/globalallianceregister.com\\\/tr\\\/services\\\/egitim\\\/turkce-kaynakteknoljileriegitimi\\\/\"},{\"@type\":\"ListItem\",\"position\":5,\"name\":\"(TR) EN 719 Kaynak S\u00fcperviz\u00f6r\u00fc \u2013 Seviye 1 &#8211; G\u00f6zle Muayene E\u011fitimi\"}]},{\"@type\":\"WebSite\",\"@id\":\"https:\\\/\\\/globalallianceregister.com\\\/tr\\\/#website\",\"url\":\"https:\\\/\\\/globalallianceregister.com\\\/tr\\\/\",\"name\":\"Global Alliance Register\",\"description\":\"(EN) Together for Excellence\",\"potentialAction\":[{\"@type\":\"SearchAction\",\"target\":{\"@type\":\"EntryPoint\",\"urlTemplate\":\"https:\\\/\\\/globalallianceregister.com\\\/tr\\\/?s={search_term_string}\"},\"query-input\":{\"@type\":\"PropertyValueSpecification\",\"valueRequired\":true,\"valueName\":\"search_term_string\"}}],\"inLanguage\":\"tr\"}]}<\/script>\n<!-- \/ Yoast SEO plugin. -->","yoast_head_json":{"title":"EN 719 Kaynak S\u00fcperviz\u00f6r\u00fc \u2013 Seviye 1 - G\u00f6zle Muayene E\u011fitimi - Global Alliance Register","robots":{"index":"index","follow":"follow","max-snippet":"max-snippet:-1","max-image-preview":"max-image-preview:large","max-video-preview":"max-video-preview:-1"},"canonical":"https:\/\/globalallianceregister.com\/tr\/services\/egitim\/turkce-kaynakteknoljileriegitimi\/turkce-en-719-kaynak-supervizoru-seviye-1-gozle-muayene-egitimi\/","og_locale":"tr_TR","og_type":"article","og_title":"EN 719 Kaynak S\u00fcperviz\u00f6r\u00fc \u2013 Seviye 1 - G\u00f6zle Muayene E\u011fitimi - Global Alliance Register","og_description":"S\u00fcresi\u00a024 saat Kat\u0131l\u0131mc\u0131 Profili Kaynak\u00e7\u0131lar, operat\u00f6rler, s\u00fcperviz\u00f6rler ve kaynakl\u0131 ba\u011flant\u0131lar\u0131n g\u00f6rsel muayenesi \u00fcstlenenler formenler, kaynakl\u0131 imalatlarla ilgili kalite kontrol personeli kaynakl\u0131 proseslerle ilgili temel e\u011fitim ihtiyac\u0131 olan t\u00fcm teknik personelin...","og_url":"https:\/\/globalallianceregister.com\/tr\/services\/egitim\/turkce-kaynakteknoljileriegitimi\/turkce-en-719-kaynak-supervizoru-seviye-1-gozle-muayene-egitimi\/","og_site_name":"Global Alliance Register","article_modified_time":"2016-02-04T11:49:24+00:00","og_image":[{"width":614,"height":200,"url":"https:\/\/globalallianceregister.com\/wp-content\/uploads\/2015\/08\/Training-Inner-Page.jpg","type":"image\/jpeg"}],"twitter_misc":{"Tahmini okuma s\u00fcresi":"2 dakika"},"schema":{"@context":"https:\/\/schema.org","@graph":[{"@type":"WebPage","@id":"https:\/\/globalallianceregister.com\/tr\/services\/egitim\/turkce-kaynakteknoljileriegitimi\/turkce-en-719-kaynak-supervizoru-seviye-1-gozle-muayene-egitimi\/","url":"https:\/\/globalallianceregister.com\/tr\/services\/egitim\/turkce-kaynakteknoljileriegitimi\/turkce-en-719-kaynak-supervizoru-seviye-1-gozle-muayene-egitimi\/","name":"EN 719 Kaynak S\u00fcperviz\u00f6r\u00fc \u2013 Seviye 1 - G\u00f6zle Muayene E\u011fitimi - Global Alliance Register","isPartOf":{"@id":"https:\/\/globalallianceregister.com\/tr\/#website"},"primaryImageOfPage":{"@id":"https:\/\/globalallianceregister.com\/tr\/services\/egitim\/turkce-kaynakteknoljileriegitimi\/turkce-en-719-kaynak-supervizoru-seviye-1-gozle-muayene-egitimi\/#primaryimage"},"image":{"@id":"https:\/\/globalallianceregister.com\/services\/egitim\/turkce-kaynakteknoljileriegitimi\/turkce-en-719-kaynak-supervizoru-seviye-1-gozle-muayene-egitimi\/#primaryimage"},"thumbnailUrl":"https:\/\/globalallianceregister.com\/wp-content\/uploads\/2015\/08\/Training-Inner-Page.jpg","datePublished":"2015-10-26T16:14:26+00:00","dateModified":"2016-02-04T11:49:24+00:00","breadcrumb":{"@id":"https:\/\/globalallianceregister.com\/tr\/services\/egitim\/turkce-kaynakteknoljileriegitimi\/turkce-en-719-kaynak-supervizoru-seviye-1-gozle-muayene-egitimi\/#breadcrumb"},"inLanguage":"tr","potentialAction":[{"@type":"ReadAction","target":[["https:\/\/globalallianceregister.com\/tr\/services\/egitim\/turkce-kaynakteknoljileriegitimi\/turkce-en-719-kaynak-supervizoru-seviye-1-gozle-muayene-egitimi\/"]]}]},{"@type":"ImageObject","inLanguage":"tr","@id":"https:\/\/globalallianceregister.com\/tr\/services\/egitim\/turkce-kaynakteknoljileriegitimi\/turkce-en-719-kaynak-supervizoru-seviye-1-gozle-muayene-egitimi\/#primaryimage","url":"https:\/\/globalallianceregister.com\/wp-content\/uploads\/2015\/08\/Training-Inner-Page.jpg","contentUrl":"https:\/\/globalallianceregister.com\/wp-content\/uploads\/2015\/08\/Training-Inner-Page.jpg","width":614,"height":200},{"@type":"BreadcrumbList","@id":"https:\/\/globalallianceregister.com\/tr\/services\/egitim\/turkce-kaynakteknoljileriegitimi\/turkce-en-719-kaynak-supervizoru-seviye-1-gozle-muayene-egitimi\/#breadcrumb","itemListElement":[{"@type":"ListItem","position":1,"name":"Anasayfa","item":"https:\/\/globalallianceregister.com\/tr\/"},{"@type":"ListItem","position":2,"name":"Hizmetler","item":"https:\/\/globalallianceregister.com\/tr\/services\/"},{"@type":"ListItem","position":3,"name":"E\u011fitim","item":"https:\/\/globalallianceregister.com\/tr\/services\/egitim\/"},{"@type":"ListItem","position":4,"name":"(TR) Kaynak Teknolojileri E\u011fitim Program\u0131","item":"https:\/\/globalallianceregister.com\/tr\/services\/egitim\/turkce-kaynakteknoljileriegitimi\/"},{"@type":"ListItem","position":5,"name":"(TR) EN 719 Kaynak S\u00fcperviz\u00f6r\u00fc \u2013 Seviye 1 &#8211; G\u00f6zle Muayene E\u011fitimi"}]},{"@type":"WebSite","@id":"https:\/\/globalallianceregister.com\/tr\/#website","url":"https:\/\/globalallianceregister.com\/tr\/","name":"Global Alliance Register","description":"(EN) Together for Excellence","potentialAction":[{"@type":"SearchAction","target":{"@type":"EntryPoint","urlTemplate":"https:\/\/globalallianceregister.com\/tr\/?s={search_term_string}"},"query-input":{"@type":"PropertyValueSpecification","valueRequired":true,"valueName":"search_term_string"}}],"inLanguage":"tr"}]}},"_links":{"self":[{"href":"https:\/\/globalallianceregister.com\/tr\/wp-json\/wp\/v2\/pages\/5333","targetHints":{"allow":["GET"]}}],"collection":[{"href":"https:\/\/globalallianceregister.com\/tr\/wp-json\/wp\/v2\/pages"}],"about":[{"href":"https:\/\/globalallianceregister.com\/tr\/wp-json\/wp\/v2\/types\/page"}],"author":[{"embeddable":true,"href":"https:\/\/globalallianceregister.com\/tr\/wp-json\/wp\/v2\/users\/10"}],"replies":[{"embeddable":true,"href":"https:\/\/globalallianceregister.com\/tr\/wp-json\/wp\/v2\/comments?post=5333"}],"version-history":[{"count":0,"href":"https:\/\/globalallianceregister.com\/tr\/wp-json\/wp\/v2\/pages\/5333\/revisions"}],"up":[{"embeddable":true,"href":"https:\/\/globalallianceregister.com\/tr\/wp-json\/wp\/v2\/pages\/2174"}],"wp:featuredmedia":[{"embeddable":true,"href":"https:\/\/globalallianceregister.com\/tr\/wp-json\/wp\/v2\/media\/5171"}],"wp:attachment":[{"href":"https:\/\/globalallianceregister.com\/tr\/wp-json\/wp\/v2\/media?parent=5333"}],"curies":[{"name":"wp","href":"https:\/\/api.w.org\/{rel}","templated":true}]}}