{"id":5335,"date":"2015-10-26T16:24:23","date_gmt":"2015-10-26T16:24:23","guid":{"rendered":"https:\/\/globalallianceregister.com\/?page_id=5335"},"modified":"2016-02-04T11:50:16","modified_gmt":"2016-02-04T11:50:16","slug":"turkce-en-719-kaynak-supervizoru-seviye-2","status":"publish","type":"page","link":"https:\/\/globalallianceregister.com\/tr\/services\/egitim\/turkce-kaynakteknoljileriegitimi\/turkce-en-719-kaynak-supervizoru-seviye-2\/","title":{"rendered":"EN 719 Kaynak S\u00fcperviz\u00f6r\u00fc \u2013 Seviye 2"},"content":{"rendered":"<p><strong>S\u00fcresi\u00a0<\/strong>5 g\u00fcn (40 saat) ve 1 g\u00fcn Vas\u0131fland\u0131rma S\u0131nav\u0131<\/p>\n<p><strong>Kat\u0131l\u0131mc\u0131 Profili<\/strong><\/p>\n<ul>\n<li>Kaynak S\u00fcperviz\u00f6r\u00fc olmak isteyen Kalite Kontrol M\u00fchendisleri ve Saha S\u00fcperviz\u00f6rleri, Muayene Personeli i\u00e7in uygundur.\u00a0<\/li>\n<li>Hi\u00e7bir kaynakl\u0131 proses ve muayene tecr\u00fcbesi olmayan adaylar\u0131n Global Alliance Acadmey\u00a0taraf\u0131ndan sa\u011flanan Kaynak S\u00fcperviz\u00f6r\u00fc Seviye 1 G\u00f6zle Muayene Personeli e\u011fitimine kat\u0131larak vas\u0131fland\u0131r\u0131lm\u0131\u015f olmalar\u0131 tavsiye edilmektedir.<\/li>\n<\/ul>\n<p><strong>Hedeflenen Sonu\u00e7<\/strong><\/p>\n<ul>\n<li>\u00c7eliklerde kaynakl\u0131 prosesler ve kaynak kalitesini etkileyen fakt\u00f6rleri anlamak<\/li>\n<li>Kalite kontrol\u00fc ile ilgili olarak s\u0131k kullan\u0131lan kaynak s\u00fcre\u00e7lerinin \u00f6zelliklerini tan\u0131maya \u00e7al\u0131\u015fmak,<\/li>\n<li>Kaynakl\u0131 imalatlara y\u00f6nelik talimatlar, semboller ve \u00e7izimleri yorumlama kabiliyeti kazand\u0131rmak,<\/li>\n<li>Kurmak ve kaynaklar, makro kesitlerin ve di\u011fer mekanik test muayene raporlar\u0131n\u0131n muayenesinin ger\u00e7ekle\u015ftirilmesi ve raporlanmas\u0131 konusunda vas\u0131fland\u0131rma sa\u011flanmas\u0131,<\/li>\n<li>Kabul kriterlerine uygun olarak kaynakl\u0131 i\u015flemlerinin muayenesi ve raporlanmas\u0131,<\/li>\n<li>Kaynakl\u0131 i\u015flemlere ait malzeme girdi muayenesi yapmak ve uygunlu\u011fun de\u011ferlendirilmesi konusunda yetkinlik kazand\u0131rmak, kaynak kalitesi \u00fczerindeki etkilerini tan\u0131mlayabilmek,<\/li>\n<li>Program sonu yap\u0131lacak olan vas\u0131fland\u0131rma s\u0131nav\u0131n\u0131 ge\u00e7ebilmek,<\/li>\n<\/ul>\n<p><strong>E\u011fitim \u0130\u00e7eri\u011fi<\/strong><\/p>\n<ul>\n<li>Kaynak Enspekt\u00f6r\u00fc\u2019n\u00fcn g\u00f6rev ve sorumluluklar\u0131,<\/li>\n<li>Kaynak teknolojisi ve kaynakl\u0131 prosesler,<\/li>\n<li>Tipik kaynak kusurlar\u0131,<\/li>\n<li>\u00c7elik t\u00fcrleri; karbon-manganez, d\u00fc\u015f\u00fck ala\u015f\u0131ml\u0131 ve paslanmaz \u00e7elikler,<\/li>\n<li>\u00c7eliklerin sertle\u015ftirilmesi,<\/li>\n<li>Kaynaklanabilirlik,<\/li>\n<li>Is\u0131l i\u015flem,<\/li>\n<li>Ana metal kusurlar\u0131,<\/li>\n<li>G\u00f6zle kontrol,<\/li>\n<li>Ana metaller ve kaynaklar\u0131n testi,<\/li>\n<li>Tahribatl\u0131 testler,<\/li>\n<li>Tahribats\u0131z Muayene NDT Teknikleri,<\/li>\n<li>WPS\/ PQR &#8211; Kaynak Operat\u00f6r\u00fc ve prosed\u00fcrlerinin g\u00f6zden ge\u00e7irilmesi ve onay\u0131,<\/li>\n<li>Kaynakl\u0131 proseslere ait kodlar ve standartlar,<\/li>\n<li>G\u00fcvenli \u00e7al\u0131\u015fma uygulamalar\u0131 hakk\u0131nda genel bilgilendirme,<\/li>\n<li>Muayene teknikleri hakk\u0131nda pratik uygulamalar vaka \u00e7al\u0131\u015fmalar\u0131,<\/li>\n<li>Program boyunca adaylar\u0131n s\u00fcrekli de\u011ferlendirme ve g\u00fcn sonu durum de\u011ferlendirmeleri,<\/li>\n<li>E\u011fitimin son g\u00fcn\u00fc itibar\u0131yla adaylar\u0131n Global Alliance Academy\u00a0taraf\u0131ndan yap\u0131lacak olan s\u0131nava haz\u0131rl\u0131k durumlar\u0131n\u0131n de\u011ferlendirilmesine ili\u015fkin toplant\u0131 ve de\u011ferlendirme.<\/li>\n<li>6. g\u00fcn yaz\u0131l\u0131 ve s\u00f6zl\u00fc s\u0131nav uygulamas\u0131,<\/li>\n<\/ul>\n<p><strong>Programa Kay\u0131t \u00d6ncesi Gerekli Evraklar<\/strong><\/p>\n<ul>\n<li>Ba\u015fvuru formunun tam ve eksiksiz olarak doldurulmas\u0131,<\/li>\n<li>Detay CV \/ Resume<\/li>\n<li>Diploma ve Kaynakl\u0131 Teknolojilerle ile ilgili kat\u0131ld\u0131\u011f\u0131 e\u011fitim ve vas\u0131fland\u0131rma programlar\u0131na ait mevcut sertifikalar\u0131n bir kopyas\u0131,<\/li>\n<li>Programa ba\u015fvuru aday\u0131n programa kat\u0131lmas\u0131 \u015fart\u0131n\u0131 sa\u011flamamaktad\u0131r. Kay\u0131t kab\u00fcl komisyonu taraf\u0131ndan yap\u0131lacak olan de\u011ferlendirme sonras\u0131 adaylar\u0131n kesin kayd\u0131 Global Alliance Academy\u00a0taraf\u0131ndan teyit edilecektir.<\/li>\n<\/ul>\n<p><strong>Kay\u0131t Kabul Kriterleri<\/strong><\/p>\n<ul>\n<li>Bu programa ilgilenen adaylar\u0131n kat\u0131labilmeleri i\u00e7in; Kaynak S\u00fcperviz\u00f6r\u00fc olarak en az 3 y\u0131l ya da son 5 y\u0131l i\u00e7erisinde en 2 y\u0131l Sertifikal\u0131 Kaynak E\u011fitmeni\/ Ustaba\u015f\u0131\/ Dan\u0131\u015fman olarak deneyim sahibi oldu\u011fu i\u015fveren(ler) taraf\u0131ndan do\u011frulanmal\u0131d\u0131r.<\/li>\n<\/ul>\n<p><strong>Sertifika<\/strong><\/p>\n<ul>\n<li>E\u011fitimi ba\u015far\u0131 ile tamamlayan t\u00fcm kat\u0131l\u0131mc\u0131lara Global Alliance Academy\u00a0taraf\u0131ndan, &#8220;EN 719 Kaynak S\u00fcperviz\u00f6r\u00fc \u2013 Seviye 2 Ba\u015far\u0131 Sertifikas\u0131&#8221; verilecektir.<\/li>\n<\/ul>","protected":false},"excerpt":{"rendered":"<p>S\u00fcresi\u00a05 g\u00fcn (40 saat) ve 1 g\u00fcn Vas\u0131fland\u0131rma S\u0131nav\u0131 Kat\u0131l\u0131mc\u0131 Profili Kaynak S\u00fcperviz\u00f6r\u00fc olmak isteyen Kalite Kontrol M\u00fchendisleri ve Saha S\u00fcperviz\u00f6rleri, Muayene Personeli i\u00e7in uygundur.\u00a0 Hi\u00e7bir kaynakl\u0131 proses ve muayene&#8230; <\/p>\n","protected":false},"author":10,"featured_media":5171,"parent":2174,"menu_order":0,"comment_status":"closed","ping_status":"closed","template":"page-full.php","meta":{"_acf_changed":false,"om_disable_all_campaigns":false,"footnotes":""},"class_list":["post-5335","page","type-page","status-publish","has-post-thumbnail","hentry"],"acf":[],"yoast_head":"<!-- This site is optimized with the Yoast SEO plugin v27.4 - https:\/\/yoast.com\/product\/yoast-seo-wordpress\/ -->\n<title>EN 719 Kaynak S\u00fcperviz\u00f6r\u00fc \u2013 Seviye 2 - Global Alliance Register<\/title>\n<meta name=\"robots\" content=\"index, follow, max-snippet:-1, max-image-preview:large, max-video-preview:-1\" \/>\n<link rel=\"canonical\" href=\"https:\/\/globalallianceregister.com\/tr\/services\/egitim\/turkce-kaynakteknoljileriegitimi\/turkce-en-719-kaynak-supervizoru-seviye-2\/\" \/>\n<meta property=\"og:locale\" content=\"tr_TR\" \/>\n<meta property=\"og:type\" content=\"article\" \/>\n<meta property=\"og:title\" content=\"EN 719 Kaynak S\u00fcperviz\u00f6r\u00fc \u2013 Seviye 2 - Global Alliance Register\" \/>\n<meta property=\"og:description\" content=\"S\u00fcresi\u00a05 g\u00fcn (40 saat) ve 1 g\u00fcn Vas\u0131fland\u0131rma S\u0131nav\u0131 Kat\u0131l\u0131mc\u0131 Profili Kaynak S\u00fcperviz\u00f6r\u00fc olmak isteyen Kalite Kontrol M\u00fchendisleri ve Saha S\u00fcperviz\u00f6rleri, Muayene Personeli i\u00e7in uygundur.\u00a0 Hi\u00e7bir kaynakl\u0131 proses ve muayene...\" \/>\n<meta property=\"og:url\" content=\"https:\/\/globalallianceregister.com\/tr\/services\/egitim\/turkce-kaynakteknoljileriegitimi\/turkce-en-719-kaynak-supervizoru-seviye-2\/\" \/>\n<meta property=\"og:site_name\" content=\"Global Alliance Register\" \/>\n<meta property=\"article:modified_time\" content=\"2016-02-04T11:50:16+00:00\" \/>\n<meta property=\"og:image\" content=\"https:\/\/globalallianceregister.com\/wp-content\/uploads\/2015\/08\/Training-Inner-Page.jpg\" \/>\n\t<meta property=\"og:image:width\" content=\"614\" \/>\n\t<meta property=\"og:image:height\" content=\"200\" \/>\n\t<meta property=\"og:image:type\" content=\"image\/jpeg\" \/>\n<meta name=\"twitter:label1\" content=\"Tahmini okuma s\u00fcresi\" \/>\n\t<meta name=\"twitter:data1\" content=\"2 dakika\" \/>\n<script type=\"application\/ld+json\" class=\"yoast-schema-graph\">{\"@context\":\"https:\\\/\\\/schema.org\",\"@graph\":[{\"@type\":\"WebPage\",\"@id\":\"https:\\\/\\\/globalallianceregister.com\\\/tr\\\/services\\\/egitim\\\/turkce-kaynakteknoljileriegitimi\\\/turkce-en-719-kaynak-supervizoru-seviye-2\\\/\",\"url\":\"https:\\\/\\\/globalallianceregister.com\\\/tr\\\/services\\\/egitim\\\/turkce-kaynakteknoljileriegitimi\\\/turkce-en-719-kaynak-supervizoru-seviye-2\\\/\",\"name\":\"EN 719 Kaynak S\u00fcperviz\u00f6r\u00fc \u2013 Seviye 2 - Global Alliance Register\",\"isPartOf\":{\"@id\":\"https:\\\/\\\/globalallianceregister.com\\\/tr\\\/#website\"},\"primaryImageOfPage\":{\"@id\":\"https:\\\/\\\/globalallianceregister.com\\\/tr\\\/services\\\/egitim\\\/turkce-kaynakteknoljileriegitimi\\\/turkce-en-719-kaynak-supervizoru-seviye-2\\\/#primaryimage\"},\"image\":{\"@id\":\"https:\\\/\\\/globalallianceregister.com\\\/services\\\/egitim\\\/turkce-kaynakteknoljileriegitimi\\\/turkce-en-719-kaynak-supervizoru-seviye-2\\\/#primaryimage\"},\"thumbnailUrl\":\"https:\\\/\\\/globalallianceregister.com\\\/wp-content\\\/uploads\\\/2015\\\/08\\\/Training-Inner-Page.jpg\",\"datePublished\":\"2015-10-26T16:24:23+00:00\",\"dateModified\":\"2016-02-04T11:50:16+00:00\",\"breadcrumb\":{\"@id\":\"https:\\\/\\\/globalallianceregister.com\\\/tr\\\/services\\\/egitim\\\/turkce-kaynakteknoljileriegitimi\\\/turkce-en-719-kaynak-supervizoru-seviye-2\\\/#breadcrumb\"},\"inLanguage\":\"tr\",\"potentialAction\":[{\"@type\":\"ReadAction\",\"target\":[[\"https:\\\/\\\/globalallianceregister.com\\\/tr\\\/services\\\/egitim\\\/turkce-kaynakteknoljileriegitimi\\\/turkce-en-719-kaynak-supervizoru-seviye-2\\\/\"]]}]},{\"@type\":\"ImageObject\",\"inLanguage\":\"tr\",\"@id\":\"https:\\\/\\\/globalallianceregister.com\\\/tr\\\/services\\\/egitim\\\/turkce-kaynakteknoljileriegitimi\\\/turkce-en-719-kaynak-supervizoru-seviye-2\\\/#primaryimage\",\"url\":\"https:\\\/\\\/globalallianceregister.com\\\/wp-content\\\/uploads\\\/2015\\\/08\\\/Training-Inner-Page.jpg\",\"contentUrl\":\"https:\\\/\\\/globalallianceregister.com\\\/wp-content\\\/uploads\\\/2015\\\/08\\\/Training-Inner-Page.jpg\",\"width\":614,\"height\":200},{\"@type\":\"BreadcrumbList\",\"@id\":\"https:\\\/\\\/globalallianceregister.com\\\/tr\\\/services\\\/egitim\\\/turkce-kaynakteknoljileriegitimi\\\/turkce-en-719-kaynak-supervizoru-seviye-2\\\/#breadcrumb\",\"itemListElement\":[{\"@type\":\"ListItem\",\"position\":1,\"name\":\"Anasayfa\",\"item\":\"https:\\\/\\\/globalallianceregister.com\\\/tr\\\/\"},{\"@type\":\"ListItem\",\"position\":2,\"name\":\"Hizmetler\",\"item\":\"https:\\\/\\\/globalallianceregister.com\\\/tr\\\/services\\\/\"},{\"@type\":\"ListItem\",\"position\":3,\"name\":\"E\u011fitim\",\"item\":\"https:\\\/\\\/globalallianceregister.com\\\/tr\\\/services\\\/egitim\\\/\"},{\"@type\":\"ListItem\",\"position\":4,\"name\":\"(TR) Kaynak Teknolojileri E\u011fitim Program\u0131\",\"item\":\"https:\\\/\\\/globalallianceregister.com\\\/tr\\\/services\\\/egitim\\\/turkce-kaynakteknoljileriegitimi\\\/\"},{\"@type\":\"ListItem\",\"position\":5,\"name\":\"(TR) EN 719 Kaynak S\u00fcperviz\u00f6r\u00fc \u2013 Seviye 2\"}]},{\"@type\":\"WebSite\",\"@id\":\"https:\\\/\\\/globalallianceregister.com\\\/tr\\\/#website\",\"url\":\"https:\\\/\\\/globalallianceregister.com\\\/tr\\\/\",\"name\":\"Global Alliance Register\",\"description\":\"(EN) Together for Excellence\",\"potentialAction\":[{\"@type\":\"SearchAction\",\"target\":{\"@type\":\"EntryPoint\",\"urlTemplate\":\"https:\\\/\\\/globalallianceregister.com\\\/tr\\\/?s={search_term_string}\"},\"query-input\":{\"@type\":\"PropertyValueSpecification\",\"valueRequired\":true,\"valueName\":\"search_term_string\"}}],\"inLanguage\":\"tr\"}]}<\/script>\n<!-- \/ Yoast SEO plugin. -->","yoast_head_json":{"title":"EN 719 Kaynak S\u00fcperviz\u00f6r\u00fc \u2013 Seviye 2 - Global Alliance Register","robots":{"index":"index","follow":"follow","max-snippet":"max-snippet:-1","max-image-preview":"max-image-preview:large","max-video-preview":"max-video-preview:-1"},"canonical":"https:\/\/globalallianceregister.com\/tr\/services\/egitim\/turkce-kaynakteknoljileriegitimi\/turkce-en-719-kaynak-supervizoru-seviye-2\/","og_locale":"tr_TR","og_type":"article","og_title":"EN 719 Kaynak S\u00fcperviz\u00f6r\u00fc \u2013 Seviye 2 - Global Alliance Register","og_description":"S\u00fcresi\u00a05 g\u00fcn (40 saat) ve 1 g\u00fcn Vas\u0131fland\u0131rma S\u0131nav\u0131 Kat\u0131l\u0131mc\u0131 Profili Kaynak S\u00fcperviz\u00f6r\u00fc olmak isteyen Kalite Kontrol M\u00fchendisleri ve Saha S\u00fcperviz\u00f6rleri, Muayene Personeli i\u00e7in uygundur.\u00a0 Hi\u00e7bir kaynakl\u0131 proses ve muayene...","og_url":"https:\/\/globalallianceregister.com\/tr\/services\/egitim\/turkce-kaynakteknoljileriegitimi\/turkce-en-719-kaynak-supervizoru-seviye-2\/","og_site_name":"Global Alliance Register","article_modified_time":"2016-02-04T11:50:16+00:00","og_image":[{"width":614,"height":200,"url":"https:\/\/globalallianceregister.com\/wp-content\/uploads\/2015\/08\/Training-Inner-Page.jpg","type":"image\/jpeg"}],"twitter_misc":{"Tahmini okuma s\u00fcresi":"2 dakika"},"schema":{"@context":"https:\/\/schema.org","@graph":[{"@type":"WebPage","@id":"https:\/\/globalallianceregister.com\/tr\/services\/egitim\/turkce-kaynakteknoljileriegitimi\/turkce-en-719-kaynak-supervizoru-seviye-2\/","url":"https:\/\/globalallianceregister.com\/tr\/services\/egitim\/turkce-kaynakteknoljileriegitimi\/turkce-en-719-kaynak-supervizoru-seviye-2\/","name":"EN 719 Kaynak S\u00fcperviz\u00f6r\u00fc \u2013 Seviye 2 - Global Alliance Register","isPartOf":{"@id":"https:\/\/globalallianceregister.com\/tr\/#website"},"primaryImageOfPage":{"@id":"https:\/\/globalallianceregister.com\/tr\/services\/egitim\/turkce-kaynakteknoljileriegitimi\/turkce-en-719-kaynak-supervizoru-seviye-2\/#primaryimage"},"image":{"@id":"https:\/\/globalallianceregister.com\/services\/egitim\/turkce-kaynakteknoljileriegitimi\/turkce-en-719-kaynak-supervizoru-seviye-2\/#primaryimage"},"thumbnailUrl":"https:\/\/globalallianceregister.com\/wp-content\/uploads\/2015\/08\/Training-Inner-Page.jpg","datePublished":"2015-10-26T16:24:23+00:00","dateModified":"2016-02-04T11:50:16+00:00","breadcrumb":{"@id":"https:\/\/globalallianceregister.com\/tr\/services\/egitim\/turkce-kaynakteknoljileriegitimi\/turkce-en-719-kaynak-supervizoru-seviye-2\/#breadcrumb"},"inLanguage":"tr","potentialAction":[{"@type":"ReadAction","target":[["https:\/\/globalallianceregister.com\/tr\/services\/egitim\/turkce-kaynakteknoljileriegitimi\/turkce-en-719-kaynak-supervizoru-seviye-2\/"]]}]},{"@type":"ImageObject","inLanguage":"tr","@id":"https:\/\/globalallianceregister.com\/tr\/services\/egitim\/turkce-kaynakteknoljileriegitimi\/turkce-en-719-kaynak-supervizoru-seviye-2\/#primaryimage","url":"https:\/\/globalallianceregister.com\/wp-content\/uploads\/2015\/08\/Training-Inner-Page.jpg","contentUrl":"https:\/\/globalallianceregister.com\/wp-content\/uploads\/2015\/08\/Training-Inner-Page.jpg","width":614,"height":200},{"@type":"BreadcrumbList","@id":"https:\/\/globalallianceregister.com\/tr\/services\/egitim\/turkce-kaynakteknoljileriegitimi\/turkce-en-719-kaynak-supervizoru-seviye-2\/#breadcrumb","itemListElement":[{"@type":"ListItem","position":1,"name":"Anasayfa","item":"https:\/\/globalallianceregister.com\/tr\/"},{"@type":"ListItem","position":2,"name":"Hizmetler","item":"https:\/\/globalallianceregister.com\/tr\/services\/"},{"@type":"ListItem","position":3,"name":"E\u011fitim","item":"https:\/\/globalallianceregister.com\/tr\/services\/egitim\/"},{"@type":"ListItem","position":4,"name":"(TR) Kaynak Teknolojileri E\u011fitim Program\u0131","item":"https:\/\/globalallianceregister.com\/tr\/services\/egitim\/turkce-kaynakteknoljileriegitimi\/"},{"@type":"ListItem","position":5,"name":"(TR) EN 719 Kaynak S\u00fcperviz\u00f6r\u00fc \u2013 Seviye 2"}]},{"@type":"WebSite","@id":"https:\/\/globalallianceregister.com\/tr\/#website","url":"https:\/\/globalallianceregister.com\/tr\/","name":"Global Alliance Register","description":"(EN) Together for Excellence","potentialAction":[{"@type":"SearchAction","target":{"@type":"EntryPoint","urlTemplate":"https:\/\/globalallianceregister.com\/tr\/?s={search_term_string}"},"query-input":{"@type":"PropertyValueSpecification","valueRequired":true,"valueName":"search_term_string"}}],"inLanguage":"tr"}]}},"_links":{"self":[{"href":"https:\/\/globalallianceregister.com\/tr\/wp-json\/wp\/v2\/pages\/5335","targetHints":{"allow":["GET"]}}],"collection":[{"href":"https:\/\/globalallianceregister.com\/tr\/wp-json\/wp\/v2\/pages"}],"about":[{"href":"https:\/\/globalallianceregister.com\/tr\/wp-json\/wp\/v2\/types\/page"}],"author":[{"embeddable":true,"href":"https:\/\/globalallianceregister.com\/tr\/wp-json\/wp\/v2\/users\/10"}],"replies":[{"embeddable":true,"href":"https:\/\/globalallianceregister.com\/tr\/wp-json\/wp\/v2\/comments?post=5335"}],"version-history":[{"count":0,"href":"https:\/\/globalallianceregister.com\/tr\/wp-json\/wp\/v2\/pages\/5335\/revisions"}],"up":[{"embeddable":true,"href":"https:\/\/globalallianceregister.com\/tr\/wp-json\/wp\/v2\/pages\/2174"}],"wp:featuredmedia":[{"embeddable":true,"href":"https:\/\/globalallianceregister.com\/tr\/wp-json\/wp\/v2\/media\/5171"}],"wp:attachment":[{"href":"https:\/\/globalallianceregister.com\/tr\/wp-json\/wp\/v2\/media?parent=5335"}],"curies":[{"name":"wp","href":"https:\/\/api.w.org\/{rel}","templated":true}]}}