{"id":5337,"date":"2015-10-26T16:29:42","date_gmt":"2015-10-26T16:29:42","guid":{"rendered":"https:\/\/globalallianceregister.com\/?page_id=5337"},"modified":"2016-02-04T11:52:12","modified_gmt":"2016-02-04T11:52:12","slug":"turkce-en-719-kaynak-supervizoru-seviye-3","status":"publish","type":"page","link":"https:\/\/globalallianceregister.com\/tr\/services\/egitim\/turkce-kaynakteknoljileriegitimi\/turkce-en-719-kaynak-supervizoru-seviye-3\/","title":{"rendered":"EN 719 Kaynak S\u00fcperviz\u00f6r\u00fc \u2013 Seviye 3"},"content":{"rendered":"<p><strong>S\u00fcresi<\/strong>\u00a05 g\u00fcn (40\u00a0 saat) 1 g\u00fcn Vas\u0131fland\u0131rma S\u0131nav\u0131<\/p>\n<p><strong>Kat\u0131l\u0131mc\u0131 Profili<\/strong><\/p>\n<ul>\n<li>Deneyimli Kaynak S\u00fcperviz\u00f6rleri ve kalite kontrol personeli ve gerekli \u015fartlar\u0131 sa\u011flayan Global Alliance Academy\u00a0Kaynak S\u00fcperviz\u00f6r\u00fc Seviye 3 kalifikasyonu temin etmek isteyen t\u00fcm adaylar.<\/li>\n<li>Bu kalifikasyon program\u0131na kat\u0131lmadan \u00f6nce adaylar\u0131n mutlaka Standart D\u00fczeyde Sertifikal\u0131 Kaynak S\u00fcperviz\u00f6r\u00fc (Global Alliance Academy Kaynak S\u00fcperviz\u00f6r\u00fc Seviye 2 ya da kabul edilebilir muadil sertifika) olarak deneyim kazanm\u0131\u015f olmalar\u0131 \u00f6n ko\u015fuldur.<\/li>\n<\/ul>\n<p><strong>Hedeflenen Sonu\u00e7<\/strong><\/p>\n<ul>\n<li>Kaynak muayenesi ve kalite kontrol\u00fcn\u00fc \u00e7e\u015fitli y\u00f6nleri ile anlamak<\/li>\n<li>WPS- Kaynak Prosed\u00fcrlerinin ge\u00e7erlili\u011fini de\u011ferlendirmek ve do\u011frulamak,<\/li>\n<li>Kaynak hatalar\u0131n\u0131n k\u00f6k nedenlerini tan\u0131mlayabilmek<\/li>\n<li>Bir \u00e7atlak y\u00fczey \u00f6zelliklerini yorumlamak ve konu hakk\u0131nda detayl\u0131 rapor haz\u0131rlayabilmek<\/li>\n<li>Muayene raporlar\u0131n\u0131 incelemek ve gerekli d\u00fczeltmeleri yapabilmek,<\/li>\n<li>Kaynakl\u0131 Prosesleri Planlama, Organizasyon, Kaynak Muayene ve NDT Tahribats\u0131z Muayene Personelinin yetkinli\u011fini de\u011ferlendirmek ve g\u00f6revlendirmek,<\/li>\n<li>Kaynak \u00f6ncesi, kaynak s\u0131ras\u0131nda ve sonras\u0131nda gerekli olan muayeneleri yapmak,<\/li>\n<li>Global Alliance Academy\u00a0taraf\u0131ndan yap\u0131lacak Kaynak S\u00fcperviz\u00f6r\u00fc Seviye 3 Yaz\u0131l\u0131 ve S\u00f6zl\u00fc S\u0131nav\u0131\u2019nda ba\u015far\u0131l\u0131 olmak.<\/li>\n<\/ul>\n<p><strong>E\u011fitim \u0130\u00e7eri\u011fi<\/strong><\/p>\n<ul>\n<li>\u0130leri seviye bir Kaynak S\u00fcperviz\u00f6r\u00fc\u2019n\u00fcn fonksiyon ve sorumluluklar\u0131,<\/li>\n<li>Kaynak kusurlar\u0131,<\/li>\n<li>Kaynak sembol\u00fc yorumlamalar\u0131,<\/li>\n<li>Tahribats\u0131z Muayene &#8211; NDT Raporlar\u0131n\u0131n yorumlanmas\u0131,<\/li>\n<li>Kaynakl\u0131 \u0130\u015flemlere Ait Dok\u00fcmantasyon,<\/li>\n<li>Onay ve belgelendirme prosed\u00fcrleri,<\/li>\n<li>Kaynakl\u0131 proseslere s\u00fcpervize edilmesine ili\u015fkin genel prensipler,<\/li>\n<li>Vaka \u00e7al\u0131\u015fmalar\u0131,<\/li>\n<li>Planlama,<\/li>\n<li>Organizasyon,<\/li>\n<li>\u00c7atlak\/ k\u0131r\u0131k y\u00fczeylerin yorumlanmas\u0131,<\/li>\n<li>Muayene ve denetim,<\/li>\n<li>S\u0131nav \u00f6ncesi haz\u0131rl\u0131k ve pratikler,<\/li>\n<li>E\u011fitim i\u00e7i de\u011ferlendirmelerin payla\u015f\u0131lmas\u0131,<\/li>\n<\/ul>\n<p>&nbsp;<\/p>\n<p><strong>Programa Kay\u0131t \u00d6ncesi Gerekli Evraklar<\/strong><\/p>\n<ul>\n<li>Ba\u015fvuru formunun tam ve eksiksiz olarak doldurulmas\u0131,<\/li>\n<li>Detay CV \/ Resume<\/li>\n<li>Diploma ve Kaynakl\u0131 Teknolojilerle ile ilgili kat\u0131ld\u0131\u011f\u0131 e\u011fitim ve vas\u0131fland\u0131rma programlar\u0131na ait mevcut sertifikalar\u0131n bir kopyas\u0131,<\/li>\n<li>Programa ba\u015fvuru aday\u0131n programa kat\u0131lmas\u0131 \u015fart\u0131n\u0131 sa\u011flamamaktad\u0131r. Kay\u0131t kabul komisyonu taraf\u0131ndan yap\u0131lacak olan de\u011ferlendirme sonras\u0131 adaylar\u0131n kesin kayd\u0131 Global Alliance Academy\u00a0taraf\u0131ndan teyit edilecektir.<\/li>\n<\/ul>\n<p><strong>Kay\u0131t Kabul Kriterleri<\/strong><\/p>\n<ul>\n<li>Programa kat\u0131larak Seviye 3 Kaynak S\u00fcperviz\u00f6r\u00fc \u00fczere vas\u0131fland\u0131rma isteyen t\u00fcm adaylar son 5 y\u0131l i\u00e7erisinde en 3 y\u0131l Sertifikal\u0131 olarak Kaynak S\u00fcperviz\u00f6r\u00fc Seviye 2 olarak deneyim sahip oldu\u011fu ilgili i\u015fveren(ler) taraf\u0131ndan do\u011frulanmal\u0131d\u0131r.<\/li>\n<li>\u0130lgili e\u011fitim kapsam\u0131nda radyografik film de\u011ferlendirme konusunu kapsamaktad\u0131r. Bu programa kat\u0131lacak t\u00fcm adaylar\u0131n Radyografik Film De\u011ferlendirme Seviye 2 olarak ge\u00e7erli sertifikaya sahip olmalar\u0131 ve son 5 y\u0131l i\u00e7erisinde minimum 3 y\u0131l film de\u011ferlendirme konusunda deneyiminin oldu\u011fu \u0130\u015fveren taraf\u0131ndan do\u011frulanmal\u0131d\u0131r.<\/li>\n<\/ul>\n<p><strong>Sertifika<\/strong><\/p>\n<ul>\n<li>E\u011fitimi ba\u015far\u0131 ile tamamlayan t\u00fcm kat\u0131l\u0131mc\u0131lara Global Alliance Academy\u00a0taraf\u0131ndan, &#8220;EN 719 Kaynak S\u00fcperviz\u00f6r\u00fc \u2013 Seviye 3 Ba\u015far\u0131 Sertifikas\u0131&#8221; verilecektir<\/li>\n<\/ul>","protected":false},"excerpt":{"rendered":"<p>S\u00fcresi\u00a05 g\u00fcn (40\u00a0 saat) 1 g\u00fcn Vas\u0131fland\u0131rma S\u0131nav\u0131 Kat\u0131l\u0131mc\u0131 Profili Deneyimli Kaynak S\u00fcperviz\u00f6rleri ve kalite kontrol personeli ve gerekli \u015fartlar\u0131 sa\u011flayan Global Alliance Academy\u00a0Kaynak S\u00fcperviz\u00f6r\u00fc Seviye 3 kalifikasyonu temin etmek&#8230; <\/p>\n","protected":false},"author":10,"featured_media":5171,"parent":2174,"menu_order":0,"comment_status":"closed","ping_status":"closed","template":"page-full.php","meta":{"_acf_changed":false,"om_disable_all_campaigns":false,"footnotes":""},"class_list":["post-5337","page","type-page","status-publish","has-post-thumbnail","hentry"],"acf":[],"yoast_head":"<!-- This site is optimized with the Yoast SEO plugin v27.4 - https:\/\/yoast.com\/product\/yoast-seo-wordpress\/ -->\n<title>EN 719 Kaynak S\u00fcperviz\u00f6r\u00fc \u2013 Seviye 3 - Global Alliance Register<\/title>\n<meta name=\"robots\" content=\"index, follow, max-snippet:-1, max-image-preview:large, max-video-preview:-1\" \/>\n<link rel=\"canonical\" href=\"https:\/\/globalallianceregister.com\/tr\/services\/egitim\/turkce-kaynakteknoljileriegitimi\/turkce-en-719-kaynak-supervizoru-seviye-3\/\" \/>\n<meta property=\"og:locale\" content=\"tr_TR\" \/>\n<meta property=\"og:type\" content=\"article\" \/>\n<meta property=\"og:title\" content=\"EN 719 Kaynak S\u00fcperviz\u00f6r\u00fc \u2013 Seviye 3 - Global Alliance Register\" \/>\n<meta property=\"og:description\" content=\"S\u00fcresi\u00a05 g\u00fcn (40\u00a0 saat) 1 g\u00fcn Vas\u0131fland\u0131rma S\u0131nav\u0131 Kat\u0131l\u0131mc\u0131 Profili Deneyimli Kaynak S\u00fcperviz\u00f6rleri ve kalite kontrol personeli ve gerekli \u015fartlar\u0131 sa\u011flayan Global Alliance Academy\u00a0Kaynak S\u00fcperviz\u00f6r\u00fc Seviye 3 kalifikasyonu temin etmek...\" \/>\n<meta property=\"og:url\" content=\"https:\/\/globalallianceregister.com\/tr\/services\/egitim\/turkce-kaynakteknoljileriegitimi\/turkce-en-719-kaynak-supervizoru-seviye-3\/\" \/>\n<meta property=\"og:site_name\" content=\"Global Alliance Register\" \/>\n<meta property=\"article:modified_time\" content=\"2016-02-04T11:52:12+00:00\" \/>\n<meta property=\"og:image\" content=\"https:\/\/globalallianceregister.com\/wp-content\/uploads\/2015\/08\/Training-Inner-Page.jpg\" \/>\n\t<meta property=\"og:image:width\" content=\"614\" \/>\n\t<meta property=\"og:image:height\" content=\"200\" \/>\n\t<meta property=\"og:image:type\" content=\"image\/jpeg\" \/>\n<meta name=\"twitter:label1\" content=\"Tahmini okuma s\u00fcresi\" \/>\n\t<meta name=\"twitter:data1\" content=\"2 dakika\" \/>\n<script type=\"application\/ld+json\" class=\"yoast-schema-graph\">{\"@context\":\"https:\\\/\\\/schema.org\",\"@graph\":[{\"@type\":\"WebPage\",\"@id\":\"https:\\\/\\\/globalallianceregister.com\\\/tr\\\/services\\\/egitim\\\/turkce-kaynakteknoljileriegitimi\\\/turkce-en-719-kaynak-supervizoru-seviye-3\\\/\",\"url\":\"https:\\\/\\\/globalallianceregister.com\\\/tr\\\/services\\\/egitim\\\/turkce-kaynakteknoljileriegitimi\\\/turkce-en-719-kaynak-supervizoru-seviye-3\\\/\",\"name\":\"EN 719 Kaynak S\u00fcperviz\u00f6r\u00fc \u2013 Seviye 3 - Global Alliance Register\",\"isPartOf\":{\"@id\":\"https:\\\/\\\/globalallianceregister.com\\\/tr\\\/#website\"},\"primaryImageOfPage\":{\"@id\":\"https:\\\/\\\/globalallianceregister.com\\\/tr\\\/services\\\/egitim\\\/turkce-kaynakteknoljileriegitimi\\\/turkce-en-719-kaynak-supervizoru-seviye-3\\\/#primaryimage\"},\"image\":{\"@id\":\"https:\\\/\\\/globalallianceregister.com\\\/services\\\/egitim\\\/turkce-kaynakteknoljileriegitimi\\\/turkce-en-719-kaynak-supervizoru-seviye-3\\\/#primaryimage\"},\"thumbnailUrl\":\"https:\\\/\\\/globalallianceregister.com\\\/wp-content\\\/uploads\\\/2015\\\/08\\\/Training-Inner-Page.jpg\",\"datePublished\":\"2015-10-26T16:29:42+00:00\",\"dateModified\":\"2016-02-04T11:52:12+00:00\",\"breadcrumb\":{\"@id\":\"https:\\\/\\\/globalallianceregister.com\\\/tr\\\/services\\\/egitim\\\/turkce-kaynakteknoljileriegitimi\\\/turkce-en-719-kaynak-supervizoru-seviye-3\\\/#breadcrumb\"},\"inLanguage\":\"tr\",\"potentialAction\":[{\"@type\":\"ReadAction\",\"target\":[[\"https:\\\/\\\/globalallianceregister.com\\\/tr\\\/services\\\/egitim\\\/turkce-kaynakteknoljileriegitimi\\\/turkce-en-719-kaynak-supervizoru-seviye-3\\\/\"]]}]},{\"@type\":\"ImageObject\",\"inLanguage\":\"tr\",\"@id\":\"https:\\\/\\\/globalallianceregister.com\\\/tr\\\/services\\\/egitim\\\/turkce-kaynakteknoljileriegitimi\\\/turkce-en-719-kaynak-supervizoru-seviye-3\\\/#primaryimage\",\"url\":\"https:\\\/\\\/globalallianceregister.com\\\/wp-content\\\/uploads\\\/2015\\\/08\\\/Training-Inner-Page.jpg\",\"contentUrl\":\"https:\\\/\\\/globalallianceregister.com\\\/wp-content\\\/uploads\\\/2015\\\/08\\\/Training-Inner-Page.jpg\",\"width\":614,\"height\":200},{\"@type\":\"BreadcrumbList\",\"@id\":\"https:\\\/\\\/globalallianceregister.com\\\/tr\\\/services\\\/egitim\\\/turkce-kaynakteknoljileriegitimi\\\/turkce-en-719-kaynak-supervizoru-seviye-3\\\/#breadcrumb\",\"itemListElement\":[{\"@type\":\"ListItem\",\"position\":1,\"name\":\"Anasayfa\",\"item\":\"https:\\\/\\\/globalallianceregister.com\\\/tr\\\/\"},{\"@type\":\"ListItem\",\"position\":2,\"name\":\"Hizmetler\",\"item\":\"https:\\\/\\\/globalallianceregister.com\\\/tr\\\/services\\\/\"},{\"@type\":\"ListItem\",\"position\":3,\"name\":\"E\u011fitim\",\"item\":\"https:\\\/\\\/globalallianceregister.com\\\/tr\\\/services\\\/egitim\\\/\"},{\"@type\":\"ListItem\",\"position\":4,\"name\":\"(TR) Kaynak Teknolojileri E\u011fitim Program\u0131\",\"item\":\"https:\\\/\\\/globalallianceregister.com\\\/tr\\\/services\\\/egitim\\\/turkce-kaynakteknoljileriegitimi\\\/\"},{\"@type\":\"ListItem\",\"position\":5,\"name\":\"(TR) EN 719 Kaynak S\u00fcperviz\u00f6r\u00fc \u2013 Seviye 3\"}]},{\"@type\":\"WebSite\",\"@id\":\"https:\\\/\\\/globalallianceregister.com\\\/tr\\\/#website\",\"url\":\"https:\\\/\\\/globalallianceregister.com\\\/tr\\\/\",\"name\":\"Global Alliance Register\",\"description\":\"(EN) Together for Excellence\",\"potentialAction\":[{\"@type\":\"SearchAction\",\"target\":{\"@type\":\"EntryPoint\",\"urlTemplate\":\"https:\\\/\\\/globalallianceregister.com\\\/tr\\\/?s={search_term_string}\"},\"query-input\":{\"@type\":\"PropertyValueSpecification\",\"valueRequired\":true,\"valueName\":\"search_term_string\"}}],\"inLanguage\":\"tr\"}]}<\/script>\n<!-- \/ Yoast SEO plugin. -->","yoast_head_json":{"title":"EN 719 Kaynak S\u00fcperviz\u00f6r\u00fc \u2013 Seviye 3 - Global Alliance Register","robots":{"index":"index","follow":"follow","max-snippet":"max-snippet:-1","max-image-preview":"max-image-preview:large","max-video-preview":"max-video-preview:-1"},"canonical":"https:\/\/globalallianceregister.com\/tr\/services\/egitim\/turkce-kaynakteknoljileriegitimi\/turkce-en-719-kaynak-supervizoru-seviye-3\/","og_locale":"tr_TR","og_type":"article","og_title":"EN 719 Kaynak S\u00fcperviz\u00f6r\u00fc \u2013 Seviye 3 - Global Alliance Register","og_description":"S\u00fcresi\u00a05 g\u00fcn (40\u00a0 saat) 1 g\u00fcn Vas\u0131fland\u0131rma S\u0131nav\u0131 Kat\u0131l\u0131mc\u0131 Profili Deneyimli Kaynak S\u00fcperviz\u00f6rleri ve kalite kontrol personeli ve gerekli \u015fartlar\u0131 sa\u011flayan Global Alliance Academy\u00a0Kaynak S\u00fcperviz\u00f6r\u00fc Seviye 3 kalifikasyonu temin etmek...","og_url":"https:\/\/globalallianceregister.com\/tr\/services\/egitim\/turkce-kaynakteknoljileriegitimi\/turkce-en-719-kaynak-supervizoru-seviye-3\/","og_site_name":"Global Alliance Register","article_modified_time":"2016-02-04T11:52:12+00:00","og_image":[{"width":614,"height":200,"url":"https:\/\/globalallianceregister.com\/wp-content\/uploads\/2015\/08\/Training-Inner-Page.jpg","type":"image\/jpeg"}],"twitter_misc":{"Tahmini okuma s\u00fcresi":"2 dakika"},"schema":{"@context":"https:\/\/schema.org","@graph":[{"@type":"WebPage","@id":"https:\/\/globalallianceregister.com\/tr\/services\/egitim\/turkce-kaynakteknoljileriegitimi\/turkce-en-719-kaynak-supervizoru-seviye-3\/","url":"https:\/\/globalallianceregister.com\/tr\/services\/egitim\/turkce-kaynakteknoljileriegitimi\/turkce-en-719-kaynak-supervizoru-seviye-3\/","name":"EN 719 Kaynak S\u00fcperviz\u00f6r\u00fc \u2013 Seviye 3 - Global Alliance Register","isPartOf":{"@id":"https:\/\/globalallianceregister.com\/tr\/#website"},"primaryImageOfPage":{"@id":"https:\/\/globalallianceregister.com\/tr\/services\/egitim\/turkce-kaynakteknoljileriegitimi\/turkce-en-719-kaynak-supervizoru-seviye-3\/#primaryimage"},"image":{"@id":"https:\/\/globalallianceregister.com\/services\/egitim\/turkce-kaynakteknoljileriegitimi\/turkce-en-719-kaynak-supervizoru-seviye-3\/#primaryimage"},"thumbnailUrl":"https:\/\/globalallianceregister.com\/wp-content\/uploads\/2015\/08\/Training-Inner-Page.jpg","datePublished":"2015-10-26T16:29:42+00:00","dateModified":"2016-02-04T11:52:12+00:00","breadcrumb":{"@id":"https:\/\/globalallianceregister.com\/tr\/services\/egitim\/turkce-kaynakteknoljileriegitimi\/turkce-en-719-kaynak-supervizoru-seviye-3\/#breadcrumb"},"inLanguage":"tr","potentialAction":[{"@type":"ReadAction","target":[["https:\/\/globalallianceregister.com\/tr\/services\/egitim\/turkce-kaynakteknoljileriegitimi\/turkce-en-719-kaynak-supervizoru-seviye-3\/"]]}]},{"@type":"ImageObject","inLanguage":"tr","@id":"https:\/\/globalallianceregister.com\/tr\/services\/egitim\/turkce-kaynakteknoljileriegitimi\/turkce-en-719-kaynak-supervizoru-seviye-3\/#primaryimage","url":"https:\/\/globalallianceregister.com\/wp-content\/uploads\/2015\/08\/Training-Inner-Page.jpg","contentUrl":"https:\/\/globalallianceregister.com\/wp-content\/uploads\/2015\/08\/Training-Inner-Page.jpg","width":614,"height":200},{"@type":"BreadcrumbList","@id":"https:\/\/globalallianceregister.com\/tr\/services\/egitim\/turkce-kaynakteknoljileriegitimi\/turkce-en-719-kaynak-supervizoru-seviye-3\/#breadcrumb","itemListElement":[{"@type":"ListItem","position":1,"name":"Anasayfa","item":"https:\/\/globalallianceregister.com\/tr\/"},{"@type":"ListItem","position":2,"name":"Hizmetler","item":"https:\/\/globalallianceregister.com\/tr\/services\/"},{"@type":"ListItem","position":3,"name":"E\u011fitim","item":"https:\/\/globalallianceregister.com\/tr\/services\/egitim\/"},{"@type":"ListItem","position":4,"name":"(TR) Kaynak Teknolojileri E\u011fitim Program\u0131","item":"https:\/\/globalallianceregister.com\/tr\/services\/egitim\/turkce-kaynakteknoljileriegitimi\/"},{"@type":"ListItem","position":5,"name":"(TR) EN 719 Kaynak S\u00fcperviz\u00f6r\u00fc \u2013 Seviye 3"}]},{"@type":"WebSite","@id":"https:\/\/globalallianceregister.com\/tr\/#website","url":"https:\/\/globalallianceregister.com\/tr\/","name":"Global Alliance Register","description":"(EN) Together for Excellence","potentialAction":[{"@type":"SearchAction","target":{"@type":"EntryPoint","urlTemplate":"https:\/\/globalallianceregister.com\/tr\/?s={search_term_string}"},"query-input":{"@type":"PropertyValueSpecification","valueRequired":true,"valueName":"search_term_string"}}],"inLanguage":"tr"}]}},"_links":{"self":[{"href":"https:\/\/globalallianceregister.com\/tr\/wp-json\/wp\/v2\/pages\/5337","targetHints":{"allow":["GET"]}}],"collection":[{"href":"https:\/\/globalallianceregister.com\/tr\/wp-json\/wp\/v2\/pages"}],"about":[{"href":"https:\/\/globalallianceregister.com\/tr\/wp-json\/wp\/v2\/types\/page"}],"author":[{"embeddable":true,"href":"https:\/\/globalallianceregister.com\/tr\/wp-json\/wp\/v2\/users\/10"}],"replies":[{"embeddable":true,"href":"https:\/\/globalallianceregister.com\/tr\/wp-json\/wp\/v2\/comments?post=5337"}],"version-history":[{"count":0,"href":"https:\/\/globalallianceregister.com\/tr\/wp-json\/wp\/v2\/pages\/5337\/revisions"}],"up":[{"embeddable":true,"href":"https:\/\/globalallianceregister.com\/tr\/wp-json\/wp\/v2\/pages\/2174"}],"wp:featuredmedia":[{"embeddable":true,"href":"https:\/\/globalallianceregister.com\/tr\/wp-json\/wp\/v2\/media\/5171"}],"wp:attachment":[{"href":"https:\/\/globalallianceregister.com\/tr\/wp-json\/wp\/v2\/media?parent=5337"}],"curies":[{"name":"wp","href":"https:\/\/api.w.org\/{rel}","templated":true}]}}