{"id":5341,"date":"2015-10-26T17:02:12","date_gmt":"2015-10-26T17:02:12","guid":{"rendered":"https:\/\/globalallianceregister.com\/?page_id=5341"},"modified":"2016-02-04T11:48:20","modified_gmt":"2016-02-04T11:48:20","slug":"turkce-en-719ts-en-iso-14731-kaynak-koordinasyon-personeli-yetistirme-programi","status":"publish","type":"page","link":"https:\/\/globalallianceregister.com\/tr\/services\/egitim\/turkce-kaynakteknoljileriegitimi\/turkce-en-719ts-en-iso-14731-kaynak-koordinasyon-personeli-yetistirme-programi\/","title":{"rendered":"EN 719 (TS EN ISO 14731) Kaynak Koordinasyon Personeli Yeti\u015ftirme Program\u0131"},"content":{"rendered":"<p><strong>E\u011fitimin Amac\u0131<\/strong><\/p>\n<ul>\n<li>\u00dc\u00e7 g\u00fcn s\u00fcreli olarak \u00f6ng\u00f6r\u00fclen bu e\u011fitim ile, temel kaynak y\u00f6ntemleri ile tahribatl\u0131 ve tahribats\u0131z testler hakk\u0131nda bilgiler sunulmakta, kaynak sembolleri ve kullan\u0131m yerleri, kaynak parametreleri se\u00e7imi, kaynak plan\u0131 ve kaynak maliyetleri hesaplama y\u00f6ntemleri uygulamarla desteklenerek aktar\u0131lmaktad\u0131r.<\/li>\n<li>Ayr\u0131ca, program kapsam\u0131nda, kaynak uygulamalar\u0131nda s\u0131k\u00e7a kar\u015f\u0131la\u015f\u0131lan hatalar ve bu hatalarda k\u00f6k neden analizleri ile \u00f6nlemlerle iyile\u015ftirme \u00e7al\u0131\u015fmalar\u0131na y\u00f6nelik pratik bilgiler de payla\u015f\u0131lmaktad\u0131r.<\/li>\n<li>E\u011fitim s\u00fcreci, kurulu\u015f i\u00e7i e\u011fitim olmas\u0131 durumunda pratik uygulamalar ile daha etkin ve al\u0131nan bilgilerin uygulanmas\u0131na dair \u00f6nerilerle de desteklenmektedir.<\/li>\n<li>E\u011fitim sonras\u0131nda, t\u00fcm kat\u0131l\u0131mc\u0131lara ise \u201cGLOBAL ALLIANCE ACADEMY Kaynak Koordinasyon E\u011fitimi Kat\u0131l\u0131m Sertifikas\u0131\u201d verilecektir.<\/li>\n<li>S\u0131nav ba\u015far\u0131 durumuna gore kat\u0131l\u0131mc\u0131lara ayr\u0131ca \u201cEN 719 Kaynak Koordinat\u00f6r\u00fc Sertifikas\u0131\u201d verilecektir.<\/li>\n<\/ul>\n<p><strong>\u0130\u00e7erik<\/strong><\/p>\n<ul>\n<li>Kurs i\u00e7eri\u011fi, kat\u0131l\u0131mc\u0131lar\u0131n aktif desteklerini gerekli k\u0131lan beyin f\u0131rt\u0131nas\u0131, tart\u0131\u015fmalar, grup \u00e7al\u0131\u015fmalar\u0131 ve \u00f6zel y\u00f6netim ara\u00e7lar\u0131 kullan\u0131larak desteklenmektedir.\u00a0<\/li>\n<li>E\u011fitim kapsam\u0131nda, \u00f6zellikle a\u015fa\u011f\u0131da tan\u0131mlanan ana konular\u0131n detaylar\u0131yla analizi ve yorumlanmas\u0131 hedeflenmi\u015ftir:<\/li>\n<li>Kaynak nedir?<\/li>\n<li>Welding Procedure Specification (WPS) nedir?<\/li>\n<li>Welding Procedure Qualification Record (WPQR) nedir?<\/li>\n<li>Kaynak\u00e7\u0131 Sertifikas\u0131 nedir?<\/li>\n<li>Kaynak \u00e7e\u015fitleri;\n<ul>\n<li>Elektrik ark kayna\u011f\u0131 &#8211; Shielded Metal Arc welding (SMAW)\u00a0<\/li>\n<li>Tozalt\u0131 kayna\u011f\u0131 &#8211; Submerged Arc welding (SMAW)<\/li>\n<li>Gazalt\u0131 kayna\u011f\u0131 &#8211; Gas Metal Arc welding (GMAW)<\/li>\n<li>TIG Argon kayna\u011f\u0131 &#8211; Gas Tungsten Arc welding (GTAW)\u00a0<\/li>\n<\/ul>\n<\/li>\n<li>WPS, WPQR, Kaynak\u00e7\u0131 sertifikalar\u0131 kabul kriterleri (Referans : EN 15607 \u2013 EN 15608 \u2013 EN 15609 \u2013 EN 15612 \u2013 EN 15614 \u2013 EN 287)<\/li>\n<li>Yap\u0131lmas\u0131 gereken tahribatl\u0131-tahribats\u0131z testler<\/li>\n<li>Kaynak\u00e7\u0131 testi yap\u0131lmas\u0131 gereken tahribatl\u0131-tahribats\u0131z testler (Referans : EN 287.1 Approval Testing of Welders Standard\u0131)<\/li>\n<li>Hata kabul kriterlerinin tespiti (Referans : EN 25817 Arc-Welded Joints in Steel :Guidance on Quality Levels for Imperfections Standard\u0131 )<\/li>\n<\/ul>\n<p><strong>Kat\u0131l\u0131mc\u0131lar<\/strong><\/p>\n<ul>\n<li>Kurulu\u015flar\u0131nda, kaynak i\u015flerimler uygulama ve y\u00f6netim s\u00fcre\u00e7lerinde aktif sorumluluk sahibi \u00e7al\u0131\u015fanlar.<\/li>\n<\/ul>\n<p><strong>Kat\u0131l\u0131m Gereklilikleri<\/strong><\/p>\n<ul>\n<li>Kat\u0131l\u0131mc\u0131lar\u0131n, kaynak y\u00f6ntem ve uygulamalar\u0131na ili\u015fkin temel bilgi birikimine sahip olmalar\u0131. \u00a0<\/li>\n<\/ul>\n<p><strong>E\u011fitim S\u00fcresi<\/strong><\/p>\n<ul>\n<li>E\u011fitim, 3 g\u00fcn s\u00fcreli planlanm\u0131\u015f olup, 09:00 \u2013 17:00 saatleri aras\u0131nda ger\u00e7ekle\u015ftirilecektir.\u00a0<\/li>\n<\/ul>\n<p><strong>Kat\u0131l\u0131mc\u0131 Say\u0131s\u0131<\/strong><\/p>\n<ul>\n<li>Maksimum 20 ki\u015fi ile s\u0131n\u0131rland\u0131r\u0131lm\u0131\u015ft\u0131r.<\/li>\n<\/ul>","protected":false},"excerpt":{"rendered":"<p>E\u011fitimin Amac\u0131 \u00dc\u00e7 g\u00fcn s\u00fcreli olarak \u00f6ng\u00f6r\u00fclen bu e\u011fitim ile, temel kaynak y\u00f6ntemleri ile tahribatl\u0131 ve tahribats\u0131z testler hakk\u0131nda bilgiler sunulmakta, kaynak sembolleri ve kullan\u0131m yerleri, kaynak parametreleri se\u00e7imi, kaynak&#8230; <\/p>\n","protected":false},"author":10,"featured_media":5171,"parent":2174,"menu_order":0,"comment_status":"closed","ping_status":"closed","template":"page-full.php","meta":{"_acf_changed":false,"om_disable_all_campaigns":false,"footnotes":""},"class_list":["post-5341","page","type-page","status-publish","has-post-thumbnail","hentry"],"acf":[],"yoast_head":"<!-- This site is optimized with the Yoast SEO plugin v27.4 - https:\/\/yoast.com\/product\/yoast-seo-wordpress\/ -->\n<title>EN 719 (TS EN ISO 14731) Kaynak Koordinasyon Personeli Yeti\u015ftirme Program\u0131 - Global Alliance Register<\/title>\n<meta name=\"robots\" content=\"index, follow, max-snippet:-1, max-image-preview:large, max-video-preview:-1\" \/>\n<link rel=\"canonical\" href=\"https:\/\/globalallianceregister.com\/tr\/services\/egitim\/turkce-kaynakteknoljileriegitimi\/turkce-en-719ts-en-iso-14731-kaynak-koordinasyon-personeli-yetistirme-programi\/\" \/>\n<meta property=\"og:locale\" content=\"tr_TR\" \/>\n<meta property=\"og:type\" content=\"article\" \/>\n<meta property=\"og:title\" content=\"EN 719 (TS EN ISO 14731) Kaynak Koordinasyon Personeli Yeti\u015ftirme Program\u0131 - Global Alliance Register\" \/>\n<meta property=\"og:description\" content=\"E\u011fitimin Amac\u0131 \u00dc\u00e7 g\u00fcn s\u00fcreli olarak \u00f6ng\u00f6r\u00fclen bu e\u011fitim ile, temel kaynak y\u00f6ntemleri ile tahribatl\u0131 ve tahribats\u0131z testler hakk\u0131nda bilgiler sunulmakta, kaynak sembolleri ve kullan\u0131m yerleri, kaynak parametreleri se\u00e7imi, kaynak...\" \/>\n<meta property=\"og:url\" content=\"https:\/\/globalallianceregister.com\/tr\/services\/egitim\/turkce-kaynakteknoljileriegitimi\/turkce-en-719ts-en-iso-14731-kaynak-koordinasyon-personeli-yetistirme-programi\/\" \/>\n<meta property=\"og:site_name\" content=\"Global Alliance Register\" \/>\n<meta property=\"article:modified_time\" content=\"2016-02-04T11:48:20+00:00\" \/>\n<meta property=\"og:image\" content=\"https:\/\/globalallianceregister.com\/wp-content\/uploads\/2015\/08\/Training-Inner-Page.jpg\" \/>\n\t<meta property=\"og:image:width\" content=\"614\" \/>\n\t<meta property=\"og:image:height\" content=\"200\" \/>\n\t<meta property=\"og:image:type\" content=\"image\/jpeg\" \/>\n<meta name=\"twitter:label1\" content=\"Tahmini okuma s\u00fcresi\" \/>\n\t<meta name=\"twitter:data1\" content=\"2 dakika\" \/>\n<script type=\"application\/ld+json\" class=\"yoast-schema-graph\">{\"@context\":\"https:\\\/\\\/schema.org\",\"@graph\":[{\"@type\":\"WebPage\",\"@id\":\"https:\\\/\\\/globalallianceregister.com\\\/tr\\\/services\\\/egitim\\\/turkce-kaynakteknoljileriegitimi\\\/turkce-en-719ts-en-iso-14731-kaynak-koordinasyon-personeli-yetistirme-programi\\\/\",\"url\":\"https:\\\/\\\/globalallianceregister.com\\\/tr\\\/services\\\/egitim\\\/turkce-kaynakteknoljileriegitimi\\\/turkce-en-719ts-en-iso-14731-kaynak-koordinasyon-personeli-yetistirme-programi\\\/\",\"name\":\"EN 719 (TS EN ISO 14731) Kaynak Koordinasyon Personeli Yeti\u015ftirme Program\u0131 - Global Alliance Register\",\"isPartOf\":{\"@id\":\"https:\\\/\\\/globalallianceregister.com\\\/tr\\\/#website\"},\"primaryImageOfPage\":{\"@id\":\"https:\\\/\\\/globalallianceregister.com\\\/tr\\\/services\\\/egitim\\\/turkce-kaynakteknoljileriegitimi\\\/turkce-en-719ts-en-iso-14731-kaynak-koordinasyon-personeli-yetistirme-programi\\\/#primaryimage\"},\"image\":{\"@id\":\"https:\\\/\\\/globalallianceregister.com\\\/services\\\/egitim\\\/turkce-kaynakteknoljileriegitimi\\\/turkce-en-719ts-en-iso-14731-kaynak-koordinasyon-personeli-yetistirme-programi\\\/#primaryimage\"},\"thumbnailUrl\":\"https:\\\/\\\/globalallianceregister.com\\\/wp-content\\\/uploads\\\/2015\\\/08\\\/Training-Inner-Page.jpg\",\"datePublished\":\"2015-10-26T17:02:12+00:00\",\"dateModified\":\"2016-02-04T11:48:20+00:00\",\"breadcrumb\":{\"@id\":\"https:\\\/\\\/globalallianceregister.com\\\/tr\\\/services\\\/egitim\\\/turkce-kaynakteknoljileriegitimi\\\/turkce-en-719ts-en-iso-14731-kaynak-koordinasyon-personeli-yetistirme-programi\\\/#breadcrumb\"},\"inLanguage\":\"tr\",\"potentialAction\":[{\"@type\":\"ReadAction\",\"target\":[[\"https:\\\/\\\/globalallianceregister.com\\\/tr\\\/services\\\/egitim\\\/turkce-kaynakteknoljileriegitimi\\\/turkce-en-719ts-en-iso-14731-kaynak-koordinasyon-personeli-yetistirme-programi\\\/\"]]}]},{\"@type\":\"ImageObject\",\"inLanguage\":\"tr\",\"@id\":\"https:\\\/\\\/globalallianceregister.com\\\/tr\\\/services\\\/egitim\\\/turkce-kaynakteknoljileriegitimi\\\/turkce-en-719ts-en-iso-14731-kaynak-koordinasyon-personeli-yetistirme-programi\\\/#primaryimage\",\"url\":\"https:\\\/\\\/globalallianceregister.com\\\/wp-content\\\/uploads\\\/2015\\\/08\\\/Training-Inner-Page.jpg\",\"contentUrl\":\"https:\\\/\\\/globalallianceregister.com\\\/wp-content\\\/uploads\\\/2015\\\/08\\\/Training-Inner-Page.jpg\",\"width\":614,\"height\":200},{\"@type\":\"BreadcrumbList\",\"@id\":\"https:\\\/\\\/globalallianceregister.com\\\/tr\\\/services\\\/egitim\\\/turkce-kaynakteknoljileriegitimi\\\/turkce-en-719ts-en-iso-14731-kaynak-koordinasyon-personeli-yetistirme-programi\\\/#breadcrumb\",\"itemListElement\":[{\"@type\":\"ListItem\",\"position\":1,\"name\":\"Anasayfa\",\"item\":\"https:\\\/\\\/globalallianceregister.com\\\/tr\\\/\"},{\"@type\":\"ListItem\",\"position\":2,\"name\":\"Hizmetler\",\"item\":\"https:\\\/\\\/globalallianceregister.com\\\/tr\\\/services\\\/\"},{\"@type\":\"ListItem\",\"position\":3,\"name\":\"E\u011fitim\",\"item\":\"https:\\\/\\\/globalallianceregister.com\\\/tr\\\/services\\\/egitim\\\/\"},{\"@type\":\"ListItem\",\"position\":4,\"name\":\"(TR) Kaynak Teknolojileri E\u011fitim Program\u0131\",\"item\":\"https:\\\/\\\/globalallianceregister.com\\\/tr\\\/services\\\/egitim\\\/turkce-kaynakteknoljileriegitimi\\\/\"},{\"@type\":\"ListItem\",\"position\":5,\"name\":\"(TR) EN 719 (TS EN ISO 14731) Kaynak Koordinasyon Personeli Yeti\u015ftirme Program\u0131\"}]},{\"@type\":\"WebSite\",\"@id\":\"https:\\\/\\\/globalallianceregister.com\\\/tr\\\/#website\",\"url\":\"https:\\\/\\\/globalallianceregister.com\\\/tr\\\/\",\"name\":\"Global Alliance Register\",\"description\":\"(EN) Together for Excellence\",\"potentialAction\":[{\"@type\":\"SearchAction\",\"target\":{\"@type\":\"EntryPoint\",\"urlTemplate\":\"https:\\\/\\\/globalallianceregister.com\\\/tr\\\/?s={search_term_string}\"},\"query-input\":{\"@type\":\"PropertyValueSpecification\",\"valueRequired\":true,\"valueName\":\"search_term_string\"}}],\"inLanguage\":\"tr\"}]}<\/script>\n<!-- \/ Yoast SEO plugin. -->","yoast_head_json":{"title":"EN 719 (TS EN ISO 14731) Kaynak Koordinasyon Personeli Yeti\u015ftirme Program\u0131 - Global Alliance Register","robots":{"index":"index","follow":"follow","max-snippet":"max-snippet:-1","max-image-preview":"max-image-preview:large","max-video-preview":"max-video-preview:-1"},"canonical":"https:\/\/globalallianceregister.com\/tr\/services\/egitim\/turkce-kaynakteknoljileriegitimi\/turkce-en-719ts-en-iso-14731-kaynak-koordinasyon-personeli-yetistirme-programi\/","og_locale":"tr_TR","og_type":"article","og_title":"EN 719 (TS EN ISO 14731) Kaynak Koordinasyon Personeli Yeti\u015ftirme Program\u0131 - Global Alliance Register","og_description":"E\u011fitimin Amac\u0131 \u00dc\u00e7 g\u00fcn s\u00fcreli olarak \u00f6ng\u00f6r\u00fclen bu e\u011fitim ile, temel kaynak y\u00f6ntemleri ile tahribatl\u0131 ve tahribats\u0131z testler hakk\u0131nda bilgiler sunulmakta, kaynak sembolleri ve kullan\u0131m yerleri, kaynak parametreleri se\u00e7imi, kaynak...","og_url":"https:\/\/globalallianceregister.com\/tr\/services\/egitim\/turkce-kaynakteknoljileriegitimi\/turkce-en-719ts-en-iso-14731-kaynak-koordinasyon-personeli-yetistirme-programi\/","og_site_name":"Global Alliance Register","article_modified_time":"2016-02-04T11:48:20+00:00","og_image":[{"width":614,"height":200,"url":"https:\/\/globalallianceregister.com\/wp-content\/uploads\/2015\/08\/Training-Inner-Page.jpg","type":"image\/jpeg"}],"twitter_misc":{"Tahmini okuma s\u00fcresi":"2 dakika"},"schema":{"@context":"https:\/\/schema.org","@graph":[{"@type":"WebPage","@id":"https:\/\/globalallianceregister.com\/tr\/services\/egitim\/turkce-kaynakteknoljileriegitimi\/turkce-en-719ts-en-iso-14731-kaynak-koordinasyon-personeli-yetistirme-programi\/","url":"https:\/\/globalallianceregister.com\/tr\/services\/egitim\/turkce-kaynakteknoljileriegitimi\/turkce-en-719ts-en-iso-14731-kaynak-koordinasyon-personeli-yetistirme-programi\/","name":"EN 719 (TS EN ISO 14731) Kaynak Koordinasyon Personeli Yeti\u015ftirme Program\u0131 - Global Alliance Register","isPartOf":{"@id":"https:\/\/globalallianceregister.com\/tr\/#website"},"primaryImageOfPage":{"@id":"https:\/\/globalallianceregister.com\/tr\/services\/egitim\/turkce-kaynakteknoljileriegitimi\/turkce-en-719ts-en-iso-14731-kaynak-koordinasyon-personeli-yetistirme-programi\/#primaryimage"},"image":{"@id":"https:\/\/globalallianceregister.com\/services\/egitim\/turkce-kaynakteknoljileriegitimi\/turkce-en-719ts-en-iso-14731-kaynak-koordinasyon-personeli-yetistirme-programi\/#primaryimage"},"thumbnailUrl":"https:\/\/globalallianceregister.com\/wp-content\/uploads\/2015\/08\/Training-Inner-Page.jpg","datePublished":"2015-10-26T17:02:12+00:00","dateModified":"2016-02-04T11:48:20+00:00","breadcrumb":{"@id":"https:\/\/globalallianceregister.com\/tr\/services\/egitim\/turkce-kaynakteknoljileriegitimi\/turkce-en-719ts-en-iso-14731-kaynak-koordinasyon-personeli-yetistirme-programi\/#breadcrumb"},"inLanguage":"tr","potentialAction":[{"@type":"ReadAction","target":[["https:\/\/globalallianceregister.com\/tr\/services\/egitim\/turkce-kaynakteknoljileriegitimi\/turkce-en-719ts-en-iso-14731-kaynak-koordinasyon-personeli-yetistirme-programi\/"]]}]},{"@type":"ImageObject","inLanguage":"tr","@id":"https:\/\/globalallianceregister.com\/tr\/services\/egitim\/turkce-kaynakteknoljileriegitimi\/turkce-en-719ts-en-iso-14731-kaynak-koordinasyon-personeli-yetistirme-programi\/#primaryimage","url":"https:\/\/globalallianceregister.com\/wp-content\/uploads\/2015\/08\/Training-Inner-Page.jpg","contentUrl":"https:\/\/globalallianceregister.com\/wp-content\/uploads\/2015\/08\/Training-Inner-Page.jpg","width":614,"height":200},{"@type":"BreadcrumbList","@id":"https:\/\/globalallianceregister.com\/tr\/services\/egitim\/turkce-kaynakteknoljileriegitimi\/turkce-en-719ts-en-iso-14731-kaynak-koordinasyon-personeli-yetistirme-programi\/#breadcrumb","itemListElement":[{"@type":"ListItem","position":1,"name":"Anasayfa","item":"https:\/\/globalallianceregister.com\/tr\/"},{"@type":"ListItem","position":2,"name":"Hizmetler","item":"https:\/\/globalallianceregister.com\/tr\/services\/"},{"@type":"ListItem","position":3,"name":"E\u011fitim","item":"https:\/\/globalallianceregister.com\/tr\/services\/egitim\/"},{"@type":"ListItem","position":4,"name":"(TR) Kaynak Teknolojileri E\u011fitim Program\u0131","item":"https:\/\/globalallianceregister.com\/tr\/services\/egitim\/turkce-kaynakteknoljileriegitimi\/"},{"@type":"ListItem","position":5,"name":"(TR) EN 719 (TS EN ISO 14731) Kaynak Koordinasyon Personeli Yeti\u015ftirme Program\u0131"}]},{"@type":"WebSite","@id":"https:\/\/globalallianceregister.com\/tr\/#website","url":"https:\/\/globalallianceregister.com\/tr\/","name":"Global Alliance Register","description":"(EN) Together for Excellence","potentialAction":[{"@type":"SearchAction","target":{"@type":"EntryPoint","urlTemplate":"https:\/\/globalallianceregister.com\/tr\/?s={search_term_string}"},"query-input":{"@type":"PropertyValueSpecification","valueRequired":true,"valueName":"search_term_string"}}],"inLanguage":"tr"}]}},"_links":{"self":[{"href":"https:\/\/globalallianceregister.com\/tr\/wp-json\/wp\/v2\/pages\/5341","targetHints":{"allow":["GET"]}}],"collection":[{"href":"https:\/\/globalallianceregister.com\/tr\/wp-json\/wp\/v2\/pages"}],"about":[{"href":"https:\/\/globalallianceregister.com\/tr\/wp-json\/wp\/v2\/types\/page"}],"author":[{"embeddable":true,"href":"https:\/\/globalallianceregister.com\/tr\/wp-json\/wp\/v2\/users\/10"}],"replies":[{"embeddable":true,"href":"https:\/\/globalallianceregister.com\/tr\/wp-json\/wp\/v2\/comments?post=5341"}],"version-history":[{"count":0,"href":"https:\/\/globalallianceregister.com\/tr\/wp-json\/wp\/v2\/pages\/5341\/revisions"}],"up":[{"embeddable":true,"href":"https:\/\/globalallianceregister.com\/tr\/wp-json\/wp\/v2\/pages\/2174"}],"wp:featuredmedia":[{"embeddable":true,"href":"https:\/\/globalallianceregister.com\/tr\/wp-json\/wp\/v2\/media\/5171"}],"wp:attachment":[{"href":"https:\/\/globalallianceregister.com\/tr\/wp-json\/wp\/v2\/media?parent=5341"}],"curies":[{"name":"wp","href":"https:\/\/api.w.org\/{rel}","templated":true}]}}