{"id":5357,"date":"2015-10-27T10:18:47","date_gmt":"2015-10-27T10:18:47","guid":{"rendered":"https:\/\/globalallianceregister.com\/?page_id=5357"},"modified":"2015-12-11T17:11:56","modified_gmt":"2015-12-11T17:11:56","slug":"turkce-elektrikle-calismalarda-is-sagligi-ve-guvenligi","status":"publish","type":"page","link":"https:\/\/globalallianceregister.com\/tr\/services\/egitim\/turkce-saglik-emniyet-cevre-egitim-programi\/turkce-elektrikle-calismalarda-is-sagligi-ve-guvenligi\/","title":{"rendered":"Elektrikle \u00c7al\u0131\u015fmalarda \u0130\u015f Sa\u011fl\u0131\u011f\u0131 ve G\u00fcvenli\u011fi"},"content":{"rendered":"<p><strong>Kat\u0131l\u0131mc\u0131 Profili<\/strong><\/p>\n<ul>\n<li>Kurumlarda Elektrikle \u00c7al\u0131\u015fmalarda \u0130\u015f Sa\u011fl\u0131\u011f\u0131 ve G\u00fcvenli\u011fi tedbirlerinin al\u0131nmas\u0131, bu s\u00fcre\u00e7lerin y\u00f6netilmesi, y\u00fcr\u00fct\u00fclmesi, s\u00fcpervize edilmesinde g\u00f6revli t\u00fcm y\u00f6netici ve \u00e7al\u0131\u015fanlar\u0131n kat\u0131lmas\u0131 uygundur.<\/li>\n<\/ul>\n<p><strong>Hedeflenen Sonu\u00e7<\/strong>\u00a0<\/p>\n<ul>\n<li>Elektrikli i\u015flerde yap\u0131lan \u00e7al\u0131\u015fmalarda al\u0131nmayan \u00f6nlemler ve dikkatsizlikler sonucunda olu\u015fan kazalar\u0131n \u00f6n\u00fcne ge\u00e7ilmesi amac\u0131yla elektrikle ilgili \u00e7al\u0131\u015fmalardaki gerekliliklerin, kontrol unsurlar\u0131n\u0131n ve g\u00fcvenli \u00e7al\u0131\u015fma metotlar\u0131n\u0131n aktar\u0131lmas\u0131,<\/li>\n<li>Elektrik tesislerinde ve elektrik ile ilgili i\u015flerde \u00e7al\u0131\u015fanlar\u0131n i\u015f g\u00fcvenli\u011finin temin edilmesini destekleyecek \u00f6l\u00e7\u00fclebilir bilgi ve beceri kazanmalar\u0131n\u0131n sa\u011flanmas\u0131,<\/li>\n<li>Elektrik tesislerindeki risklerin anlat\u0131lmas\u0131, i\u015fverenlere i\u015fyerlerinde sa\u011fl\u0131kl\u0131 ve g\u00fcvenli \u00e7al\u0131\u015fma ortam\u0131n\u0131n tesis edilmesi i\u00e7in e\u011fitim deste\u011finin verilmesi.<\/li>\n<\/ul>\n<p><strong>E\u011fitim \u0130\u00e7eri\u011fi<\/strong><\/p>\n<ul>\n<li>Elektrikli \u0130\u015flerde Tehlike<\/li>\n<li>Elektrikli Aletlerde Tehlike<\/li>\n<li>Elektrikli Alet Kullan\u0131mlar\u0131nda Uyulmas\u0131 Gereken Kurallar<\/li>\n<li>Elektrik Panolar\u0131<\/li>\n<li>Panolarda Ak\u0131m Kontrol\u00fc<\/li>\n<li>Ka\u00e7ak Ak\u0131m R\u00f6leleri<\/li>\n<li>Topraklama Y\u00f6ntemleri<\/li>\n<li>Pano Montajlamalar\u0131nda \u0130\u015f g\u00fcvenli\u011fi Y\u00f6ntemleri<\/li>\n<li>Y\u00fcksek Gerilim Hatlar\u0131nda Al\u0131nmas\u0131 Gereken Tedbirler<\/li>\n<li>Y\u00fcksekte \u00c7al\u0131\u015fma Y\u00f6ntemleri<\/li>\n<li>Elektrikli Aletler, Pano ve Trafolar\u0131n Bak\u0131m\u0131<\/li>\n<li>Kaza teorisi<\/li>\n<li>Risk De\u011ferlendirmesi<\/li>\n<li>Ki\u015fisel Koruyucu Donan\u0131mlar<\/li>\n<li>Elektriksel Tehlikelere Kar\u015f\u0131 Uygulanacak \u00d6nleyici Faaliyetler<\/li>\n<li>Gerekli Emniyet Donan\u0131mlar\u0131<\/li>\n<\/ul>\n<p>&nbsp;<\/p>\n<p><strong>Sertifika<\/strong><\/p>\n<ul>\n<li>E\u011fitimi tamamlayan kat\u0131l\u0131mc\u0131lara Global Alliance Academy \u201cElektrikle \u00c7al\u0131\u015fmalarda \u0130\u015f Sa\u011fl\u0131\u011f\u0131 ve G\u00fcvenli\u011fi E\u011fitimi Kat\u0131l\u0131m Sertifikas\u0131\u201d verilecektir.<\/li>\n<\/ul>","protected":false},"excerpt":{"rendered":"<p>Kat\u0131l\u0131mc\u0131 Profili Kurumlarda Elektrikle \u00c7al\u0131\u015fmalarda \u0130\u015f Sa\u011fl\u0131\u011f\u0131 ve G\u00fcvenli\u011fi tedbirlerinin al\u0131nmas\u0131, bu s\u00fcre\u00e7lerin y\u00f6netilmesi, y\u00fcr\u00fct\u00fclmesi, s\u00fcpervize edilmesinde g\u00f6revli t\u00fcm y\u00f6netici ve \u00e7al\u0131\u015fanlar\u0131n kat\u0131lmas\u0131 uygundur. Hedeflenen Sonu\u00e7\u00a0 Elektrikli i\u015flerde yap\u0131lan \u00e7al\u0131\u015fmalarda&#8230; <\/p>\n","protected":false},"author":10,"featured_media":5171,"parent":2165,"menu_order":0,"comment_status":"closed","ping_status":"closed","template":"page-full.php","meta":{"_acf_changed":false,"om_disable_all_campaigns":false,"footnotes":""},"class_list":["post-5357","page","type-page","status-publish","has-post-thumbnail","hentry"],"acf":[],"yoast_head":"<!-- This site is optimized with the Yoast SEO plugin v27.4 - https:\/\/yoast.com\/product\/yoast-seo-wordpress\/ -->\n<title>Elektrikle \u00c7al\u0131\u015fmalarda \u0130\u015f Sa\u011fl\u0131\u011f\u0131 ve G\u00fcvenli\u011fi  - Global Alliance Register<\/title>\n<meta name=\"robots\" content=\"index, follow, max-snippet:-1, max-image-preview:large, max-video-preview:-1\" \/>\n<link rel=\"canonical\" href=\"https:\/\/globalallianceregister.com\/tr\/services\/egitim\/turkce-saglik-emniyet-cevre-egitim-programi\/turkce-elektrikle-calismalarda-is-sagligi-ve-guvenligi\/\" \/>\n<meta property=\"og:locale\" content=\"tr_TR\" \/>\n<meta property=\"og:type\" content=\"article\" \/>\n<meta property=\"og:title\" content=\"Elektrikle \u00c7al\u0131\u015fmalarda \u0130\u015f Sa\u011fl\u0131\u011f\u0131 ve G\u00fcvenli\u011fi  - Global Alliance Register\" \/>\n<meta property=\"og:description\" content=\"Kat\u0131l\u0131mc\u0131 Profili Kurumlarda Elektrikle \u00c7al\u0131\u015fmalarda \u0130\u015f Sa\u011fl\u0131\u011f\u0131 ve G\u00fcvenli\u011fi tedbirlerinin al\u0131nmas\u0131, bu s\u00fcre\u00e7lerin y\u00f6netilmesi, y\u00fcr\u00fct\u00fclmesi, s\u00fcpervize edilmesinde g\u00f6revli t\u00fcm y\u00f6netici ve \u00e7al\u0131\u015fanlar\u0131n kat\u0131lmas\u0131 uygundur. Hedeflenen Sonu\u00e7\u00a0 Elektrikli i\u015flerde yap\u0131lan \u00e7al\u0131\u015fmalarda...\" \/>\n<meta property=\"og:url\" content=\"https:\/\/globalallianceregister.com\/tr\/services\/egitim\/turkce-saglik-emniyet-cevre-egitim-programi\/turkce-elektrikle-calismalarda-is-sagligi-ve-guvenligi\/\" \/>\n<meta property=\"og:site_name\" content=\"Global Alliance Register\" \/>\n<meta property=\"article:modified_time\" content=\"2015-12-11T17:11:56+00:00\" \/>\n<meta property=\"og:image\" content=\"https:\/\/globalallianceregister.com\/wp-content\/uploads\/2015\/08\/Training-Inner-Page.jpg\" \/>\n\t<meta property=\"og:image:width\" content=\"614\" \/>\n\t<meta property=\"og:image:height\" content=\"200\" \/>\n\t<meta property=\"og:image:type\" content=\"image\/jpeg\" \/>\n<meta name=\"twitter:label1\" content=\"Tahmini okuma s\u00fcresi\" \/>\n\t<meta name=\"twitter:data1\" content=\"1 dakika\" \/>\n<script type=\"application\/ld+json\" class=\"yoast-schema-graph\">{\"@context\":\"https:\\\/\\\/schema.org\",\"@graph\":[{\"@type\":\"WebPage\",\"@id\":\"https:\\\/\\\/globalallianceregister.com\\\/tr\\\/services\\\/egitim\\\/turkce-saglik-emniyet-cevre-egitim-programi\\\/turkce-elektrikle-calismalarda-is-sagligi-ve-guvenligi\\\/\",\"url\":\"https:\\\/\\\/globalallianceregister.com\\\/tr\\\/services\\\/egitim\\\/turkce-saglik-emniyet-cevre-egitim-programi\\\/turkce-elektrikle-calismalarda-is-sagligi-ve-guvenligi\\\/\",\"name\":\"Elektrikle \u00c7al\u0131\u015fmalarda \u0130\u015f Sa\u011fl\u0131\u011f\u0131 ve G\u00fcvenli\u011fi  - Global Alliance Register\",\"isPartOf\":{\"@id\":\"https:\\\/\\\/globalallianceregister.com\\\/tr\\\/#website\"},\"primaryImageOfPage\":{\"@id\":\"https:\\\/\\\/globalallianceregister.com\\\/tr\\\/services\\\/egitim\\\/turkce-saglik-emniyet-cevre-egitim-programi\\\/turkce-elektrikle-calismalarda-is-sagligi-ve-guvenligi\\\/#primaryimage\"},\"image\":{\"@id\":\"https:\\\/\\\/globalallianceregister.com\\\/services\\\/egitim\\\/turkce-saglik-emniyet-cevre-egitim-programi\\\/turkce-elektrikle-calismalarda-is-sagligi-ve-guvenligi\\\/#primaryimage\"},\"thumbnailUrl\":\"https:\\\/\\\/globalallianceregister.com\\\/wp-content\\\/uploads\\\/2015\\\/08\\\/Training-Inner-Page.jpg\",\"datePublished\":\"2015-10-27T10:18:47+00:00\",\"dateModified\":\"2015-12-11T17:11:56+00:00\",\"breadcrumb\":{\"@id\":\"https:\\\/\\\/globalallianceregister.com\\\/tr\\\/services\\\/egitim\\\/turkce-saglik-emniyet-cevre-egitim-programi\\\/turkce-elektrikle-calismalarda-is-sagligi-ve-guvenligi\\\/#breadcrumb\"},\"inLanguage\":\"tr\",\"potentialAction\":[{\"@type\":\"ReadAction\",\"target\":[[\"https:\\\/\\\/globalallianceregister.com\\\/tr\\\/services\\\/egitim\\\/turkce-saglik-emniyet-cevre-egitim-programi\\\/turkce-elektrikle-calismalarda-is-sagligi-ve-guvenligi\\\/\"]]}]},{\"@type\":\"ImageObject\",\"inLanguage\":\"tr\",\"@id\":\"https:\\\/\\\/globalallianceregister.com\\\/tr\\\/services\\\/egitim\\\/turkce-saglik-emniyet-cevre-egitim-programi\\\/turkce-elektrikle-calismalarda-is-sagligi-ve-guvenligi\\\/#primaryimage\",\"url\":\"https:\\\/\\\/globalallianceregister.com\\\/wp-content\\\/uploads\\\/2015\\\/08\\\/Training-Inner-Page.jpg\",\"contentUrl\":\"https:\\\/\\\/globalallianceregister.com\\\/wp-content\\\/uploads\\\/2015\\\/08\\\/Training-Inner-Page.jpg\",\"width\":614,\"height\":200},{\"@type\":\"BreadcrumbList\",\"@id\":\"https:\\\/\\\/globalallianceregister.com\\\/tr\\\/services\\\/egitim\\\/turkce-saglik-emniyet-cevre-egitim-programi\\\/turkce-elektrikle-calismalarda-is-sagligi-ve-guvenligi\\\/#breadcrumb\",\"itemListElement\":[{\"@type\":\"ListItem\",\"position\":1,\"name\":\"Anasayfa\",\"item\":\"https:\\\/\\\/globalallianceregister.com\\\/tr\\\/\"},{\"@type\":\"ListItem\",\"position\":2,\"name\":\"Hizmetler\",\"item\":\"https:\\\/\\\/globalallianceregister.com\\\/tr\\\/services\\\/\"},{\"@type\":\"ListItem\",\"position\":3,\"name\":\"E\u011fitim\",\"item\":\"https:\\\/\\\/globalallianceregister.com\\\/tr\\\/services\\\/egitim\\\/\"},{\"@type\":\"ListItem\",\"position\":4,\"name\":\"Occupational Heath &#038; Safety, Environment Training Program\",\"item\":\"https:\\\/\\\/globalallianceregister.com\\\/tr\\\/services\\\/egitim\\\/turkce-saglik-emniyet-cevre-egitim-programi\\\/\"},{\"@type\":\"ListItem\",\"position\":5,\"name\":\"(TR) Elektrikle \u00c7al\u0131\u015fmalarda \u0130\u015f Sa\u011fl\u0131\u011f\u0131 ve G\u00fcvenli\u011fi\"}]},{\"@type\":\"WebSite\",\"@id\":\"https:\\\/\\\/globalallianceregister.com\\\/tr\\\/#website\",\"url\":\"https:\\\/\\\/globalallianceregister.com\\\/tr\\\/\",\"name\":\"Global Alliance Register\",\"description\":\"(EN) Together for Excellence\",\"potentialAction\":[{\"@type\":\"SearchAction\",\"target\":{\"@type\":\"EntryPoint\",\"urlTemplate\":\"https:\\\/\\\/globalallianceregister.com\\\/tr\\\/?s={search_term_string}\"},\"query-input\":{\"@type\":\"PropertyValueSpecification\",\"valueRequired\":true,\"valueName\":\"search_term_string\"}}],\"inLanguage\":\"tr\"}]}<\/script>\n<!-- \/ Yoast SEO plugin. -->","yoast_head_json":{"title":"Elektrikle \u00c7al\u0131\u015fmalarda \u0130\u015f Sa\u011fl\u0131\u011f\u0131 ve G\u00fcvenli\u011fi  - Global Alliance Register","robots":{"index":"index","follow":"follow","max-snippet":"max-snippet:-1","max-image-preview":"max-image-preview:large","max-video-preview":"max-video-preview:-1"},"canonical":"https:\/\/globalallianceregister.com\/tr\/services\/egitim\/turkce-saglik-emniyet-cevre-egitim-programi\/turkce-elektrikle-calismalarda-is-sagligi-ve-guvenligi\/","og_locale":"tr_TR","og_type":"article","og_title":"Elektrikle \u00c7al\u0131\u015fmalarda \u0130\u015f Sa\u011fl\u0131\u011f\u0131 ve G\u00fcvenli\u011fi  - Global Alliance Register","og_description":"Kat\u0131l\u0131mc\u0131 Profili Kurumlarda Elektrikle \u00c7al\u0131\u015fmalarda \u0130\u015f Sa\u011fl\u0131\u011f\u0131 ve G\u00fcvenli\u011fi tedbirlerinin al\u0131nmas\u0131, bu s\u00fcre\u00e7lerin y\u00f6netilmesi, y\u00fcr\u00fct\u00fclmesi, s\u00fcpervize edilmesinde g\u00f6revli t\u00fcm y\u00f6netici ve \u00e7al\u0131\u015fanlar\u0131n kat\u0131lmas\u0131 uygundur. Hedeflenen Sonu\u00e7\u00a0 Elektrikli i\u015flerde yap\u0131lan \u00e7al\u0131\u015fmalarda...","og_url":"https:\/\/globalallianceregister.com\/tr\/services\/egitim\/turkce-saglik-emniyet-cevre-egitim-programi\/turkce-elektrikle-calismalarda-is-sagligi-ve-guvenligi\/","og_site_name":"Global Alliance Register","article_modified_time":"2015-12-11T17:11:56+00:00","og_image":[{"width":614,"height":200,"url":"https:\/\/globalallianceregister.com\/wp-content\/uploads\/2015\/08\/Training-Inner-Page.jpg","type":"image\/jpeg"}],"twitter_misc":{"Tahmini okuma s\u00fcresi":"1 dakika"},"schema":{"@context":"https:\/\/schema.org","@graph":[{"@type":"WebPage","@id":"https:\/\/globalallianceregister.com\/tr\/services\/egitim\/turkce-saglik-emniyet-cevre-egitim-programi\/turkce-elektrikle-calismalarda-is-sagligi-ve-guvenligi\/","url":"https:\/\/globalallianceregister.com\/tr\/services\/egitim\/turkce-saglik-emniyet-cevre-egitim-programi\/turkce-elektrikle-calismalarda-is-sagligi-ve-guvenligi\/","name":"Elektrikle \u00c7al\u0131\u015fmalarda \u0130\u015f Sa\u011fl\u0131\u011f\u0131 ve G\u00fcvenli\u011fi  - Global Alliance Register","isPartOf":{"@id":"https:\/\/globalallianceregister.com\/tr\/#website"},"primaryImageOfPage":{"@id":"https:\/\/globalallianceregister.com\/tr\/services\/egitim\/turkce-saglik-emniyet-cevre-egitim-programi\/turkce-elektrikle-calismalarda-is-sagligi-ve-guvenligi\/#primaryimage"},"image":{"@id":"https:\/\/globalallianceregister.com\/services\/egitim\/turkce-saglik-emniyet-cevre-egitim-programi\/turkce-elektrikle-calismalarda-is-sagligi-ve-guvenligi\/#primaryimage"},"thumbnailUrl":"https:\/\/globalallianceregister.com\/wp-content\/uploads\/2015\/08\/Training-Inner-Page.jpg","datePublished":"2015-10-27T10:18:47+00:00","dateModified":"2015-12-11T17:11:56+00:00","breadcrumb":{"@id":"https:\/\/globalallianceregister.com\/tr\/services\/egitim\/turkce-saglik-emniyet-cevre-egitim-programi\/turkce-elektrikle-calismalarda-is-sagligi-ve-guvenligi\/#breadcrumb"},"inLanguage":"tr","potentialAction":[{"@type":"ReadAction","target":[["https:\/\/globalallianceregister.com\/tr\/services\/egitim\/turkce-saglik-emniyet-cevre-egitim-programi\/turkce-elektrikle-calismalarda-is-sagligi-ve-guvenligi\/"]]}]},{"@type":"ImageObject","inLanguage":"tr","@id":"https:\/\/globalallianceregister.com\/tr\/services\/egitim\/turkce-saglik-emniyet-cevre-egitim-programi\/turkce-elektrikle-calismalarda-is-sagligi-ve-guvenligi\/#primaryimage","url":"https:\/\/globalallianceregister.com\/wp-content\/uploads\/2015\/08\/Training-Inner-Page.jpg","contentUrl":"https:\/\/globalallianceregister.com\/wp-content\/uploads\/2015\/08\/Training-Inner-Page.jpg","width":614,"height":200},{"@type":"BreadcrumbList","@id":"https:\/\/globalallianceregister.com\/tr\/services\/egitim\/turkce-saglik-emniyet-cevre-egitim-programi\/turkce-elektrikle-calismalarda-is-sagligi-ve-guvenligi\/#breadcrumb","itemListElement":[{"@type":"ListItem","position":1,"name":"Anasayfa","item":"https:\/\/globalallianceregister.com\/tr\/"},{"@type":"ListItem","position":2,"name":"Hizmetler","item":"https:\/\/globalallianceregister.com\/tr\/services\/"},{"@type":"ListItem","position":3,"name":"E\u011fitim","item":"https:\/\/globalallianceregister.com\/tr\/services\/egitim\/"},{"@type":"ListItem","position":4,"name":"Occupational Heath &#038; Safety, Environment Training Program","item":"https:\/\/globalallianceregister.com\/tr\/services\/egitim\/turkce-saglik-emniyet-cevre-egitim-programi\/"},{"@type":"ListItem","position":5,"name":"(TR) Elektrikle \u00c7al\u0131\u015fmalarda \u0130\u015f Sa\u011fl\u0131\u011f\u0131 ve G\u00fcvenli\u011fi"}]},{"@type":"WebSite","@id":"https:\/\/globalallianceregister.com\/tr\/#website","url":"https:\/\/globalallianceregister.com\/tr\/","name":"Global Alliance Register","description":"(EN) Together for Excellence","potentialAction":[{"@type":"SearchAction","target":{"@type":"EntryPoint","urlTemplate":"https:\/\/globalallianceregister.com\/tr\/?s={search_term_string}"},"query-input":{"@type":"PropertyValueSpecification","valueRequired":true,"valueName":"search_term_string"}}],"inLanguage":"tr"}]}},"_links":{"self":[{"href":"https:\/\/globalallianceregister.com\/tr\/wp-json\/wp\/v2\/pages\/5357","targetHints":{"allow":["GET"]}}],"collection":[{"href":"https:\/\/globalallianceregister.com\/tr\/wp-json\/wp\/v2\/pages"}],"about":[{"href":"https:\/\/globalallianceregister.com\/tr\/wp-json\/wp\/v2\/types\/page"}],"author":[{"embeddable":true,"href":"https:\/\/globalallianceregister.com\/tr\/wp-json\/wp\/v2\/users\/10"}],"replies":[{"embeddable":true,"href":"https:\/\/globalallianceregister.com\/tr\/wp-json\/wp\/v2\/comments?post=5357"}],"version-history":[{"count":0,"href":"https:\/\/globalallianceregister.com\/tr\/wp-json\/wp\/v2\/pages\/5357\/revisions"}],"up":[{"embeddable":true,"href":"https:\/\/globalallianceregister.com\/tr\/wp-json\/wp\/v2\/pages\/2165"}],"wp:featuredmedia":[{"embeddable":true,"href":"https:\/\/globalallianceregister.com\/tr\/wp-json\/wp\/v2\/media\/5171"}],"wp:attachment":[{"href":"https:\/\/globalallianceregister.com\/tr\/wp-json\/wp\/v2\/media?parent=5357"}],"curies":[{"name":"wp","href":"https:\/\/api.w.org\/{rel}","templated":true}]}}