{"id":5369,"date":"2015-10-27T11:15:48","date_gmt":"2015-10-27T11:15:48","guid":{"rendered":"https:\/\/globalallianceregister.com\/?page_id=5369"},"modified":"2015-12-11T16:15:37","modified_gmt":"2015-12-11T16:15:37","slug":"turkce-hoshin-kanri-stratejik-planlama-egitimi","status":"publish","type":"page","link":"https:\/\/globalallianceregister.com\/tr\/services\/egitim\/turkce-yalin-uretim-egitim-programi\/turkce-hoshin-kanri-stratejik-planlama-egitimi\/","title":{"rendered":"Hoshin Kanri Stratejik Planlama E\u011fitimi"},"content":{"rendered":"<p>S\u00fcre<\/p>\n<ul>\n<li>E\u011fitimin s\u00fcresi 1 g\u00fcn (8 saat) e\u011fitim olarak belirlenmi\u015ftir.<\/li>\n<\/ul>\n<p>&nbsp;<\/p>\n<p>E\u011fitimin Konusu<\/p>\n<ul>\n<li>Hoshin Kanri nedir?<\/li>\n<li>Hoshin Kanri &#8216;nin tarih\u00e7esi ve geli\u015fmesi<\/li>\n<li>(PDCA) Deming \u00e7evrimi ve firma i\u00e7in \u00f6nemi<\/li>\n<li>Hoshin Kanri uygulams\u0131 i\u00e7in gereklilikler<\/li>\n<li>Y\u0131ll\u0131k orta ve uzun d\u00f6nem stratejileri<\/li>\n<li>Hoshin plan\u0131 ve yay\u0131l\u0131m\u0131<\/li>\n<li>Temel firma felsefesi ve kalite politikas\u0131<\/li>\n<li>Ki\u015fisel hedefler nedir? (SMART)<\/li>\n<li>Hedeflerin \u00f6l\u00e7\u00fclmesi<\/li>\n<li>Hedefler ve performans de\u011ferlendirme<\/li>\n<li>Firma i\u00e7inde performans de\u011ferlendirme<\/li>\n<li>Hedef ger\u00e7ekle\u015fmeye g\u00f6re maa\u015f art\u0131\u015f sistemi<\/li>\n<\/ul>\n<p>&nbsp;<\/p>\n<p>E\u011fitimin Hedefi<\/p>\n<ul>\n<li>\u0130\u015fletmenizde bulunan t\u00fcm \u00e7al\u0131\u015fanlar\u0131n ayn\u0131 hedef odaklanmalar\u0131, firman\u0131n ba\u015far\u0131s\u0131n\u0131n garantisidir. Elde edilen sinerji ile hedefler ba\u015far\u0131labilir hale gelemekte ve \u00e7al\u0131\u015fanlar\u0131n ba\u015far\u0131s\u0131 onlar\u0131 motive etmektedir. Ayr\u0131ca hedeflerin do\u011fru \u015fekilde belirlenmesi, \u00f6l\u00e7\u00fclmesi ve bunlar\u0131n ki\u015flerin gelirleri ile do\u011frudan ili\u015fkilendirilmesi firmadaki ba\u015far\u0131 grafi\u011finin h\u0131zla art\u0131rmaktad\u0131r.<\/li>\n<li>Bu e\u011fitime kat\u0131lanlar firman\u0131n gelecek startejilerinin belirlenmesi, yayg\u0131nla\u015ft\u0131r\u0131lmas\u0131 ve \u00fcst kadaemeden en alt kademeye kadar t\u00fcm \u00e7al\u0131\u015fanlar\u0131n ki\u015fisel hedefleri ile firma edeflerinin \u00f6t\u00fc\u015ft\u00fcr\u00fclmesini \u00f6\u011frenecekler. Hedefleri belirlerken dikkat edilecek noktalar ve bir hedefin genel \u00f6zelliklerini \u00f6\u011frecenecekler.<\/li>\n<\/ul>\n<p><strong>\u00a0<\/strong><\/p>\n<p>Sertifika<\/p>\n<ul>\n<li>E\u011fitimi tamamlayan t\u00fcm kat\u0131l\u0131mc\u0131lara GLOBAL ALLIANCE ACADEMY taraf\u0131ndan \u201cHoshin Kanri Stratejik Planlama E\u011fitimi Kat\u0131l\u0131m Sertifikas\u0131\u201d verilecektir.<\/li>\n<\/ul>","protected":false},"excerpt":{"rendered":"<p>S\u00fcre E\u011fitimin s\u00fcresi 1 g\u00fcn (8 saat) e\u011fitim olarak belirlenmi\u015ftir. &nbsp; E\u011fitimin Konusu Hoshin Kanri nedir? Hoshin Kanri &#8216;nin tarih\u00e7esi ve geli\u015fmesi (PDCA) Deming \u00e7evrimi ve firma i\u00e7in \u00f6nemi Hoshin&#8230; <\/p>\n","protected":false},"author":10,"featured_media":5171,"parent":2155,"menu_order":0,"comment_status":"closed","ping_status":"closed","template":"page-full.php","meta":{"_acf_changed":false,"om_disable_all_campaigns":false,"footnotes":""},"class_list":["post-5369","page","type-page","status-publish","has-post-thumbnail","hentry"],"acf":[],"yoast_head":"<!-- This site is optimized with the Yoast SEO plugin v27.4 - https:\/\/yoast.com\/product\/yoast-seo-wordpress\/ -->\n<title>Hoshin Kanri Stratejik Planlama E\u011fitimi - Global Alliance Register<\/title>\n<meta name=\"robots\" content=\"index, follow, max-snippet:-1, max-image-preview:large, max-video-preview:-1\" \/>\n<link rel=\"canonical\" href=\"https:\/\/globalallianceregister.com\/tr\/services\/egitim\/turkce-yalin-uretim-egitim-programi\/turkce-hoshin-kanri-stratejik-planlama-egitimi\/\" \/>\n<meta property=\"og:locale\" content=\"tr_TR\" \/>\n<meta property=\"og:type\" content=\"article\" \/>\n<meta property=\"og:title\" content=\"Hoshin Kanri Stratejik Planlama E\u011fitimi - Global Alliance Register\" \/>\n<meta property=\"og:description\" content=\"S\u00fcre E\u011fitimin s\u00fcresi 1 g\u00fcn (8 saat) e\u011fitim olarak belirlenmi\u015ftir. &nbsp; E\u011fitimin Konusu Hoshin Kanri nedir? Hoshin Kanri &#8216;nin tarih\u00e7esi ve geli\u015fmesi (PDCA) Deming \u00e7evrimi ve firma i\u00e7in \u00f6nemi Hoshin...\" \/>\n<meta property=\"og:url\" content=\"https:\/\/globalallianceregister.com\/tr\/services\/egitim\/turkce-yalin-uretim-egitim-programi\/turkce-hoshin-kanri-stratejik-planlama-egitimi\/\" \/>\n<meta property=\"og:site_name\" content=\"Global Alliance Register\" \/>\n<meta property=\"article:modified_time\" content=\"2015-12-11T16:15:37+00:00\" \/>\n<meta property=\"og:image\" content=\"https:\/\/globalallianceregister.com\/wp-content\/uploads\/2015\/08\/Training-Inner-Page.jpg\" \/>\n\t<meta property=\"og:image:width\" content=\"614\" \/>\n\t<meta property=\"og:image:height\" content=\"200\" \/>\n\t<meta property=\"og:image:type\" content=\"image\/jpeg\" \/>\n<meta name=\"twitter:label1\" content=\"Tahmini okuma s\u00fcresi\" \/>\n\t<meta name=\"twitter:data1\" content=\"1 dakika\" \/>\n<script type=\"application\/ld+json\" class=\"yoast-schema-graph\">{\"@context\":\"https:\\\/\\\/schema.org\",\"@graph\":[{\"@type\":\"WebPage\",\"@id\":\"https:\\\/\\\/globalallianceregister.com\\\/tr\\\/services\\\/egitim\\\/turkce-yalin-uretim-egitim-programi\\\/turkce-hoshin-kanri-stratejik-planlama-egitimi\\\/\",\"url\":\"https:\\\/\\\/globalallianceregister.com\\\/tr\\\/services\\\/egitim\\\/turkce-yalin-uretim-egitim-programi\\\/turkce-hoshin-kanri-stratejik-planlama-egitimi\\\/\",\"name\":\"Hoshin Kanri Stratejik Planlama E\u011fitimi - Global Alliance Register\",\"isPartOf\":{\"@id\":\"https:\\\/\\\/globalallianceregister.com\\\/tr\\\/#website\"},\"primaryImageOfPage\":{\"@id\":\"https:\\\/\\\/globalallianceregister.com\\\/tr\\\/services\\\/egitim\\\/turkce-yalin-uretim-egitim-programi\\\/turkce-hoshin-kanri-stratejik-planlama-egitimi\\\/#primaryimage\"},\"image\":{\"@id\":\"https:\\\/\\\/globalallianceregister.com\\\/tr\\\/services\\\/egitim\\\/turkce-yalin-uretim-egitim-programi\\\/turkce-hoshin-kanri-stratejik-planlama-egitimi\\\/#primaryimage\"},\"thumbnailUrl\":\"https:\\\/\\\/globalallianceregister.com\\\/wp-content\\\/uploads\\\/2015\\\/08\\\/Training-Inner-Page.jpg\",\"datePublished\":\"2015-10-27T11:15:48+00:00\",\"dateModified\":\"2015-12-11T16:15:37+00:00\",\"breadcrumb\":{\"@id\":\"https:\\\/\\\/globalallianceregister.com\\\/tr\\\/services\\\/egitim\\\/turkce-yalin-uretim-egitim-programi\\\/turkce-hoshin-kanri-stratejik-planlama-egitimi\\\/#breadcrumb\"},\"inLanguage\":\"tr\",\"potentialAction\":[{\"@type\":\"ReadAction\",\"target\":[[\"https:\\\/\\\/globalallianceregister.com\\\/tr\\\/services\\\/egitim\\\/turkce-yalin-uretim-egitim-programi\\\/turkce-hoshin-kanri-stratejik-planlama-egitimi\\\/\"]]}]},{\"@type\":\"ImageObject\",\"inLanguage\":\"tr\",\"@id\":\"https:\\\/\\\/globalallianceregister.com\\\/tr\\\/services\\\/egitim\\\/turkce-yalin-uretim-egitim-programi\\\/turkce-hoshin-kanri-stratejik-planlama-egitimi\\\/#primaryimage\",\"url\":\"https:\\\/\\\/globalallianceregister.com\\\/wp-content\\\/uploads\\\/2015\\\/08\\\/Training-Inner-Page.jpg\",\"contentUrl\":\"https:\\\/\\\/globalallianceregister.com\\\/wp-content\\\/uploads\\\/2015\\\/08\\\/Training-Inner-Page.jpg\",\"width\":614,\"height\":200},{\"@type\":\"BreadcrumbList\",\"@id\":\"https:\\\/\\\/globalallianceregister.com\\\/tr\\\/services\\\/egitim\\\/turkce-yalin-uretim-egitim-programi\\\/turkce-hoshin-kanri-stratejik-planlama-egitimi\\\/#breadcrumb\",\"itemListElement\":[{\"@type\":\"ListItem\",\"position\":1,\"name\":\"Anasayfa\",\"item\":\"https:\\\/\\\/globalallianceregister.com\\\/tr\\\/\"},{\"@type\":\"ListItem\",\"position\":2,\"name\":\"Hoshin Kanri Stratejik Planlama E\u011fitimi\"}]},{\"@type\":\"WebSite\",\"@id\":\"https:\\\/\\\/globalallianceregister.com\\\/tr\\\/#website\",\"url\":\"https:\\\/\\\/globalallianceregister.com\\\/tr\\\/\",\"name\":\"Global Alliance Register\",\"description\":\"(EN) Together for Excellence\",\"potentialAction\":[{\"@type\":\"SearchAction\",\"target\":{\"@type\":\"EntryPoint\",\"urlTemplate\":\"https:\\\/\\\/globalallianceregister.com\\\/tr\\\/?s={search_term_string}\"},\"query-input\":{\"@type\":\"PropertyValueSpecification\",\"valueRequired\":true,\"valueName\":\"search_term_string\"}}],\"inLanguage\":\"tr\"}]}<\/script>\n<!-- \/ Yoast SEO plugin. -->","yoast_head_json":{"title":"Hoshin Kanri Stratejik Planlama E\u011fitimi - Global Alliance Register","robots":{"index":"index","follow":"follow","max-snippet":"max-snippet:-1","max-image-preview":"max-image-preview:large","max-video-preview":"max-video-preview:-1"},"canonical":"https:\/\/globalallianceregister.com\/tr\/services\/egitim\/turkce-yalin-uretim-egitim-programi\/turkce-hoshin-kanri-stratejik-planlama-egitimi\/","og_locale":"tr_TR","og_type":"article","og_title":"Hoshin Kanri Stratejik Planlama E\u011fitimi - Global Alliance Register","og_description":"S\u00fcre E\u011fitimin s\u00fcresi 1 g\u00fcn (8 saat) e\u011fitim olarak belirlenmi\u015ftir. &nbsp; E\u011fitimin Konusu Hoshin Kanri nedir? Hoshin Kanri &#8216;nin tarih\u00e7esi ve geli\u015fmesi (PDCA) Deming \u00e7evrimi ve firma i\u00e7in \u00f6nemi Hoshin...","og_url":"https:\/\/globalallianceregister.com\/tr\/services\/egitim\/turkce-yalin-uretim-egitim-programi\/turkce-hoshin-kanri-stratejik-planlama-egitimi\/","og_site_name":"Global Alliance Register","article_modified_time":"2015-12-11T16:15:37+00:00","og_image":[{"width":614,"height":200,"url":"https:\/\/globalallianceregister.com\/wp-content\/uploads\/2015\/08\/Training-Inner-Page.jpg","type":"image\/jpeg"}],"twitter_misc":{"Tahmini okuma s\u00fcresi":"1 dakika"},"schema":{"@context":"https:\/\/schema.org","@graph":[{"@type":"WebPage","@id":"https:\/\/globalallianceregister.com\/tr\/services\/egitim\/turkce-yalin-uretim-egitim-programi\/turkce-hoshin-kanri-stratejik-planlama-egitimi\/","url":"https:\/\/globalallianceregister.com\/tr\/services\/egitim\/turkce-yalin-uretim-egitim-programi\/turkce-hoshin-kanri-stratejik-planlama-egitimi\/","name":"Hoshin Kanri Stratejik Planlama E\u011fitimi - Global Alliance Register","isPartOf":{"@id":"https:\/\/globalallianceregister.com\/tr\/#website"},"primaryImageOfPage":{"@id":"https:\/\/globalallianceregister.com\/tr\/services\/egitim\/turkce-yalin-uretim-egitim-programi\/turkce-hoshin-kanri-stratejik-planlama-egitimi\/#primaryimage"},"image":{"@id":"https:\/\/globalallianceregister.com\/tr\/services\/egitim\/turkce-yalin-uretim-egitim-programi\/turkce-hoshin-kanri-stratejik-planlama-egitimi\/#primaryimage"},"thumbnailUrl":"https:\/\/globalallianceregister.com\/wp-content\/uploads\/2015\/08\/Training-Inner-Page.jpg","datePublished":"2015-10-27T11:15:48+00:00","dateModified":"2015-12-11T16:15:37+00:00","breadcrumb":{"@id":"https:\/\/globalallianceregister.com\/tr\/services\/egitim\/turkce-yalin-uretim-egitim-programi\/turkce-hoshin-kanri-stratejik-planlama-egitimi\/#breadcrumb"},"inLanguage":"tr","potentialAction":[{"@type":"ReadAction","target":[["https:\/\/globalallianceregister.com\/tr\/services\/egitim\/turkce-yalin-uretim-egitim-programi\/turkce-hoshin-kanri-stratejik-planlama-egitimi\/"]]}]},{"@type":"ImageObject","inLanguage":"tr","@id":"https:\/\/globalallianceregister.com\/tr\/services\/egitim\/turkce-yalin-uretim-egitim-programi\/turkce-hoshin-kanri-stratejik-planlama-egitimi\/#primaryimage","url":"https:\/\/globalallianceregister.com\/wp-content\/uploads\/2015\/08\/Training-Inner-Page.jpg","contentUrl":"https:\/\/globalallianceregister.com\/wp-content\/uploads\/2015\/08\/Training-Inner-Page.jpg","width":614,"height":200},{"@type":"BreadcrumbList","@id":"https:\/\/globalallianceregister.com\/tr\/services\/egitim\/turkce-yalin-uretim-egitim-programi\/turkce-hoshin-kanri-stratejik-planlama-egitimi\/#breadcrumb","itemListElement":[{"@type":"ListItem","position":1,"name":"Anasayfa","item":"https:\/\/globalallianceregister.com\/tr\/"},{"@type":"ListItem","position":2,"name":"Hoshin Kanri Stratejik Planlama E\u011fitimi"}]},{"@type":"WebSite","@id":"https:\/\/globalallianceregister.com\/tr\/#website","url":"https:\/\/globalallianceregister.com\/tr\/","name":"Global Alliance Register","description":"(EN) Together for Excellence","potentialAction":[{"@type":"SearchAction","target":{"@type":"EntryPoint","urlTemplate":"https:\/\/globalallianceregister.com\/tr\/?s={search_term_string}"},"query-input":{"@type":"PropertyValueSpecification","valueRequired":true,"valueName":"search_term_string"}}],"inLanguage":"tr"}]}},"_links":{"self":[{"href":"https:\/\/globalallianceregister.com\/tr\/wp-json\/wp\/v2\/pages\/5369","targetHints":{"allow":["GET"]}}],"collection":[{"href":"https:\/\/globalallianceregister.com\/tr\/wp-json\/wp\/v2\/pages"}],"about":[{"href":"https:\/\/globalallianceregister.com\/tr\/wp-json\/wp\/v2\/types\/page"}],"author":[{"embeddable":true,"href":"https:\/\/globalallianceregister.com\/tr\/wp-json\/wp\/v2\/users\/10"}],"replies":[{"embeddable":true,"href":"https:\/\/globalallianceregister.com\/tr\/wp-json\/wp\/v2\/comments?post=5369"}],"version-history":[{"count":0,"href":"https:\/\/globalallianceregister.com\/tr\/wp-json\/wp\/v2\/pages\/5369\/revisions"}],"up":[{"embeddable":true,"href":"https:\/\/globalallianceregister.com\/tr\/wp-json\/wp\/v2\/pages\/2155"}],"wp:featuredmedia":[{"embeddable":true,"href":"https:\/\/globalallianceregister.com\/tr\/wp-json\/wp\/v2\/media\/5171"}],"wp:attachment":[{"href":"https:\/\/globalallianceregister.com\/tr\/wp-json\/wp\/v2\/media?parent=5369"}],"curies":[{"name":"wp","href":"https:\/\/api.w.org\/{rel}","templated":true}]}}