{"id":5372,"date":"2015-10-27T11:19:03","date_gmt":"2015-10-27T11:19:03","guid":{"rendered":"https:\/\/globalallianceregister.com\/?page_id=5372"},"modified":"2015-12-11T16:15:08","modified_gmt":"2015-12-11T16:15:08","slug":"turkce-heijunka-uygulamalari-ve-epei","status":"publish","type":"page","link":"https:\/\/globalallianceregister.com\/tr\/services\/egitim\/turkce-yalin-uretim-egitim-programi\/turkce-heijunka-uygulamalari-ve-epei\/","title":{"rendered":"Heijunka uygulamalar\u0131 ve EPEI"},"content":{"rendered":"<p>S\u00fcre<\/p>\n<ul>\n<li>E\u011fitimin s\u00fcresi 2 g\u00fcn (16 saat) olarak belirlenmi\u015ftir.<\/li>\n<\/ul>\n<p><strong>\u00a0<\/strong><\/p>\n<p>E\u011fitimin Konusu<\/p>\n<ul>\n<li>Heijunka, tarih\u00e7esi, anlam\u0131.<\/li>\n<li>Temelleri ve uygulama \u00f6ncesi gereklilikler<\/li>\n<li>Yararlar\u0131 ve kullan\u0131m alanlar\u0131<\/li>\n<li>Montaj sistemlerinde sipari\u015f y\u00f6netimi<\/li>\n<li>\u00d6rnek uyglama<\/li>\n<li>Heijunka y\u00f6neteminin uygulama alanlar\u0131<\/li>\n<li>EPEI (every part at every interval) sisteminin hesaplanmas\u0131<\/li>\n<li>Dengeleme<\/li>\n<li>Heijunka panolar\u0131, tasarlanmas\u0131 ve uygulanmas\u0131<\/li>\n<li>EPEI ile periyodik \u00fcretim sistemi<\/li>\n<li>Sat\u0131\u015f tahminleri ve takt time<\/li>\n<li>Heijunka panosu veya elektronik sistemle \u00fcretim y\u00f6netimi<\/li>\n<li>Proje plan\u0131 olu\u015fturma<\/li>\n<\/ul>\n<p>&nbsp;<\/p>\n<p>E\u011fitimin Hedefi<\/p>\n<ul>\n<li>Pek \u00e7ok firmada klasik push sistemi veya basit pull (\u00e7ekme) sistemi kullan\u0131lmaktad\u0131r. Bu e\u011fitim ile firman\u0131zda daha ileri \u00e7ekme sistemlerinin nas\u0131l kullan\u0131laca\u011f\u0131n\u0131 \u00f6\u011freneceksiniz. Firman\u0131z\u0131n m\u00fc\u015fteri sipari\u015flerine cevap s\u00fcresinin k\u0131salt\u0131lmas\u0131, an\u0131nda teslimat oran\u0131n 95% ve \u00fczerine \u00e7\u0131kar\u0131lmas\u0131 i\u00e7in yap\u0131lmas\u0131 gerekenleri \u00f6\u011freneceksiniz. M\u00fc\u015fteri sipari\u015flerindeki de\u011fi\u015fmeleri \u00fcretim \u00fczerindeki olumsuz etkilerini nas\u0131l ortadan kald\u0131raca\u011f\u0131n\u0131z\u0131 \u00f6\u011freneceksiniz. Heijunka panolar\u0131 ile planlama maliyetlerini nas\u0131l kolayca d\u00fc\u015f\u00fcrece\u011finizi \u00f6\u011freneceksiniz.<\/li>\n<\/ul>\n<p><strong>\u00a0<\/strong><\/p>\n<p>Sertifika<\/p>\n<ul>\n<li>E\u011fitimi tamamlayan t\u00fcm kat\u0131l\u0131mc\u0131lara GLOBAL ALLIANCE ACADEMY taraf\u0131ndan \u201cHeijunka uygulamalar\u0131 ve EPEI E\u011fitimi Kat\u0131l\u0131m Sertifikas\u0131\u201d verilecektir.<\/li>\n<\/ul>","protected":false},"excerpt":{"rendered":"<p>S\u00fcre E\u011fitimin s\u00fcresi 2 g\u00fcn (16 saat) olarak belirlenmi\u015ftir. \u00a0 E\u011fitimin Konusu Heijunka, tarih\u00e7esi, anlam\u0131. Temelleri ve uygulama \u00f6ncesi gereklilikler Yararlar\u0131 ve kullan\u0131m alanlar\u0131 Montaj sistemlerinde sipari\u015f y\u00f6netimi \u00d6rnek uyglama&#8230; <\/p>\n","protected":false},"author":10,"featured_media":5171,"parent":2155,"menu_order":0,"comment_status":"closed","ping_status":"closed","template":"page-full.php","meta":{"_acf_changed":false,"om_disable_all_campaigns":false,"footnotes":""},"class_list":["post-5372","page","type-page","status-publish","has-post-thumbnail","hentry"],"acf":[],"yoast_head":"<!-- This site is optimized with the Yoast SEO plugin v27.4 - https:\/\/yoast.com\/product\/yoast-seo-wordpress\/ -->\n<title>Heijunka uygulamalar\u0131 ve EPEI - Global Alliance Register<\/title>\n<meta name=\"robots\" content=\"index, follow, max-snippet:-1, max-image-preview:large, max-video-preview:-1\" \/>\n<link rel=\"canonical\" href=\"https:\/\/globalallianceregister.com\/tr\/services\/egitim\/turkce-yalin-uretim-egitim-programi\/turkce-heijunka-uygulamalari-ve-epei\/\" \/>\n<meta property=\"og:locale\" content=\"tr_TR\" \/>\n<meta property=\"og:type\" content=\"article\" \/>\n<meta property=\"og:title\" content=\"Heijunka uygulamalar\u0131 ve EPEI - Global Alliance Register\" \/>\n<meta property=\"og:description\" content=\"S\u00fcre E\u011fitimin s\u00fcresi 2 g\u00fcn (16 saat) olarak belirlenmi\u015ftir. \u00a0 E\u011fitimin Konusu Heijunka, tarih\u00e7esi, anlam\u0131. Temelleri ve uygulama \u00f6ncesi gereklilikler Yararlar\u0131 ve kullan\u0131m alanlar\u0131 Montaj sistemlerinde sipari\u015f y\u00f6netimi \u00d6rnek uyglama...\" \/>\n<meta property=\"og:url\" content=\"https:\/\/globalallianceregister.com\/tr\/services\/egitim\/turkce-yalin-uretim-egitim-programi\/turkce-heijunka-uygulamalari-ve-epei\/\" \/>\n<meta property=\"og:site_name\" content=\"Global Alliance Register\" \/>\n<meta property=\"article:modified_time\" content=\"2015-12-11T16:15:08+00:00\" \/>\n<meta property=\"og:image\" content=\"https:\/\/globalallianceregister.com\/wp-content\/uploads\/2015\/08\/Training-Inner-Page.jpg\" \/>\n\t<meta property=\"og:image:width\" content=\"614\" \/>\n\t<meta property=\"og:image:height\" content=\"200\" \/>\n\t<meta property=\"og:image:type\" content=\"image\/jpeg\" \/>\n<meta name=\"twitter:label1\" content=\"Tahmini okuma s\u00fcresi\" \/>\n\t<meta name=\"twitter:data1\" content=\"1 dakika\" \/>\n<script type=\"application\/ld+json\" class=\"yoast-schema-graph\">{\"@context\":\"https:\\\/\\\/schema.org\",\"@graph\":[{\"@type\":\"WebPage\",\"@id\":\"https:\\\/\\\/globalallianceregister.com\\\/tr\\\/services\\\/egitim\\\/turkce-yalin-uretim-egitim-programi\\\/turkce-heijunka-uygulamalari-ve-epei\\\/\",\"url\":\"https:\\\/\\\/globalallianceregister.com\\\/tr\\\/services\\\/egitim\\\/turkce-yalin-uretim-egitim-programi\\\/turkce-heijunka-uygulamalari-ve-epei\\\/\",\"name\":\"Heijunka uygulamalar\u0131 ve EPEI - Global Alliance Register\",\"isPartOf\":{\"@id\":\"https:\\\/\\\/globalallianceregister.com\\\/tr\\\/#website\"},\"primaryImageOfPage\":{\"@id\":\"https:\\\/\\\/globalallianceregister.com\\\/tr\\\/services\\\/egitim\\\/turkce-yalin-uretim-egitim-programi\\\/turkce-heijunka-uygulamalari-ve-epei\\\/#primaryimage\"},\"image\":{\"@id\":\"https:\\\/\\\/globalallianceregister.com\\\/tr\\\/services\\\/egitim\\\/turkce-yalin-uretim-egitim-programi\\\/turkce-heijunka-uygulamalari-ve-epei\\\/#primaryimage\"},\"thumbnailUrl\":\"https:\\\/\\\/globalallianceregister.com\\\/wp-content\\\/uploads\\\/2015\\\/08\\\/Training-Inner-Page.jpg\",\"datePublished\":\"2015-10-27T11:19:03+00:00\",\"dateModified\":\"2015-12-11T16:15:08+00:00\",\"breadcrumb\":{\"@id\":\"https:\\\/\\\/globalallianceregister.com\\\/tr\\\/services\\\/egitim\\\/turkce-yalin-uretim-egitim-programi\\\/turkce-heijunka-uygulamalari-ve-epei\\\/#breadcrumb\"},\"inLanguage\":\"tr\",\"potentialAction\":[{\"@type\":\"ReadAction\",\"target\":[[\"https:\\\/\\\/globalallianceregister.com\\\/tr\\\/services\\\/egitim\\\/turkce-yalin-uretim-egitim-programi\\\/turkce-heijunka-uygulamalari-ve-epei\\\/\"]]}]},{\"@type\":\"ImageObject\",\"inLanguage\":\"tr\",\"@id\":\"https:\\\/\\\/globalallianceregister.com\\\/tr\\\/services\\\/egitim\\\/turkce-yalin-uretim-egitim-programi\\\/turkce-heijunka-uygulamalari-ve-epei\\\/#primaryimage\",\"url\":\"https:\\\/\\\/globalallianceregister.com\\\/wp-content\\\/uploads\\\/2015\\\/08\\\/Training-Inner-Page.jpg\",\"contentUrl\":\"https:\\\/\\\/globalallianceregister.com\\\/wp-content\\\/uploads\\\/2015\\\/08\\\/Training-Inner-Page.jpg\",\"width\":614,\"height\":200},{\"@type\":\"BreadcrumbList\",\"@id\":\"https:\\\/\\\/globalallianceregister.com\\\/tr\\\/services\\\/egitim\\\/turkce-yalin-uretim-egitim-programi\\\/turkce-heijunka-uygulamalari-ve-epei\\\/#breadcrumb\",\"itemListElement\":[{\"@type\":\"ListItem\",\"position\":1,\"name\":\"Anasayfa\",\"item\":\"https:\\\/\\\/globalallianceregister.com\\\/tr\\\/\"},{\"@type\":\"ListItem\",\"position\":2,\"name\":\"Heijunka uygulamalar\u0131 ve EPEI\"}]},{\"@type\":\"WebSite\",\"@id\":\"https:\\\/\\\/globalallianceregister.com\\\/tr\\\/#website\",\"url\":\"https:\\\/\\\/globalallianceregister.com\\\/tr\\\/\",\"name\":\"Global Alliance Register\",\"description\":\"(EN) Together for Excellence\",\"potentialAction\":[{\"@type\":\"SearchAction\",\"target\":{\"@type\":\"EntryPoint\",\"urlTemplate\":\"https:\\\/\\\/globalallianceregister.com\\\/tr\\\/?s={search_term_string}\"},\"query-input\":{\"@type\":\"PropertyValueSpecification\",\"valueRequired\":true,\"valueName\":\"search_term_string\"}}],\"inLanguage\":\"tr\"}]}<\/script>\n<!-- \/ Yoast SEO plugin. -->","yoast_head_json":{"title":"Heijunka uygulamalar\u0131 ve EPEI - Global Alliance Register","robots":{"index":"index","follow":"follow","max-snippet":"max-snippet:-1","max-image-preview":"max-image-preview:large","max-video-preview":"max-video-preview:-1"},"canonical":"https:\/\/globalallianceregister.com\/tr\/services\/egitim\/turkce-yalin-uretim-egitim-programi\/turkce-heijunka-uygulamalari-ve-epei\/","og_locale":"tr_TR","og_type":"article","og_title":"Heijunka uygulamalar\u0131 ve EPEI - Global Alliance Register","og_description":"S\u00fcre E\u011fitimin s\u00fcresi 2 g\u00fcn (16 saat) olarak belirlenmi\u015ftir. \u00a0 E\u011fitimin Konusu Heijunka, tarih\u00e7esi, anlam\u0131. Temelleri ve uygulama \u00f6ncesi gereklilikler Yararlar\u0131 ve kullan\u0131m alanlar\u0131 Montaj sistemlerinde sipari\u015f y\u00f6netimi \u00d6rnek uyglama...","og_url":"https:\/\/globalallianceregister.com\/tr\/services\/egitim\/turkce-yalin-uretim-egitim-programi\/turkce-heijunka-uygulamalari-ve-epei\/","og_site_name":"Global Alliance Register","article_modified_time":"2015-12-11T16:15:08+00:00","og_image":[{"width":614,"height":200,"url":"https:\/\/globalallianceregister.com\/wp-content\/uploads\/2015\/08\/Training-Inner-Page.jpg","type":"image\/jpeg"}],"twitter_misc":{"Tahmini okuma s\u00fcresi":"1 dakika"},"schema":{"@context":"https:\/\/schema.org","@graph":[{"@type":"WebPage","@id":"https:\/\/globalallianceregister.com\/tr\/services\/egitim\/turkce-yalin-uretim-egitim-programi\/turkce-heijunka-uygulamalari-ve-epei\/","url":"https:\/\/globalallianceregister.com\/tr\/services\/egitim\/turkce-yalin-uretim-egitim-programi\/turkce-heijunka-uygulamalari-ve-epei\/","name":"Heijunka uygulamalar\u0131 ve EPEI - Global Alliance Register","isPartOf":{"@id":"https:\/\/globalallianceregister.com\/tr\/#website"},"primaryImageOfPage":{"@id":"https:\/\/globalallianceregister.com\/tr\/services\/egitim\/turkce-yalin-uretim-egitim-programi\/turkce-heijunka-uygulamalari-ve-epei\/#primaryimage"},"image":{"@id":"https:\/\/globalallianceregister.com\/tr\/services\/egitim\/turkce-yalin-uretim-egitim-programi\/turkce-heijunka-uygulamalari-ve-epei\/#primaryimage"},"thumbnailUrl":"https:\/\/globalallianceregister.com\/wp-content\/uploads\/2015\/08\/Training-Inner-Page.jpg","datePublished":"2015-10-27T11:19:03+00:00","dateModified":"2015-12-11T16:15:08+00:00","breadcrumb":{"@id":"https:\/\/globalallianceregister.com\/tr\/services\/egitim\/turkce-yalin-uretim-egitim-programi\/turkce-heijunka-uygulamalari-ve-epei\/#breadcrumb"},"inLanguage":"tr","potentialAction":[{"@type":"ReadAction","target":[["https:\/\/globalallianceregister.com\/tr\/services\/egitim\/turkce-yalin-uretim-egitim-programi\/turkce-heijunka-uygulamalari-ve-epei\/"]]}]},{"@type":"ImageObject","inLanguage":"tr","@id":"https:\/\/globalallianceregister.com\/tr\/services\/egitim\/turkce-yalin-uretim-egitim-programi\/turkce-heijunka-uygulamalari-ve-epei\/#primaryimage","url":"https:\/\/globalallianceregister.com\/wp-content\/uploads\/2015\/08\/Training-Inner-Page.jpg","contentUrl":"https:\/\/globalallianceregister.com\/wp-content\/uploads\/2015\/08\/Training-Inner-Page.jpg","width":614,"height":200},{"@type":"BreadcrumbList","@id":"https:\/\/globalallianceregister.com\/tr\/services\/egitim\/turkce-yalin-uretim-egitim-programi\/turkce-heijunka-uygulamalari-ve-epei\/#breadcrumb","itemListElement":[{"@type":"ListItem","position":1,"name":"Anasayfa","item":"https:\/\/globalallianceregister.com\/tr\/"},{"@type":"ListItem","position":2,"name":"Heijunka uygulamalar\u0131 ve EPEI"}]},{"@type":"WebSite","@id":"https:\/\/globalallianceregister.com\/tr\/#website","url":"https:\/\/globalallianceregister.com\/tr\/","name":"Global Alliance Register","description":"(EN) Together for Excellence","potentialAction":[{"@type":"SearchAction","target":{"@type":"EntryPoint","urlTemplate":"https:\/\/globalallianceregister.com\/tr\/?s={search_term_string}"},"query-input":{"@type":"PropertyValueSpecification","valueRequired":true,"valueName":"search_term_string"}}],"inLanguage":"tr"}]}},"_links":{"self":[{"href":"https:\/\/globalallianceregister.com\/tr\/wp-json\/wp\/v2\/pages\/5372","targetHints":{"allow":["GET"]}}],"collection":[{"href":"https:\/\/globalallianceregister.com\/tr\/wp-json\/wp\/v2\/pages"}],"about":[{"href":"https:\/\/globalallianceregister.com\/tr\/wp-json\/wp\/v2\/types\/page"}],"author":[{"embeddable":true,"href":"https:\/\/globalallianceregister.com\/tr\/wp-json\/wp\/v2\/users\/10"}],"replies":[{"embeddable":true,"href":"https:\/\/globalallianceregister.com\/tr\/wp-json\/wp\/v2\/comments?post=5372"}],"version-history":[{"count":0,"href":"https:\/\/globalallianceregister.com\/tr\/wp-json\/wp\/v2\/pages\/5372\/revisions"}],"up":[{"embeddable":true,"href":"https:\/\/globalallianceregister.com\/tr\/wp-json\/wp\/v2\/pages\/2155"}],"wp:featuredmedia":[{"embeddable":true,"href":"https:\/\/globalallianceregister.com\/tr\/wp-json\/wp\/v2\/media\/5171"}],"wp:attachment":[{"href":"https:\/\/globalallianceregister.com\/tr\/wp-json\/wp\/v2\/media?parent=5372"}],"curies":[{"name":"wp","href":"https:\/\/api.w.org\/{rel}","templated":true}]}}