{"id":5378,"date":"2015-10-27T11:25:04","date_gmt":"2015-10-27T11:25:04","guid":{"rendered":"https:\/\/globalallianceregister.com\/?page_id=5378"},"modified":"2015-12-11T16:08:42","modified_gmt":"2015-12-11T16:08:42","slug":"turkce-esnek-uretim-ileri","status":"publish","type":"page","link":"https:\/\/globalallianceregister.com\/tr\/services\/egitim\/turkce-yalin-uretim-egitim-programi\/turkce-esnek-uretim-ileri\/","title":{"rendered":"Esnek \u00dcretim \u0130leri"},"content":{"rendered":"<p>S\u00fcre<\/p>\n<ul>\n<li>E\u011fitimin s\u00fcresi 2 g\u00fcn (16 saat) olarak belirlenmi\u015ftir.<\/li>\n<\/ul>\n<p>&nbsp;<\/p>\n<p>E\u011fitimin Konusu<\/p>\n<ul>\n<li>&#8220;Mix model \u00fcretim sistemi hesaplanmas\u0131 ve hat tasar\u0131m\u0131.<\/li>\n<li>Efektif s\u00fcpermarket tasar\u0131m\u0131.<\/li>\n<li>Parti b\u00fcy\u00fckl\u00fc\u011f\u00fc, model de\u011fi\u015fim s\u00fcresi ve esnek makine kullan\u0131m\u0131 metodlar\u0131.<\/li>\n<li>\u00d6n montaj ve \u00fcretim hatlar\u0131n\u0131n son montaj ile ba\u011flanmas\u0131 i\u00e7in uygulanacak strateji ve teknikler.<\/li>\n<li>De\u011fer zinciri, yal\u0131n sistem ve ak\u0131\u015f.<\/li>\n<li>\u0130\u00e7 ve d\u0131\u015f m\u00fc\u015fterilerle \u00f6n \u00fcretim hatlar\u0131n\u0131n ba\u011flanmas\u0131 ve optimizasyonu<\/li>\n<li>Karma\u015f\u0131k malzeme ak\u0131\u015f sistemlerinin y\u00f6netimi.<\/li>\n<li>Ak\u0131ll\u0131 &#8220;s\u00fcpermarket sistemleri&#8221;.<\/li>\n<li>Tek par\u00e7a ak\u0131\u015f\u0131&#8221; sisteminde engeller.<\/li>\n<li>Hat dengeleme<\/li>\n<li>IPK (in process kanban)<\/li>\n<li>Kaynaklar\u0131n y\u00f6netimi (3M, insan, makine ve malzeme).<\/li>\n<li>Kanban uygulama metotlar\u0131<\/li>\n<\/ul>\n<p>&nbsp;<\/p>\n<p>E\u011fitimin Hedefi<\/p>\n<ul>\n<li>Kat\u0131l\u0131mc\u0131lar Toyota \u00fcretim sisteminin temel presipleri ve temel uygulama ad\u0131mlar\u0131n\u0131 \u00f6\u011frenecekler. Bununla birlikte d\u00fcnya klasman\u0131nda uygulama metodlar\u0131 ve h\u0131zl\u0131 devreye alma y\u00f6netmlerini \u00f6\u011frenerek uygulayabilme yetene\u011fi elde edecekler. Bu e\u011fitim sonras\u0131 kat\u0131l\u0131mc\u0131lar, firman\u0131zda yal\u0131n \u00fcretim uygulamak i\u00e7in gerekli temel bilgileri edinmi\u015f olacaklar.<\/li>\n<\/ul>\n<p>&nbsp;<\/p>\n<p>Kimler Kat\u0131labilir<\/p>\n<ul>\n<li>Firmalar\u0131n y\u00f6netim ve operasyon kademelerinde \u00e7al\u0131\u015fan, planlama sorumlular\u0131, lojistik, proje, i\u015f geli\u015ftirme, \u00fcretim kontrol, sat\u0131n alma, depo operasyon, i\u015f planlama, metot m\u00fchendisli\u011fi birimlerinde g\u00f6rev yapan \u00e7al\u0131\u015fanlar\u0131, y\u00f6neticileri ve bu alanlarda kariyer geli\u015ftirmeyi hedefleyen ki\u015fileri kapsamaktad\u0131r.<\/li>\n<\/ul>\n<p><strong>\u00a0<\/strong><\/p>\n<p>Sertifika<\/p>\n<ul>\n<li>E\u011fitimi tamamlayan t\u00fcm kat\u0131l\u0131mc\u0131lara GLOBAL ALLIANCE ACADEMY taraf\u0131ndan \u201cEsnek \u00dcretim II E\u011fitimi Kat\u0131l\u0131m Sertifikas\u0131\u201d verilecektir.<\/li>\n<\/ul>","protected":false},"excerpt":{"rendered":"<p>S\u00fcre E\u011fitimin s\u00fcresi 2 g\u00fcn (16 saat) olarak belirlenmi\u015ftir. &nbsp; E\u011fitimin Konusu &#8220;Mix model \u00fcretim sistemi hesaplanmas\u0131 ve hat tasar\u0131m\u0131. Efektif s\u00fcpermarket tasar\u0131m\u0131. Parti b\u00fcy\u00fckl\u00fc\u011f\u00fc, model de\u011fi\u015fim s\u00fcresi ve esnek&#8230; <\/p>\n","protected":false},"author":10,"featured_media":5171,"parent":2155,"menu_order":0,"comment_status":"closed","ping_status":"closed","template":"page-full.php","meta":{"_acf_changed":false,"om_disable_all_campaigns":false,"footnotes":""},"class_list":["post-5378","page","type-page","status-publish","has-post-thumbnail","hentry"],"acf":[],"yoast_head":"<!-- This site is optimized with the Yoast SEO plugin v27.4 - https:\/\/yoast.com\/product\/yoast-seo-wordpress\/ -->\n<title>Esnek \u00dcretim \u0130leri - Global Alliance Register<\/title>\n<meta name=\"robots\" content=\"index, follow, max-snippet:-1, max-image-preview:large, max-video-preview:-1\" \/>\n<link rel=\"canonical\" href=\"https:\/\/globalallianceregister.com\/tr\/services\/egitim\/turkce-yalin-uretim-egitim-programi\/turkce-esnek-uretim-ileri\/\" \/>\n<meta property=\"og:locale\" content=\"tr_TR\" \/>\n<meta property=\"og:type\" content=\"article\" \/>\n<meta property=\"og:title\" content=\"Esnek \u00dcretim \u0130leri - Global Alliance Register\" \/>\n<meta property=\"og:description\" content=\"S\u00fcre E\u011fitimin s\u00fcresi 2 g\u00fcn (16 saat) olarak belirlenmi\u015ftir. &nbsp; E\u011fitimin Konusu &#8220;Mix model \u00fcretim sistemi hesaplanmas\u0131 ve hat tasar\u0131m\u0131. Efektif s\u00fcpermarket tasar\u0131m\u0131. Parti b\u00fcy\u00fckl\u00fc\u011f\u00fc, model de\u011fi\u015fim s\u00fcresi ve esnek...\" \/>\n<meta property=\"og:url\" content=\"https:\/\/globalallianceregister.com\/tr\/services\/egitim\/turkce-yalin-uretim-egitim-programi\/turkce-esnek-uretim-ileri\/\" \/>\n<meta property=\"og:site_name\" content=\"Global Alliance Register\" \/>\n<meta property=\"article:modified_time\" content=\"2015-12-11T16:08:42+00:00\" \/>\n<meta property=\"og:image\" content=\"https:\/\/globalallianceregister.com\/wp-content\/uploads\/2015\/08\/Training-Inner-Page.jpg\" \/>\n\t<meta property=\"og:image:width\" content=\"614\" \/>\n\t<meta property=\"og:image:height\" content=\"200\" \/>\n\t<meta property=\"og:image:type\" content=\"image\/jpeg\" \/>\n<meta name=\"twitter:label1\" content=\"Tahmini okuma s\u00fcresi\" \/>\n\t<meta name=\"twitter:data1\" content=\"1 dakika\" \/>\n<script type=\"application\/ld+json\" class=\"yoast-schema-graph\">{\"@context\":\"https:\\\/\\\/schema.org\",\"@graph\":[{\"@type\":\"WebPage\",\"@id\":\"https:\\\/\\\/globalallianceregister.com\\\/tr\\\/services\\\/egitim\\\/turkce-yalin-uretim-egitim-programi\\\/turkce-esnek-uretim-ileri\\\/\",\"url\":\"https:\\\/\\\/globalallianceregister.com\\\/tr\\\/services\\\/egitim\\\/turkce-yalin-uretim-egitim-programi\\\/turkce-esnek-uretim-ileri\\\/\",\"name\":\"Esnek \u00dcretim \u0130leri - Global Alliance Register\",\"isPartOf\":{\"@id\":\"https:\\\/\\\/globalallianceregister.com\\\/tr\\\/#website\"},\"primaryImageOfPage\":{\"@id\":\"https:\\\/\\\/globalallianceregister.com\\\/tr\\\/services\\\/egitim\\\/turkce-yalin-uretim-egitim-programi\\\/turkce-esnek-uretim-ileri\\\/#primaryimage\"},\"image\":{\"@id\":\"https:\\\/\\\/globalallianceregister.com\\\/services\\\/egitim\\\/turkce-yalin-uretim-egitim-programi\\\/turkce-esnek-uretim-ileri\\\/#primaryimage\"},\"thumbnailUrl\":\"https:\\\/\\\/globalallianceregister.com\\\/wp-content\\\/uploads\\\/2015\\\/08\\\/Training-Inner-Page.jpg\",\"datePublished\":\"2015-10-27T11:25:04+00:00\",\"dateModified\":\"2015-12-11T16:08:42+00:00\",\"breadcrumb\":{\"@id\":\"https:\\\/\\\/globalallianceregister.com\\\/tr\\\/services\\\/egitim\\\/turkce-yalin-uretim-egitim-programi\\\/turkce-esnek-uretim-ileri\\\/#breadcrumb\"},\"inLanguage\":\"tr\",\"potentialAction\":[{\"@type\":\"ReadAction\",\"target\":[[\"https:\\\/\\\/globalallianceregister.com\\\/tr\\\/services\\\/egitim\\\/turkce-yalin-uretim-egitim-programi\\\/turkce-esnek-uretim-ileri\\\/\"]]}]},{\"@type\":\"ImageObject\",\"inLanguage\":\"tr\",\"@id\":\"https:\\\/\\\/globalallianceregister.com\\\/tr\\\/services\\\/egitim\\\/turkce-yalin-uretim-egitim-programi\\\/turkce-esnek-uretim-ileri\\\/#primaryimage\",\"url\":\"https:\\\/\\\/globalallianceregister.com\\\/wp-content\\\/uploads\\\/2015\\\/08\\\/Training-Inner-Page.jpg\",\"contentUrl\":\"https:\\\/\\\/globalallianceregister.com\\\/wp-content\\\/uploads\\\/2015\\\/08\\\/Training-Inner-Page.jpg\",\"width\":614,\"height\":200},{\"@type\":\"BreadcrumbList\",\"@id\":\"https:\\\/\\\/globalallianceregister.com\\\/tr\\\/services\\\/egitim\\\/turkce-yalin-uretim-egitim-programi\\\/turkce-esnek-uretim-ileri\\\/#breadcrumb\",\"itemListElement\":[{\"@type\":\"ListItem\",\"position\":1,\"name\":\"Anasayfa\",\"item\":\"https:\\\/\\\/globalallianceregister.com\\\/tr\\\/\"},{\"@type\":\"ListItem\",\"position\":2,\"name\":\"Hizmetler\",\"item\":\"https:\\\/\\\/globalallianceregister.com\\\/tr\\\/services\\\/\"},{\"@type\":\"ListItem\",\"position\":3,\"name\":\"E\u011fitim\",\"item\":\"https:\\\/\\\/globalallianceregister.com\\\/tr\\\/services\\\/egitim\\\/\"},{\"@type\":\"ListItem\",\"position\":4,\"name\":\"Lean Manufacturing Technics Training Program\",\"item\":\"https:\\\/\\\/globalallianceregister.com\\\/tr\\\/services\\\/egitim\\\/turkce-yalin-uretim-egitim-programi\\\/\"},{\"@type\":\"ListItem\",\"position\":5,\"name\":\"(TR) Esnek \u00dcretim \u0130leri\"}]},{\"@type\":\"WebSite\",\"@id\":\"https:\\\/\\\/globalallianceregister.com\\\/tr\\\/#website\",\"url\":\"https:\\\/\\\/globalallianceregister.com\\\/tr\\\/\",\"name\":\"Global Alliance Register\",\"description\":\"(EN) Together for Excellence\",\"potentialAction\":[{\"@type\":\"SearchAction\",\"target\":{\"@type\":\"EntryPoint\",\"urlTemplate\":\"https:\\\/\\\/globalallianceregister.com\\\/tr\\\/?s={search_term_string}\"},\"query-input\":{\"@type\":\"PropertyValueSpecification\",\"valueRequired\":true,\"valueName\":\"search_term_string\"}}],\"inLanguage\":\"tr\"}]}<\/script>\n<!-- \/ Yoast SEO plugin. -->","yoast_head_json":{"title":"Esnek \u00dcretim \u0130leri - Global Alliance Register","robots":{"index":"index","follow":"follow","max-snippet":"max-snippet:-1","max-image-preview":"max-image-preview:large","max-video-preview":"max-video-preview:-1"},"canonical":"https:\/\/globalallianceregister.com\/tr\/services\/egitim\/turkce-yalin-uretim-egitim-programi\/turkce-esnek-uretim-ileri\/","og_locale":"tr_TR","og_type":"article","og_title":"Esnek \u00dcretim \u0130leri - Global Alliance Register","og_description":"S\u00fcre E\u011fitimin s\u00fcresi 2 g\u00fcn (16 saat) olarak belirlenmi\u015ftir. &nbsp; E\u011fitimin Konusu &#8220;Mix model \u00fcretim sistemi hesaplanmas\u0131 ve hat tasar\u0131m\u0131. Efektif s\u00fcpermarket tasar\u0131m\u0131. Parti b\u00fcy\u00fckl\u00fc\u011f\u00fc, model de\u011fi\u015fim s\u00fcresi ve esnek...","og_url":"https:\/\/globalallianceregister.com\/tr\/services\/egitim\/turkce-yalin-uretim-egitim-programi\/turkce-esnek-uretim-ileri\/","og_site_name":"Global Alliance Register","article_modified_time":"2015-12-11T16:08:42+00:00","og_image":[{"width":614,"height":200,"url":"https:\/\/globalallianceregister.com\/wp-content\/uploads\/2015\/08\/Training-Inner-Page.jpg","type":"image\/jpeg"}],"twitter_misc":{"Tahmini okuma s\u00fcresi":"1 dakika"},"schema":{"@context":"https:\/\/schema.org","@graph":[{"@type":"WebPage","@id":"https:\/\/globalallianceregister.com\/tr\/services\/egitim\/turkce-yalin-uretim-egitim-programi\/turkce-esnek-uretim-ileri\/","url":"https:\/\/globalallianceregister.com\/tr\/services\/egitim\/turkce-yalin-uretim-egitim-programi\/turkce-esnek-uretim-ileri\/","name":"Esnek \u00dcretim \u0130leri - Global Alliance Register","isPartOf":{"@id":"https:\/\/globalallianceregister.com\/tr\/#website"},"primaryImageOfPage":{"@id":"https:\/\/globalallianceregister.com\/tr\/services\/egitim\/turkce-yalin-uretim-egitim-programi\/turkce-esnek-uretim-ileri\/#primaryimage"},"image":{"@id":"https:\/\/globalallianceregister.com\/services\/egitim\/turkce-yalin-uretim-egitim-programi\/turkce-esnek-uretim-ileri\/#primaryimage"},"thumbnailUrl":"https:\/\/globalallianceregister.com\/wp-content\/uploads\/2015\/08\/Training-Inner-Page.jpg","datePublished":"2015-10-27T11:25:04+00:00","dateModified":"2015-12-11T16:08:42+00:00","breadcrumb":{"@id":"https:\/\/globalallianceregister.com\/tr\/services\/egitim\/turkce-yalin-uretim-egitim-programi\/turkce-esnek-uretim-ileri\/#breadcrumb"},"inLanguage":"tr","potentialAction":[{"@type":"ReadAction","target":[["https:\/\/globalallianceregister.com\/tr\/services\/egitim\/turkce-yalin-uretim-egitim-programi\/turkce-esnek-uretim-ileri\/"]]}]},{"@type":"ImageObject","inLanguage":"tr","@id":"https:\/\/globalallianceregister.com\/tr\/services\/egitim\/turkce-yalin-uretim-egitim-programi\/turkce-esnek-uretim-ileri\/#primaryimage","url":"https:\/\/globalallianceregister.com\/wp-content\/uploads\/2015\/08\/Training-Inner-Page.jpg","contentUrl":"https:\/\/globalallianceregister.com\/wp-content\/uploads\/2015\/08\/Training-Inner-Page.jpg","width":614,"height":200},{"@type":"BreadcrumbList","@id":"https:\/\/globalallianceregister.com\/tr\/services\/egitim\/turkce-yalin-uretim-egitim-programi\/turkce-esnek-uretim-ileri\/#breadcrumb","itemListElement":[{"@type":"ListItem","position":1,"name":"Anasayfa","item":"https:\/\/globalallianceregister.com\/tr\/"},{"@type":"ListItem","position":2,"name":"Hizmetler","item":"https:\/\/globalallianceregister.com\/tr\/services\/"},{"@type":"ListItem","position":3,"name":"E\u011fitim","item":"https:\/\/globalallianceregister.com\/tr\/services\/egitim\/"},{"@type":"ListItem","position":4,"name":"Lean Manufacturing Technics Training Program","item":"https:\/\/globalallianceregister.com\/tr\/services\/egitim\/turkce-yalin-uretim-egitim-programi\/"},{"@type":"ListItem","position":5,"name":"(TR) Esnek \u00dcretim \u0130leri"}]},{"@type":"WebSite","@id":"https:\/\/globalallianceregister.com\/tr\/#website","url":"https:\/\/globalallianceregister.com\/tr\/","name":"Global Alliance Register","description":"(EN) Together for Excellence","potentialAction":[{"@type":"SearchAction","target":{"@type":"EntryPoint","urlTemplate":"https:\/\/globalallianceregister.com\/tr\/?s={search_term_string}"},"query-input":{"@type":"PropertyValueSpecification","valueRequired":true,"valueName":"search_term_string"}}],"inLanguage":"tr"}]}},"_links":{"self":[{"href":"https:\/\/globalallianceregister.com\/tr\/wp-json\/wp\/v2\/pages\/5378","targetHints":{"allow":["GET"]}}],"collection":[{"href":"https:\/\/globalallianceregister.com\/tr\/wp-json\/wp\/v2\/pages"}],"about":[{"href":"https:\/\/globalallianceregister.com\/tr\/wp-json\/wp\/v2\/types\/page"}],"author":[{"embeddable":true,"href":"https:\/\/globalallianceregister.com\/tr\/wp-json\/wp\/v2\/users\/10"}],"replies":[{"embeddable":true,"href":"https:\/\/globalallianceregister.com\/tr\/wp-json\/wp\/v2\/comments?post=5378"}],"version-history":[{"count":0,"href":"https:\/\/globalallianceregister.com\/tr\/wp-json\/wp\/v2\/pages\/5378\/revisions"}],"up":[{"embeddable":true,"href":"https:\/\/globalallianceregister.com\/tr\/wp-json\/wp\/v2\/pages\/2155"}],"wp:featuredmedia":[{"embeddable":true,"href":"https:\/\/globalallianceregister.com\/tr\/wp-json\/wp\/v2\/media\/5171"}],"wp:attachment":[{"href":"https:\/\/globalallianceregister.com\/tr\/wp-json\/wp\/v2\/media?parent=5378"}],"curies":[{"name":"wp","href":"https:\/\/api.w.org\/{rel}","templated":true}]}}