{"id":5384,"date":"2015-10-27T11:27:59","date_gmt":"2015-10-27T11:27:59","guid":{"rendered":"https:\/\/globalallianceregister.com\/?page_id=5384"},"modified":"2015-12-11T16:08:05","modified_gmt":"2015-12-11T16:08:05","slug":"turkce-deger-akisi-analizi-egitimi","status":"publish","type":"page","link":"https:\/\/globalallianceregister.com\/tr\/services\/egitim\/turkce-yalin-uretim-egitim-programi\/turkce-deger-akisi-analizi-egitimi\/","title":{"rendered":"De\u011fer Ak\u0131\u015f\u0131 Analizi E\u011fitimi"},"content":{"rendered":"<p>S\u00fcre<\/p>\n<ul>\n<li>E\u011fitimin s\u00fcresi 2 g\u00fcn (16 saat) olarak belirlenmi\u015ftir.<\/li>\n<\/ul>\n<p>&nbsp;<\/p>\n<p>E\u011fitimin Konusu<\/p>\n<ul>\n<li>Yal\u0131n \u00dcretimin Tan\u0131m\u0131<\/li>\n<li>\u0130tme ve \u00c7ekme Sistemlerinin Tan\u0131m\u0131 ve Farkl\u0131l\u0131klar\u0131<\/li>\n<li>De\u011fer, ak\u0131\u015f ve israf<\/li>\n<li>Malzeme ve bilgi ak\u0131\u015f\u0131<\/li>\n<li>\u00dcr\u00fcn gruplar\u0131 olu\u015fturma<\/li>\n<li>De\u011fer ak\u0131\u015f\u0131 haritalar\u0131 haz\u0131rlama (mevcut durum)<\/li>\n<li>Temel israf alanlar\u0131 ve yal\u0131n prensipler<\/li>\n<li>Yal\u0131n sisteme giden yol (yol haritas\u0131) , hedef de\u011fer ak\u0131\u015f\u0131<\/li>\n<li>\u00c7ekme sistemi<\/li>\n<li>\u0130\u015fletme \u0130\u00e7i S\u00fcpermarketler<\/li>\n<li>Kanban uygulamalar\u0131<\/li>\n<li>Uygulama plan\u0131<\/li>\n<\/ul>\n<p>&nbsp;<\/p>\n<p>E\u011fitimin Hedefi<\/p>\n<ul>\n<li>\u00c7ekme sisteminin i\u015fletmelerde nas\u0131l uygulanabilece\u011finin anla\u015f\u0131lmas\u0131, \u00e7ekme sistemine ge\u00e7i\u015f i\u00e7in plan olu\u015fturma, de\u011fer ak\u0131\u015f\u0131 haritas\u0131 \u00e7izebilme, yorumlayabilme, de\u011fer ve israfa aras\u0131ndaki fark\u0131 ay\u0131rt edebilme, ak\u0131\u015f haritas\u0131nda sorunlar\u0131 tespit edebilme. Yol haritas\u0131 olu\u015fturabilme becerilerini kazand\u0131rmak.<\/li>\n<\/ul>\n<p>&nbsp;<\/p>\n<p>Kimler Kat\u0131labilir<\/p>\n<ul>\n<li>Firmalar\u0131n \u00fcst y\u00f6netim ve orta kademe y\u00f6neticiler, \u00fcretim sorumlular\u0131, sat\u0131\u015f sorumlular\u0131, stok y\u00f6neticileri ve teknik elemanlar .<\/li>\n<\/ul>\n<p>&nbsp;<\/p>\n<p>Sertifika<\/p>\n<ul>\n<li>E\u011fitimi tamamlayan t\u00fcm kat\u0131l\u0131mc\u0131lara GLOBAL ALLIANCE ACADEMY taraf\u0131ndan \u201cDe\u011fer Ak\u0131\u015f\u0131 Analizi E\u011fitimi Kat\u0131l\u0131m Sertifikas\u0131\u201d verilecektir.<\/li>\n<\/ul>","protected":false},"excerpt":{"rendered":"<p>S\u00fcre E\u011fitimin s\u00fcresi 2 g\u00fcn (16 saat) olarak belirlenmi\u015ftir. &nbsp; E\u011fitimin Konusu Yal\u0131n \u00dcretimin Tan\u0131m\u0131 \u0130tme ve \u00c7ekme Sistemlerinin Tan\u0131m\u0131 ve Farkl\u0131l\u0131klar\u0131 De\u011fer, ak\u0131\u015f ve israf Malzeme ve bilgi ak\u0131\u015f\u0131&#8230; <\/p>\n","protected":false},"author":10,"featured_media":5171,"parent":2155,"menu_order":0,"comment_status":"closed","ping_status":"closed","template":"page-full.php","meta":{"_acf_changed":false,"om_disable_all_campaigns":false,"footnotes":""},"class_list":["post-5384","page","type-page","status-publish","has-post-thumbnail","hentry"],"acf":[],"yoast_head":"<!-- This site is optimized with the Yoast SEO plugin v27.4 - https:\/\/yoast.com\/product\/yoast-seo-wordpress\/ -->\n<title>De\u011fer Ak\u0131\u015f\u0131 Analizi E\u011fitimi - Global Alliance Register<\/title>\n<meta name=\"robots\" content=\"index, follow, max-snippet:-1, max-image-preview:large, max-video-preview:-1\" \/>\n<link rel=\"canonical\" href=\"https:\/\/globalallianceregister.com\/tr\/services\/egitim\/turkce-yalin-uretim-egitim-programi\/turkce-deger-akisi-analizi-egitimi\/\" \/>\n<meta property=\"og:locale\" content=\"tr_TR\" \/>\n<meta property=\"og:type\" content=\"article\" \/>\n<meta property=\"og:title\" content=\"De\u011fer Ak\u0131\u015f\u0131 Analizi E\u011fitimi - Global Alliance Register\" \/>\n<meta property=\"og:description\" content=\"S\u00fcre E\u011fitimin s\u00fcresi 2 g\u00fcn (16 saat) olarak belirlenmi\u015ftir. &nbsp; E\u011fitimin Konusu Yal\u0131n \u00dcretimin Tan\u0131m\u0131 \u0130tme ve \u00c7ekme Sistemlerinin Tan\u0131m\u0131 ve Farkl\u0131l\u0131klar\u0131 De\u011fer, ak\u0131\u015f ve israf Malzeme ve bilgi ak\u0131\u015f\u0131...\" \/>\n<meta property=\"og:url\" content=\"https:\/\/globalallianceregister.com\/tr\/services\/egitim\/turkce-yalin-uretim-egitim-programi\/turkce-deger-akisi-analizi-egitimi\/\" \/>\n<meta property=\"og:site_name\" content=\"Global Alliance Register\" \/>\n<meta property=\"article:modified_time\" content=\"2015-12-11T16:08:05+00:00\" \/>\n<meta property=\"og:image\" content=\"https:\/\/globalallianceregister.com\/wp-content\/uploads\/2015\/08\/Training-Inner-Page.jpg\" \/>\n\t<meta property=\"og:image:width\" content=\"614\" \/>\n\t<meta property=\"og:image:height\" content=\"200\" \/>\n\t<meta property=\"og:image:type\" content=\"image\/jpeg\" \/>\n<meta name=\"twitter:label1\" content=\"Tahmini okuma s\u00fcresi\" \/>\n\t<meta name=\"twitter:data1\" content=\"1 dakika\" \/>\n<script type=\"application\/ld+json\" class=\"yoast-schema-graph\">{\"@context\":\"https:\\\/\\\/schema.org\",\"@graph\":[{\"@type\":\"WebPage\",\"@id\":\"https:\\\/\\\/globalallianceregister.com\\\/tr\\\/services\\\/egitim\\\/turkce-yalin-uretim-egitim-programi\\\/turkce-deger-akisi-analizi-egitimi\\\/\",\"url\":\"https:\\\/\\\/globalallianceregister.com\\\/tr\\\/services\\\/egitim\\\/turkce-yalin-uretim-egitim-programi\\\/turkce-deger-akisi-analizi-egitimi\\\/\",\"name\":\"De\u011fer Ak\u0131\u015f\u0131 Analizi E\u011fitimi - Global Alliance Register\",\"isPartOf\":{\"@id\":\"https:\\\/\\\/globalallianceregister.com\\\/tr\\\/#website\"},\"primaryImageOfPage\":{\"@id\":\"https:\\\/\\\/globalallianceregister.com\\\/tr\\\/services\\\/egitim\\\/turkce-yalin-uretim-egitim-programi\\\/turkce-deger-akisi-analizi-egitimi\\\/#primaryimage\"},\"image\":{\"@id\":\"https:\\\/\\\/globalallianceregister.com\\\/services\\\/egitim\\\/turkce-yalin-uretim-egitim-programi\\\/turkce-deger-akisi-analizi-egitimi\\\/#primaryimage\"},\"thumbnailUrl\":\"https:\\\/\\\/globalallianceregister.com\\\/wp-content\\\/uploads\\\/2015\\\/08\\\/Training-Inner-Page.jpg\",\"datePublished\":\"2015-10-27T11:27:59+00:00\",\"dateModified\":\"2015-12-11T16:08:05+00:00\",\"breadcrumb\":{\"@id\":\"https:\\\/\\\/globalallianceregister.com\\\/tr\\\/services\\\/egitim\\\/turkce-yalin-uretim-egitim-programi\\\/turkce-deger-akisi-analizi-egitimi\\\/#breadcrumb\"},\"inLanguage\":\"tr\",\"potentialAction\":[{\"@type\":\"ReadAction\",\"target\":[[\"https:\\\/\\\/globalallianceregister.com\\\/tr\\\/services\\\/egitim\\\/turkce-yalin-uretim-egitim-programi\\\/turkce-deger-akisi-analizi-egitimi\\\/\"]]}]},{\"@type\":\"ImageObject\",\"inLanguage\":\"tr\",\"@id\":\"https:\\\/\\\/globalallianceregister.com\\\/tr\\\/services\\\/egitim\\\/turkce-yalin-uretim-egitim-programi\\\/turkce-deger-akisi-analizi-egitimi\\\/#primaryimage\",\"url\":\"https:\\\/\\\/globalallianceregister.com\\\/wp-content\\\/uploads\\\/2015\\\/08\\\/Training-Inner-Page.jpg\",\"contentUrl\":\"https:\\\/\\\/globalallianceregister.com\\\/wp-content\\\/uploads\\\/2015\\\/08\\\/Training-Inner-Page.jpg\",\"width\":614,\"height\":200},{\"@type\":\"BreadcrumbList\",\"@id\":\"https:\\\/\\\/globalallianceregister.com\\\/tr\\\/services\\\/egitim\\\/turkce-yalin-uretim-egitim-programi\\\/turkce-deger-akisi-analizi-egitimi\\\/#breadcrumb\",\"itemListElement\":[{\"@type\":\"ListItem\",\"position\":1,\"name\":\"Anasayfa\",\"item\":\"https:\\\/\\\/globalallianceregister.com\\\/tr\\\/\"},{\"@type\":\"ListItem\",\"position\":2,\"name\":\"Hizmetler\",\"item\":\"https:\\\/\\\/globalallianceregister.com\\\/tr\\\/services\\\/\"},{\"@type\":\"ListItem\",\"position\":3,\"name\":\"E\u011fitim\",\"item\":\"https:\\\/\\\/globalallianceregister.com\\\/tr\\\/services\\\/egitim\\\/\"},{\"@type\":\"ListItem\",\"position\":4,\"name\":\"Lean Manufacturing Technics Training Program\",\"item\":\"https:\\\/\\\/globalallianceregister.com\\\/tr\\\/services\\\/egitim\\\/turkce-yalin-uretim-egitim-programi\\\/\"},{\"@type\":\"ListItem\",\"position\":5,\"name\":\"(TR) De\u011fer Ak\u0131\u015f\u0131 Analizi E\u011fitimi\"}]},{\"@type\":\"WebSite\",\"@id\":\"https:\\\/\\\/globalallianceregister.com\\\/tr\\\/#website\",\"url\":\"https:\\\/\\\/globalallianceregister.com\\\/tr\\\/\",\"name\":\"Global Alliance Register\",\"description\":\"(EN) Together for Excellence\",\"potentialAction\":[{\"@type\":\"SearchAction\",\"target\":{\"@type\":\"EntryPoint\",\"urlTemplate\":\"https:\\\/\\\/globalallianceregister.com\\\/tr\\\/?s={search_term_string}\"},\"query-input\":{\"@type\":\"PropertyValueSpecification\",\"valueRequired\":true,\"valueName\":\"search_term_string\"}}],\"inLanguage\":\"tr\"}]}<\/script>\n<!-- \/ Yoast SEO plugin. -->","yoast_head_json":{"title":"De\u011fer Ak\u0131\u015f\u0131 Analizi E\u011fitimi - Global Alliance Register","robots":{"index":"index","follow":"follow","max-snippet":"max-snippet:-1","max-image-preview":"max-image-preview:large","max-video-preview":"max-video-preview:-1"},"canonical":"https:\/\/globalallianceregister.com\/tr\/services\/egitim\/turkce-yalin-uretim-egitim-programi\/turkce-deger-akisi-analizi-egitimi\/","og_locale":"tr_TR","og_type":"article","og_title":"De\u011fer Ak\u0131\u015f\u0131 Analizi E\u011fitimi - Global Alliance Register","og_description":"S\u00fcre E\u011fitimin s\u00fcresi 2 g\u00fcn (16 saat) olarak belirlenmi\u015ftir. &nbsp; E\u011fitimin Konusu Yal\u0131n \u00dcretimin Tan\u0131m\u0131 \u0130tme ve \u00c7ekme Sistemlerinin Tan\u0131m\u0131 ve Farkl\u0131l\u0131klar\u0131 De\u011fer, ak\u0131\u015f ve israf Malzeme ve bilgi ak\u0131\u015f\u0131...","og_url":"https:\/\/globalallianceregister.com\/tr\/services\/egitim\/turkce-yalin-uretim-egitim-programi\/turkce-deger-akisi-analizi-egitimi\/","og_site_name":"Global Alliance Register","article_modified_time":"2015-12-11T16:08:05+00:00","og_image":[{"width":614,"height":200,"url":"https:\/\/globalallianceregister.com\/wp-content\/uploads\/2015\/08\/Training-Inner-Page.jpg","type":"image\/jpeg"}],"twitter_misc":{"Tahmini okuma s\u00fcresi":"1 dakika"},"schema":{"@context":"https:\/\/schema.org","@graph":[{"@type":"WebPage","@id":"https:\/\/globalallianceregister.com\/tr\/services\/egitim\/turkce-yalin-uretim-egitim-programi\/turkce-deger-akisi-analizi-egitimi\/","url":"https:\/\/globalallianceregister.com\/tr\/services\/egitim\/turkce-yalin-uretim-egitim-programi\/turkce-deger-akisi-analizi-egitimi\/","name":"De\u011fer Ak\u0131\u015f\u0131 Analizi E\u011fitimi - Global Alliance Register","isPartOf":{"@id":"https:\/\/globalallianceregister.com\/tr\/#website"},"primaryImageOfPage":{"@id":"https:\/\/globalallianceregister.com\/tr\/services\/egitim\/turkce-yalin-uretim-egitim-programi\/turkce-deger-akisi-analizi-egitimi\/#primaryimage"},"image":{"@id":"https:\/\/globalallianceregister.com\/services\/egitim\/turkce-yalin-uretim-egitim-programi\/turkce-deger-akisi-analizi-egitimi\/#primaryimage"},"thumbnailUrl":"https:\/\/globalallianceregister.com\/wp-content\/uploads\/2015\/08\/Training-Inner-Page.jpg","datePublished":"2015-10-27T11:27:59+00:00","dateModified":"2015-12-11T16:08:05+00:00","breadcrumb":{"@id":"https:\/\/globalallianceregister.com\/tr\/services\/egitim\/turkce-yalin-uretim-egitim-programi\/turkce-deger-akisi-analizi-egitimi\/#breadcrumb"},"inLanguage":"tr","potentialAction":[{"@type":"ReadAction","target":[["https:\/\/globalallianceregister.com\/tr\/services\/egitim\/turkce-yalin-uretim-egitim-programi\/turkce-deger-akisi-analizi-egitimi\/"]]}]},{"@type":"ImageObject","inLanguage":"tr","@id":"https:\/\/globalallianceregister.com\/tr\/services\/egitim\/turkce-yalin-uretim-egitim-programi\/turkce-deger-akisi-analizi-egitimi\/#primaryimage","url":"https:\/\/globalallianceregister.com\/wp-content\/uploads\/2015\/08\/Training-Inner-Page.jpg","contentUrl":"https:\/\/globalallianceregister.com\/wp-content\/uploads\/2015\/08\/Training-Inner-Page.jpg","width":614,"height":200},{"@type":"BreadcrumbList","@id":"https:\/\/globalallianceregister.com\/tr\/services\/egitim\/turkce-yalin-uretim-egitim-programi\/turkce-deger-akisi-analizi-egitimi\/#breadcrumb","itemListElement":[{"@type":"ListItem","position":1,"name":"Anasayfa","item":"https:\/\/globalallianceregister.com\/tr\/"},{"@type":"ListItem","position":2,"name":"Hizmetler","item":"https:\/\/globalallianceregister.com\/tr\/services\/"},{"@type":"ListItem","position":3,"name":"E\u011fitim","item":"https:\/\/globalallianceregister.com\/tr\/services\/egitim\/"},{"@type":"ListItem","position":4,"name":"Lean Manufacturing Technics Training Program","item":"https:\/\/globalallianceregister.com\/tr\/services\/egitim\/turkce-yalin-uretim-egitim-programi\/"},{"@type":"ListItem","position":5,"name":"(TR) De\u011fer Ak\u0131\u015f\u0131 Analizi E\u011fitimi"}]},{"@type":"WebSite","@id":"https:\/\/globalallianceregister.com\/tr\/#website","url":"https:\/\/globalallianceregister.com\/tr\/","name":"Global Alliance Register","description":"(EN) Together for Excellence","potentialAction":[{"@type":"SearchAction","target":{"@type":"EntryPoint","urlTemplate":"https:\/\/globalallianceregister.com\/tr\/?s={search_term_string}"},"query-input":{"@type":"PropertyValueSpecification","valueRequired":true,"valueName":"search_term_string"}}],"inLanguage":"tr"}]}},"_links":{"self":[{"href":"https:\/\/globalallianceregister.com\/tr\/wp-json\/wp\/v2\/pages\/5384","targetHints":{"allow":["GET"]}}],"collection":[{"href":"https:\/\/globalallianceregister.com\/tr\/wp-json\/wp\/v2\/pages"}],"about":[{"href":"https:\/\/globalallianceregister.com\/tr\/wp-json\/wp\/v2\/types\/page"}],"author":[{"embeddable":true,"href":"https:\/\/globalallianceregister.com\/tr\/wp-json\/wp\/v2\/users\/10"}],"replies":[{"embeddable":true,"href":"https:\/\/globalallianceregister.com\/tr\/wp-json\/wp\/v2\/comments?post=5384"}],"version-history":[{"count":0,"href":"https:\/\/globalallianceregister.com\/tr\/wp-json\/wp\/v2\/pages\/5384\/revisions"}],"up":[{"embeddable":true,"href":"https:\/\/globalallianceregister.com\/tr\/wp-json\/wp\/v2\/pages\/2155"}],"wp:featuredmedia":[{"embeddable":true,"href":"https:\/\/globalallianceregister.com\/tr\/wp-json\/wp\/v2\/media\/5171"}],"wp:attachment":[{"href":"https:\/\/globalallianceregister.com\/tr\/wp-json\/wp\/v2\/media?parent=5384"}],"curies":[{"name":"wp","href":"https:\/\/api.w.org\/{rel}","templated":true}]}}