{"id":5387,"date":"2015-10-27T11:29:28","date_gmt":"2015-10-27T11:29:28","guid":{"rendered":"https:\/\/globalallianceregister.com\/?page_id=5387"},"modified":"2015-12-11T16:19:42","modified_gmt":"2015-12-11T16:19:42","slug":"turkce-tek-parca-akisi-egitimi","status":"publish","type":"page","link":"https:\/\/globalallianceregister.com\/tr\/services\/egitim\/turkce-yalin-uretim-egitim-programi\/turkce-tek-parca-akisi-egitimi\/","title":{"rendered":"Tek Par\u00e7a Ak\u0131\u015f\u0131 E\u011fitimi"},"content":{"rendered":"<p>S\u00fcre<\/p>\n<ul>\n<li>E\u011fitimin s\u00fcresi 1 g\u00fcn (8 saat e\u011fitim olarak belirlenmi\u015ftir.<\/li>\n<\/ul>\n<p>&nbsp;<\/p>\n<p>E\u011fitimin Konusu<\/p>\n<ul>\n<li>Tek par\u00e7a ak\u0131\u015f\u0131 nedir?<\/li>\n<li>Tek par\u00e7a ak\u0131\u015f\u0131 uygulamas\u0131 \u00f6ncesi yap\u0131lmas\u0131 gereken<\/li>\n<li>Tek par\u00e7a ak\u0131\u015f\u0131 hangi b\u00f6l\u00fcmlerde uygulanabilir?<\/li>\n<li>Uygulama sonucu firman\u0131n kazan\u0131mlar\u0131<\/li>\n<li>H\u00fccresel y\u00f6netim<\/li>\n<li>ABC analizi<\/li>\n<li>Teslim s\u00fcresi (Production lead time)<\/li>\n<li>Takt Time<\/li>\n<li>Servis seviyesi ve hesaplama metotlar\u0131<\/li>\n<li>\u00d6rnek ugyulamalar<\/li>\n<\/ul>\n<p>&nbsp;<\/p>\n<p>E\u011fitimin Hedefi<\/p>\n<ul>\n<li>\u0130\u015fletmenizde \u00fcretim genel giderlerinin temel nedeni katma de\u011fer \u00fcretmeyen i\u015flemlerin olmas\u0131d\u0131r. \u0130\u015fg\u00fcc\u00fc verimlili\u011fini yeterli oranda y\u00fckseltme yaln\u0131zca Tek Par\u00e7a Ak\u0131\u015f\u0131n\u0131n uygulanmas\u0131 ile m\u00fcmk\u00fcn olabilir. Bunun i\u00e7in gerekli know-how bu e\u011fitim ile kat\u0131l\u0131mc\u0131lara aktar\u0131lmaktad\u0131r.<\/li>\n<li>Firman\u0131z\u0131n tek par\u00e7a ak\u0131\u015f\u0131 uygulamas\u0131nda g\u00f6rev alacak, karar yetkisine sahip y\u00f6neticilerin bu e\u011fitime kat\u0131lmas\u0131, \u00e7al\u0131\u015faman\u0131n hedefini belirlemek, gereklilikleri bilerek, \u00f6n \u00e7al\u0131\u015fmalar\u0131 y\u00fcr\u00fctmek i\u00e7in bilmeleri gerekenleri gereklidir.<\/li>\n<\/ul>\n<p>&nbsp;<\/p>\n<p>Kimler Kat\u0131labilir<\/p>\n<ul>\n<li>Firma b\u00f6l\u00fcm m\u00fcd\u00fcrleri, y\u00f6neticiler, \u00e7al\u0131\u015fanlar<\/li>\n<\/ul>\n<p><strong>\u00a0<\/strong><\/p>\n<p>Sertifika<\/p>\n<ul>\n<li>E\u011fitimi tamamlayan t\u00fcm kat\u0131l\u0131mc\u0131lara GLOBAL ALLIANCE ACADEMY taraf\u0131ndan \u201cTek Par\u00e7a Ak\u0131\u015f\u0131 E\u011fitimi Kat\u0131l\u0131m Sertifikas\u0131\u201d verilecektir.<\/li>\n<\/ul>","protected":false},"excerpt":{"rendered":"<p>S\u00fcre E\u011fitimin s\u00fcresi 1 g\u00fcn (8 saat e\u011fitim olarak belirlenmi\u015ftir. &nbsp; E\u011fitimin Konusu Tek par\u00e7a ak\u0131\u015f\u0131 nedir? Tek par\u00e7a ak\u0131\u015f\u0131 uygulamas\u0131 \u00f6ncesi yap\u0131lmas\u0131 gereken Tek par\u00e7a ak\u0131\u015f\u0131 hangi b\u00f6l\u00fcmlerde uygulanabilir?&#8230; <\/p>\n","protected":false},"author":10,"featured_media":5171,"parent":2155,"menu_order":0,"comment_status":"closed","ping_status":"closed","template":"page-full.php","meta":{"_acf_changed":false,"om_disable_all_campaigns":false,"footnotes":""},"class_list":["post-5387","page","type-page","status-publish","has-post-thumbnail","hentry"],"acf":[],"yoast_head":"<!-- This site is optimized with the Yoast SEO plugin v27.4 - https:\/\/yoast.com\/product\/yoast-seo-wordpress\/ -->\n<title>Tek Par\u00e7a Ak\u0131\u015f\u0131 E\u011fitimi - Global Alliance Register<\/title>\n<meta name=\"robots\" content=\"index, follow, max-snippet:-1, max-image-preview:large, max-video-preview:-1\" \/>\n<link rel=\"canonical\" href=\"https:\/\/globalallianceregister.com\/tr\/services\/egitim\/turkce-yalin-uretim-egitim-programi\/turkce-tek-parca-akisi-egitimi\/\" \/>\n<meta property=\"og:locale\" content=\"tr_TR\" \/>\n<meta property=\"og:type\" content=\"article\" \/>\n<meta property=\"og:title\" content=\"Tek Par\u00e7a Ak\u0131\u015f\u0131 E\u011fitimi - Global Alliance Register\" \/>\n<meta property=\"og:description\" content=\"S\u00fcre E\u011fitimin s\u00fcresi 1 g\u00fcn (8 saat e\u011fitim olarak belirlenmi\u015ftir. &nbsp; E\u011fitimin Konusu Tek par\u00e7a ak\u0131\u015f\u0131 nedir? Tek par\u00e7a ak\u0131\u015f\u0131 uygulamas\u0131 \u00f6ncesi yap\u0131lmas\u0131 gereken Tek par\u00e7a ak\u0131\u015f\u0131 hangi b\u00f6l\u00fcmlerde uygulanabilir?...\" \/>\n<meta property=\"og:url\" content=\"https:\/\/globalallianceregister.com\/tr\/services\/egitim\/turkce-yalin-uretim-egitim-programi\/turkce-tek-parca-akisi-egitimi\/\" \/>\n<meta property=\"og:site_name\" content=\"Global Alliance Register\" \/>\n<meta property=\"article:modified_time\" content=\"2015-12-11T16:19:42+00:00\" \/>\n<meta property=\"og:image\" content=\"https:\/\/globalallianceregister.com\/wp-content\/uploads\/2015\/08\/Training-Inner-Page.jpg\" \/>\n\t<meta property=\"og:image:width\" content=\"614\" \/>\n\t<meta property=\"og:image:height\" content=\"200\" \/>\n\t<meta property=\"og:image:type\" content=\"image\/jpeg\" \/>\n<meta name=\"twitter:label1\" content=\"Tahmini okuma s\u00fcresi\" \/>\n\t<meta name=\"twitter:data1\" content=\"1 dakika\" \/>\n<script type=\"application\/ld+json\" class=\"yoast-schema-graph\">{\"@context\":\"https:\\\/\\\/schema.org\",\"@graph\":[{\"@type\":\"WebPage\",\"@id\":\"https:\\\/\\\/globalallianceregister.com\\\/tr\\\/services\\\/egitim\\\/turkce-yalin-uretim-egitim-programi\\\/turkce-tek-parca-akisi-egitimi\\\/\",\"url\":\"https:\\\/\\\/globalallianceregister.com\\\/tr\\\/services\\\/egitim\\\/turkce-yalin-uretim-egitim-programi\\\/turkce-tek-parca-akisi-egitimi\\\/\",\"name\":\"Tek Par\u00e7a Ak\u0131\u015f\u0131 E\u011fitimi - Global Alliance Register\",\"isPartOf\":{\"@id\":\"https:\\\/\\\/globalallianceregister.com\\\/tr\\\/#website\"},\"primaryImageOfPage\":{\"@id\":\"https:\\\/\\\/globalallianceregister.com\\\/tr\\\/services\\\/egitim\\\/turkce-yalin-uretim-egitim-programi\\\/turkce-tek-parca-akisi-egitimi\\\/#primaryimage\"},\"image\":{\"@id\":\"https:\\\/\\\/globalallianceregister.com\\\/tr\\\/services\\\/egitim\\\/turkce-yalin-uretim-egitim-programi\\\/turkce-tek-parca-akisi-egitimi\\\/#primaryimage\"},\"thumbnailUrl\":\"https:\\\/\\\/globalallianceregister.com\\\/wp-content\\\/uploads\\\/2015\\\/08\\\/Training-Inner-Page.jpg\",\"datePublished\":\"2015-10-27T11:29:28+00:00\",\"dateModified\":\"2015-12-11T16:19:42+00:00\",\"breadcrumb\":{\"@id\":\"https:\\\/\\\/globalallianceregister.com\\\/tr\\\/services\\\/egitim\\\/turkce-yalin-uretim-egitim-programi\\\/turkce-tek-parca-akisi-egitimi\\\/#breadcrumb\"},\"inLanguage\":\"tr\",\"potentialAction\":[{\"@type\":\"ReadAction\",\"target\":[[\"https:\\\/\\\/globalallianceregister.com\\\/tr\\\/services\\\/egitim\\\/turkce-yalin-uretim-egitim-programi\\\/turkce-tek-parca-akisi-egitimi\\\/\"]]}]},{\"@type\":\"ImageObject\",\"inLanguage\":\"tr\",\"@id\":\"https:\\\/\\\/globalallianceregister.com\\\/tr\\\/services\\\/egitim\\\/turkce-yalin-uretim-egitim-programi\\\/turkce-tek-parca-akisi-egitimi\\\/#primaryimage\",\"url\":\"https:\\\/\\\/globalallianceregister.com\\\/wp-content\\\/uploads\\\/2015\\\/08\\\/Training-Inner-Page.jpg\",\"contentUrl\":\"https:\\\/\\\/globalallianceregister.com\\\/wp-content\\\/uploads\\\/2015\\\/08\\\/Training-Inner-Page.jpg\",\"width\":614,\"height\":200},{\"@type\":\"BreadcrumbList\",\"@id\":\"https:\\\/\\\/globalallianceregister.com\\\/tr\\\/services\\\/egitim\\\/turkce-yalin-uretim-egitim-programi\\\/turkce-tek-parca-akisi-egitimi\\\/#breadcrumb\",\"itemListElement\":[{\"@type\":\"ListItem\",\"position\":1,\"name\":\"Anasayfa\",\"item\":\"https:\\\/\\\/globalallianceregister.com\\\/tr\\\/\"},{\"@type\":\"ListItem\",\"position\":2,\"name\":\"Tek Par\u00e7a Ak\u0131\u015f\u0131 E\u011fitimi\"}]},{\"@type\":\"WebSite\",\"@id\":\"https:\\\/\\\/globalallianceregister.com\\\/tr\\\/#website\",\"url\":\"https:\\\/\\\/globalallianceregister.com\\\/tr\\\/\",\"name\":\"Global Alliance Register\",\"description\":\"(EN) Together for Excellence\",\"potentialAction\":[{\"@type\":\"SearchAction\",\"target\":{\"@type\":\"EntryPoint\",\"urlTemplate\":\"https:\\\/\\\/globalallianceregister.com\\\/tr\\\/?s={search_term_string}\"},\"query-input\":{\"@type\":\"PropertyValueSpecification\",\"valueRequired\":true,\"valueName\":\"search_term_string\"}}],\"inLanguage\":\"tr\"}]}<\/script>\n<!-- \/ Yoast SEO plugin. -->","yoast_head_json":{"title":"Tek Par\u00e7a Ak\u0131\u015f\u0131 E\u011fitimi - Global Alliance Register","robots":{"index":"index","follow":"follow","max-snippet":"max-snippet:-1","max-image-preview":"max-image-preview:large","max-video-preview":"max-video-preview:-1"},"canonical":"https:\/\/globalallianceregister.com\/tr\/services\/egitim\/turkce-yalin-uretim-egitim-programi\/turkce-tek-parca-akisi-egitimi\/","og_locale":"tr_TR","og_type":"article","og_title":"Tek Par\u00e7a Ak\u0131\u015f\u0131 E\u011fitimi - Global Alliance Register","og_description":"S\u00fcre E\u011fitimin s\u00fcresi 1 g\u00fcn (8 saat e\u011fitim olarak belirlenmi\u015ftir. &nbsp; E\u011fitimin Konusu Tek par\u00e7a ak\u0131\u015f\u0131 nedir? Tek par\u00e7a ak\u0131\u015f\u0131 uygulamas\u0131 \u00f6ncesi yap\u0131lmas\u0131 gereken Tek par\u00e7a ak\u0131\u015f\u0131 hangi b\u00f6l\u00fcmlerde uygulanabilir?...","og_url":"https:\/\/globalallianceregister.com\/tr\/services\/egitim\/turkce-yalin-uretim-egitim-programi\/turkce-tek-parca-akisi-egitimi\/","og_site_name":"Global Alliance Register","article_modified_time":"2015-12-11T16:19:42+00:00","og_image":[{"width":614,"height":200,"url":"https:\/\/globalallianceregister.com\/wp-content\/uploads\/2015\/08\/Training-Inner-Page.jpg","type":"image\/jpeg"}],"twitter_misc":{"Tahmini okuma s\u00fcresi":"1 dakika"},"schema":{"@context":"https:\/\/schema.org","@graph":[{"@type":"WebPage","@id":"https:\/\/globalallianceregister.com\/tr\/services\/egitim\/turkce-yalin-uretim-egitim-programi\/turkce-tek-parca-akisi-egitimi\/","url":"https:\/\/globalallianceregister.com\/tr\/services\/egitim\/turkce-yalin-uretim-egitim-programi\/turkce-tek-parca-akisi-egitimi\/","name":"Tek Par\u00e7a Ak\u0131\u015f\u0131 E\u011fitimi - Global Alliance Register","isPartOf":{"@id":"https:\/\/globalallianceregister.com\/tr\/#website"},"primaryImageOfPage":{"@id":"https:\/\/globalallianceregister.com\/tr\/services\/egitim\/turkce-yalin-uretim-egitim-programi\/turkce-tek-parca-akisi-egitimi\/#primaryimage"},"image":{"@id":"https:\/\/globalallianceregister.com\/tr\/services\/egitim\/turkce-yalin-uretim-egitim-programi\/turkce-tek-parca-akisi-egitimi\/#primaryimage"},"thumbnailUrl":"https:\/\/globalallianceregister.com\/wp-content\/uploads\/2015\/08\/Training-Inner-Page.jpg","datePublished":"2015-10-27T11:29:28+00:00","dateModified":"2015-12-11T16:19:42+00:00","breadcrumb":{"@id":"https:\/\/globalallianceregister.com\/tr\/services\/egitim\/turkce-yalin-uretim-egitim-programi\/turkce-tek-parca-akisi-egitimi\/#breadcrumb"},"inLanguage":"tr","potentialAction":[{"@type":"ReadAction","target":[["https:\/\/globalallianceregister.com\/tr\/services\/egitim\/turkce-yalin-uretim-egitim-programi\/turkce-tek-parca-akisi-egitimi\/"]]}]},{"@type":"ImageObject","inLanguage":"tr","@id":"https:\/\/globalallianceregister.com\/tr\/services\/egitim\/turkce-yalin-uretim-egitim-programi\/turkce-tek-parca-akisi-egitimi\/#primaryimage","url":"https:\/\/globalallianceregister.com\/wp-content\/uploads\/2015\/08\/Training-Inner-Page.jpg","contentUrl":"https:\/\/globalallianceregister.com\/wp-content\/uploads\/2015\/08\/Training-Inner-Page.jpg","width":614,"height":200},{"@type":"BreadcrumbList","@id":"https:\/\/globalallianceregister.com\/tr\/services\/egitim\/turkce-yalin-uretim-egitim-programi\/turkce-tek-parca-akisi-egitimi\/#breadcrumb","itemListElement":[{"@type":"ListItem","position":1,"name":"Anasayfa","item":"https:\/\/globalallianceregister.com\/tr\/"},{"@type":"ListItem","position":2,"name":"Tek Par\u00e7a Ak\u0131\u015f\u0131 E\u011fitimi"}]},{"@type":"WebSite","@id":"https:\/\/globalallianceregister.com\/tr\/#website","url":"https:\/\/globalallianceregister.com\/tr\/","name":"Global Alliance Register","description":"(EN) Together for Excellence","potentialAction":[{"@type":"SearchAction","target":{"@type":"EntryPoint","urlTemplate":"https:\/\/globalallianceregister.com\/tr\/?s={search_term_string}"},"query-input":{"@type":"PropertyValueSpecification","valueRequired":true,"valueName":"search_term_string"}}],"inLanguage":"tr"}]}},"_links":{"self":[{"href":"https:\/\/globalallianceregister.com\/tr\/wp-json\/wp\/v2\/pages\/5387","targetHints":{"allow":["GET"]}}],"collection":[{"href":"https:\/\/globalallianceregister.com\/tr\/wp-json\/wp\/v2\/pages"}],"about":[{"href":"https:\/\/globalallianceregister.com\/tr\/wp-json\/wp\/v2\/types\/page"}],"author":[{"embeddable":true,"href":"https:\/\/globalallianceregister.com\/tr\/wp-json\/wp\/v2\/users\/10"}],"replies":[{"embeddable":true,"href":"https:\/\/globalallianceregister.com\/tr\/wp-json\/wp\/v2\/comments?post=5387"}],"version-history":[{"count":0,"href":"https:\/\/globalallianceregister.com\/tr\/wp-json\/wp\/v2\/pages\/5387\/revisions"}],"up":[{"embeddable":true,"href":"https:\/\/globalallianceregister.com\/tr\/wp-json\/wp\/v2\/pages\/2155"}],"wp:featuredmedia":[{"embeddable":true,"href":"https:\/\/globalallianceregister.com\/tr\/wp-json\/wp\/v2\/media\/5171"}],"wp:attachment":[{"href":"https:\/\/globalallianceregister.com\/tr\/wp-json\/wp\/v2\/media?parent=5387"}],"curies":[{"name":"wp","href":"https:\/\/api.w.org\/{rel}","templated":true}]}}