{"id":5393,"date":"2015-10-27T11:32:02","date_gmt":"2015-10-27T11:32:02","guid":{"rendered":"https:\/\/globalallianceregister.com\/?page_id=5393"},"modified":"2015-12-11T16:07:28","modified_gmt":"2015-12-11T16:07:28","slug":"turkce-5s-egitimi","status":"publish","type":"page","link":"https:\/\/globalallianceregister.com\/tr\/services\/egitim\/turkce-yalin-uretim-egitim-programi\/turkce-5s-egitimi\/","title":{"rendered":"5S E\u011fitimi"},"content":{"rendered":"<p>S\u00fcre<\/p>\n<ul>\n<li>E\u011fitimin s\u00fcresi 1 g\u00fcn (8 saat)\u00a0 teorik , 5 g\u00fcn (40 saat) uygulamal\u0131 eitim olarak belirlenmi\u015ftir.<\/li>\n<\/ul>\n<p>&nbsp;<\/p>\n<p>E\u011fitimin Konusu<\/p>\n<ul>\n<li>Neden 5S ?<\/li>\n<li>Verimlik ve \u00e7al\u0131\u015fma ortam\u0131n\u0131n ili\u015fkilendirilmesi<\/li>\n<li>5S ve a\u00e7\u0131l\u0131m\u0131<\/li>\n<li>Seiri (Se\u00e7me), Seiton (S\u0131ralama) ve Seiso (Silme)<\/li>\n<li>K\u0131rm\u0131z\u0131 kart uygulamas\u0131, stratejilerin belirlenmesi<\/li>\n<li>Seiketsu (Standart \u00e7al\u0131\u015fma). \u00d6rnek standart \u00e7al\u0131\u015fma uygulamas\u0131<\/li>\n<li>\u0130\u015f istasyonunda ergonominin sa\u011flanmas\u0131<\/li>\n<li>Verimli\u011fi d\u00fc\u015f\u00fcren 6 muda (israf) \u00e7al\u0131\u015fma \u015fekli ve bunlar\u0131n \u00f6nlenmesi i\u00e7in uygulanmas\u0131 gereken 5S uygulamalar\u0131<\/li>\n<li>Shitsuke (S\u00fcreklili\u011fin sa\u011flanmas\u0131 ve \u00f6z disiplin)<\/li>\n<li>5S, i\u015f g\u00fcvenli\u011fi denetim sistemi<\/li>\n<li>Ofis ortam\u0131nda 5S uygulamas\u0131<\/li>\n<li>5S Uygulama \u00f6rnekleri<\/li>\n<\/ul>\n<p>&nbsp;<\/p>\n<p>E\u011fitimin Hedefi<\/p>\n<ul>\n<li>\u0130\u015fletmelerde tertip ve d\u00fczenin sa\u011flamas\u0131 g\u00f6rsel iyile\u015fmemin yan\u0131nda t\u00fcm \u00e7al\u0131\u015fanlar\u0131n motivasyonu, prestij, i\u015f g\u00fcvenli\u011fi, firenin \u00f6nlenmesi, alan kullan\u0131m maliyetlerinin azalt\u0131lmas\u0131, \u00e7al\u0131\u015fanlar\u0131n \u00f6z disiplinlerinin geli\u015ftirilmesi a\u00e7\u0131s\u0131ndan 5S en \u00f6nemli uygulamalardand\u0131r. Yal\u0131n \u00fcretim teknikleri konusunda belirli bir geli\u015fme sa\u011flamak isteyen t\u00fcm firmalar i\u00e7in en olmazsa olmaz bir uygulamad\u0131r. Bu e\u011fitim ile kat\u0131l\u0131mc\u0131lar i\u015fletme i\u00e7inde m\u00fckemmel bir d\u00fczen ve disiplinin nas\u0131l kurulaca\u011f\u0131n\u0131 \u00f6\u011frenecekler.<\/li>\n<\/ul>\n<p>&nbsp;<\/p>\n<p>Kimler Kat\u0131labilir<\/p>\n<ul>\n<li>Firman\u0131n t\u00fcm \u00e7al\u0131\u015fanlar\u0131. \u00d6zellikle \u00fcretim, bak\u0131m ve m\u00fchendislik birimlerinde \u00e7al\u0131\u015fan y\u00f6netici ve m\u00fchendisler, teknisyenler.<\/li>\n<\/ul>\n<p><strong>\u00a0<\/strong><\/p>\n<p>Sertifika<\/p>\n<ul>\n<li>E\u011fitimi tamamlayan t\u00fcm kat\u0131l\u0131mc\u0131lara GLOBAL ALLIANCE ACADEMY taraf\u0131ndan \u201c5S E\u011fitimi Kat\u0131l\u0131m Sertifikas\u0131\u201d verilecektir.<\/li>\n<\/ul>","protected":false},"excerpt":{"rendered":"<p>S\u00fcre E\u011fitimin s\u00fcresi 1 g\u00fcn (8 saat)\u00a0 teorik , 5 g\u00fcn (40 saat) uygulamal\u0131 eitim olarak belirlenmi\u015ftir. &nbsp; E\u011fitimin Konusu Neden 5S ? Verimlik ve \u00e7al\u0131\u015fma ortam\u0131n\u0131n ili\u015fkilendirilmesi 5S ve&#8230; <\/p>\n","protected":false},"author":10,"featured_media":5171,"parent":2155,"menu_order":0,"comment_status":"closed","ping_status":"closed","template":"page-full.php","meta":{"_acf_changed":false,"om_disable_all_campaigns":false,"footnotes":""},"class_list":["post-5393","page","type-page","status-publish","has-post-thumbnail","hentry"],"acf":[],"yoast_head":"<!-- This site is optimized with the Yoast SEO plugin v27.4 - https:\/\/yoast.com\/product\/yoast-seo-wordpress\/ -->\n<title>5S E\u011fitimi - Global Alliance Register<\/title>\n<meta name=\"robots\" content=\"index, follow, max-snippet:-1, max-image-preview:large, max-video-preview:-1\" \/>\n<link rel=\"canonical\" href=\"https:\/\/globalallianceregister.com\/tr\/services\/egitim\/turkce-yalin-uretim-egitim-programi\/turkce-5s-egitimi\/\" \/>\n<meta property=\"og:locale\" content=\"tr_TR\" \/>\n<meta property=\"og:type\" content=\"article\" \/>\n<meta property=\"og:title\" content=\"5S E\u011fitimi - Global Alliance Register\" \/>\n<meta property=\"og:description\" content=\"S\u00fcre E\u011fitimin s\u00fcresi 1 g\u00fcn (8 saat)\u00a0 teorik , 5 g\u00fcn (40 saat) uygulamal\u0131 eitim olarak belirlenmi\u015ftir. &nbsp; E\u011fitimin Konusu Neden 5S ? Verimlik ve \u00e7al\u0131\u015fma ortam\u0131n\u0131n ili\u015fkilendirilmesi 5S ve...\" \/>\n<meta property=\"og:url\" content=\"https:\/\/globalallianceregister.com\/tr\/services\/egitim\/turkce-yalin-uretim-egitim-programi\/turkce-5s-egitimi\/\" \/>\n<meta property=\"og:site_name\" content=\"Global Alliance Register\" \/>\n<meta property=\"article:modified_time\" content=\"2015-12-11T16:07:28+00:00\" \/>\n<meta property=\"og:image\" content=\"https:\/\/globalallianceregister.com\/wp-content\/uploads\/2015\/08\/Training-Inner-Page.jpg\" \/>\n\t<meta property=\"og:image:width\" content=\"614\" \/>\n\t<meta property=\"og:image:height\" content=\"200\" \/>\n\t<meta property=\"og:image:type\" content=\"image\/jpeg\" \/>\n<meta name=\"twitter:label1\" content=\"Tahmini okuma s\u00fcresi\" \/>\n\t<meta name=\"twitter:data1\" content=\"1 dakika\" \/>\n<script type=\"application\/ld+json\" class=\"yoast-schema-graph\">{\"@context\":\"https:\\\/\\\/schema.org\",\"@graph\":[{\"@type\":\"WebPage\",\"@id\":\"https:\\\/\\\/globalallianceregister.com\\\/tr\\\/services\\\/egitim\\\/turkce-yalin-uretim-egitim-programi\\\/turkce-5s-egitimi\\\/\",\"url\":\"https:\\\/\\\/globalallianceregister.com\\\/tr\\\/services\\\/egitim\\\/turkce-yalin-uretim-egitim-programi\\\/turkce-5s-egitimi\\\/\",\"name\":\"5S E\u011fitimi - Global Alliance Register\",\"isPartOf\":{\"@id\":\"https:\\\/\\\/globalallianceregister.com\\\/tr\\\/#website\"},\"primaryImageOfPage\":{\"@id\":\"https:\\\/\\\/globalallianceregister.com\\\/tr\\\/services\\\/egitim\\\/turkce-yalin-uretim-egitim-programi\\\/turkce-5s-egitimi\\\/#primaryimage\"},\"image\":{\"@id\":\"https:\\\/\\\/globalallianceregister.com\\\/services\\\/egitim\\\/turkce-yalin-uretim-egitim-programi\\\/turkce-5s-egitimi\\\/#primaryimage\"},\"thumbnailUrl\":\"https:\\\/\\\/globalallianceregister.com\\\/wp-content\\\/uploads\\\/2015\\\/08\\\/Training-Inner-Page.jpg\",\"datePublished\":\"2015-10-27T11:32:02+00:00\",\"dateModified\":\"2015-12-11T16:07:28+00:00\",\"breadcrumb\":{\"@id\":\"https:\\\/\\\/globalallianceregister.com\\\/tr\\\/services\\\/egitim\\\/turkce-yalin-uretim-egitim-programi\\\/turkce-5s-egitimi\\\/#breadcrumb\"},\"inLanguage\":\"tr\",\"potentialAction\":[{\"@type\":\"ReadAction\",\"target\":[[\"https:\\\/\\\/globalallianceregister.com\\\/tr\\\/services\\\/egitim\\\/turkce-yalin-uretim-egitim-programi\\\/turkce-5s-egitimi\\\/\"]]}]},{\"@type\":\"ImageObject\",\"inLanguage\":\"tr\",\"@id\":\"https:\\\/\\\/globalallianceregister.com\\\/tr\\\/services\\\/egitim\\\/turkce-yalin-uretim-egitim-programi\\\/turkce-5s-egitimi\\\/#primaryimage\",\"url\":\"https:\\\/\\\/globalallianceregister.com\\\/wp-content\\\/uploads\\\/2015\\\/08\\\/Training-Inner-Page.jpg\",\"contentUrl\":\"https:\\\/\\\/globalallianceregister.com\\\/wp-content\\\/uploads\\\/2015\\\/08\\\/Training-Inner-Page.jpg\",\"width\":614,\"height\":200},{\"@type\":\"BreadcrumbList\",\"@id\":\"https:\\\/\\\/globalallianceregister.com\\\/tr\\\/services\\\/egitim\\\/turkce-yalin-uretim-egitim-programi\\\/turkce-5s-egitimi\\\/#breadcrumb\",\"itemListElement\":[{\"@type\":\"ListItem\",\"position\":1,\"name\":\"Anasayfa\",\"item\":\"https:\\\/\\\/globalallianceregister.com\\\/tr\\\/\"},{\"@type\":\"ListItem\",\"position\":2,\"name\":\"Hizmetler\",\"item\":\"https:\\\/\\\/globalallianceregister.com\\\/tr\\\/services\\\/\"},{\"@type\":\"ListItem\",\"position\":3,\"name\":\"E\u011fitim\",\"item\":\"https:\\\/\\\/globalallianceregister.com\\\/tr\\\/services\\\/egitim\\\/\"},{\"@type\":\"ListItem\",\"position\":4,\"name\":\"Lean Manufacturing Technics Training Program\",\"item\":\"https:\\\/\\\/globalallianceregister.com\\\/tr\\\/services\\\/egitim\\\/turkce-yalin-uretim-egitim-programi\\\/\"},{\"@type\":\"ListItem\",\"position\":5,\"name\":\"(TR) 5S E\u011fitimi\"}]},{\"@type\":\"WebSite\",\"@id\":\"https:\\\/\\\/globalallianceregister.com\\\/tr\\\/#website\",\"url\":\"https:\\\/\\\/globalallianceregister.com\\\/tr\\\/\",\"name\":\"Global Alliance Register\",\"description\":\"(EN) Together for Excellence\",\"potentialAction\":[{\"@type\":\"SearchAction\",\"target\":{\"@type\":\"EntryPoint\",\"urlTemplate\":\"https:\\\/\\\/globalallianceregister.com\\\/tr\\\/?s={search_term_string}\"},\"query-input\":{\"@type\":\"PropertyValueSpecification\",\"valueRequired\":true,\"valueName\":\"search_term_string\"}}],\"inLanguage\":\"tr\"}]}<\/script>\n<!-- \/ Yoast SEO plugin. -->","yoast_head_json":{"title":"5S E\u011fitimi - Global Alliance Register","robots":{"index":"index","follow":"follow","max-snippet":"max-snippet:-1","max-image-preview":"max-image-preview:large","max-video-preview":"max-video-preview:-1"},"canonical":"https:\/\/globalallianceregister.com\/tr\/services\/egitim\/turkce-yalin-uretim-egitim-programi\/turkce-5s-egitimi\/","og_locale":"tr_TR","og_type":"article","og_title":"5S E\u011fitimi - Global Alliance Register","og_description":"S\u00fcre E\u011fitimin s\u00fcresi 1 g\u00fcn (8 saat)\u00a0 teorik , 5 g\u00fcn (40 saat) uygulamal\u0131 eitim olarak belirlenmi\u015ftir. &nbsp; E\u011fitimin Konusu Neden 5S ? Verimlik ve \u00e7al\u0131\u015fma ortam\u0131n\u0131n ili\u015fkilendirilmesi 5S ve...","og_url":"https:\/\/globalallianceregister.com\/tr\/services\/egitim\/turkce-yalin-uretim-egitim-programi\/turkce-5s-egitimi\/","og_site_name":"Global Alliance Register","article_modified_time":"2015-12-11T16:07:28+00:00","og_image":[{"width":614,"height":200,"url":"https:\/\/globalallianceregister.com\/wp-content\/uploads\/2015\/08\/Training-Inner-Page.jpg","type":"image\/jpeg"}],"twitter_misc":{"Tahmini okuma s\u00fcresi":"1 dakika"},"schema":{"@context":"https:\/\/schema.org","@graph":[{"@type":"WebPage","@id":"https:\/\/globalallianceregister.com\/tr\/services\/egitim\/turkce-yalin-uretim-egitim-programi\/turkce-5s-egitimi\/","url":"https:\/\/globalallianceregister.com\/tr\/services\/egitim\/turkce-yalin-uretim-egitim-programi\/turkce-5s-egitimi\/","name":"5S E\u011fitimi - Global Alliance Register","isPartOf":{"@id":"https:\/\/globalallianceregister.com\/tr\/#website"},"primaryImageOfPage":{"@id":"https:\/\/globalallianceregister.com\/tr\/services\/egitim\/turkce-yalin-uretim-egitim-programi\/turkce-5s-egitimi\/#primaryimage"},"image":{"@id":"https:\/\/globalallianceregister.com\/services\/egitim\/turkce-yalin-uretim-egitim-programi\/turkce-5s-egitimi\/#primaryimage"},"thumbnailUrl":"https:\/\/globalallianceregister.com\/wp-content\/uploads\/2015\/08\/Training-Inner-Page.jpg","datePublished":"2015-10-27T11:32:02+00:00","dateModified":"2015-12-11T16:07:28+00:00","breadcrumb":{"@id":"https:\/\/globalallianceregister.com\/tr\/services\/egitim\/turkce-yalin-uretim-egitim-programi\/turkce-5s-egitimi\/#breadcrumb"},"inLanguage":"tr","potentialAction":[{"@type":"ReadAction","target":[["https:\/\/globalallianceregister.com\/tr\/services\/egitim\/turkce-yalin-uretim-egitim-programi\/turkce-5s-egitimi\/"]]}]},{"@type":"ImageObject","inLanguage":"tr","@id":"https:\/\/globalallianceregister.com\/tr\/services\/egitim\/turkce-yalin-uretim-egitim-programi\/turkce-5s-egitimi\/#primaryimage","url":"https:\/\/globalallianceregister.com\/wp-content\/uploads\/2015\/08\/Training-Inner-Page.jpg","contentUrl":"https:\/\/globalallianceregister.com\/wp-content\/uploads\/2015\/08\/Training-Inner-Page.jpg","width":614,"height":200},{"@type":"BreadcrumbList","@id":"https:\/\/globalallianceregister.com\/tr\/services\/egitim\/turkce-yalin-uretim-egitim-programi\/turkce-5s-egitimi\/#breadcrumb","itemListElement":[{"@type":"ListItem","position":1,"name":"Anasayfa","item":"https:\/\/globalallianceregister.com\/tr\/"},{"@type":"ListItem","position":2,"name":"Hizmetler","item":"https:\/\/globalallianceregister.com\/tr\/services\/"},{"@type":"ListItem","position":3,"name":"E\u011fitim","item":"https:\/\/globalallianceregister.com\/tr\/services\/egitim\/"},{"@type":"ListItem","position":4,"name":"Lean Manufacturing Technics Training Program","item":"https:\/\/globalallianceregister.com\/tr\/services\/egitim\/turkce-yalin-uretim-egitim-programi\/"},{"@type":"ListItem","position":5,"name":"(TR) 5S E\u011fitimi"}]},{"@type":"WebSite","@id":"https:\/\/globalallianceregister.com\/tr\/#website","url":"https:\/\/globalallianceregister.com\/tr\/","name":"Global Alliance Register","description":"(EN) Together for Excellence","potentialAction":[{"@type":"SearchAction","target":{"@type":"EntryPoint","urlTemplate":"https:\/\/globalallianceregister.com\/tr\/?s={search_term_string}"},"query-input":{"@type":"PropertyValueSpecification","valueRequired":true,"valueName":"search_term_string"}}],"inLanguage":"tr"}]}},"_links":{"self":[{"href":"https:\/\/globalallianceregister.com\/tr\/wp-json\/wp\/v2\/pages\/5393","targetHints":{"allow":["GET"]}}],"collection":[{"href":"https:\/\/globalallianceregister.com\/tr\/wp-json\/wp\/v2\/pages"}],"about":[{"href":"https:\/\/globalallianceregister.com\/tr\/wp-json\/wp\/v2\/types\/page"}],"author":[{"embeddable":true,"href":"https:\/\/globalallianceregister.com\/tr\/wp-json\/wp\/v2\/users\/10"}],"replies":[{"embeddable":true,"href":"https:\/\/globalallianceregister.com\/tr\/wp-json\/wp\/v2\/comments?post=5393"}],"version-history":[{"count":0,"href":"https:\/\/globalallianceregister.com\/tr\/wp-json\/wp\/v2\/pages\/5393\/revisions"}],"up":[{"embeddable":true,"href":"https:\/\/globalallianceregister.com\/tr\/wp-json\/wp\/v2\/pages\/2155"}],"wp:featuredmedia":[{"embeddable":true,"href":"https:\/\/globalallianceregister.com\/tr\/wp-json\/wp\/v2\/media\/5171"}],"wp:attachment":[{"href":"https:\/\/globalallianceregister.com\/tr\/wp-json\/wp\/v2\/media?parent=5393"}],"curies":[{"name":"wp","href":"https:\/\/api.w.org\/{rel}","templated":true}]}}