{"id":54,"date":"2010-12-25T13:57:06","date_gmt":"2010-12-25T13:57:06","guid":{"rendered":"https:\/\/globalallianceregister.com\/?page_id=54"},"modified":"2016-02-11T10:19:22","modified_gmt":"2016-02-11T10:19:22","slug":"telecommunication","status":"publish","type":"page","link":"https:\/\/globalallianceregister.com\/tr\/sectors\/telecommunication\/","title":{"rendered":"Telekom\u00fcnikasyon Sekt\u00f6r\u00fc"},"content":{"rendered":"<p><strong>Telekom Operat\u00f6rleri &amp; Tedarik Zinciri\u2019nin g\u00fcn\u00fcm\u00fczdeki en \u00f6nemli sorunlar\u0131na yarat\u0131c\u0131 yakla\u015f\u0131m\u0131m\u0131z ve global deneyimlerimiz ile stratejik \u00e7\u00f6z\u00fcmler sunuyoruz\u2026<\/strong><\/p>\n<p>Global Alliance Register Uzmanlar\u0131 uluslararas\u0131 ofis a\u011f\u0131yla telekom\u00fcnikasyon sekt\u00f6r\u00fcnde faaliyet g\u00f6steren operat\u00f6rler ve t\u00fcm de\u011fer zincirini kapsayacak \u015fekilde konusunda uzman deneyimli kadrosu le katma de\u011ferli \u00e7\u00f6z\u00fcmler \u00fcretiyor.<\/p>\n<p>Bug\u00fcnk\u00fc karma\u015f\u0131k Telekom\u00fcnikasyon Sekt\u00f6r\u00fc \u2018ne Y\u00f6netim, Kaynaklar &amp; S\u00fcre\u00e7ler gibi stratejik i\u015f alanlar\u0131nda; Global Alliance Register sa\u011flad\u0131\u011f\u0131 hizmetler ile m\u00fc\u015fterilerinin hedeflerine ula\u015fmas\u0131na ve pazar taleplerin uygun cevaplar \u00fcretebilmelerini sa\u011flayarak, \u00a0m\u00fc\u015fterilerinin s\u00fcrekli geli\u015fimini g\u00fcvence alt\u0131na al\u0131yor.<\/p>\n<p>Global Alliance Register Hizmet Portf\u00f6y\u00fc altyap\u0131 yat\u0131r\u0131mlar\u0131ndan i\u015fletme y\u00f6netimine kadar t\u00fcm alanlar\u0131 kapsayacak \u015fekilde tasarlanm\u0131\u015ft\u0131r.<\/p>\n<p>Telekom\u00fcnikasyon Sekt\u00f6r\u00fc Operat\u00f6rleri &amp; Tedarik Ziniciri; Kalite, \u0130\u015f Sa\u011fl\u0131\u011f\u0131 &amp; G\u00fcvenli\u011fi, Kurumsal Sosyal Sorumluluk, M\u00fc\u015fteri Memnuniyeti ve \u0130\u015f Performans\u0131 Y\u00f6netimi alanlar\u0131nda olas\u0131 bir\u00e7ok problem \u00e7\u00f6z\u00fcmlemek durumundad\u0131r.<\/p>\n<p>Telekom\u00fcnikasyon Sekt\u00f6r\u00fcnde hizmet a\u011f\u0131 geni\u015fletilmesi ve altyap\u0131 yat\u0131r\u0131mlar\u0131 a\u015famas\u0131nda \u00a0Global Alliance Register taraf\u0131ndan sunulan \u00e7\u00f6z\u00fcmler aras\u0131nda; M\u00fchendislik &amp; Tasar\u0131m Deste\u011fi, Tasar\u0131m G\u00f6zden Ge\u00e7irme &amp; Do\u011frulama, Proje Y\u00f6netimi, t\u00fcm d\u00fcnyada \u0130malat G\u00f6zetimi &amp; Denetimi ve S\u00fcpervize Hizmetleri, Tedarik\u00e7i Denetimleri, Do\u011frulama &amp; Onaylama Hizmetleri, Test &amp; Analiz Hizmetleri, ve vakaya \u00f6zel sunulan di\u011fer \u00e7\u00f6z\u00fcmler sunulmaktad\u0131r.<\/p>\n<p>Global Alliance Register taraf\u0131ndan sunulan hizmetler arac\u0131l\u0131\u011f\u0131yla; Telekom Sekt\u00f6r\u00fc &amp; Tedarik Zincir i\u00e7in katma-\u00fcreterek, yerel ve k\u00fcresel m\u00fc\u015fterilerimizin sundu\u011fu hizmetlerin s\u00fcrekli geli\u015fimini, s\u00fcrd\u00fcr\u00fclebilir performans sergilemesini ve maliyet bazl\u0131 de\u011ferlendirme yaparak rekabet g\u00fcc\u00fcn\u00fc art\u0131r\u0131c\u0131 tedbirler al\u0131nmas\u0131n\u0131 g\u00fcvence alt\u0131na almaktay\u0131z.<\/p>\n<h1>\u00c7\u00f6z\u00fcmler<\/h1>\n<table>\n<tbody>\n<tr>\n<td style=\"width: 350px; border-color: #ffffff; text-align: left; vertical-align: middle; background-color: #f7f7f7;\" width=\"250\">\n<ul>\n<li><a href=\"https:\/\/globalallianceregister.com\/tr\/hizmetler\/asistans-hizmetleri\/\" target=\"_blank\">AS\u0130STANS<\/a><\/li>\n<\/ul>\n<\/td>\n<td style=\"width: 350px; border-color: #ffffff; text-align: left; vertical-align: middle; background-color: #f7f7f7;\" width=\"250\">\n<ul style=\"list-style-type: square;\">\n<li><a href=\"https:\/\/globalallianceregister.com\/tr\/hizmetler\/gozetim-ve-termin-kontrolu-hizmetleri\/\" target=\"_blank\">G\u00d6ZET\u0130M<\/a><\/li>\n<\/ul>\n<\/td>\n<td style=\"width: 350px; border-color: #ffffff; text-align: left; vertical-align: middle; background-color: #f7f7f7;\" width=\"251\">\n<ul style=\"list-style-type: square;\">\n<li><a href=\"https:\/\/globalallianceregister.com\/tr\/hizmetler\/danismanlik\/\" target=\"_blank\">DANI\u015eMANLIK<\/a><\/li>\n<\/ul>\n<\/td>\n<\/tr>\n<tr>\n<td style=\"width: 350px; border-color: #ffffff; text-align: left; vertical-align: middle; background-color: #f7f7f7;\" width=\"250\">\n<ul style=\"list-style-type: square;\">\n<li><a href=\"https:\/\/globalallianceregister.com\/tr\/hizmetler\/certification\/\" target=\"_blank\">BELGELEND\u0130RME<\/a><\/li>\n<\/ul>\n<\/td>\n<td style=\"width: 350px; border-color: #ffffff; text-align: left; vertical-align: middle; background-color: #f7f7f7;\" width=\"250\">\n<ul style=\"list-style-type: square;\">\n<li><a href=\"https:\/\/globalallianceregister.com\/tr\/hizmetler\/egitim\/\" target=\"_blank\">E\u011e\u0130T\u0130M<\/a><\/li>\n<\/ul>\n<\/td>\n<td style=\"width: 350px; border-color: #ffffff; text-align: left; vertical-align: middle; background-color: #f7f7f7;\" width=\"251\">\n<ul style=\"list-style-type: square;\">\n<li><a href=\"https:\/\/globalallianceregister.com\/hizmetler\/insaat-proje-yonetimi-musavirlik-hizmetleri\/\" target=\"_blank\">\u0130N\u015eAAT PROJE Y\u00d6NET\u0130M\u0130<\/a><\/li>\n<\/ul>\n<\/td>\n<\/tr>\n<tr>\n<td style=\"width: 350px; border-color: #ffffff; text-align: left; vertical-align: middle; background-color: #f7f7f7;\" width=\"250\">\n<ul style=\"list-style-type: square;\">\n<li><a href=\"https:\/\/globalallianceregister.com\/tr\/hizmetler\/dis-kaynak-tedariki\/\" target=\"_blank\">DI\u015e KAYNAK TEDAR\u0130K\u0130<\/a><\/li>\n<\/ul>\n<\/td>\n<td style=\"width: 350px; border-color: #ffffff; text-align: left; vertical-align: middle; background-color: #f7f7f7;\" width=\"250\">\n<ul style=\"list-style-type: square;\">\n<li><a href=\"https:\/\/globalallianceregister.com\/hizmetler\/karbon-ve-enerji-yonetimi\/\" target=\"_blank\">KARBON VE ENERJ\u0130 Y\u00d6NET\u0130M\u0130<\/a><\/li>\n<\/ul>\n<\/td>\n<td style=\"width: 350px; border-color: #ffffff; text-align: left; vertical-align: middle; background-color: #f7f7f7;\" width=\"251\">\n<ul style=\"list-style-type: square;\">\n<li><a href=\"https:\/\/globalallianceregister.com\/tr\/hizmetler\/kurumsal-sosyal-sorumluluk\/\" target=\"_blank\">KURUMSAL SOSYAL SORULMLULUK<\/a><\/li>\n<\/ul>\n<\/td>\n<\/tr>\n<\/tbody>\n<\/table>","protected":false},"excerpt":{"rendered":"<p>Telekom Operat\u00f6rleri &amp; Tedarik Zinciri\u2019nin g\u00fcn\u00fcm\u00fczdeki en \u00f6nemli sorunlar\u0131na yarat\u0131c\u0131 yakla\u015f\u0131m\u0131m\u0131z ve global deneyimlerimiz ile stratejik \u00e7\u00f6z\u00fcmler sunuyoruz\u2026 Global Alliance Register Uzmanlar\u0131 uluslararas\u0131 ofis a\u011f\u0131yla telekom\u00fcnikasyon sekt\u00f6r\u00fcnde faaliyet g\u00f6steren operat\u00f6rler&#8230; <\/p>\n","protected":false},"author":10,"featured_media":5162,"parent":4,"menu_order":13,"comment_status":"closed","ping_status":"closed","template":"page-full.php","meta":{"_acf_changed":false,"om_disable_all_campaigns":false,"footnotes":""},"class_list":["post-54","page","type-page","status-publish","has-post-thumbnail","hentry"],"acf":[],"yoast_head":"<!-- This site is optimized with the Yoast SEO plugin v27.4 - https:\/\/yoast.com\/product\/yoast-seo-wordpress\/ -->\n<title>Telekom\u00fcnikasyon Sekt\u00f6r\u00fc - Global Alliance Register<\/title>\n<meta name=\"robots\" content=\"index, follow, max-snippet:-1, max-image-preview:large, max-video-preview:-1\" \/>\n<link rel=\"canonical\" href=\"https:\/\/globalallianceregister.com\/tr\/sectors\/telecommunication\/\" \/>\n<meta property=\"og:locale\" content=\"tr_TR\" \/>\n<meta property=\"og:type\" content=\"article\" \/>\n<meta property=\"og:title\" content=\"Telekom\u00fcnikasyon Sekt\u00f6r\u00fc - Global Alliance Register\" \/>\n<meta property=\"og:description\" content=\"Telekom Operat\u00f6rleri &amp; Tedarik Zinciri\u2019nin g\u00fcn\u00fcm\u00fczdeki en \u00f6nemli sorunlar\u0131na yarat\u0131c\u0131 yakla\u015f\u0131m\u0131m\u0131z ve global deneyimlerimiz ile stratejik \u00e7\u00f6z\u00fcmler sunuyoruz\u2026 Global Alliance Register Uzmanlar\u0131 uluslararas\u0131 ofis a\u011f\u0131yla telekom\u00fcnikasyon sekt\u00f6r\u00fcnde faaliyet g\u00f6steren operat\u00f6rler...\" \/>\n<meta property=\"og:url\" content=\"https:\/\/globalallianceregister.com\/tr\/sectors\/telecommunication\/\" \/>\n<meta property=\"og:site_name\" content=\"Global Alliance Register\" \/>\n<meta property=\"article:modified_time\" content=\"2016-02-11T10:19:22+00:00\" \/>\n<meta property=\"og:image\" content=\"https:\/\/globalallianceregister.com\/wp-content\/uploads\/2010\/12\/Telecommunication-Inner-Page.jpg\" \/>\n\t<meta property=\"og:image:width\" content=\"614\" \/>\n\t<meta property=\"og:image:height\" content=\"200\" \/>\n\t<meta property=\"og:image:type\" content=\"image\/jpeg\" \/>\n<meta name=\"twitter:label1\" content=\"Tahmini okuma s\u00fcresi\" \/>\n\t<meta name=\"twitter:data1\" content=\"3 dakika\" \/>\n<script type=\"application\/ld+json\" class=\"yoast-schema-graph\">{\"@context\":\"https:\\\/\\\/schema.org\",\"@graph\":[{\"@type\":\"WebPage\",\"@id\":\"https:\\\/\\\/globalallianceregister.com\\\/tr\\\/sectors\\\/telecommunication\\\/\",\"url\":\"https:\\\/\\\/globalallianceregister.com\\\/tr\\\/sectors\\\/telecommunication\\\/\",\"name\":\"Telekom\u00fcnikasyon Sekt\u00f6r\u00fc - Global Alliance Register\",\"isPartOf\":{\"@id\":\"https:\\\/\\\/globalallianceregister.com\\\/tr\\\/#website\"},\"primaryImageOfPage\":{\"@id\":\"https:\\\/\\\/globalallianceregister.com\\\/tr\\\/sectors\\\/telecommunication\\\/#primaryimage\"},\"image\":{\"@id\":\"https:\\\/\\\/globalallianceregister.com\\\/tr\\\/sectors\\\/telecommunication\\\/#primaryimage\"},\"thumbnailUrl\":\"https:\\\/\\\/globalallianceregister.com\\\/wp-content\\\/uploads\\\/2010\\\/12\\\/Telecommunication-Inner-Page.jpg\",\"datePublished\":\"2010-12-25T13:57:06+00:00\",\"dateModified\":\"2016-02-11T10:19:22+00:00\",\"breadcrumb\":{\"@id\":\"https:\\\/\\\/globalallianceregister.com\\\/tr\\\/sectors\\\/telecommunication\\\/#breadcrumb\"},\"inLanguage\":\"tr\",\"potentialAction\":[{\"@type\":\"ReadAction\",\"target\":[[\"https:\\\/\\\/globalallianceregister.com\\\/tr\\\/sectors\\\/telecommunication\\\/\"]]}]},{\"@type\":\"ImageObject\",\"inLanguage\":\"tr\",\"@id\":\"https:\\\/\\\/globalallianceregister.com\\\/tr\\\/sectors\\\/telecommunication\\\/#primaryimage\",\"url\":\"https:\\\/\\\/globalallianceregister.com\\\/wp-content\\\/uploads\\\/2010\\\/12\\\/Telecommunication-Inner-Page.jpg\",\"contentUrl\":\"https:\\\/\\\/globalallianceregister.com\\\/wp-content\\\/uploads\\\/2010\\\/12\\\/Telecommunication-Inner-Page.jpg\",\"width\":614,\"height\":200},{\"@type\":\"BreadcrumbList\",\"@id\":\"https:\\\/\\\/globalallianceregister.com\\\/tr\\\/sectors\\\/telecommunication\\\/#breadcrumb\",\"itemListElement\":[{\"@type\":\"ListItem\",\"position\":1,\"name\":\"Anasayfa\",\"item\":\"https:\\\/\\\/globalallianceregister.com\\\/tr\\\/\"},{\"@type\":\"ListItem\",\"position\":2,\"name\":\"Telekom\u00fcnikasyon Sekt\u00f6r\u00fc\"}]},{\"@type\":\"WebSite\",\"@id\":\"https:\\\/\\\/globalallianceregister.com\\\/tr\\\/#website\",\"url\":\"https:\\\/\\\/globalallianceregister.com\\\/tr\\\/\",\"name\":\"Global Alliance Register\",\"description\":\"(EN) Together for Excellence\",\"potentialAction\":[{\"@type\":\"SearchAction\",\"target\":{\"@type\":\"EntryPoint\",\"urlTemplate\":\"https:\\\/\\\/globalallianceregister.com\\\/tr\\\/?s={search_term_string}\"},\"query-input\":{\"@type\":\"PropertyValueSpecification\",\"valueRequired\":true,\"valueName\":\"search_term_string\"}}],\"inLanguage\":\"tr\"}]}<\/script>\n<!-- \/ Yoast SEO plugin. -->","yoast_head_json":{"title":"Telekom\u00fcnikasyon Sekt\u00f6r\u00fc - Global Alliance Register","robots":{"index":"index","follow":"follow","max-snippet":"max-snippet:-1","max-image-preview":"max-image-preview:large","max-video-preview":"max-video-preview:-1"},"canonical":"https:\/\/globalallianceregister.com\/tr\/sectors\/telecommunication\/","og_locale":"tr_TR","og_type":"article","og_title":"Telekom\u00fcnikasyon Sekt\u00f6r\u00fc - Global Alliance Register","og_description":"Telekom Operat\u00f6rleri &amp; Tedarik Zinciri\u2019nin g\u00fcn\u00fcm\u00fczdeki en \u00f6nemli sorunlar\u0131na yarat\u0131c\u0131 yakla\u015f\u0131m\u0131m\u0131z ve global deneyimlerimiz ile stratejik \u00e7\u00f6z\u00fcmler sunuyoruz\u2026 Global Alliance Register Uzmanlar\u0131 uluslararas\u0131 ofis a\u011f\u0131yla telekom\u00fcnikasyon sekt\u00f6r\u00fcnde faaliyet g\u00f6steren operat\u00f6rler...","og_url":"https:\/\/globalallianceregister.com\/tr\/sectors\/telecommunication\/","og_site_name":"Global Alliance Register","article_modified_time":"2016-02-11T10:19:22+00:00","og_image":[{"width":614,"height":200,"url":"https:\/\/globalallianceregister.com\/wp-content\/uploads\/2010\/12\/Telecommunication-Inner-Page.jpg","type":"image\/jpeg"}],"twitter_misc":{"Tahmini okuma s\u00fcresi":"3 dakika"},"schema":{"@context":"https:\/\/schema.org","@graph":[{"@type":"WebPage","@id":"https:\/\/globalallianceregister.com\/tr\/sectors\/telecommunication\/","url":"https:\/\/globalallianceregister.com\/tr\/sectors\/telecommunication\/","name":"Telekom\u00fcnikasyon Sekt\u00f6r\u00fc - Global Alliance Register","isPartOf":{"@id":"https:\/\/globalallianceregister.com\/tr\/#website"},"primaryImageOfPage":{"@id":"https:\/\/globalallianceregister.com\/tr\/sectors\/telecommunication\/#primaryimage"},"image":{"@id":"https:\/\/globalallianceregister.com\/tr\/sectors\/telecommunication\/#primaryimage"},"thumbnailUrl":"https:\/\/globalallianceregister.com\/wp-content\/uploads\/2010\/12\/Telecommunication-Inner-Page.jpg","datePublished":"2010-12-25T13:57:06+00:00","dateModified":"2016-02-11T10:19:22+00:00","breadcrumb":{"@id":"https:\/\/globalallianceregister.com\/tr\/sectors\/telecommunication\/#breadcrumb"},"inLanguage":"tr","potentialAction":[{"@type":"ReadAction","target":[["https:\/\/globalallianceregister.com\/tr\/sectors\/telecommunication\/"]]}]},{"@type":"ImageObject","inLanguage":"tr","@id":"https:\/\/globalallianceregister.com\/tr\/sectors\/telecommunication\/#primaryimage","url":"https:\/\/globalallianceregister.com\/wp-content\/uploads\/2010\/12\/Telecommunication-Inner-Page.jpg","contentUrl":"https:\/\/globalallianceregister.com\/wp-content\/uploads\/2010\/12\/Telecommunication-Inner-Page.jpg","width":614,"height":200},{"@type":"BreadcrumbList","@id":"https:\/\/globalallianceregister.com\/tr\/sectors\/telecommunication\/#breadcrumb","itemListElement":[{"@type":"ListItem","position":1,"name":"Anasayfa","item":"https:\/\/globalallianceregister.com\/tr\/"},{"@type":"ListItem","position":2,"name":"Telekom\u00fcnikasyon Sekt\u00f6r\u00fc"}]},{"@type":"WebSite","@id":"https:\/\/globalallianceregister.com\/tr\/#website","url":"https:\/\/globalallianceregister.com\/tr\/","name":"Global Alliance Register","description":"(EN) Together for Excellence","potentialAction":[{"@type":"SearchAction","target":{"@type":"EntryPoint","urlTemplate":"https:\/\/globalallianceregister.com\/tr\/?s={search_term_string}"},"query-input":{"@type":"PropertyValueSpecification","valueRequired":true,"valueName":"search_term_string"}}],"inLanguage":"tr"}]}},"_links":{"self":[{"href":"https:\/\/globalallianceregister.com\/tr\/wp-json\/wp\/v2\/pages\/54","targetHints":{"allow":["GET"]}}],"collection":[{"href":"https:\/\/globalallianceregister.com\/tr\/wp-json\/wp\/v2\/pages"}],"about":[{"href":"https:\/\/globalallianceregister.com\/tr\/wp-json\/wp\/v2\/types\/page"}],"author":[{"embeddable":true,"href":"https:\/\/globalallianceregister.com\/tr\/wp-json\/wp\/v2\/users\/10"}],"replies":[{"embeddable":true,"href":"https:\/\/globalallianceregister.com\/tr\/wp-json\/wp\/v2\/comments?post=54"}],"version-history":[{"count":0,"href":"https:\/\/globalallianceregister.com\/tr\/wp-json\/wp\/v2\/pages\/54\/revisions"}],"up":[{"embeddable":true,"href":"https:\/\/globalallianceregister.com\/tr\/wp-json\/wp\/v2\/pages\/4"}],"wp:featuredmedia":[{"embeddable":true,"href":"https:\/\/globalallianceregister.com\/tr\/wp-json\/wp\/v2\/media\/5162"}],"wp:attachment":[{"href":"https:\/\/globalallianceregister.com\/tr\/wp-json\/wp\/v2\/media?parent=54"}],"curies":[{"name":"wp","href":"https:\/\/api.w.org\/{rel}","templated":true}]}}