{"id":5402,"date":"2015-10-27T11:36:26","date_gmt":"2015-10-27T11:36:26","guid":{"rendered":"https:\/\/globalallianceregister.com\/?page_id=5402"},"modified":"2015-12-11T16:20:15","modified_gmt":"2015-12-11T16:20:15","slug":"turkce-tpm-toplam-uretken-bakim-egitimi","status":"publish","type":"page","link":"https:\/\/globalallianceregister.com\/tr\/services\/egitim\/turkce-yalin-uretim-egitim-programi\/turkce-tpm-toplam-uretken-bakim-egitimi\/","title":{"rendered":"TPM &#8211; Toplam \u00dcretken Bak\u0131m E\u011fitimi"},"content":{"rendered":"<p>S\u00fcre<\/p>\n<ul>\n<li>E\u011fitimin s\u00fcresi 1 g\u00fcn (8 saat)\u00a0 teorik, 5 g\u00fcn (40 saat) uygulamal\u0131 e\u011fitim olarak belirlenmi\u015ftir.<\/li>\n<\/ul>\n<p>&nbsp;<\/p>\n<p>E\u011fitimin Konusu<\/p>\n<ul>\n<li>TPM nedir?<\/li>\n<li>TPM\u2019in Amac\u0131.<\/li>\n<li>Otonom bak\u0131m nedir, nas\u0131l uygulan\u0131r? (JISHU HOZEN)<\/li>\n<li>5S ve TPM<\/li>\n<li>Makine verimi nas\u0131l \u00f6l\u00e7\u00fcl\u00fcr (Toplam ekipman verimlili\u011fi OEE).<\/li>\n<li>Makinede kay\u0131plar\u0131n tespit edilmesi. Genel problemler.<\/li>\n<li>TPM ara\u00e7lar\u0131.<\/li>\n<li>TPM Work-shop ve uygulanmas\u0131<\/li>\n<li>G\u00fcnl\u00fck, haftal\u0131k ve ayl\u0131k bak\u0131m planlar\u0131 ve olu\u015fturulmas\u0131<\/li>\n<li>\u00d6nleyici ve planl\u0131 bak\u0131m. Ar\u0131za an\u0131nda bak\u0131mdan \u00f6nleyici ve \u00fcretken bak\u0131ma ge\u00e7i\u015f<\/li>\n<li>Ekipman y\u00f6netimi<\/li>\n<\/ul>\n<p>&nbsp;<\/p>\n<p>E\u011fitimin Hedefi<\/p>\n<ul>\n<li>G\u00fcn\u00fcm\u00fczde \u00fcr\u00fcn maliyetlerinin olduk\u00e7a b\u00fcy\u00fck k\u0131sm\u0131n\u0131 makine ve makineye ba\u011fl\u0131 giderler olu\u015fturmaktad\u0131r. Bunlar\u0131n en \u00f6nemlisi makine verimlerinin d\u00fc\u015f\u00fck olmas\u0131d\u0131r. \u0130\u015fletme i\u00e7inde verim \u00f6l\u00e7\u00fcm\u00fc genel olarak hesaplanm\u0131\u015f bir kapasiteye oranlama yolu ile yap\u0131lmaktad\u0131r. Oysa yat\u0131r\u0131mc\u0131 bu makineyi al\u0131rken birim zaman i\u00e7inde yapabilece\u011fi \u00fcretim de\u011ferlerine bakarak sat\u0131n almakta ve i\u015fletme i\u00e7inde bu makinenin verilen de\u011fere en yak\u0131n \u015fekilde \u00e7al\u0131\u015fmas\u0131n\u0131 istemektedir. Bu ise makinenin ekonomik \u00f6mr\u00fc boyunca en iyi durumda kalmas\u0131n\u0131 sa\u011flamakla m\u00fcmk\u00fcn olur. Bu e\u011fitimin amac\u0131 bu bak\u0131m\u0131n en d\u00fc\u015f\u00fck maliyetle ve \u00fcretim s\u00fcresinden kay\u0131plar\u0131 en aza indirecek \u015fekilde yap\u0131lmas\u0131n\u0131 sa\u011flamak i\u00e7in metodolojinin \u00f6\u011fretilmesidir.<\/li>\n<\/ul>\n<p>&nbsp;<\/p>\n<p>Kimler Kat\u0131labilir<\/p>\n<ul>\n<li>Bak\u0131m ve onar\u0131m birimi, i\u015fletme ve \u00fcretim, y\u00f6netici, m\u00fchendis, teknisyen ve ustalar<\/li>\n<\/ul>\n<p><strong>\u00a0<\/strong><\/p>\n<p>Sertifika<\/p>\n<ul>\n<li>E\u011fitimi tamamlayan t\u00fcm kat\u0131l\u0131mc\u0131lara GLOBAL ALLIANCE ACADEMY taraf\u0131ndan \u201cTPM &#8211; Toplam \u00dcretken Bak\u0131m E\u011fitimi Kat\u0131l\u0131m Sertifikas\u0131\u201d verilecektir.<\/li>\n<\/ul>","protected":false},"excerpt":{"rendered":"<p>S\u00fcre E\u011fitimin s\u00fcresi 1 g\u00fcn (8 saat)\u00a0 teorik, 5 g\u00fcn (40 saat) uygulamal\u0131 e\u011fitim olarak belirlenmi\u015ftir. &nbsp; E\u011fitimin Konusu TPM nedir? TPM\u2019in Amac\u0131. Otonom bak\u0131m nedir, nas\u0131l uygulan\u0131r? (JISHU HOZEN)&#8230; <\/p>\n","protected":false},"author":10,"featured_media":5171,"parent":2155,"menu_order":0,"comment_status":"closed","ping_status":"closed","template":"page-full.php","meta":{"_acf_changed":false,"om_disable_all_campaigns":false,"footnotes":""},"class_list":["post-5402","page","type-page","status-publish","has-post-thumbnail","hentry"],"acf":[],"yoast_head":"<!-- This site is optimized with the Yoast SEO plugin v27.4 - https:\/\/yoast.com\/product\/yoast-seo-wordpress\/ -->\n<title>TPM - Toplam \u00dcretken Bak\u0131m E\u011fitimi - Global Alliance Register<\/title>\n<meta name=\"robots\" content=\"index, follow, max-snippet:-1, max-image-preview:large, max-video-preview:-1\" \/>\n<link rel=\"canonical\" href=\"https:\/\/globalallianceregister.com\/tr\/services\/egitim\/turkce-yalin-uretim-egitim-programi\/turkce-tpm-toplam-uretken-bakim-egitimi\/\" \/>\n<meta property=\"og:locale\" content=\"tr_TR\" \/>\n<meta property=\"og:type\" content=\"article\" \/>\n<meta property=\"og:title\" content=\"TPM - Toplam \u00dcretken Bak\u0131m E\u011fitimi - Global Alliance Register\" \/>\n<meta property=\"og:description\" content=\"S\u00fcre E\u011fitimin s\u00fcresi 1 g\u00fcn (8 saat)\u00a0 teorik, 5 g\u00fcn (40 saat) uygulamal\u0131 e\u011fitim olarak belirlenmi\u015ftir. &nbsp; E\u011fitimin Konusu TPM nedir? TPM\u2019in Amac\u0131. Otonom bak\u0131m nedir, nas\u0131l uygulan\u0131r? (JISHU HOZEN)...\" \/>\n<meta property=\"og:url\" content=\"https:\/\/globalallianceregister.com\/tr\/services\/egitim\/turkce-yalin-uretim-egitim-programi\/turkce-tpm-toplam-uretken-bakim-egitimi\/\" \/>\n<meta property=\"og:site_name\" content=\"Global Alliance Register\" \/>\n<meta property=\"article:modified_time\" content=\"2015-12-11T16:20:15+00:00\" \/>\n<meta property=\"og:image\" content=\"https:\/\/globalallianceregister.com\/wp-content\/uploads\/2015\/08\/Training-Inner-Page.jpg\" \/>\n\t<meta property=\"og:image:width\" content=\"614\" \/>\n\t<meta property=\"og:image:height\" content=\"200\" \/>\n\t<meta property=\"og:image:type\" content=\"image\/jpeg\" \/>\n<meta name=\"twitter:label1\" content=\"Tahmini okuma s\u00fcresi\" \/>\n\t<meta name=\"twitter:data1\" content=\"1 dakika\" \/>\n<script type=\"application\/ld+json\" class=\"yoast-schema-graph\">{\"@context\":\"https:\\\/\\\/schema.org\",\"@graph\":[{\"@type\":\"WebPage\",\"@id\":\"https:\\\/\\\/globalallianceregister.com\\\/tr\\\/services\\\/egitim\\\/turkce-yalin-uretim-egitim-programi\\\/turkce-tpm-toplam-uretken-bakim-egitimi\\\/\",\"url\":\"https:\\\/\\\/globalallianceregister.com\\\/tr\\\/services\\\/egitim\\\/turkce-yalin-uretim-egitim-programi\\\/turkce-tpm-toplam-uretken-bakim-egitimi\\\/\",\"name\":\"TPM - Toplam \u00dcretken Bak\u0131m E\u011fitimi - Global Alliance Register\",\"isPartOf\":{\"@id\":\"https:\\\/\\\/globalallianceregister.com\\\/tr\\\/#website\"},\"primaryImageOfPage\":{\"@id\":\"https:\\\/\\\/globalallianceregister.com\\\/tr\\\/services\\\/egitim\\\/turkce-yalin-uretim-egitim-programi\\\/turkce-tpm-toplam-uretken-bakim-egitimi\\\/#primaryimage\"},\"image\":{\"@id\":\"https:\\\/\\\/globalallianceregister.com\\\/tr\\\/services\\\/egitim\\\/turkce-yalin-uretim-egitim-programi\\\/turkce-tpm-toplam-uretken-bakim-egitimi\\\/#primaryimage\"},\"thumbnailUrl\":\"https:\\\/\\\/globalallianceregister.com\\\/wp-content\\\/uploads\\\/2015\\\/08\\\/Training-Inner-Page.jpg\",\"datePublished\":\"2015-10-27T11:36:26+00:00\",\"dateModified\":\"2015-12-11T16:20:15+00:00\",\"breadcrumb\":{\"@id\":\"https:\\\/\\\/globalallianceregister.com\\\/tr\\\/services\\\/egitim\\\/turkce-yalin-uretim-egitim-programi\\\/turkce-tpm-toplam-uretken-bakim-egitimi\\\/#breadcrumb\"},\"inLanguage\":\"tr\",\"potentialAction\":[{\"@type\":\"ReadAction\",\"target\":[[\"https:\\\/\\\/globalallianceregister.com\\\/tr\\\/services\\\/egitim\\\/turkce-yalin-uretim-egitim-programi\\\/turkce-tpm-toplam-uretken-bakim-egitimi\\\/\"]]}]},{\"@type\":\"ImageObject\",\"inLanguage\":\"tr\",\"@id\":\"https:\\\/\\\/globalallianceregister.com\\\/tr\\\/services\\\/egitim\\\/turkce-yalin-uretim-egitim-programi\\\/turkce-tpm-toplam-uretken-bakim-egitimi\\\/#primaryimage\",\"url\":\"https:\\\/\\\/globalallianceregister.com\\\/wp-content\\\/uploads\\\/2015\\\/08\\\/Training-Inner-Page.jpg\",\"contentUrl\":\"https:\\\/\\\/globalallianceregister.com\\\/wp-content\\\/uploads\\\/2015\\\/08\\\/Training-Inner-Page.jpg\",\"width\":614,\"height\":200},{\"@type\":\"BreadcrumbList\",\"@id\":\"https:\\\/\\\/globalallianceregister.com\\\/tr\\\/services\\\/egitim\\\/turkce-yalin-uretim-egitim-programi\\\/turkce-tpm-toplam-uretken-bakim-egitimi\\\/#breadcrumb\",\"itemListElement\":[{\"@type\":\"ListItem\",\"position\":1,\"name\":\"Anasayfa\",\"item\":\"https:\\\/\\\/globalallianceregister.com\\\/tr\\\/\"},{\"@type\":\"ListItem\",\"position\":2,\"name\":\"TPM &#8211; Toplam \u00dcretken Bak\u0131m E\u011fitimi\"}]},{\"@type\":\"WebSite\",\"@id\":\"https:\\\/\\\/globalallianceregister.com\\\/tr\\\/#website\",\"url\":\"https:\\\/\\\/globalallianceregister.com\\\/tr\\\/\",\"name\":\"Global Alliance Register\",\"description\":\"(EN) Together for Excellence\",\"potentialAction\":[{\"@type\":\"SearchAction\",\"target\":{\"@type\":\"EntryPoint\",\"urlTemplate\":\"https:\\\/\\\/globalallianceregister.com\\\/tr\\\/?s={search_term_string}\"},\"query-input\":{\"@type\":\"PropertyValueSpecification\",\"valueRequired\":true,\"valueName\":\"search_term_string\"}}],\"inLanguage\":\"tr\"}]}<\/script>\n<!-- \/ Yoast SEO plugin. -->","yoast_head_json":{"title":"TPM - Toplam \u00dcretken Bak\u0131m E\u011fitimi - Global Alliance Register","robots":{"index":"index","follow":"follow","max-snippet":"max-snippet:-1","max-image-preview":"max-image-preview:large","max-video-preview":"max-video-preview:-1"},"canonical":"https:\/\/globalallianceregister.com\/tr\/services\/egitim\/turkce-yalin-uretim-egitim-programi\/turkce-tpm-toplam-uretken-bakim-egitimi\/","og_locale":"tr_TR","og_type":"article","og_title":"TPM - Toplam \u00dcretken Bak\u0131m E\u011fitimi - Global Alliance Register","og_description":"S\u00fcre E\u011fitimin s\u00fcresi 1 g\u00fcn (8 saat)\u00a0 teorik, 5 g\u00fcn (40 saat) uygulamal\u0131 e\u011fitim olarak belirlenmi\u015ftir. &nbsp; E\u011fitimin Konusu TPM nedir? TPM\u2019in Amac\u0131. Otonom bak\u0131m nedir, nas\u0131l uygulan\u0131r? (JISHU HOZEN)...","og_url":"https:\/\/globalallianceregister.com\/tr\/services\/egitim\/turkce-yalin-uretim-egitim-programi\/turkce-tpm-toplam-uretken-bakim-egitimi\/","og_site_name":"Global Alliance Register","article_modified_time":"2015-12-11T16:20:15+00:00","og_image":[{"width":614,"height":200,"url":"https:\/\/globalallianceregister.com\/wp-content\/uploads\/2015\/08\/Training-Inner-Page.jpg","type":"image\/jpeg"}],"twitter_misc":{"Tahmini okuma s\u00fcresi":"1 dakika"},"schema":{"@context":"https:\/\/schema.org","@graph":[{"@type":"WebPage","@id":"https:\/\/globalallianceregister.com\/tr\/services\/egitim\/turkce-yalin-uretim-egitim-programi\/turkce-tpm-toplam-uretken-bakim-egitimi\/","url":"https:\/\/globalallianceregister.com\/tr\/services\/egitim\/turkce-yalin-uretim-egitim-programi\/turkce-tpm-toplam-uretken-bakim-egitimi\/","name":"TPM - Toplam \u00dcretken Bak\u0131m E\u011fitimi - Global Alliance Register","isPartOf":{"@id":"https:\/\/globalallianceregister.com\/tr\/#website"},"primaryImageOfPage":{"@id":"https:\/\/globalallianceregister.com\/tr\/services\/egitim\/turkce-yalin-uretim-egitim-programi\/turkce-tpm-toplam-uretken-bakim-egitimi\/#primaryimage"},"image":{"@id":"https:\/\/globalallianceregister.com\/tr\/services\/egitim\/turkce-yalin-uretim-egitim-programi\/turkce-tpm-toplam-uretken-bakim-egitimi\/#primaryimage"},"thumbnailUrl":"https:\/\/globalallianceregister.com\/wp-content\/uploads\/2015\/08\/Training-Inner-Page.jpg","datePublished":"2015-10-27T11:36:26+00:00","dateModified":"2015-12-11T16:20:15+00:00","breadcrumb":{"@id":"https:\/\/globalallianceregister.com\/tr\/services\/egitim\/turkce-yalin-uretim-egitim-programi\/turkce-tpm-toplam-uretken-bakim-egitimi\/#breadcrumb"},"inLanguage":"tr","potentialAction":[{"@type":"ReadAction","target":[["https:\/\/globalallianceregister.com\/tr\/services\/egitim\/turkce-yalin-uretim-egitim-programi\/turkce-tpm-toplam-uretken-bakim-egitimi\/"]]}]},{"@type":"ImageObject","inLanguage":"tr","@id":"https:\/\/globalallianceregister.com\/tr\/services\/egitim\/turkce-yalin-uretim-egitim-programi\/turkce-tpm-toplam-uretken-bakim-egitimi\/#primaryimage","url":"https:\/\/globalallianceregister.com\/wp-content\/uploads\/2015\/08\/Training-Inner-Page.jpg","contentUrl":"https:\/\/globalallianceregister.com\/wp-content\/uploads\/2015\/08\/Training-Inner-Page.jpg","width":614,"height":200},{"@type":"BreadcrumbList","@id":"https:\/\/globalallianceregister.com\/tr\/services\/egitim\/turkce-yalin-uretim-egitim-programi\/turkce-tpm-toplam-uretken-bakim-egitimi\/#breadcrumb","itemListElement":[{"@type":"ListItem","position":1,"name":"Anasayfa","item":"https:\/\/globalallianceregister.com\/tr\/"},{"@type":"ListItem","position":2,"name":"TPM &#8211; Toplam \u00dcretken Bak\u0131m E\u011fitimi"}]},{"@type":"WebSite","@id":"https:\/\/globalallianceregister.com\/tr\/#website","url":"https:\/\/globalallianceregister.com\/tr\/","name":"Global Alliance Register","description":"(EN) Together for Excellence","potentialAction":[{"@type":"SearchAction","target":{"@type":"EntryPoint","urlTemplate":"https:\/\/globalallianceregister.com\/tr\/?s={search_term_string}"},"query-input":{"@type":"PropertyValueSpecification","valueRequired":true,"valueName":"search_term_string"}}],"inLanguage":"tr"}]}},"_links":{"self":[{"href":"https:\/\/globalallianceregister.com\/tr\/wp-json\/wp\/v2\/pages\/5402","targetHints":{"allow":["GET"]}}],"collection":[{"href":"https:\/\/globalallianceregister.com\/tr\/wp-json\/wp\/v2\/pages"}],"about":[{"href":"https:\/\/globalallianceregister.com\/tr\/wp-json\/wp\/v2\/types\/page"}],"author":[{"embeddable":true,"href":"https:\/\/globalallianceregister.com\/tr\/wp-json\/wp\/v2\/users\/10"}],"replies":[{"embeddable":true,"href":"https:\/\/globalallianceregister.com\/tr\/wp-json\/wp\/v2\/comments?post=5402"}],"version-history":[{"count":0,"href":"https:\/\/globalallianceregister.com\/tr\/wp-json\/wp\/v2\/pages\/5402\/revisions"}],"up":[{"embeddable":true,"href":"https:\/\/globalallianceregister.com\/tr\/wp-json\/wp\/v2\/pages\/2155"}],"wp:featuredmedia":[{"embeddable":true,"href":"https:\/\/globalallianceregister.com\/tr\/wp-json\/wp\/v2\/media\/5171"}],"wp:attachment":[{"href":"https:\/\/globalallianceregister.com\/tr\/wp-json\/wp\/v2\/media?parent=5402"}],"curies":[{"name":"wp","href":"https:\/\/api.w.org\/{rel}","templated":true}]}}