{"id":5408,"date":"2015-10-27T11:46:30","date_gmt":"2015-10-27T11:46:30","guid":{"rendered":"https:\/\/globalallianceregister.com\/?page_id=5408"},"modified":"2015-12-11T16:18:27","modified_gmt":"2015-12-11T16:18:27","slug":"turkce-sap-meets-lean","status":"publish","type":"page","link":"https:\/\/globalallianceregister.com\/tr\/services\/egitim\/turkce-yalin-uretim-egitim-programi\/turkce-sap-meets-lean\/","title":{"rendered":"SAP\u00ae meets Lean"},"content":{"rendered":"<p>S\u00fcre<\/p>\n<ul>\n<li>E\u011fitimin s\u00fcresi 2 g\u00fcn (16 saat) olarak belirlenmi\u015ftir.<\/li>\n<\/ul>\n<p>&nbsp;<\/p>\n<p>E\u011fitimin Konusu<\/p>\n<ul>\n<li>Benchmark ve Yal\u0131n hedefler.<\/li>\n<li>B\u00f6l\u00fcmden ba\u011f\u0131ms\u0131z s\u00fcre\u00e7 odakl\u0131l\u0131k.<\/li>\n<li>Efektif tedark\u00e7i y\u00f6netiminde yal\u0131n uygulamalar.<\/li>\n<li>Flexible fabrika i\u00e7in ka\u00e7 yaz\u0131l\u0131m gereklidir.<\/li>\n<li>eKanban yard\u0131m\u0131yla tedarik\u00e7i entegrasyonu.<\/li>\n<li>Yal\u0131n sistem ve SAP aras\u0131ndaki ba\u011flant\u0131lar.<\/li>\n<li>Yal\u0131n sistem ve SAP uygulamlar\u0131.<\/li>\n<li>SAP eKanban ve proses ak\u0131\u015f\u0131.<\/li>\n<li>eKanban s\u00fcreci ve ara\u00e7lar.<\/li>\n<li>&#8220;SAP eKanban uygulama&#8221; projesi<\/li>\n<li>RFID, barcode uygulamalar\u0131 ve yal\u0131n \u00fcretim sistemi<\/li>\n<li>Tedarik\u00e7i entegrasyonu ve yal\u0131n uygulamalar.<\/li>\n<\/ul>\n<p>&nbsp;<\/p>\n<p>E\u011fitimin Hedefi<\/p>\n<ul>\n<li>Kat\u0131l\u0131mc\u0131lar IT sistemi ve yal\u0131n \u00fcretim sistemi aras\u0131nda olu\u015fturulmas\u0131 gereken ba\u011flant\u0131lar\u0131 \u00f6\u011frenecekler. SAP\u00ae uygulamalar\u0131n\u0131n destekledi\u011fi yal\u0131n \u00fcretim sisteminin hayata ge\u00e7irilmesi ve karma\u015f\u0131k malzeme ak\u0131\u015flar\u0131n\u0131n yal\u0131n sistem ile y\u00f6netimini \u00f6\u011frenecekler. SAP\u00ae \u00fczerinde yal\u0131n uygulamalar i\u00e7in yap\u0131lacak projeyi ve ad\u0131mlar\u0131n\u0131 \u00f6\u011frenecekler.<\/li>\n<\/ul>\n<p>&nbsp;<\/p>\n<p>Kimler Kat\u0131labilir<\/p>\n<ul>\n<li>Firmalar\u0131n y\u00f6netim ve operasyon kademelerinde \u00e7al\u0131\u015fan, planlama sorumlular\u0131, lojistik, proje, i\u015f geli\u015ftirme, \u00fcretim kontrol, sat\u0131n alma, depo operasyon, i\u015f planlama, metot m\u00fchendisli\u011fi birimlerinde g\u00f6rev yapan \u00e7al\u0131\u015fanlar\u0131, y\u00f6neticileri ve bu alanlarda kariyer geli\u015ftirmeyi hedefleyen ki\u015fileri kapsamaktad\u0131r.<\/li>\n<\/ul>\n<p><strong>\u00a0<\/strong><\/p>\n<p>Sertifika<\/p>\n<ul>\n<li>E\u011fitimi tamamlayan t\u00fcm kat\u0131l\u0131mc\u0131lara GLOBAL ALLIANCE ACADEMY taraf\u0131ndan \u201cSAP\u00ae meets Lean E\u011fitimi Kat\u0131l\u0131m Sertifikas\u0131\u201d verilecektir.<\/li>\n<\/ul>","protected":false},"excerpt":{"rendered":"<p>S\u00fcre E\u011fitimin s\u00fcresi 2 g\u00fcn (16 saat) olarak belirlenmi\u015ftir. &nbsp; E\u011fitimin Konusu Benchmark ve Yal\u0131n hedefler. B\u00f6l\u00fcmden ba\u011f\u0131ms\u0131z s\u00fcre\u00e7 odakl\u0131l\u0131k. Efektif tedark\u00e7i y\u00f6netiminde yal\u0131n uygulamalar. Flexible fabrika i\u00e7in ka\u00e7 yaz\u0131l\u0131m&#8230; <\/p>\n","protected":false},"author":10,"featured_media":5171,"parent":2155,"menu_order":0,"comment_status":"closed","ping_status":"closed","template":"page-full.php","meta":{"_acf_changed":false,"om_disable_all_campaigns":false,"footnotes":""},"class_list":["post-5408","page","type-page","status-publish","has-post-thumbnail","hentry"],"acf":[],"yoast_head":"<!-- This site is optimized with the Yoast SEO plugin v27.4 - https:\/\/yoast.com\/product\/yoast-seo-wordpress\/ -->\n<title>SAP\u00ae meets Lean - Global Alliance Register<\/title>\n<meta name=\"robots\" content=\"index, follow, max-snippet:-1, max-image-preview:large, max-video-preview:-1\" \/>\n<link rel=\"canonical\" href=\"https:\/\/globalallianceregister.com\/tr\/services\/egitim\/turkce-yalin-uretim-egitim-programi\/turkce-sap-meets-lean\/\" \/>\n<meta property=\"og:locale\" content=\"tr_TR\" \/>\n<meta property=\"og:type\" content=\"article\" \/>\n<meta property=\"og:title\" content=\"SAP\u00ae meets Lean - Global Alliance Register\" \/>\n<meta property=\"og:description\" content=\"S\u00fcre E\u011fitimin s\u00fcresi 2 g\u00fcn (16 saat) olarak belirlenmi\u015ftir. &nbsp; E\u011fitimin Konusu Benchmark ve Yal\u0131n hedefler. B\u00f6l\u00fcmden ba\u011f\u0131ms\u0131z s\u00fcre\u00e7 odakl\u0131l\u0131k. Efektif tedark\u00e7i y\u00f6netiminde yal\u0131n uygulamalar. Flexible fabrika i\u00e7in ka\u00e7 yaz\u0131l\u0131m...\" \/>\n<meta property=\"og:url\" content=\"https:\/\/globalallianceregister.com\/tr\/services\/egitim\/turkce-yalin-uretim-egitim-programi\/turkce-sap-meets-lean\/\" \/>\n<meta property=\"og:site_name\" content=\"Global Alliance Register\" \/>\n<meta property=\"article:modified_time\" content=\"2015-12-11T16:18:27+00:00\" \/>\n<meta property=\"og:image\" content=\"https:\/\/globalallianceregister.com\/wp-content\/uploads\/2015\/08\/Training-Inner-Page.jpg\" \/>\n\t<meta property=\"og:image:width\" content=\"614\" \/>\n\t<meta property=\"og:image:height\" content=\"200\" \/>\n\t<meta property=\"og:image:type\" content=\"image\/jpeg\" \/>\n<meta name=\"twitter:label1\" content=\"Tahmini okuma s\u00fcresi\" \/>\n\t<meta name=\"twitter:data1\" content=\"1 dakika\" \/>\n<script type=\"application\/ld+json\" class=\"yoast-schema-graph\">{\"@context\":\"https:\\\/\\\/schema.org\",\"@graph\":[{\"@type\":\"WebPage\",\"@id\":\"https:\\\/\\\/globalallianceregister.com\\\/tr\\\/services\\\/egitim\\\/turkce-yalin-uretim-egitim-programi\\\/turkce-sap-meets-lean\\\/\",\"url\":\"https:\\\/\\\/globalallianceregister.com\\\/tr\\\/services\\\/egitim\\\/turkce-yalin-uretim-egitim-programi\\\/turkce-sap-meets-lean\\\/\",\"name\":\"SAP\u00ae meets Lean - Global Alliance Register\",\"isPartOf\":{\"@id\":\"https:\\\/\\\/globalallianceregister.com\\\/tr\\\/#website\"},\"primaryImageOfPage\":{\"@id\":\"https:\\\/\\\/globalallianceregister.com\\\/tr\\\/services\\\/egitim\\\/turkce-yalin-uretim-egitim-programi\\\/turkce-sap-meets-lean\\\/#primaryimage\"},\"image\":{\"@id\":\"https:\\\/\\\/globalallianceregister.com\\\/tr\\\/services\\\/egitim\\\/turkce-yalin-uretim-egitim-programi\\\/turkce-sap-meets-lean\\\/#primaryimage\"},\"thumbnailUrl\":\"https:\\\/\\\/globalallianceregister.com\\\/wp-content\\\/uploads\\\/2015\\\/08\\\/Training-Inner-Page.jpg\",\"datePublished\":\"2015-10-27T11:46:30+00:00\",\"dateModified\":\"2015-12-11T16:18:27+00:00\",\"breadcrumb\":{\"@id\":\"https:\\\/\\\/globalallianceregister.com\\\/tr\\\/services\\\/egitim\\\/turkce-yalin-uretim-egitim-programi\\\/turkce-sap-meets-lean\\\/#breadcrumb\"},\"inLanguage\":\"tr\",\"potentialAction\":[{\"@type\":\"ReadAction\",\"target\":[[\"https:\\\/\\\/globalallianceregister.com\\\/tr\\\/services\\\/egitim\\\/turkce-yalin-uretim-egitim-programi\\\/turkce-sap-meets-lean\\\/\"]]}]},{\"@type\":\"ImageObject\",\"inLanguage\":\"tr\",\"@id\":\"https:\\\/\\\/globalallianceregister.com\\\/tr\\\/services\\\/egitim\\\/turkce-yalin-uretim-egitim-programi\\\/turkce-sap-meets-lean\\\/#primaryimage\",\"url\":\"https:\\\/\\\/globalallianceregister.com\\\/wp-content\\\/uploads\\\/2015\\\/08\\\/Training-Inner-Page.jpg\",\"contentUrl\":\"https:\\\/\\\/globalallianceregister.com\\\/wp-content\\\/uploads\\\/2015\\\/08\\\/Training-Inner-Page.jpg\",\"width\":614,\"height\":200},{\"@type\":\"BreadcrumbList\",\"@id\":\"https:\\\/\\\/globalallianceregister.com\\\/tr\\\/services\\\/egitim\\\/turkce-yalin-uretim-egitim-programi\\\/turkce-sap-meets-lean\\\/#breadcrumb\",\"itemListElement\":[{\"@type\":\"ListItem\",\"position\":1,\"name\":\"Anasayfa\",\"item\":\"https:\\\/\\\/globalallianceregister.com\\\/tr\\\/\"},{\"@type\":\"ListItem\",\"position\":2,\"name\":\"SAP\u00ae meets Lean\"}]},{\"@type\":\"WebSite\",\"@id\":\"https:\\\/\\\/globalallianceregister.com\\\/tr\\\/#website\",\"url\":\"https:\\\/\\\/globalallianceregister.com\\\/tr\\\/\",\"name\":\"Global Alliance Register\",\"description\":\"(EN) Together for Excellence\",\"potentialAction\":[{\"@type\":\"SearchAction\",\"target\":{\"@type\":\"EntryPoint\",\"urlTemplate\":\"https:\\\/\\\/globalallianceregister.com\\\/tr\\\/?s={search_term_string}\"},\"query-input\":{\"@type\":\"PropertyValueSpecification\",\"valueRequired\":true,\"valueName\":\"search_term_string\"}}],\"inLanguage\":\"tr\"}]}<\/script>\n<!-- \/ Yoast SEO plugin. -->","yoast_head_json":{"title":"SAP\u00ae meets Lean - Global Alliance Register","robots":{"index":"index","follow":"follow","max-snippet":"max-snippet:-1","max-image-preview":"max-image-preview:large","max-video-preview":"max-video-preview:-1"},"canonical":"https:\/\/globalallianceregister.com\/tr\/services\/egitim\/turkce-yalin-uretim-egitim-programi\/turkce-sap-meets-lean\/","og_locale":"tr_TR","og_type":"article","og_title":"SAP\u00ae meets Lean - Global Alliance Register","og_description":"S\u00fcre E\u011fitimin s\u00fcresi 2 g\u00fcn (16 saat) olarak belirlenmi\u015ftir. &nbsp; E\u011fitimin Konusu Benchmark ve Yal\u0131n hedefler. B\u00f6l\u00fcmden ba\u011f\u0131ms\u0131z s\u00fcre\u00e7 odakl\u0131l\u0131k. Efektif tedark\u00e7i y\u00f6netiminde yal\u0131n uygulamalar. Flexible fabrika i\u00e7in ka\u00e7 yaz\u0131l\u0131m...","og_url":"https:\/\/globalallianceregister.com\/tr\/services\/egitim\/turkce-yalin-uretim-egitim-programi\/turkce-sap-meets-lean\/","og_site_name":"Global Alliance Register","article_modified_time":"2015-12-11T16:18:27+00:00","og_image":[{"width":614,"height":200,"url":"https:\/\/globalallianceregister.com\/wp-content\/uploads\/2015\/08\/Training-Inner-Page.jpg","type":"image\/jpeg"}],"twitter_misc":{"Tahmini okuma s\u00fcresi":"1 dakika"},"schema":{"@context":"https:\/\/schema.org","@graph":[{"@type":"WebPage","@id":"https:\/\/globalallianceregister.com\/tr\/services\/egitim\/turkce-yalin-uretim-egitim-programi\/turkce-sap-meets-lean\/","url":"https:\/\/globalallianceregister.com\/tr\/services\/egitim\/turkce-yalin-uretim-egitim-programi\/turkce-sap-meets-lean\/","name":"SAP\u00ae meets Lean - Global Alliance Register","isPartOf":{"@id":"https:\/\/globalallianceregister.com\/tr\/#website"},"primaryImageOfPage":{"@id":"https:\/\/globalallianceregister.com\/tr\/services\/egitim\/turkce-yalin-uretim-egitim-programi\/turkce-sap-meets-lean\/#primaryimage"},"image":{"@id":"https:\/\/globalallianceregister.com\/tr\/services\/egitim\/turkce-yalin-uretim-egitim-programi\/turkce-sap-meets-lean\/#primaryimage"},"thumbnailUrl":"https:\/\/globalallianceregister.com\/wp-content\/uploads\/2015\/08\/Training-Inner-Page.jpg","datePublished":"2015-10-27T11:46:30+00:00","dateModified":"2015-12-11T16:18:27+00:00","breadcrumb":{"@id":"https:\/\/globalallianceregister.com\/tr\/services\/egitim\/turkce-yalin-uretim-egitim-programi\/turkce-sap-meets-lean\/#breadcrumb"},"inLanguage":"tr","potentialAction":[{"@type":"ReadAction","target":[["https:\/\/globalallianceregister.com\/tr\/services\/egitim\/turkce-yalin-uretim-egitim-programi\/turkce-sap-meets-lean\/"]]}]},{"@type":"ImageObject","inLanguage":"tr","@id":"https:\/\/globalallianceregister.com\/tr\/services\/egitim\/turkce-yalin-uretim-egitim-programi\/turkce-sap-meets-lean\/#primaryimage","url":"https:\/\/globalallianceregister.com\/wp-content\/uploads\/2015\/08\/Training-Inner-Page.jpg","contentUrl":"https:\/\/globalallianceregister.com\/wp-content\/uploads\/2015\/08\/Training-Inner-Page.jpg","width":614,"height":200},{"@type":"BreadcrumbList","@id":"https:\/\/globalallianceregister.com\/tr\/services\/egitim\/turkce-yalin-uretim-egitim-programi\/turkce-sap-meets-lean\/#breadcrumb","itemListElement":[{"@type":"ListItem","position":1,"name":"Anasayfa","item":"https:\/\/globalallianceregister.com\/tr\/"},{"@type":"ListItem","position":2,"name":"SAP\u00ae meets Lean"}]},{"@type":"WebSite","@id":"https:\/\/globalallianceregister.com\/tr\/#website","url":"https:\/\/globalallianceregister.com\/tr\/","name":"Global Alliance Register","description":"(EN) Together for Excellence","potentialAction":[{"@type":"SearchAction","target":{"@type":"EntryPoint","urlTemplate":"https:\/\/globalallianceregister.com\/tr\/?s={search_term_string}"},"query-input":{"@type":"PropertyValueSpecification","valueRequired":true,"valueName":"search_term_string"}}],"inLanguage":"tr"}]}},"_links":{"self":[{"href":"https:\/\/globalallianceregister.com\/tr\/wp-json\/wp\/v2\/pages\/5408","targetHints":{"allow":["GET"]}}],"collection":[{"href":"https:\/\/globalallianceregister.com\/tr\/wp-json\/wp\/v2\/pages"}],"about":[{"href":"https:\/\/globalallianceregister.com\/tr\/wp-json\/wp\/v2\/types\/page"}],"author":[{"embeddable":true,"href":"https:\/\/globalallianceregister.com\/tr\/wp-json\/wp\/v2\/users\/10"}],"replies":[{"embeddable":true,"href":"https:\/\/globalallianceregister.com\/tr\/wp-json\/wp\/v2\/comments?post=5408"}],"version-history":[{"count":0,"href":"https:\/\/globalallianceregister.com\/tr\/wp-json\/wp\/v2\/pages\/5408\/revisions"}],"up":[{"embeddable":true,"href":"https:\/\/globalallianceregister.com\/tr\/wp-json\/wp\/v2\/pages\/2155"}],"wp:featuredmedia":[{"embeddable":true,"href":"https:\/\/globalallianceregister.com\/tr\/wp-json\/wp\/v2\/media\/5171"}],"wp:attachment":[{"href":"https:\/\/globalallianceregister.com\/tr\/wp-json\/wp\/v2\/media?parent=5408"}],"curies":[{"name":"wp","href":"https:\/\/api.w.org\/{rel}","templated":true}]}}