{"id":5410,"date":"2015-10-27T11:48:21","date_gmt":"2015-10-27T11:48:21","guid":{"rendered":"https:\/\/globalallianceregister.com\/?page_id=5410"},"modified":"2015-12-11T16:10:46","modified_gmt":"2015-12-11T16:10:46","slug":"turkce-hazir-giyim-sanayiinde-5s-egitimi-tekstil","status":"publish","type":"page","link":"https:\/\/globalallianceregister.com\/tr\/services\/egitim\/turkce-yalin-uretim-egitim-programi\/turkce-hazir-giyim-sanayiinde-5s-egitimi-tekstil\/","title":{"rendered":"Haz\u0131r Giyim Sanayiinde 5S E\u011fitimi (Tekstil)"},"content":{"rendered":"<p>S\u00fcre<\/p>\n<ul>\n<li>E\u011fitimin s\u00fcresi 1 g\u00fcn (8 saat)\u00a0 teorik e\u011fitim olarak belirlenmi\u015ftir.<\/li>\n<\/ul>\n<p>&nbsp;<\/p>\n<p>E\u011fitimin Konusu<\/p>\n<ul>\n<li>Yal\u0131n \u00fcretim felsefesi<\/li>\n<li>Haz\u0131r giyim tesislerinde yerle\u015fim ergonomisi<\/li>\n<li>5S teknikleri<\/li>\n<li>Haz\u0131r giyim sanayinde 5S uygulama \u00f6rnekleri<\/li>\n<li>Kuma\u015f deposu uygulamas\u0131<\/li>\n<li>Aksesuar deposu uygulamas\u0131<\/li>\n<li>Son i\u015flemler yerle\u015fim uygulamas\u0131<\/li>\n<\/ul>\n<p>&nbsp;<\/p>\n<p>E\u011fitimin Hedefi<\/p>\n<ul>\n<li>\u00c7al\u0131\u015fma ortamlar\u0131n\u0131n tertip, d\u00fczen ve ergonomi kurallaGLOBAL ALLIANCE g\u00f6re d\u00fczenlenmesini hedefleyen 5S teknikleri son y\u0131llarda firmalarda uygulanmaya ba\u015flayan \u00f6nemli tekniklerden birisidir. \u00dcretim y\u00f6netiminde esnekli\u011fi, \u00e7e\u015fitlili\u011fi ve adetsel de\u011fi\u015fimlere cevap verebillme\u011fi sa\u011flamak i\u00e7in haz\u0131r giyim sanayinde \u00e7al\u0131\u015fma alanlar\u0131n\u0131n yerle\u015fimi \u00f6nemli bir unsurdur. \u00d6rne\u011fin Aksesuarlar\u0131n depo i\u00e7indeki yerle\u015fimi, depo i\u00e7inde istenilen malzemelere h\u0131zl\u0131 ve do\u011fru ula\u015fman\u0131n sa\u011flanabilmesi, depo i\u00e7inde bilginin kolay bir \u015feklide di\u011fer \u00e7al\u0131\u015fanlara ula\u015ft\u0131r\u0131labilmesi i\u00e7in 5S teknikleri ile uygun \u00e7\u00f6z\u00fcmler geli\u015ftirilebilmektedir<\/li>\n<li>Bu e\u011fitim \u00e7al\u0131\u015fmas\u0131nda Haz\u0131r Giyim Sanayinde 5S teknikleri hakk\u0131nda uygulamal\u0131 e\u011fitimi verilecektir.<\/li>\n<\/ul>\n<p>&nbsp;<\/p>\n<p>Kimler Kat\u0131labilir<\/p>\n<ul>\n<li>Orta Kademe Y\u00f6neticiler, \u00dcretim B\u00f6l\u00fcm\u00fc \u00c7al\u0131\u015fanlar\u0131 ve Y\u00f6neticileri, M\u00fchendisler<\/li>\n<\/ul>\n<p>&nbsp;<\/p>\n<p>Sertifika<\/p>\n<ul>\n<li>E\u011fitimi tamamlayan t\u00fcm kat\u0131l\u0131mc\u0131lara GLOBAL ALLIANCE ACADEMY taraf\u0131ndan \u201cHaz\u0131r Giyim Sanayiinde 5S E\u011fitimi Kat\u0131l\u0131m Sertifikas\u0131\u201d verilecektir.<\/li>\n<\/ul>","protected":false},"excerpt":{"rendered":"<p>S\u00fcre E\u011fitimin s\u00fcresi 1 g\u00fcn (8 saat)\u00a0 teorik e\u011fitim olarak belirlenmi\u015ftir. &nbsp; E\u011fitimin Konusu Yal\u0131n \u00fcretim felsefesi Haz\u0131r giyim tesislerinde yerle\u015fim ergonomisi 5S teknikleri Haz\u0131r giyim sanayinde 5S uygulama \u00f6rnekleri&#8230; <\/p>\n","protected":false},"author":10,"featured_media":5171,"parent":2155,"menu_order":0,"comment_status":"closed","ping_status":"closed","template":"page-full.php","meta":{"_acf_changed":false,"om_disable_all_campaigns":false,"footnotes":""},"class_list":["post-5410","page","type-page","status-publish","has-post-thumbnail","hentry"],"acf":[],"yoast_head":"<!-- This site is optimized with the Yoast SEO plugin v27.4 - https:\/\/yoast.com\/product\/yoast-seo-wordpress\/ -->\n<title>Haz\u0131r Giyim Sanayiinde 5S E\u011fitimi (Tekstil) - Global Alliance Register<\/title>\n<meta name=\"robots\" content=\"index, follow, max-snippet:-1, max-image-preview:large, max-video-preview:-1\" \/>\n<link rel=\"canonical\" href=\"https:\/\/globalallianceregister.com\/tr\/services\/egitim\/turkce-yalin-uretim-egitim-programi\/turkce-hazir-giyim-sanayiinde-5s-egitimi-tekstil\/\" \/>\n<meta property=\"og:locale\" content=\"tr_TR\" \/>\n<meta property=\"og:type\" content=\"article\" \/>\n<meta property=\"og:title\" content=\"Haz\u0131r Giyim Sanayiinde 5S E\u011fitimi (Tekstil) - Global Alliance Register\" \/>\n<meta property=\"og:description\" content=\"S\u00fcre E\u011fitimin s\u00fcresi 1 g\u00fcn (8 saat)\u00a0 teorik e\u011fitim olarak belirlenmi\u015ftir. &nbsp; E\u011fitimin Konusu Yal\u0131n \u00fcretim felsefesi Haz\u0131r giyim tesislerinde yerle\u015fim ergonomisi 5S teknikleri Haz\u0131r giyim sanayinde 5S uygulama \u00f6rnekleri...\" \/>\n<meta property=\"og:url\" content=\"https:\/\/globalallianceregister.com\/tr\/services\/egitim\/turkce-yalin-uretim-egitim-programi\/turkce-hazir-giyim-sanayiinde-5s-egitimi-tekstil\/\" \/>\n<meta property=\"og:site_name\" content=\"Global Alliance Register\" \/>\n<meta property=\"article:modified_time\" content=\"2015-12-11T16:10:46+00:00\" \/>\n<meta property=\"og:image\" content=\"https:\/\/globalallianceregister.com\/wp-content\/uploads\/2015\/08\/Training-Inner-Page.jpg\" \/>\n\t<meta property=\"og:image:width\" content=\"614\" \/>\n\t<meta property=\"og:image:height\" content=\"200\" \/>\n\t<meta property=\"og:image:type\" content=\"image\/jpeg\" \/>\n<meta name=\"twitter:label1\" content=\"Tahmini okuma s\u00fcresi\" \/>\n\t<meta name=\"twitter:data1\" content=\"1 dakika\" \/>\n<script type=\"application\/ld+json\" class=\"yoast-schema-graph\">{\"@context\":\"https:\\\/\\\/schema.org\",\"@graph\":[{\"@type\":\"WebPage\",\"@id\":\"https:\\\/\\\/globalallianceregister.com\\\/tr\\\/services\\\/egitim\\\/turkce-yalin-uretim-egitim-programi\\\/turkce-hazir-giyim-sanayiinde-5s-egitimi-tekstil\\\/\",\"url\":\"https:\\\/\\\/globalallianceregister.com\\\/tr\\\/services\\\/egitim\\\/turkce-yalin-uretim-egitim-programi\\\/turkce-hazir-giyim-sanayiinde-5s-egitimi-tekstil\\\/\",\"name\":\"Haz\u0131r Giyim Sanayiinde 5S E\u011fitimi (Tekstil) - Global Alliance Register\",\"isPartOf\":{\"@id\":\"https:\\\/\\\/globalallianceregister.com\\\/tr\\\/#website\"},\"primaryImageOfPage\":{\"@id\":\"https:\\\/\\\/globalallianceregister.com\\\/tr\\\/services\\\/egitim\\\/turkce-yalin-uretim-egitim-programi\\\/turkce-hazir-giyim-sanayiinde-5s-egitimi-tekstil\\\/#primaryimage\"},\"image\":{\"@id\":\"https:\\\/\\\/globalallianceregister.com\\\/services\\\/egitim\\\/turkce-yalin-uretim-egitim-programi\\\/turkce-hazir-giyim-sanayiinde-5s-egitimi-tekstil\\\/#primaryimage\"},\"thumbnailUrl\":\"https:\\\/\\\/globalallianceregister.com\\\/wp-content\\\/uploads\\\/2015\\\/08\\\/Training-Inner-Page.jpg\",\"datePublished\":\"2015-10-27T11:48:21+00:00\",\"dateModified\":\"2015-12-11T16:10:46+00:00\",\"breadcrumb\":{\"@id\":\"https:\\\/\\\/globalallianceregister.com\\\/tr\\\/services\\\/egitim\\\/turkce-yalin-uretim-egitim-programi\\\/turkce-hazir-giyim-sanayiinde-5s-egitimi-tekstil\\\/#breadcrumb\"},\"inLanguage\":\"tr\",\"potentialAction\":[{\"@type\":\"ReadAction\",\"target\":[[\"https:\\\/\\\/globalallianceregister.com\\\/tr\\\/services\\\/egitim\\\/turkce-yalin-uretim-egitim-programi\\\/turkce-hazir-giyim-sanayiinde-5s-egitimi-tekstil\\\/\"]]}]},{\"@type\":\"ImageObject\",\"inLanguage\":\"tr\",\"@id\":\"https:\\\/\\\/globalallianceregister.com\\\/tr\\\/services\\\/egitim\\\/turkce-yalin-uretim-egitim-programi\\\/turkce-hazir-giyim-sanayiinde-5s-egitimi-tekstil\\\/#primaryimage\",\"url\":\"https:\\\/\\\/globalallianceregister.com\\\/wp-content\\\/uploads\\\/2015\\\/08\\\/Training-Inner-Page.jpg\",\"contentUrl\":\"https:\\\/\\\/globalallianceregister.com\\\/wp-content\\\/uploads\\\/2015\\\/08\\\/Training-Inner-Page.jpg\",\"width\":614,\"height\":200},{\"@type\":\"BreadcrumbList\",\"@id\":\"https:\\\/\\\/globalallianceregister.com\\\/tr\\\/services\\\/egitim\\\/turkce-yalin-uretim-egitim-programi\\\/turkce-hazir-giyim-sanayiinde-5s-egitimi-tekstil\\\/#breadcrumb\",\"itemListElement\":[{\"@type\":\"ListItem\",\"position\":1,\"name\":\"Anasayfa\",\"item\":\"https:\\\/\\\/globalallianceregister.com\\\/tr\\\/\"},{\"@type\":\"ListItem\",\"position\":2,\"name\":\"Hizmetler\",\"item\":\"https:\\\/\\\/globalallianceregister.com\\\/tr\\\/services\\\/\"},{\"@type\":\"ListItem\",\"position\":3,\"name\":\"E\u011fitim\",\"item\":\"https:\\\/\\\/globalallianceregister.com\\\/tr\\\/services\\\/egitim\\\/\"},{\"@type\":\"ListItem\",\"position\":4,\"name\":\"Lean Manufacturing Technics Training Program\",\"item\":\"https:\\\/\\\/globalallianceregister.com\\\/tr\\\/services\\\/egitim\\\/turkce-yalin-uretim-egitim-programi\\\/\"},{\"@type\":\"ListItem\",\"position\":5,\"name\":\"(TR) Haz\u0131r Giyim Sanayiinde 5S E\u011fitimi (Tekstil)\"}]},{\"@type\":\"WebSite\",\"@id\":\"https:\\\/\\\/globalallianceregister.com\\\/tr\\\/#website\",\"url\":\"https:\\\/\\\/globalallianceregister.com\\\/tr\\\/\",\"name\":\"Global Alliance Register\",\"description\":\"(EN) Together for Excellence\",\"potentialAction\":[{\"@type\":\"SearchAction\",\"target\":{\"@type\":\"EntryPoint\",\"urlTemplate\":\"https:\\\/\\\/globalallianceregister.com\\\/tr\\\/?s={search_term_string}\"},\"query-input\":{\"@type\":\"PropertyValueSpecification\",\"valueRequired\":true,\"valueName\":\"search_term_string\"}}],\"inLanguage\":\"tr\"}]}<\/script>\n<!-- \/ Yoast SEO plugin. -->","yoast_head_json":{"title":"Haz\u0131r Giyim Sanayiinde 5S E\u011fitimi (Tekstil) - Global Alliance Register","robots":{"index":"index","follow":"follow","max-snippet":"max-snippet:-1","max-image-preview":"max-image-preview:large","max-video-preview":"max-video-preview:-1"},"canonical":"https:\/\/globalallianceregister.com\/tr\/services\/egitim\/turkce-yalin-uretim-egitim-programi\/turkce-hazir-giyim-sanayiinde-5s-egitimi-tekstil\/","og_locale":"tr_TR","og_type":"article","og_title":"Haz\u0131r Giyim Sanayiinde 5S E\u011fitimi (Tekstil) - Global Alliance Register","og_description":"S\u00fcre E\u011fitimin s\u00fcresi 1 g\u00fcn (8 saat)\u00a0 teorik e\u011fitim olarak belirlenmi\u015ftir. &nbsp; E\u011fitimin Konusu Yal\u0131n \u00fcretim felsefesi Haz\u0131r giyim tesislerinde yerle\u015fim ergonomisi 5S teknikleri Haz\u0131r giyim sanayinde 5S uygulama \u00f6rnekleri...","og_url":"https:\/\/globalallianceregister.com\/tr\/services\/egitim\/turkce-yalin-uretim-egitim-programi\/turkce-hazir-giyim-sanayiinde-5s-egitimi-tekstil\/","og_site_name":"Global Alliance Register","article_modified_time":"2015-12-11T16:10:46+00:00","og_image":[{"width":614,"height":200,"url":"https:\/\/globalallianceregister.com\/wp-content\/uploads\/2015\/08\/Training-Inner-Page.jpg","type":"image\/jpeg"}],"twitter_misc":{"Tahmini okuma s\u00fcresi":"1 dakika"},"schema":{"@context":"https:\/\/schema.org","@graph":[{"@type":"WebPage","@id":"https:\/\/globalallianceregister.com\/tr\/services\/egitim\/turkce-yalin-uretim-egitim-programi\/turkce-hazir-giyim-sanayiinde-5s-egitimi-tekstil\/","url":"https:\/\/globalallianceregister.com\/tr\/services\/egitim\/turkce-yalin-uretim-egitim-programi\/turkce-hazir-giyim-sanayiinde-5s-egitimi-tekstil\/","name":"Haz\u0131r Giyim Sanayiinde 5S E\u011fitimi (Tekstil) - Global Alliance Register","isPartOf":{"@id":"https:\/\/globalallianceregister.com\/tr\/#website"},"primaryImageOfPage":{"@id":"https:\/\/globalallianceregister.com\/tr\/services\/egitim\/turkce-yalin-uretim-egitim-programi\/turkce-hazir-giyim-sanayiinde-5s-egitimi-tekstil\/#primaryimage"},"image":{"@id":"https:\/\/globalallianceregister.com\/services\/egitim\/turkce-yalin-uretim-egitim-programi\/turkce-hazir-giyim-sanayiinde-5s-egitimi-tekstil\/#primaryimage"},"thumbnailUrl":"https:\/\/globalallianceregister.com\/wp-content\/uploads\/2015\/08\/Training-Inner-Page.jpg","datePublished":"2015-10-27T11:48:21+00:00","dateModified":"2015-12-11T16:10:46+00:00","breadcrumb":{"@id":"https:\/\/globalallianceregister.com\/tr\/services\/egitim\/turkce-yalin-uretim-egitim-programi\/turkce-hazir-giyim-sanayiinde-5s-egitimi-tekstil\/#breadcrumb"},"inLanguage":"tr","potentialAction":[{"@type":"ReadAction","target":[["https:\/\/globalallianceregister.com\/tr\/services\/egitim\/turkce-yalin-uretim-egitim-programi\/turkce-hazir-giyim-sanayiinde-5s-egitimi-tekstil\/"]]}]},{"@type":"ImageObject","inLanguage":"tr","@id":"https:\/\/globalallianceregister.com\/tr\/services\/egitim\/turkce-yalin-uretim-egitim-programi\/turkce-hazir-giyim-sanayiinde-5s-egitimi-tekstil\/#primaryimage","url":"https:\/\/globalallianceregister.com\/wp-content\/uploads\/2015\/08\/Training-Inner-Page.jpg","contentUrl":"https:\/\/globalallianceregister.com\/wp-content\/uploads\/2015\/08\/Training-Inner-Page.jpg","width":614,"height":200},{"@type":"BreadcrumbList","@id":"https:\/\/globalallianceregister.com\/tr\/services\/egitim\/turkce-yalin-uretim-egitim-programi\/turkce-hazir-giyim-sanayiinde-5s-egitimi-tekstil\/#breadcrumb","itemListElement":[{"@type":"ListItem","position":1,"name":"Anasayfa","item":"https:\/\/globalallianceregister.com\/tr\/"},{"@type":"ListItem","position":2,"name":"Hizmetler","item":"https:\/\/globalallianceregister.com\/tr\/services\/"},{"@type":"ListItem","position":3,"name":"E\u011fitim","item":"https:\/\/globalallianceregister.com\/tr\/services\/egitim\/"},{"@type":"ListItem","position":4,"name":"Lean Manufacturing Technics Training Program","item":"https:\/\/globalallianceregister.com\/tr\/services\/egitim\/turkce-yalin-uretim-egitim-programi\/"},{"@type":"ListItem","position":5,"name":"(TR) Haz\u0131r Giyim Sanayiinde 5S E\u011fitimi (Tekstil)"}]},{"@type":"WebSite","@id":"https:\/\/globalallianceregister.com\/tr\/#website","url":"https:\/\/globalallianceregister.com\/tr\/","name":"Global Alliance Register","description":"(EN) Together for Excellence","potentialAction":[{"@type":"SearchAction","target":{"@type":"EntryPoint","urlTemplate":"https:\/\/globalallianceregister.com\/tr\/?s={search_term_string}"},"query-input":{"@type":"PropertyValueSpecification","valueRequired":true,"valueName":"search_term_string"}}],"inLanguage":"tr"}]}},"_links":{"self":[{"href":"https:\/\/globalallianceregister.com\/tr\/wp-json\/wp\/v2\/pages\/5410","targetHints":{"allow":["GET"]}}],"collection":[{"href":"https:\/\/globalallianceregister.com\/tr\/wp-json\/wp\/v2\/pages"}],"about":[{"href":"https:\/\/globalallianceregister.com\/tr\/wp-json\/wp\/v2\/types\/page"}],"author":[{"embeddable":true,"href":"https:\/\/globalallianceregister.com\/tr\/wp-json\/wp\/v2\/users\/10"}],"replies":[{"embeddable":true,"href":"https:\/\/globalallianceregister.com\/tr\/wp-json\/wp\/v2\/comments?post=5410"}],"version-history":[{"count":0,"href":"https:\/\/globalallianceregister.com\/tr\/wp-json\/wp\/v2\/pages\/5410\/revisions"}],"up":[{"embeddable":true,"href":"https:\/\/globalallianceregister.com\/tr\/wp-json\/wp\/v2\/pages\/2155"}],"wp:featuredmedia":[{"embeddable":true,"href":"https:\/\/globalallianceregister.com\/tr\/wp-json\/wp\/v2\/media\/5171"}],"wp:attachment":[{"href":"https:\/\/globalallianceregister.com\/tr\/wp-json\/wp\/v2\/media?parent=5410"}],"curies":[{"name":"wp","href":"https:\/\/api.w.org\/{rel}","templated":true}]}}