{"id":5413,"date":"2015-10-27T11:49:55","date_gmt":"2015-10-27T11:49:55","guid":{"rendered":"https:\/\/globalallianceregister.com\/?page_id=5413"},"modified":"2015-12-11T16:11:34","modified_gmt":"2015-12-11T16:11:34","slug":"turkce-hazir-giyim-sanayiinde-koleksiyon-hazirlama","status":"publish","type":"page","link":"https:\/\/globalallianceregister.com\/tr\/services\/egitim\/turkce-yalin-uretim-egitim-programi\/turkce-hazir-giyim-sanayiinde-koleksiyon-hazirlama\/","title":{"rendered":"Haz\u0131r Giyim Sanayiinde Koleksiyon Haz\u0131rlama"},"content":{"rendered":"<p>S\u00fcre<\/p>\n<ul>\n<li>E\u011fitimin s\u00fcresi 3 saat\u00a0 teorik e\u011fitim olarak belirlenmi\u015ftir.<\/li>\n<\/ul>\n<p>&nbsp;<\/p>\n<p>E\u011fitimin Konusu<\/p>\n<ul>\n<li>Koleksiyon haz\u0131rlama s\u00fcreci<\/li>\n<li>Tasar\u0131m s\u00fcreci<\/li>\n<li>Koleksiyon planlamas\u0131<\/li>\n<li>\u00d6rnek uygulamalar<\/li>\n<\/ul>\n<p>&nbsp;<\/p>\n<p>E\u011fitimin Hedefi<\/p>\n<ul>\n<li>G\u00fcn\u00fcm\u00fcz de \u00fcretim yapan haz\u0131r giyim i\u015fletmeleri \u00e7o\u011funlukla ayn\u0131 \u00fcretim teknolojilerine sahip bulunmaktad\u0131rlar. Ulusal ve uluslar aras\u0131 rekabet avantajl\u0131 duruma gelmek ise ancak farkl\u0131l\u0131k ortaya \u00e7\u0131karmak ile m\u00fcmk\u00fcn olabilmektedir. Bu farkl\u0131l\u0131\u011f\u0131 ortaya \u00e7\u0131karman\u0131n kal\u0131c\u0131 yolu ise tasar\u0131mdan ge\u00e7mektedir.<\/li>\n<li>Haz\u0131r giyim firmalar\u0131n\u0131n m\u00fc\u015fteri ihtiya\u00e7lar\u0131n\u0131 g\u00f6z \u00f6n\u00fcne alarak yapacaklar \u00f6zg\u00fcn tasar\u0131mlar i\u015fletmenin itibar\u0131n\u0131, bilinirli\u011fini ve karl\u0131l\u0131\u011f\u0131n\u0131 art\u0131racakt\u0131r. Bu e\u011fitim \u00e7al\u0131\u015fmas\u0131n\u0131n temel amac\u0131 haz\u0131r giyim firmalar\u0131nda koleksiyon haz\u0131rlama ve tasar\u0131m \u00e7al\u0131\u015fmalar\u0131n\u0131n nas\u0131l yap\u0131labilece\u011fi konusunda ipu\u00e7lar\u0131 sunmakt\u0131r.<\/li>\n<\/ul>\n<p>&nbsp;<\/p>\n<p>Kimler Kat\u0131labilir<\/p>\n<ul>\n<li>Tasar\u0131m ve Koleksiyon B\u00f6l\u00fcm\u00fcr\u0131 Y\u00f6netici ve \u00c7al\u0131\u015fanlar\u0131<\/li>\n<\/ul>\n<p><strong>\u00a0<\/strong><\/p>\n<p>Sertifika<\/p>\n<ul>\n<li>E\u011fitimi tamamlayan t\u00fcm kat\u0131l\u0131mc\u0131lara GLOBAL ALLIANCE ACADEMY taraf\u0131ndan \u201cHaz\u0131r Giyim Sanayiinde Koleksiyon Haz\u0131rlama E\u011fitimi Kat\u0131l\u0131m Sertifikas\u0131\u201d verilecektir.<\/li>\n<\/ul>","protected":false},"excerpt":{"rendered":"<p>S\u00fcre E\u011fitimin s\u00fcresi 3 saat\u00a0 teorik e\u011fitim olarak belirlenmi\u015ftir. &nbsp; E\u011fitimin Konusu Koleksiyon haz\u0131rlama s\u00fcreci Tasar\u0131m s\u00fcreci Koleksiyon planlamas\u0131 \u00d6rnek uygulamalar &nbsp; E\u011fitimin Hedefi G\u00fcn\u00fcm\u00fcz de \u00fcretim yapan haz\u0131r giyim&#8230; <\/p>\n","protected":false},"author":10,"featured_media":5171,"parent":2155,"menu_order":0,"comment_status":"closed","ping_status":"closed","template":"page-full.php","meta":{"_acf_changed":false,"om_disable_all_campaigns":false,"footnotes":""},"class_list":["post-5413","page","type-page","status-publish","has-post-thumbnail","hentry"],"acf":[],"yoast_head":"<!-- This site is optimized with the Yoast SEO plugin v27.4 - https:\/\/yoast.com\/product\/yoast-seo-wordpress\/ -->\n<title>Haz\u0131r Giyim Sanayiinde Koleksiyon Haz\u0131rlama - Global Alliance Register<\/title>\n<meta name=\"robots\" content=\"index, follow, max-snippet:-1, max-image-preview:large, max-video-preview:-1\" \/>\n<link rel=\"canonical\" href=\"https:\/\/globalallianceregister.com\/tr\/services\/egitim\/turkce-yalin-uretim-egitim-programi\/turkce-hazir-giyim-sanayiinde-koleksiyon-hazirlama\/\" \/>\n<meta property=\"og:locale\" content=\"tr_TR\" \/>\n<meta property=\"og:type\" content=\"article\" \/>\n<meta property=\"og:title\" content=\"Haz\u0131r Giyim Sanayiinde Koleksiyon Haz\u0131rlama - Global Alliance Register\" \/>\n<meta property=\"og:description\" content=\"S\u00fcre E\u011fitimin s\u00fcresi 3 saat\u00a0 teorik e\u011fitim olarak belirlenmi\u015ftir. &nbsp; E\u011fitimin Konusu Koleksiyon haz\u0131rlama s\u00fcreci Tasar\u0131m s\u00fcreci Koleksiyon planlamas\u0131 \u00d6rnek uygulamalar &nbsp; E\u011fitimin Hedefi G\u00fcn\u00fcm\u00fcz de \u00fcretim yapan haz\u0131r giyim...\" \/>\n<meta property=\"og:url\" content=\"https:\/\/globalallianceregister.com\/tr\/services\/egitim\/turkce-yalin-uretim-egitim-programi\/turkce-hazir-giyim-sanayiinde-koleksiyon-hazirlama\/\" \/>\n<meta property=\"og:site_name\" content=\"Global Alliance Register\" \/>\n<meta property=\"article:modified_time\" content=\"2015-12-11T16:11:34+00:00\" \/>\n<meta property=\"og:image\" content=\"https:\/\/globalallianceregister.com\/wp-content\/uploads\/2015\/08\/Training-Inner-Page.jpg\" \/>\n\t<meta property=\"og:image:width\" content=\"614\" \/>\n\t<meta property=\"og:image:height\" content=\"200\" \/>\n\t<meta property=\"og:image:type\" content=\"image\/jpeg\" \/>\n<meta name=\"twitter:label1\" content=\"Tahmini okuma s\u00fcresi\" \/>\n\t<meta name=\"twitter:data1\" content=\"1 dakika\" \/>\n<script type=\"application\/ld+json\" class=\"yoast-schema-graph\">{\"@context\":\"https:\\\/\\\/schema.org\",\"@graph\":[{\"@type\":\"WebPage\",\"@id\":\"https:\\\/\\\/globalallianceregister.com\\\/tr\\\/services\\\/egitim\\\/turkce-yalin-uretim-egitim-programi\\\/turkce-hazir-giyim-sanayiinde-koleksiyon-hazirlama\\\/\",\"url\":\"https:\\\/\\\/globalallianceregister.com\\\/tr\\\/services\\\/egitim\\\/turkce-yalin-uretim-egitim-programi\\\/turkce-hazir-giyim-sanayiinde-koleksiyon-hazirlama\\\/\",\"name\":\"Haz\u0131r Giyim Sanayiinde Koleksiyon Haz\u0131rlama - Global Alliance Register\",\"isPartOf\":{\"@id\":\"https:\\\/\\\/globalallianceregister.com\\\/tr\\\/#website\"},\"primaryImageOfPage\":{\"@id\":\"https:\\\/\\\/globalallianceregister.com\\\/tr\\\/services\\\/egitim\\\/turkce-yalin-uretim-egitim-programi\\\/turkce-hazir-giyim-sanayiinde-koleksiyon-hazirlama\\\/#primaryimage\"},\"image\":{\"@id\":\"https:\\\/\\\/globalallianceregister.com\\\/services\\\/egitim\\\/turkce-yalin-uretim-egitim-programi\\\/turkce-hazir-giyim-sanayiinde-koleksiyon-hazirlama\\\/#primaryimage\"},\"thumbnailUrl\":\"https:\\\/\\\/globalallianceregister.com\\\/wp-content\\\/uploads\\\/2015\\\/08\\\/Training-Inner-Page.jpg\",\"datePublished\":\"2015-10-27T11:49:55+00:00\",\"dateModified\":\"2015-12-11T16:11:34+00:00\",\"breadcrumb\":{\"@id\":\"https:\\\/\\\/globalallianceregister.com\\\/tr\\\/services\\\/egitim\\\/turkce-yalin-uretim-egitim-programi\\\/turkce-hazir-giyim-sanayiinde-koleksiyon-hazirlama\\\/#breadcrumb\"},\"inLanguage\":\"tr\",\"potentialAction\":[{\"@type\":\"ReadAction\",\"target\":[[\"https:\\\/\\\/globalallianceregister.com\\\/tr\\\/services\\\/egitim\\\/turkce-yalin-uretim-egitim-programi\\\/turkce-hazir-giyim-sanayiinde-koleksiyon-hazirlama\\\/\"]]}]},{\"@type\":\"ImageObject\",\"inLanguage\":\"tr\",\"@id\":\"https:\\\/\\\/globalallianceregister.com\\\/tr\\\/services\\\/egitim\\\/turkce-yalin-uretim-egitim-programi\\\/turkce-hazir-giyim-sanayiinde-koleksiyon-hazirlama\\\/#primaryimage\",\"url\":\"https:\\\/\\\/globalallianceregister.com\\\/wp-content\\\/uploads\\\/2015\\\/08\\\/Training-Inner-Page.jpg\",\"contentUrl\":\"https:\\\/\\\/globalallianceregister.com\\\/wp-content\\\/uploads\\\/2015\\\/08\\\/Training-Inner-Page.jpg\",\"width\":614,\"height\":200},{\"@type\":\"BreadcrumbList\",\"@id\":\"https:\\\/\\\/globalallianceregister.com\\\/tr\\\/services\\\/egitim\\\/turkce-yalin-uretim-egitim-programi\\\/turkce-hazir-giyim-sanayiinde-koleksiyon-hazirlama\\\/#breadcrumb\",\"itemListElement\":[{\"@type\":\"ListItem\",\"position\":1,\"name\":\"Anasayfa\",\"item\":\"https:\\\/\\\/globalallianceregister.com\\\/tr\\\/\"},{\"@type\":\"ListItem\",\"position\":2,\"name\":\"Hizmetler\",\"item\":\"https:\\\/\\\/globalallianceregister.com\\\/tr\\\/services\\\/\"},{\"@type\":\"ListItem\",\"position\":3,\"name\":\"E\u011fitim\",\"item\":\"https:\\\/\\\/globalallianceregister.com\\\/tr\\\/services\\\/egitim\\\/\"},{\"@type\":\"ListItem\",\"position\":4,\"name\":\"Lean Manufacturing Technics Training Program\",\"item\":\"https:\\\/\\\/globalallianceregister.com\\\/tr\\\/services\\\/egitim\\\/turkce-yalin-uretim-egitim-programi\\\/\"},{\"@type\":\"ListItem\",\"position\":5,\"name\":\"(TR) Haz\u0131r Giyim Sanayiinde Koleksiyon Haz\u0131rlama\"}]},{\"@type\":\"WebSite\",\"@id\":\"https:\\\/\\\/globalallianceregister.com\\\/tr\\\/#website\",\"url\":\"https:\\\/\\\/globalallianceregister.com\\\/tr\\\/\",\"name\":\"Global Alliance Register\",\"description\":\"(EN) Together for Excellence\",\"potentialAction\":[{\"@type\":\"SearchAction\",\"target\":{\"@type\":\"EntryPoint\",\"urlTemplate\":\"https:\\\/\\\/globalallianceregister.com\\\/tr\\\/?s={search_term_string}\"},\"query-input\":{\"@type\":\"PropertyValueSpecification\",\"valueRequired\":true,\"valueName\":\"search_term_string\"}}],\"inLanguage\":\"tr\"}]}<\/script>\n<!-- \/ Yoast SEO plugin. -->","yoast_head_json":{"title":"Haz\u0131r Giyim Sanayiinde Koleksiyon Haz\u0131rlama - Global Alliance Register","robots":{"index":"index","follow":"follow","max-snippet":"max-snippet:-1","max-image-preview":"max-image-preview:large","max-video-preview":"max-video-preview:-1"},"canonical":"https:\/\/globalallianceregister.com\/tr\/services\/egitim\/turkce-yalin-uretim-egitim-programi\/turkce-hazir-giyim-sanayiinde-koleksiyon-hazirlama\/","og_locale":"tr_TR","og_type":"article","og_title":"Haz\u0131r Giyim Sanayiinde Koleksiyon Haz\u0131rlama - Global Alliance Register","og_description":"S\u00fcre E\u011fitimin s\u00fcresi 3 saat\u00a0 teorik e\u011fitim olarak belirlenmi\u015ftir. &nbsp; E\u011fitimin Konusu Koleksiyon haz\u0131rlama s\u00fcreci Tasar\u0131m s\u00fcreci Koleksiyon planlamas\u0131 \u00d6rnek uygulamalar &nbsp; E\u011fitimin Hedefi G\u00fcn\u00fcm\u00fcz de \u00fcretim yapan haz\u0131r giyim...","og_url":"https:\/\/globalallianceregister.com\/tr\/services\/egitim\/turkce-yalin-uretim-egitim-programi\/turkce-hazir-giyim-sanayiinde-koleksiyon-hazirlama\/","og_site_name":"Global Alliance Register","article_modified_time":"2015-12-11T16:11:34+00:00","og_image":[{"width":614,"height":200,"url":"https:\/\/globalallianceregister.com\/wp-content\/uploads\/2015\/08\/Training-Inner-Page.jpg","type":"image\/jpeg"}],"twitter_misc":{"Tahmini okuma s\u00fcresi":"1 dakika"},"schema":{"@context":"https:\/\/schema.org","@graph":[{"@type":"WebPage","@id":"https:\/\/globalallianceregister.com\/tr\/services\/egitim\/turkce-yalin-uretim-egitim-programi\/turkce-hazir-giyim-sanayiinde-koleksiyon-hazirlama\/","url":"https:\/\/globalallianceregister.com\/tr\/services\/egitim\/turkce-yalin-uretim-egitim-programi\/turkce-hazir-giyim-sanayiinde-koleksiyon-hazirlama\/","name":"Haz\u0131r Giyim Sanayiinde Koleksiyon Haz\u0131rlama - Global Alliance Register","isPartOf":{"@id":"https:\/\/globalallianceregister.com\/tr\/#website"},"primaryImageOfPage":{"@id":"https:\/\/globalallianceregister.com\/tr\/services\/egitim\/turkce-yalin-uretim-egitim-programi\/turkce-hazir-giyim-sanayiinde-koleksiyon-hazirlama\/#primaryimage"},"image":{"@id":"https:\/\/globalallianceregister.com\/services\/egitim\/turkce-yalin-uretim-egitim-programi\/turkce-hazir-giyim-sanayiinde-koleksiyon-hazirlama\/#primaryimage"},"thumbnailUrl":"https:\/\/globalallianceregister.com\/wp-content\/uploads\/2015\/08\/Training-Inner-Page.jpg","datePublished":"2015-10-27T11:49:55+00:00","dateModified":"2015-12-11T16:11:34+00:00","breadcrumb":{"@id":"https:\/\/globalallianceregister.com\/tr\/services\/egitim\/turkce-yalin-uretim-egitim-programi\/turkce-hazir-giyim-sanayiinde-koleksiyon-hazirlama\/#breadcrumb"},"inLanguage":"tr","potentialAction":[{"@type":"ReadAction","target":[["https:\/\/globalallianceregister.com\/tr\/services\/egitim\/turkce-yalin-uretim-egitim-programi\/turkce-hazir-giyim-sanayiinde-koleksiyon-hazirlama\/"]]}]},{"@type":"ImageObject","inLanguage":"tr","@id":"https:\/\/globalallianceregister.com\/tr\/services\/egitim\/turkce-yalin-uretim-egitim-programi\/turkce-hazir-giyim-sanayiinde-koleksiyon-hazirlama\/#primaryimage","url":"https:\/\/globalallianceregister.com\/wp-content\/uploads\/2015\/08\/Training-Inner-Page.jpg","contentUrl":"https:\/\/globalallianceregister.com\/wp-content\/uploads\/2015\/08\/Training-Inner-Page.jpg","width":614,"height":200},{"@type":"BreadcrumbList","@id":"https:\/\/globalallianceregister.com\/tr\/services\/egitim\/turkce-yalin-uretim-egitim-programi\/turkce-hazir-giyim-sanayiinde-koleksiyon-hazirlama\/#breadcrumb","itemListElement":[{"@type":"ListItem","position":1,"name":"Anasayfa","item":"https:\/\/globalallianceregister.com\/tr\/"},{"@type":"ListItem","position":2,"name":"Hizmetler","item":"https:\/\/globalallianceregister.com\/tr\/services\/"},{"@type":"ListItem","position":3,"name":"E\u011fitim","item":"https:\/\/globalallianceregister.com\/tr\/services\/egitim\/"},{"@type":"ListItem","position":4,"name":"Lean Manufacturing Technics Training Program","item":"https:\/\/globalallianceregister.com\/tr\/services\/egitim\/turkce-yalin-uretim-egitim-programi\/"},{"@type":"ListItem","position":5,"name":"(TR) Haz\u0131r Giyim Sanayiinde Koleksiyon Haz\u0131rlama"}]},{"@type":"WebSite","@id":"https:\/\/globalallianceregister.com\/tr\/#website","url":"https:\/\/globalallianceregister.com\/tr\/","name":"Global Alliance Register","description":"(EN) Together for Excellence","potentialAction":[{"@type":"SearchAction","target":{"@type":"EntryPoint","urlTemplate":"https:\/\/globalallianceregister.com\/tr\/?s={search_term_string}"},"query-input":{"@type":"PropertyValueSpecification","valueRequired":true,"valueName":"search_term_string"}}],"inLanguage":"tr"}]}},"_links":{"self":[{"href":"https:\/\/globalallianceregister.com\/tr\/wp-json\/wp\/v2\/pages\/5413","targetHints":{"allow":["GET"]}}],"collection":[{"href":"https:\/\/globalallianceregister.com\/tr\/wp-json\/wp\/v2\/pages"}],"about":[{"href":"https:\/\/globalallianceregister.com\/tr\/wp-json\/wp\/v2\/types\/page"}],"author":[{"embeddable":true,"href":"https:\/\/globalallianceregister.com\/tr\/wp-json\/wp\/v2\/users\/10"}],"replies":[{"embeddable":true,"href":"https:\/\/globalallianceregister.com\/tr\/wp-json\/wp\/v2\/comments?post=5413"}],"version-history":[{"count":0,"href":"https:\/\/globalallianceregister.com\/tr\/wp-json\/wp\/v2\/pages\/5413\/revisions"}],"up":[{"embeddable":true,"href":"https:\/\/globalallianceregister.com\/tr\/wp-json\/wp\/v2\/pages\/2155"}],"wp:featuredmedia":[{"embeddable":true,"href":"https:\/\/globalallianceregister.com\/tr\/wp-json\/wp\/v2\/media\/5171"}],"wp:attachment":[{"href":"https:\/\/globalallianceregister.com\/tr\/wp-json\/wp\/v2\/media?parent=5413"}],"curies":[{"name":"wp","href":"https:\/\/api.w.org\/{rel}","templated":true}]}}