{"id":5416,"date":"2015-10-27T11:51:04","date_gmt":"2015-10-27T11:51:04","guid":{"rendered":"https:\/\/globalallianceregister.com\/?page_id=5416"},"modified":"2015-12-11T16:14:24","modified_gmt":"2015-12-11T16:14:24","slug":"turkce-hazir-giyim-sanayiinde-yalin-uretim","status":"publish","type":"page","link":"https:\/\/globalallianceregister.com\/tr\/services\/egitim\/turkce-yalin-uretim-egitim-programi\/turkce-hazir-giyim-sanayiinde-yalin-uretim\/","title":{"rendered":"Haz\u0131r Giyim Sanayiinde Yal\u0131n \u00dcretim"},"content":{"rendered":"<p>E\u011fitimin S\u00fcresi<\/p>\n<ul>\n<li>E\u011fitimin s\u00fcresi 2 g\u00fcn (16 saat) olarak belirlenmi\u015ftir.<\/li>\n<\/ul>\n<p>&nbsp;<\/p>\n<p>E\u011fitimin konusu<\/p>\n<ul>\n<li>Yal\u0131n \u00fcretim sistemi<\/li>\n<li>K\u00fc\u00e7\u00fck partiler halinde \u00fcretim<\/li>\n<li>Tek par\u00e7a ak\u0131\u015f\u0131, haz\u0131r giyim uygulamas\u0131<\/li>\n<li>Bant yerle\u015fimi, ergonomi<\/li>\n<li>Talep analizleri ve heijunka<\/li>\n<li>Kanban<\/li>\n<li>Haz\u0131r giyim band\u0131nda malzeme hareketleri<\/li>\n<\/ul>\n<p>&nbsp;<\/p>\n<p>E\u011fitimin Hedefi<\/p>\n<ul>\n<li>Haz\u0131r giyim firmalar\u0131n\u0131n rekabet\u00e7i olmalar\u0131 gerekmektedir. Bu onlara geli\u015fmekte olan orta ve uzak do\u011fu firmalar\u0131 ile rekabet edebilmeleri i\u00e7in gereklidir. Rekabet g\u00fcc\u00fcn\u00fc art\u0131rmak i\u00e7in yal\u0131n \u00fcretim sisteminin haz\u0131r giyim sekt\u00f6r\u00fcne uygulanmas\u0131 gereklidir. Bu uygulaman\u0131n nas\u0131l yap\u0131laca\u011f\u0131 e\u011fitimimizin temel konusudur. E\u011fitim sonras\u0131nd kat\u0131l\u0131mc\u0131lar, yal\u0131n \u00fcretim bantlar\u0131 olu\u015fturma, israf\u0131n \u00f6nlenmesi, ergonomi ve bant verimlili\u011fi, i\u00e7 malzeme hareketlerinin d\u00fczenlenmesi konular\u0131nada yal\u0131n \u00fcretim sistemi yakla\u015f\u0131m\u0131n\u0131 \u00f6\u011frenecekler.<\/li>\n<\/ul>\n<p>&nbsp;<\/p>\n<p>Kimler kat\u0131labilir<\/p>\n<ul>\n<li>Firmalar\u0131n y\u00f6netim ve operasyon kademelerinde \u00e7al\u0131\u015fan, planlama sorumlular\u0131, lojistik, proje, i\u015f geli\u015ftirme, \u00fcretim kontrol, sat\u0131n alma, depo operasyon, i\u015f planlama, metot m\u00fchendisli\u011fi birimlerinde g\u00f6rev yapan \u00e7al\u0131\u015fanlar\u0131, y\u00f6neticileri ve bu alanlarda kariyer geli\u015ftirmeyi hedefleyen ki\u015fileri kapsamaktad\u0131r.<\/li>\n<\/ul>\n<p><strong>\u00a0<\/strong><\/p>\n<p>Sertifika<\/p>\n<ul>\n<li>E\u011fitimi tamamlayan t\u00fcm kat\u0131l\u0131mc\u0131lara GLOBAL ALLIANCE ACADEMY taraf\u0131ndan \u201cHaz\u0131r Giyim Sanayiinde Yal\u0131n \u00dcretim E\u011fitimi Kat\u0131l\u0131m Sertifikas\u0131\u201d verilecektir.<\/li>\n<\/ul>","protected":false},"excerpt":{"rendered":"<p>E\u011fitimin S\u00fcresi E\u011fitimin s\u00fcresi 2 g\u00fcn (16 saat) olarak belirlenmi\u015ftir. &nbsp; E\u011fitimin konusu Yal\u0131n \u00fcretim sistemi K\u00fc\u00e7\u00fck partiler halinde \u00fcretim Tek par\u00e7a ak\u0131\u015f\u0131, haz\u0131r giyim uygulamas\u0131 Bant yerle\u015fimi, ergonomi Talep&#8230; <\/p>\n","protected":false},"author":10,"featured_media":5171,"parent":2155,"menu_order":0,"comment_status":"closed","ping_status":"closed","template":"page-full.php","meta":{"_acf_changed":false,"om_disable_all_campaigns":false,"footnotes":""},"class_list":["post-5416","page","type-page","status-publish","has-post-thumbnail","hentry"],"acf":[],"yoast_head":"<!-- This site is optimized with the Yoast SEO plugin v27.4 - https:\/\/yoast.com\/product\/yoast-seo-wordpress\/ -->\n<title>Haz\u0131r Giyim Sanayiinde Yal\u0131n \u00dcretim - Global Alliance Register<\/title>\n<meta name=\"robots\" content=\"index, follow, max-snippet:-1, max-image-preview:large, max-video-preview:-1\" \/>\n<link rel=\"canonical\" href=\"https:\/\/globalallianceregister.com\/tr\/services\/egitim\/turkce-yalin-uretim-egitim-programi\/turkce-hazir-giyim-sanayiinde-yalin-uretim\/\" \/>\n<meta property=\"og:locale\" content=\"tr_TR\" \/>\n<meta property=\"og:type\" content=\"article\" \/>\n<meta property=\"og:title\" content=\"Haz\u0131r Giyim Sanayiinde Yal\u0131n \u00dcretim - Global Alliance Register\" \/>\n<meta property=\"og:description\" content=\"E\u011fitimin S\u00fcresi E\u011fitimin s\u00fcresi 2 g\u00fcn (16 saat) olarak belirlenmi\u015ftir. &nbsp; E\u011fitimin konusu Yal\u0131n \u00fcretim sistemi K\u00fc\u00e7\u00fck partiler halinde \u00fcretim Tek par\u00e7a ak\u0131\u015f\u0131, haz\u0131r giyim uygulamas\u0131 Bant yerle\u015fimi, ergonomi Talep...\" \/>\n<meta property=\"og:url\" content=\"https:\/\/globalallianceregister.com\/tr\/services\/egitim\/turkce-yalin-uretim-egitim-programi\/turkce-hazir-giyim-sanayiinde-yalin-uretim\/\" \/>\n<meta property=\"og:site_name\" content=\"Global Alliance Register\" \/>\n<meta property=\"article:modified_time\" content=\"2015-12-11T16:14:24+00:00\" \/>\n<meta property=\"og:image\" content=\"https:\/\/globalallianceregister.com\/wp-content\/uploads\/2015\/08\/Training-Inner-Page.jpg\" \/>\n\t<meta property=\"og:image:width\" content=\"614\" \/>\n\t<meta property=\"og:image:height\" content=\"200\" \/>\n\t<meta property=\"og:image:type\" content=\"image\/jpeg\" \/>\n<meta name=\"twitter:label1\" content=\"Tahmini okuma s\u00fcresi\" \/>\n\t<meta name=\"twitter:data1\" content=\"1 dakika\" \/>\n<script type=\"application\/ld+json\" class=\"yoast-schema-graph\">{\"@context\":\"https:\\\/\\\/schema.org\",\"@graph\":[{\"@type\":\"WebPage\",\"@id\":\"https:\\\/\\\/globalallianceregister.com\\\/tr\\\/services\\\/egitim\\\/turkce-yalin-uretim-egitim-programi\\\/turkce-hazir-giyim-sanayiinde-yalin-uretim\\\/\",\"url\":\"https:\\\/\\\/globalallianceregister.com\\\/tr\\\/services\\\/egitim\\\/turkce-yalin-uretim-egitim-programi\\\/turkce-hazir-giyim-sanayiinde-yalin-uretim\\\/\",\"name\":\"Haz\u0131r Giyim Sanayiinde Yal\u0131n \u00dcretim - Global Alliance Register\",\"isPartOf\":{\"@id\":\"https:\\\/\\\/globalallianceregister.com\\\/tr\\\/#website\"},\"primaryImageOfPage\":{\"@id\":\"https:\\\/\\\/globalallianceregister.com\\\/tr\\\/services\\\/egitim\\\/turkce-yalin-uretim-egitim-programi\\\/turkce-hazir-giyim-sanayiinde-yalin-uretim\\\/#primaryimage\"},\"image\":{\"@id\":\"https:\\\/\\\/globalallianceregister.com\\\/tr\\\/services\\\/egitim\\\/turkce-yalin-uretim-egitim-programi\\\/turkce-hazir-giyim-sanayiinde-yalin-uretim\\\/#primaryimage\"},\"thumbnailUrl\":\"https:\\\/\\\/globalallianceregister.com\\\/wp-content\\\/uploads\\\/2015\\\/08\\\/Training-Inner-Page.jpg\",\"datePublished\":\"2015-10-27T11:51:04+00:00\",\"dateModified\":\"2015-12-11T16:14:24+00:00\",\"breadcrumb\":{\"@id\":\"https:\\\/\\\/globalallianceregister.com\\\/tr\\\/services\\\/egitim\\\/turkce-yalin-uretim-egitim-programi\\\/turkce-hazir-giyim-sanayiinde-yalin-uretim\\\/#breadcrumb\"},\"inLanguage\":\"tr\",\"potentialAction\":[{\"@type\":\"ReadAction\",\"target\":[[\"https:\\\/\\\/globalallianceregister.com\\\/tr\\\/services\\\/egitim\\\/turkce-yalin-uretim-egitim-programi\\\/turkce-hazir-giyim-sanayiinde-yalin-uretim\\\/\"]]}]},{\"@type\":\"ImageObject\",\"inLanguage\":\"tr\",\"@id\":\"https:\\\/\\\/globalallianceregister.com\\\/tr\\\/services\\\/egitim\\\/turkce-yalin-uretim-egitim-programi\\\/turkce-hazir-giyim-sanayiinde-yalin-uretim\\\/#primaryimage\",\"url\":\"https:\\\/\\\/globalallianceregister.com\\\/wp-content\\\/uploads\\\/2015\\\/08\\\/Training-Inner-Page.jpg\",\"contentUrl\":\"https:\\\/\\\/globalallianceregister.com\\\/wp-content\\\/uploads\\\/2015\\\/08\\\/Training-Inner-Page.jpg\",\"width\":614,\"height\":200},{\"@type\":\"BreadcrumbList\",\"@id\":\"https:\\\/\\\/globalallianceregister.com\\\/tr\\\/services\\\/egitim\\\/turkce-yalin-uretim-egitim-programi\\\/turkce-hazir-giyim-sanayiinde-yalin-uretim\\\/#breadcrumb\",\"itemListElement\":[{\"@type\":\"ListItem\",\"position\":1,\"name\":\"Anasayfa\",\"item\":\"https:\\\/\\\/globalallianceregister.com\\\/tr\\\/\"},{\"@type\":\"ListItem\",\"position\":2,\"name\":\"Haz\u0131r Giyim Sanayiinde Yal\u0131n \u00dcretim\"}]},{\"@type\":\"WebSite\",\"@id\":\"https:\\\/\\\/globalallianceregister.com\\\/tr\\\/#website\",\"url\":\"https:\\\/\\\/globalallianceregister.com\\\/tr\\\/\",\"name\":\"Global Alliance Register\",\"description\":\"(EN) Together for Excellence\",\"potentialAction\":[{\"@type\":\"SearchAction\",\"target\":{\"@type\":\"EntryPoint\",\"urlTemplate\":\"https:\\\/\\\/globalallianceregister.com\\\/tr\\\/?s={search_term_string}\"},\"query-input\":{\"@type\":\"PropertyValueSpecification\",\"valueRequired\":true,\"valueName\":\"search_term_string\"}}],\"inLanguage\":\"tr\"}]}<\/script>\n<!-- \/ Yoast SEO plugin. -->","yoast_head_json":{"title":"Haz\u0131r Giyim Sanayiinde Yal\u0131n \u00dcretim - Global Alliance Register","robots":{"index":"index","follow":"follow","max-snippet":"max-snippet:-1","max-image-preview":"max-image-preview:large","max-video-preview":"max-video-preview:-1"},"canonical":"https:\/\/globalallianceregister.com\/tr\/services\/egitim\/turkce-yalin-uretim-egitim-programi\/turkce-hazir-giyim-sanayiinde-yalin-uretim\/","og_locale":"tr_TR","og_type":"article","og_title":"Haz\u0131r Giyim Sanayiinde Yal\u0131n \u00dcretim - Global Alliance Register","og_description":"E\u011fitimin S\u00fcresi E\u011fitimin s\u00fcresi 2 g\u00fcn (16 saat) olarak belirlenmi\u015ftir. &nbsp; E\u011fitimin konusu Yal\u0131n \u00fcretim sistemi K\u00fc\u00e7\u00fck partiler halinde \u00fcretim Tek par\u00e7a ak\u0131\u015f\u0131, haz\u0131r giyim uygulamas\u0131 Bant yerle\u015fimi, ergonomi Talep...","og_url":"https:\/\/globalallianceregister.com\/tr\/services\/egitim\/turkce-yalin-uretim-egitim-programi\/turkce-hazir-giyim-sanayiinde-yalin-uretim\/","og_site_name":"Global Alliance Register","article_modified_time":"2015-12-11T16:14:24+00:00","og_image":[{"width":614,"height":200,"url":"https:\/\/globalallianceregister.com\/wp-content\/uploads\/2015\/08\/Training-Inner-Page.jpg","type":"image\/jpeg"}],"twitter_misc":{"Tahmini okuma s\u00fcresi":"1 dakika"},"schema":{"@context":"https:\/\/schema.org","@graph":[{"@type":"WebPage","@id":"https:\/\/globalallianceregister.com\/tr\/services\/egitim\/turkce-yalin-uretim-egitim-programi\/turkce-hazir-giyim-sanayiinde-yalin-uretim\/","url":"https:\/\/globalallianceregister.com\/tr\/services\/egitim\/turkce-yalin-uretim-egitim-programi\/turkce-hazir-giyim-sanayiinde-yalin-uretim\/","name":"Haz\u0131r Giyim Sanayiinde Yal\u0131n \u00dcretim - Global Alliance Register","isPartOf":{"@id":"https:\/\/globalallianceregister.com\/tr\/#website"},"primaryImageOfPage":{"@id":"https:\/\/globalallianceregister.com\/tr\/services\/egitim\/turkce-yalin-uretim-egitim-programi\/turkce-hazir-giyim-sanayiinde-yalin-uretim\/#primaryimage"},"image":{"@id":"https:\/\/globalallianceregister.com\/tr\/services\/egitim\/turkce-yalin-uretim-egitim-programi\/turkce-hazir-giyim-sanayiinde-yalin-uretim\/#primaryimage"},"thumbnailUrl":"https:\/\/globalallianceregister.com\/wp-content\/uploads\/2015\/08\/Training-Inner-Page.jpg","datePublished":"2015-10-27T11:51:04+00:00","dateModified":"2015-12-11T16:14:24+00:00","breadcrumb":{"@id":"https:\/\/globalallianceregister.com\/tr\/services\/egitim\/turkce-yalin-uretim-egitim-programi\/turkce-hazir-giyim-sanayiinde-yalin-uretim\/#breadcrumb"},"inLanguage":"tr","potentialAction":[{"@type":"ReadAction","target":[["https:\/\/globalallianceregister.com\/tr\/services\/egitim\/turkce-yalin-uretim-egitim-programi\/turkce-hazir-giyim-sanayiinde-yalin-uretim\/"]]}]},{"@type":"ImageObject","inLanguage":"tr","@id":"https:\/\/globalallianceregister.com\/tr\/services\/egitim\/turkce-yalin-uretim-egitim-programi\/turkce-hazir-giyim-sanayiinde-yalin-uretim\/#primaryimage","url":"https:\/\/globalallianceregister.com\/wp-content\/uploads\/2015\/08\/Training-Inner-Page.jpg","contentUrl":"https:\/\/globalallianceregister.com\/wp-content\/uploads\/2015\/08\/Training-Inner-Page.jpg","width":614,"height":200},{"@type":"BreadcrumbList","@id":"https:\/\/globalallianceregister.com\/tr\/services\/egitim\/turkce-yalin-uretim-egitim-programi\/turkce-hazir-giyim-sanayiinde-yalin-uretim\/#breadcrumb","itemListElement":[{"@type":"ListItem","position":1,"name":"Anasayfa","item":"https:\/\/globalallianceregister.com\/tr\/"},{"@type":"ListItem","position":2,"name":"Haz\u0131r Giyim Sanayiinde Yal\u0131n \u00dcretim"}]},{"@type":"WebSite","@id":"https:\/\/globalallianceregister.com\/tr\/#website","url":"https:\/\/globalallianceregister.com\/tr\/","name":"Global Alliance Register","description":"(EN) Together for Excellence","potentialAction":[{"@type":"SearchAction","target":{"@type":"EntryPoint","urlTemplate":"https:\/\/globalallianceregister.com\/tr\/?s={search_term_string}"},"query-input":{"@type":"PropertyValueSpecification","valueRequired":true,"valueName":"search_term_string"}}],"inLanguage":"tr"}]}},"_links":{"self":[{"href":"https:\/\/globalallianceregister.com\/tr\/wp-json\/wp\/v2\/pages\/5416","targetHints":{"allow":["GET"]}}],"collection":[{"href":"https:\/\/globalallianceregister.com\/tr\/wp-json\/wp\/v2\/pages"}],"about":[{"href":"https:\/\/globalallianceregister.com\/tr\/wp-json\/wp\/v2\/types\/page"}],"author":[{"embeddable":true,"href":"https:\/\/globalallianceregister.com\/tr\/wp-json\/wp\/v2\/users\/10"}],"replies":[{"embeddable":true,"href":"https:\/\/globalallianceregister.com\/tr\/wp-json\/wp\/v2\/comments?post=5416"}],"version-history":[{"count":0,"href":"https:\/\/globalallianceregister.com\/tr\/wp-json\/wp\/v2\/pages\/5416\/revisions"}],"up":[{"embeddable":true,"href":"https:\/\/globalallianceregister.com\/tr\/wp-json\/wp\/v2\/pages\/2155"}],"wp:featuredmedia":[{"embeddable":true,"href":"https:\/\/globalallianceregister.com\/tr\/wp-json\/wp\/v2\/media\/5171"}],"wp:attachment":[{"href":"https:\/\/globalallianceregister.com\/tr\/wp-json\/wp\/v2\/media?parent=5416"}],"curies":[{"name":"wp","href":"https:\/\/api.w.org\/{rel}","templated":true}]}}