{"id":5419,"date":"2015-10-27T11:52:47","date_gmt":"2015-10-27T11:52:47","guid":{"rendered":"https:\/\/globalallianceregister.com\/?page_id=5419"},"modified":"2015-12-11T16:12:28","modified_gmt":"2015-12-11T16:12:28","slug":"turkce-hazir-giyim-sanayiinde-maliyet-cikarma-yontemleri","status":"publish","type":"page","link":"https:\/\/globalallianceregister.com\/tr\/services\/egitim\/turkce-yalin-uretim-egitim-programi\/turkce-hazir-giyim-sanayiinde-maliyet-cikarma-yontemleri\/","title":{"rendered":"Haz\u0131r Giyim Sanayiinde Maliyet \u00c7\u0131karma Y\u00f6ntemleri"},"content":{"rendered":"<p>S\u00fcre<\/p>\n<ul>\n<li>E\u011fitimin s\u00fcresi 3 saat\u00a0 teorik e\u011fitim olarak belirlenmi\u015ftir.<\/li>\n<\/ul>\n<p>&nbsp;<\/p>\n<p>E\u011fitimin Konusu<\/p>\n<ul>\n<li>\u00d6n maliyet haz\u0131rlama<\/li>\n<li>\u00dcretim kar \u2013 zarar maliyeti<\/li>\n<li>B\u00f6l\u00fcm ve \u00e7al\u0131\u015fan maliyeti<\/li>\n<li>Bilgisayarda \u00f6rnek maliyet \u00e7al\u0131\u015fmas\u0131 (Excel format ile \u00e7al\u0131\u015fma)<\/li>\n<\/ul>\n<p>&nbsp;<\/p>\n<p>E\u011fitimin Hedefi<\/p>\n<ul>\n<li>Haz\u0131r giyim sanayiinde ya\u015fanan de\u011fi\u015fmelere paralel olarak \u00fcretim adetleri azalmaya, kar oranlar\u0131 ise d\u00fc\u015fmeye ba\u015flad\u0131. \u0130\u015fletmelerin d\u00f6nemlik(ayl\u0131k, \u00fc\u00e7 ayl\u0131k, y\u0131ll\u0131k) kar-zarar hesaplar\u0131n\u0131, m\u00fc\u015fteri, sipari\u015f ve \u00fcr\u00fcn bazl\u0131 kar-zarar hesaplar\u0131n\u0131 yapmalar\u0131 gelecek d\u00f6nemler i\u00e7in kararlar\u0131 vermede etkili olmaktad\u0131r. Bu e\u011fitimin temel amac\u0131 i\u015fletmelerin sat\u0131\u015f \u00f6ncesi ve sat\u0131\u015f sonras\u0131 Maliyetlendirme \u00e7al\u0131\u015fmalar\u0131n\u0131n nas\u0131l yap\u0131laca\u011f\u0131 konusunda bilgi ve becerilerinin geli\u015ftirilmesidir.<\/li>\n<\/ul>\n<p>&nbsp;<\/p>\n<p>Kimler Kat\u0131labilir<\/p>\n<ul>\n<li>M\u00fc\u015fteri Temsilcileri, Maliyet Muhasebesi \u00c7al\u0131\u015fanlar\u0131, Orta ve \u00dcst Kademe Y\u00f6neticileri<\/li>\n<\/ul>\n<p><strong>\u00a0<\/strong><\/p>\n<p>Sertifika<\/p>\n<ul>\n<li>E\u011fitimi tamamlayan t\u00fcm kat\u0131l\u0131mc\u0131lara GLOBAL ALLIANCE ACADEMY taraf\u0131ndan \u201cHaz\u0131r Giyim Sanayiinde Maliyet \u00c7\u0131karma Y\u00f6ntemleri E\u011fitimi Kat\u0131l\u0131m Sertifikas\u0131\u201d verilecektir.<\/li>\n<\/ul>","protected":false},"excerpt":{"rendered":"<p>S\u00fcre E\u011fitimin s\u00fcresi 3 saat\u00a0 teorik e\u011fitim olarak belirlenmi\u015ftir. &nbsp; E\u011fitimin Konusu \u00d6n maliyet haz\u0131rlama \u00dcretim kar \u2013 zarar maliyeti B\u00f6l\u00fcm ve \u00e7al\u0131\u015fan maliyeti Bilgisayarda \u00f6rnek maliyet \u00e7al\u0131\u015fmas\u0131 (Excel format&#8230; <\/p>\n","protected":false},"author":10,"featured_media":5171,"parent":2155,"menu_order":0,"comment_status":"closed","ping_status":"closed","template":"page-full.php","meta":{"_acf_changed":false,"om_disable_all_campaigns":false,"footnotes":""},"class_list":["post-5419","page","type-page","status-publish","has-post-thumbnail","hentry"],"acf":[],"yoast_head":"<!-- This site is optimized with the Yoast SEO plugin v27.4 - https:\/\/yoast.com\/product\/yoast-seo-wordpress\/ -->\n<title>Haz\u0131r Giyim Sanayiinde Maliyet \u00c7\u0131karma Y\u00f6ntemleri - Global Alliance Register<\/title>\n<meta name=\"robots\" content=\"index, follow, max-snippet:-1, max-image-preview:large, max-video-preview:-1\" \/>\n<link rel=\"canonical\" href=\"https:\/\/globalallianceregister.com\/tr\/services\/egitim\/turkce-yalin-uretim-egitim-programi\/turkce-hazir-giyim-sanayiinde-maliyet-cikarma-yontemleri\/\" \/>\n<meta property=\"og:locale\" content=\"tr_TR\" \/>\n<meta property=\"og:type\" content=\"article\" \/>\n<meta property=\"og:title\" content=\"Haz\u0131r Giyim Sanayiinde Maliyet \u00c7\u0131karma Y\u00f6ntemleri - Global Alliance Register\" \/>\n<meta property=\"og:description\" content=\"S\u00fcre E\u011fitimin s\u00fcresi 3 saat\u00a0 teorik e\u011fitim olarak belirlenmi\u015ftir. &nbsp; E\u011fitimin Konusu \u00d6n maliyet haz\u0131rlama \u00dcretim kar \u2013 zarar maliyeti B\u00f6l\u00fcm ve \u00e7al\u0131\u015fan maliyeti Bilgisayarda \u00f6rnek maliyet \u00e7al\u0131\u015fmas\u0131 (Excel format...\" \/>\n<meta property=\"og:url\" content=\"https:\/\/globalallianceregister.com\/tr\/services\/egitim\/turkce-yalin-uretim-egitim-programi\/turkce-hazir-giyim-sanayiinde-maliyet-cikarma-yontemleri\/\" \/>\n<meta property=\"og:site_name\" content=\"Global Alliance Register\" \/>\n<meta property=\"article:modified_time\" content=\"2015-12-11T16:12:28+00:00\" \/>\n<meta property=\"og:image\" content=\"https:\/\/globalallianceregister.com\/wp-content\/uploads\/2015\/08\/Training-Inner-Page.jpg\" \/>\n\t<meta property=\"og:image:width\" content=\"614\" \/>\n\t<meta property=\"og:image:height\" content=\"200\" \/>\n\t<meta property=\"og:image:type\" content=\"image\/jpeg\" \/>\n<meta name=\"twitter:label1\" content=\"Tahmini okuma s\u00fcresi\" \/>\n\t<meta name=\"twitter:data1\" content=\"1 dakika\" \/>\n<script type=\"application\/ld+json\" class=\"yoast-schema-graph\">{\"@context\":\"https:\\\/\\\/schema.org\",\"@graph\":[{\"@type\":\"WebPage\",\"@id\":\"https:\\\/\\\/globalallianceregister.com\\\/tr\\\/services\\\/egitim\\\/turkce-yalin-uretim-egitim-programi\\\/turkce-hazir-giyim-sanayiinde-maliyet-cikarma-yontemleri\\\/\",\"url\":\"https:\\\/\\\/globalallianceregister.com\\\/tr\\\/services\\\/egitim\\\/turkce-yalin-uretim-egitim-programi\\\/turkce-hazir-giyim-sanayiinde-maliyet-cikarma-yontemleri\\\/\",\"name\":\"Haz\u0131r Giyim Sanayiinde Maliyet \u00c7\u0131karma Y\u00f6ntemleri - Global Alliance Register\",\"isPartOf\":{\"@id\":\"https:\\\/\\\/globalallianceregister.com\\\/tr\\\/#website\"},\"primaryImageOfPage\":{\"@id\":\"https:\\\/\\\/globalallianceregister.com\\\/tr\\\/services\\\/egitim\\\/turkce-yalin-uretim-egitim-programi\\\/turkce-hazir-giyim-sanayiinde-maliyet-cikarma-yontemleri\\\/#primaryimage\"},\"image\":{\"@id\":\"https:\\\/\\\/globalallianceregister.com\\\/services\\\/egitim\\\/turkce-yalin-uretim-egitim-programi\\\/turkce-hazir-giyim-sanayiinde-maliyet-cikarma-yontemleri\\\/#primaryimage\"},\"thumbnailUrl\":\"https:\\\/\\\/globalallianceregister.com\\\/wp-content\\\/uploads\\\/2015\\\/08\\\/Training-Inner-Page.jpg\",\"datePublished\":\"2015-10-27T11:52:47+00:00\",\"dateModified\":\"2015-12-11T16:12:28+00:00\",\"breadcrumb\":{\"@id\":\"https:\\\/\\\/globalallianceregister.com\\\/tr\\\/services\\\/egitim\\\/turkce-yalin-uretim-egitim-programi\\\/turkce-hazir-giyim-sanayiinde-maliyet-cikarma-yontemleri\\\/#breadcrumb\"},\"inLanguage\":\"tr\",\"potentialAction\":[{\"@type\":\"ReadAction\",\"target\":[[\"https:\\\/\\\/globalallianceregister.com\\\/tr\\\/services\\\/egitim\\\/turkce-yalin-uretim-egitim-programi\\\/turkce-hazir-giyim-sanayiinde-maliyet-cikarma-yontemleri\\\/\"]]}]},{\"@type\":\"ImageObject\",\"inLanguage\":\"tr\",\"@id\":\"https:\\\/\\\/globalallianceregister.com\\\/tr\\\/services\\\/egitim\\\/turkce-yalin-uretim-egitim-programi\\\/turkce-hazir-giyim-sanayiinde-maliyet-cikarma-yontemleri\\\/#primaryimage\",\"url\":\"https:\\\/\\\/globalallianceregister.com\\\/wp-content\\\/uploads\\\/2015\\\/08\\\/Training-Inner-Page.jpg\",\"contentUrl\":\"https:\\\/\\\/globalallianceregister.com\\\/wp-content\\\/uploads\\\/2015\\\/08\\\/Training-Inner-Page.jpg\",\"width\":614,\"height\":200},{\"@type\":\"BreadcrumbList\",\"@id\":\"https:\\\/\\\/globalallianceregister.com\\\/tr\\\/services\\\/egitim\\\/turkce-yalin-uretim-egitim-programi\\\/turkce-hazir-giyim-sanayiinde-maliyet-cikarma-yontemleri\\\/#breadcrumb\",\"itemListElement\":[{\"@type\":\"ListItem\",\"position\":1,\"name\":\"Anasayfa\",\"item\":\"https:\\\/\\\/globalallianceregister.com\\\/tr\\\/\"},{\"@type\":\"ListItem\",\"position\":2,\"name\":\"Hizmetler\",\"item\":\"https:\\\/\\\/globalallianceregister.com\\\/tr\\\/services\\\/\"},{\"@type\":\"ListItem\",\"position\":3,\"name\":\"E\u011fitim\",\"item\":\"https:\\\/\\\/globalallianceregister.com\\\/tr\\\/services\\\/egitim\\\/\"},{\"@type\":\"ListItem\",\"position\":4,\"name\":\"Lean Manufacturing Technics Training Program\",\"item\":\"https:\\\/\\\/globalallianceregister.com\\\/tr\\\/services\\\/egitim\\\/turkce-yalin-uretim-egitim-programi\\\/\"},{\"@type\":\"ListItem\",\"position\":5,\"name\":\"(TR) Haz\u0131r Giyim Sanayiinde Maliyet \u00c7\u0131karma Y\u00f6ntemleri\"}]},{\"@type\":\"WebSite\",\"@id\":\"https:\\\/\\\/globalallianceregister.com\\\/tr\\\/#website\",\"url\":\"https:\\\/\\\/globalallianceregister.com\\\/tr\\\/\",\"name\":\"Global Alliance Register\",\"description\":\"(EN) Together for Excellence\",\"potentialAction\":[{\"@type\":\"SearchAction\",\"target\":{\"@type\":\"EntryPoint\",\"urlTemplate\":\"https:\\\/\\\/globalallianceregister.com\\\/tr\\\/?s={search_term_string}\"},\"query-input\":{\"@type\":\"PropertyValueSpecification\",\"valueRequired\":true,\"valueName\":\"search_term_string\"}}],\"inLanguage\":\"tr\"}]}<\/script>\n<!-- \/ Yoast SEO plugin. -->","yoast_head_json":{"title":"Haz\u0131r Giyim Sanayiinde Maliyet \u00c7\u0131karma Y\u00f6ntemleri - Global Alliance Register","robots":{"index":"index","follow":"follow","max-snippet":"max-snippet:-1","max-image-preview":"max-image-preview:large","max-video-preview":"max-video-preview:-1"},"canonical":"https:\/\/globalallianceregister.com\/tr\/services\/egitim\/turkce-yalin-uretim-egitim-programi\/turkce-hazir-giyim-sanayiinde-maliyet-cikarma-yontemleri\/","og_locale":"tr_TR","og_type":"article","og_title":"Haz\u0131r Giyim Sanayiinde Maliyet \u00c7\u0131karma Y\u00f6ntemleri - Global Alliance Register","og_description":"S\u00fcre E\u011fitimin s\u00fcresi 3 saat\u00a0 teorik e\u011fitim olarak belirlenmi\u015ftir. &nbsp; E\u011fitimin Konusu \u00d6n maliyet haz\u0131rlama \u00dcretim kar \u2013 zarar maliyeti B\u00f6l\u00fcm ve \u00e7al\u0131\u015fan maliyeti Bilgisayarda \u00f6rnek maliyet \u00e7al\u0131\u015fmas\u0131 (Excel format...","og_url":"https:\/\/globalallianceregister.com\/tr\/services\/egitim\/turkce-yalin-uretim-egitim-programi\/turkce-hazir-giyim-sanayiinde-maliyet-cikarma-yontemleri\/","og_site_name":"Global Alliance Register","article_modified_time":"2015-12-11T16:12:28+00:00","og_image":[{"width":614,"height":200,"url":"https:\/\/globalallianceregister.com\/wp-content\/uploads\/2015\/08\/Training-Inner-Page.jpg","type":"image\/jpeg"}],"twitter_misc":{"Tahmini okuma s\u00fcresi":"1 dakika"},"schema":{"@context":"https:\/\/schema.org","@graph":[{"@type":"WebPage","@id":"https:\/\/globalallianceregister.com\/tr\/services\/egitim\/turkce-yalin-uretim-egitim-programi\/turkce-hazir-giyim-sanayiinde-maliyet-cikarma-yontemleri\/","url":"https:\/\/globalallianceregister.com\/tr\/services\/egitim\/turkce-yalin-uretim-egitim-programi\/turkce-hazir-giyim-sanayiinde-maliyet-cikarma-yontemleri\/","name":"Haz\u0131r Giyim Sanayiinde Maliyet \u00c7\u0131karma Y\u00f6ntemleri - Global Alliance Register","isPartOf":{"@id":"https:\/\/globalallianceregister.com\/tr\/#website"},"primaryImageOfPage":{"@id":"https:\/\/globalallianceregister.com\/tr\/services\/egitim\/turkce-yalin-uretim-egitim-programi\/turkce-hazir-giyim-sanayiinde-maliyet-cikarma-yontemleri\/#primaryimage"},"image":{"@id":"https:\/\/globalallianceregister.com\/services\/egitim\/turkce-yalin-uretim-egitim-programi\/turkce-hazir-giyim-sanayiinde-maliyet-cikarma-yontemleri\/#primaryimage"},"thumbnailUrl":"https:\/\/globalallianceregister.com\/wp-content\/uploads\/2015\/08\/Training-Inner-Page.jpg","datePublished":"2015-10-27T11:52:47+00:00","dateModified":"2015-12-11T16:12:28+00:00","breadcrumb":{"@id":"https:\/\/globalallianceregister.com\/tr\/services\/egitim\/turkce-yalin-uretim-egitim-programi\/turkce-hazir-giyim-sanayiinde-maliyet-cikarma-yontemleri\/#breadcrumb"},"inLanguage":"tr","potentialAction":[{"@type":"ReadAction","target":[["https:\/\/globalallianceregister.com\/tr\/services\/egitim\/turkce-yalin-uretim-egitim-programi\/turkce-hazir-giyim-sanayiinde-maliyet-cikarma-yontemleri\/"]]}]},{"@type":"ImageObject","inLanguage":"tr","@id":"https:\/\/globalallianceregister.com\/tr\/services\/egitim\/turkce-yalin-uretim-egitim-programi\/turkce-hazir-giyim-sanayiinde-maliyet-cikarma-yontemleri\/#primaryimage","url":"https:\/\/globalallianceregister.com\/wp-content\/uploads\/2015\/08\/Training-Inner-Page.jpg","contentUrl":"https:\/\/globalallianceregister.com\/wp-content\/uploads\/2015\/08\/Training-Inner-Page.jpg","width":614,"height":200},{"@type":"BreadcrumbList","@id":"https:\/\/globalallianceregister.com\/tr\/services\/egitim\/turkce-yalin-uretim-egitim-programi\/turkce-hazir-giyim-sanayiinde-maliyet-cikarma-yontemleri\/#breadcrumb","itemListElement":[{"@type":"ListItem","position":1,"name":"Anasayfa","item":"https:\/\/globalallianceregister.com\/tr\/"},{"@type":"ListItem","position":2,"name":"Hizmetler","item":"https:\/\/globalallianceregister.com\/tr\/services\/"},{"@type":"ListItem","position":3,"name":"E\u011fitim","item":"https:\/\/globalallianceregister.com\/tr\/services\/egitim\/"},{"@type":"ListItem","position":4,"name":"Lean Manufacturing Technics Training Program","item":"https:\/\/globalallianceregister.com\/tr\/services\/egitim\/turkce-yalin-uretim-egitim-programi\/"},{"@type":"ListItem","position":5,"name":"(TR) Haz\u0131r Giyim Sanayiinde Maliyet \u00c7\u0131karma Y\u00f6ntemleri"}]},{"@type":"WebSite","@id":"https:\/\/globalallianceregister.com\/tr\/#website","url":"https:\/\/globalallianceregister.com\/tr\/","name":"Global Alliance Register","description":"(EN) Together for Excellence","potentialAction":[{"@type":"SearchAction","target":{"@type":"EntryPoint","urlTemplate":"https:\/\/globalallianceregister.com\/tr\/?s={search_term_string}"},"query-input":{"@type":"PropertyValueSpecification","valueRequired":true,"valueName":"search_term_string"}}],"inLanguage":"tr"}]}},"_links":{"self":[{"href":"https:\/\/globalallianceregister.com\/tr\/wp-json\/wp\/v2\/pages\/5419","targetHints":{"allow":["GET"]}}],"collection":[{"href":"https:\/\/globalallianceregister.com\/tr\/wp-json\/wp\/v2\/pages"}],"about":[{"href":"https:\/\/globalallianceregister.com\/tr\/wp-json\/wp\/v2\/types\/page"}],"author":[{"embeddable":true,"href":"https:\/\/globalallianceregister.com\/tr\/wp-json\/wp\/v2\/users\/10"}],"replies":[{"embeddable":true,"href":"https:\/\/globalallianceregister.com\/tr\/wp-json\/wp\/v2\/comments?post=5419"}],"version-history":[{"count":0,"href":"https:\/\/globalallianceregister.com\/tr\/wp-json\/wp\/v2\/pages\/5419\/revisions"}],"up":[{"embeddable":true,"href":"https:\/\/globalallianceregister.com\/tr\/wp-json\/wp\/v2\/pages\/2155"}],"wp:featuredmedia":[{"embeddable":true,"href":"https:\/\/globalallianceregister.com\/tr\/wp-json\/wp\/v2\/media\/5171"}],"wp:attachment":[{"href":"https:\/\/globalallianceregister.com\/tr\/wp-json\/wp\/v2\/media?parent=5419"}],"curies":[{"name":"wp","href":"https:\/\/api.w.org\/{rel}","templated":true}]}}