{"id":5422,"date":"2015-10-27T11:54:48","date_gmt":"2015-10-27T11:54:48","guid":{"rendered":"https:\/\/globalallianceregister.com\/?page_id=5422"},"modified":"2015-12-11T16:13:44","modified_gmt":"2015-12-11T16:13:44","slug":"turkce-hazir-giyim-sanayiinde-problem-cozme-teknikleri","status":"publish","type":"page","link":"https:\/\/globalallianceregister.com\/tr\/services\/egitim\/turkce-yalin-uretim-egitim-programi\/turkce-hazir-giyim-sanayiinde-problem-cozme-teknikleri\/","title":{"rendered":"Haz\u0131r Giyim Sanayiinde Problem \u00c7\u00f6zme Teknikleri"},"content":{"rendered":"<p>S\u00fcre<\/p>\n<ul>\n<li>E\u011fitimin s\u00fcresi 1 g\u00fcn (8 saat)\u00a0 teorik e\u011fitim olarak belirlenmi\u015ftir.<\/li>\n<\/ul>\n<p>&nbsp;<\/p>\n<p>E\u011fitimin Konusu<\/p>\n<ul>\n<li>Beyin f\u0131rt\u0131nas\u0131i<\/li>\n<li>Ishigava diyagram\u0131 (Bal\u0131k k\u0131l\u00e7\u0131\u011f\u0131)<\/li>\n<li>Karar matrisi<\/li>\n<li>Veri toplama<\/li>\n<li>Grafikle ifade etme<\/li>\n<li>Gantt \u015femas\u0131<\/li>\n<li>Histogram, CPK, CMK, CM, gage R&amp;R analizi<\/li>\n<li>Pareto diyagram\u0131<\/li>\n<li>5N analizi<\/li>\n<li>\u0130statiktiksel proses control (\u0130PK, SPC)<\/li>\n<li>CEDAC Tekni\u011fi<\/li>\n<\/ul>\n<p>&nbsp;<\/p>\n<p>E\u011fitimin Hedefi<\/p>\n<ul>\n<li>Pop\u00fcler k\u00fclt\u00fcr, moda trendlerini belirleyen en \u00f6nemli etken olmu\u015ftur. T\u00fcketiciler art\u0131k filmler, m\u00fczikler, televizyon yay\u0131nlar\u0131 ya da di\u011fer medya \u00fcr\u00fcnlerinden daha \u00e7ok etkilenmektedirler. T\u00fcketici tercihlerindeki bu de\u011fi\u015fim kar\u015f\u0131m\u0131za \u201ch\u0131zl\u0131 moda\u201d kavram\u0131n\u0131 \u00e7\u0131karm\u0131\u015ft\u0131r. Art\u0131k son kullan\u0131c\u0131lar giyim ve tekstil \u00fcr\u00fcnlerinden daha y\u00fcksek kalite ve daha fazla g\u00f6rsel ve fonksiyonel performanslar talep etmektedir. T\u00fcketiciler her ge\u00e7en g\u00fcn moda \u00fcr\u00fcnlerinde daha fazla \u00e7e\u015fit ve alternatif aramaktad\u0131r. Bir ma\u011fazay\u0131 ziyaret eden t\u00fcketici, ayn\u0131 ma\u011fazay\u0131 ikinci kez ziyaret etti\u011finde ilk geli\u015finde g\u00f6rm\u00fc\u015f oldu\u011fu \u00fcr\u00fcnleri tekrar g\u00f6rmek istememekte, yeni \u00fcr\u00fcnlerin t\u00fcketimine sunulmu\u015f olmas\u0131n\u0131 beklemektedir.<\/li>\n<li>T\u00fcketicilerin bu taleplerinin kar\u015f\u0131lanmas\u0131 i\u00e7in \u00e7aba sarf eden haz\u0131r giyim firmalar\u0131 bir sorunla kar\u015f\u0131la\u015fmaktad\u0131rlar. Belki benzer sorunlar ile daha \u00f6ncede kar\u015f\u0131la\u015f\u0131l\u0131yordu, ancak g\u00fcn\u00fcm\u00fcz\u00fcn en b\u00fcy\u00fck \u00f6zelli\u011fi bu sorunlar\u0131n daha h\u0131zl\u0131 ve etkin bir \u015fekilde \u00e7\u00f6z\u00fclmesi gerekti\u011fidir. Ayr\u0131ca yap\u0131lan iyile\u015ftirmenin s\u00fcrd\u00fcr\u00fclebilir olmas\u0131 da di\u011fer \u00f6nemli bir beklentidir.<\/li>\n<li>Bu e\u011fitim \u00e7al\u0131\u015fmas\u0131nda ortaya \u00e7\u0131kan sorunlar\u0131n nas\u0131l \u00e7\u00f6z\u00fclmesi gerekti\u011fi konusunda kullan\u0131labilecek baz\u0131 tekniklerin uygulamal\u0131 e\u011fitimi verilecektir.<\/li>\n<\/ul>\n<p>&nbsp;<\/p>\n<p>Kimler Kat\u0131labilir<\/p>\n<ul>\n<li>Orta Kademe Y\u00f6neticiler, \u00dcretim B\u00f6l\u00fcm\u00fc \u00c7al\u0131\u015fanlar\u0131 ve Y\u00f6neticileri, M\u00fchendisler<\/li>\n<\/ul>\n<p><strong>\u00a0<\/strong><\/p>\n<p>Sertifika<\/p>\n<ul>\n<li>E\u011fitimi tamamlayan t\u00fcm kat\u0131l\u0131mc\u0131lara GLOBAL ALLIANCE ACADEMY taraf\u0131ndan \u201cHaz\u0131r Giyim Sanayiinde Problem \u00c7\u00f6zme Teknikleri E\u011fitimi Kat\u0131l\u0131m Sertifikas\u0131\u201d verilecektir.<\/li>\n<\/ul>","protected":false},"excerpt":{"rendered":"<p>S\u00fcre E\u011fitimin s\u00fcresi 1 g\u00fcn (8 saat)\u00a0 teorik e\u011fitim olarak belirlenmi\u015ftir. &nbsp; E\u011fitimin Konusu Beyin f\u0131rt\u0131nas\u0131i Ishigava diyagram\u0131 (Bal\u0131k k\u0131l\u00e7\u0131\u011f\u0131) Karar matrisi Veri toplama Grafikle ifade etme Gantt \u015femas\u0131 Histogram,&#8230; <\/p>\n","protected":false},"author":10,"featured_media":5171,"parent":2155,"menu_order":0,"comment_status":"closed","ping_status":"closed","template":"page-full.php","meta":{"_acf_changed":false,"om_disable_all_campaigns":false,"footnotes":""},"class_list":["post-5422","page","type-page","status-publish","has-post-thumbnail","hentry"],"acf":[],"yoast_head":"<!-- This site is optimized with the Yoast SEO plugin v27.4 - https:\/\/yoast.com\/product\/yoast-seo-wordpress\/ -->\n<title>Haz\u0131r Giyim Sanayiinde Problem \u00c7\u00f6zme Teknikleri - Global Alliance Register<\/title>\n<meta name=\"robots\" content=\"index, follow, max-snippet:-1, max-image-preview:large, max-video-preview:-1\" \/>\n<link rel=\"canonical\" href=\"https:\/\/globalallianceregister.com\/tr\/services\/egitim\/turkce-yalin-uretim-egitim-programi\/turkce-hazir-giyim-sanayiinde-problem-cozme-teknikleri\/\" \/>\n<meta property=\"og:locale\" content=\"tr_TR\" \/>\n<meta property=\"og:type\" content=\"article\" \/>\n<meta property=\"og:title\" content=\"Haz\u0131r Giyim Sanayiinde Problem \u00c7\u00f6zme Teknikleri - Global Alliance Register\" \/>\n<meta property=\"og:description\" content=\"S\u00fcre E\u011fitimin s\u00fcresi 1 g\u00fcn (8 saat)\u00a0 teorik e\u011fitim olarak belirlenmi\u015ftir. &nbsp; E\u011fitimin Konusu Beyin f\u0131rt\u0131nas\u0131i Ishigava diyagram\u0131 (Bal\u0131k k\u0131l\u00e7\u0131\u011f\u0131) Karar matrisi Veri toplama Grafikle ifade etme Gantt \u015femas\u0131 Histogram,...\" \/>\n<meta property=\"og:url\" content=\"https:\/\/globalallianceregister.com\/tr\/services\/egitim\/turkce-yalin-uretim-egitim-programi\/turkce-hazir-giyim-sanayiinde-problem-cozme-teknikleri\/\" \/>\n<meta property=\"og:site_name\" content=\"Global Alliance Register\" \/>\n<meta property=\"article:modified_time\" content=\"2015-12-11T16:13:44+00:00\" \/>\n<meta property=\"og:image\" content=\"https:\/\/globalallianceregister.com\/wp-content\/uploads\/2015\/08\/Training-Inner-Page.jpg\" \/>\n\t<meta property=\"og:image:width\" content=\"614\" \/>\n\t<meta property=\"og:image:height\" content=\"200\" \/>\n\t<meta property=\"og:image:type\" content=\"image\/jpeg\" \/>\n<meta name=\"twitter:label1\" content=\"Tahmini okuma s\u00fcresi\" \/>\n\t<meta name=\"twitter:data1\" content=\"2 dakika\" \/>\n<script type=\"application\/ld+json\" class=\"yoast-schema-graph\">{\"@context\":\"https:\\\/\\\/schema.org\",\"@graph\":[{\"@type\":\"WebPage\",\"@id\":\"https:\\\/\\\/globalallianceregister.com\\\/tr\\\/services\\\/egitim\\\/turkce-yalin-uretim-egitim-programi\\\/turkce-hazir-giyim-sanayiinde-problem-cozme-teknikleri\\\/\",\"url\":\"https:\\\/\\\/globalallianceregister.com\\\/tr\\\/services\\\/egitim\\\/turkce-yalin-uretim-egitim-programi\\\/turkce-hazir-giyim-sanayiinde-problem-cozme-teknikleri\\\/\",\"name\":\"Haz\u0131r Giyim Sanayiinde Problem \u00c7\u00f6zme Teknikleri - Global Alliance Register\",\"isPartOf\":{\"@id\":\"https:\\\/\\\/globalallianceregister.com\\\/tr\\\/#website\"},\"primaryImageOfPage\":{\"@id\":\"https:\\\/\\\/globalallianceregister.com\\\/tr\\\/services\\\/egitim\\\/turkce-yalin-uretim-egitim-programi\\\/turkce-hazir-giyim-sanayiinde-problem-cozme-teknikleri\\\/#primaryimage\"},\"image\":{\"@id\":\"https:\\\/\\\/globalallianceregister.com\\\/tr\\\/services\\\/egitim\\\/turkce-yalin-uretim-egitim-programi\\\/turkce-hazir-giyim-sanayiinde-problem-cozme-teknikleri\\\/#primaryimage\"},\"thumbnailUrl\":\"https:\\\/\\\/globalallianceregister.com\\\/wp-content\\\/uploads\\\/2015\\\/08\\\/Training-Inner-Page.jpg\",\"datePublished\":\"2015-10-27T11:54:48+00:00\",\"dateModified\":\"2015-12-11T16:13:44+00:00\",\"breadcrumb\":{\"@id\":\"https:\\\/\\\/globalallianceregister.com\\\/tr\\\/services\\\/egitim\\\/turkce-yalin-uretim-egitim-programi\\\/turkce-hazir-giyim-sanayiinde-problem-cozme-teknikleri\\\/#breadcrumb\"},\"inLanguage\":\"tr\",\"potentialAction\":[{\"@type\":\"ReadAction\",\"target\":[[\"https:\\\/\\\/globalallianceregister.com\\\/tr\\\/services\\\/egitim\\\/turkce-yalin-uretim-egitim-programi\\\/turkce-hazir-giyim-sanayiinde-problem-cozme-teknikleri\\\/\"]]}]},{\"@type\":\"ImageObject\",\"inLanguage\":\"tr\",\"@id\":\"https:\\\/\\\/globalallianceregister.com\\\/tr\\\/services\\\/egitim\\\/turkce-yalin-uretim-egitim-programi\\\/turkce-hazir-giyim-sanayiinde-problem-cozme-teknikleri\\\/#primaryimage\",\"url\":\"https:\\\/\\\/globalallianceregister.com\\\/wp-content\\\/uploads\\\/2015\\\/08\\\/Training-Inner-Page.jpg\",\"contentUrl\":\"https:\\\/\\\/globalallianceregister.com\\\/wp-content\\\/uploads\\\/2015\\\/08\\\/Training-Inner-Page.jpg\",\"width\":614,\"height\":200},{\"@type\":\"BreadcrumbList\",\"@id\":\"https:\\\/\\\/globalallianceregister.com\\\/tr\\\/services\\\/egitim\\\/turkce-yalin-uretim-egitim-programi\\\/turkce-hazir-giyim-sanayiinde-problem-cozme-teknikleri\\\/#breadcrumb\",\"itemListElement\":[{\"@type\":\"ListItem\",\"position\":1,\"name\":\"Anasayfa\",\"item\":\"https:\\\/\\\/globalallianceregister.com\\\/tr\\\/\"},{\"@type\":\"ListItem\",\"position\":2,\"name\":\"Haz\u0131r Giyim Sanayiinde Problem \u00c7\u00f6zme Teknikleri\"}]},{\"@type\":\"WebSite\",\"@id\":\"https:\\\/\\\/globalallianceregister.com\\\/tr\\\/#website\",\"url\":\"https:\\\/\\\/globalallianceregister.com\\\/tr\\\/\",\"name\":\"Global Alliance Register\",\"description\":\"(EN) Together for Excellence\",\"potentialAction\":[{\"@type\":\"SearchAction\",\"target\":{\"@type\":\"EntryPoint\",\"urlTemplate\":\"https:\\\/\\\/globalallianceregister.com\\\/tr\\\/?s={search_term_string}\"},\"query-input\":{\"@type\":\"PropertyValueSpecification\",\"valueRequired\":true,\"valueName\":\"search_term_string\"}}],\"inLanguage\":\"tr\"}]}<\/script>\n<!-- \/ Yoast SEO plugin. -->","yoast_head_json":{"title":"Haz\u0131r Giyim Sanayiinde Problem \u00c7\u00f6zme Teknikleri - Global Alliance Register","robots":{"index":"index","follow":"follow","max-snippet":"max-snippet:-1","max-image-preview":"max-image-preview:large","max-video-preview":"max-video-preview:-1"},"canonical":"https:\/\/globalallianceregister.com\/tr\/services\/egitim\/turkce-yalin-uretim-egitim-programi\/turkce-hazir-giyim-sanayiinde-problem-cozme-teknikleri\/","og_locale":"tr_TR","og_type":"article","og_title":"Haz\u0131r Giyim Sanayiinde Problem \u00c7\u00f6zme Teknikleri - Global Alliance Register","og_description":"S\u00fcre E\u011fitimin s\u00fcresi 1 g\u00fcn (8 saat)\u00a0 teorik e\u011fitim olarak belirlenmi\u015ftir. &nbsp; E\u011fitimin Konusu Beyin f\u0131rt\u0131nas\u0131i Ishigava diyagram\u0131 (Bal\u0131k k\u0131l\u00e7\u0131\u011f\u0131) Karar matrisi Veri toplama Grafikle ifade etme Gantt \u015femas\u0131 Histogram,...","og_url":"https:\/\/globalallianceregister.com\/tr\/services\/egitim\/turkce-yalin-uretim-egitim-programi\/turkce-hazir-giyim-sanayiinde-problem-cozme-teknikleri\/","og_site_name":"Global Alliance Register","article_modified_time":"2015-12-11T16:13:44+00:00","og_image":[{"width":614,"height":200,"url":"https:\/\/globalallianceregister.com\/wp-content\/uploads\/2015\/08\/Training-Inner-Page.jpg","type":"image\/jpeg"}],"twitter_misc":{"Tahmini okuma s\u00fcresi":"2 dakika"},"schema":{"@context":"https:\/\/schema.org","@graph":[{"@type":"WebPage","@id":"https:\/\/globalallianceregister.com\/tr\/services\/egitim\/turkce-yalin-uretim-egitim-programi\/turkce-hazir-giyim-sanayiinde-problem-cozme-teknikleri\/","url":"https:\/\/globalallianceregister.com\/tr\/services\/egitim\/turkce-yalin-uretim-egitim-programi\/turkce-hazir-giyim-sanayiinde-problem-cozme-teknikleri\/","name":"Haz\u0131r Giyim Sanayiinde Problem \u00c7\u00f6zme Teknikleri - Global Alliance Register","isPartOf":{"@id":"https:\/\/globalallianceregister.com\/tr\/#website"},"primaryImageOfPage":{"@id":"https:\/\/globalallianceregister.com\/tr\/services\/egitim\/turkce-yalin-uretim-egitim-programi\/turkce-hazir-giyim-sanayiinde-problem-cozme-teknikleri\/#primaryimage"},"image":{"@id":"https:\/\/globalallianceregister.com\/tr\/services\/egitim\/turkce-yalin-uretim-egitim-programi\/turkce-hazir-giyim-sanayiinde-problem-cozme-teknikleri\/#primaryimage"},"thumbnailUrl":"https:\/\/globalallianceregister.com\/wp-content\/uploads\/2015\/08\/Training-Inner-Page.jpg","datePublished":"2015-10-27T11:54:48+00:00","dateModified":"2015-12-11T16:13:44+00:00","breadcrumb":{"@id":"https:\/\/globalallianceregister.com\/tr\/services\/egitim\/turkce-yalin-uretim-egitim-programi\/turkce-hazir-giyim-sanayiinde-problem-cozme-teknikleri\/#breadcrumb"},"inLanguage":"tr","potentialAction":[{"@type":"ReadAction","target":[["https:\/\/globalallianceregister.com\/tr\/services\/egitim\/turkce-yalin-uretim-egitim-programi\/turkce-hazir-giyim-sanayiinde-problem-cozme-teknikleri\/"]]}]},{"@type":"ImageObject","inLanguage":"tr","@id":"https:\/\/globalallianceregister.com\/tr\/services\/egitim\/turkce-yalin-uretim-egitim-programi\/turkce-hazir-giyim-sanayiinde-problem-cozme-teknikleri\/#primaryimage","url":"https:\/\/globalallianceregister.com\/wp-content\/uploads\/2015\/08\/Training-Inner-Page.jpg","contentUrl":"https:\/\/globalallianceregister.com\/wp-content\/uploads\/2015\/08\/Training-Inner-Page.jpg","width":614,"height":200},{"@type":"BreadcrumbList","@id":"https:\/\/globalallianceregister.com\/tr\/services\/egitim\/turkce-yalin-uretim-egitim-programi\/turkce-hazir-giyim-sanayiinde-problem-cozme-teknikleri\/#breadcrumb","itemListElement":[{"@type":"ListItem","position":1,"name":"Anasayfa","item":"https:\/\/globalallianceregister.com\/tr\/"},{"@type":"ListItem","position":2,"name":"Haz\u0131r Giyim Sanayiinde Problem \u00c7\u00f6zme Teknikleri"}]},{"@type":"WebSite","@id":"https:\/\/globalallianceregister.com\/tr\/#website","url":"https:\/\/globalallianceregister.com\/tr\/","name":"Global Alliance Register","description":"(EN) Together for Excellence","potentialAction":[{"@type":"SearchAction","target":{"@type":"EntryPoint","urlTemplate":"https:\/\/globalallianceregister.com\/tr\/?s={search_term_string}"},"query-input":{"@type":"PropertyValueSpecification","valueRequired":true,"valueName":"search_term_string"}}],"inLanguage":"tr"}]}},"_links":{"self":[{"href":"https:\/\/globalallianceregister.com\/tr\/wp-json\/wp\/v2\/pages\/5422","targetHints":{"allow":["GET"]}}],"collection":[{"href":"https:\/\/globalallianceregister.com\/tr\/wp-json\/wp\/v2\/pages"}],"about":[{"href":"https:\/\/globalallianceregister.com\/tr\/wp-json\/wp\/v2\/types\/page"}],"author":[{"embeddable":true,"href":"https:\/\/globalallianceregister.com\/tr\/wp-json\/wp\/v2\/users\/10"}],"replies":[{"embeddable":true,"href":"https:\/\/globalallianceregister.com\/tr\/wp-json\/wp\/v2\/comments?post=5422"}],"version-history":[{"count":0,"href":"https:\/\/globalallianceregister.com\/tr\/wp-json\/wp\/v2\/pages\/5422\/revisions"}],"up":[{"embeddable":true,"href":"https:\/\/globalallianceregister.com\/tr\/wp-json\/wp\/v2\/pages\/2155"}],"wp:featuredmedia":[{"embeddable":true,"href":"https:\/\/globalallianceregister.com\/tr\/wp-json\/wp\/v2\/media\/5171"}],"wp:attachment":[{"href":"https:\/\/globalallianceregister.com\/tr\/wp-json\/wp\/v2\/media?parent=5422"}],"curies":[{"name":"wp","href":"https:\/\/api.w.org\/{rel}","templated":true}]}}