{"id":56,"date":"2010-12-25T13:58:24","date_gmt":"2010-12-25T13:58:24","guid":{"rendered":"https:\/\/globalallianceregister.com\/?page_id=56"},"modified":"2016-02-11T10:20:37","modified_gmt":"2016-02-11T10:20:37","slug":"healthcare-medical","status":"publish","type":"page","link":"https:\/\/globalallianceregister.com\/tr\/sectors\/healthcare-medical\/","title":{"rendered":"Sa\u011fl\u0131k &#038; T\u0131p"},"content":{"rendered":"<p><strong>Sa\u011fl\u0131k Sekt\u00f6r\u00fc i\u00e7in yarat\u0131c\u0131 ve s\u00fcratli \u00e7\u00f6z\u00fcmler geli\u015ftiriyoruz\u2026.<\/strong><\/p>\n<p>Sa\u011fl\u0131k &amp; T\u0131p Sekt\u00f6r\u00fc olduk\u00e7a karma\u015f\u0131k bir i\u015f ortam\u0131nda daha duyarl\u0131 sorunlarla ba\u015fa \u00e7\u0131kmak zorundad\u0131r. Yat\u0131r\u0131m ve operasyon niteli\u011fine ba\u011fl\u0131 olarak sekt\u00f6r oyuncular\u0131 her \u00fclke i\u00e7in de\u011fi\u015fkenlik arz eden yerel reg\u00fclasyonlara uygun\u00a0 hareket ederek, kalite, s\u00fcre\u00e7 ve y\u00f6netim ile ilgili kompleks sorunlar\u0131 dikkate alarak karl\u0131 bir \u015fekilde operasyonlar\u0131na devam edebilmeli ve uluslararas\u0131 rekabet ko\u015fullar\u0131na ayak uydurabilmelidirler.<\/p>\n<p>Global Alliance Register Hizmet Portf\u00f6y\u00fc olduk\u00e7a geni\u015f bir alan\u0131 kapsamaktad\u0131r. Yeni yat\u0131r\u0131m projelerinde GAR Uzmanlar\u0131n\u0131n sahip oldu\u011fu derin end\u00fcstriyel tecr\u00fcbeyle sunulan; M\u00fchendislik &amp; Tasar\u0131m Deste\u011fi, Proje Y\u00f6netimi, Kalite- \u0130\u015f Sa\u011fl\u0131\u011f\u0131 &amp; G\u00fcvenli\u011fi- \u00c7evre\u00a0 Y\u00f6netimi &amp; S\u00fcpervize Hizmetleri, \u0130zleme (Monitoring) Hizmeti, M\u00fc\u015fteri Ad\u0131na Teknik Temsilcilik Hizmetleri, Tedarik Denetimi, Ge\u00e7ici &amp; Kesin Kabul Deste\u011fi, Tesis Belgelendirme Hizmetleri ile ana y\u00fckleniciden tesis sahibine yeni yat\u0131r\u0131m projelerinin i\u015fletmeye al\u0131nmas\u0131 i\u00e7in teslimine kadar olan t\u00fcm s\u00fcre\u00e7ler g\u00fcvence alt\u0131na al\u0131n\u0131r.<\/p>\n<p>\u0130\u015fletmeye al\u0131nan t\u00fcm Sa\u011fl\u0131k &amp; T\u0131p Merkezi Tesisleri i\u00e7in Global Alliance Register taraf\u0131ndan sunulan Entegre Varl\u0131k Y\u00f6netimi, Tesis teknik Y\u00f6netimi, Kurumsal &amp; Bireysel Geli\u015fim E\u011fitimleri, Kalite-\u0130\u015f Sa\u011fl\u0131\u011f\u0131 &amp; G\u00fcvenli\u011fi- \u00c7evre- Kurumsal Sosyal Sorumluluk Y\u00f6netimi Dan\u0131\u015fmanl\u0131k Hizmetleri, Denetim &amp; G\u00f6zetim Hizmetleri, M\u00fc\u015fteri Memnuniyeti S\u00f6rveyleri, D\u0131\u015f Kaynak Tedariki, ve di\u011fer vaka bazl\u0131 \u00e7\u00f6z\u00fcm modelleri ile yerel ve global m\u00fc\u015fterilerine g\u00fcven veriyor.<\/p>\n<p>Global Alliance Register, Sa\u011fl\u0131k &amp; T\u0131p Sekt\u00f6r\u00fc De\u011fer Zinciri i\u00e7in tek \u00e7at\u0131 alt\u0131nda ihtiya\u00e7 duyulabilecek de\u011fer kazand\u0131ran hizmetlerin sunuldu\u011fu bir stratejik \u00e7\u00f6z\u00fcm merkezidir.<\/p>\n<h1>\u00c7\u00f6z\u00fcmler<\/h1>\n<table>\n<tbody>\n<tr>\n<td style=\"width: 350px; border-color: #ffffff; text-align: left; vertical-align: middle; background-color: #f7f7f7;\" width=\"250\">\n<ul>\n<li><a href=\"https:\/\/globalallianceregister.com\/tr\/hizmetler\/asistans-hizmetleri\/\" target=\"_blank\">AS\u0130STANS<\/a><\/li>\n<\/ul>\n<\/td>\n<td style=\"width: 350px; border-color: #ffffff; text-align: left; vertical-align: middle; background-color: #f7f7f7;\" width=\"250\">\n<ul style=\"list-style-type: square;\">\n<li><a href=\"https:\/\/globalallianceregister.com\/tr\/hizmetler\/gozetim-ve-termin-kontrolu-hizmetleri\/\" target=\"_blank\">G\u00d6ZET\u0130M<\/a><\/li>\n<\/ul>\n<\/td>\n<td style=\"width: 350px; border-color: #ffffff; text-align: left; vertical-align: middle; background-color: #f7f7f7;\" width=\"251\">\n<ul style=\"list-style-type: square;\">\n<li><a href=\"https:\/\/globalallianceregister.com\/tr\/hizmetler\/danismanlik\/\" target=\"_blank\">DANI\u015eMANLIK<\/a><\/li>\n<\/ul>\n<\/td>\n<\/tr>\n<tr>\n<td style=\"width: 350px; border-color: #ffffff; text-align: left; vertical-align: middle; background-color: #f7f7f7;\" width=\"250\">\n<ul style=\"list-style-type: square;\">\n<li><a href=\"https:\/\/globalallianceregister.com\/tr\/hizmetler\/certification\/\" target=\"_blank\">BELGELEND\u0130RME<\/a><\/li>\n<\/ul>\n<\/td>\n<td style=\"width: 350px; border-color: #ffffff; text-align: left; vertical-align: middle; background-color: #f7f7f7;\" width=\"250\">\n<ul style=\"list-style-type: square;\">\n<li><a href=\"https:\/\/globalallianceregister.com\/tr\/hizmetler\/egitim\/\" target=\"_blank\">E\u011e\u0130T\u0130M<\/a><\/li>\n<\/ul>\n<\/td>\n<td style=\"width: 350px; border-color: #ffffff; text-align: left; vertical-align: middle; background-color: #f7f7f7;\" width=\"251\">\n<ul style=\"list-style-type: square;\">\n<li><a href=\"https:\/\/globalallianceregister.com\/hizmetler\/insaat-proje-yonetimi-musavirlik-hizmetleri\/\" target=\"_blank\">\u0130N\u015eAAT PROJE Y\u00d6NET\u0130M\u0130<\/a><\/li>\n<\/ul>\n<\/td>\n<\/tr>\n<tr>\n<td style=\"width: 350px; border-color: #ffffff; text-align: left; vertical-align: middle; background-color: #f7f7f7;\" width=\"250\">\n<ul style=\"list-style-type: square;\">\n<li><a href=\"https:\/\/globalallianceregister.com\/tr\/hizmetler\/dis-kaynak-tedariki\/\" target=\"_blank\">DI\u015e KAYNAK TEDAR\u0130K\u0130<\/a><\/li>\n<\/ul>\n<\/td>\n<td style=\"width: 350px; border-color: #ffffff; text-align: left; vertical-align: middle; background-color: #f7f7f7;\" width=\"250\">\n<ul style=\"list-style-type: square;\">\n<li><a href=\"https:\/\/globalallianceregister.com\/hizmetler\/karbon-ve-enerji-yonetimi\/\" target=\"_blank\">KARBON VE ENERJ\u0130 Y\u00d6NET\u0130M\u0130<\/a><\/li>\n<\/ul>\n<\/td>\n<td style=\"width: 350px; border-color: #ffffff; text-align: left; vertical-align: middle; background-color: #f7f7f7;\" width=\"251\">\n<ul style=\"list-style-type: square;\">\n<li><a href=\"https:\/\/globalallianceregister.com\/tr\/hizmetler\/kurumsal-sosyal-sorumluluk\/\" target=\"_blank\">KURUMSAL SOSYAL SORULMLULUK<\/a><\/li>\n<\/ul>\n<\/td>\n<\/tr>\n<\/tbody>\n<\/table>","protected":false},"excerpt":{"rendered":"<p>Sa\u011fl\u0131k Sekt\u00f6r\u00fc i\u00e7in yarat\u0131c\u0131 ve s\u00fcratli \u00e7\u00f6z\u00fcmler geli\u015ftiriyoruz\u2026. Sa\u011fl\u0131k &amp; T\u0131p Sekt\u00f6r\u00fc olduk\u00e7a karma\u015f\u0131k bir i\u015f ortam\u0131nda daha duyarl\u0131 sorunlarla ba\u015fa \u00e7\u0131kmak zorundad\u0131r. Yat\u0131r\u0131m ve operasyon niteli\u011fine ba\u011fl\u0131 olarak sekt\u00f6r&#8230; <\/p>\n","protected":false},"author":10,"featured_media":5163,"parent":4,"menu_order":14,"comment_status":"closed","ping_status":"closed","template":"page-full.php","meta":{"_acf_changed":false,"om_disable_all_campaigns":false,"footnotes":""},"class_list":["post-56","page","type-page","status-publish","has-post-thumbnail","hentry"],"acf":[],"yoast_head":"<!-- This site is optimized with the Yoast SEO plugin v27.4 - https:\/\/yoast.com\/product\/yoast-seo-wordpress\/ -->\n<title>Sa\u011fl\u0131k &amp; T\u0131p - Global Alliance Register<\/title>\n<meta name=\"robots\" content=\"index, follow, max-snippet:-1, max-image-preview:large, max-video-preview:-1\" \/>\n<link rel=\"canonical\" href=\"https:\/\/globalallianceregister.com\/tr\/sectors\/healthcare-medical\/\" \/>\n<meta property=\"og:locale\" content=\"tr_TR\" \/>\n<meta property=\"og:type\" content=\"article\" \/>\n<meta property=\"og:title\" content=\"Sa\u011fl\u0131k &amp; T\u0131p - Global Alliance Register\" \/>\n<meta property=\"og:description\" content=\"Sa\u011fl\u0131k Sekt\u00f6r\u00fc i\u00e7in yarat\u0131c\u0131 ve s\u00fcratli \u00e7\u00f6z\u00fcmler geli\u015ftiriyoruz\u2026. Sa\u011fl\u0131k &amp; T\u0131p Sekt\u00f6r\u00fc olduk\u00e7a karma\u015f\u0131k bir i\u015f ortam\u0131nda daha duyarl\u0131 sorunlarla ba\u015fa \u00e7\u0131kmak zorundad\u0131r. Yat\u0131r\u0131m ve operasyon niteli\u011fine ba\u011fl\u0131 olarak sekt\u00f6r...\" \/>\n<meta property=\"og:url\" content=\"https:\/\/globalallianceregister.com\/tr\/sectors\/healthcare-medical\/\" \/>\n<meta property=\"og:site_name\" content=\"Global Alliance Register\" \/>\n<meta property=\"article:modified_time\" content=\"2016-02-11T10:20:37+00:00\" \/>\n<meta property=\"og:image\" content=\"https:\/\/globalallianceregister.com\/wp-content\/uploads\/2010\/12\/Healthcare-Medical-Inner-Page.jpg\" \/>\n\t<meta property=\"og:image:width\" content=\"614\" \/>\n\t<meta property=\"og:image:height\" content=\"200\" \/>\n\t<meta property=\"og:image:type\" content=\"image\/jpeg\" \/>\n<meta name=\"twitter:label1\" content=\"Tahmini okuma s\u00fcresi\" \/>\n\t<meta name=\"twitter:data1\" content=\"3 dakika\" \/>\n<script type=\"application\/ld+json\" class=\"yoast-schema-graph\">{\"@context\":\"https:\\\/\\\/schema.org\",\"@graph\":[{\"@type\":\"WebPage\",\"@id\":\"https:\\\/\\\/globalallianceregister.com\\\/tr\\\/sectors\\\/healthcare-medical\\\/\",\"url\":\"https:\\\/\\\/globalallianceregister.com\\\/tr\\\/sectors\\\/healthcare-medical\\\/\",\"name\":\"Sa\u011fl\u0131k & T\u0131p - Global Alliance Register\",\"isPartOf\":{\"@id\":\"https:\\\/\\\/globalallianceregister.com\\\/tr\\\/#website\"},\"primaryImageOfPage\":{\"@id\":\"https:\\\/\\\/globalallianceregister.com\\\/tr\\\/sectors\\\/healthcare-medical\\\/#primaryimage\"},\"image\":{\"@id\":\"https:\\\/\\\/globalallianceregister.com\\\/tr\\\/sectors\\\/healthcare-medical\\\/#primaryimage\"},\"thumbnailUrl\":\"https:\\\/\\\/globalallianceregister.com\\\/wp-content\\\/uploads\\\/2010\\\/12\\\/Healthcare-Medical-Inner-Page.jpg\",\"datePublished\":\"2010-12-25T13:58:24+00:00\",\"dateModified\":\"2016-02-11T10:20:37+00:00\",\"breadcrumb\":{\"@id\":\"https:\\\/\\\/globalallianceregister.com\\\/tr\\\/sectors\\\/healthcare-medical\\\/#breadcrumb\"},\"inLanguage\":\"tr\",\"potentialAction\":[{\"@type\":\"ReadAction\",\"target\":[[\"https:\\\/\\\/globalallianceregister.com\\\/tr\\\/sectors\\\/healthcare-medical\\\/\"]]}]},{\"@type\":\"ImageObject\",\"inLanguage\":\"tr\",\"@id\":\"https:\\\/\\\/globalallianceregister.com\\\/tr\\\/sectors\\\/healthcare-medical\\\/#primaryimage\",\"url\":\"https:\\\/\\\/globalallianceregister.com\\\/wp-content\\\/uploads\\\/2010\\\/12\\\/Healthcare-Medical-Inner-Page.jpg\",\"contentUrl\":\"https:\\\/\\\/globalallianceregister.com\\\/wp-content\\\/uploads\\\/2010\\\/12\\\/Healthcare-Medical-Inner-Page.jpg\",\"width\":614,\"height\":200},{\"@type\":\"BreadcrumbList\",\"@id\":\"https:\\\/\\\/globalallianceregister.com\\\/tr\\\/sectors\\\/healthcare-medical\\\/#breadcrumb\",\"itemListElement\":[{\"@type\":\"ListItem\",\"position\":1,\"name\":\"Anasayfa\",\"item\":\"https:\\\/\\\/globalallianceregister.com\\\/tr\\\/\"},{\"@type\":\"ListItem\",\"position\":2,\"name\":\"Sa\u011fl\u0131k &#038; T\u0131p\"}]},{\"@type\":\"WebSite\",\"@id\":\"https:\\\/\\\/globalallianceregister.com\\\/tr\\\/#website\",\"url\":\"https:\\\/\\\/globalallianceregister.com\\\/tr\\\/\",\"name\":\"Global Alliance Register\",\"description\":\"(EN) Together for Excellence\",\"potentialAction\":[{\"@type\":\"SearchAction\",\"target\":{\"@type\":\"EntryPoint\",\"urlTemplate\":\"https:\\\/\\\/globalallianceregister.com\\\/tr\\\/?s={search_term_string}\"},\"query-input\":{\"@type\":\"PropertyValueSpecification\",\"valueRequired\":true,\"valueName\":\"search_term_string\"}}],\"inLanguage\":\"tr\"}]}<\/script>\n<!-- \/ Yoast SEO plugin. -->","yoast_head_json":{"title":"Sa\u011fl\u0131k & T\u0131p - Global Alliance Register","robots":{"index":"index","follow":"follow","max-snippet":"max-snippet:-1","max-image-preview":"max-image-preview:large","max-video-preview":"max-video-preview:-1"},"canonical":"https:\/\/globalallianceregister.com\/tr\/sectors\/healthcare-medical\/","og_locale":"tr_TR","og_type":"article","og_title":"Sa\u011fl\u0131k & T\u0131p - Global Alliance Register","og_description":"Sa\u011fl\u0131k Sekt\u00f6r\u00fc i\u00e7in yarat\u0131c\u0131 ve s\u00fcratli \u00e7\u00f6z\u00fcmler geli\u015ftiriyoruz\u2026. Sa\u011fl\u0131k &amp; T\u0131p Sekt\u00f6r\u00fc olduk\u00e7a karma\u015f\u0131k bir i\u015f ortam\u0131nda daha duyarl\u0131 sorunlarla ba\u015fa \u00e7\u0131kmak zorundad\u0131r. Yat\u0131r\u0131m ve operasyon niteli\u011fine ba\u011fl\u0131 olarak sekt\u00f6r...","og_url":"https:\/\/globalallianceregister.com\/tr\/sectors\/healthcare-medical\/","og_site_name":"Global Alliance Register","article_modified_time":"2016-02-11T10:20:37+00:00","og_image":[{"width":614,"height":200,"url":"https:\/\/globalallianceregister.com\/wp-content\/uploads\/2010\/12\/Healthcare-Medical-Inner-Page.jpg","type":"image\/jpeg"}],"twitter_misc":{"Tahmini okuma s\u00fcresi":"3 dakika"},"schema":{"@context":"https:\/\/schema.org","@graph":[{"@type":"WebPage","@id":"https:\/\/globalallianceregister.com\/tr\/sectors\/healthcare-medical\/","url":"https:\/\/globalallianceregister.com\/tr\/sectors\/healthcare-medical\/","name":"Sa\u011fl\u0131k & T\u0131p - Global Alliance Register","isPartOf":{"@id":"https:\/\/globalallianceregister.com\/tr\/#website"},"primaryImageOfPage":{"@id":"https:\/\/globalallianceregister.com\/tr\/sectors\/healthcare-medical\/#primaryimage"},"image":{"@id":"https:\/\/globalallianceregister.com\/tr\/sectors\/healthcare-medical\/#primaryimage"},"thumbnailUrl":"https:\/\/globalallianceregister.com\/wp-content\/uploads\/2010\/12\/Healthcare-Medical-Inner-Page.jpg","datePublished":"2010-12-25T13:58:24+00:00","dateModified":"2016-02-11T10:20:37+00:00","breadcrumb":{"@id":"https:\/\/globalallianceregister.com\/tr\/sectors\/healthcare-medical\/#breadcrumb"},"inLanguage":"tr","potentialAction":[{"@type":"ReadAction","target":[["https:\/\/globalallianceregister.com\/tr\/sectors\/healthcare-medical\/"]]}]},{"@type":"ImageObject","inLanguage":"tr","@id":"https:\/\/globalallianceregister.com\/tr\/sectors\/healthcare-medical\/#primaryimage","url":"https:\/\/globalallianceregister.com\/wp-content\/uploads\/2010\/12\/Healthcare-Medical-Inner-Page.jpg","contentUrl":"https:\/\/globalallianceregister.com\/wp-content\/uploads\/2010\/12\/Healthcare-Medical-Inner-Page.jpg","width":614,"height":200},{"@type":"BreadcrumbList","@id":"https:\/\/globalallianceregister.com\/tr\/sectors\/healthcare-medical\/#breadcrumb","itemListElement":[{"@type":"ListItem","position":1,"name":"Anasayfa","item":"https:\/\/globalallianceregister.com\/tr\/"},{"@type":"ListItem","position":2,"name":"Sa\u011fl\u0131k &#038; T\u0131p"}]},{"@type":"WebSite","@id":"https:\/\/globalallianceregister.com\/tr\/#website","url":"https:\/\/globalallianceregister.com\/tr\/","name":"Global Alliance Register","description":"(EN) Together for Excellence","potentialAction":[{"@type":"SearchAction","target":{"@type":"EntryPoint","urlTemplate":"https:\/\/globalallianceregister.com\/tr\/?s={search_term_string}"},"query-input":{"@type":"PropertyValueSpecification","valueRequired":true,"valueName":"search_term_string"}}],"inLanguage":"tr"}]}},"_links":{"self":[{"href":"https:\/\/globalallianceregister.com\/tr\/wp-json\/wp\/v2\/pages\/56","targetHints":{"allow":["GET"]}}],"collection":[{"href":"https:\/\/globalallianceregister.com\/tr\/wp-json\/wp\/v2\/pages"}],"about":[{"href":"https:\/\/globalallianceregister.com\/tr\/wp-json\/wp\/v2\/types\/page"}],"author":[{"embeddable":true,"href":"https:\/\/globalallianceregister.com\/tr\/wp-json\/wp\/v2\/users\/10"}],"replies":[{"embeddable":true,"href":"https:\/\/globalallianceregister.com\/tr\/wp-json\/wp\/v2\/comments?post=56"}],"version-history":[{"count":0,"href":"https:\/\/globalallianceregister.com\/tr\/wp-json\/wp\/v2\/pages\/56\/revisions"}],"up":[{"embeddable":true,"href":"https:\/\/globalallianceregister.com\/tr\/wp-json\/wp\/v2\/pages\/4"}],"wp:featuredmedia":[{"embeddable":true,"href":"https:\/\/globalallianceregister.com\/tr\/wp-json\/wp\/v2\/media\/5163"}],"wp:attachment":[{"href":"https:\/\/globalallianceregister.com\/tr\/wp-json\/wp\/v2\/media?parent=56"}],"curies":[{"name":"wp","href":"https:\/\/api.w.org\/{rel}","templated":true}]}}