{"id":65,"date":"2010-12-25T14:04:19","date_gmt":"2010-12-25T14:04:19","guid":{"rendered":"https:\/\/globalallianceregister.com\/?page_id=65"},"modified":"2016-02-03T09:54:59","modified_gmt":"2016-02-03T09:54:59","slug":"technical-representative-services","status":"publish","type":"page","link":"https:\/\/globalallianceregister.com\/tr\/services\/assistance\/technical-representative-services\/","title":{"rendered":"Teknik Temsilcilik"},"content":{"rendered":"<p><strong>Global Alliance Register Teknik Temsilcilik Hizmetleri ile proje ve operasyonlar\u0131n\u0131zda kapsaml\u0131 \u00e7\u00f6z\u00fcmler ve ba\u015far\u0131ya ula\u015fan alternatif yollar sunmaktad\u0131r\u2026<\/strong><\/p>\n<p>Y\u00fcksek niteliklere sahip olan <strong>Global Alliance Register Teknik Temsilcileri<\/strong> CAPEX (Yat\u0131r\u0131m) ve OPEX (Operasyon) projelerinizi i\u00e7ine alan t\u00fcm s\u00fcre\u00e7lerde destek vermektedir. CAPEX Projeleri kapsam\u0131nda m\u00fc\u015fterilerimizin karma\u015f\u0131k proje s\u00fcre\u00e7leri i\u00e7erisinde teknik bilgi ve deneyim transferi ihtiyac\u0131 duymaktad\u0131r. \u00a0<\/p>\n<p>M\u00fc\u015fteri organizasyonu i\u00e7inde bu \u00f6zellikli alanlarda ihtiya\u00e7 duyulan uzmanl\u0131klar\u0131n mevcut olmamas\u0131 durumunda Global Alliance Register Teknik Temsilcileri t\u00fcm proje de\u011fer zinciri i\u00e7erisinde a\u015fa\u011f\u0131da belirtili olan alanlarda m\u00fc\u015fteri talebi \u00fczerine \u00e7\u00f6z\u00fcmler sunulmaktad\u0131r:<\/p>\n<ul>\n<li>T\u00fcm toplant\u0131larda M\u00fc\u015fteri ad\u0131na Teknik Temsilcilik rol\u00fcn\u00fc \u00fcstlenmek,<\/li>\n<li>Projeye ili\u015fkin t\u00fcm standart, norm, y\u00f6netmelik, mevzuat hakk\u0131nda m\u00fc\u015favirlik hizmetleri sunmak,<\/li>\n<li>\u0130lgili taraflardan teknik konulara ili\u015fkin gelebilecek olan \u015fikayetler ve talepler konusunda teknik m\u00fc\u015favirlik hizmeti sunmak,<\/li>\n<li>Proje esnas\u0131nda ve ilgili i\u015f s\u00fcre\u00e7lerinde kar\u0131\u015f\u0131labilecek olan sorunlar\u0131n giderilmesine y\u00f6nelik \u00f6nerilerde bulunmak,<\/li>\n<li>Profesyonel yakla\u015f\u0131m ve bilgi birikimiyle proje ve ilgili i\u015f s\u00fcre\u00e7lerinde kar\u015f\u0131la\u015f\u0131lan vakalar her ne olursa olsun M\u00fc\u015fteri\u2019nin pozisyonunu stabilize etmek,<\/li>\n<li>M\u00fc\u015fteri ilgili birimleri ile koordinasyon i\u00e7erisinde taleplerin sistematik bir \u015fekilde de\u011ferlendirilmesini sa\u011flayacak sistemin olu\u015fturulmas\u0131 veya mevcut sistemlerin g\u00f6zden ge\u00e7irilerek iyile\u015ftirilmesi,<\/li>\n<li>S\u00fcrekli anlamda M\u00fc\u015fteri kararlar\u0131n\u0131n etkinli\u011fini geli\u015ftirici ve proje hedefleri ile \u00f6rt\u00fc\u015fmesini sa\u011flay\u0131c\u0131 tedbirler almak,<\/li>\n<li>Projenin t\u00fcm a\u015famalar\u0131nda Teknik \u015eartname ve Kontrat Kalite Plan\u0131\u2019na uygunlu\u011fun g\u00fcvence alt\u0131na al\u0131nmas\u0131n\u0131 sa\u011flamak,<\/li>\n<li>M\u00fc\u015fteri\u2019nin ilgili kontrat kapsam\u0131nda taahh\u00fctlerini yerine getirdi\u011finden ve ilgili hizmetlerin\/ tedarikin sunuldu\u011fundan emin olmak,<\/li>\n<li>Her bir vaka i\u00e7in zaman\u0131nda takip yap\u0131larak ilgili taraflar\u0131n \u00e7\u00f6z\u00fcm i\u00e7in gerekli tedbirleri ald\u0131\u011f\u0131n\u0131 g\u00fcvence alt\u0131na almak,<\/li>\n<li>M\u00fc\u015fteriye proje-bazl\u0131 \u00f6zel y\u00fcksek nitelikli teknik destek sa\u011flamak,<\/li>\n<li>M\u00fc\u015fteri y\u00f6netiminin g\u00fcndeminden \u00e7\u00f6z\u00fcm arama s\u00fcrecini \u00e7\u0131kartarak ilgili konularda s\u00fcre\u00e7 y\u00f6netiminin sahipli\u011fini \u00fcstlenmek,<\/li>\n<li>S\u00fcre\u00e7lerin ilgili taraflara y\u00f6nlendirilmesini g\u00fcvence alt\u0131na almak,<\/li>\n<li>Proje taleplerinin zaman\u0131nda \u00e7\u00f6z\u00fcmlenmesini engelleyici fakt\u00f6rleri tespit etmek,<\/li>\n<li>\u00c7\u00f6z\u00fcm s\u00fcrecini k\u0131salt\u0131c\u0131 ara\u00e7 ve donan\u0131mlar\u0131n tespit edilmesi,<\/li>\n<li>\u00d6nem derecelerinin do\u011fru tespit edilerek \u00fczerinde durulmas\u0131 gereken hususlar hakk\u0131nda do\u011fru politikalar belirlemek ve y\u00f6netimi bilgilendirmek,<\/li>\n<li>\u0130lgili t\u00fcm taraflarla ba\u015far\u0131l\u0131 ili\u015fkiler kurmak,<\/li>\n<li>S\u00f6zle\u015fme safhas\u0131nda m\u00fc\u015fterilerimiz taraf\u0131ndan belirlenecek kapsamda hizmet sunmak,<\/li>\n<\/ul>\n<p>T\u00fcm sekt\u00f6rleri kapsayacak \u015fekilde; <strong>Global Alliance Register Teknik Temsilcileri<\/strong> yerel ve uluslararas\u0131 bilgi ve deneyimleri ile m\u00fc\u015fterilerimizin d\u00e2hil olabilece\u011fi t\u00fcm proje tiplerinde m\u00fc\u015fterilerini rahatlat\u0131c\u0131 \u00e7\u00f6z\u00fcmler sunma konusunda \u00fcst\u00fcn vas\u0131flara sahiptir ve bu \u00e7\u00f6z\u00fcmler aras\u0131nda \u00a0\u201cpazarl\u0131k, s\u00f6zle\u015fme ko\u015fullar\u0131, teknik \u015fartname, ihale haz\u0131rl\u0131\u011f\u0131 ve y\u00f6netimi, projenin uygulanmas\u0131, hasar y\u00f6netimi, proje ilerleme g\u00f6zetimi, teslim ko\u015fullar\u0131n\u0131n do\u011frulanmas\u0131 ve devir-teslim sorumluluklar\u0131n\u0131n tespiti\u201d \u00a0gibi bir\u00e7ok farkl\u0131 m\u00fc\u015favirlik hizmetleri sunulabilmektedir.\u00a0<\/p>\n<p><strong>Teknik Temsilcilik Hizmeti<\/strong> m\u00fc\u015fterilerimizin beklenmeyen gecikmelere ve di\u011fer olas\u0131 s\u00fcrprizlere mahal vermeden projelerinde ilerlemelerine imk\u00e2n vermektedir. <strong>Global Alliance Register Teknik Temsilcileri<\/strong> m\u00fc\u015fterilerimize T\u00fcrkiye\u2019de ve d\u00fcnyan\u0131n di\u011fer lokasyonlar\u0131nda; zaman\u0131nda, do\u011fru, tarafs\u0131z ve g\u00fcvenilir hizmet vermenin hakl\u0131 gurunun ta\u015f\u0131maktad\u0131r.<\/p>\n<p>Uzmanl\u0131\u011fa ve m\u00fc\u015fterilerimize duydu\u011fumuz derin sayg\u0131n\u0131n ancak onlar\u0131n ba\u015far\u0131lar\u0131nda bizim katk\u0131z oldu\u011funda anlam kazanaca\u011f\u0131na inanmaktay\u0131z. \u00a0Sonu\u00e7 odakl\u0131 i\u015f k\u00fclt\u00fcr\u00fcm\u00fczle; do\u011fal olarak her zaman m\u00fckemmellik, \u00e7eviklik ve h\u0131zl\u0131 hareket etme arzusu olan m\u00fc\u015fterilerimizin beklentilerini en do\u011fru \u015fekilde kar\u015f\u0131lamak temel hedefimizdir.<\/p>\n<p><strong>Teknik Temsilcilik Hizmetleri <\/strong>hakk\u0131nda daha fazla bilgi ve sorular\u0131n\u0131z i\u00e7in l\u00fctfen taraf\u0131m\u0131zla temas kurunuz&#8230;<\/p>\n<h1>\u00a0<\/h1>\n<p>&nbsp;<\/p>\n<h1>\u0130lgili Sekt\u00f6rler<\/h1>\n<table>\n<tbody>\n<tr>\n<td style=\"width: 350px; border-color: #ffffff; height: 30px; text-align: left; vertical-align: middle; background-color: #f7f7f7;\" width=\"250\">\n<ul style=\"list-style-type: square;\">\n<li><a title=\"Denizcilik Sekt\u00f6r\u00fc\" href=\"https:\/\/globalallianceregister.com\/?page_id=9&amp;lang=tr\" target=\"_blank\">DEN\u0130ZC\u0130L\u0130K<\/a><\/li>\n<\/ul>\n<\/td>\n<td style=\"width: 350px; border-color: #ffffff; height: 30px; text-align: left; vertical-align: middle; background-color: #f7f7f7;\" width=\"250\">\n<ul style=\"list-style-type: square;\">\n<li><a title=\"\u0130n\u015faat Sekt\u00f6r\u00fc\" href=\"https:\/\/globalallianceregister.com\/?page_id=11&amp;lang=tr\" target=\"_blank\">\u0130N\u015eAAT<\/a><\/li>\n<\/ul>\n<\/td>\n<td style=\"width: 350px; border-color: #ffffff; height: 30px; text-align: left; vertical-align: middle; background-color: #f7f7f7;\" width=\"251\">\n<ul style=\"list-style-type: square;\">\n<li><a title=\"Petrol &amp; Gaz Sekt\u00f6r\u00fc\" href=\"https:\/\/globalallianceregister.com\/?page_id=13&amp;lang=tr\" target=\"_blank\">PETROL &amp; GAZ<\/a><\/li>\n<\/ul>\n<\/td>\n<\/tr>\n<tr>\n<td style=\"width: 350px; border-color: #ffffff; height: 30px; text-align: left; vertical-align: middle; background-color: #f7f7f7;\" width=\"250\">\n<ul style=\"list-style-type: square;\">\n<li><a title=\"Enerji &amp; Tesisler\" href=\"https:\/\/globalallianceregister.com\/?page_id=15&amp;lang=tr\" target=\"_blank\">ENERJ\u0130 &amp; TES\u0130SLER<\/a><\/li>\n<\/ul>\n<\/td>\n<td style=\"width: 350px; border-color: #ffffff; height: 30px; text-align: left; vertical-align: middle; background-color: #f7f7f7;\" width=\"250\">\n<ul style=\"list-style-type: square;\">\n<li><a title=\"\u0130malat Sekt\u00f6r\u00fc\" href=\"https:\/\/globalallianceregister.com\/?page_id=20&amp;lang=tr\" target=\"_blank\">\u0130MALAT<\/a><\/li>\n<\/ul>\n<\/td>\n<td style=\"width: 350px; border-color: #ffffff; height: 30px; text-align: left; vertical-align: middle; background-color: #f7f7f7;\" width=\"251\">\n<ul style=\"list-style-type: square;\">\n<li><a title=\"Ula\u015ft\u0131rma &amp; Lojistik Sekt\u00f6r\u00fc\" href=\"https:\/\/globalallianceregister.com\/?page_id=22&amp;lang=tr\" target=\"_blank\">ULA\u015eTIRMA &amp; LOJ\u0130ST\u0130K<\/a><\/li>\n<\/ul>\n<\/td>\n<\/tr>\n<tr>\n<td style=\"width: 350px; border-color: #ffffff; height: 30px; text-align: left; vertical-align: middle; background-color: #f7f7f7;\" width=\"250\">\n<ul style=\"list-style-type: square;\">\n<li><a title=\"Uzay &amp; Havac\u0131l\u0131k Sekt\u00f6r\u00fc\" href=\"https:\/\/globalallianceregister.com\/?page_id=24&amp;lang=tr\" target=\"_blank\">UZAY &amp; HAVACILIK<\/a><\/li>\n<\/ul>\n<\/td>\n<td style=\"width: 350px; border-color: #ffffff; height: 30px; text-align: left; vertical-align: middle; background-color: #f7f7f7;\" width=\"250\">\n<ul style=\"list-style-type: square;\">\n<li><a title=\"Tar\u0131m &amp; G\u0131da Sekt\u00f6r\u00fc\" href=\"https:\/\/globalallianceregister.com\/?page_id=27&amp;lang=tr\" target=\"_blank\">TARIM &amp; GIDA<\/a><\/li>\n<\/ul>\n<\/td>\n<td style=\"width: 350px; border-color: #ffffff; height: 30px; text-align: left; vertical-align: middle; background-color: #f7f7f7;\" width=\"251\">\n<ul style=\"list-style-type: square;\">\n<li><a title=\"Turizm &amp; Otelcilik Sekt\u00f6r\u00fc\" href=\"https:\/\/globalallianceregister.com\/?page_id=29&amp;lang=tr\" target=\"_blank\">TUR\u0130ZM &amp; OTELC\u0130L\u0130K<\/a><\/li>\n<\/ul>\n<\/td>\n<\/tr>\n<tr>\n<td style=\"width: 350px; border-color: #ffffff; height: 30px; text-align: left; vertical-align: middle; background-color: #f7f7f7;\" width=\"250\">\n<ul style=\"list-style-type: square;\">\n<li><a title=\"Finans &amp; Bankac\u0131l\u0131k Sekt\u00f6r\u00fc\" href=\"https:\/\/globalallianceregister.com\/?page_id=38&amp;lang=tr\" target=\"_blank\">F\u0130NANS<\/a><\/li>\n<\/ul>\n<\/td>\n<td style=\"width: 350px; border-color: #ffffff; height: 30px; text-align: left; vertical-align: middle; background-color: #f7f7f7;\" width=\"250\">\n<ul style=\"list-style-type: square;\">\n<li><a title=\"Sigorta Sekt\u00f6r\u00fc\" href=\"https:\/\/globalallianceregister.com\/?page_id=40&amp;lang=tr\" target=\"_blank\">S\u0130GORTA<\/a><\/li>\n<\/ul>\n<\/td>\n<td style=\"width: 350px; border-color: #ffffff; height: 30px; text-align: left; vertical-align: middle; background-color: #f7f7f7;\" width=\"251\">\n<ul style=\"list-style-type: square;\">\n<li><a title=\"Bilgi Teknolojileri Sekt\u00f6r\u00fc\" href=\"https:\/\/globalallianceregister.com\/?page_id=52&amp;lang=tr\" target=\"_blank\">B\u0130LG\u0130 TEKNOLOJ\u0130LER\u0130<\/a><\/li>\n<\/ul>\n<\/td>\n<\/tr>\n<tr>\n<td style=\"width: 350px; border-color: #ffffff; height: 30px; text-align: left; vertical-align: middle; background-color: #f7f7f7;\" width=\"250\">\n<ul style=\"list-style-type: square;\">\n<li><a title=\"Telekom\u00fcnikasyon Sekt\u00f6r\u00fc\" href=\"https:\/\/globalallianceregister.com\/?page_id=54&amp;lang=tr\" target=\"_blank\">TELEKOM\u00dcN\u0130KASYON<\/a><\/li>\n<\/ul>\n<\/td>\n<td style=\"width: 350px; border-color: #ffffff; height: 30px; text-align: left; vertical-align: middle; background-color: #f7f7f7;\" width=\"250\">\n<ul style=\"list-style-type: square;\">\n<li><a title=\"Sa\u011fl\u0131k &amp; T\u0131p Sekt\u00f6r\u00fc\" href=\"https:\/\/globalallianceregister.com\/?page_id=56&amp;lang=tr\" target=\"_blank\">SA\u011eLIK &amp; TIP<\/a><\/li>\n<\/ul>\n<\/td>\n<td style=\"width: 350px; border-color: #ffffff; height: 30px; text-align: left; vertical-align: middle; background-color: #f7f7f7;\" width=\"251\">\u00a0<\/td>\n<\/tr>\n<\/tbody>\n<\/table>","protected":false},"excerpt":{"rendered":"<p>Global Alliance Register Teknik Temsilcilik Hizmetleri ile proje ve operasyonlar\u0131n\u0131zda kapsaml\u0131 \u00e7\u00f6z\u00fcmler ve ba\u015far\u0131ya ula\u015fan alternatif yollar sunmaktad\u0131r\u2026 Y\u00fcksek niteliklere sahip olan Global Alliance Register Teknik Temsilcileri CAPEX (Yat\u0131r\u0131m) ve&#8230; <\/p>\n","protected":false},"author":10,"featured_media":0,"parent":163,"menu_order":1,"comment_status":"closed","ping_status":"closed","template":"page-full.php","meta":{"_acf_changed":false,"om_disable_all_campaigns":false,"footnotes":""},"class_list":["post-65","page","type-page","status-publish","hentry"],"acf":[],"yoast_head":"<!-- This site is optimized with the Yoast SEO plugin v27.4 - https:\/\/yoast.com\/product\/yoast-seo-wordpress\/ -->\n<title>Teknik Temsilcilik - Global Alliance Register<\/title>\n<meta name=\"robots\" content=\"index, follow, max-snippet:-1, max-image-preview:large, max-video-preview:-1\" \/>\n<link rel=\"canonical\" href=\"https:\/\/globalallianceregister.com\/tr\/services\/assistance\/technical-representative-services\/\" \/>\n<meta property=\"og:locale\" content=\"tr_TR\" \/>\n<meta property=\"og:type\" content=\"article\" \/>\n<meta property=\"og:title\" content=\"Teknik Temsilcilik - Global Alliance Register\" \/>\n<meta property=\"og:description\" content=\"Global Alliance Register Teknik Temsilcilik Hizmetleri ile proje ve operasyonlar\u0131n\u0131zda kapsaml\u0131 \u00e7\u00f6z\u00fcmler ve ba\u015far\u0131ya ula\u015fan alternatif yollar sunmaktad\u0131r\u2026 Y\u00fcksek niteliklere sahip olan Global Alliance Register Teknik Temsilcileri CAPEX (Yat\u0131r\u0131m) ve...\" \/>\n<meta property=\"og:url\" content=\"https:\/\/globalallianceregister.com\/tr\/services\/assistance\/technical-representative-services\/\" \/>\n<meta property=\"og:site_name\" content=\"Global Alliance Register\" \/>\n<meta property=\"article:modified_time\" content=\"2016-02-03T09:54:59+00:00\" \/>\n<meta name=\"twitter:label1\" content=\"Tahmini okuma s\u00fcresi\" \/>\n\t<meta name=\"twitter:data1\" content=\"6 dakika\" \/>\n<script type=\"application\/ld+json\" class=\"yoast-schema-graph\">{\"@context\":\"https:\\\/\\\/schema.org\",\"@graph\":[{\"@type\":\"WebPage\",\"@id\":\"https:\\\/\\\/globalallianceregister.com\\\/tr\\\/services\\\/assistance\\\/technical-representative-services\\\/\",\"url\":\"https:\\\/\\\/globalallianceregister.com\\\/tr\\\/services\\\/assistance\\\/technical-representative-services\\\/\",\"name\":\"Teknik Temsilcilik - Global Alliance Register\",\"isPartOf\":{\"@id\":\"https:\\\/\\\/globalallianceregister.com\\\/tr\\\/#website\"},\"datePublished\":\"2010-12-25T14:04:19+00:00\",\"dateModified\":\"2016-02-03T09:54:59+00:00\",\"breadcrumb\":{\"@id\":\"https:\\\/\\\/globalallianceregister.com\\\/tr\\\/services\\\/assistance\\\/technical-representative-services\\\/#breadcrumb\"},\"inLanguage\":\"tr\",\"potentialAction\":[{\"@type\":\"ReadAction\",\"target\":[[\"https:\\\/\\\/globalallianceregister.com\\\/tr\\\/services\\\/assistance\\\/technical-representative-services\\\/\"]]}]},{\"@type\":\"BreadcrumbList\",\"@id\":\"https:\\\/\\\/globalallianceregister.com\\\/tr\\\/services\\\/assistance\\\/technical-representative-services\\\/#breadcrumb\",\"itemListElement\":[{\"@type\":\"ListItem\",\"position\":1,\"name\":\"Anasayfa\",\"item\":\"https:\\\/\\\/globalallianceregister.com\\\/tr\\\/\"},{\"@type\":\"ListItem\",\"position\":2,\"name\":\"Teknik Temsilcilik\"}]},{\"@type\":\"WebSite\",\"@id\":\"https:\\\/\\\/globalallianceregister.com\\\/tr\\\/#website\",\"url\":\"https:\\\/\\\/globalallianceregister.com\\\/tr\\\/\",\"name\":\"Global Alliance Register\",\"description\":\"(EN) Together for Excellence\",\"potentialAction\":[{\"@type\":\"SearchAction\",\"target\":{\"@type\":\"EntryPoint\",\"urlTemplate\":\"https:\\\/\\\/globalallianceregister.com\\\/tr\\\/?s={search_term_string}\"},\"query-input\":{\"@type\":\"PropertyValueSpecification\",\"valueRequired\":true,\"valueName\":\"search_term_string\"}}],\"inLanguage\":\"tr\"}]}<\/script>\n<!-- \/ Yoast SEO plugin. -->","yoast_head_json":{"title":"Teknik Temsilcilik - Global Alliance Register","robots":{"index":"index","follow":"follow","max-snippet":"max-snippet:-1","max-image-preview":"max-image-preview:large","max-video-preview":"max-video-preview:-1"},"canonical":"https:\/\/globalallianceregister.com\/tr\/services\/assistance\/technical-representative-services\/","og_locale":"tr_TR","og_type":"article","og_title":"Teknik Temsilcilik - Global Alliance Register","og_description":"Global Alliance Register Teknik Temsilcilik Hizmetleri ile proje ve operasyonlar\u0131n\u0131zda kapsaml\u0131 \u00e7\u00f6z\u00fcmler ve ba\u015far\u0131ya ula\u015fan alternatif yollar sunmaktad\u0131r\u2026 Y\u00fcksek niteliklere sahip olan Global Alliance Register Teknik Temsilcileri CAPEX (Yat\u0131r\u0131m) ve...","og_url":"https:\/\/globalallianceregister.com\/tr\/services\/assistance\/technical-representative-services\/","og_site_name":"Global Alliance Register","article_modified_time":"2016-02-03T09:54:59+00:00","twitter_misc":{"Tahmini okuma s\u00fcresi":"6 dakika"},"schema":{"@context":"https:\/\/schema.org","@graph":[{"@type":"WebPage","@id":"https:\/\/globalallianceregister.com\/tr\/services\/assistance\/technical-representative-services\/","url":"https:\/\/globalallianceregister.com\/tr\/services\/assistance\/technical-representative-services\/","name":"Teknik Temsilcilik - Global Alliance Register","isPartOf":{"@id":"https:\/\/globalallianceregister.com\/tr\/#website"},"datePublished":"2010-12-25T14:04:19+00:00","dateModified":"2016-02-03T09:54:59+00:00","breadcrumb":{"@id":"https:\/\/globalallianceregister.com\/tr\/services\/assistance\/technical-representative-services\/#breadcrumb"},"inLanguage":"tr","potentialAction":[{"@type":"ReadAction","target":[["https:\/\/globalallianceregister.com\/tr\/services\/assistance\/technical-representative-services\/"]]}]},{"@type":"BreadcrumbList","@id":"https:\/\/globalallianceregister.com\/tr\/services\/assistance\/technical-representative-services\/#breadcrumb","itemListElement":[{"@type":"ListItem","position":1,"name":"Anasayfa","item":"https:\/\/globalallianceregister.com\/tr\/"},{"@type":"ListItem","position":2,"name":"Teknik Temsilcilik"}]},{"@type":"WebSite","@id":"https:\/\/globalallianceregister.com\/tr\/#website","url":"https:\/\/globalallianceregister.com\/tr\/","name":"Global Alliance Register","description":"(EN) Together for Excellence","potentialAction":[{"@type":"SearchAction","target":{"@type":"EntryPoint","urlTemplate":"https:\/\/globalallianceregister.com\/tr\/?s={search_term_string}"},"query-input":{"@type":"PropertyValueSpecification","valueRequired":true,"valueName":"search_term_string"}}],"inLanguage":"tr"}]}},"_links":{"self":[{"href":"https:\/\/globalallianceregister.com\/tr\/wp-json\/wp\/v2\/pages\/65","targetHints":{"allow":["GET"]}}],"collection":[{"href":"https:\/\/globalallianceregister.com\/tr\/wp-json\/wp\/v2\/pages"}],"about":[{"href":"https:\/\/globalallianceregister.com\/tr\/wp-json\/wp\/v2\/types\/page"}],"author":[{"embeddable":true,"href":"https:\/\/globalallianceregister.com\/tr\/wp-json\/wp\/v2\/users\/10"}],"replies":[{"embeddable":true,"href":"https:\/\/globalallianceregister.com\/tr\/wp-json\/wp\/v2\/comments?post=65"}],"version-history":[{"count":0,"href":"https:\/\/globalallianceregister.com\/tr\/wp-json\/wp\/v2\/pages\/65\/revisions"}],"up":[{"embeddable":true,"href":"https:\/\/globalallianceregister.com\/tr\/wp-json\/wp\/v2\/pages\/163"}],"wp:attachment":[{"href":"https:\/\/globalallianceregister.com\/tr\/wp-json\/wp\/v2\/media?parent=65"}],"curies":[{"name":"wp","href":"https:\/\/api.w.org\/{rel}","templated":true}]}}