{"id":680,"date":"2011-02-22T11:26:20","date_gmt":"2011-02-22T11:26:20","guid":{"rendered":"https:\/\/globalallianceregister.com\/?page_id=680"},"modified":"2016-02-12T15:21:08","modified_gmt":"2016-02-12T15:21:08","slug":"initial-consultancy-guidance-for-certification-%e2%80%93-customs-advice","status":"publish","type":"page","link":"https:\/\/globalallianceregister.com\/tr\/services\/certification\/product-certification\/compulsory-certification-for-russia-ukraine-kazakhstan-turkmenistan\/initial-consultancy-guidance-for-certification-%e2%80%93-customs-advice\/","title":{"rendered":"Sertifikaland\u0131rma \u0130\u00e7in \u0130lk Dan\u0131\u015fmanl\u0131k &#038; Yol Haritas\u0131 Belirleme"},"content":{"rendered":"<p>\u00dczg\u00fcn\u00fcz, bu sayfa yaln\u0131zca \u0130niligzce dilinde haz\u0131rlanm\u0131\u015ft\u0131r.<\/p>\n<p>&nbsp;<\/p>\n<h1>\u0130lgili Sekt\u00f6rler<\/h1>\n<table>\n<tbody>\n<tr>\n<td style=\"width: 350px; border-color: #ffffff; height: 30px; text-align: left; vertical-align: middle; background-color: #f7f7f7;\" width=\"250\">\n<ul style=\"list-style-type: square;\">\n<li><a title=\"Denizcilik Sekt\u00f6r\u00fc\" href=\"https:\/\/globalallianceregister.com\/?page_id=9&amp;lang=tr\" target=\"_blank\">DEN\u0130ZC\u0130L\u0130K<\/a><\/li>\n<\/ul>\n<\/td>\n<td style=\"width: 350px; border-color: #ffffff; height: 30px; text-align: left; vertical-align: middle; background-color: #f7f7f7;\" width=\"250\">\n<ul style=\"list-style-type: square;\">\n<li><a title=\"\u0130n\u015faat Sekt\u00f6r\u00fc\" href=\"https:\/\/globalallianceregister.com\/?page_id=11&amp;lang=tr\" target=\"_blank\">\u0130N\u015eAAT<\/a><\/li>\n<\/ul>\n<\/td>\n<td style=\"width: 350px; border-color: #ffffff; height: 30px; text-align: left; vertical-align: middle; background-color: #f7f7f7;\" width=\"251\">\n<ul style=\"list-style-type: square;\">\n<li><a title=\"Petrol &amp; Gaz Sekt\u00f6r\u00fc\" href=\"https:\/\/globalallianceregister.com\/?page_id=13&amp;lang=tr\" target=\"_blank\">PETROL &amp; GAZ<\/a><\/li>\n<\/ul>\n<\/td>\n<\/tr>\n<tr>\n<td style=\"width: 350px; border-color: #ffffff; height: 30px; text-align: left; vertical-align: middle; background-color: #f7f7f7;\" width=\"250\">\n<ul style=\"list-style-type: square;\">\n<li><a title=\"Enerji &amp; Tesisler\" href=\"https:\/\/globalallianceregister.com\/?page_id=15&amp;lang=tr\" target=\"_blank\">ENERJ\u0130 &amp; TES\u0130SLER<\/a><\/li>\n<\/ul>\n<\/td>\n<td style=\"width: 350px; border-color: #ffffff; height: 30px; text-align: left; vertical-align: middle; background-color: #f7f7f7;\" width=\"250\">\n<ul style=\"list-style-type: square;\">\n<li><a title=\"\u0130malat Sekt\u00f6r\u00fc\" href=\"https:\/\/globalallianceregister.com\/?page_id=20&amp;lang=tr\" target=\"_blank\">\u0130MALAT<\/a><\/li>\n<\/ul>\n<\/td>\n<td style=\"width: 350px; border-color: #ffffff; height: 30px; text-align: left; vertical-align: middle; background-color: #f7f7f7;\" width=\"251\">\n<ul style=\"list-style-type: square;\">\n<li><a title=\"Ula\u015ft\u0131rma &amp; Lojistik Sekt\u00f6r\u00fc\" href=\"https:\/\/globalallianceregister.com\/?page_id=22&amp;lang=tr\" target=\"_blank\">ULA\u015eTIRMA &amp; LOJ\u0130ST\u0130K<\/a><\/li>\n<\/ul>\n<\/td>\n<\/tr>\n<tr>\n<td style=\"width: 350px; border-color: #ffffff; height: 30px; text-align: left; vertical-align: middle; background-color: #f7f7f7;\" width=\"250\">\n<ul style=\"list-style-type: square;\">\n<li><a title=\"Uzay &amp; Havac\u0131l\u0131k Sekt\u00f6r\u00fc\" href=\"https:\/\/globalallianceregister.com\/?page_id=24&amp;lang=tr\" target=\"_blank\">UZAY &amp; HAVACILIK<\/a><\/li>\n<\/ul>\n<\/td>\n<td style=\"width: 350px; border-color: #ffffff; height: 30px; text-align: left; vertical-align: middle; background-color: #f7f7f7;\" width=\"250\">\n<ul style=\"list-style-type: square;\">\n<li><a title=\"Tar\u0131m &amp; G\u0131da Sekt\u00f6r\u00fc\" href=\"https:\/\/globalallianceregister.com\/?page_id=27&amp;lang=tr\" target=\"_blank\">TARIM &amp; GIDA<\/a><\/li>\n<\/ul>\n<\/td>\n<td style=\"width: 350px; border-color: #ffffff; height: 30px; text-align: left; vertical-align: middle; background-color: #f7f7f7;\" width=\"251\">\n<ul style=\"list-style-type: square;\">\n<li><a title=\"Turizm &amp; Otelcilik Sekt\u00f6r\u00fc\" href=\"https:\/\/globalallianceregister.com\/?page_id=29&amp;lang=tr\" target=\"_blank\">TUR\u0130ZM &amp; OTELC\u0130L\u0130K<\/a><\/li>\n<\/ul>\n<\/td>\n<\/tr>\n<tr>\n<td style=\"width: 350px; border-color: #ffffff; height: 30px; text-align: left; vertical-align: middle; background-color: #f7f7f7;\" width=\"250\">\n<ul>\n<li><a title=\"Bilgi Teknolojileri Sekt\u00f6r\u00fc\" href=\"https:\/\/globalallianceregister.com\/?page_id=52&amp;lang=tr\" target=\"_blank\">B\u0130LG\u0130 TEKNOLOJ\u0130LER\u0130<\/a><\/li>\n<\/ul>\n<\/td>\n<td style=\"width: 350px; border-color: #ffffff; height: 30px; text-align: left; vertical-align: middle; background-color: #f7f7f7;\" width=\"250\">\n<ul>\n<li><a title=\"Telekom\u00fcnikasyon Sekt\u00f6r\u00fc\" href=\"https:\/\/globalallianceregister.com\/?page_id=54&amp;lang=tr\" target=\"_blank\">TELEKOM\u00dcN\u0130KASYON<\/a><\/li>\n<\/ul>\n<\/td>\n<td style=\"width: 350px; border-color: #ffffff; height: 30px; text-align: left; vertical-align: middle; background-color: #f7f7f7;\" width=\"251\">\n<ul>\n<li><a title=\"Sa\u011fl\u0131k &amp; T\u0131p Sekt\u00f6r\u00fc\" href=\"https:\/\/globalallianceregister.com\/?page_id=56&amp;lang=tr\" target=\"_blank\">SA\u011eLIK &amp; TIP<\/a><\/li>\n<\/ul>\n<\/td>\n<\/tr>\n<\/tbody>\n<\/table>","protected":false},"excerpt":{"rendered":"<p>\u00dczg\u00fcn\u00fcz, bu sayfa yaln\u0131zca \u0130niligzce dilinde haz\u0131rlanm\u0131\u015ft\u0131r. &nbsp; \u0130lgili Sekt\u00f6rler DEN\u0130ZC\u0130L\u0130K \u0130N\u015eAAT PETROL &amp; GAZ ENERJ\u0130 &amp; TES\u0130SLER \u0130MALAT ULA\u015eTIRMA &amp; LOJ\u0130ST\u0130K UZAY &amp; HAVACILIK TARIM &amp; GIDA TUR\u0130ZM &amp;&#8230; <\/p>\n","protected":false},"author":10,"featured_media":0,"parent":361,"menu_order":1,"comment_status":"closed","ping_status":"closed","template":"page-full.php","meta":{"_acf_changed":false,"om_disable_all_campaigns":false,"footnotes":""},"class_list":["post-680","page","type-page","status-publish","hentry"],"acf":[],"yoast_head":"<!-- This site is optimized with the Yoast SEO plugin v27.4 - https:\/\/yoast.com\/product\/yoast-seo-wordpress\/ -->\n<title>Sertifikaland\u0131rma \u0130\u00e7in \u0130lk Dan\u0131\u015fmanl\u0131k &amp; Yol Haritas\u0131 Belirleme - Global Alliance Register<\/title>\n<meta name=\"robots\" content=\"index, follow, max-snippet:-1, max-image-preview:large, max-video-preview:-1\" \/>\n<link rel=\"canonical\" href=\"https:\/\/globalallianceregister.com\/tr\/services\/certification\/product-certification\/compulsory-certification-for-russia-ukraine-kazakhstan-turkmenistan\/initial-consultancy-guidance-for-certification-\u2013-customs-advice\/\" \/>\n<meta property=\"og:locale\" content=\"tr_TR\" \/>\n<meta property=\"og:type\" content=\"article\" \/>\n<meta property=\"og:title\" content=\"Sertifikaland\u0131rma \u0130\u00e7in \u0130lk Dan\u0131\u015fmanl\u0131k &amp; Yol Haritas\u0131 Belirleme - Global Alliance Register\" \/>\n<meta property=\"og:description\" content=\"\u00dczg\u00fcn\u00fcz, bu sayfa yaln\u0131zca \u0130niligzce dilinde haz\u0131rlanm\u0131\u015ft\u0131r. &nbsp; \u0130lgili Sekt\u00f6rler DEN\u0130ZC\u0130L\u0130K \u0130N\u015eAAT PETROL &amp; GAZ ENERJ\u0130 &amp; TES\u0130SLER \u0130MALAT ULA\u015eTIRMA &amp; LOJ\u0130ST\u0130K UZAY &amp; HAVACILIK TARIM &amp; GIDA TUR\u0130ZM &amp;...\" \/>\n<meta property=\"og:url\" content=\"https:\/\/globalallianceregister.com\/tr\/services\/certification\/product-certification\/compulsory-certification-for-russia-ukraine-kazakhstan-turkmenistan\/initial-consultancy-guidance-for-certification-\u2013-customs-advice\/\" \/>\n<meta property=\"og:site_name\" content=\"Global Alliance Register\" \/>\n<meta property=\"article:modified_time\" content=\"2016-02-12T15:21:08+00:00\" \/>\n<meta name=\"twitter:label1\" content=\"Tahmini okuma s\u00fcresi\" \/>\n\t<meta name=\"twitter:data1\" content=\"1 dakika\" \/>\n<script type=\"application\/ld+json\" class=\"yoast-schema-graph\">{\"@context\":\"https:\\\/\\\/schema.org\",\"@graph\":[{\"@type\":\"WebPage\",\"@id\":\"https:\\\/\\\/globalallianceregister.com\\\/tr\\\/services\\\/certification\\\/product-certification\\\/compulsory-certification-for-russia-ukraine-kazakhstan-turkmenistan\\\/initial-consultancy-guidance-for-certification-%e2%80%93-customs-advice\\\/\",\"url\":\"https:\\\/\\\/globalallianceregister.com\\\/tr\\\/services\\\/certification\\\/product-certification\\\/compulsory-certification-for-russia-ukraine-kazakhstan-turkmenistan\\\/initial-consultancy-guidance-for-certification-%e2%80%93-customs-advice\\\/\",\"name\":\"Sertifikaland\u0131rma \u0130\u00e7in \u0130lk Dan\u0131\u015fmanl\u0131k & Yol Haritas\u0131 Belirleme - Global Alliance Register\",\"isPartOf\":{\"@id\":\"https:\\\/\\\/globalallianceregister.com\\\/tr\\\/#website\"},\"datePublished\":\"2011-02-22T11:26:20+00:00\",\"dateModified\":\"2016-02-12T15:21:08+00:00\",\"breadcrumb\":{\"@id\":\"https:\\\/\\\/globalallianceregister.com\\\/tr\\\/services\\\/certification\\\/product-certification\\\/compulsory-certification-for-russia-ukraine-kazakhstan-turkmenistan\\\/initial-consultancy-guidance-for-certification-%e2%80%93-customs-advice\\\/#breadcrumb\"},\"inLanguage\":\"tr\",\"potentialAction\":[{\"@type\":\"ReadAction\",\"target\":[[\"https:\\\/\\\/globalallianceregister.com\\\/tr\\\/services\\\/certification\\\/product-certification\\\/compulsory-certification-for-russia-ukraine-kazakhstan-turkmenistan\\\/initial-consultancy-guidance-for-certification-%e2%80%93-customs-advice\\\/\"]]}]},{\"@type\":\"BreadcrumbList\",\"@id\":\"https:\\\/\\\/globalallianceregister.com\\\/tr\\\/services\\\/certification\\\/product-certification\\\/compulsory-certification-for-russia-ukraine-kazakhstan-turkmenistan\\\/initial-consultancy-guidance-for-certification-%e2%80%93-customs-advice\\\/#breadcrumb\",\"itemListElement\":[{\"@type\":\"ListItem\",\"position\":1,\"name\":\"Anasayfa\",\"item\":\"https:\\\/\\\/globalallianceregister.com\\\/tr\\\/\"},{\"@type\":\"ListItem\",\"position\":2,\"name\":\"Sertifikaland\u0131rma \u0130\u00e7in \u0130lk Dan\u0131\u015fmanl\u0131k &#038; Yol Haritas\u0131 Belirleme\"}]},{\"@type\":\"WebSite\",\"@id\":\"https:\\\/\\\/globalallianceregister.com\\\/tr\\\/#website\",\"url\":\"https:\\\/\\\/globalallianceregister.com\\\/tr\\\/\",\"name\":\"Global Alliance Register\",\"description\":\"(EN) Together for Excellence\",\"potentialAction\":[{\"@type\":\"SearchAction\",\"target\":{\"@type\":\"EntryPoint\",\"urlTemplate\":\"https:\\\/\\\/globalallianceregister.com\\\/tr\\\/?s={search_term_string}\"},\"query-input\":{\"@type\":\"PropertyValueSpecification\",\"valueRequired\":true,\"valueName\":\"search_term_string\"}}],\"inLanguage\":\"tr\"}]}<\/script>\n<!-- \/ Yoast SEO plugin. -->","yoast_head_json":{"title":"Sertifikaland\u0131rma \u0130\u00e7in \u0130lk Dan\u0131\u015fmanl\u0131k & Yol Haritas\u0131 Belirleme - Global Alliance Register","robots":{"index":"index","follow":"follow","max-snippet":"max-snippet:-1","max-image-preview":"max-image-preview:large","max-video-preview":"max-video-preview:-1"},"canonical":"https:\/\/globalallianceregister.com\/tr\/services\/certification\/product-certification\/compulsory-certification-for-russia-ukraine-kazakhstan-turkmenistan\/initial-consultancy-guidance-for-certification-\u2013-customs-advice\/","og_locale":"tr_TR","og_type":"article","og_title":"Sertifikaland\u0131rma \u0130\u00e7in \u0130lk Dan\u0131\u015fmanl\u0131k & Yol Haritas\u0131 Belirleme - Global Alliance Register","og_description":"\u00dczg\u00fcn\u00fcz, bu sayfa yaln\u0131zca \u0130niligzce dilinde haz\u0131rlanm\u0131\u015ft\u0131r. &nbsp; \u0130lgili Sekt\u00f6rler DEN\u0130ZC\u0130L\u0130K \u0130N\u015eAAT PETROL &amp; GAZ ENERJ\u0130 &amp; TES\u0130SLER \u0130MALAT ULA\u015eTIRMA &amp; LOJ\u0130ST\u0130K UZAY &amp; HAVACILIK TARIM &amp; GIDA TUR\u0130ZM &amp;...","og_url":"https:\/\/globalallianceregister.com\/tr\/services\/certification\/product-certification\/compulsory-certification-for-russia-ukraine-kazakhstan-turkmenistan\/initial-consultancy-guidance-for-certification-\u2013-customs-advice\/","og_site_name":"Global Alliance Register","article_modified_time":"2016-02-12T15:21:08+00:00","twitter_misc":{"Tahmini okuma s\u00fcresi":"1 dakika"},"schema":{"@context":"https:\/\/schema.org","@graph":[{"@type":"WebPage","@id":"https:\/\/globalallianceregister.com\/tr\/services\/certification\/product-certification\/compulsory-certification-for-russia-ukraine-kazakhstan-turkmenistan\/initial-consultancy-guidance-for-certification-%e2%80%93-customs-advice\/","url":"https:\/\/globalallianceregister.com\/tr\/services\/certification\/product-certification\/compulsory-certification-for-russia-ukraine-kazakhstan-turkmenistan\/initial-consultancy-guidance-for-certification-%e2%80%93-customs-advice\/","name":"Sertifikaland\u0131rma \u0130\u00e7in \u0130lk Dan\u0131\u015fmanl\u0131k & Yol Haritas\u0131 Belirleme - Global Alliance Register","isPartOf":{"@id":"https:\/\/globalallianceregister.com\/tr\/#website"},"datePublished":"2011-02-22T11:26:20+00:00","dateModified":"2016-02-12T15:21:08+00:00","breadcrumb":{"@id":"https:\/\/globalallianceregister.com\/tr\/services\/certification\/product-certification\/compulsory-certification-for-russia-ukraine-kazakhstan-turkmenistan\/initial-consultancy-guidance-for-certification-%e2%80%93-customs-advice\/#breadcrumb"},"inLanguage":"tr","potentialAction":[{"@type":"ReadAction","target":[["https:\/\/globalallianceregister.com\/tr\/services\/certification\/product-certification\/compulsory-certification-for-russia-ukraine-kazakhstan-turkmenistan\/initial-consultancy-guidance-for-certification-%e2%80%93-customs-advice\/"]]}]},{"@type":"BreadcrumbList","@id":"https:\/\/globalallianceregister.com\/tr\/services\/certification\/product-certification\/compulsory-certification-for-russia-ukraine-kazakhstan-turkmenistan\/initial-consultancy-guidance-for-certification-%e2%80%93-customs-advice\/#breadcrumb","itemListElement":[{"@type":"ListItem","position":1,"name":"Anasayfa","item":"https:\/\/globalallianceregister.com\/tr\/"},{"@type":"ListItem","position":2,"name":"Sertifikaland\u0131rma \u0130\u00e7in \u0130lk Dan\u0131\u015fmanl\u0131k &#038; Yol Haritas\u0131 Belirleme"}]},{"@type":"WebSite","@id":"https:\/\/globalallianceregister.com\/tr\/#website","url":"https:\/\/globalallianceregister.com\/tr\/","name":"Global Alliance Register","description":"(EN) Together for Excellence","potentialAction":[{"@type":"SearchAction","target":{"@type":"EntryPoint","urlTemplate":"https:\/\/globalallianceregister.com\/tr\/?s={search_term_string}"},"query-input":{"@type":"PropertyValueSpecification","valueRequired":true,"valueName":"search_term_string"}}],"inLanguage":"tr"}]}},"_links":{"self":[{"href":"https:\/\/globalallianceregister.com\/tr\/wp-json\/wp\/v2\/pages\/680","targetHints":{"allow":["GET"]}}],"collection":[{"href":"https:\/\/globalallianceregister.com\/tr\/wp-json\/wp\/v2\/pages"}],"about":[{"href":"https:\/\/globalallianceregister.com\/tr\/wp-json\/wp\/v2\/types\/page"}],"author":[{"embeddable":true,"href":"https:\/\/globalallianceregister.com\/tr\/wp-json\/wp\/v2\/users\/10"}],"replies":[{"embeddable":true,"href":"https:\/\/globalallianceregister.com\/tr\/wp-json\/wp\/v2\/comments?post=680"}],"version-history":[{"count":0,"href":"https:\/\/globalallianceregister.com\/tr\/wp-json\/wp\/v2\/pages\/680\/revisions"}],"up":[{"embeddable":true,"href":"https:\/\/globalallianceregister.com\/tr\/wp-json\/wp\/v2\/pages\/361"}],"wp:attachment":[{"href":"https:\/\/globalallianceregister.com\/tr\/wp-json\/wp\/v2\/media?parent=680"}],"curies":[{"name":"wp","href":"https:\/\/api.w.org\/{rel}","templated":true}]}}