{"id":7,"date":"2010-12-25T13:22:35","date_gmt":"2010-12-25T13:22:35","guid":{"rendered":"https:\/\/globalallianceregister.com\/?page_id=7"},"modified":"2016-03-31T20:00:52","modified_gmt":"2016-03-31T17:00:52","slug":"services","status":"publish","type":"page","link":"https:\/\/globalallianceregister.com\/tr\/services\/","title":{"rendered":"Hizmetler"},"content":{"rendered":"<p>Global Alliance Register, sahip oldu\u011fu yerel ve uluslararas\u0131 ofis a\u011f\u0131yla, yeni yat\u0131r\u0131m (CAPEX) ve i\u015fletmede bulunan tesis ve i\u015f birimleri (OPEX) i\u00e7in, \u00a0her bir sekt\u00f6r i\u00e7in konusunda uzman ve deneyimli T\u00fcrkiye\u2019de 360 ve t\u00fcm d\u00fcnyada 26000 ki\u015fiyi a\u015fan teknik kadrosuyla y\u00fcksek g\u00fcvenilirlikte \u00e7\u00f6z\u00fcmler sunan bir kurulu\u015ftur.<\/p>\n<h1>\u00c7\u00f6z\u00fcmler<\/h1>\n<table>\n<tbody>\n<tr>\n<td style=\"width: 350px; border-color: #ffffff; text-align: left; vertical-align: middle; background-color: #f7f7f7;\" width=\"250\">\n<ul>\n<li><a href=\"https:\/\/globalallianceregister.com\/tr\/hizmetler\/asistans-hizmetleri\/\" target=\"_blank\">AS\u0130STANS<\/a><\/li>\n<\/ul>\n<\/td>\n<td style=\"width: 350px; border-color: #ffffff; text-align: left; vertical-align: middle; background-color: #f7f7f7;\" width=\"250\">\n<ul style=\"list-style-type: square;\">\n<li><a href=\"https:\/\/globalallianceregister.com\/tr\/hizmetler\/gozetim-ve-termin-kontrolu-hizmetleri\/\" target=\"_blank\">G\u00d6ZET\u0130M<\/a><\/li>\n<\/ul>\n<\/td>\n<td style=\"width: 350px; border-color: #ffffff; text-align: left; vertical-align: middle; background-color: #f7f7f7;\" width=\"251\">\n<ul style=\"list-style-type: square;\">\n<li><a href=\"https:\/\/globalallianceregister.com\/tr\/hizmetler\/danismanlik\/\" target=\"_blank\">DANI\u015eMANLIK<\/a><\/li>\n<\/ul>\n<\/td>\n<\/tr>\n<tr>\n<td style=\"width: 350px; border-color: #ffffff; text-align: left; vertical-align: middle; background-color: #f7f7f7;\" width=\"250\">\n<ul style=\"list-style-type: square;\">\n<li><a href=\"https:\/\/globalallianceregister.com\/tr\/hizmetler\/certification\/\" target=\"_blank\">BELGELEND\u0130RME<\/a><\/li>\n<\/ul>\n<\/td>\n<td style=\"width: 350px; border-color: #ffffff; text-align: left; vertical-align: middle; background-color: #f7f7f7;\" width=\"250\">\n<ul style=\"list-style-type: square;\">\n<li><a href=\"https:\/\/globalallianceregister.com\/hizmetler\/egitim\/\" target=\"_blank\">E\u011e\u0130T\u0130M<\/a><\/li>\n<\/ul>\n<\/td>\n<td style=\"width: 350px; border-color: #ffffff; text-align: left; vertical-align: middle; background-color: #f7f7f7;\" width=\"251\">\n<ul style=\"list-style-type: square;\">\n<li><a href=\"https:\/\/globalallianceregister.com\/hizmetler\/insaat-proje-yonetimi-musavirlik-hizmetleri\/\" target=\"_blank\">\u0130N\u015eAAT PROJE Y\u00d6NET\u0130M\u0130<\/a><\/li>\n<\/ul>\n<\/td>\n<\/tr>\n<tr>\n<td style=\"width: 350px; border-color: #ffffff; text-align: left; vertical-align: middle; background-color: #f7f7f7;\" width=\"250\">\n<ul style=\"list-style-type: square;\">\n<li><a href=\"https:\/\/globalallianceregister.com\/tr\/hizmetler\/dis-kaynak-tedariki\/\" target=\"_blank\">DI\u015e KAYNAK TEDAR\u0130K\u0130<\/a><\/li>\n<\/ul>\n<\/td>\n<td style=\"width: 350px; border-color: #ffffff; text-align: left; vertical-align: middle; background-color: #f7f7f7;\" width=\"250\">\n<ul style=\"list-style-type: square;\">\n<li><a href=\"https:\/\/globalallianceregister.com\/hizmetler\/karbon-ve-enerji-yonetimi\/\" target=\"_blank\">KARBON VE ENERJ\u0130 Y\u00d6NET\u0130M\u0130<\/a><\/li>\n<\/ul>\n<\/td>\n<td style=\"width: 350px; border-color: #ffffff; text-align: left; vertical-align: middle; background-color: #f7f7f7;\" width=\"251\">\n<ul style=\"list-style-type: square;\">\n<li><a href=\"https:\/\/globalallianceregister.com\/tr\/hizmetler\/kurumsal-sosyal-sorumluluk\/\" target=\"_blank\">KURUMSAL SOSYAL SORULMLULUK<\/a><\/li>\n<\/ul>\n<\/td>\n<\/tr>\n<\/tbody>\n<\/table>\n<p>&nbsp;<\/p>\n<h1>\u0130lgili Sekt\u00f6rler<\/h1>\n<table>\n<tbody>\n<tr>\n<td style=\"width: 350px; border-color: #ffffff; height: 30px; text-align: left; vertical-align: middle; background-color: #f7f7f7;\" width=\"250\">\n<ul style=\"list-style-type: square;\">\n<li><a title=\"Denizcilik Sekt\u00f6r\u00fc\" href=\"https:\/\/globalallianceregister.com\/?page_id=9&amp;lang=tr\" target=\"_blank\">DEN\u0130ZC\u0130L\u0130K<\/a><\/li>\n<\/ul>\n<\/td>\n<td style=\"width: 350px; border-color: #ffffff; height: 30px; text-align: left; vertical-align: middle; background-color: #f7f7f7;\" width=\"250\">\n<ul style=\"list-style-type: square;\">\n<li><a title=\"\u0130n\u015faat Sekt\u00f6r\u00fc\" href=\"https:\/\/globalallianceregister.com\/?page_id=11&amp;lang=tr\" target=\"_blank\">\u0130N\u015eAAT<\/a><\/li>\n<\/ul>\n<\/td>\n<td style=\"width: 350px; border-color: #ffffff; height: 30px; text-align: left; vertical-align: middle; background-color: #f7f7f7;\" width=\"251\">\n<ul style=\"list-style-type: square;\">\n<li><a title=\"Petrol &amp; Gaz Sekt\u00f6r\u00fc\" href=\"https:\/\/globalallianceregister.com\/?page_id=13&amp;lang=tr\" target=\"_blank\">PETROL &amp; GAZ<\/a><\/li>\n<\/ul>\n<\/td>\n<\/tr>\n<tr>\n<td style=\"width: 350px; border-color: #ffffff; height: 30px; text-align: left; vertical-align: middle; background-color: #f7f7f7;\" width=\"250\">\n<ul style=\"list-style-type: square;\">\n<li><a title=\"Enerji &amp; Tesisler\" href=\"https:\/\/globalallianceregister.com\/?page_id=15&amp;lang=tr\" target=\"_blank\">ENERJ\u0130 &amp; TES\u0130SLER<\/a><\/li>\n<\/ul>\n<\/td>\n<td style=\"width: 350px; border-color: #ffffff; height: 30px; text-align: left; vertical-align: middle; background-color: #f7f7f7;\" width=\"250\">\n<ul style=\"list-style-type: square;\">\n<li><a title=\"\u0130malat Sekt\u00f6r\u00fc\" href=\"https:\/\/globalallianceregister.com\/?page_id=20&amp;lang=tr\" target=\"_blank\">\u0130MALAT<\/a><\/li>\n<\/ul>\n<\/td>\n<td style=\"width: 350px; border-color: #ffffff; height: 30px; text-align: left; vertical-align: middle; background-color: #f7f7f7;\" width=\"251\">\n<ul style=\"list-style-type: square;\">\n<li><a title=\"Ula\u015ft\u0131rma &amp; Lojistik Sekt\u00f6r\u00fc\" href=\"https:\/\/globalallianceregister.com\/?page_id=22&amp;lang=tr\" target=\"_blank\">ULA\u015eTIRMA &amp; LOJ\u0130ST\u0130K<\/a><\/li>\n<\/ul>\n<\/td>\n<\/tr>\n<tr>\n<td style=\"width: 350px; border-color: #ffffff; height: 30px; text-align: left; vertical-align: middle; background-color: #f7f7f7;\" width=\"250\">\n<ul style=\"list-style-type: square;\">\n<li><a title=\"Uzay &amp; Havac\u0131l\u0131k Sekt\u00f6r\u00fc\" href=\"https:\/\/globalallianceregister.com\/?page_id=24&amp;lang=tr\" target=\"_blank\">UZAY &amp; HAVACILIK<\/a><\/li>\n<\/ul>\n<\/td>\n<td style=\"width: 350px; border-color: #ffffff; height: 30px; text-align: left; vertical-align: middle; background-color: #f7f7f7;\" width=\"250\">\n<ul style=\"list-style-type: square;\">\n<li><a title=\"Tar\u0131m &amp; G\u0131da Sekt\u00f6r\u00fc\" href=\"https:\/\/globalallianceregister.com\/?page_id=27&amp;lang=tr\" target=\"_blank\">TARIM &amp; GIDA<\/a><\/li>\n<\/ul>\n<\/td>\n<td style=\"width: 350px; border-color: #ffffff; height: 30px; text-align: left; vertical-align: middle; background-color: #f7f7f7;\" width=\"251\">\n<ul style=\"list-style-type: square;\">\n<li><a title=\"Turizm &amp; Otelcilik Sekt\u00f6r\u00fc\" href=\"https:\/\/globalallianceregister.com\/?page_id=29&amp;lang=tr\" target=\"_blank\">TUR\u0130ZM &amp; OTELC\u0130L\u0130K<\/a><\/li>\n<\/ul>\n<\/td>\n<\/tr>\n<tr>\n<td style=\"width: 350px; border-color: #ffffff; height: 30px; text-align: left; vertical-align: middle; background-color: #f7f7f7;\" width=\"250\">\n<ul style=\"list-style-type: square;\">\n<li><a title=\"Finans &amp; Bankac\u0131l\u0131k Sekt\u00f6r\u00fc\" href=\"https:\/\/globalallianceregister.com\/?page_id=38&amp;lang=tr\" target=\"_blank\">F\u0130NANS<\/a><\/li>\n<\/ul>\n<\/td>\n<td style=\"width: 350px; border-color: #ffffff; height: 30px; text-align: left; vertical-align: middle; background-color: #f7f7f7;\" width=\"250\">\n<ul style=\"list-style-type: square;\">\n<li><a title=\"Sigorta Sekt\u00f6r\u00fc\" href=\"https:\/\/globalallianceregister.com\/?page_id=40&amp;lang=tr\" target=\"_blank\">S\u0130GORTA<\/a><\/li>\n<\/ul>\n<\/td>\n<td style=\"width: 350px; border-color: #ffffff; height: 30px; text-align: left; vertical-align: middle; background-color: #f7f7f7;\" width=\"251\">\n<ul style=\"list-style-type: square;\">\n<li><a title=\"Bilgi Teknolojileri Sekt\u00f6r\u00fc\" href=\"https:\/\/globalallianceregister.com\/?page_id=52&amp;lang=tr\" target=\"_blank\">B\u0130LG\u0130 TEKNOLOJ\u0130LER\u0130<\/a><\/li>\n<\/ul>\n<\/td>\n<\/tr>\n<tr>\n<td style=\"width: 350px; border-color: #ffffff; height: 30px; text-align: left; vertical-align: middle; background-color: #f7f7f7;\" width=\"250\">\n<ul style=\"list-style-type: square;\">\n<li><a title=\"Telekom\u00fcnikasyon Sekt\u00f6r\u00fc\" href=\"https:\/\/globalallianceregister.com\/?page_id=54&amp;lang=tr\" target=\"_blank\">TELEKOM\u00dcN\u0130KASYON<\/a><\/li>\n<\/ul>\n<\/td>\n<td style=\"width: 350px; border-color: #ffffff; height: 30px; text-align: left; vertical-align: middle; background-color: #f7f7f7;\" width=\"250\">\n<ul style=\"list-style-type: square;\">\n<li><a title=\"Sa\u011fl\u0131k &amp; T\u0131p Sekt\u00f6r\u00fc\" href=\"https:\/\/globalallianceregister.com\/?page_id=56&amp;lang=tr\" target=\"_blank\">SA\u011eLIK &amp; TIP<\/a><\/li>\n<\/ul>\n<\/td>\n<td style=\"width: 350px; border-color: #ffffff; height: 30px; text-align: left; vertical-align: middle; background-color: #f7f7f7;\" width=\"251\">\u00a0<\/td>\n<\/tr>\n<\/tbody>\n<\/table>\n<div id=\"content_applied_s\">\u00a0<\/div>","protected":false},"excerpt":{"rendered":"<p>Global Alliance Register, sahip oldu\u011fu yerel ve uluslararas\u0131 ofis a\u011f\u0131yla, yeni yat\u0131r\u0131m (CAPEX) ve i\u015fletmede bulunan tesis ve i\u015f birimleri (OPEX) i\u00e7in, \u00a0her bir sekt\u00f6r i\u00e7in konusunda uzman ve deneyimli&#8230; <\/p>\n","protected":false},"author":10,"featured_media":0,"parent":0,"menu_order":3,"comment_status":"closed","ping_status":"closed","template":"page-full.php","meta":{"_acf_changed":false,"om_disable_all_campaigns":false,"footnotes":""},"class_list":["post-7","page","type-page","status-publish","hentry"],"acf":[],"yoast_head":"<!-- This site is optimized with the Yoast SEO plugin v27.4 - https:\/\/yoast.com\/product\/yoast-seo-wordpress\/ -->\n<title>Hizmetler - Global Alliance Register<\/title>\n<meta name=\"robots\" content=\"index, follow, max-snippet:-1, max-image-preview:large, max-video-preview:-1\" \/>\n<link rel=\"canonical\" href=\"https:\/\/globalallianceregister.com\/tr\/services\/\" \/>\n<meta property=\"og:locale\" content=\"tr_TR\" \/>\n<meta property=\"og:type\" content=\"article\" \/>\n<meta property=\"og:title\" content=\"Hizmetler - Global Alliance Register\" \/>\n<meta property=\"og:description\" content=\"Global Alliance Register, sahip oldu\u011fu yerel ve uluslararas\u0131 ofis a\u011f\u0131yla, yeni yat\u0131r\u0131m (CAPEX) ve i\u015fletmede bulunan tesis ve i\u015f birimleri (OPEX) i\u00e7in, \u00a0her bir sekt\u00f6r i\u00e7in konusunda uzman ve deneyimli...\" \/>\n<meta property=\"og:url\" content=\"https:\/\/globalallianceregister.com\/tr\/services\/\" \/>\n<meta property=\"og:site_name\" content=\"Global Alliance Register\" \/>\n<meta property=\"article:modified_time\" content=\"2016-03-31T17:00:52+00:00\" \/>\n<meta name=\"twitter:label1\" content=\"Tahmini okuma s\u00fcresi\" \/>\n\t<meta name=\"twitter:data1\" content=\"1 dakika\" \/>\n<script type=\"application\/ld+json\" class=\"yoast-schema-graph\">{\"@context\":\"https:\\\/\\\/schema.org\",\"@graph\":[{\"@type\":\"WebPage\",\"@id\":\"https:\\\/\\\/globalallianceregister.com\\\/tr\\\/services\\\/\",\"url\":\"https:\\\/\\\/globalallianceregister.com\\\/tr\\\/services\\\/\",\"name\":\"Hizmetler - Global Alliance Register\",\"isPartOf\":{\"@id\":\"https:\\\/\\\/globalallianceregister.com\\\/tr\\\/#website\"},\"datePublished\":\"2010-12-25T13:22:35+00:00\",\"dateModified\":\"2016-03-31T17:00:52+00:00\",\"breadcrumb\":{\"@id\":\"https:\\\/\\\/globalallianceregister.com\\\/tr\\\/services\\\/#breadcrumb\"},\"inLanguage\":\"tr\",\"potentialAction\":[{\"@type\":\"ReadAction\",\"target\":[[\"https:\\\/\\\/globalallianceregister.com\\\/tr\\\/services\\\/\"]]}]},{\"@type\":\"BreadcrumbList\",\"@id\":\"https:\\\/\\\/globalallianceregister.com\\\/tr\\\/services\\\/#breadcrumb\",\"itemListElement\":[{\"@type\":\"ListItem\",\"position\":1,\"name\":\"Anasayfa\",\"item\":\"https:\\\/\\\/globalallianceregister.com\\\/tr\\\/\"},{\"@type\":\"ListItem\",\"position\":2,\"name\":\"Hizmetler\"}]},{\"@type\":\"WebSite\",\"@id\":\"https:\\\/\\\/globalallianceregister.com\\\/tr\\\/#website\",\"url\":\"https:\\\/\\\/globalallianceregister.com\\\/tr\\\/\",\"name\":\"Global Alliance Register\",\"description\":\"(EN) Together for Excellence\",\"potentialAction\":[{\"@type\":\"SearchAction\",\"target\":{\"@type\":\"EntryPoint\",\"urlTemplate\":\"https:\\\/\\\/globalallianceregister.com\\\/tr\\\/?s={search_term_string}\"},\"query-input\":{\"@type\":\"PropertyValueSpecification\",\"valueRequired\":true,\"valueName\":\"search_term_string\"}}],\"inLanguage\":\"tr\"}]}<\/script>\n<!-- \/ Yoast SEO plugin. -->","yoast_head_json":{"title":"Hizmetler - Global Alliance Register","robots":{"index":"index","follow":"follow","max-snippet":"max-snippet:-1","max-image-preview":"max-image-preview:large","max-video-preview":"max-video-preview:-1"},"canonical":"https:\/\/globalallianceregister.com\/tr\/services\/","og_locale":"tr_TR","og_type":"article","og_title":"Hizmetler - Global Alliance Register","og_description":"Global Alliance Register, sahip oldu\u011fu yerel ve uluslararas\u0131 ofis a\u011f\u0131yla, yeni yat\u0131r\u0131m (CAPEX) ve i\u015fletmede bulunan tesis ve i\u015f birimleri (OPEX) i\u00e7in, \u00a0her bir sekt\u00f6r i\u00e7in konusunda uzman ve deneyimli...","og_url":"https:\/\/globalallianceregister.com\/tr\/services\/","og_site_name":"Global Alliance Register","article_modified_time":"2016-03-31T17:00:52+00:00","twitter_misc":{"Tahmini okuma s\u00fcresi":"1 dakika"},"schema":{"@context":"https:\/\/schema.org","@graph":[{"@type":"WebPage","@id":"https:\/\/globalallianceregister.com\/tr\/services\/","url":"https:\/\/globalallianceregister.com\/tr\/services\/","name":"Hizmetler - Global Alliance Register","isPartOf":{"@id":"https:\/\/globalallianceregister.com\/tr\/#website"},"datePublished":"2010-12-25T13:22:35+00:00","dateModified":"2016-03-31T17:00:52+00:00","breadcrumb":{"@id":"https:\/\/globalallianceregister.com\/tr\/services\/#breadcrumb"},"inLanguage":"tr","potentialAction":[{"@type":"ReadAction","target":[["https:\/\/globalallianceregister.com\/tr\/services\/"]]}]},{"@type":"BreadcrumbList","@id":"https:\/\/globalallianceregister.com\/tr\/services\/#breadcrumb","itemListElement":[{"@type":"ListItem","position":1,"name":"Anasayfa","item":"https:\/\/globalallianceregister.com\/tr\/"},{"@type":"ListItem","position":2,"name":"Hizmetler"}]},{"@type":"WebSite","@id":"https:\/\/globalallianceregister.com\/tr\/#website","url":"https:\/\/globalallianceregister.com\/tr\/","name":"Global Alliance Register","description":"(EN) Together for Excellence","potentialAction":[{"@type":"SearchAction","target":{"@type":"EntryPoint","urlTemplate":"https:\/\/globalallianceregister.com\/tr\/?s={search_term_string}"},"query-input":{"@type":"PropertyValueSpecification","valueRequired":true,"valueName":"search_term_string"}}],"inLanguage":"tr"}]}},"_links":{"self":[{"href":"https:\/\/globalallianceregister.com\/tr\/wp-json\/wp\/v2\/pages\/7","targetHints":{"allow":["GET"]}}],"collection":[{"href":"https:\/\/globalallianceregister.com\/tr\/wp-json\/wp\/v2\/pages"}],"about":[{"href":"https:\/\/globalallianceregister.com\/tr\/wp-json\/wp\/v2\/types\/page"}],"author":[{"embeddable":true,"href":"https:\/\/globalallianceregister.com\/tr\/wp-json\/wp\/v2\/users\/10"}],"replies":[{"embeddable":true,"href":"https:\/\/globalallianceregister.com\/tr\/wp-json\/wp\/v2\/comments?post=7"}],"version-history":[{"count":0,"href":"https:\/\/globalallianceregister.com\/tr\/wp-json\/wp\/v2\/pages\/7\/revisions"}],"wp:attachment":[{"href":"https:\/\/globalallianceregister.com\/tr\/wp-json\/wp\/v2\/media?parent=7"}],"curies":[{"name":"wp","href":"https:\/\/api.w.org\/{rel}","templated":true}]}}