{"id":718,"date":"2011-02-22T12:19:17","date_gmt":"2011-02-22T12:19:17","guid":{"rendered":"https:\/\/globalallianceregister.com\/?page_id=718"},"modified":"2015-12-11T15:43:54","modified_gmt":"2015-12-11T15:43:54","slug":"translation-interpreting-services","status":"publish","type":"page","link":"https:\/\/globalallianceregister.com\/tr\/services\/certification\/product-certification\/compulsory-certification-for-russia-ukraine-kazakhstan-turkmenistan\/translation-interpreting-services\/","title":{"rendered":"\u00c7eviri &#038; Terc\u00fcmanl\u0131k Hizmetleri"},"content":{"rendered":"<p>Sorry, this entry is only available in English.<\/p>","protected":false},"excerpt":{"rendered":"<p>Sorry, this entry is only available in English.<\/p>\n","protected":false},"author":10,"featured_media":0,"parent":361,"menu_order":11,"comment_status":"closed","ping_status":"closed","template":"page-full.php","meta":{"_acf_changed":false,"om_disable_all_campaigns":false,"footnotes":""},"class_list":["post-718","page","type-page","status-publish","hentry"],"acf":[],"yoast_head":"<!-- This site is optimized with the Yoast SEO plugin v27.4 - https:\/\/yoast.com\/product\/yoast-seo-wordpress\/ -->\n<title>\u00c7eviri &amp; Terc\u00fcmanl\u0131k Hizmetleri - Global Alliance Register<\/title>\n<meta name=\"robots\" content=\"index, follow, max-snippet:-1, max-image-preview:large, max-video-preview:-1\" \/>\n<link rel=\"canonical\" href=\"https:\/\/globalallianceregister.com\/tr\/services\/certification\/product-certification\/compulsory-certification-for-russia-ukraine-kazakhstan-turkmenistan\/translation-interpreting-services\/\" \/>\n<meta property=\"og:locale\" content=\"tr_TR\" \/>\n<meta property=\"og:type\" content=\"article\" \/>\n<meta property=\"og:title\" content=\"\u00c7eviri &amp; Terc\u00fcmanl\u0131k Hizmetleri - Global Alliance Register\" \/>\n<meta property=\"og:description\" content=\"Sorry, this entry is only available in English.\" \/>\n<meta property=\"og:url\" content=\"https:\/\/globalallianceregister.com\/tr\/services\/certification\/product-certification\/compulsory-certification-for-russia-ukraine-kazakhstan-turkmenistan\/translation-interpreting-services\/\" \/>\n<meta property=\"og:site_name\" content=\"Global Alliance Register\" \/>\n<meta property=\"article:modified_time\" content=\"2015-12-11T15:43:54+00:00\" \/>\n<script type=\"application\/ld+json\" class=\"yoast-schema-graph\">{\"@context\":\"https:\\\/\\\/schema.org\",\"@graph\":[{\"@type\":\"WebPage\",\"@id\":\"https:\\\/\\\/globalallianceregister.com\\\/tr\\\/services\\\/certification\\\/product-certification\\\/compulsory-certification-for-russia-ukraine-kazakhstan-turkmenistan\\\/translation-interpreting-services\\\/\",\"url\":\"https:\\\/\\\/globalallianceregister.com\\\/tr\\\/services\\\/certification\\\/product-certification\\\/compulsory-certification-for-russia-ukraine-kazakhstan-turkmenistan\\\/translation-interpreting-services\\\/\",\"name\":\"\u00c7eviri & Terc\u00fcmanl\u0131k Hizmetleri - Global Alliance Register\",\"isPartOf\":{\"@id\":\"https:\\\/\\\/globalallianceregister.com\\\/tr\\\/#website\"},\"datePublished\":\"2011-02-22T12:19:17+00:00\",\"dateModified\":\"2015-12-11T15:43:54+00:00\",\"breadcrumb\":{\"@id\":\"https:\\\/\\\/globalallianceregister.com\\\/tr\\\/services\\\/certification\\\/product-certification\\\/compulsory-certification-for-russia-ukraine-kazakhstan-turkmenistan\\\/translation-interpreting-services\\\/#breadcrumb\"},\"inLanguage\":\"tr\",\"potentialAction\":[{\"@type\":\"ReadAction\",\"target\":[[\"https:\\\/\\\/globalallianceregister.com\\\/tr\\\/services\\\/certification\\\/product-certification\\\/compulsory-certification-for-russia-ukraine-kazakhstan-turkmenistan\\\/translation-interpreting-services\\\/\"]]}]},{\"@type\":\"BreadcrumbList\",\"@id\":\"https:\\\/\\\/globalallianceregister.com\\\/tr\\\/services\\\/certification\\\/product-certification\\\/compulsory-certification-for-russia-ukraine-kazakhstan-turkmenistan\\\/translation-interpreting-services\\\/#breadcrumb\",\"itemListElement\":[{\"@type\":\"ListItem\",\"position\":1,\"name\":\"Anasayfa\",\"item\":\"https:\\\/\\\/globalallianceregister.com\\\/tr\\\/\"},{\"@type\":\"ListItem\",\"position\":2,\"name\":\"\u00c7eviri &#038; Terc\u00fcmanl\u0131k Hizmetleri\"}]},{\"@type\":\"WebSite\",\"@id\":\"https:\\\/\\\/globalallianceregister.com\\\/tr\\\/#website\",\"url\":\"https:\\\/\\\/globalallianceregister.com\\\/tr\\\/\",\"name\":\"Global Alliance Register\",\"description\":\"(EN) Together for Excellence\",\"potentialAction\":[{\"@type\":\"SearchAction\",\"target\":{\"@type\":\"EntryPoint\",\"urlTemplate\":\"https:\\\/\\\/globalallianceregister.com\\\/tr\\\/?s={search_term_string}\"},\"query-input\":{\"@type\":\"PropertyValueSpecification\",\"valueRequired\":true,\"valueName\":\"search_term_string\"}}],\"inLanguage\":\"tr\"}]}<\/script>\n<!-- \/ Yoast SEO plugin. -->","yoast_head_json":{"title":"\u00c7eviri & Terc\u00fcmanl\u0131k Hizmetleri - Global Alliance Register","robots":{"index":"index","follow":"follow","max-snippet":"max-snippet:-1","max-image-preview":"max-image-preview:large","max-video-preview":"max-video-preview:-1"},"canonical":"https:\/\/globalallianceregister.com\/tr\/services\/certification\/product-certification\/compulsory-certification-for-russia-ukraine-kazakhstan-turkmenistan\/translation-interpreting-services\/","og_locale":"tr_TR","og_type":"article","og_title":"\u00c7eviri & Terc\u00fcmanl\u0131k Hizmetleri - Global Alliance Register","og_description":"Sorry, this entry is only available in English.","og_url":"https:\/\/globalallianceregister.com\/tr\/services\/certification\/product-certification\/compulsory-certification-for-russia-ukraine-kazakhstan-turkmenistan\/translation-interpreting-services\/","og_site_name":"Global Alliance Register","article_modified_time":"2015-12-11T15:43:54+00:00","schema":{"@context":"https:\/\/schema.org","@graph":[{"@type":"WebPage","@id":"https:\/\/globalallianceregister.com\/tr\/services\/certification\/product-certification\/compulsory-certification-for-russia-ukraine-kazakhstan-turkmenistan\/translation-interpreting-services\/","url":"https:\/\/globalallianceregister.com\/tr\/services\/certification\/product-certification\/compulsory-certification-for-russia-ukraine-kazakhstan-turkmenistan\/translation-interpreting-services\/","name":"\u00c7eviri & Terc\u00fcmanl\u0131k Hizmetleri - Global Alliance Register","isPartOf":{"@id":"https:\/\/globalallianceregister.com\/tr\/#website"},"datePublished":"2011-02-22T12:19:17+00:00","dateModified":"2015-12-11T15:43:54+00:00","breadcrumb":{"@id":"https:\/\/globalallianceregister.com\/tr\/services\/certification\/product-certification\/compulsory-certification-for-russia-ukraine-kazakhstan-turkmenistan\/translation-interpreting-services\/#breadcrumb"},"inLanguage":"tr","potentialAction":[{"@type":"ReadAction","target":[["https:\/\/globalallianceregister.com\/tr\/services\/certification\/product-certification\/compulsory-certification-for-russia-ukraine-kazakhstan-turkmenistan\/translation-interpreting-services\/"]]}]},{"@type":"BreadcrumbList","@id":"https:\/\/globalallianceregister.com\/tr\/services\/certification\/product-certification\/compulsory-certification-for-russia-ukraine-kazakhstan-turkmenistan\/translation-interpreting-services\/#breadcrumb","itemListElement":[{"@type":"ListItem","position":1,"name":"Anasayfa","item":"https:\/\/globalallianceregister.com\/tr\/"},{"@type":"ListItem","position":2,"name":"\u00c7eviri &#038; Terc\u00fcmanl\u0131k Hizmetleri"}]},{"@type":"WebSite","@id":"https:\/\/globalallianceregister.com\/tr\/#website","url":"https:\/\/globalallianceregister.com\/tr\/","name":"Global Alliance Register","description":"(EN) Together for Excellence","potentialAction":[{"@type":"SearchAction","target":{"@type":"EntryPoint","urlTemplate":"https:\/\/globalallianceregister.com\/tr\/?s={search_term_string}"},"query-input":{"@type":"PropertyValueSpecification","valueRequired":true,"valueName":"search_term_string"}}],"inLanguage":"tr"}]}},"_links":{"self":[{"href":"https:\/\/globalallianceregister.com\/tr\/wp-json\/wp\/v2\/pages\/718","targetHints":{"allow":["GET"]}}],"collection":[{"href":"https:\/\/globalallianceregister.com\/tr\/wp-json\/wp\/v2\/pages"}],"about":[{"href":"https:\/\/globalallianceregister.com\/tr\/wp-json\/wp\/v2\/types\/page"}],"author":[{"embeddable":true,"href":"https:\/\/globalallianceregister.com\/tr\/wp-json\/wp\/v2\/users\/10"}],"replies":[{"embeddable":true,"href":"https:\/\/globalallianceregister.com\/tr\/wp-json\/wp\/v2\/comments?post=718"}],"version-history":[{"count":0,"href":"https:\/\/globalallianceregister.com\/tr\/wp-json\/wp\/v2\/pages\/718\/revisions"}],"up":[{"embeddable":true,"href":"https:\/\/globalallianceregister.com\/tr\/wp-json\/wp\/v2\/pages\/361"}],"wp:attachment":[{"href":"https:\/\/globalallianceregister.com\/tr\/wp-json\/wp\/v2\/media?parent=718"}],"curies":[{"name":"wp","href":"https:\/\/api.w.org\/{rel}","templated":true}]}}