{"id":76,"date":"2010-12-25T14:13:50","date_gmt":"2010-12-25T14:13:50","guid":{"rendered":"https:\/\/globalallianceregister.com\/?page_id=76"},"modified":"2016-01-15T18:36:24","modified_gmt":"2016-01-15T18:36:24","slug":"third-party-inspection","status":"publish","type":"page","link":"https:\/\/globalallianceregister.com\/tr\/services\/conformity-assessment\/third-party-inspection\/","title":{"rendered":"Uluslararas\u0131 Ba\u011f\u0131ms\u0131z G\u00f6zetim ve Termin Kontrol\u00fc"},"content":{"rendered":"<p><strong>Global Alliance Register<\/strong> taraf\u0131ndan <strong>3. Taraf Ba\u011f\u0131ms\u0131z G\u00f6zetim Kurulu\u015fu<\/strong> olarak sunulan <strong>uluslararas\u0131\u00a0g\u00f6zetim ve termin kontrol\u00fc\u00a0hizmetleri<\/strong>; tasar\u0131m g\u00f6zden ge\u00e7irme ve do\u011frulama, malzeme g\u00f6zetimi, tan\u0131mlama, imalat-i\u00e7i ve son muayene g\u00f6zetim hizmetleri gibi olduk\u00e7a geni\u015f bir alan\u0131 kapsamaktad\u0131r\u2026<\/p>\n<p>Global Alliance Register, M\u00fc\u015fteri taraf\u0131ndan belirlenen kalite standartlar\u0131na uygunlu\u011fu her biri konusunda uzman ve deneyimli enspekt\u00f6rleri ve uluslararas\u0131 ofis a\u011f\u0131yla g\u00fcvence alt\u0131na almaktad\u0131r.<\/p>\n<p>Global Alliance Register sahip oldu\u011fu en de\u011ferli varl\u0131k uzman insan kaynaklar\u0131 ve uluslararas\u0131 kalifikasyonlar\u0131 ta\u015f\u0131yan uzman kadrosu ile t\u00fcm sekt\u00f6rlere imalattan, in\u015faata, kaynak tekniklerinden proses ve tahribats\u0131z muayene gibi daha bir\u00e7ok alanda m\u00fc\u015fterilerine sundu\u011fu Ba\u011f\u0131ms\u0131z G\u00f6zetim Hizmetleri ile kalite ve sevkiyat esnas\u0131nda s\u00f6zle\u015fme ve\/veya teknik \u015fartnamelerden kaynaklanabilecek t\u00fcm olas\u0131 sorunlar\u0131 ortadan kald\u0131rmaktad\u0131r.<\/p>\n<p>Global Alliance Register sunmakta oldu\u011fu hizmetleri m\u00fc\u015fterilerine bir\u00e7ok alternatif yol \u00f6nererek \u00e7\u00f6z\u00fcm merkezli yakla\u015f\u0131m\u0131 ile taraflar aras\u0131nda (al\u0131c\u0131, sat\u0131c\u0131, imalat\u00e7\u0131, proje sahibi, finans kurulu\u015flar\u0131, sigorta kurumlar\u0131 vb.) s\u00f6zle\u015fmeden kaynaklanan sorumluluklar\u0131n yerine getirilmesini <strong>Uluslararas\u0131 Ba\u011f\u0131ms\u0131z G\u00f6zetim &amp; Denetim Kurulu\u015fu <\/strong>olarak g\u00fcvence alt\u0131na al\u0131r.<\/p>\n<p>Global Alliance Register uluslararas\u0131 arenada kurdu\u011fu stratejik i\u015f ortaklar\u0131 ve geni\u015f ofis a\u011f\u0131yla d\u00fcnyan\u0131n neresinde olursa olsun t\u00fcm sekt\u00f6rleri kapsayacak \u015fekilde <strong>3. Taraf \u0130malat G\u00f6zetimi &amp; Termin Kontrol\u00fc (Expediting) Hizmetleri<\/strong> sunmaktad\u0131r.<\/p>\n<p>3. Taraf G\u00f6zetim &amp; Termin Kontrol\u00fc Hizmetleri yerel ve uluslararas\u0131 m\u00fchendislik kodlar\u0131, uygulamalar, \u00a0standartlar, normlar, reg\u00fclasyonlar\u0131, teknik \u015fartnameler, taraflar aras\u0131nda mutab\u0131k kal\u0131nan g\u00f6zetim ve test protokollerine uygun olarak sunulabilmektedir. Global Alliance Register Enspekt\u00f6rleri ASME, ASTM, AD Merkblatter, ISI, EU Directives &amp; Norms, DIN Norms, BS, API Standards, ANSI, NFPA, TEMA, JIS, ve di\u011fer yerel\/ uluslararas\u0131 standartlara uygun olarak vas\u0131fland\u0131r\u0131lm\u0131\u015f olup ilgili bulunduklar\u0131 alanda geni\u015f deneyime \u00a0sahiptirler. Global Alliance Register Enspekt\u00f6rleri ba\u011fl\u0131 bulunduklar\u0131 disiplinde m\u00fchendislik diplomas\u0131na ve \u00a0gerekli uluslararas\u0131 kalifikasyon sertifikalar\u0131na sahip olup, uzun y\u0131llar i\u00e7erisinde edindikleri g\u00f6zetim ve termin kontrol\u00fc deneyimi ile m\u00fc\u015fterilerimize y\u00fcksek katma de\u011fer sa\u011flamaktad\u0131rlar. Global Alliance Register taraf\u0131ndan olu\u015fturulan 3. Taraf G\u00f6zetim &amp; Termin Kontrol\u00fc Prosed\u00fcrleri deneyimli enspekt\u00f6rlerimiz arac\u0131l\u0131\u011f\u0131yla ilgili \u015fartnamelere uygun olarak g\u00f6zetimi yap\u0131lan \u00fcr\u00fcndeki olas\u0131 uygunsuzluklar\u0131 tespit etmeyi g\u00fcvence alt\u0131na alarak, zaman, enerji ve d\u00fc\u015f\u00fck maliyetlerle i\u015fin tamamlanmas\u0131n\u0131 sa\u011flar.<\/p>\n<p><strong>Global Alliance Register taraf\u0131ndan 3. Taraf Uluslararas\u0131 G\u00f6zetim &amp; Termin Kontrol\u00fc kapsam\u0131nda sunulan hizmetlerden baz\u0131lar\u0131 \u015fu \u015fekildedir:<\/strong><\/p>\n<ul>\n<li>3. Taraf Tasar\u0131m G\u00f6zden Ge\u00e7irme &amp; Do\u011frulama Hizmetleri,<\/li>\n<li>T\u00fcm D\u00fcnyada \u0130malat\u00e7\u0131 Mahallinde G\u00f6zetim &amp; Termin Kontrol\u00fc,<\/li>\n<li>\u0130malat\u00e7\u0131 Mahallinde \u0130malat-\u0130\u00e7i Kalite Kontrol\/ Kalite G\u00fcvence S\u00fcpervize Hizmetleri,<\/li>\n<li>Y\u00fckleme\/ Tahliye G\u00f6zetimi,<\/li>\n<li>Numunelendirme &amp; M\u00fch\u00fcrleme,<\/li>\n<li>3. Taraf Performans Testlerine Nezaret Hizmetleri,<\/li>\n<li>Kaynak Prosed\u00fcrleri &amp; Kaynak\u00e7\u0131 Vas\u0131fland\u0131rma &amp; Belgelendirme Hizmetleri (WPS-PQR-WQT),<\/li>\n<li>NDT \u2013 Tahribats\u0131z Muayene Personeli Vas\u0131fland\u0131rmas\u0131,<\/li>\n<li>Tesis Durum De\u011ferlendirmesi,<\/li>\n<li>\u0130\u015fletmede Bulunan Tesislerin Periyodik Hizmet-\u0130\u00e7i Muayenesi,<\/li>\n<li>Hasar Ekspertizi,<\/li>\n<li>\u0130kinci El Makina Muayenesi,<\/li>\n<li>Boru \u0130malat\u0131 G\u00f6zetimi (Pipemill Inspection),<\/li>\n<li>Tedarik\u00e7i \u00d6n Yeterlilik De\u011ferlendirmesi,<\/li>\n<li>3. Taraf \u00dcr\u00fcn\u00a0 &amp; Malzeme &amp; \u00dcr\u00fcn Tip Onay\u0131,<\/li>\n<li>Ba\u011f\u0131ms\u0131z Muayene Kurulu\u015fu Test &amp; Analiz Hizmetleri<\/li>\n<\/ul>\n<p><strong>Global Alliance Register <\/strong>taraf\u0131ndan sunulan<strong> 3. Taraf Ba\u011f\u0131ms\u0131z G\u00f6zetim &amp; Termin Kontrol\u00fc Hizmetleri <\/strong>hakk\u0131nda sorular\u0131n\u0131z ve talepleriniz i\u00e7in l\u00fctfen taraf\u0131m\u0131zla temas kurunuz\u2026<\/p>\n<p>&nbsp;<\/p>\n<h1>\u0130lgili Sekt\u00f6rler<\/h1>\n<table>\n<tbody>\n<tr>\n<td style=\"width: 350px; border-color: #ffffff; height: 30px; text-align: left; vertical-align: middle; background-color: #f7f7f7;\" width=\"250\">\n<ul style=\"list-style-type: square;\">\n<li><a title=\"Denizcilik Sekt\u00f6r\u00fc\" href=\"https:\/\/globalallianceregister.com\/?page_id=9&amp;lang=tr\" target=\"_blank\">DEN\u0130ZC\u0130L\u0130K<\/a><\/li>\n<\/ul>\n<\/td>\n<td style=\"width: 350px; border-color: #ffffff; height: 30px; text-align: left; vertical-align: middle; background-color: #f7f7f7;\" width=\"250\">\n<ul style=\"list-style-type: square;\">\n<li><a title=\"\u0130n\u015faat Sekt\u00f6r\u00fc\" href=\"https:\/\/globalallianceregister.com\/?page_id=11&amp;lang=tr\" target=\"_blank\">\u0130N\u015eAAT<\/a><\/li>\n<\/ul>\n<\/td>\n<td style=\"width: 350px; border-color: #ffffff; height: 30px; text-align: left; vertical-align: middle; background-color: #f7f7f7;\" width=\"251\">\n<ul style=\"list-style-type: square;\">\n<li><a title=\"Petrol &amp; Gaz Sekt\u00f6r\u00fc\" href=\"https:\/\/globalallianceregister.com\/?page_id=13&amp;lang=tr\" target=\"_blank\">PETROL &amp; GAZ<\/a><\/li>\n<\/ul>\n<\/td>\n<\/tr>\n<tr>\n<td style=\"width: 350px; border-color: #ffffff; height: 30px; text-align: left; vertical-align: middle; background-color: #f7f7f7;\" width=\"250\">\n<ul style=\"list-style-type: square;\">\n<li><a title=\"Enerji &amp; Tesisler\" href=\"https:\/\/globalallianceregister.com\/?page_id=15&amp;lang=tr\" target=\"_blank\">ENERJ\u0130 &amp; TES\u0130SLER<\/a><\/li>\n<\/ul>\n<\/td>\n<td style=\"width: 350px; border-color: #ffffff; height: 30px; text-align: left; vertical-align: middle; background-color: #f7f7f7;\" width=\"250\">\n<ul style=\"list-style-type: square;\">\n<li><a title=\"\u0130malat Sekt\u00f6r\u00fc\" href=\"https:\/\/globalallianceregister.com\/?page_id=20&amp;lang=tr\" target=\"_blank\">\u0130MALAT<\/a><\/li>\n<\/ul>\n<\/td>\n<td style=\"width: 350px; border-color: #ffffff; height: 30px; text-align: left; vertical-align: middle; background-color: #f7f7f7;\" width=\"251\">\n<ul style=\"list-style-type: square;\">\n<li><a title=\"Ula\u015ft\u0131rma &amp; Lojistik Sekt\u00f6r\u00fc\" href=\"https:\/\/globalallianceregister.com\/?page_id=22&amp;lang=tr\" target=\"_blank\">ULA\u015eTIRMA &amp; LOJ\u0130ST\u0130K<\/a><\/li>\n<\/ul>\n<\/td>\n<\/tr>\n<tr>\n<td style=\"width: 350px; border-color: #ffffff; height: 30px; text-align: left; vertical-align: middle; background-color: #f7f7f7;\" width=\"250\">\n<ul style=\"list-style-type: square;\">\n<li><a title=\"Uzay &amp; Havac\u0131l\u0131k Sekt\u00f6r\u00fc\" href=\"https:\/\/globalallianceregister.com\/?page_id=24&amp;lang=tr\" target=\"_blank\">UZAY &amp; HAVACILIK<\/a><\/li>\n<\/ul>\n<\/td>\n<td style=\"width: 350px; border-color: #ffffff; height: 30px; text-align: left; vertical-align: middle; background-color: #f7f7f7;\" width=\"250\">\n<ul style=\"list-style-type: square;\">\n<li><a title=\"Tar\u0131m &amp; G\u0131da Sekt\u00f6r\u00fc\" href=\"https:\/\/globalallianceregister.com\/?page_id=27&amp;lang=tr\" target=\"_blank\">TARIM &amp; GIDA<\/a><\/li>\n<\/ul>\n<\/td>\n<td style=\"width: 350px; border-color: #ffffff; height: 30px; text-align: left; vertical-align: middle; background-color: #f7f7f7;\" width=\"251\">\n<ul style=\"list-style-type: square;\">\n<li><a title=\"Turizm &amp; Otelcilik Sekt\u00f6r\u00fc\" href=\"https:\/\/globalallianceregister.com\/?page_id=29&amp;lang=tr\" target=\"_blank\">TUR\u0130ZM &amp; OTELC\u0130L\u0130K<\/a><\/li>\n<\/ul>\n<\/td>\n<\/tr>\n<tr>\n<td style=\"width: 350px; border-color: #ffffff; height: 30px; text-align: left; vertical-align: middle; background-color: #f7f7f7;\" width=\"250\">\n<ul style=\"list-style-type: square;\">\n<li><a title=\"Finans &amp; Bankac\u0131l\u0131k Sekt\u00f6r\u00fc\" href=\"https:\/\/globalallianceregister.com\/?page_id=38&amp;lang=tr\" target=\"_blank\">F\u0130NANS<\/a><\/li>\n<\/ul>\n<\/td>\n<td style=\"width: 350px; border-color: #ffffff; height: 30px; text-align: left; vertical-align: middle; background-color: #f7f7f7;\" width=\"250\">\n<ul style=\"list-style-type: square;\">\n<li><a title=\"Sigorta Sekt\u00f6r\u00fc\" href=\"https:\/\/globalallianceregister.com\/?page_id=40&amp;lang=tr\" target=\"_blank\">S\u0130GORTA<\/a><\/li>\n<\/ul>\n<\/td>\n<td style=\"width: 350px; border-color: #ffffff; height: 30px; text-align: left; vertical-align: middle; background-color: #f7f7f7;\" width=\"251\">\n<ul style=\"list-style-type: square;\">\n<li><a title=\"Bilgi Teknolojileri Sekt\u00f6r\u00fc\" href=\"https:\/\/globalallianceregister.com\/?page_id=52&amp;lang=tr\" target=\"_blank\">B\u0130LG\u0130 TEKNOLOJ\u0130LER\u0130<\/a><\/li>\n<\/ul>\n<\/td>\n<\/tr>\n<tr>\n<td style=\"width: 350px; border-color: #ffffff; height: 30px; text-align: left; vertical-align: middle; background-color: #f7f7f7;\" width=\"250\">\n<ul style=\"list-style-type: square;\">\n<li><a title=\"Telekom\u00fcnikasyon Sekt\u00f6r\u00fc\" href=\"https:\/\/globalallianceregister.com\/?page_id=54&amp;lang=tr\" target=\"_blank\">TELEKOM\u00dcN\u0130KASYON<\/a><\/li>\n<\/ul>\n<\/td>\n<td style=\"width: 350px; border-color: #ffffff; height: 30px; text-align: left; vertical-align: middle; background-color: #f7f7f7;\" width=\"250\">\n<ul style=\"list-style-type: square;\">\n<li><a title=\"Sa\u011fl\u0131k &amp; T\u0131p Sekt\u00f6r\u00fc\" href=\"https:\/\/globalallianceregister.com\/?page_id=56&amp;lang=tr\" target=\"_blank\">SA\u011eLIK &amp; TIP<\/a><\/li>\n<\/ul>\n<\/td>\n<td style=\"width: 350px; border-color: #ffffff; height: 30px; text-align: left; vertical-align: middle; background-color: #f7f7f7;\" width=\"251\">\u00a0<\/td>\n<\/tr>\n<\/tbody>\n<\/table>\n<p>&nbsp;<\/p>","protected":false},"excerpt":{"rendered":"<p>Global Alliance Register taraf\u0131ndan 3. Taraf Ba\u011f\u0131ms\u0131z G\u00f6zetim Kurulu\u015fu olarak sunulan uluslararas\u0131\u00a0g\u00f6zetim ve termin kontrol\u00fc\u00a0hizmetleri; tasar\u0131m g\u00f6zden ge\u00e7irme ve do\u011frulama, malzeme g\u00f6zetimi, tan\u0131mlama, imalat-i\u00e7i ve son muayene g\u00f6zetim hizmetleri gibi&#8230; <\/p>\n","protected":false},"author":10,"featured_media":5175,"parent":167,"menu_order":1,"comment_status":"closed","ping_status":"closed","template":"page-full.php","meta":{"_acf_changed":false,"om_disable_all_campaigns":false,"footnotes":""},"class_list":["post-76","page","type-page","status-publish","has-post-thumbnail","hentry"],"acf":[],"yoast_head":"<!-- This site is optimized with the Yoast SEO plugin v27.4 - https:\/\/yoast.com\/product\/yoast-seo-wordpress\/ -->\n<title>Uluslararas\u0131 Ba\u011f\u0131ms\u0131z G\u00f6zetim ve Termin Kontrol\u00fc - Global Alliance Register<\/title>\n<meta name=\"robots\" content=\"index, follow, max-snippet:-1, max-image-preview:large, max-video-preview:-1\" \/>\n<link rel=\"canonical\" href=\"https:\/\/globalallianceregister.com\/tr\/services\/conformity-assessment\/third-party-inspection\/\" \/>\n<meta property=\"og:locale\" content=\"tr_TR\" \/>\n<meta property=\"og:type\" content=\"article\" \/>\n<meta property=\"og:title\" content=\"Uluslararas\u0131 Ba\u011f\u0131ms\u0131z G\u00f6zetim ve Termin Kontrol\u00fc - Global Alliance Register\" \/>\n<meta property=\"og:description\" content=\"Global Alliance Register taraf\u0131ndan 3. Taraf Ba\u011f\u0131ms\u0131z G\u00f6zetim Kurulu\u015fu olarak sunulan uluslararas\u0131\u00a0g\u00f6zetim ve termin kontrol\u00fc\u00a0hizmetleri; tasar\u0131m g\u00f6zden ge\u00e7irme ve do\u011frulama, malzeme g\u00f6zetimi, tan\u0131mlama, imalat-i\u00e7i ve son muayene g\u00f6zetim hizmetleri gibi...\" \/>\n<meta property=\"og:url\" content=\"https:\/\/globalallianceregister.com\/tr\/services\/conformity-assessment\/third-party-inspection\/\" \/>\n<meta property=\"og:site_name\" content=\"Global Alliance Register\" \/>\n<meta property=\"article:modified_time\" content=\"2016-01-15T18:36:24+00:00\" \/>\n<meta property=\"og:image\" content=\"https:\/\/globalallianceregister.com\/wp-content\/uploads\/2010\/12\/Inspection-Inner-Page.jpg\" \/>\n\t<meta property=\"og:image:width\" content=\"614\" \/>\n\t<meta property=\"og:image:height\" content=\"200\" \/>\n\t<meta property=\"og:image:type\" content=\"image\/jpeg\" \/>\n<meta name=\"twitter:label1\" content=\"Tahmini okuma s\u00fcresi\" \/>\n\t<meta name=\"twitter:data1\" content=\"5 dakika\" \/>\n<script type=\"application\/ld+json\" class=\"yoast-schema-graph\">{\"@context\":\"https:\\\/\\\/schema.org\",\"@graph\":[{\"@type\":\"WebPage\",\"@id\":\"https:\\\/\\\/globalallianceregister.com\\\/tr\\\/services\\\/conformity-assessment\\\/third-party-inspection\\\/\",\"url\":\"https:\\\/\\\/globalallianceregister.com\\\/tr\\\/services\\\/conformity-assessment\\\/third-party-inspection\\\/\",\"name\":\"Uluslararas\u0131 Ba\u011f\u0131ms\u0131z G\u00f6zetim ve Termin Kontrol\u00fc - Global Alliance Register\",\"isPartOf\":{\"@id\":\"https:\\\/\\\/globalallianceregister.com\\\/tr\\\/#website\"},\"primaryImageOfPage\":{\"@id\":\"https:\\\/\\\/globalallianceregister.com\\\/tr\\\/services\\\/conformity-assessment\\\/third-party-inspection\\\/#primaryimage\"},\"image\":{\"@id\":\"https:\\\/\\\/globalallianceregister.com\\\/tr\\\/services\\\/conformity-assessment\\\/third-party-inspection\\\/#primaryimage\"},\"thumbnailUrl\":\"https:\\\/\\\/globalallianceregister.com\\\/wp-content\\\/uploads\\\/2010\\\/12\\\/Inspection-Inner-Page.jpg\",\"datePublished\":\"2010-12-25T14:13:50+00:00\",\"dateModified\":\"2016-01-15T18:36:24+00:00\",\"breadcrumb\":{\"@id\":\"https:\\\/\\\/globalallianceregister.com\\\/tr\\\/services\\\/conformity-assessment\\\/third-party-inspection\\\/#breadcrumb\"},\"inLanguage\":\"tr\",\"potentialAction\":[{\"@type\":\"ReadAction\",\"target\":[[\"https:\\\/\\\/globalallianceregister.com\\\/tr\\\/services\\\/conformity-assessment\\\/third-party-inspection\\\/\"]]}]},{\"@type\":\"ImageObject\",\"inLanguage\":\"tr\",\"@id\":\"https:\\\/\\\/globalallianceregister.com\\\/tr\\\/services\\\/conformity-assessment\\\/third-party-inspection\\\/#primaryimage\",\"url\":\"https:\\\/\\\/globalallianceregister.com\\\/wp-content\\\/uploads\\\/2010\\\/12\\\/Inspection-Inner-Page.jpg\",\"contentUrl\":\"https:\\\/\\\/globalallianceregister.com\\\/wp-content\\\/uploads\\\/2010\\\/12\\\/Inspection-Inner-Page.jpg\",\"width\":614,\"height\":200},{\"@type\":\"BreadcrumbList\",\"@id\":\"https:\\\/\\\/globalallianceregister.com\\\/tr\\\/services\\\/conformity-assessment\\\/third-party-inspection\\\/#breadcrumb\",\"itemListElement\":[{\"@type\":\"ListItem\",\"position\":1,\"name\":\"Anasayfa\",\"item\":\"https:\\\/\\\/globalallianceregister.com\\\/tr\\\/\"},{\"@type\":\"ListItem\",\"position\":2,\"name\":\"Uluslararas\u0131 Ba\u011f\u0131ms\u0131z G\u00f6zetim ve Termin Kontrol\u00fc\"}]},{\"@type\":\"WebSite\",\"@id\":\"https:\\\/\\\/globalallianceregister.com\\\/tr\\\/#website\",\"url\":\"https:\\\/\\\/globalallianceregister.com\\\/tr\\\/\",\"name\":\"Global Alliance Register\",\"description\":\"(EN) Together for Excellence\",\"potentialAction\":[{\"@type\":\"SearchAction\",\"target\":{\"@type\":\"EntryPoint\",\"urlTemplate\":\"https:\\\/\\\/globalallianceregister.com\\\/tr\\\/?s={search_term_string}\"},\"query-input\":{\"@type\":\"PropertyValueSpecification\",\"valueRequired\":true,\"valueName\":\"search_term_string\"}}],\"inLanguage\":\"tr\"}]}<\/script>\n<!-- \/ Yoast SEO plugin. -->","yoast_head_json":{"title":"Uluslararas\u0131 Ba\u011f\u0131ms\u0131z G\u00f6zetim ve Termin Kontrol\u00fc - Global Alliance Register","robots":{"index":"index","follow":"follow","max-snippet":"max-snippet:-1","max-image-preview":"max-image-preview:large","max-video-preview":"max-video-preview:-1"},"canonical":"https:\/\/globalallianceregister.com\/tr\/services\/conformity-assessment\/third-party-inspection\/","og_locale":"tr_TR","og_type":"article","og_title":"Uluslararas\u0131 Ba\u011f\u0131ms\u0131z G\u00f6zetim ve Termin Kontrol\u00fc - Global Alliance Register","og_description":"Global Alliance Register taraf\u0131ndan 3. Taraf Ba\u011f\u0131ms\u0131z G\u00f6zetim Kurulu\u015fu olarak sunulan uluslararas\u0131\u00a0g\u00f6zetim ve termin kontrol\u00fc\u00a0hizmetleri; tasar\u0131m g\u00f6zden ge\u00e7irme ve do\u011frulama, malzeme g\u00f6zetimi, tan\u0131mlama, imalat-i\u00e7i ve son muayene g\u00f6zetim hizmetleri gibi...","og_url":"https:\/\/globalallianceregister.com\/tr\/services\/conformity-assessment\/third-party-inspection\/","og_site_name":"Global Alliance Register","article_modified_time":"2016-01-15T18:36:24+00:00","og_image":[{"width":614,"height":200,"url":"https:\/\/globalallianceregister.com\/wp-content\/uploads\/2010\/12\/Inspection-Inner-Page.jpg","type":"image\/jpeg"}],"twitter_misc":{"Tahmini okuma s\u00fcresi":"5 dakika"},"schema":{"@context":"https:\/\/schema.org","@graph":[{"@type":"WebPage","@id":"https:\/\/globalallianceregister.com\/tr\/services\/conformity-assessment\/third-party-inspection\/","url":"https:\/\/globalallianceregister.com\/tr\/services\/conformity-assessment\/third-party-inspection\/","name":"Uluslararas\u0131 Ba\u011f\u0131ms\u0131z G\u00f6zetim ve Termin Kontrol\u00fc - Global Alliance Register","isPartOf":{"@id":"https:\/\/globalallianceregister.com\/tr\/#website"},"primaryImageOfPage":{"@id":"https:\/\/globalallianceregister.com\/tr\/services\/conformity-assessment\/third-party-inspection\/#primaryimage"},"image":{"@id":"https:\/\/globalallianceregister.com\/tr\/services\/conformity-assessment\/third-party-inspection\/#primaryimage"},"thumbnailUrl":"https:\/\/globalallianceregister.com\/wp-content\/uploads\/2010\/12\/Inspection-Inner-Page.jpg","datePublished":"2010-12-25T14:13:50+00:00","dateModified":"2016-01-15T18:36:24+00:00","breadcrumb":{"@id":"https:\/\/globalallianceregister.com\/tr\/services\/conformity-assessment\/third-party-inspection\/#breadcrumb"},"inLanguage":"tr","potentialAction":[{"@type":"ReadAction","target":[["https:\/\/globalallianceregister.com\/tr\/services\/conformity-assessment\/third-party-inspection\/"]]}]},{"@type":"ImageObject","inLanguage":"tr","@id":"https:\/\/globalallianceregister.com\/tr\/services\/conformity-assessment\/third-party-inspection\/#primaryimage","url":"https:\/\/globalallianceregister.com\/wp-content\/uploads\/2010\/12\/Inspection-Inner-Page.jpg","contentUrl":"https:\/\/globalallianceregister.com\/wp-content\/uploads\/2010\/12\/Inspection-Inner-Page.jpg","width":614,"height":200},{"@type":"BreadcrumbList","@id":"https:\/\/globalallianceregister.com\/tr\/services\/conformity-assessment\/third-party-inspection\/#breadcrumb","itemListElement":[{"@type":"ListItem","position":1,"name":"Anasayfa","item":"https:\/\/globalallianceregister.com\/tr\/"},{"@type":"ListItem","position":2,"name":"Uluslararas\u0131 Ba\u011f\u0131ms\u0131z G\u00f6zetim ve Termin Kontrol\u00fc"}]},{"@type":"WebSite","@id":"https:\/\/globalallianceregister.com\/tr\/#website","url":"https:\/\/globalallianceregister.com\/tr\/","name":"Global Alliance Register","description":"(EN) Together for Excellence","potentialAction":[{"@type":"SearchAction","target":{"@type":"EntryPoint","urlTemplate":"https:\/\/globalallianceregister.com\/tr\/?s={search_term_string}"},"query-input":{"@type":"PropertyValueSpecification","valueRequired":true,"valueName":"search_term_string"}}],"inLanguage":"tr"}]}},"_links":{"self":[{"href":"https:\/\/globalallianceregister.com\/tr\/wp-json\/wp\/v2\/pages\/76","targetHints":{"allow":["GET"]}}],"collection":[{"href":"https:\/\/globalallianceregister.com\/tr\/wp-json\/wp\/v2\/pages"}],"about":[{"href":"https:\/\/globalallianceregister.com\/tr\/wp-json\/wp\/v2\/types\/page"}],"author":[{"embeddable":true,"href":"https:\/\/globalallianceregister.com\/tr\/wp-json\/wp\/v2\/users\/10"}],"replies":[{"embeddable":true,"href":"https:\/\/globalallianceregister.com\/tr\/wp-json\/wp\/v2\/comments?post=76"}],"version-history":[{"count":0,"href":"https:\/\/globalallianceregister.com\/tr\/wp-json\/wp\/v2\/pages\/76\/revisions"}],"up":[{"embeddable":true,"href":"https:\/\/globalallianceregister.com\/tr\/wp-json\/wp\/v2\/pages\/167"}],"wp:featuredmedia":[{"embeddable":true,"href":"https:\/\/globalallianceregister.com\/tr\/wp-json\/wp\/v2\/media\/5175"}],"wp:attachment":[{"href":"https:\/\/globalallianceregister.com\/tr\/wp-json\/wp\/v2\/media?parent=76"}],"curies":[{"name":"wp","href":"https:\/\/api.w.org\/{rel}","templated":true}]}}