{"id":87,"date":"2010-12-25T14:24:32","date_gmt":"2010-12-25T14:24:32","guid":{"rendered":"https:\/\/globalallianceregister.com\/?page_id=87"},"modified":"2016-01-15T18:51:26","modified_gmt":"2016-01-15T18:51:26","slug":"preshipment-inspection","status":"publish","type":"page","link":"https:\/\/globalallianceregister.com\/tr\/services\/conformity-assessment\/preshipment-inspection\/","title":{"rendered":"Y\u00fckleme ve Tahliye G\u00f6zetimi"},"content":{"rendered":"<p><strong>Uluslararas\u0131 Ba\u011f\u0131ms\u0131z G\u00f6zetim Kurulu\u015fu<\/strong> olarak <strong>Global Alliance Register <\/strong>taraf\u0131ndan T\u00fcrkiye ve d\u00fcnyan\u0131n t\u00fcm \u00fclkelerinde mevcut geni\u015f ofis a\u011f\u0131m\u0131z ve yerel enspekt\u00f6rlerimiz arac\u0131l\u0131\u011f\u0131yla sa\u011flanan <strong>Y\u00fckleme \u00a0ve Tahliye G\u00f6zetimi Hizmeti<\/strong> kapsam\u0131nda; kalite ve miktar g\u00f6zetimine ek olarak m\u00fc\u015fteri talepleri do\u011frultusunda lashing, numunelendirme, akredite test ve analiz hizmetleri de sunularak tedarik\u00e7iler ve al\u0131c\u0131lar aras\u0131nda ticaretin g\u00fcvenli bir platformda ger\u00e7ekle\u015ftirilmesi g\u00fcvence alt\u0131na al\u0131nmaktad\u0131r.<\/p>\n<p><strong>Y\u00fckleme ve\u00a0Tahliye G\u00f6zetimi<\/strong> genellikle m\u00fc\u015fterilerimiz taraf\u0131ndan sevkiyat\u0131 yap\u0131lacak olan \u00fcr\u00fcnlerin miktar, kalite, paketleme ve markalama bak\u0131m\u0131ndan taahh\u00fct edilen ko\u015fullara uygun yap\u0131ld\u0131\u011f\u0131n\u0131n Uluslararas\u0131 Ba\u011f\u0131ms\u0131z G\u00f6zetim Kurulu\u015fu olarak Global Alliance Register Enspekt\u00f6rleri &amp; S\u00f6rvey\u00f6rleri taraf\u0131ndan kontrol edilmesi ve do\u011frulanmas\u0131 amac\u0131yla talep edilmektedir. Bu \u015fekilde; Global Alliance Register taraf\u0131ndan haz\u0131rlanan G\u00f6zetim Raporu\u2019nda al\u0131c\u0131lar \u00fccretini \u00f6demi\u015f oldu\u011fu \u00fcr\u00fcnlerin taahh\u00fct edilen ko\u015fullara uygunlu\u011funu g\u00fcvence alt\u0131na al\u0131rken, sat\u0131c\u0131lar ise olas\u0131 t\u00fcm risklerden ar\u0131nm\u0131\u015f \u015fekilde g\u00fcvenle \u00fcr\u00fcnlerini m\u00fc\u015fterilerine sevk edebilmektedirler.<\/p>\n<p>G\u00fcn\u00fcm\u00fczde bir\u00e7ok al\u0131c\u0131 tedarik\u00e7ilere sanal ortamlarda ula\u015f\u0131rken, bu durum fiziki ortamlarda yap\u0131lan g\u00f6r\u00fc\u015fmeye dayal\u0131 ve tecr\u00fcbe esasl\u0131 olmad\u0131\u011f\u0131ndan \u00f6ng\u00f6r\u00fclemez bir\u00e7ok riski de do\u011fal olarak beraberinde getirmektedir. Global Alliance Register bu anlamda yerel ve uluslararas\u0131 ticari al\u0131\u015fveri\u015flerde kaynaklanabilecek olas\u0131 t\u00fcm riskleri engelleme amac\u0131yla sundu\u011fu Uluslararas\u0131 Ba\u011f\u0131ms\u0131z Y\u00fckleme &amp; Tahliye G\u00f6zetim Hizmetleri ile tedarik\u00e7ilerden zaman\u0131nda, kaliteli \u00fcr\u00fcnlerin teslimini g\u00fcvence alt\u0131na almaktad\u0131r.<\/p>\n<p>Prensip olarak Global Alliance Register sat\u0131c\u0131lar veya al\u0131c\u0131lar taraf\u0131ndan a\u00e7\u0131lan Akreditif (Letter of Credit) Ko\u015fulu olarak nomine edilmektedir.<\/p>\n<p>Bu \u015fekilde <strong>Global Alliance Register G\u00f6zetim Raporu<\/strong> i\u00e7eri\u011finde taahh\u00fct edilen ko\u015fullar sa\u011flanmad\u0131\u011f\u0131 belirtilmi\u015f ise akreditif ilgili al\u0131c\u0131 bankas\u0131 taraf\u0131ndan \u00f6deme serbest b\u0131rak\u0131lmayacakt\u0131r.<\/p>\n<p><strong>Global Alliance Register Y\u00fckleme &amp; Tahliye G\u00f6zetimi Hizmetleri \u015fu ana ba\u015fl\u0131klar alt\u0131nda \u00f6zetlenebilir:<\/strong><\/p>\n<ul>\n<li>Kalite &amp; Miktar G\u00f6zetimi,<\/li>\n<li>Paketleme &amp; Markalama Kontrol\u00fc,<\/li>\n<li>3. Taraf Numunelendirme,<\/li>\n<li>Ba\u011f\u0131ms\u0131z M\u00fch\u00fcrleme,<\/li>\n<li>Test &amp; Analiz Hizmetleri,<\/li>\n<li>Lashing,<\/li>\n<li>Hasar G\u00f6zetimi,<\/li>\n<li>Y\u00fckleme &amp; Tahliye S\u00fcrecinin Foto\u011frafl\u0131 Anlat\u0131m\u0131,<\/li>\n<li>Draft S\u00f6rvey,<\/li>\n<li>Bunker S\u00f6rvey,<\/li>\n<li>Kantar G\u00f6zetimi,<\/li>\n<li>Su S\u0131zd\u0131rmazl\u0131k Testi ( Watertightness Test),<\/li>\n<li>Y\u00fckleme \u00d6ncesi Ambar Temizli\u011fi Kontrol\u00fc,<\/li>\n<li>Raporlama; G\u00f6zetim Serbest B\u0131rak\u0131m Notu, G\u00f6zetim Raporu, G\u00f6zetim Sertifikas\u0131, Draft S\u00f6rvey Raporu, Bunker S\u00f6rvey Raporu, Test &amp; Analiz Sertifikas\u0131, Protesto Mektubu, Uygunsuzluk Raporu, ve ilgili taraflarca talep edilen di\u011fer g\u00f6zetim raporlar\u0131,<\/li>\n<\/ul>\n<p>G\u00f6zetim Hizmetleri\u2019nin tamamlanmas\u0131n\u0131 takiben, Akreditif \u015eartlar\u0131n\u0131n sa\u011fland\u0131\u011f\u0131na dair Global Alliance Register taraf\u0131ndan sunulacak olan G\u00f6zetim Raporu ve\/ veya G\u00f6zetim Sertifikas\u0131 ile al\u0131c\u0131 bankas\u0131 \u00f6demeyi sat\u0131c\u0131 ad\u0131na serbest b\u0131rakacakt\u0131r.<\/p>\n<p>G\u00f6zetim Hizmetleri\u2019nin yan\u0131 s\u0131ra akreditif \u015fartlar\u0131n\u0131n olas\u0131 risklerden tam anlam\u0131yla ar\u0131nd\u0131r\u0131lm\u0131\u015f bir \u015fekilde haz\u0131rlanmas\u0131 konusunda m\u00fc\u015fterilerimize dan\u0131\u015fmanl\u0131k hizmetleri de sunmaktay\u0131z.<\/p>\n<p><strong>Y\u00fckleme &amp; Tahliye G\u00f6zetimi <\/strong>hakk\u0131nda sorular\u0131n\u0131z ve t\u00fcme taleplerinizi i\u00e7in l\u00fctfen taraf\u0131m\u0131zla temas kurunuz\u2026<\/p>\n<p>&nbsp;<\/p>\n<h1>\u0130lgili Sekt\u00f6rler<\/h1>\n<table>\n<tbody>\n<tr>\n<td style=\"width: 350px; border-color: #ffffff; height: 30px; text-align: left; vertical-align: middle; background-color: #f7f7f7;\" width=\"250\">\n<ul style=\"list-style-type: square;\">\n<li><a title=\"Denizcilik Sekt\u00f6r\u00fc\" href=\"https:\/\/globalallianceregister.com\/?page_id=9&amp;lang=tr\" target=\"_blank\">DEN\u0130ZC\u0130L\u0130K<\/a><\/li>\n<\/ul>\n<\/td>\n<td style=\"width: 350px; border-color: #ffffff; height: 30px; text-align: left; vertical-align: middle; background-color: #f7f7f7;\" width=\"250\">\n<ul style=\"list-style-type: square;\">\n<li><a title=\"\u0130n\u015faat Sekt\u00f6r\u00fc\" href=\"https:\/\/globalallianceregister.com\/?page_id=11&amp;lang=tr\" target=\"_blank\">\u0130N\u015eAAT<\/a><\/li>\n<\/ul>\n<\/td>\n<td style=\"width: 350px; border-color: #ffffff; height: 30px; text-align: left; vertical-align: middle; background-color: #f7f7f7;\" width=\"251\">\n<ul style=\"list-style-type: square;\">\n<li><a title=\"Petrol &amp; Gaz Sekt\u00f6r\u00fc\" href=\"https:\/\/globalallianceregister.com\/?page_id=13&amp;lang=tr\" target=\"_blank\">PETROL &amp; GAZ<\/a><\/li>\n<\/ul>\n<\/td>\n<\/tr>\n<tr>\n<td style=\"width: 350px; border-color: #ffffff; height: 30px; text-align: left; vertical-align: middle; background-color: #f7f7f7;\" width=\"250\">\n<ul style=\"list-style-type: square;\">\n<li><a title=\"Enerji &amp; Tesisler\" href=\"https:\/\/globalallianceregister.com\/?page_id=15&amp;lang=tr\" target=\"_blank\">ENERJ\u0130 &amp; TES\u0130SLER<\/a><\/li>\n<\/ul>\n<\/td>\n<td style=\"width: 350px; border-color: #ffffff; height: 30px; text-align: left; vertical-align: middle; background-color: #f7f7f7;\" width=\"250\">\n<ul style=\"list-style-type: square;\">\n<li><a title=\"\u0130malat Sekt\u00f6r\u00fc\" href=\"https:\/\/globalallianceregister.com\/?page_id=20&amp;lang=tr\" target=\"_blank\">\u0130MALAT<\/a><\/li>\n<\/ul>\n<\/td>\n<td style=\"width: 350px; border-color: #ffffff; height: 30px; text-align: left; vertical-align: middle; background-color: #f7f7f7;\" width=\"251\">\n<ul style=\"list-style-type: square;\">\n<li><a title=\"Ula\u015ft\u0131rma &amp; Lojistik Sekt\u00f6r\u00fc\" href=\"https:\/\/globalallianceregister.com\/?page_id=22&amp;lang=tr\" target=\"_blank\">ULA\u015eTIRMA &amp; LOJ\u0130ST\u0130K<\/a><\/li>\n<\/ul>\n<\/td>\n<\/tr>\n<tr>\n<td style=\"width: 350px; border-color: #ffffff; height: 30px; text-align: left; vertical-align: middle; background-color: #f7f7f7;\" width=\"250\">\n<ul style=\"list-style-type: square;\">\n<li><a title=\"Uzay &amp; Havac\u0131l\u0131k Sekt\u00f6r\u00fc\" href=\"https:\/\/globalallianceregister.com\/?page_id=24&amp;lang=tr\" target=\"_blank\">UZAY &amp; HAVACILIK<\/a><\/li>\n<\/ul>\n<\/td>\n<td style=\"width: 350px; border-color: #ffffff; height: 30px; text-align: left; vertical-align: middle; background-color: #f7f7f7;\" width=\"250\">\n<ul style=\"list-style-type: square;\">\n<li><a title=\"Tar\u0131m &amp; G\u0131da Sekt\u00f6r\u00fc\" href=\"https:\/\/globalallianceregister.com\/?page_id=27&amp;lang=tr\" target=\"_blank\">TARIM &amp; GIDA<\/a><\/li>\n<\/ul>\n<\/td>\n<td style=\"width: 350px; border-color: #ffffff; height: 30px; text-align: left; vertical-align: middle; background-color: #f7f7f7;\" width=\"251\">\n<ul style=\"list-style-type: square;\">\n<li><a title=\"Turizm &amp; Otelcilik Sekt\u00f6r\u00fc\" href=\"https:\/\/globalallianceregister.com\/?page_id=29&amp;lang=tr\" target=\"_blank\">TUR\u0130ZM &amp; OTELC\u0130L\u0130K<\/a><\/li>\n<\/ul>\n<\/td>\n<\/tr>\n<tr>\n<td style=\"width: 350px; border-color: #ffffff; height: 30px; text-align: left; vertical-align: middle; background-color: #f7f7f7;\" width=\"250\">\n<ul style=\"list-style-type: square;\">\n<li><a title=\"Finans &amp; Bankac\u0131l\u0131k Sekt\u00f6r\u00fc\" href=\"https:\/\/globalallianceregister.com\/?page_id=38&amp;lang=tr\" target=\"_blank\">F\u0130NANS<\/a><\/li>\n<\/ul>\n<\/td>\n<td style=\"width: 350px; border-color: #ffffff; height: 30px; text-align: left; vertical-align: middle; background-color: #f7f7f7;\" width=\"250\">\n<ul style=\"list-style-type: square;\">\n<li><a title=\"Sigorta Sekt\u00f6r\u00fc\" href=\"https:\/\/globalallianceregister.com\/?page_id=40&amp;lang=tr\" target=\"_blank\">S\u0130GORTA<\/a><\/li>\n<\/ul>\n<\/td>\n<td style=\"width: 350px; border-color: #ffffff; height: 30px; text-align: left; vertical-align: middle; background-color: #f7f7f7;\" width=\"251\">\n<ul style=\"list-style-type: square;\">\n<li><a title=\"Bilgi Teknolojileri Sekt\u00f6r\u00fc\" href=\"https:\/\/globalallianceregister.com\/?page_id=52&amp;lang=tr\" target=\"_blank\">B\u0130LG\u0130 TEKNOLOJ\u0130LER\u0130<\/a><\/li>\n<\/ul>\n<\/td>\n<\/tr>\n<tr>\n<td style=\"width: 350px; border-color: #ffffff; height: 30px; text-align: left; vertical-align: middle; background-color: #f7f7f7;\" width=\"250\">\n<ul style=\"list-style-type: square;\">\n<li><a title=\"Telekom\u00fcnikasyon Sekt\u00f6r\u00fc\" href=\"https:\/\/globalallianceregister.com\/?page_id=54&amp;lang=tr\" target=\"_blank\">TELEKOM\u00dcN\u0130KASYON<\/a><\/li>\n<\/ul>\n<\/td>\n<td style=\"width: 350px; border-color: #ffffff; height: 30px; text-align: left; vertical-align: middle; background-color: #f7f7f7;\" width=\"250\">\n<ul style=\"list-style-type: square;\">\n<li><a title=\"Sa\u011fl\u0131k &amp; T\u0131p Sekt\u00f6r\u00fc\" href=\"https:\/\/globalallianceregister.com\/?page_id=56&amp;lang=tr\" target=\"_blank\">SA\u011eLIK &amp; TIP<\/a><\/li>\n<\/ul>\n<\/td>\n<td style=\"width: 350px; border-color: #ffffff; height: 30px; text-align: left; vertical-align: middle; background-color: #f7f7f7;\" width=\"251\">\u00a0<\/td>\n<\/tr>\n<\/tbody>\n<\/table>\n<div id=\"content_applied_s\">\n<div id=\"content_applied_s_right\">\u00a0<\/div>\n<\/div>\n<p>&nbsp;<\/p>","protected":false},"excerpt":{"rendered":"<p>Uluslararas\u0131 Ba\u011f\u0131ms\u0131z G\u00f6zetim Kurulu\u015fu olarak Global Alliance Register taraf\u0131ndan T\u00fcrkiye ve d\u00fcnyan\u0131n t\u00fcm \u00fclkelerinde mevcut geni\u015f ofis a\u011f\u0131m\u0131z ve yerel enspekt\u00f6rlerimiz arac\u0131l\u0131\u011f\u0131yla sa\u011flanan Y\u00fckleme \u00a0ve Tahliye G\u00f6zetimi Hizmeti kapsam\u0131nda; kalite&#8230; <\/p>\n","protected":false},"author":10,"featured_media":5131,"parent":167,"menu_order":5,"comment_status":"closed","ping_status":"closed","template":"page-full.php","meta":{"_acf_changed":false,"om_disable_all_campaigns":false,"footnotes":""},"class_list":["post-87","page","type-page","status-publish","has-post-thumbnail","hentry"],"acf":[],"yoast_head":"<!-- This site is optimized with the Yoast SEO plugin v27.4 - https:\/\/yoast.com\/product\/yoast-seo-wordpress\/ -->\n<title>Y\u00fckleme ve Tahliye G\u00f6zetimi - Global Alliance Register<\/title>\n<meta name=\"robots\" content=\"index, follow, max-snippet:-1, max-image-preview:large, max-video-preview:-1\" \/>\n<link rel=\"canonical\" href=\"https:\/\/globalallianceregister.com\/tr\/services\/conformity-assessment\/preshipment-inspection\/\" \/>\n<meta property=\"og:locale\" content=\"tr_TR\" \/>\n<meta property=\"og:type\" content=\"article\" \/>\n<meta property=\"og:title\" content=\"Y\u00fckleme ve Tahliye G\u00f6zetimi - Global Alliance Register\" \/>\n<meta property=\"og:description\" content=\"Uluslararas\u0131 Ba\u011f\u0131ms\u0131z G\u00f6zetim Kurulu\u015fu olarak Global Alliance Register taraf\u0131ndan T\u00fcrkiye ve d\u00fcnyan\u0131n t\u00fcm \u00fclkelerinde mevcut geni\u015f ofis a\u011f\u0131m\u0131z ve yerel enspekt\u00f6rlerimiz arac\u0131l\u0131\u011f\u0131yla sa\u011flanan Y\u00fckleme \u00a0ve Tahliye G\u00f6zetimi Hizmeti kapsam\u0131nda; kalite...\" \/>\n<meta property=\"og:url\" content=\"https:\/\/globalallianceregister.com\/tr\/services\/conformity-assessment\/preshipment-inspection\/\" \/>\n<meta property=\"og:site_name\" content=\"Global Alliance Register\" \/>\n<meta property=\"article:modified_time\" content=\"2016-01-15T18:51:26+00:00\" \/>\n<meta property=\"og:image\" content=\"https:\/\/globalallianceregister.com\/wp-content\/uploads\/2010\/12\/Transport-Logistics-Inner-Page-2.jpg\" \/>\n\t<meta property=\"og:image:width\" content=\"614\" \/>\n\t<meta property=\"og:image:height\" content=\"200\" \/>\n\t<meta property=\"og:image:type\" content=\"image\/jpeg\" \/>\n<meta name=\"twitter:label1\" content=\"Tahmini okuma s\u00fcresi\" \/>\n\t<meta name=\"twitter:data1\" content=\"5 dakika\" \/>\n<script type=\"application\/ld+json\" class=\"yoast-schema-graph\">{\"@context\":\"https:\\\/\\\/schema.org\",\"@graph\":[{\"@type\":\"WebPage\",\"@id\":\"https:\\\/\\\/globalallianceregister.com\\\/tr\\\/services\\\/conformity-assessment\\\/preshipment-inspection\\\/\",\"url\":\"https:\\\/\\\/globalallianceregister.com\\\/tr\\\/services\\\/conformity-assessment\\\/preshipment-inspection\\\/\",\"name\":\"Y\u00fckleme ve Tahliye G\u00f6zetimi - Global Alliance Register\",\"isPartOf\":{\"@id\":\"https:\\\/\\\/globalallianceregister.com\\\/tr\\\/#website\"},\"primaryImageOfPage\":{\"@id\":\"https:\\\/\\\/globalallianceregister.com\\\/tr\\\/services\\\/conformity-assessment\\\/preshipment-inspection\\\/#primaryimage\"},\"image\":{\"@id\":\"https:\\\/\\\/globalallianceregister.com\\\/tr\\\/services\\\/conformity-assessment\\\/preshipment-inspection\\\/#primaryimage\"},\"thumbnailUrl\":\"https:\\\/\\\/globalallianceregister.com\\\/wp-content\\\/uploads\\\/2010\\\/12\\\/Transport-Logistics-Inner-Page-2.jpg\",\"datePublished\":\"2010-12-25T14:24:32+00:00\",\"dateModified\":\"2016-01-15T18:51:26+00:00\",\"breadcrumb\":{\"@id\":\"https:\\\/\\\/globalallianceregister.com\\\/tr\\\/services\\\/conformity-assessment\\\/preshipment-inspection\\\/#breadcrumb\"},\"inLanguage\":\"tr\",\"potentialAction\":[{\"@type\":\"ReadAction\",\"target\":[[\"https:\\\/\\\/globalallianceregister.com\\\/tr\\\/services\\\/conformity-assessment\\\/preshipment-inspection\\\/\"]]}]},{\"@type\":\"ImageObject\",\"inLanguage\":\"tr\",\"@id\":\"https:\\\/\\\/globalallianceregister.com\\\/tr\\\/services\\\/conformity-assessment\\\/preshipment-inspection\\\/#primaryimage\",\"url\":\"https:\\\/\\\/globalallianceregister.com\\\/wp-content\\\/uploads\\\/2010\\\/12\\\/Transport-Logistics-Inner-Page-2.jpg\",\"contentUrl\":\"https:\\\/\\\/globalallianceregister.com\\\/wp-content\\\/uploads\\\/2010\\\/12\\\/Transport-Logistics-Inner-Page-2.jpg\",\"width\":614,\"height\":200},{\"@type\":\"BreadcrumbList\",\"@id\":\"https:\\\/\\\/globalallianceregister.com\\\/tr\\\/services\\\/conformity-assessment\\\/preshipment-inspection\\\/#breadcrumb\",\"itemListElement\":[{\"@type\":\"ListItem\",\"position\":1,\"name\":\"Anasayfa\",\"item\":\"https:\\\/\\\/globalallianceregister.com\\\/tr\\\/\"},{\"@type\":\"ListItem\",\"position\":2,\"name\":\"Y\u00fckleme ve Tahliye G\u00f6zetimi\"}]},{\"@type\":\"WebSite\",\"@id\":\"https:\\\/\\\/globalallianceregister.com\\\/tr\\\/#website\",\"url\":\"https:\\\/\\\/globalallianceregister.com\\\/tr\\\/\",\"name\":\"Global Alliance Register\",\"description\":\"(EN) Together for Excellence\",\"potentialAction\":[{\"@type\":\"SearchAction\",\"target\":{\"@type\":\"EntryPoint\",\"urlTemplate\":\"https:\\\/\\\/globalallianceregister.com\\\/tr\\\/?s={search_term_string}\"},\"query-input\":{\"@type\":\"PropertyValueSpecification\",\"valueRequired\":true,\"valueName\":\"search_term_string\"}}],\"inLanguage\":\"tr\"}]}<\/script>\n<!-- \/ Yoast SEO plugin. -->","yoast_head_json":{"title":"Y\u00fckleme ve Tahliye G\u00f6zetimi - Global Alliance Register","robots":{"index":"index","follow":"follow","max-snippet":"max-snippet:-1","max-image-preview":"max-image-preview:large","max-video-preview":"max-video-preview:-1"},"canonical":"https:\/\/globalallianceregister.com\/tr\/services\/conformity-assessment\/preshipment-inspection\/","og_locale":"tr_TR","og_type":"article","og_title":"Y\u00fckleme ve Tahliye G\u00f6zetimi - Global Alliance Register","og_description":"Uluslararas\u0131 Ba\u011f\u0131ms\u0131z G\u00f6zetim Kurulu\u015fu olarak Global Alliance Register taraf\u0131ndan T\u00fcrkiye ve d\u00fcnyan\u0131n t\u00fcm \u00fclkelerinde mevcut geni\u015f ofis a\u011f\u0131m\u0131z ve yerel enspekt\u00f6rlerimiz arac\u0131l\u0131\u011f\u0131yla sa\u011flanan Y\u00fckleme \u00a0ve Tahliye G\u00f6zetimi Hizmeti kapsam\u0131nda; kalite...","og_url":"https:\/\/globalallianceregister.com\/tr\/services\/conformity-assessment\/preshipment-inspection\/","og_site_name":"Global Alliance Register","article_modified_time":"2016-01-15T18:51:26+00:00","og_image":[{"width":614,"height":200,"url":"https:\/\/globalallianceregister.com\/wp-content\/uploads\/2010\/12\/Transport-Logistics-Inner-Page-2.jpg","type":"image\/jpeg"}],"twitter_misc":{"Tahmini okuma s\u00fcresi":"5 dakika"},"schema":{"@context":"https:\/\/schema.org","@graph":[{"@type":"WebPage","@id":"https:\/\/globalallianceregister.com\/tr\/services\/conformity-assessment\/preshipment-inspection\/","url":"https:\/\/globalallianceregister.com\/tr\/services\/conformity-assessment\/preshipment-inspection\/","name":"Y\u00fckleme ve Tahliye G\u00f6zetimi - Global Alliance Register","isPartOf":{"@id":"https:\/\/globalallianceregister.com\/tr\/#website"},"primaryImageOfPage":{"@id":"https:\/\/globalallianceregister.com\/tr\/services\/conformity-assessment\/preshipment-inspection\/#primaryimage"},"image":{"@id":"https:\/\/globalallianceregister.com\/tr\/services\/conformity-assessment\/preshipment-inspection\/#primaryimage"},"thumbnailUrl":"https:\/\/globalallianceregister.com\/wp-content\/uploads\/2010\/12\/Transport-Logistics-Inner-Page-2.jpg","datePublished":"2010-12-25T14:24:32+00:00","dateModified":"2016-01-15T18:51:26+00:00","breadcrumb":{"@id":"https:\/\/globalallianceregister.com\/tr\/services\/conformity-assessment\/preshipment-inspection\/#breadcrumb"},"inLanguage":"tr","potentialAction":[{"@type":"ReadAction","target":[["https:\/\/globalallianceregister.com\/tr\/services\/conformity-assessment\/preshipment-inspection\/"]]}]},{"@type":"ImageObject","inLanguage":"tr","@id":"https:\/\/globalallianceregister.com\/tr\/services\/conformity-assessment\/preshipment-inspection\/#primaryimage","url":"https:\/\/globalallianceregister.com\/wp-content\/uploads\/2010\/12\/Transport-Logistics-Inner-Page-2.jpg","contentUrl":"https:\/\/globalallianceregister.com\/wp-content\/uploads\/2010\/12\/Transport-Logistics-Inner-Page-2.jpg","width":614,"height":200},{"@type":"BreadcrumbList","@id":"https:\/\/globalallianceregister.com\/tr\/services\/conformity-assessment\/preshipment-inspection\/#breadcrumb","itemListElement":[{"@type":"ListItem","position":1,"name":"Anasayfa","item":"https:\/\/globalallianceregister.com\/tr\/"},{"@type":"ListItem","position":2,"name":"Y\u00fckleme ve Tahliye G\u00f6zetimi"}]},{"@type":"WebSite","@id":"https:\/\/globalallianceregister.com\/tr\/#website","url":"https:\/\/globalallianceregister.com\/tr\/","name":"Global Alliance Register","description":"(EN) Together for Excellence","potentialAction":[{"@type":"SearchAction","target":{"@type":"EntryPoint","urlTemplate":"https:\/\/globalallianceregister.com\/tr\/?s={search_term_string}"},"query-input":{"@type":"PropertyValueSpecification","valueRequired":true,"valueName":"search_term_string"}}],"inLanguage":"tr"}]}},"_links":{"self":[{"href":"https:\/\/globalallianceregister.com\/tr\/wp-json\/wp\/v2\/pages\/87","targetHints":{"allow":["GET"]}}],"collection":[{"href":"https:\/\/globalallianceregister.com\/tr\/wp-json\/wp\/v2\/pages"}],"about":[{"href":"https:\/\/globalallianceregister.com\/tr\/wp-json\/wp\/v2\/types\/page"}],"author":[{"embeddable":true,"href":"https:\/\/globalallianceregister.com\/tr\/wp-json\/wp\/v2\/users\/10"}],"replies":[{"embeddable":true,"href":"https:\/\/globalallianceregister.com\/tr\/wp-json\/wp\/v2\/comments?post=87"}],"version-history":[{"count":0,"href":"https:\/\/globalallianceregister.com\/tr\/wp-json\/wp\/v2\/pages\/87\/revisions"}],"up":[{"embeddable":true,"href":"https:\/\/globalallianceregister.com\/tr\/wp-json\/wp\/v2\/pages\/167"}],"wp:featuredmedia":[{"embeddable":true,"href":"https:\/\/globalallianceregister.com\/tr\/wp-json\/wp\/v2\/media\/5131"}],"wp:attachment":[{"href":"https:\/\/globalallianceregister.com\/tr\/wp-json\/wp\/v2\/media?parent=87"}],"curies":[{"name":"wp","href":"https:\/\/api.w.org\/{rel}","templated":true}]}}